{"id":3847,"date":"2023-08-10T08:09:56","date_gmt":"2023-08-10T13:09:56","guid":{"rendered":"https:\/\/powermepronto.com\/?page_id=3847"},"modified":"2023-08-10T08:09:56","modified_gmt":"2023-08-10T13:09:56","slug":"get-no-deposit-electricity-with-a-prosper-prepaid-power-company","status":"publish","type":"page","link":"https:\/\/powermepronto.com\/es\/get-no-deposit-electricity-with-a-prosper-prepaid-power-company\/","title":{"rendered":"Obtenga Electricidad Sin Dep\u00f3sito Con Una Compa\u00f1\u00eda De Energ\u00eda Prepaga de Prosper"},"content":{"rendered":"<p><span style=\"font-weight: 400;\"><\/span><\/p>\n<p>&nbsp;<\/p>\n<p><span style=\"font-weight: 400;\">Pronto Power es su fuente de acceso para electricidad sin dep\u00f3sito en Prosper. Nos esforzamos por ofrecer las tarifas m\u00e1s bajas y las opciones de pago m\u00e1s flexibles en electricidad prepaga en el \u00e1rea. Con Pronto Power, puede estar seguro de que est\u00e1 obteniendo la mejor oferta en electricidad prepaga. Lo mejor de todo es que garantizamos un servicio al cliente r\u00e1pido y amigable en cualquier momento que necesite ayuda.<\/span><\/p>\n<p>&nbsp;<\/p>\n<h2><b>Sin Dep\u00f3sito, Sin Verificaci\u00f3n de Cr\u00e9dito<\/b><\/h2>\n<p><span style=\"font-weight: 400;\">En Pronto Power, hacemos que sea f\u00e1cil obtener la electricidad que necesita sin tener que pasar por aros. Sin dep\u00f3sito, sin verificaci\u00f3n de cr\u00e9dito y sin contrato, puede obtener su energ\u00eda r\u00e1pidamente sin tener que preocuparse por el aumento del costo de la electricidad.<\/span><\/p>\n<p>&nbsp;<\/p>\n<h2><b>Gran Servicio al Cliente<\/b><\/h2>\n<p><span style=\"font-weight: 400;\">En Pronto Power, el servicio al cliente es nuestra principal prioridad. Con nosotros, obtendr\u00e1 una atenci\u00f3n al cliente amigable y personalizada cada vez que busque ayuda. Ya sea que necesite asistencia en l\u00ednea, por tel\u00e9fono o por mensaje de texto, nuestros representantes amables y expertos est\u00e1n aqu\u00ed para ayudarlo.<\/span><\/p>\n<p>&nbsp;<\/p>\n<h2><b>Flexibilidad Inigualable<\/b><\/h2>\n<p><span style=\"font-weight: 400;\">Sus necesidades de electricidad cambian, entonces, \u00bfpor qu\u00e9 su plan de pago debe permanecer igual? Con Pronto Power, puede cambiar de proveedor en cualquier momento que desee, sin tener que quedarse atrapado en un contrato a largo plazo.<\/span><\/p>\n<p>&nbsp;<\/p>\n<h2><b>Ahorre Tiempo y Dinero<\/b><\/h2>\n<p><span style=\"font-weight: 400;\">En Pronto Power, obtendr\u00e1 la electricidad que necesita m\u00e1s r\u00e1pido ya una tarifa m\u00e1s baja que nunca. Con nuestro plan de electricidad sin dep\u00f3sito, sin verificaci\u00f3n de cr\u00e9dito y sin contrato, puede ahorrar tiempo y dinero mientras obtiene la electricidad que necesita.<\/span><\/p>\n<p>&nbsp;<\/p>\n<h2><b>Elimine Las Molestias De La Electricidad<\/b><\/h2>\n<p><span style=\"font-weight: 400;\">En Pronto Power, puede estar seguro de que est\u00e1 obteniendo el mejor plan de electricidad sin dep\u00f3sito, sin verificaci\u00f3n de cr\u00e9dito y sin contrato en Prosper, Texas. Con nuestro excelente servicio al cliente y tarifas inmejorables, le facilitamos obtener la electricidad que necesita sin problemas.<\/span><\/p>\n<p>&nbsp;<\/p>\n<p><span style=\"font-weight: 400;\">En Pronto Power, nos dedicamos a ayudar a nuestros clientes a ahorrar tiempo y dinero sin dejar de obtener la electricidad de calidad que necesitan. Nuestros servicios hacen que sea m\u00e1s f\u00e1cil que nunca obtener la electricidad que necesita sin tener que preocuparse por el aumento de los costos o los compromisos a largo plazo. Comience con Pronto Power hoy y comience a ahorrar sin dep\u00f3sito de electricidad.<\/span><\/p>\n<p>&nbsp;<\/p>","protected":false},"excerpt":{"rendered":"<p>&nbsp; Pronto Power es su fuente de acceso para electricidad sin dep\u00f3sito en Prosper. Nos esforzamos por ofrecer las tarifas m\u00e1s bajas y las opciones de pago m\u00e1s flexibles en electricidad prepaga en el \u00e1rea. Con Pronto Power, puede estar seguro de que est\u00e1 obteniendo la mejor oferta en electricidad prepaga. Lo mejor de todo &hellip; <a href=\"https:\/\/powermepronto.com\/es\/get-no-deposit-electricity-with-a-prosper-prepaid-power-company\/\" class=\"more-link\">Continue reading <span class=\"screen-reader-text\">Obtenga Electricidad Sin Dep\u00f3sito Con Una Compa\u00f1\u00eda De Energ\u00eda Prepaga de Prosper<\/span><\/a><\/p>\n","protected":false},"author":1,"featured_media":0,"parent":0,"menu_order":0,"comment_status":"closed","ping_status":"closed","template":"","meta":{"_acf_changed":false,"_glsr_average":0,"_glsr_ranking":0,"_glsr_reviews":0,"footnotes":"","_links_to":"","_links_to_target":""},"class_list":["post-3847","page","type-page","status-publish","hentry"],"acf":[],"yoast_head":"<!-- This site is optimized with the Yoast SEO plugin v27.4 - https:\/\/yoast.com\/product\/yoast-seo-wordpress\/ -->\n<title>Obtenga Electricidad Sin Dep\u00f3sito Con Una Compa\u00f1\u00eda De Energ\u00eda Prepaga de Prosper - Pronto Power<\/title>\n<meta name=\"robots\" content=\"index, follow, max-snippet:-1, max-image-preview:large, max-video-preview:-1\" \/>\n<link rel=\"canonical\" href=\"https:\/\/powermepronto.com\/get-no-deposit-electricity-with-a-prosper-prepaid-power-company\/\" \/>\n<meta property=\"og:locale\" content=\"es_ES\" \/>\n<meta property=\"og:type\" content=\"article\" \/>\n<meta property=\"og:title\" content=\"[:en]Get No Deposit Electricity with a Prosper Prepaid Power Company[:es]Obtenga Electricidad Sin Dep\u00f3sito Con Una Compa\u00f1\u00eda De Energ\u00eda Prepaga de Prosper[:] - Pronto Power\" \/>\n<meta property=\"og:description\" content=\"&nbsp; Pronto Power es su fuente de acceso para electricidad sin dep\u00f3sito en Prosper. Nos esforzamos por ofrecer las tarifas m\u00e1s bajas y las opciones de pago m\u00e1s flexibles en electricidad prepaga en el \u00e1rea. Con Pronto Power, puede estar seguro de que est\u00e1 obteniendo la mejor oferta en electricidad prepaga. Lo mejor de todo &hellip; Continue reading Obtenga Electricidad Sin Dep\u00f3sito Con Una Compa\u00f1\u00eda De Energ\u00eda Prepaga de Prosper\" \/>\n<meta property=\"og:url\" content=\"https:\/\/powermepronto.com\/get-no-deposit-electricity-with-a-prosper-prepaid-power-company\/\" \/>\n<meta property=\"og:site_name\" content=\"Pronto Power\" \/>\n<meta name=\"twitter:card\" content=\"summary_large_image\" \/>\n<meta name=\"twitter:label1\" content=\"Tiempo de lectura\" \/>\n\t<meta name=\"twitter:data1\" content=\"4 minutos\" \/>\n<script type=\"application\/ld+json\" class=\"yoast-schema-graph\">{\"@context\":\"https:\\\/\\\/schema.org\",\"@graph\":[{\"@type\":\"WebPage\",\"@id\":\"https:\\\/\\\/powermepronto.com\\\/get-no-deposit-electricity-with-a-prosper-prepaid-power-company\\\/\",\"url\":\"https:\\\/\\\/powermepronto.com\\\/get-no-deposit-electricity-with-a-prosper-prepaid-power-company\\\/\",\"name\":\"[:en]Get No Deposit Electricity with a Prosper Prepaid Power Company[:es]Obtenga Electricidad Sin Dep\u00f3sito Con Una Compa\u00f1\u00eda De Energ\u00eda Prepaga de Prosper[:] - Pronto Power\",\"isPartOf\":{\"@id\":\"https:\\\/\\\/powermepronto.com\\\/en\\\/#website\"},\"datePublished\":\"2023-08-10T13:09:56+00:00\",\"breadcrumb\":{\"@id\":\"https:\\\/\\\/powermepronto.com\\\/get-no-deposit-electricity-with-a-prosper-prepaid-power-company\\\/#breadcrumb\"},\"inLanguage\":\"es\",\"potentialAction\":[{\"@type\":\"ReadAction\",\"target\":[\"https:\\\/\\\/powermepronto.com\\\/get-no-deposit-electricity-with-a-prosper-prepaid-power-company\\\/\"]}]},{\"@type\":\"BreadcrumbList\",\"@id\":\"https:\\\/\\\/powermepronto.com\\\/get-no-deposit-electricity-with-a-prosper-prepaid-power-company\\\/#breadcrumb\",\"itemListElement\":[{\"@type\":\"ListItem\",\"position\":1,\"name\":\"Home\",\"item\":\"https:\\\/\\\/powermepronto.com\\\/en\\\/\"},{\"@type\":\"ListItem\",\"position\":2,\"name\":\"Get No Deposit Electricity with a Prosper Prepaid Power Company\"}]},{\"@type\":\"WebSite\",\"@id\":\"https:\\\/\\\/powermepronto.com\\\/en\\\/#website\",\"url\":\"https:\\\/\\\/powermepronto.com\\\/en\\\/\",\"name\":\"Pronto Power\",\"description\":\"\",\"potentialAction\":[{\"@type\":\"SearchAction\",\"target\":{\"@type\":\"EntryPoint\",\"urlTemplate\":\"https:\\\/\\\/powermepronto.com\\\/en\\\/?s={search_term_string}\"},\"query-input\":{\"@type\":\"PropertyValueSpecification\",\"valueRequired\":true,\"valueName\":\"search_term_string\"}}],\"inLanguage\":\"es\"}]}<\/script>\n<!-- \/ Yoast SEO plugin. -->","yoast_head_json":{"title":"[:en]Get No Deposit Electricity with a Prosper Prepaid Power Company[:es]Obtenga Electricidad Sin Dep\u00f3sito Con Una Compa\u00f1\u00eda De Energ\u00eda Prepaga de Prosper[:] - Pronto Power","robots":{"index":"index","follow":"follow","max-snippet":"max-snippet:-1","max-image-preview":"max-image-preview:large","max-video-preview":"max-video-preview:-1"},"canonical":"https:\/\/powermepronto.com\/get-no-deposit-electricity-with-a-prosper-prepaid-power-company\/","og_locale":"es_ES","og_type":"article","og_title":"[:en]Get No Deposit Electricity with a Prosper Prepaid Power Company[:es]Obtenga Electricidad Sin Dep\u00f3sito Con Una Compa\u00f1\u00eda De Energ\u00eda Prepaga de Prosper[:] - Pronto Power","og_description":"&nbsp; Pronto Power es su fuente de acceso para electricidad sin dep\u00f3sito en Prosper. Nos esforzamos por ofrecer las tarifas m\u00e1s bajas y las opciones de pago m\u00e1s flexibles en electricidad prepaga en el \u00e1rea. Con Pronto Power, puede estar seguro de que est\u00e1 obteniendo la mejor oferta en electricidad prepaga. Lo mejor de todo &hellip; Continue reading Obtenga Electricidad Sin Dep\u00f3sito Con Una Compa\u00f1\u00eda De Energ\u00eda Prepaga de Prosper","og_url":"https:\/\/powermepronto.com\/get-no-deposit-electricity-with-a-prosper-prepaid-power-company\/","og_site_name":"Pronto Power","twitter_card":"summary_large_image","twitter_misc":{"Tiempo de lectura":"4 minutos"},"schema":{"@context":"https:\/\/schema.org","@graph":[{"@type":"WebPage","@id":"https:\/\/powermepronto.com\/get-no-deposit-electricity-with-a-prosper-prepaid-power-company\/","url":"https:\/\/powermepronto.com\/get-no-deposit-electricity-with-a-prosper-prepaid-power-company\/","name":"[:en]Get No Deposit Electricity with a Prosper Prepaid Power Company[:es]Obtenga Electricidad Sin Dep\u00f3sito Con Una Compa\u00f1\u00eda De Energ\u00eda Prepaga de Prosper[:] - Pronto Power","isPartOf":{"@id":"https:\/\/powermepronto.com\/en\/#website"},"datePublished":"2023-08-10T13:09:56+00:00","breadcrumb":{"@id":"https:\/\/powermepronto.com\/get-no-deposit-electricity-with-a-prosper-prepaid-power-company\/#breadcrumb"},"inLanguage":"es","potentialAction":[{"@type":"ReadAction","target":["https:\/\/powermepronto.com\/get-no-deposit-electricity-with-a-prosper-prepaid-power-company\/"]}]},{"@type":"BreadcrumbList","@id":"https:\/\/powermepronto.com\/get-no-deposit-electricity-with-a-prosper-prepaid-power-company\/#breadcrumb","itemListElement":[{"@type":"ListItem","position":1,"name":"Home","item":"https:\/\/powermepronto.com\/en\/"},{"@type":"ListItem","position":2,"name":"Get No Deposit Electricity with a Prosper Prepaid Power Company"}]},{"@type":"WebSite","@id":"https:\/\/powermepronto.com\/en\/#website","url":"https:\/\/powermepronto.com\/en\/","name":"Pronto Power","description":"","potentialAction":[{"@type":"SearchAction","target":{"@type":"EntryPoint","urlTemplate":"https:\/\/powermepronto.com\/en\/?s={search_term_string}"},"query-input":{"@type":"PropertyValueSpecification","valueRequired":true,"valueName":"search_term_string"}}],"inLanguage":"es"}]}},"_links":{"self":[{"href":"https:\/\/powermepronto.com\/es\/wp-json\/wp\/v2\/pages\/3847","targetHints":{"allow":["GET"]}}],"collection":[{"href":"https:\/\/powermepronto.com\/es\/wp-json\/wp\/v2\/pages"}],"about":[{"href":"https:\/\/powermepronto.com\/es\/wp-json\/wp\/v2\/types\/page"}],"author":[{"embeddable":true,"href":"https:\/\/powermepronto.com\/es\/wp-json\/wp\/v2\/users\/1"}],"replies":[{"embeddable":true,"href":"https:\/\/powermepronto.com\/es\/wp-json\/wp\/v2\/comments?post=3847"}],"version-history":[{"count":1,"href":"https:\/\/powermepronto.com\/es\/wp-json\/wp\/v2\/pages\/3847\/revisions"}],"predecessor-version":[{"id":3848,"href":"https:\/\/powermepronto.com\/es\/wp-json\/wp\/v2\/pages\/3847\/revisions\/3848"}],"wp:attachment":[{"href":"https:\/\/powermepronto.com\/es\/wp-json\/wp\/v2\/media?parent=3847"}],"curies":[{"name":"wp","href":"https:\/\/api.w.org\/{rel}","templated":true}]}}