{"id":3845,"date":"2023-08-10T08:06:54","date_gmt":"2023-08-10T13:06:54","guid":{"rendered":"https:\/\/powermepronto.com\/?page_id=3845"},"modified":"2023-08-10T08:06:54","modified_gmt":"2023-08-10T13:06:54","slug":"save-money-with-the-cheapest-richardson-prepaid-electricity-rates","status":"publish","type":"page","link":"https:\/\/powermepronto.com\/es\/save-money-with-the-cheapest-richardson-prepaid-electricity-rates\/","title":{"rendered":"Ahorre Dinero Con Las Tarifas De Electricidad Prepagadas De Richardson M\u00e1s Econ\u00f3micas"},"content":{"rendered":"<p><span style=\"font-weight: 400;\"><\/span><\/p>\n<p>&nbsp;<\/p>\n<p><span style=\"font-weight: 400;\">Si usted es residente de Richardson, Texas y busca ahorrar dinero en sus facturas de electricidad, \u00a1est\u00e1 de suerte! Pronto Power ofrece las tarifas de electricidad prepago m\u00e1s baratas del \u00e1rea, ayud\u00e1ndote a ahorrar dinero en tus costos de energ\u00eda.<\/span><\/p>\n<p>&nbsp;<\/p>\n<h2><b>La Electricidad Prepaga M\u00e1s Barata Alrededor<\/b><\/h2>\n<p><span style=\"font-weight: 400;\">Pronto Power es un proveedor de electricidad confiable, sin contrato y sin dep\u00f3sito que brinda a los residentes de Richardson tarifas econ\u00f3micas de electricidad prepaga. Con Pronto Power, obtiene acceso a tarifas de energ\u00eda competitivas sin tener que preocuparse por verificaciones de cr\u00e9dito o quedarse atrapado en un contrato a largo plazo.<\/span><\/p>\n<p>&nbsp;<\/p>\n<h2><b>\u00bfPor Qu\u00e9 Elegir Pronto Power?<\/b><\/h2>\n<p><span style=\"font-weight: 400;\">Pronto Power no solo ofrece precios imbatibles de electricidad, sino que tambi\u00e9n cuenta con una multitud de otros beneficios, que incluyen:<\/span><\/p>\n<ul>\n<li style=\"font-weight: 400;\" aria-level=\"1\"><span style=\"font-weight: 400;\">Sin dep\u00f3sito: Pronto Power elimina la necesidad de dep\u00f3sitos, por lo que puede comenzar a ahorrar dinero ahora.<\/span><\/li>\n<li style=\"font-weight: 400;\" aria-level=\"1\"><span style=\"font-weight: 400;\">Sin verificaci\u00f3n de cr\u00e9dito: no hay necesidad de preocuparse por su calificaci\u00f3n crediticia al registrarse en Pronto Power.<\/span><\/li>\n<li style=\"font-weight: 400;\" aria-level=\"1\"><span style=\"font-weight: 400;\">Sin contratos a largo plazo: puede quedarse tanto tiempo como desee sin compromisos a largo plazo.<\/span><\/li>\n<li style=\"font-weight: 400;\" aria-level=\"1\"><span style=\"font-weight: 400;\">Excelente servicio al cliente: el equipo de Pronto Power est\u00e1 disponible para ayudarlo en l\u00ednea, por tel\u00e9fono o por mensaje de texto.<\/span><\/li>\n<li style=\"font-weight: 400;\" aria-level=\"1\"><span style=\"font-weight: 400;\">Registro f\u00e1cil: puede comenzar con Pronto Power en solo minutos.<\/span><\/li>\n<li style=\"font-weight: 400;\" aria-level=\"1\"><span style=\"font-weight: 400;\">Opciones de pago flexibles: puede pagar en l\u00ednea, por tel\u00e9fono, por mensaje de texto o en persona en una ubicaci\u00f3n de MoneyGram.<\/span><\/li>\n<\/ul>\n<p>&nbsp;<\/p>\n<h2><b>Empieza Ahora<\/b><\/h2>\n<p><span style=\"font-weight: 400;\">Pronto Power es su ventanilla \u00fanica para las tarifas de electricidad prepago m\u00e1s baratas en Richardson, Texas. Cuando se suscribe a Pronto Power, no tiene que preocuparse por dep\u00f3sitos, verificaciones de cr\u00e9dito, contratos a largo plazo o papeleo complicado, simplemente si\u00e9ntese y disfrute de los ahorros. \u00a1Comience a ahorrar con Pronto Power hoy y comience a poner dinero en su bolsillo!<\/span><\/p>\n<p>&nbsp;<\/p>","protected":false},"excerpt":{"rendered":"<p>&nbsp; Si usted es residente de Richardson, Texas y busca ahorrar dinero en sus facturas de electricidad, \u00a1est\u00e1 de suerte! Pronto Power ofrece las tarifas de electricidad prepago m\u00e1s baratas del \u00e1rea, ayud\u00e1ndote a ahorrar dinero en tus costos de energ\u00eda. &nbsp; La Electricidad Prepaga M\u00e1s Barata Alrededor Pronto Power es un proveedor de electricidad &hellip; <a href=\"https:\/\/powermepronto.com\/es\/save-money-with-the-cheapest-richardson-prepaid-electricity-rates\/\" class=\"more-link\">Continue reading <span class=\"screen-reader-text\">Ahorre Dinero Con Las Tarifas De Electricidad Prepagadas De Richardson M\u00e1s Econ\u00f3micas<\/span><\/a><\/p>\n","protected":false},"author":1,"featured_media":0,"parent":0,"menu_order":0,"comment_status":"closed","ping_status":"closed","template":"","meta":{"_acf_changed":false,"_glsr_average":0,"_glsr_ranking":0,"_glsr_reviews":0,"footnotes":"","_links_to":"","_links_to_target":""},"class_list":["post-3845","page","type-page","status-publish","hentry"],"acf":[],"yoast_head":"<!-- This site is optimized with the Yoast SEO plugin v27.5 - https:\/\/yoast.com\/product\/yoast-seo-wordpress\/ -->\n<title>Ahorre Dinero Con Las Tarifas De Electricidad Prepagadas De Richardson M\u00e1s Econ\u00f3micas - Pronto Power<\/title>\n<meta name=\"robots\" content=\"index, follow, max-snippet:-1, max-image-preview:large, max-video-preview:-1\" \/>\n<link rel=\"canonical\" href=\"https:\/\/powermepronto.com\/save-money-with-the-cheapest-richardson-prepaid-electricity-rates\/\" \/>\n<meta property=\"og:locale\" content=\"es_ES\" \/>\n<meta property=\"og:type\" content=\"article\" \/>\n<meta property=\"og:title\" content=\"[:en]Save Money with the Cheapest Richardson Prepaid Electricity Rates[:es]Ahorre Dinero Con Las Tarifas De Electricidad Prepagadas De Richardson M\u00e1s Econ\u00f3micas[:] - Pronto Power\" \/>\n<meta property=\"og:description\" content=\"&nbsp; Si usted es residente de Richardson, Texas y busca ahorrar dinero en sus facturas de electricidad, \u00a1est\u00e1 de suerte! Pronto Power ofrece las tarifas de electricidad prepago m\u00e1s baratas del \u00e1rea, ayud\u00e1ndote a ahorrar dinero en tus costos de energ\u00eda. &nbsp; La Electricidad Prepaga M\u00e1s Barata Alrededor Pronto Power es un proveedor de electricidad &hellip; Continue reading Ahorre Dinero Con Las Tarifas De Electricidad Prepagadas De Richardson M\u00e1s Econ\u00f3micas\" \/>\n<meta property=\"og:url\" content=\"https:\/\/powermepronto.com\/save-money-with-the-cheapest-richardson-prepaid-electricity-rates\/\" \/>\n<meta property=\"og:site_name\" content=\"Pronto Power\" \/>\n<meta name=\"twitter:card\" content=\"summary_large_image\" \/>\n<meta name=\"twitter:label1\" content=\"Tiempo de lectura\" \/>\n\t<meta name=\"twitter:data1\" content=\"3 minutos\" \/>\n<script type=\"application\/ld+json\" class=\"yoast-schema-graph\">{\"@context\":\"https:\\\/\\\/schema.org\",\"@graph\":[{\"@type\":\"WebPage\",\"@id\":\"https:\\\/\\\/powermepronto.com\\\/save-money-with-the-cheapest-richardson-prepaid-electricity-rates\\\/\",\"url\":\"https:\\\/\\\/powermepronto.com\\\/save-money-with-the-cheapest-richardson-prepaid-electricity-rates\\\/\",\"name\":\"[:en]Save Money with the Cheapest Richardson Prepaid Electricity Rates[:es]Ahorre Dinero Con Las Tarifas De Electricidad Prepagadas De Richardson M\u00e1s Econ\u00f3micas[:] - Pronto Power\",\"isPartOf\":{\"@id\":\"https:\\\/\\\/powermepronto.com\\\/en\\\/#website\"},\"datePublished\":\"2023-08-10T13:06:54+00:00\",\"breadcrumb\":{\"@id\":\"https:\\\/\\\/powermepronto.com\\\/save-money-with-the-cheapest-richardson-prepaid-electricity-rates\\\/#breadcrumb\"},\"inLanguage\":\"es\",\"potentialAction\":[{\"@type\":\"ReadAction\",\"target\":[\"https:\\\/\\\/powermepronto.com\\\/save-money-with-the-cheapest-richardson-prepaid-electricity-rates\\\/\"]}]},{\"@type\":\"BreadcrumbList\",\"@id\":\"https:\\\/\\\/powermepronto.com\\\/save-money-with-the-cheapest-richardson-prepaid-electricity-rates\\\/#breadcrumb\",\"itemListElement\":[{\"@type\":\"ListItem\",\"position\":1,\"name\":\"Home\",\"item\":\"https:\\\/\\\/powermepronto.com\\\/en\\\/\"},{\"@type\":\"ListItem\",\"position\":2,\"name\":\"Save Money with the Cheapest Richardson Prepaid Electricity Rates\"}]},{\"@type\":\"WebSite\",\"@id\":\"https:\\\/\\\/powermepronto.com\\\/en\\\/#website\",\"url\":\"https:\\\/\\\/powermepronto.com\\\/en\\\/\",\"name\":\"Pronto Power\",\"description\":\"\",\"potentialAction\":[{\"@type\":\"SearchAction\",\"target\":{\"@type\":\"EntryPoint\",\"urlTemplate\":\"https:\\\/\\\/powermepronto.com\\\/en\\\/?s={search_term_string}\"},\"query-input\":{\"@type\":\"PropertyValueSpecification\",\"valueRequired\":true,\"valueName\":\"search_term_string\"}}],\"inLanguage\":\"es\"}]}<\/script>\n<!-- \/ Yoast SEO plugin. -->","yoast_head_json":{"title":"[:en]Save Money with the Cheapest Richardson Prepaid Electricity Rates[:es]Ahorre Dinero Con Las Tarifas De Electricidad Prepagadas De Richardson M\u00e1s Econ\u00f3micas[:] - Pronto Power","robots":{"index":"index","follow":"follow","max-snippet":"max-snippet:-1","max-image-preview":"max-image-preview:large","max-video-preview":"max-video-preview:-1"},"canonical":"https:\/\/powermepronto.com\/save-money-with-the-cheapest-richardson-prepaid-electricity-rates\/","og_locale":"es_ES","og_type":"article","og_title":"[:en]Save Money with the Cheapest Richardson Prepaid Electricity Rates[:es]Ahorre Dinero Con Las Tarifas De Electricidad Prepagadas De Richardson M\u00e1s Econ\u00f3micas[:] - Pronto Power","og_description":"&nbsp; Si usted es residente de Richardson, Texas y busca ahorrar dinero en sus facturas de electricidad, \u00a1est\u00e1 de suerte! Pronto Power ofrece las tarifas de electricidad prepago m\u00e1s baratas del \u00e1rea, ayud\u00e1ndote a ahorrar dinero en tus costos de energ\u00eda. &nbsp; La Electricidad Prepaga M\u00e1s Barata Alrededor Pronto Power es un proveedor de electricidad &hellip; Continue reading Ahorre Dinero Con Las Tarifas De Electricidad Prepagadas De Richardson M\u00e1s Econ\u00f3micas","og_url":"https:\/\/powermepronto.com\/save-money-with-the-cheapest-richardson-prepaid-electricity-rates\/","og_site_name":"Pronto Power","twitter_card":"summary_large_image","twitter_misc":{"Tiempo de lectura":"3 minutos"},"schema":{"@context":"https:\/\/schema.org","@graph":[{"@type":"WebPage","@id":"https:\/\/powermepronto.com\/save-money-with-the-cheapest-richardson-prepaid-electricity-rates\/","url":"https:\/\/powermepronto.com\/save-money-with-the-cheapest-richardson-prepaid-electricity-rates\/","name":"[:en]Save Money with the Cheapest Richardson Prepaid Electricity Rates[:es]Ahorre Dinero Con Las Tarifas De Electricidad Prepagadas De Richardson M\u00e1s Econ\u00f3micas[:] - Pronto Power","isPartOf":{"@id":"https:\/\/powermepronto.com\/en\/#website"},"datePublished":"2023-08-10T13:06:54+00:00","breadcrumb":{"@id":"https:\/\/powermepronto.com\/save-money-with-the-cheapest-richardson-prepaid-electricity-rates\/#breadcrumb"},"inLanguage":"es","potentialAction":[{"@type":"ReadAction","target":["https:\/\/powermepronto.com\/save-money-with-the-cheapest-richardson-prepaid-electricity-rates\/"]}]},{"@type":"BreadcrumbList","@id":"https:\/\/powermepronto.com\/save-money-with-the-cheapest-richardson-prepaid-electricity-rates\/#breadcrumb","itemListElement":[{"@type":"ListItem","position":1,"name":"Home","item":"https:\/\/powermepronto.com\/en\/"},{"@type":"ListItem","position":2,"name":"Save Money with the Cheapest Richardson Prepaid Electricity Rates"}]},{"@type":"WebSite","@id":"https:\/\/powermepronto.com\/en\/#website","url":"https:\/\/powermepronto.com\/en\/","name":"Pronto Power","description":"","potentialAction":[{"@type":"SearchAction","target":{"@type":"EntryPoint","urlTemplate":"https:\/\/powermepronto.com\/en\/?s={search_term_string}"},"query-input":{"@type":"PropertyValueSpecification","valueRequired":true,"valueName":"search_term_string"}}],"inLanguage":"es"}]}},"_links":{"self":[{"href":"https:\/\/powermepronto.com\/es\/wp-json\/wp\/v2\/pages\/3845","targetHints":{"allow":["GET"]}}],"collection":[{"href":"https:\/\/powermepronto.com\/es\/wp-json\/wp\/v2\/pages"}],"about":[{"href":"https:\/\/powermepronto.com\/es\/wp-json\/wp\/v2\/types\/page"}],"author":[{"embeddable":true,"href":"https:\/\/powermepronto.com\/es\/wp-json\/wp\/v2\/users\/1"}],"replies":[{"embeddable":true,"href":"https:\/\/powermepronto.com\/es\/wp-json\/wp\/v2\/comments?post=3845"}],"version-history":[{"count":1,"href":"https:\/\/powermepronto.com\/es\/wp-json\/wp\/v2\/pages\/3845\/revisions"}],"predecessor-version":[{"id":3846,"href":"https:\/\/powermepronto.com\/es\/wp-json\/wp\/v2\/pages\/3845\/revisions\/3846"}],"wp:attachment":[{"href":"https:\/\/powermepronto.com\/es\/wp-json\/wp\/v2\/media?parent=3845"}],"curies":[{"name":"wp","href":"https:\/\/api.w.org\/{rel}","templated":true}]}}