{"id":3843,"date":"2023-08-10T08:03:53","date_gmt":"2023-08-10T13:03:53","guid":{"rendered":"https:\/\/powermepronto.com\/?page_id=3843"},"modified":"2023-08-10T08:03:53","modified_gmt":"2023-08-10T13:03:53","slug":"switch-to-the-princeton-prepaid-power-company-with-the-cheapest-rates","status":"publish","type":"page","link":"https:\/\/powermepronto.com\/es\/switch-to-the-princeton-prepaid-power-company-with-the-cheapest-rates\/","title":{"rendered":"C\u00e1mbiese a Princeton Prepaid Power Company Con Las Tarifas M\u00e1s Econ\u00f3micas"},"content":{"rendered":"<p class=\"p1\"><\/p>\n<p><span style=\"font-weight: 400;\">\u00bfEst\u00e1 buscando cambiar su proveedor de energ\u00eda pero se ha desanimado por los precios o los contratos involucrados? Considere cambiarse a Pronto Power, la compa\u00f1\u00eda de energ\u00eda prepaga de Princeton con algunas de las tarifas m\u00e1s econ\u00f3micas de Texas.<\/span><\/p>\n<h2><b>Presentamos Pronto Power<\/b><\/h2>\n<p><span style=\"font-weight: 400;\">Pronto Power es una compa\u00f1\u00eda de energ\u00eda prepaga que ofrece electricidad en Texas sin la molestia de un contrato, un dep\u00f3sito, una verificaci\u00f3n de cr\u00e9dito o un largo proceso de registro. Nuestros clientes se benefician de un excelente servicio al cliente, respuestas r\u00e1pidas a cualquier consulta y precios inmejorables.<\/span><\/p>\n<h2><b>Sin Dep\u00f3sito Y Sin Contrato<\/b><\/h2>\n<p><span style=\"font-weight: 400;\">Entendemos que los grandes dep\u00f3sitos y los contratos vinculantes pueden ser un gran obst\u00e1culo cuando no tiene el tiempo o el dinero para comprometerse de manera segura. Es por eso que ofrecemos a nuestros clientes un enfoque de energ\u00eda sin dep\u00f3sito ni contrato.<\/span><\/p>\n<h2><b>Sin Verificaci\u00f3n De Cr\u00e9dito<\/b><\/h2>\n<p><span style=\"font-weight: 400;\">En Pronto Power, sabemos que su cr\u00e9dito no cuenta la historia completa. Es por eso que pedir una verificaci\u00f3n de cr\u00e9dito est\u00e1 fuera de la mesa; de todos modos, no la necesitamos. Con nosotros, el proceso de registro ya no es un compromiso: solo unos minutos de su tiempo, un proceso simple y listo.<\/span><\/p>\n<h2><b>Los Mejores Precios En Texas<\/b><\/h2>\n<p><span style=\"font-weight: 400;\">Pronto Power no solo est\u00e1 aqu\u00ed para facilitarle la vida al ofrecer un proceso de registro m\u00e1s sencillo que el de la competencia. Nuestras tarifas tambi\u00e9n son imbatibles. As\u00ed es; puede disfrutar de las tarifas m\u00e1s econ\u00f3micas en Texas sin facturas costosas. Visite nuestro sitio web para obtener m\u00e1s detalles sobre nuestra garant\u00eda de tarifa competitiva.<\/span><\/p>\n<h2><b>Gran Servicio Al Cliente<\/b><\/h2>\n<p><span style=\"font-weight: 400;\">Sabemos que se trata de algo m\u00e1s que los precios; es por eso que ofrecemos un excelente servicio al cliente a nuestra creciente base de clientes. Ya sea por tel\u00e9fono, en l\u00ednea o mediante mensajes de texto, nuestro equipo siempre est\u00e1 disponible para responder sus preguntas.<\/span><\/p>\n<p class=\"p1\">\n<p><span style=\"font-weight: 400;\">\u00bfEst\u00e1s listo para registrarte? En Pronto Power, nuestro proceso de registro es muy f\u00e1cil; no le haremos perder el tiempo con tediosos tr\u00e1mites o contratos. Todo lo que necesita es llamar o completar una solicitud en l\u00ednea y nosotros nos encargaremos del resto. \u00a1Con\u00e9ctese hoy y comience a beneficiarse de las tarifas m\u00e1s bajas y un excelente servicio al cliente!<\/span><\/p>\n<p class=\"p1\"><\/p>","protected":false},"excerpt":{"rendered":"<p>\u00bfEst\u00e1 buscando cambiar su proveedor de energ\u00eda pero se ha desanimado por los precios o los contratos involucrados? Considere cambiarse a Pronto Power, la compa\u00f1\u00eda de energ\u00eda prepaga de Princeton con algunas de las tarifas m\u00e1s econ\u00f3micas de Texas. Presentamos Pronto Power Pronto Power es una compa\u00f1\u00eda de energ\u00eda prepaga que ofrece electricidad en Texas &hellip; <a href=\"https:\/\/powermepronto.com\/es\/switch-to-the-princeton-prepaid-power-company-with-the-cheapest-rates\/\" class=\"more-link\">Continue reading <span class=\"screen-reader-text\">C\u00e1mbiese a Princeton Prepaid Power Company Con Las Tarifas M\u00e1s Econ\u00f3micas<\/span><\/a><\/p>\n","protected":false},"author":1,"featured_media":0,"parent":0,"menu_order":0,"comment_status":"closed","ping_status":"closed","template":"","meta":{"_acf_changed":false,"_glsr_average":0,"_glsr_ranking":0,"_glsr_reviews":0,"footnotes":"","_links_to":"","_links_to_target":""},"class_list":["post-3843","page","type-page","status-publish","hentry"],"acf":[],"yoast_head":"<!-- This site is optimized with the Yoast SEO plugin v27.4 - https:\/\/yoast.com\/product\/yoast-seo-wordpress\/ -->\n<title>C\u00e1mbiese a Princeton Prepaid Power Company Con Las Tarifas M\u00e1s Econ\u00f3micas - Pronto Power<\/title>\n<meta name=\"robots\" content=\"index, follow, max-snippet:-1, max-image-preview:large, max-video-preview:-1\" \/>\n<link rel=\"canonical\" href=\"https:\/\/powermepronto.com\/switch-to-the-princeton-prepaid-power-company-with-the-cheapest-rates\/\" \/>\n<meta property=\"og:locale\" content=\"es_ES\" \/>\n<meta property=\"og:type\" content=\"article\" \/>\n<meta property=\"og:title\" content=\"[:en]Switch to the Princeton Prepaid Power Company with the Cheapest Rates[:es]C\u00e1mbiese a Princeton Prepaid Power Company Con Las Tarifas M\u00e1s Econ\u00f3micas[:] - Pronto Power\" \/>\n<meta property=\"og:description\" content=\"\u00bfEst\u00e1 buscando cambiar su proveedor de energ\u00eda pero se ha desanimado por los precios o los contratos involucrados? Considere cambiarse a Pronto Power, la compa\u00f1\u00eda de energ\u00eda prepaga de Princeton con algunas de las tarifas m\u00e1s econ\u00f3micas de Texas. Presentamos Pronto Power Pronto Power es una compa\u00f1\u00eda de energ\u00eda prepaga que ofrece electricidad en Texas &hellip; Continue reading C\u00e1mbiese a Princeton Prepaid Power Company Con Las Tarifas M\u00e1s Econ\u00f3micas\" \/>\n<meta property=\"og:url\" content=\"https:\/\/powermepronto.com\/switch-to-the-princeton-prepaid-power-company-with-the-cheapest-rates\/\" \/>\n<meta property=\"og:site_name\" content=\"Pronto Power\" \/>\n<meta name=\"twitter:card\" content=\"summary_large_image\" \/>\n<meta name=\"twitter:label1\" content=\"Tiempo de lectura\" \/>\n\t<meta name=\"twitter:data1\" content=\"4 minutos\" \/>\n<script type=\"application\/ld+json\" class=\"yoast-schema-graph\">{\"@context\":\"https:\\\/\\\/schema.org\",\"@graph\":[{\"@type\":\"WebPage\",\"@id\":\"https:\\\/\\\/powermepronto.com\\\/switch-to-the-princeton-prepaid-power-company-with-the-cheapest-rates\\\/\",\"url\":\"https:\\\/\\\/powermepronto.com\\\/switch-to-the-princeton-prepaid-power-company-with-the-cheapest-rates\\\/\",\"name\":\"[:en]Switch to the Princeton Prepaid Power Company with the Cheapest Rates[:es]C\u00e1mbiese a Princeton Prepaid Power Company Con Las Tarifas M\u00e1s Econ\u00f3micas[:] - Pronto Power\",\"isPartOf\":{\"@id\":\"https:\\\/\\\/powermepronto.com\\\/en\\\/#website\"},\"datePublished\":\"2023-08-10T13:03:53+00:00\",\"breadcrumb\":{\"@id\":\"https:\\\/\\\/powermepronto.com\\\/switch-to-the-princeton-prepaid-power-company-with-the-cheapest-rates\\\/#breadcrumb\"},\"inLanguage\":\"es\",\"potentialAction\":[{\"@type\":\"ReadAction\",\"target\":[\"https:\\\/\\\/powermepronto.com\\\/switch-to-the-princeton-prepaid-power-company-with-the-cheapest-rates\\\/\"]}]},{\"@type\":\"BreadcrumbList\",\"@id\":\"https:\\\/\\\/powermepronto.com\\\/switch-to-the-princeton-prepaid-power-company-with-the-cheapest-rates\\\/#breadcrumb\",\"itemListElement\":[{\"@type\":\"ListItem\",\"position\":1,\"name\":\"Home\",\"item\":\"https:\\\/\\\/powermepronto.com\\\/en\\\/\"},{\"@type\":\"ListItem\",\"position\":2,\"name\":\"Switch to the Princeton Prepaid Power Company with the Cheapest Rates\"}]},{\"@type\":\"WebSite\",\"@id\":\"https:\\\/\\\/powermepronto.com\\\/en\\\/#website\",\"url\":\"https:\\\/\\\/powermepronto.com\\\/en\\\/\",\"name\":\"Pronto Power\",\"description\":\"\",\"potentialAction\":[{\"@type\":\"SearchAction\",\"target\":{\"@type\":\"EntryPoint\",\"urlTemplate\":\"https:\\\/\\\/powermepronto.com\\\/en\\\/?s={search_term_string}\"},\"query-input\":{\"@type\":\"PropertyValueSpecification\",\"valueRequired\":true,\"valueName\":\"search_term_string\"}}],\"inLanguage\":\"es\"}]}<\/script>\n<!-- \/ Yoast SEO plugin. -->","yoast_head_json":{"title":"[:en]Switch to the Princeton Prepaid Power Company with the Cheapest Rates[:es]C\u00e1mbiese a Princeton Prepaid Power Company Con Las Tarifas M\u00e1s Econ\u00f3micas[:] - Pronto Power","robots":{"index":"index","follow":"follow","max-snippet":"max-snippet:-1","max-image-preview":"max-image-preview:large","max-video-preview":"max-video-preview:-1"},"canonical":"https:\/\/powermepronto.com\/switch-to-the-princeton-prepaid-power-company-with-the-cheapest-rates\/","og_locale":"es_ES","og_type":"article","og_title":"[:en]Switch to the Princeton Prepaid Power Company with the Cheapest Rates[:es]C\u00e1mbiese a Princeton Prepaid Power Company Con Las Tarifas M\u00e1s Econ\u00f3micas[:] - Pronto Power","og_description":"\u00bfEst\u00e1 buscando cambiar su proveedor de energ\u00eda pero se ha desanimado por los precios o los contratos involucrados? Considere cambiarse a Pronto Power, la compa\u00f1\u00eda de energ\u00eda prepaga de Princeton con algunas de las tarifas m\u00e1s econ\u00f3micas de Texas. Presentamos Pronto Power Pronto Power es una compa\u00f1\u00eda de energ\u00eda prepaga que ofrece electricidad en Texas &hellip; Continue reading C\u00e1mbiese a Princeton Prepaid Power Company Con Las Tarifas M\u00e1s Econ\u00f3micas","og_url":"https:\/\/powermepronto.com\/switch-to-the-princeton-prepaid-power-company-with-the-cheapest-rates\/","og_site_name":"Pronto Power","twitter_card":"summary_large_image","twitter_misc":{"Tiempo de lectura":"4 minutos"},"schema":{"@context":"https:\/\/schema.org","@graph":[{"@type":"WebPage","@id":"https:\/\/powermepronto.com\/switch-to-the-princeton-prepaid-power-company-with-the-cheapest-rates\/","url":"https:\/\/powermepronto.com\/switch-to-the-princeton-prepaid-power-company-with-the-cheapest-rates\/","name":"[:en]Switch to the Princeton Prepaid Power Company with the Cheapest Rates[:es]C\u00e1mbiese a Princeton Prepaid Power Company Con Las Tarifas M\u00e1s Econ\u00f3micas[:] - Pronto Power","isPartOf":{"@id":"https:\/\/powermepronto.com\/en\/#website"},"datePublished":"2023-08-10T13:03:53+00:00","breadcrumb":{"@id":"https:\/\/powermepronto.com\/switch-to-the-princeton-prepaid-power-company-with-the-cheapest-rates\/#breadcrumb"},"inLanguage":"es","potentialAction":[{"@type":"ReadAction","target":["https:\/\/powermepronto.com\/switch-to-the-princeton-prepaid-power-company-with-the-cheapest-rates\/"]}]},{"@type":"BreadcrumbList","@id":"https:\/\/powermepronto.com\/switch-to-the-princeton-prepaid-power-company-with-the-cheapest-rates\/#breadcrumb","itemListElement":[{"@type":"ListItem","position":1,"name":"Home","item":"https:\/\/powermepronto.com\/en\/"},{"@type":"ListItem","position":2,"name":"Switch to the Princeton Prepaid Power Company with the Cheapest Rates"}]},{"@type":"WebSite","@id":"https:\/\/powermepronto.com\/en\/#website","url":"https:\/\/powermepronto.com\/en\/","name":"Pronto Power","description":"","potentialAction":[{"@type":"SearchAction","target":{"@type":"EntryPoint","urlTemplate":"https:\/\/powermepronto.com\/en\/?s={search_term_string}"},"query-input":{"@type":"PropertyValueSpecification","valueRequired":true,"valueName":"search_term_string"}}],"inLanguage":"es"}]}},"_links":{"self":[{"href":"https:\/\/powermepronto.com\/es\/wp-json\/wp\/v2\/pages\/3843","targetHints":{"allow":["GET"]}}],"collection":[{"href":"https:\/\/powermepronto.com\/es\/wp-json\/wp\/v2\/pages"}],"about":[{"href":"https:\/\/powermepronto.com\/es\/wp-json\/wp\/v2\/types\/page"}],"author":[{"embeddable":true,"href":"https:\/\/powermepronto.com\/es\/wp-json\/wp\/v2\/users\/1"}],"replies":[{"embeddable":true,"href":"https:\/\/powermepronto.com\/es\/wp-json\/wp\/v2\/comments?post=3843"}],"version-history":[{"count":1,"href":"https:\/\/powermepronto.com\/es\/wp-json\/wp\/v2\/pages\/3843\/revisions"}],"predecessor-version":[{"id":3844,"href":"https:\/\/powermepronto.com\/es\/wp-json\/wp\/v2\/pages\/3843\/revisions\/3844"}],"wp:attachment":[{"href":"https:\/\/powermepronto.com\/es\/wp-json\/wp\/v2\/media?parent=3843"}],"curies":[{"name":"wp","href":"https:\/\/api.w.org\/{rel}","templated":true}]}}