{"id":3814,"date":"2023-07-14T08:24:16","date_gmt":"2023-07-14T13:24:16","guid":{"rendered":"https:\/\/powermepronto.com\/?page_id=3814"},"modified":"2023-07-14T08:24:16","modified_gmt":"2023-07-14T13:24:16","slug":"get-the-cheapest-allen-no-deposit-electricity-around","status":"publish","type":"page","link":"https:\/\/powermepronto.com\/es\/get-the-cheapest-allen-no-deposit-electricity-around\/","title":{"rendered":"Obtenga La Electricidad Sin Dep\u00f3sito M\u00e1s Barata de Allen"},"content":{"rendered":"<p class=\"p1\"><\/p>\n<p><span style=\"font-weight: 400;\">\u00bfEst\u00e1 buscando un proveedor de electricidad con tarifas econ\u00f3micas que no requiera un dep\u00f3sito para registrarse? Pronto Power es la soluci\u00f3n perfecta para usted.<\/span><\/p>\n<h2><b>Sin Dep\u00f3sito y Sin Verificaci\u00f3n de Cr\u00e9dito<\/b><\/h2>\n<p><span style=\"font-weight: 400;\">No tiene que preocuparse por los costosos dep\u00f3sitos requeridos para los servicios de electricidad con Pronto Power. Contratar tu plan de luz con Pronto Power es f\u00e1cil y econ\u00f3mico. Lo mejor de todo es que ofrecen planes sin dep\u00f3sito y sin verificaci\u00f3n de cr\u00e9dito, \u00a1as\u00ed que puede comenzar a usar energ\u00eda de inmediato!<\/span><\/p>\n<h2><b>Opciones de Pago F\u00e1ciles<\/b><\/h2>\n<p><span style=\"font-weight: 400;\">Pronto Power hace que el proceso de cambio de proveedor de electricidad sea simple y sin complicaciones. Con Pronto Power, no hay necesidad de comprar costosas tarjetas prepagas por correo; puede registrarse f\u00e1cilmente en l\u00ednea. \u00a1Disfrute de la electricidad con un sistema de pago en l\u00ednea f\u00e1cil de usar que le permite ver y pagar su factura en minutos!<\/span><\/p>\n<h2><b>Sin Cuotas Escondidas<\/b><\/h2>\n<p><span style=\"font-weight: 400;\">Como cliente de Pronto Power, no tiene que preocuparse por pagar cargos por mora, cargos por uso u otros cargos adicionales. El poder de la electricidad sin dep\u00f3sito de Allen garantiza que no tendr\u00e1 que pagar ninguna tarifa o dep\u00f3sito de su bolsillo para mantener su electricidad.<\/span><\/p>\n<h2><b>Planes de Pago Diferido<\/b><\/h2>\n<p><span style=\"font-weight: 400;\">Si experimenta una situaci\u00f3n temporal en la que necesita m\u00e1s tiempo para pagar su factura de electricidad, Pronto Power tambi\u00e9n ofrece planes de pago diferido. Con opciones de pago flexibles, puede relajarse sabiendo que no tiene que preocuparse por quedarse sin electricidad repentinamente. Adem\u00e1s, Pronto Power le brinda los recursos para controlar su consumo de electricidad todos los meses.<\/span><\/p>\n<p><span style=\"font-weight: 400;\">Pronto Power facilita la obtenci\u00f3n de energ\u00eda el\u00e9ctrica sin necesidad de dep\u00f3sito. Para explorar nuestra gama completa de planes y tarifas de electricidad, visite nuestro sitio web o comun\u00edquese con nuestro amigable equipo de servicio al cliente. Sin dep\u00f3sitos de los que preocuparse, puede disfrutar de los muchos beneficios de la electricidad asequible. \u00a1Obtenga su conexi\u00f3n de electricidad hoy y comience a ahorrar dinero con la electricidad sin dep\u00f3sito de Allen!<\/span><\/p>\n<p class=\"p1\"><\/p>","protected":false},"excerpt":{"rendered":"<p>\u00bfEst\u00e1 buscando un proveedor de electricidad con tarifas econ\u00f3micas que no requiera un dep\u00f3sito para registrarse? Pronto Power es la soluci\u00f3n perfecta para usted. Sin Dep\u00f3sito y Sin Verificaci\u00f3n de Cr\u00e9dito No tiene que preocuparse por los costosos dep\u00f3sitos requeridos para los servicios de electricidad con Pronto Power. Contratar tu plan de luz con Pronto &hellip; <a href=\"https:\/\/powermepronto.com\/es\/get-the-cheapest-allen-no-deposit-electricity-around\/\" class=\"more-link\">Continue reading <span class=\"screen-reader-text\">Obtenga La Electricidad Sin Dep\u00f3sito M\u00e1s Barata de Allen<\/span><\/a><\/p>\n","protected":false},"author":1,"featured_media":0,"parent":0,"menu_order":0,"comment_status":"closed","ping_status":"closed","template":"","meta":{"_acf_changed":false,"_glsr_average":0,"_glsr_ranking":0,"_glsr_reviews":0,"footnotes":"","_links_to":"","_links_to_target":""},"class_list":["post-3814","page","type-page","status-publish","hentry"],"acf":[],"yoast_head":"<!-- This site is optimized with the Yoast SEO plugin v27.4 - https:\/\/yoast.com\/product\/yoast-seo-wordpress\/ -->\n<title>Obtenga La Electricidad Sin Dep\u00f3sito M\u00e1s Barata de Allen - Pronto Power<\/title>\n<meta name=\"description\" content=\"Get your electricity connection today, and start saving money with Allen no deposit electricity!\" \/>\n<meta name=\"robots\" content=\"index, follow, max-snippet:-1, max-image-preview:large, max-video-preview:-1\" \/>\n<link rel=\"canonical\" href=\"https:\/\/powermepronto.com\/get-the-cheapest-allen-no-deposit-electricity-around\/\" \/>\n<meta property=\"og:locale\" content=\"es_ES\" \/>\n<meta property=\"og:type\" content=\"article\" \/>\n<meta property=\"og:title\" content=\"[:en]Get the Cheapest Allen No Deposit Electricity Around[:es]Obtenga La Electricidad Sin Dep\u00f3sito M\u00e1s Barata de Allen[:] - Pronto Power\" \/>\n<meta property=\"og:description\" content=\"Get your electricity connection today, and start saving money with Allen no deposit electricity!\" \/>\n<meta property=\"og:url\" content=\"https:\/\/powermepronto.com\/get-the-cheapest-allen-no-deposit-electricity-around\/\" \/>\n<meta property=\"og:site_name\" content=\"Pronto Power\" \/>\n<meta name=\"twitter:card\" content=\"summary_large_image\" \/>\n<meta name=\"twitter:label1\" content=\"Tiempo de lectura\" \/>\n\t<meta name=\"twitter:data1\" content=\"3 minutos\" \/>\n<script type=\"application\/ld+json\" class=\"yoast-schema-graph\">{\"@context\":\"https:\\\/\\\/schema.org\",\"@graph\":[{\"@type\":\"WebPage\",\"@id\":\"https:\\\/\\\/powermepronto.com\\\/get-the-cheapest-allen-no-deposit-electricity-around\\\/\",\"url\":\"https:\\\/\\\/powermepronto.com\\\/get-the-cheapest-allen-no-deposit-electricity-around\\\/\",\"name\":\"[:en]Get the Cheapest Allen No Deposit Electricity Around[:es]Obtenga La Electricidad Sin Dep\u00f3sito M\u00e1s Barata de Allen[:] - Pronto Power\",\"isPartOf\":{\"@id\":\"https:\\\/\\\/powermepronto.com\\\/en\\\/#website\"},\"datePublished\":\"2023-07-14T13:24:16+00:00\",\"description\":\"Get your electricity connection today, and start saving money with Allen no deposit electricity!\",\"breadcrumb\":{\"@id\":\"https:\\\/\\\/powermepronto.com\\\/get-the-cheapest-allen-no-deposit-electricity-around\\\/#breadcrumb\"},\"inLanguage\":\"es\",\"potentialAction\":[{\"@type\":\"ReadAction\",\"target\":[\"https:\\\/\\\/powermepronto.com\\\/get-the-cheapest-allen-no-deposit-electricity-around\\\/\"]}]},{\"@type\":\"BreadcrumbList\",\"@id\":\"https:\\\/\\\/powermepronto.com\\\/get-the-cheapest-allen-no-deposit-electricity-around\\\/#breadcrumb\",\"itemListElement\":[{\"@type\":\"ListItem\",\"position\":1,\"name\":\"Home\",\"item\":\"https:\\\/\\\/powermepronto.com\\\/en\\\/\"},{\"@type\":\"ListItem\",\"position\":2,\"name\":\"Get the Cheapest Allen No Deposit Electricity Around\"}]},{\"@type\":\"WebSite\",\"@id\":\"https:\\\/\\\/powermepronto.com\\\/en\\\/#website\",\"url\":\"https:\\\/\\\/powermepronto.com\\\/en\\\/\",\"name\":\"Pronto Power\",\"description\":\"\",\"potentialAction\":[{\"@type\":\"SearchAction\",\"target\":{\"@type\":\"EntryPoint\",\"urlTemplate\":\"https:\\\/\\\/powermepronto.com\\\/en\\\/?s={search_term_string}\"},\"query-input\":{\"@type\":\"PropertyValueSpecification\",\"valueRequired\":true,\"valueName\":\"search_term_string\"}}],\"inLanguage\":\"es\"}]}<\/script>\n<!-- \/ Yoast SEO plugin. -->","yoast_head_json":{"title":"[:en]Get the Cheapest Allen No Deposit Electricity Around[:es]Obtenga La Electricidad Sin Dep\u00f3sito M\u00e1s Barata de Allen[:] - Pronto Power","description":"Get your electricity connection today, and start saving money with Allen no deposit electricity!","robots":{"index":"index","follow":"follow","max-snippet":"max-snippet:-1","max-image-preview":"max-image-preview:large","max-video-preview":"max-video-preview:-1"},"canonical":"https:\/\/powermepronto.com\/get-the-cheapest-allen-no-deposit-electricity-around\/","og_locale":"es_ES","og_type":"article","og_title":"[:en]Get the Cheapest Allen No Deposit Electricity Around[:es]Obtenga La Electricidad Sin Dep\u00f3sito M\u00e1s Barata de Allen[:] - Pronto Power","og_description":"Get your electricity connection today, and start saving money with Allen no deposit electricity!","og_url":"https:\/\/powermepronto.com\/get-the-cheapest-allen-no-deposit-electricity-around\/","og_site_name":"Pronto Power","twitter_card":"summary_large_image","twitter_misc":{"Tiempo de lectura":"3 minutos"},"schema":{"@context":"https:\/\/schema.org","@graph":[{"@type":"WebPage","@id":"https:\/\/powermepronto.com\/get-the-cheapest-allen-no-deposit-electricity-around\/","url":"https:\/\/powermepronto.com\/get-the-cheapest-allen-no-deposit-electricity-around\/","name":"[:en]Get the Cheapest Allen No Deposit Electricity Around[:es]Obtenga La Electricidad Sin Dep\u00f3sito M\u00e1s Barata de Allen[:] - Pronto Power","isPartOf":{"@id":"https:\/\/powermepronto.com\/en\/#website"},"datePublished":"2023-07-14T13:24:16+00:00","description":"Get your electricity connection today, and start saving money with Allen no deposit electricity!","breadcrumb":{"@id":"https:\/\/powermepronto.com\/get-the-cheapest-allen-no-deposit-electricity-around\/#breadcrumb"},"inLanguage":"es","potentialAction":[{"@type":"ReadAction","target":["https:\/\/powermepronto.com\/get-the-cheapest-allen-no-deposit-electricity-around\/"]}]},{"@type":"BreadcrumbList","@id":"https:\/\/powermepronto.com\/get-the-cheapest-allen-no-deposit-electricity-around\/#breadcrumb","itemListElement":[{"@type":"ListItem","position":1,"name":"Home","item":"https:\/\/powermepronto.com\/en\/"},{"@type":"ListItem","position":2,"name":"Get the Cheapest Allen No Deposit Electricity Around"}]},{"@type":"WebSite","@id":"https:\/\/powermepronto.com\/en\/#website","url":"https:\/\/powermepronto.com\/en\/","name":"Pronto Power","description":"","potentialAction":[{"@type":"SearchAction","target":{"@type":"EntryPoint","urlTemplate":"https:\/\/powermepronto.com\/en\/?s={search_term_string}"},"query-input":{"@type":"PropertyValueSpecification","valueRequired":true,"valueName":"search_term_string"}}],"inLanguage":"es"}]}},"_links":{"self":[{"href":"https:\/\/powermepronto.com\/es\/wp-json\/wp\/v2\/pages\/3814","targetHints":{"allow":["GET"]}}],"collection":[{"href":"https:\/\/powermepronto.com\/es\/wp-json\/wp\/v2\/pages"}],"about":[{"href":"https:\/\/powermepronto.com\/es\/wp-json\/wp\/v2\/types\/page"}],"author":[{"embeddable":true,"href":"https:\/\/powermepronto.com\/es\/wp-json\/wp\/v2\/users\/1"}],"replies":[{"embeddable":true,"href":"https:\/\/powermepronto.com\/es\/wp-json\/wp\/v2\/comments?post=3814"}],"version-history":[{"count":1,"href":"https:\/\/powermepronto.com\/es\/wp-json\/wp\/v2\/pages\/3814\/revisions"}],"predecessor-version":[{"id":3815,"href":"https:\/\/powermepronto.com\/es\/wp-json\/wp\/v2\/pages\/3814\/revisions\/3815"}],"wp:attachment":[{"href":"https:\/\/powermepronto.com\/es\/wp-json\/wp\/v2\/media?parent=3814"}],"curies":[{"name":"wp","href":"https:\/\/api.w.org\/{rel}","templated":true}]}}