{"id":3812,"date":"2023-07-14T08:20:07","date_gmt":"2023-07-14T13:20:07","guid":{"rendered":"https:\/\/powermepronto.com\/?page_id=3812"},"modified":"2023-07-14T08:20:07","modified_gmt":"2023-07-14T13:20:07","slug":"get-the-cheapest-mckinney-prepaid-electricity-with-no-credit-checks","status":"publish","type":"page","link":"https:\/\/powermepronto.com\/es\/get-the-cheapest-mckinney-prepaid-electricity-with-no-credit-checks\/","title":{"rendered":"Obtenga Electricidad Prepaga Sin Verificaci\u00f3n de Cr\u00e9dito M\u00e1s Barata de McKinney"},"content":{"rendered":"<p class=\"p1\"><\/p>\n<p><span style=\"font-weight: 400;\">Cuando busca una nueva compa\u00f1\u00eda el\u00e9ctrica en McKinney, entendemos que lo primero que tiene en mente es el precio. Obtenga la mejor oferta de electricidad en Texas con los convenientes y asequibles planes de electricidad prepago de Pronto Power.<\/span><\/p>\n<h2><b>Sin Verificaci\u00f3n de Cr\u00e9dito, Sin Dep\u00f3sito, Sin Contrato<\/b><\/h2>\n<p><span style=\"font-weight: 400;\">Brindamos las tarifas de electricidad m\u00e1s econ\u00f3micas en McKinney sin verificaci\u00f3n de cr\u00e9dito, sin dep\u00f3sito y sin necesidad de un contrato a largo plazo. A pesar de nuestras tarifas el\u00e9ctricas econ\u00f3micas, no hay necesidad de sacrificar el servicio al cliente. Nuestro amable y experto equipo de atenci\u00f3n al cliente siempre est\u00e1 dispuesto a ayudar.<\/span><\/p>\n<h2><b>Pague Por Energ\u00eda Sobre La Marcha<\/b><\/h2>\n<p><span style=\"font-weight: 400;\">En Pronto Power, usted tiene el control de su uso y gastos de energ\u00eda. Nuestros planes de electricidad prepago le permiten pagar la electricidad sobre la marcha, por lo que nunca pagar\u00e1 m\u00e1s electricidad de la que usa. Adem\u00e1s, puede administrar f\u00e1cilmente sus pagos con la comodidad de los pagos en l\u00ednea y el pago por texto.<\/span><\/p>\n<h2><b>Servicio al cliente amigable<\/b><\/h2>\n<p><span style=\"font-weight: 400;\">Cuando se registra con Pronto Power, obtiene m\u00e1s que solo la electricidad m\u00e1s barata en Texas. Tambi\u00e9n obtiene el mejor servicio en McKinney. Nuestros t\u00e9cnicos calificados se asegurar\u00e1n de que su energ\u00eda est\u00e9 instalada de manera segura y sin problemas. Adem\u00e1s, despu\u00e9s de registrarse, seguir\u00e1 recibiendo soporte, incluso durante los momentos de mayor actividad. Nuestro equipo est\u00e1 disponible por tel\u00e9fono, mensaje de texto y chat en l\u00ednea durante todo el horario comercial.<\/span><\/p>\n<p><span style=\"font-weight: 400;\">Si ha estado buscando un plan de electricidad prepago confiable y asequible en McKinney, no busque m\u00e1s all\u00e1 de Pronto Power. Con nuestros planes de electricidad prepago, obtiene las tarifas de electricidad m\u00e1s econ\u00f3micas en el \u00e1rea de McKinney y un control total sobre su consumo de energ\u00eda y su presupuesto. Adem\u00e1s, obtiene un servicio de atenci\u00f3n al cliente amigable y la comodidad de las opciones de pago de facturas en l\u00ednea y por mensaje de texto. \u00a1No espere, reg\u00edstrese en Pronto Power y obtenga el mejor plan de electricidad prepago en McKinney hoy!<\/span><\/p>\n<p class=\"p1\"><\/p>","protected":false},"excerpt":{"rendered":"<p>Cuando busca una nueva compa\u00f1\u00eda el\u00e9ctrica en McKinney, entendemos que lo primero que tiene en mente es el precio. Obtenga la mejor oferta de electricidad en Texas con los convenientes y asequibles planes de electricidad prepago de Pronto Power. Sin Verificaci\u00f3n de Cr\u00e9dito, Sin Dep\u00f3sito, Sin Contrato Brindamos las tarifas de electricidad m\u00e1s econ\u00f3micas en &hellip; <a href=\"https:\/\/powermepronto.com\/es\/get-the-cheapest-mckinney-prepaid-electricity-with-no-credit-checks\/\" class=\"more-link\">Continue reading <span class=\"screen-reader-text\">Obtenga Electricidad Prepaga Sin Verificaci\u00f3n de Cr\u00e9dito M\u00e1s Barata de McKinney<\/span><\/a><\/p>\n","protected":false},"author":1,"featured_media":0,"parent":0,"menu_order":0,"comment_status":"closed","ping_status":"closed","template":"","meta":{"_acf_changed":false,"_glsr_average":0,"_glsr_ranking":0,"_glsr_reviews":0,"footnotes":"","_links_to":"","_links_to_target":""},"class_list":["post-3812","page","type-page","status-publish","hentry"],"acf":[],"yoast_head":"<!-- This site is optimized with the Yoast SEO plugin v27.5 - https:\/\/yoast.com\/product\/yoast-seo-wordpress\/ -->\n<title>Obtenga Electricidad Prepaga Sin Verificaci\u00f3n de Cr\u00e9dito M\u00e1s Barata de McKinney - Pronto Power<\/title>\n<meta name=\"description\" content=\"With our prepaid electricity plans, you get the cheapest electricity rates in the McKinney area and total control over your energy usage and budget.\" \/>\n<meta name=\"robots\" content=\"index, follow, max-snippet:-1, max-image-preview:large, max-video-preview:-1\" \/>\n<link rel=\"canonical\" href=\"https:\/\/powermepronto.com\/get-the-cheapest-mckinney-prepaid-electricity-with-no-credit-checks\/\" \/>\n<meta property=\"og:locale\" content=\"es_ES\" \/>\n<meta property=\"og:type\" content=\"article\" \/>\n<meta property=\"og:title\" content=\"[:en]Get the Cheapest McKinney Prepaid Electricity with No Credit Checks[:es]Obtenga Electricidad Prepaga Sin Verificaci\u00f3n de Cr\u00e9dito M\u00e1s Barata de McKinney[:] - Pronto Power\" \/>\n<meta property=\"og:description\" content=\"With our prepaid electricity plans, you get the cheapest electricity rates in the McKinney area and total control over your energy usage and budget.\" \/>\n<meta property=\"og:url\" content=\"https:\/\/powermepronto.com\/get-the-cheapest-mckinney-prepaid-electricity-with-no-credit-checks\/\" \/>\n<meta property=\"og:site_name\" content=\"Pronto Power\" \/>\n<meta name=\"twitter:card\" content=\"summary_large_image\" \/>\n<meta name=\"twitter:label1\" content=\"Tiempo de lectura\" \/>\n\t<meta name=\"twitter:data1\" content=\"3 minutos\" \/>\n<script type=\"application\/ld+json\" class=\"yoast-schema-graph\">{\"@context\":\"https:\\\/\\\/schema.org\",\"@graph\":[{\"@type\":\"WebPage\",\"@id\":\"https:\\\/\\\/powermepronto.com\\\/get-the-cheapest-mckinney-prepaid-electricity-with-no-credit-checks\\\/\",\"url\":\"https:\\\/\\\/powermepronto.com\\\/get-the-cheapest-mckinney-prepaid-electricity-with-no-credit-checks\\\/\",\"name\":\"[:en]Get the Cheapest McKinney Prepaid Electricity with No Credit Checks[:es]Obtenga Electricidad Prepaga Sin Verificaci\u00f3n de Cr\u00e9dito M\u00e1s Barata de McKinney[:] - Pronto Power\",\"isPartOf\":{\"@id\":\"https:\\\/\\\/powermepronto.com\\\/en\\\/#website\"},\"datePublished\":\"2023-07-14T13:20:07+00:00\",\"description\":\"With our prepaid electricity plans, you get the cheapest electricity rates in the McKinney area and total control over your energy usage and budget.\",\"breadcrumb\":{\"@id\":\"https:\\\/\\\/powermepronto.com\\\/get-the-cheapest-mckinney-prepaid-electricity-with-no-credit-checks\\\/#breadcrumb\"},\"inLanguage\":\"es\",\"potentialAction\":[{\"@type\":\"ReadAction\",\"target\":[\"https:\\\/\\\/powermepronto.com\\\/get-the-cheapest-mckinney-prepaid-electricity-with-no-credit-checks\\\/\"]}]},{\"@type\":\"BreadcrumbList\",\"@id\":\"https:\\\/\\\/powermepronto.com\\\/get-the-cheapest-mckinney-prepaid-electricity-with-no-credit-checks\\\/#breadcrumb\",\"itemListElement\":[{\"@type\":\"ListItem\",\"position\":1,\"name\":\"Home\",\"item\":\"https:\\\/\\\/powermepronto.com\\\/en\\\/\"},{\"@type\":\"ListItem\",\"position\":2,\"name\":\"Get the Cheapest McKinney Prepaid Electricity with No Credit Checks\"}]},{\"@type\":\"WebSite\",\"@id\":\"https:\\\/\\\/powermepronto.com\\\/en\\\/#website\",\"url\":\"https:\\\/\\\/powermepronto.com\\\/en\\\/\",\"name\":\"Pronto Power\",\"description\":\"\",\"potentialAction\":[{\"@type\":\"SearchAction\",\"target\":{\"@type\":\"EntryPoint\",\"urlTemplate\":\"https:\\\/\\\/powermepronto.com\\\/en\\\/?s={search_term_string}\"},\"query-input\":{\"@type\":\"PropertyValueSpecification\",\"valueRequired\":true,\"valueName\":\"search_term_string\"}}],\"inLanguage\":\"es\"}]}<\/script>\n<!-- \/ Yoast SEO plugin. -->","yoast_head_json":{"title":"[:en]Get the Cheapest McKinney Prepaid Electricity with No Credit Checks[:es]Obtenga Electricidad Prepaga Sin Verificaci\u00f3n de Cr\u00e9dito M\u00e1s Barata de McKinney[:] - Pronto Power","description":"With our prepaid electricity plans, you get the cheapest electricity rates in the McKinney area and total control over your energy usage and budget.","robots":{"index":"index","follow":"follow","max-snippet":"max-snippet:-1","max-image-preview":"max-image-preview:large","max-video-preview":"max-video-preview:-1"},"canonical":"https:\/\/powermepronto.com\/get-the-cheapest-mckinney-prepaid-electricity-with-no-credit-checks\/","og_locale":"es_ES","og_type":"article","og_title":"[:en]Get the Cheapest McKinney Prepaid Electricity with No Credit Checks[:es]Obtenga Electricidad Prepaga Sin Verificaci\u00f3n de Cr\u00e9dito M\u00e1s Barata de McKinney[:] - Pronto Power","og_description":"With our prepaid electricity plans, you get the cheapest electricity rates in the McKinney area and total control over your energy usage and budget.","og_url":"https:\/\/powermepronto.com\/get-the-cheapest-mckinney-prepaid-electricity-with-no-credit-checks\/","og_site_name":"Pronto Power","twitter_card":"summary_large_image","twitter_misc":{"Tiempo de lectura":"3 minutos"},"schema":{"@context":"https:\/\/schema.org","@graph":[{"@type":"WebPage","@id":"https:\/\/powermepronto.com\/get-the-cheapest-mckinney-prepaid-electricity-with-no-credit-checks\/","url":"https:\/\/powermepronto.com\/get-the-cheapest-mckinney-prepaid-electricity-with-no-credit-checks\/","name":"[:en]Get the Cheapest McKinney Prepaid Electricity with No Credit Checks[:es]Obtenga Electricidad Prepaga Sin Verificaci\u00f3n de Cr\u00e9dito M\u00e1s Barata de McKinney[:] - Pronto Power","isPartOf":{"@id":"https:\/\/powermepronto.com\/en\/#website"},"datePublished":"2023-07-14T13:20:07+00:00","description":"With our prepaid electricity plans, you get the cheapest electricity rates in the McKinney area and total control over your energy usage and budget.","breadcrumb":{"@id":"https:\/\/powermepronto.com\/get-the-cheapest-mckinney-prepaid-electricity-with-no-credit-checks\/#breadcrumb"},"inLanguage":"es","potentialAction":[{"@type":"ReadAction","target":["https:\/\/powermepronto.com\/get-the-cheapest-mckinney-prepaid-electricity-with-no-credit-checks\/"]}]},{"@type":"BreadcrumbList","@id":"https:\/\/powermepronto.com\/get-the-cheapest-mckinney-prepaid-electricity-with-no-credit-checks\/#breadcrumb","itemListElement":[{"@type":"ListItem","position":1,"name":"Home","item":"https:\/\/powermepronto.com\/en\/"},{"@type":"ListItem","position":2,"name":"Get the Cheapest McKinney Prepaid Electricity with No Credit Checks"}]},{"@type":"WebSite","@id":"https:\/\/powermepronto.com\/en\/#website","url":"https:\/\/powermepronto.com\/en\/","name":"Pronto Power","description":"","potentialAction":[{"@type":"SearchAction","target":{"@type":"EntryPoint","urlTemplate":"https:\/\/powermepronto.com\/en\/?s={search_term_string}"},"query-input":{"@type":"PropertyValueSpecification","valueRequired":true,"valueName":"search_term_string"}}],"inLanguage":"es"}]}},"_links":{"self":[{"href":"https:\/\/powermepronto.com\/es\/wp-json\/wp\/v2\/pages\/3812","targetHints":{"allow":["GET"]}}],"collection":[{"href":"https:\/\/powermepronto.com\/es\/wp-json\/wp\/v2\/pages"}],"about":[{"href":"https:\/\/powermepronto.com\/es\/wp-json\/wp\/v2\/types\/page"}],"author":[{"embeddable":true,"href":"https:\/\/powermepronto.com\/es\/wp-json\/wp\/v2\/users\/1"}],"replies":[{"embeddable":true,"href":"https:\/\/powermepronto.com\/es\/wp-json\/wp\/v2\/comments?post=3812"}],"version-history":[{"count":1,"href":"https:\/\/powermepronto.com\/es\/wp-json\/wp\/v2\/pages\/3812\/revisions"}],"predecessor-version":[{"id":3813,"href":"https:\/\/powermepronto.com\/es\/wp-json\/wp\/v2\/pages\/3812\/revisions\/3813"}],"wp:attachment":[{"href":"https:\/\/powermepronto.com\/es\/wp-json\/wp\/v2\/media?parent=3812"}],"curies":[{"name":"wp","href":"https:\/\/api.w.org\/{rel}","templated":true}]}}