{"id":3810,"date":"2023-07-14T08:16:35","date_gmt":"2023-07-14T13:16:35","guid":{"rendered":"https:\/\/powermepronto.com\/?page_id=3810"},"modified":"2023-07-14T08:16:35","modified_gmt":"2023-07-14T13:16:35","slug":"save-money-on-austin-prepaid-power-with-pronto-power","status":"publish","type":"page","link":"https:\/\/powermepronto.com\/es\/save-money-on-austin-prepaid-power-with-pronto-power\/","title":{"rendered":"Ahorre Dinero en Servicio Prepago en Austin con Pronto Power"},"content":{"rendered":"<p class=\"p1\"><\/p>\n<p><span style=\"font-weight: 400;\">\u00bfEst\u00e1 buscando una soluci\u00f3n de electricidad prepaga en Austin, Texas? \u00a1Prueba Pronto Power! Ofrecemos los mejores precios en electricidad prepaga sin necesidad de verificaci\u00f3n de cr\u00e9dito. Nuestro amable equipo de servicio al cliente est\u00e1 disponible para ayudarlo por tel\u00e9fono, chat en l\u00ednea o incluso por mensaje de texto. Nunca ha sido tan f\u00e1cil cambiarse a electricidad prepago con Pronto Power.<\/span><\/p>\n<h2><b>\u00bfPor qu\u00e9 Pronto Power?<\/b><\/h2>\n<p><span style=\"font-weight: 400;\">En Pronto Power, ofrecemos el costo m\u00e1s bajo en Austin en electricidad prepaga. Adem\u00e1s, no se requiere dep\u00f3sito ni verificaci\u00f3n de cr\u00e9dito. Ofrecemos opciones de pago simples que se pueden configurar r\u00e1pidamente y sin problemas. Ya sea que prefiera pagar en l\u00ednea, en las ubicaciones de MoneyGram, a trav\u00e9s de mensajes de texto, facilitamos que los clientes elijan la opci\u00f3n de pago que sea m\u00e1s conveniente para ellos.<\/span><\/p>\n<p><span style=\"font-weight: 400;\">Sabemos que el servicio al cliente es importante. Es por eso que nuestro equipo de expertos lo cuidar\u00e1 en cada paso del camino. Brindamos respuestas r\u00e1pidas y \u00fatiles a todas sus preguntas sobre energ\u00eda, sin importar cu\u00e1n grandes o peque\u00f1as sean. Y si alguna vez tiene un problema de facturaci\u00f3n, estaremos all\u00ed para ayudarlo a resolverlo de inmediato.<\/span><\/p>\n<h2><b>C\u00e1mbiese a Pronto Power<\/b><\/h2>\n<p><span style=\"font-weight: 400;\">Cambiar a Pronto Power es f\u00e1cil y sin complicaciones. Nuestros planes ofrecen opciones flexibles que hacen posible adaptar sus pagos a sus preferencias exactas. Adem\u00e1s, si alguna vez necesita actualizar su plan o cancelar su servicio, todo se hace en l\u00ednea de manera r\u00e1pida y segura. Y sin necesidad de dep\u00f3sito ni verificaci\u00f3n de cr\u00e9dito, puede comenzar de inmediato, sin complicaciones adicionales.<\/span><\/p>\n<h2><b>\u00a1Comience hoy mismo con Pronto Power!<\/b><\/h2>\n<p><span style=\"font-weight: 400;\">Di adi\u00f3s a los contratos complicados y adi\u00f3s a las altas facturas de la luz. \u00a1C\u00e1mbiese a Pronto Power y comience a ahorrar hoy! Nuestro amigable equipo de servicio al cliente est\u00e1 aqu\u00ed para ayudar a que la transici\u00f3n sea suave y sin complicaciones. \u00a1Empiece ahora y empiece a disfrutar de la libertad de elecci\u00f3n del consumidor!<\/span><\/p>\n<p class=\"p1\"><\/p>","protected":false},"excerpt":{"rendered":"<p>\u00bfEst\u00e1 buscando una soluci\u00f3n de electricidad prepaga en Austin, Texas? \u00a1Prueba Pronto Power! Ofrecemos los mejores precios en electricidad prepaga sin necesidad de verificaci\u00f3n de cr\u00e9dito. Nuestro amable equipo de servicio al cliente est\u00e1 disponible para ayudarlo por tel\u00e9fono, chat en l\u00ednea o incluso por mensaje de texto. Nunca ha sido tan f\u00e1cil cambiarse a &hellip; <a href=\"https:\/\/powermepronto.com\/es\/save-money-on-austin-prepaid-power-with-pronto-power\/\" class=\"more-link\">Continue reading <span class=\"screen-reader-text\">Ahorre Dinero en Servicio Prepago en Austin con Pronto Power<\/span><\/a><\/p>\n","protected":false},"author":1,"featured_media":0,"parent":0,"menu_order":0,"comment_status":"closed","ping_status":"closed","template":"","meta":{"_acf_changed":false,"_glsr_average":0,"_glsr_ranking":0,"_glsr_reviews":0,"footnotes":"","_links_to":"","_links_to_target":""},"class_list":["post-3810","page","type-page","status-publish","hentry"],"acf":[],"yoast_head":"<!-- This site is optimized with the Yoast SEO plugin v27.4 - https:\/\/yoast.com\/product\/yoast-seo-wordpress\/ -->\n<title>Ahorre Dinero en Servicio Prepago en Austin con Pronto Power - Pronto Power<\/title>\n<meta name=\"description\" content=\"Austin, say goodbye to complicated contracts and goodbye to high electricity bills. Make the switch to Pronto Power and start saving today!\" \/>\n<meta name=\"robots\" content=\"index, follow, max-snippet:-1, max-image-preview:large, max-video-preview:-1\" \/>\n<link rel=\"canonical\" href=\"https:\/\/powermepronto.com\/save-money-on-austin-prepaid-power-with-pronto-power\/\" \/>\n<meta property=\"og:locale\" content=\"es_ES\" \/>\n<meta property=\"og:type\" content=\"article\" \/>\n<meta property=\"og:title\" content=\"[:en]Save Money on Austin Prepaid Power with Pronto Power[:es]Ahorre Dinero en Servicio Prepago en Austin con Pronto Power[:] - Pronto Power\" \/>\n<meta property=\"og:description\" content=\"Austin, say goodbye to complicated contracts and goodbye to high electricity bills. Make the switch to Pronto Power and start saving today!\" \/>\n<meta property=\"og:url\" content=\"https:\/\/powermepronto.com\/save-money-on-austin-prepaid-power-with-pronto-power\/\" \/>\n<meta property=\"og:site_name\" content=\"Pronto Power\" \/>\n<meta name=\"twitter:card\" content=\"summary_large_image\" \/>\n<meta name=\"twitter:label1\" content=\"Tiempo de lectura\" \/>\n\t<meta name=\"twitter:data1\" content=\"3 minutos\" \/>\n<script type=\"application\/ld+json\" class=\"yoast-schema-graph\">{\"@context\":\"https:\\\/\\\/schema.org\",\"@graph\":[{\"@type\":\"WebPage\",\"@id\":\"https:\\\/\\\/powermepronto.com\\\/save-money-on-austin-prepaid-power-with-pronto-power\\\/\",\"url\":\"https:\\\/\\\/powermepronto.com\\\/save-money-on-austin-prepaid-power-with-pronto-power\\\/\",\"name\":\"[:en]Save Money on Austin Prepaid Power with Pronto Power[:es]Ahorre Dinero en Servicio Prepago en Austin con Pronto Power[:] - Pronto Power\",\"isPartOf\":{\"@id\":\"https:\\\/\\\/powermepronto.com\\\/en\\\/#website\"},\"datePublished\":\"2023-07-14T13:16:35+00:00\",\"description\":\"Austin, say goodbye to complicated contracts and goodbye to high electricity bills. Make the switch to Pronto Power and start saving today!\",\"breadcrumb\":{\"@id\":\"https:\\\/\\\/powermepronto.com\\\/save-money-on-austin-prepaid-power-with-pronto-power\\\/#breadcrumb\"},\"inLanguage\":\"es\",\"potentialAction\":[{\"@type\":\"ReadAction\",\"target\":[\"https:\\\/\\\/powermepronto.com\\\/save-money-on-austin-prepaid-power-with-pronto-power\\\/\"]}]},{\"@type\":\"BreadcrumbList\",\"@id\":\"https:\\\/\\\/powermepronto.com\\\/save-money-on-austin-prepaid-power-with-pronto-power\\\/#breadcrumb\",\"itemListElement\":[{\"@type\":\"ListItem\",\"position\":1,\"name\":\"Home\",\"item\":\"https:\\\/\\\/powermepronto.com\\\/en\\\/\"},{\"@type\":\"ListItem\",\"position\":2,\"name\":\"Save Money on Austin Prepaid Power with Pronto Power\"}]},{\"@type\":\"WebSite\",\"@id\":\"https:\\\/\\\/powermepronto.com\\\/en\\\/#website\",\"url\":\"https:\\\/\\\/powermepronto.com\\\/en\\\/\",\"name\":\"Pronto Power\",\"description\":\"\",\"potentialAction\":[{\"@type\":\"SearchAction\",\"target\":{\"@type\":\"EntryPoint\",\"urlTemplate\":\"https:\\\/\\\/powermepronto.com\\\/en\\\/?s={search_term_string}\"},\"query-input\":{\"@type\":\"PropertyValueSpecification\",\"valueRequired\":true,\"valueName\":\"search_term_string\"}}],\"inLanguage\":\"es\"}]}<\/script>\n<!-- \/ Yoast SEO plugin. -->","yoast_head_json":{"title":"[:en]Save Money on Austin Prepaid Power with Pronto Power[:es]Ahorre Dinero en Servicio Prepago en Austin con Pronto Power[:] - Pronto Power","description":"Austin, say goodbye to complicated contracts and goodbye to high electricity bills. Make the switch to Pronto Power and start saving today!","robots":{"index":"index","follow":"follow","max-snippet":"max-snippet:-1","max-image-preview":"max-image-preview:large","max-video-preview":"max-video-preview:-1"},"canonical":"https:\/\/powermepronto.com\/save-money-on-austin-prepaid-power-with-pronto-power\/","og_locale":"es_ES","og_type":"article","og_title":"[:en]Save Money on Austin Prepaid Power with Pronto Power[:es]Ahorre Dinero en Servicio Prepago en Austin con Pronto Power[:] - Pronto Power","og_description":"Austin, say goodbye to complicated contracts and goodbye to high electricity bills. Make the switch to Pronto Power and start saving today!","og_url":"https:\/\/powermepronto.com\/save-money-on-austin-prepaid-power-with-pronto-power\/","og_site_name":"Pronto Power","twitter_card":"summary_large_image","twitter_misc":{"Tiempo de lectura":"3 minutos"},"schema":{"@context":"https:\/\/schema.org","@graph":[{"@type":"WebPage","@id":"https:\/\/powermepronto.com\/save-money-on-austin-prepaid-power-with-pronto-power\/","url":"https:\/\/powermepronto.com\/save-money-on-austin-prepaid-power-with-pronto-power\/","name":"[:en]Save Money on Austin Prepaid Power with Pronto Power[:es]Ahorre Dinero en Servicio Prepago en Austin con Pronto Power[:] - Pronto Power","isPartOf":{"@id":"https:\/\/powermepronto.com\/en\/#website"},"datePublished":"2023-07-14T13:16:35+00:00","description":"Austin, say goodbye to complicated contracts and goodbye to high electricity bills. Make the switch to Pronto Power and start saving today!","breadcrumb":{"@id":"https:\/\/powermepronto.com\/save-money-on-austin-prepaid-power-with-pronto-power\/#breadcrumb"},"inLanguage":"es","potentialAction":[{"@type":"ReadAction","target":["https:\/\/powermepronto.com\/save-money-on-austin-prepaid-power-with-pronto-power\/"]}]},{"@type":"BreadcrumbList","@id":"https:\/\/powermepronto.com\/save-money-on-austin-prepaid-power-with-pronto-power\/#breadcrumb","itemListElement":[{"@type":"ListItem","position":1,"name":"Home","item":"https:\/\/powermepronto.com\/en\/"},{"@type":"ListItem","position":2,"name":"Save Money on Austin Prepaid Power with Pronto Power"}]},{"@type":"WebSite","@id":"https:\/\/powermepronto.com\/en\/#website","url":"https:\/\/powermepronto.com\/en\/","name":"Pronto Power","description":"","potentialAction":[{"@type":"SearchAction","target":{"@type":"EntryPoint","urlTemplate":"https:\/\/powermepronto.com\/en\/?s={search_term_string}"},"query-input":{"@type":"PropertyValueSpecification","valueRequired":true,"valueName":"search_term_string"}}],"inLanguage":"es"}]}},"_links":{"self":[{"href":"https:\/\/powermepronto.com\/es\/wp-json\/wp\/v2\/pages\/3810","targetHints":{"allow":["GET"]}}],"collection":[{"href":"https:\/\/powermepronto.com\/es\/wp-json\/wp\/v2\/pages"}],"about":[{"href":"https:\/\/powermepronto.com\/es\/wp-json\/wp\/v2\/types\/page"}],"author":[{"embeddable":true,"href":"https:\/\/powermepronto.com\/es\/wp-json\/wp\/v2\/users\/1"}],"replies":[{"embeddable":true,"href":"https:\/\/powermepronto.com\/es\/wp-json\/wp\/v2\/comments?post=3810"}],"version-history":[{"count":1,"href":"https:\/\/powermepronto.com\/es\/wp-json\/wp\/v2\/pages\/3810\/revisions"}],"predecessor-version":[{"id":3811,"href":"https:\/\/powermepronto.com\/es\/wp-json\/wp\/v2\/pages\/3810\/revisions\/3811"}],"wp:attachment":[{"href":"https:\/\/powermepronto.com\/es\/wp-json\/wp\/v2\/media?parent=3810"}],"curies":[{"name":"wp","href":"https:\/\/api.w.org\/{rel}","templated":true}]}}