{"id":3803,"date":"2023-06-30T10:07:06","date_gmt":"2023-06-30T15:07:06","guid":{"rendered":"https:\/\/powermepronto.com\/?page_id=3803"},"modified":"2023-06-30T10:07:06","modified_gmt":"2023-06-30T15:07:06","slug":"austin-prepaid-electricity-with-the-lowest-rates-in-texas","status":"publish","type":"page","link":"https:\/\/powermepronto.com\/es\/austin-prepaid-electricity-with-the-lowest-rates-in-texas\/","title":{"rendered":"Electricidad Prepagada en Austin Con Las Tarifas M\u00e1s Bajas de Texas"},"content":{"rendered":"<p class=\"p1\"><\/p>\n<p><span style=\"font-weight: 400;\">Pronto Power es una compa\u00f1\u00eda de electricidad prepagada de Austin que proporciona una <\/span><span style=\"font-weight: 400;\">soluci\u00f3n de energ\u00eda asequible y confiable a sus clientes. Con su enfoque innovador, Pronto <\/span><span style=\"font-weight: 400;\">Power se ha establecido como el proveedor de energ\u00eda l\u00edder en Texas, ofreciendo a los clients <\/span><span style=\"font-weight: 400;\">una variedad de beneficios que lo convierten en una opci\u00f3n popular entre los residentes.<\/span><\/p>\n<h2><b>Tarifas de electricidad prepagadas m\u00e1s bajas<\/b><\/h2>\n<p><span style=\"font-weight: 400;\">Uno de los beneficios m\u00e1s significativos de usar Pronto Power son sus bajas tarifas. Pronto <\/span><span style=\"font-weight: 400;\">Power ofrece algunas de las tarifas m\u00e1s competitivas del mercado, por lo que es una excellent <\/span><span style=\"font-weight: 400;\">opci\u00f3n para aquellos que buscan ahorrar dinero en sus facturas de energ\u00eda. Al usar un plan de <\/span><span style=\"font-weight: 400;\">energ\u00eda prepago, los clientes tienen la flexibilidad de elegir la cantidad de energ\u00eda que usan y cu\u00e1ndo la usan, lo que les permite controlar mejor sus gastos de energ\u00eda.<\/span><\/p>\n<h2><b>Enfocado en el Servicio al Cliente<\/b><\/h2>\n<p><span style=\"font-weight: 400;\">Pronto Power tambi\u00e9n ofrece un servicio al cliente excepcional para todos sus clientes. Desde <\/span><span style=\"font-weight: 400;\">obtener respuestas a sus preguntas iniciales, hasta programar su conexi\u00f3n el\u00e9ctrica y dar <\/span><span style=\"font-weight: 400;\">servicio a la cuenta, nuestro personal est\u00e1 espec\u00edficamente capacitado para asegurarse de que <\/span><span style=\"font-weight: 400;\">todo el proceso sea perfecto y que nuestros clientes disfruten de energ\u00eda sin preocupaciones <\/span><span style=\"font-weight: 400;\">proporcionada a sus hogares a las tarifas m\u00e1s bajas en Texas.<\/span><\/p>\n<h2><b>Monitoreo del uso de energ\u00eda en tiempo real<\/b><\/h2>\n<p><span style=\"font-weight: 400;\">Adem\u00e1s de las tarifas bajas y el excepcional servicio al cliente, Pronto Power ofrece una <\/span><span style=\"font-weight: 400;\">plataforma f\u00e1cil de usar que permite a los clientes monitorear su consumo de energ\u00eda en tiempo real. Al iniciar sesi\u00f3n en su cuenta en l\u00ednea, los clientes pueden ver su consumo de energ\u00eda, realizar un seguimiento de su historial de uso y establecer alertas para notificarles cuando el saldo de su cuenta se est\u00e1 agotando. Este nivel de transparencia y control es otra raz\u00f3n por la cual Pronto Power es una opci\u00f3n popular entre los tejanos que buscan un proveedor de energ\u00eda que los ponga en control.<\/span><\/p>\n<p><span style=\"font-weight: 400;\">Pronto Power es una excelente opci\u00f3n para cualquiera que busque una soluci\u00f3n de energ\u00eda <\/span><span style=\"font-weight: 400;\">prepagada asequible, confiable y f\u00e1cil de usar en Texas. Con sus tarifas bajas, incre\u00edble servicio al cliente y plataforma de monitoreo de energ\u00eda en tiempo real, Pronto Power ofrece a los clientes las herramientas y caracter\u00edsticas que necesitan para tomar el control de su consumo de energ\u00eda y ahorrar dinero en su factura de electricidad prepagada de Austin.<\/span><\/p>\n<p class=\"p1\"><\/p>","protected":false},"excerpt":{"rendered":"<p>Pronto Power es una compa\u00f1\u00eda de electricidad prepagada de Austin que proporciona una soluci\u00f3n de energ\u00eda asequible y confiable a sus clientes. Con su enfoque innovador, Pronto Power se ha establecido como el proveedor de energ\u00eda l\u00edder en Texas, ofreciendo a los clients una variedad de beneficios que lo convierten en una opci\u00f3n popular entre &hellip; <a href=\"https:\/\/powermepronto.com\/es\/austin-prepaid-electricity-with-the-lowest-rates-in-texas\/\" class=\"more-link\">Continue reading <span class=\"screen-reader-text\">Electricidad Prepagada en Austin Con Las Tarifas M\u00e1s Bajas de Texas<\/span><\/a><\/p>\n","protected":false},"author":1,"featured_media":0,"parent":0,"menu_order":0,"comment_status":"closed","ping_status":"closed","template":"","meta":{"_acf_changed":false,"_glsr_average":0,"_glsr_ranking":0,"_glsr_reviews":0,"footnotes":"","_links_to":"","_links_to_target":""},"class_list":["post-3803","page","type-page","status-publish","hentry"],"acf":[],"yoast_head":"<!-- This site is optimized with the Yoast SEO plugin v27.6 - https:\/\/yoast.com\/product\/yoast-seo-wordpress\/ -->\n<title>Electricidad Prepagada en Austin Con Las Tarifas M\u00e1s Bajas de Texas - Pronto Power<\/title>\n<meta name=\"description\" content=\"Pronto Power is an excellent option for anyone looking for an affordable, reliable, and user-friendly prepaid energy solution in Texas.\" \/>\n<meta name=\"robots\" content=\"index, follow, max-snippet:-1, max-image-preview:large, max-video-preview:-1\" \/>\n<link rel=\"canonical\" href=\"https:\/\/powermepronto.com\/austin-prepaid-electricity-with-the-lowest-rates-in-texas\/\" \/>\n<meta property=\"og:locale\" content=\"es_ES\" \/>\n<meta property=\"og:type\" content=\"article\" \/>\n<meta property=\"og:title\" content=\"[:en]Austin Prepaid Electricity with the Lowest Rates in Texas [:es]Electricidad Prepagada en Austin Con Las Tarifas M\u00e1s Bajas de Texas[:] - Pronto Power\" \/>\n<meta property=\"og:description\" content=\"Pronto Power is an excellent option for anyone looking for an affordable, reliable, and user-friendly prepaid energy solution in Texas.\" \/>\n<meta property=\"og:url\" content=\"https:\/\/powermepronto.com\/austin-prepaid-electricity-with-the-lowest-rates-in-texas\/\" \/>\n<meta property=\"og:site_name\" content=\"Pronto Power\" \/>\n<meta name=\"twitter:card\" content=\"summary_large_image\" \/>\n<meta name=\"twitter:label1\" content=\"Tiempo de lectura\" \/>\n\t<meta name=\"twitter:data1\" content=\"4 minutos\" \/>\n<script type=\"application\/ld+json\" class=\"yoast-schema-graph\">{\"@context\":\"https:\\\/\\\/schema.org\",\"@graph\":[{\"@type\":\"WebPage\",\"@id\":\"https:\\\/\\\/powermepronto.com\\\/austin-prepaid-electricity-with-the-lowest-rates-in-texas\\\/\",\"url\":\"https:\\\/\\\/powermepronto.com\\\/austin-prepaid-electricity-with-the-lowest-rates-in-texas\\\/\",\"name\":\"[:en]Austin Prepaid Electricity with the Lowest Rates in Texas [:es]Electricidad Prepagada en Austin Con Las Tarifas M\u00e1s Bajas de Texas[:] - Pronto Power\",\"isPartOf\":{\"@id\":\"https:\\\/\\\/powermepronto.com\\\/en\\\/#website\"},\"datePublished\":\"2023-06-30T15:07:06+00:00\",\"description\":\"Pronto Power is an excellent option for anyone looking for an affordable, reliable, and user-friendly prepaid energy solution in Texas.\",\"breadcrumb\":{\"@id\":\"https:\\\/\\\/powermepronto.com\\\/austin-prepaid-electricity-with-the-lowest-rates-in-texas\\\/#breadcrumb\"},\"inLanguage\":\"es\",\"potentialAction\":[{\"@type\":\"ReadAction\",\"target\":[\"https:\\\/\\\/powermepronto.com\\\/austin-prepaid-electricity-with-the-lowest-rates-in-texas\\\/\"]}]},{\"@type\":\"BreadcrumbList\",\"@id\":\"https:\\\/\\\/powermepronto.com\\\/austin-prepaid-electricity-with-the-lowest-rates-in-texas\\\/#breadcrumb\",\"itemListElement\":[{\"@type\":\"ListItem\",\"position\":1,\"name\":\"Home\",\"item\":\"https:\\\/\\\/powermepronto.com\\\/en\\\/\"},{\"@type\":\"ListItem\",\"position\":2,\"name\":\"Austin Prepaid Electricity with the Lowest Rates in Texas\"}]},{\"@type\":\"WebSite\",\"@id\":\"https:\\\/\\\/powermepronto.com\\\/en\\\/#website\",\"url\":\"https:\\\/\\\/powermepronto.com\\\/en\\\/\",\"name\":\"Pronto Power\",\"description\":\"\",\"potentialAction\":[{\"@type\":\"SearchAction\",\"target\":{\"@type\":\"EntryPoint\",\"urlTemplate\":\"https:\\\/\\\/powermepronto.com\\\/en\\\/?s={search_term_string}\"},\"query-input\":{\"@type\":\"PropertyValueSpecification\",\"valueRequired\":true,\"valueName\":\"search_term_string\"}}],\"inLanguage\":\"es\"}]}<\/script>\n<!-- \/ Yoast SEO plugin. -->","yoast_head_json":{"title":"[:en]Austin Prepaid Electricity with the Lowest Rates in Texas [:es]Electricidad Prepagada en Austin Con Las Tarifas M\u00e1s Bajas de Texas[:] - Pronto Power","description":"Pronto Power is an excellent option for anyone looking for an affordable, reliable, and user-friendly prepaid energy solution in Texas.","robots":{"index":"index","follow":"follow","max-snippet":"max-snippet:-1","max-image-preview":"max-image-preview:large","max-video-preview":"max-video-preview:-1"},"canonical":"https:\/\/powermepronto.com\/austin-prepaid-electricity-with-the-lowest-rates-in-texas\/","og_locale":"es_ES","og_type":"article","og_title":"[:en]Austin Prepaid Electricity with the Lowest Rates in Texas [:es]Electricidad Prepagada en Austin Con Las Tarifas M\u00e1s Bajas de Texas[:] - Pronto Power","og_description":"Pronto Power is an excellent option for anyone looking for an affordable, reliable, and user-friendly prepaid energy solution in Texas.","og_url":"https:\/\/powermepronto.com\/austin-prepaid-electricity-with-the-lowest-rates-in-texas\/","og_site_name":"Pronto Power","twitter_card":"summary_large_image","twitter_misc":{"Tiempo de lectura":"4 minutos"},"schema":{"@context":"https:\/\/schema.org","@graph":[{"@type":"WebPage","@id":"https:\/\/powermepronto.com\/austin-prepaid-electricity-with-the-lowest-rates-in-texas\/","url":"https:\/\/powermepronto.com\/austin-prepaid-electricity-with-the-lowest-rates-in-texas\/","name":"[:en]Austin Prepaid Electricity with the Lowest Rates in Texas [:es]Electricidad Prepagada en Austin Con Las Tarifas M\u00e1s Bajas de Texas[:] - Pronto Power","isPartOf":{"@id":"https:\/\/powermepronto.com\/en\/#website"},"datePublished":"2023-06-30T15:07:06+00:00","description":"Pronto Power is an excellent option for anyone looking for an affordable, reliable, and user-friendly prepaid energy solution in Texas.","breadcrumb":{"@id":"https:\/\/powermepronto.com\/austin-prepaid-electricity-with-the-lowest-rates-in-texas\/#breadcrumb"},"inLanguage":"es","potentialAction":[{"@type":"ReadAction","target":["https:\/\/powermepronto.com\/austin-prepaid-electricity-with-the-lowest-rates-in-texas\/"]}]},{"@type":"BreadcrumbList","@id":"https:\/\/powermepronto.com\/austin-prepaid-electricity-with-the-lowest-rates-in-texas\/#breadcrumb","itemListElement":[{"@type":"ListItem","position":1,"name":"Home","item":"https:\/\/powermepronto.com\/en\/"},{"@type":"ListItem","position":2,"name":"Austin Prepaid Electricity with the Lowest Rates in Texas"}]},{"@type":"WebSite","@id":"https:\/\/powermepronto.com\/en\/#website","url":"https:\/\/powermepronto.com\/en\/","name":"Pronto Power","description":"","potentialAction":[{"@type":"SearchAction","target":{"@type":"EntryPoint","urlTemplate":"https:\/\/powermepronto.com\/en\/?s={search_term_string}"},"query-input":{"@type":"PropertyValueSpecification","valueRequired":true,"valueName":"search_term_string"}}],"inLanguage":"es"}]}},"_links":{"self":[{"href":"https:\/\/powermepronto.com\/es\/wp-json\/wp\/v2\/pages\/3803","targetHints":{"allow":["GET"]}}],"collection":[{"href":"https:\/\/powermepronto.com\/es\/wp-json\/wp\/v2\/pages"}],"about":[{"href":"https:\/\/powermepronto.com\/es\/wp-json\/wp\/v2\/types\/page"}],"author":[{"embeddable":true,"href":"https:\/\/powermepronto.com\/es\/wp-json\/wp\/v2\/users\/1"}],"replies":[{"embeddable":true,"href":"https:\/\/powermepronto.com\/es\/wp-json\/wp\/v2\/comments?post=3803"}],"version-history":[{"count":1,"href":"https:\/\/powermepronto.com\/es\/wp-json\/wp\/v2\/pages\/3803\/revisions"}],"predecessor-version":[{"id":3804,"href":"https:\/\/powermepronto.com\/es\/wp-json\/wp\/v2\/pages\/3803\/revisions\/3804"}],"wp:attachment":[{"href":"https:\/\/powermepronto.com\/es\/wp-json\/wp\/v2\/media?parent=3803"}],"curies":[{"name":"wp","href":"https:\/\/api.w.org\/{rel}","templated":true}]}}