{"id":3799,"date":"2023-06-30T09:58:43","date_gmt":"2023-06-30T14:58:43","guid":{"rendered":"https:\/\/powermepronto.com\/?page_id=3799"},"modified":"2023-06-30T09:58:43","modified_gmt":"2023-06-30T14:58:43","slug":"no-deposit-blue-ridge-electric-company-with-the-lowest-rates","status":"publish","type":"page","link":"https:\/\/powermepronto.com\/es\/no-deposit-blue-ridge-electric-company-with-the-lowest-rates\/","title":{"rendered":"Electricidad Con las tarifas m\u00e1s bajas y sin Deposito"},"content":{"rendered":"<p class=\"p1\"><\/p>\n<p><span style=\"font-weight: 400;\">Si est\u00e1 buscando una compa\u00f1\u00eda el\u00e9ctrica de Blue Ridge en Texas, Pronto Power es la mejor<\/span><\/p>\n<p><span style=\"font-weight: 400;\">opci\u00f3n para los clientes que valoran las tarifas bajas y una experiencia sin complicaciones. Con nuestro compromiso de brindar un excelente servicio a precios asequibles, Pronto Power se ha establecido como una compa\u00f1\u00eda de electricidad confiable y centrada en el cliente en el \u00e1rea de Blue Ridge.<\/span><\/p>\n<h2><b>Tasas m\u00e1s bajas en el \u00e1rea de Blue Ridge<\/b><\/h2>\n<p><span style=\"font-weight: 400;\">Una de las ventajas m\u00e1s significativas de usar Pronto Power son nuestras bajas tarifas. En <\/span><span style=\"font-weight: 400;\">comparaci\u00f3n con otros proveedores de electricidad, Pronto Power ofrece algunas de las tarifas m\u00e1s competitivas del mercado. Sus planes de precios son transparentes y directos, y no <\/span><span style=\"font-weight: 400;\">cobramos tarifas o recargos ocultos. Esto significa que los clientes pueden disfrutar de los <\/span><span style=\"font-weight: 400;\">beneficios de la electricidad asequible sin preocuparse por cargos o tarifas inesperadas.<\/span><\/p>\n<h2><b>Sin dep\u00f3sitos ni verificaciones de cr\u00e9dito<\/b><\/h2>\n<p><span style=\"font-weight: 400;\">Otra ventaja clave de usar Pronto Power es que no hay dep\u00f3sitos ni verificaciones de cr\u00e9dito. A diferencia de los proveedores de electricidad tradicionales que requieren una verificaci\u00f3n de <\/span><span style=\"font-weight: 400;\">cr\u00e9dito, no realizamos ninguna verificaci\u00f3n de cr\u00e9dito a nuestros clientes. Esto significa que los clientes con puntajes de cr\u00e9dito bajos o sin historial de cr\u00e9dito a\u00fan pueden recibir servicios de electricidad de Pronto Power. Tambi\u00e9n hay un costo inicial m\u00e1s bajo ya que no se require <\/span><span style=\"font-weight: 400;\">dep\u00f3sito.<\/span><\/p>\n<h2><b>Opciones de pago flexibles<\/b><\/h2>\n<p><span style=\"font-weight: 400;\">Adem\u00e1s, Pronto Power ofrece opciones de pago flexibles a sus clientes. Con Pronto Power, los <\/span><span style=\"font-weight: 400;\">clientes pueden elegir pagar diariamente, semanalmente o mensualmente, dependiendo de <\/span><span style=\"font-weight: 400;\">nuestras preferencias y situaci\u00f3n financiera. Esto permite a los clientes administrar nuestro <\/span><span style=\"font-weight: 400;\">consumo y gastos de energ\u00eda de una manera que se adapte a nuestras necesidades.<\/span><\/p>\n<h2><b>Compromiso con el servicio al cliente<\/b><\/h2>\n<p><span style=\"font-weight: 400;\">Por \u00faltimo, Pronto Power ofrece a sus clientes un excelente servicio al cliente. Su equipo de atenci\u00f3n al cliente est\u00e1 disponible las 24 horas del d\u00eda, los 7 d\u00edas de la semana para ayudar a los clientes con cualquier pregunta o inquietud que podamos tener. Tambi\u00e9n tenemos un portal en l\u00ednea que permite a los clientes rastrear nuestro consumo de energ\u00eda y monitorear nuestras facturas.<\/span><\/p>\n<p><span style=\"font-weight: 400;\">Pronto Power es la mejor compa\u00f1\u00eda el\u00e9ctrica de Blue Ridge debido a nuestras bajas tarifas, <\/span><span style=\"font-weight: 400;\">opciones de pago flexibles y un servicio al cliente excepcional sin verificaci\u00f3n de cr\u00e9dito ni <\/span><span style=\"font-weight: 400;\">dep\u00f3sito. Para los clientes que buscan un proveedor de electricidad asequible y confiable, <\/span><span style=\"font-weight: 400;\">Pronto Power es la opci\u00f3n ideal.<\/span><\/p>\n<p class=\"p1\">\n<\/p>","protected":false},"excerpt":{"rendered":"<p>Si est\u00e1 buscando una compa\u00f1\u00eda el\u00e9ctrica de Blue Ridge en Texas, Pronto Power es la mejor opci\u00f3n para los clientes que valoran las tarifas bajas y una experiencia sin complicaciones. Con nuestro compromiso de brindar un excelente servicio a precios asequibles, Pronto Power se ha establecido como una compa\u00f1\u00eda de electricidad confiable y centrada en &hellip; <a href=\"https:\/\/powermepronto.com\/es\/no-deposit-blue-ridge-electric-company-with-the-lowest-rates\/\" class=\"more-link\">Continue reading <span class=\"screen-reader-text\">Electricidad Con las tarifas m\u00e1s bajas y sin Deposito<\/span><\/a><\/p>\n","protected":false},"author":1,"featured_media":0,"parent":0,"menu_order":0,"comment_status":"closed","ping_status":"closed","template":"","meta":{"_acf_changed":false,"_glsr_average":0,"_glsr_ranking":0,"_glsr_reviews":0,"footnotes":"","_links_to":"","_links_to_target":""},"class_list":["post-3799","page","type-page","status-publish","hentry"],"acf":[],"yoast_head":"<!-- This site is optimized with the Yoast SEO plugin v27.5 - https:\/\/yoast.com\/product\/yoast-seo-wordpress\/ -->\n<title>Electricidad Con las tarifas m\u00e1s bajas y sin Deposito - Pronto Power<\/title>\n<meta name=\"description\" content=\"Pronto Power is the best Blue Ridge electric company due to our low rates, flexible payment options, and exceptional service with no credit check or deposit.\" \/>\n<meta name=\"robots\" content=\"index, follow, max-snippet:-1, max-image-preview:large, max-video-preview:-1\" \/>\n<link rel=\"canonical\" href=\"https:\/\/powermepronto.com\/no-deposit-blue-ridge-electric-company-with-the-lowest-rates\/\" \/>\n<meta property=\"og:locale\" content=\"es_ES\" \/>\n<meta property=\"og:type\" content=\"article\" \/>\n<meta property=\"og:title\" content=\"[:en]No Deposit Blue Ridge Electric Company with the Lowest Rates [:es]Electricidad Con las tarifas m\u00e1s bajas y sin Deposito[:] - Pronto Power\" \/>\n<meta property=\"og:description\" content=\"Pronto Power is the best Blue Ridge electric company due to our low rates, flexible payment options, and exceptional service with no credit check or deposit.\" \/>\n<meta property=\"og:url\" content=\"https:\/\/powermepronto.com\/no-deposit-blue-ridge-electric-company-with-the-lowest-rates\/\" \/>\n<meta property=\"og:site_name\" content=\"Pronto Power\" \/>\n<meta name=\"twitter:card\" content=\"summary_large_image\" \/>\n<meta name=\"twitter:label1\" content=\"Tiempo de lectura\" \/>\n\t<meta name=\"twitter:data1\" content=\"4 minutos\" \/>\n<script type=\"application\/ld+json\" class=\"yoast-schema-graph\">{\"@context\":\"https:\\\/\\\/schema.org\",\"@graph\":[{\"@type\":\"WebPage\",\"@id\":\"https:\\\/\\\/powermepronto.com\\\/no-deposit-blue-ridge-electric-company-with-the-lowest-rates\\\/\",\"url\":\"https:\\\/\\\/powermepronto.com\\\/no-deposit-blue-ridge-electric-company-with-the-lowest-rates\\\/\",\"name\":\"[:en]No Deposit Blue Ridge Electric Company with the Lowest Rates [:es]Electricidad Con las tarifas m\u00e1s bajas y sin Deposito[:] - Pronto Power\",\"isPartOf\":{\"@id\":\"https:\\\/\\\/powermepronto.com\\\/en\\\/#website\"},\"datePublished\":\"2023-06-30T14:58:43+00:00\",\"description\":\"Pronto Power is the best Blue Ridge electric company due to our low rates, flexible payment options, and exceptional service with no credit check or deposit.\",\"breadcrumb\":{\"@id\":\"https:\\\/\\\/powermepronto.com\\\/no-deposit-blue-ridge-electric-company-with-the-lowest-rates\\\/#breadcrumb\"},\"inLanguage\":\"es\",\"potentialAction\":[{\"@type\":\"ReadAction\",\"target\":[\"https:\\\/\\\/powermepronto.com\\\/no-deposit-blue-ridge-electric-company-with-the-lowest-rates\\\/\"]}]},{\"@type\":\"BreadcrumbList\",\"@id\":\"https:\\\/\\\/powermepronto.com\\\/no-deposit-blue-ridge-electric-company-with-the-lowest-rates\\\/#breadcrumb\",\"itemListElement\":[{\"@type\":\"ListItem\",\"position\":1,\"name\":\"Home\",\"item\":\"https:\\\/\\\/powermepronto.com\\\/en\\\/\"},{\"@type\":\"ListItem\",\"position\":2,\"name\":\"No Deposit Blue Ridge Electric Company with the Lowest Rates\"}]},{\"@type\":\"WebSite\",\"@id\":\"https:\\\/\\\/powermepronto.com\\\/en\\\/#website\",\"url\":\"https:\\\/\\\/powermepronto.com\\\/en\\\/\",\"name\":\"Pronto Power\",\"description\":\"\",\"potentialAction\":[{\"@type\":\"SearchAction\",\"target\":{\"@type\":\"EntryPoint\",\"urlTemplate\":\"https:\\\/\\\/powermepronto.com\\\/en\\\/?s={search_term_string}\"},\"query-input\":{\"@type\":\"PropertyValueSpecification\",\"valueRequired\":true,\"valueName\":\"search_term_string\"}}],\"inLanguage\":\"es\"}]}<\/script>\n<!-- \/ Yoast SEO plugin. -->","yoast_head_json":{"title":"[:en]No Deposit Blue Ridge Electric Company with the Lowest Rates [:es]Electricidad Con las tarifas m\u00e1s bajas y sin Deposito[:] - Pronto Power","description":"Pronto Power is the best Blue Ridge electric company due to our low rates, flexible payment options, and exceptional service with no credit check or deposit.","robots":{"index":"index","follow":"follow","max-snippet":"max-snippet:-1","max-image-preview":"max-image-preview:large","max-video-preview":"max-video-preview:-1"},"canonical":"https:\/\/powermepronto.com\/no-deposit-blue-ridge-electric-company-with-the-lowest-rates\/","og_locale":"es_ES","og_type":"article","og_title":"[:en]No Deposit Blue Ridge Electric Company with the Lowest Rates [:es]Electricidad Con las tarifas m\u00e1s bajas y sin Deposito[:] - Pronto Power","og_description":"Pronto Power is the best Blue Ridge electric company due to our low rates, flexible payment options, and exceptional service with no credit check or deposit.","og_url":"https:\/\/powermepronto.com\/no-deposit-blue-ridge-electric-company-with-the-lowest-rates\/","og_site_name":"Pronto Power","twitter_card":"summary_large_image","twitter_misc":{"Tiempo de lectura":"4 minutos"},"schema":{"@context":"https:\/\/schema.org","@graph":[{"@type":"WebPage","@id":"https:\/\/powermepronto.com\/no-deposit-blue-ridge-electric-company-with-the-lowest-rates\/","url":"https:\/\/powermepronto.com\/no-deposit-blue-ridge-electric-company-with-the-lowest-rates\/","name":"[:en]No Deposit Blue Ridge Electric Company with the Lowest Rates [:es]Electricidad Con las tarifas m\u00e1s bajas y sin Deposito[:] - Pronto Power","isPartOf":{"@id":"https:\/\/powermepronto.com\/en\/#website"},"datePublished":"2023-06-30T14:58:43+00:00","description":"Pronto Power is the best Blue Ridge electric company due to our low rates, flexible payment options, and exceptional service with no credit check or deposit.","breadcrumb":{"@id":"https:\/\/powermepronto.com\/no-deposit-blue-ridge-electric-company-with-the-lowest-rates\/#breadcrumb"},"inLanguage":"es","potentialAction":[{"@type":"ReadAction","target":["https:\/\/powermepronto.com\/no-deposit-blue-ridge-electric-company-with-the-lowest-rates\/"]}]},{"@type":"BreadcrumbList","@id":"https:\/\/powermepronto.com\/no-deposit-blue-ridge-electric-company-with-the-lowest-rates\/#breadcrumb","itemListElement":[{"@type":"ListItem","position":1,"name":"Home","item":"https:\/\/powermepronto.com\/en\/"},{"@type":"ListItem","position":2,"name":"No Deposit Blue Ridge Electric Company with the Lowest Rates"}]},{"@type":"WebSite","@id":"https:\/\/powermepronto.com\/en\/#website","url":"https:\/\/powermepronto.com\/en\/","name":"Pronto Power","description":"","potentialAction":[{"@type":"SearchAction","target":{"@type":"EntryPoint","urlTemplate":"https:\/\/powermepronto.com\/en\/?s={search_term_string}"},"query-input":{"@type":"PropertyValueSpecification","valueRequired":true,"valueName":"search_term_string"}}],"inLanguage":"es"}]}},"_links":{"self":[{"href":"https:\/\/powermepronto.com\/es\/wp-json\/wp\/v2\/pages\/3799","targetHints":{"allow":["GET"]}}],"collection":[{"href":"https:\/\/powermepronto.com\/es\/wp-json\/wp\/v2\/pages"}],"about":[{"href":"https:\/\/powermepronto.com\/es\/wp-json\/wp\/v2\/types\/page"}],"author":[{"embeddable":true,"href":"https:\/\/powermepronto.com\/es\/wp-json\/wp\/v2\/users\/1"}],"replies":[{"embeddable":true,"href":"https:\/\/powermepronto.com\/es\/wp-json\/wp\/v2\/comments?post=3799"}],"version-history":[{"count":1,"href":"https:\/\/powermepronto.com\/es\/wp-json\/wp\/v2\/pages\/3799\/revisions"}],"predecessor-version":[{"id":3800,"href":"https:\/\/powermepronto.com\/es\/wp-json\/wp\/v2\/pages\/3799\/revisions\/3800"}],"wp:attachment":[{"href":"https:\/\/powermepronto.com\/es\/wp-json\/wp\/v2\/media?parent=3799"}],"curies":[{"name":"wp","href":"https:\/\/api.w.org\/{rel}","templated":true}]}}