{"id":3795,"date":"2023-06-30T09:51:00","date_gmt":"2023-06-30T14:51:00","guid":{"rendered":"https:\/\/powermepronto.com\/?page_id=3795"},"modified":"2023-06-30T09:51:00","modified_gmt":"2023-06-30T14:51:00","slug":"austin-prepaid-electricity-with-the-lowest-rates","status":"publish","type":"page","link":"https:\/\/powermepronto.com\/es\/austin-prepaid-electricity-with-the-lowest-rates\/","title":{"rendered":"Electricidad Prepagada en Austin con las Tarifas M\u00e1s Bajas"},"content":{"rendered":"<p class=\"p1\"><\/p>\n<p><span style=\"font-weight: 400;\">Pronto Power es la principal empresa de electricidad prepaga de Austin, as\u00ed como una empresa <\/span><span style=\"font-weight: 400;\">l\u00edder para el \u00e1rea circundante. A diferencia de las compa\u00f1\u00edas de energ\u00eda tradicionales queue <\/span><span style=\"font-weight: 400;\">requieren que los clientes se suscriban a planes de contrato y ciclos de facturaci\u00f3n, Pronto <\/span><span style=\"font-weight: 400;\">Power les permite a los clientes prepagar la electricidad y pagar sobre la marcha. Esto brinda a <\/span><span style=\"font-weight: 400;\">los clientes una soluci\u00f3n de electricidad flexible y asequible que brinda tranquilidad.<\/span><\/p>\n<h2><b>Tarifas M\u00e1s Bajas en Texas<\/b><\/h2>\n<p><span style=\"font-weight: 400;\">Las tarifas que ofrece Pronto Power son las m\u00e1s bajas de Texas y hacen de la empresa una <\/span><span style=\"font-weight: 400;\">opci\u00f3n atractiva para los consumidores preocupados por su presupuesto. Sin requisitos de <\/span><span style=\"font-weight: 400;\">dep\u00f3sito ni verificaci\u00f3n de cr\u00e9dito, Pronto Power presenta herramientas digitales f\u00e1ciles de usar <\/span><span style=\"font-weight: 400;\">que hacen que comprender su consumo mensual de electricidad sea simple y directo. Esto <\/span><span style=\"font-weight: 400;\">ayuda a las personas a monitorear con precisi\u00f3n sus gastos de consumo y servicio.<\/span><\/p>\n<h2><b>\u00c9nfasis en el Servicio al Cliente<\/b><\/h2>\n<p><span style=\"font-weight: 400;\">Lo que distingue a Pronto Power de la pr\u00f3xima compa\u00f1\u00eda el\u00e9ctrica prepaga de Austin es su <\/span><span style=\"font-weight: 400;\">compromiso de formar relaciones significativas con sus clientes. Brindan un servicio al cliente <\/span><span style=\"font-weight: 400;\">\u00fatil por tel\u00e9fono, correo electr\u00f3nico y mensaje de texto, asegurando que sus clientes obtengan <\/span><span style=\"font-weight: 400;\">la asistencia que necesitan para resolver sus problemas de energ\u00eda r\u00e1pidamente.<\/span><\/p>\n<h2><b>Opciones de Pago F\u00e1ciles<\/b><\/h2>\n<p><span style=\"font-weight: 400;\">Sabemos que nuestros clientes tienen vidas ocupadas, por lo que Pronto Power ofrece varias <\/span><span style=\"font-weight: 400;\">opciones de pago para facilitar el pago de sus facturas. Los clientes pueden pagar en l\u00ednea con <\/span><span style=\"font-weight: 400;\">o sin iniciar sesi\u00f3n en su cuenta. Pueden pagar a trav\u00e9s de los centros de pago de <\/span><span style=\"font-weight: 400;\">MoneyGram. Y, incluso cuando nuestras l\u00edneas telef\u00f3nicas est\u00e1n ocupadas por llamadas <\/span><span style=\"font-weight: 400;\">telef\u00f3nicas, pueden pagar por mensaje de texto. Estas son solo algunas de las formas en queue <\/span><span style=\"font-weight: 400;\">hacemos la vida m\u00e1s f\u00e1cil para nuestros clientes.<\/span><\/p>\n<p><span style=\"font-weight: 400;\">En resumen, Pronto Power es la principal compa\u00f1\u00eda el\u00e9ctrica prepaga de Austin que ofrece las <\/span><span style=\"font-weight: 400;\">tarifas m\u00e1s bajas de Texas, fuentes de energ\u00eda sostenibles y relaciones confiables con los <\/span><span style=\"font-weight: 400;\">clientes. Con su servicio dedicado y precios competitivos, Pronto Power est\u00e1 ayudando a crear <\/span><span style=\"font-weight: 400;\">un futuro energ\u00e9tico m\u00e1s seguro y vibrante en Austin y m\u00e1s all\u00e1.<\/span><\/p>\n<p class=\"p1\"><\/p>","protected":false},"excerpt":{"rendered":"<p>Pronto Power es la principal empresa de electricidad prepaga de Austin, as\u00ed como una empresa l\u00edder para el \u00e1rea circundante. A diferencia de las compa\u00f1\u00edas de energ\u00eda tradicionales queue requieren que los clientes se suscriban a planes de contrato y ciclos de facturaci\u00f3n, Pronto Power les permite a los clientes prepagar la electricidad y pagar &hellip; <a href=\"https:\/\/powermepronto.com\/es\/austin-prepaid-electricity-with-the-lowest-rates\/\" class=\"more-link\">Continue reading <span class=\"screen-reader-text\">Electricidad Prepagada en Austin con las Tarifas M\u00e1s Bajas<\/span><\/a><\/p>\n","protected":false},"author":1,"featured_media":0,"parent":0,"menu_order":0,"comment_status":"closed","ping_status":"closed","template":"","meta":{"_acf_changed":false,"_glsr_average":0,"_glsr_ranking":0,"_glsr_reviews":0,"footnotes":"","_links_to":"","_links_to_target":""},"class_list":["post-3795","page","type-page","status-publish","hentry"],"acf":[],"yoast_head":"<!-- This site is optimized with the Yoast SEO plugin v27.4 - https:\/\/yoast.com\/product\/yoast-seo-wordpress\/ -->\n<title>Electricidad Prepagada en Austin con las Tarifas M\u00e1s Bajas - Pronto Power<\/title>\n<meta name=\"description\" content=\"Pronto Power is the premier Austin prepaid electric company offering the lowest rates in Texas, sustainable energy sources, and dependable customer relations.\" \/>\n<meta name=\"robots\" content=\"index, follow, max-snippet:-1, max-image-preview:large, max-video-preview:-1\" \/>\n<link rel=\"canonical\" href=\"https:\/\/powermepronto.com\/austin-prepaid-electricity-with-the-lowest-rates\/\" \/>\n<meta property=\"og:locale\" content=\"es_ES\" \/>\n<meta property=\"og:type\" content=\"article\" \/>\n<meta property=\"og:title\" content=\"[:en]Austin Prepaid Electricity with the Lowest Rates[:es]Electricidad Prepagada en Austin con las Tarifas M\u00e1s Bajas[:] - Pronto Power\" \/>\n<meta property=\"og:description\" content=\"Pronto Power is the premier Austin prepaid electric company offering the lowest rates in Texas, sustainable energy sources, and dependable customer relations.\" \/>\n<meta property=\"og:url\" content=\"https:\/\/powermepronto.com\/austin-prepaid-electricity-with-the-lowest-rates\/\" \/>\n<meta property=\"og:site_name\" content=\"Pronto Power\" \/>\n<meta name=\"twitter:card\" content=\"summary_large_image\" \/>\n<meta name=\"twitter:label1\" content=\"Tiempo de lectura\" \/>\n\t<meta name=\"twitter:data1\" content=\"3 minutos\" \/>\n<script type=\"application\/ld+json\" class=\"yoast-schema-graph\">{\"@context\":\"https:\\\/\\\/schema.org\",\"@graph\":[{\"@type\":\"WebPage\",\"@id\":\"https:\\\/\\\/powermepronto.com\\\/austin-prepaid-electricity-with-the-lowest-rates\\\/\",\"url\":\"https:\\\/\\\/powermepronto.com\\\/austin-prepaid-electricity-with-the-lowest-rates\\\/\",\"name\":\"[:en]Austin Prepaid Electricity with the Lowest Rates[:es]Electricidad Prepagada en Austin con las Tarifas M\u00e1s Bajas[:] - Pronto Power\",\"isPartOf\":{\"@id\":\"https:\\\/\\\/powermepronto.com\\\/en\\\/#website\"},\"datePublished\":\"2023-06-30T14:51:00+00:00\",\"description\":\"Pronto Power is the premier Austin prepaid electric company offering the lowest rates in Texas, sustainable energy sources, and dependable customer relations.\",\"breadcrumb\":{\"@id\":\"https:\\\/\\\/powermepronto.com\\\/austin-prepaid-electricity-with-the-lowest-rates\\\/#breadcrumb\"},\"inLanguage\":\"es\",\"potentialAction\":[{\"@type\":\"ReadAction\",\"target\":[\"https:\\\/\\\/powermepronto.com\\\/austin-prepaid-electricity-with-the-lowest-rates\\\/\"]}]},{\"@type\":\"BreadcrumbList\",\"@id\":\"https:\\\/\\\/powermepronto.com\\\/austin-prepaid-electricity-with-the-lowest-rates\\\/#breadcrumb\",\"itemListElement\":[{\"@type\":\"ListItem\",\"position\":1,\"name\":\"Home\",\"item\":\"https:\\\/\\\/powermepronto.com\\\/en\\\/\"},{\"@type\":\"ListItem\",\"position\":2,\"name\":\"Austin Prepaid Electricity with the Lowest Rates\"}]},{\"@type\":\"WebSite\",\"@id\":\"https:\\\/\\\/powermepronto.com\\\/en\\\/#website\",\"url\":\"https:\\\/\\\/powermepronto.com\\\/en\\\/\",\"name\":\"Pronto Power\",\"description\":\"\",\"potentialAction\":[{\"@type\":\"SearchAction\",\"target\":{\"@type\":\"EntryPoint\",\"urlTemplate\":\"https:\\\/\\\/powermepronto.com\\\/en\\\/?s={search_term_string}\"},\"query-input\":{\"@type\":\"PropertyValueSpecification\",\"valueRequired\":true,\"valueName\":\"search_term_string\"}}],\"inLanguage\":\"es\"}]}<\/script>\n<!-- \/ Yoast SEO plugin. -->","yoast_head_json":{"title":"[:en]Austin Prepaid Electricity with the Lowest Rates[:es]Electricidad Prepagada en Austin con las Tarifas M\u00e1s Bajas[:] - Pronto Power","description":"Pronto Power is the premier Austin prepaid electric company offering the lowest rates in Texas, sustainable energy sources, and dependable customer relations.","robots":{"index":"index","follow":"follow","max-snippet":"max-snippet:-1","max-image-preview":"max-image-preview:large","max-video-preview":"max-video-preview:-1"},"canonical":"https:\/\/powermepronto.com\/austin-prepaid-electricity-with-the-lowest-rates\/","og_locale":"es_ES","og_type":"article","og_title":"[:en]Austin Prepaid Electricity with the Lowest Rates[:es]Electricidad Prepagada en Austin con las Tarifas M\u00e1s Bajas[:] - Pronto Power","og_description":"Pronto Power is the premier Austin prepaid electric company offering the lowest rates in Texas, sustainable energy sources, and dependable customer relations.","og_url":"https:\/\/powermepronto.com\/austin-prepaid-electricity-with-the-lowest-rates\/","og_site_name":"Pronto Power","twitter_card":"summary_large_image","twitter_misc":{"Tiempo de lectura":"3 minutos"},"schema":{"@context":"https:\/\/schema.org","@graph":[{"@type":"WebPage","@id":"https:\/\/powermepronto.com\/austin-prepaid-electricity-with-the-lowest-rates\/","url":"https:\/\/powermepronto.com\/austin-prepaid-electricity-with-the-lowest-rates\/","name":"[:en]Austin Prepaid Electricity with the Lowest Rates[:es]Electricidad Prepagada en Austin con las Tarifas M\u00e1s Bajas[:] - Pronto Power","isPartOf":{"@id":"https:\/\/powermepronto.com\/en\/#website"},"datePublished":"2023-06-30T14:51:00+00:00","description":"Pronto Power is the premier Austin prepaid electric company offering the lowest rates in Texas, sustainable energy sources, and dependable customer relations.","breadcrumb":{"@id":"https:\/\/powermepronto.com\/austin-prepaid-electricity-with-the-lowest-rates\/#breadcrumb"},"inLanguage":"es","potentialAction":[{"@type":"ReadAction","target":["https:\/\/powermepronto.com\/austin-prepaid-electricity-with-the-lowest-rates\/"]}]},{"@type":"BreadcrumbList","@id":"https:\/\/powermepronto.com\/austin-prepaid-electricity-with-the-lowest-rates\/#breadcrumb","itemListElement":[{"@type":"ListItem","position":1,"name":"Home","item":"https:\/\/powermepronto.com\/en\/"},{"@type":"ListItem","position":2,"name":"Austin Prepaid Electricity with the Lowest Rates"}]},{"@type":"WebSite","@id":"https:\/\/powermepronto.com\/en\/#website","url":"https:\/\/powermepronto.com\/en\/","name":"Pronto Power","description":"","potentialAction":[{"@type":"SearchAction","target":{"@type":"EntryPoint","urlTemplate":"https:\/\/powermepronto.com\/en\/?s={search_term_string}"},"query-input":{"@type":"PropertyValueSpecification","valueRequired":true,"valueName":"search_term_string"}}],"inLanguage":"es"}]}},"_links":{"self":[{"href":"https:\/\/powermepronto.com\/es\/wp-json\/wp\/v2\/pages\/3795","targetHints":{"allow":["GET"]}}],"collection":[{"href":"https:\/\/powermepronto.com\/es\/wp-json\/wp\/v2\/pages"}],"about":[{"href":"https:\/\/powermepronto.com\/es\/wp-json\/wp\/v2\/types\/page"}],"author":[{"embeddable":true,"href":"https:\/\/powermepronto.com\/es\/wp-json\/wp\/v2\/users\/1"}],"replies":[{"embeddable":true,"href":"https:\/\/powermepronto.com\/es\/wp-json\/wp\/v2\/comments?post=3795"}],"version-history":[{"count":1,"href":"https:\/\/powermepronto.com\/es\/wp-json\/wp\/v2\/pages\/3795\/revisions"}],"predecessor-version":[{"id":3796,"href":"https:\/\/powermepronto.com\/es\/wp-json\/wp\/v2\/pages\/3795\/revisions\/3796"}],"wp:attachment":[{"href":"https:\/\/powermepronto.com\/es\/wp-json\/wp\/v2\/media?parent=3795"}],"curies":[{"name":"wp","href":"https:\/\/api.w.org\/{rel}","templated":true}]}}