{"id":3793,"date":"2023-06-30T09:46:03","date_gmt":"2023-06-30T14:46:03","guid":{"rendered":"https:\/\/powermepronto.com\/?page_id=3793"},"modified":"2023-06-30T09:46:03","modified_gmt":"2023-06-30T14:46:03","slug":"cheapest-garland-prepaid-electricity-provider-with-no-credit-checks","status":"publish","type":"page","link":"https:\/\/powermepronto.com\/es\/cheapest-garland-prepaid-electricity-provider-with-no-credit-checks\/","title":{"rendered":"El Proveedor de Electricidad Prepago en Garland M\u00e1s Barato sin Verificaci\u00f3n de Cr\u00e9dito"},"content":{"rendered":"<p class=\"p1\"><\/p>\n<p><span style=\"font-weight: 400;\">Pronto Power es el proveedor de electricidad prepago m\u00e1s barato de Garland y la opci\u00f3n <\/span><span style=\"font-weight: 400;\">perfecta para aquellos que necesitan una compa\u00f1\u00eda el\u00e9ctrica que no pueden calificar para los <\/span><span style=\"font-weight: 400;\">servicios tradicionales debido a sus limitaciones de puntaje crediticio.<\/span><\/p>\n<p class=\"p1\">\n<h2><b>Sin verificaci\u00f3n de cr\u00e9dito<\/b><\/h2>\n<p><span style=\"font-weight: 400;\">La misi\u00f3n de Pronto Power es proporcionar electricidad a todos los clients, <\/span><span style=\"font-weight: 400;\">independientemente de su calificaci\u00f3n crediticia. Lo hacen ofreciendo un plan asequible, de <\/span><span style=\"font-weight: 400;\">pago por uso y sin verificaci\u00f3n de cr\u00e9dito que le permite obtener electricidad en cuesti\u00f3n de <\/span><span style=\"font-weight: 400;\">minutos despu\u00e9s de registrarse en su servicio.<\/span><\/p>\n<h2><b>Planes de pago<\/b><\/h2>\n<p><span style=\"font-weight: 400;\">Como compa\u00f1\u00eda de electricidad prepaga de Garland, Pronto Power ofrece una variedad de <\/span><span style=\"font-weight: 400;\">planes de pago para satisfacer las necesidades de los diferentes clientes. Cada plan le permite <\/span><span style=\"font-weight: 400;\">elegir un ciclo de pago y una fecha de pago, as\u00ed como cu\u00e1nto le gustar\u00eda pagar en cada ciclo. <\/span><span style=\"font-weight: 400;\">Puede elegir pagar su uso de energ\u00eda estimado con un pago f\u00e1cil de entender, o puede elegir <\/span><span style=\"font-weight: 400;\">que los pagos se retiren cada mes en una fecha determinada. Pronto Power tampoco require <\/span><span style=\"font-weight: 400;\">un dep\u00f3sito de seguridad, lo que lo hace a\u00fan m\u00e1s asequible y conveniente.<\/span><\/p>\n<h2><b>Bajas tasas<\/b><\/h2>\n<p><span style=\"font-weight: 400;\">Con Pronto Power, obtiene el servicio confiable que espera de la compa\u00f1\u00eda de electricidad <\/span><span style=\"font-weight: 400;\">prepaga n\u00famero 1 de Garland, pero a una tarifa mucho m\u00e1s baja. Pronto Power se asegura de <\/span><span style=\"font-weight: 400;\">brindarle energ\u00eda y un servicio de calidad en el que puede confiar y esperar en todo momento. <\/span><span style=\"font-weight: 400;\">Adem\u00e1s, Pronto Power tambi\u00e9n ofrece una conveniente plataforma de servicio al cliente en <\/span><span style=\"font-weight: 400;\">l\u00ednea que est\u00e1 disponible las 24 horas del d\u00eda, los 7 d\u00edas de la semana para atender cualquier <\/span><span style=\"font-weight: 400;\">consulta o inquietud de los clientes.<\/span><\/p>\n<p><span style=\"font-weight: 400;\">Cuando se registra en Pronto Power, puede estar tranquilo sabiendo que est\u00e1 recibiendo la <\/span><span style=\"font-weight: 400;\">mejor electricidad para sus necesidades. Sin verificaci\u00f3n de cr\u00e9dito, un plan de pago por uso y <\/span><span style=\"font-weight: 400;\">sin dep\u00f3sito de seguridad, Pronto Power es la mejor y m\u00e1s econ\u00f3mica opci\u00f3n para sus <\/span><span style=\"font-weight: 400;\">necesidades de electricidad en Garland, Texas.<\/span><\/p>\n<p class=\"p1\">\n<\/p>","protected":false},"excerpt":{"rendered":"<p>Pronto Power es el proveedor de electricidad prepago m\u00e1s barato de Garland y la opci\u00f3n perfecta para aquellos que necesitan una compa\u00f1\u00eda el\u00e9ctrica que no pueden calificar para los servicios tradicionales debido a sus limitaciones de puntaje crediticio. Sin verificaci\u00f3n de cr\u00e9dito La misi\u00f3n de Pronto Power es proporcionar electricidad a todos los clients, independientemente &hellip; <a href=\"https:\/\/powermepronto.com\/es\/cheapest-garland-prepaid-electricity-provider-with-no-credit-checks\/\" class=\"more-link\">Continue reading <span class=\"screen-reader-text\">El Proveedor de Electricidad Prepago en Garland M\u00e1s Barato sin Verificaci\u00f3n de Cr\u00e9dito<\/span><\/a><\/p>\n","protected":false},"author":1,"featured_media":0,"parent":0,"menu_order":0,"comment_status":"closed","ping_status":"closed","template":"","meta":{"_acf_changed":false,"_glsr_average":0,"_glsr_ranking":0,"_glsr_reviews":0,"footnotes":"","_links_to":"","_links_to_target":""},"class_list":["post-3793","page","type-page","status-publish","hentry"],"acf":[],"yoast_head":"<!-- This site is optimized with the Yoast SEO plugin v27.4 - https:\/\/yoast.com\/product\/yoast-seo-wordpress\/ -->\n<title>El Proveedor de Electricidad Prepago en Garland M\u00e1s Barato sin Verificaci\u00f3n de Cr\u00e9dito - Pronto Power<\/title>\n<meta name=\"description\" content=\"Pronto Power is the best and most economical choice for your electricity needs in Garland, Texas.\" \/>\n<meta name=\"robots\" content=\"index, follow, max-snippet:-1, max-image-preview:large, max-video-preview:-1\" \/>\n<link rel=\"canonical\" href=\"https:\/\/powermepronto.com\/cheapest-garland-prepaid-electricity-provider-with-no-credit-checks\/\" \/>\n<meta property=\"og:locale\" content=\"es_ES\" \/>\n<meta property=\"og:type\" content=\"article\" \/>\n<meta property=\"og:title\" content=\"[:en]Cheapest Garland Prepaid Electricity Provider with No Credit Checks[:es]El Proveedor de Electricidad Prepago en Garland M\u00e1s Barato sin Verificaci\u00f3n de Cr\u00e9dito[:] - Pronto Power\" \/>\n<meta property=\"og:description\" content=\"Pronto Power is the best and most economical choice for your electricity needs in Garland, Texas.\" \/>\n<meta property=\"og:url\" content=\"https:\/\/powermepronto.com\/cheapest-garland-prepaid-electricity-provider-with-no-credit-checks\/\" \/>\n<meta property=\"og:site_name\" content=\"Pronto Power\" \/>\n<meta name=\"twitter:card\" content=\"summary_large_image\" \/>\n<meta name=\"twitter:label1\" content=\"Tiempo de lectura\" \/>\n\t<meta name=\"twitter:data1\" content=\"3 minutos\" \/>\n<script type=\"application\/ld+json\" class=\"yoast-schema-graph\">{\"@context\":\"https:\\\/\\\/schema.org\",\"@graph\":[{\"@type\":\"WebPage\",\"@id\":\"https:\\\/\\\/powermepronto.com\\\/cheapest-garland-prepaid-electricity-provider-with-no-credit-checks\\\/\",\"url\":\"https:\\\/\\\/powermepronto.com\\\/cheapest-garland-prepaid-electricity-provider-with-no-credit-checks\\\/\",\"name\":\"[:en]Cheapest Garland Prepaid Electricity Provider with No Credit Checks[:es]El Proveedor de Electricidad Prepago en Garland M\u00e1s Barato sin Verificaci\u00f3n de Cr\u00e9dito[:] - Pronto Power\",\"isPartOf\":{\"@id\":\"https:\\\/\\\/powermepronto.com\\\/en\\\/#website\"},\"datePublished\":\"2023-06-30T14:46:03+00:00\",\"description\":\"Pronto Power is the best and most economical choice for your electricity needs in Garland, Texas.\",\"breadcrumb\":{\"@id\":\"https:\\\/\\\/powermepronto.com\\\/cheapest-garland-prepaid-electricity-provider-with-no-credit-checks\\\/#breadcrumb\"},\"inLanguage\":\"es\",\"potentialAction\":[{\"@type\":\"ReadAction\",\"target\":[\"https:\\\/\\\/powermepronto.com\\\/cheapest-garland-prepaid-electricity-provider-with-no-credit-checks\\\/\"]}]},{\"@type\":\"BreadcrumbList\",\"@id\":\"https:\\\/\\\/powermepronto.com\\\/cheapest-garland-prepaid-electricity-provider-with-no-credit-checks\\\/#breadcrumb\",\"itemListElement\":[{\"@type\":\"ListItem\",\"position\":1,\"name\":\"Home\",\"item\":\"https:\\\/\\\/powermepronto.com\\\/en\\\/\"},{\"@type\":\"ListItem\",\"position\":2,\"name\":\"Cheapest Garland Prepaid Electricity Provider with No Credit Checks\"}]},{\"@type\":\"WebSite\",\"@id\":\"https:\\\/\\\/powermepronto.com\\\/en\\\/#website\",\"url\":\"https:\\\/\\\/powermepronto.com\\\/en\\\/\",\"name\":\"Pronto Power\",\"description\":\"\",\"potentialAction\":[{\"@type\":\"SearchAction\",\"target\":{\"@type\":\"EntryPoint\",\"urlTemplate\":\"https:\\\/\\\/powermepronto.com\\\/en\\\/?s={search_term_string}\"},\"query-input\":{\"@type\":\"PropertyValueSpecification\",\"valueRequired\":true,\"valueName\":\"search_term_string\"}}],\"inLanguage\":\"es\"}]}<\/script>\n<!-- \/ Yoast SEO plugin. -->","yoast_head_json":{"title":"[:en]Cheapest Garland Prepaid Electricity Provider with No Credit Checks[:es]El Proveedor de Electricidad Prepago en Garland M\u00e1s Barato sin Verificaci\u00f3n de Cr\u00e9dito[:] - Pronto Power","description":"Pronto Power is the best and most economical choice for your electricity needs in Garland, Texas.","robots":{"index":"index","follow":"follow","max-snippet":"max-snippet:-1","max-image-preview":"max-image-preview:large","max-video-preview":"max-video-preview:-1"},"canonical":"https:\/\/powermepronto.com\/cheapest-garland-prepaid-electricity-provider-with-no-credit-checks\/","og_locale":"es_ES","og_type":"article","og_title":"[:en]Cheapest Garland Prepaid Electricity Provider with No Credit Checks[:es]El Proveedor de Electricidad Prepago en Garland M\u00e1s Barato sin Verificaci\u00f3n de Cr\u00e9dito[:] - Pronto Power","og_description":"Pronto Power is the best and most economical choice for your electricity needs in Garland, Texas.","og_url":"https:\/\/powermepronto.com\/cheapest-garland-prepaid-electricity-provider-with-no-credit-checks\/","og_site_name":"Pronto Power","twitter_card":"summary_large_image","twitter_misc":{"Tiempo de lectura":"3 minutos"},"schema":{"@context":"https:\/\/schema.org","@graph":[{"@type":"WebPage","@id":"https:\/\/powermepronto.com\/cheapest-garland-prepaid-electricity-provider-with-no-credit-checks\/","url":"https:\/\/powermepronto.com\/cheapest-garland-prepaid-electricity-provider-with-no-credit-checks\/","name":"[:en]Cheapest Garland Prepaid Electricity Provider with No Credit Checks[:es]El Proveedor de Electricidad Prepago en Garland M\u00e1s Barato sin Verificaci\u00f3n de Cr\u00e9dito[:] - Pronto Power","isPartOf":{"@id":"https:\/\/powermepronto.com\/en\/#website"},"datePublished":"2023-06-30T14:46:03+00:00","description":"Pronto Power is the best and most economical choice for your electricity needs in Garland, Texas.","breadcrumb":{"@id":"https:\/\/powermepronto.com\/cheapest-garland-prepaid-electricity-provider-with-no-credit-checks\/#breadcrumb"},"inLanguage":"es","potentialAction":[{"@type":"ReadAction","target":["https:\/\/powermepronto.com\/cheapest-garland-prepaid-electricity-provider-with-no-credit-checks\/"]}]},{"@type":"BreadcrumbList","@id":"https:\/\/powermepronto.com\/cheapest-garland-prepaid-electricity-provider-with-no-credit-checks\/#breadcrumb","itemListElement":[{"@type":"ListItem","position":1,"name":"Home","item":"https:\/\/powermepronto.com\/en\/"},{"@type":"ListItem","position":2,"name":"Cheapest Garland Prepaid Electricity Provider with No Credit Checks"}]},{"@type":"WebSite","@id":"https:\/\/powermepronto.com\/en\/#website","url":"https:\/\/powermepronto.com\/en\/","name":"Pronto Power","description":"","potentialAction":[{"@type":"SearchAction","target":{"@type":"EntryPoint","urlTemplate":"https:\/\/powermepronto.com\/en\/?s={search_term_string}"},"query-input":{"@type":"PropertyValueSpecification","valueRequired":true,"valueName":"search_term_string"}}],"inLanguage":"es"}]}},"_links":{"self":[{"href":"https:\/\/powermepronto.com\/es\/wp-json\/wp\/v2\/pages\/3793","targetHints":{"allow":["GET"]}}],"collection":[{"href":"https:\/\/powermepronto.com\/es\/wp-json\/wp\/v2\/pages"}],"about":[{"href":"https:\/\/powermepronto.com\/es\/wp-json\/wp\/v2\/types\/page"}],"author":[{"embeddable":true,"href":"https:\/\/powermepronto.com\/es\/wp-json\/wp\/v2\/users\/1"}],"replies":[{"embeddable":true,"href":"https:\/\/powermepronto.com\/es\/wp-json\/wp\/v2\/comments?post=3793"}],"version-history":[{"count":1,"href":"https:\/\/powermepronto.com\/es\/wp-json\/wp\/v2\/pages\/3793\/revisions"}],"predecessor-version":[{"id":3794,"href":"https:\/\/powermepronto.com\/es\/wp-json\/wp\/v2\/pages\/3793\/revisions\/3794"}],"wp:attachment":[{"href":"https:\/\/powermepronto.com\/es\/wp-json\/wp\/v2\/media?parent=3793"}],"curies":[{"name":"wp","href":"https:\/\/api.w.org\/{rel}","templated":true}]}}