{"id":3791,"date":"2023-06-30T09:42:01","date_gmt":"2023-06-30T14:42:01","guid":{"rendered":"https:\/\/powermepronto.com\/?page_id=3791"},"modified":"2023-06-30T09:42:01","modified_gmt":"2023-06-30T14:42:01","slug":"farmers-branch-prepaid-power-with-no-hassles","status":"publish","type":"page","link":"https:\/\/powermepronto.com\/es\/farmers-branch-prepaid-power-with-no-hassles\/","title":{"rendered":"Energ\u00eda Prepagada de Farmers Branch sin Complicaciones"},"content":{"rendered":"<p class=\"p1\"><\/p>\n<p><span style=\"font-weight: 400;\">Pronto Power es la respuesta a las oraciones de muchos propietarios de Farmers Branch, <\/span><span style=\"font-weight: 400;\">Texas, cuando se trata de energ\u00eda prepaga sin requisitos de dep\u00f3sito y sin verificaci\u00f3n de <\/span><span style=\"font-weight: 400;\">cr\u00e9dito. Como la compa\u00f1\u00eda de energ\u00eda prepaga n\u00famero 1 de Farmers Branch, brindamos <\/span><span style=\"font-weight: 400;\">acceso directo a la electricidad sin problemas.<\/span><\/p>\n<h2><b>Electricidad de pago por uso<\/b><\/h2>\n<p><span style=\"font-weight: 400;\">En lugar de tener que suscribirse a un plan de energ\u00eda con un proveedor de energ\u00eda traditional, <\/span><span style=\"font-weight: 400;\">Pronto Power permite a los clientes pagar el uso de electricidad por adelantado. Los clients <\/span><span style=\"font-weight: 400;\">pueden comprar la energ\u00eda prepaga de Pronto Power f\u00e1cilmente y luego pagar sobre la <\/span><span style=\"font-weight: 400;\">marcha. Ll\u00e1menos hoy para obtener m\u00e1s informaci\u00f3n o para programar una conexi\u00f3n.<\/span><\/p>\n<h2><b>Sin dep\u00f3sito ni verificaci\u00f3n de cr\u00e9dito<\/b><\/h2>\n<p><span style=\"font-weight: 400;\">Los clientes pueden beneficiarse f\u00e1cilmente de Pronto Power porque no se requiere dep\u00f3sito ni <\/span><span style=\"font-weight: 400;\">verificaci\u00f3n de cr\u00e9dito. Esto brinda a los clientes la libertad de pagar sus necesidades el\u00e9ctricas <\/span><span style=\"font-weight: 400;\">por adelantado y en sus propios t\u00e9rminos. Adem\u00e1s, el servicio de la compa\u00f1\u00eda es compatible <\/span><span style=\"font-weight: 400;\">con una amplia gama de sistemas el\u00e9ctricos por lo que es muy conveniente.<\/span><\/p>\n<h2><b>Sin contrato a largo plazo<\/b><\/h2>\n<p><span style=\"font-weight: 400;\">Adem\u00e1s, Pronto Power es rentable porque no requerimos contratos a largo plazo y sus precios <\/span><span style=\"font-weight: 400;\">son m\u00e1s bajos que los de un proveedor de energ\u00eda tradicional. Esto es especialmente <\/span><span style=\"font-weight: 400;\">beneficioso para los propietarios de peque\u00f1as empresas que solo pueden usar electricidad en <\/span><span style=\"font-weight: 400;\">ciertos d\u00edas y deben pagarla por adelantado.<\/span><\/p>\n<p class=\"p1\">\n<p><b>Centrarse en el servicio al cliente<\/b><\/p>\n<p><span style=\"font-weight: 400;\">Adem\u00e1s, el servicio al cliente es un enfoque clave en Pronto Power y nuestro personal de <\/span><span style=\"font-weight: 400;\">servicio al cliente est\u00e1 altamente capacitado para brindar el mejor servicio posible y ayudar a <\/span><span style=\"font-weight: 400;\">los clientes con cualquier pregunta sobre nuestros servicios. <\/span><span style=\"font-weight: 400;\">Pronto Power es realmente el proveedor l\u00edder de energ\u00eda prepaga de Farmers Branch que <\/span><span style=\"font-weight: 400;\">ofrece las tarifas m\u00e1s bajas en Texas y est\u00e1 ayudando a encender las luces para muchos que <\/span><span style=\"font-weight: 400;\">de otra manera no habr\u00edan podido hacerlo. Sin requisito de dep\u00f3sito y sin verificaci\u00f3n de <\/span><span style=\"font-weight: 400;\">cr\u00e9dito, los clientes que se encuentran con una necesidad de energ\u00eda pueden hacerse cargo de <\/span><span style=\"font-weight: 400;\">su propio consumo de energ\u00eda.<\/span><\/p>\n<p class=\"p1\"><\/p>","protected":false},"excerpt":{"rendered":"<p>Pronto Power es la respuesta a las oraciones de muchos propietarios de Farmers Branch, Texas, cuando se trata de energ\u00eda prepaga sin requisitos de dep\u00f3sito y sin verificaci\u00f3n de cr\u00e9dito. Como la compa\u00f1\u00eda de energ\u00eda prepaga n\u00famero 1 de Farmers Branch, brindamos acceso directo a la electricidad sin problemas. Electricidad de pago por uso En &hellip; <a href=\"https:\/\/powermepronto.com\/es\/farmers-branch-prepaid-power-with-no-hassles\/\" class=\"more-link\">Continue reading <span class=\"screen-reader-text\">Energ\u00eda Prepagada de Farmers Branch sin Complicaciones<\/span><\/a><\/p>\n","protected":false},"author":1,"featured_media":0,"parent":0,"menu_order":0,"comment_status":"closed","ping_status":"closed","template":"","meta":{"_acf_changed":false,"_glsr_average":0,"_glsr_ranking":0,"_glsr_reviews":0,"footnotes":"","_links_to":"","_links_to_target":""},"class_list":["post-3791","page","type-page","status-publish","hentry"],"acf":[],"yoast_head":"<!-- This site is optimized with the Yoast SEO plugin v27.6 - https:\/\/yoast.com\/product\/yoast-seo-wordpress\/ -->\n<title>Energ\u00eda Prepagada de Farmers Branch sin Complicaciones - Pronto Power<\/title>\n<meta name=\"description\" content=\"Pronto Power is the leading provider of Farmers Branch prepaid power offering the lowest rates in Texas.\" \/>\n<meta name=\"robots\" content=\"index, follow, max-snippet:-1, max-image-preview:large, max-video-preview:-1\" \/>\n<link rel=\"canonical\" href=\"https:\/\/powermepronto.com\/farmers-branch-prepaid-power-with-no-hassles\/\" \/>\n<meta property=\"og:locale\" content=\"es_ES\" \/>\n<meta property=\"og:type\" content=\"article\" \/>\n<meta property=\"og:title\" content=\"[:en]Farmers Branch Prepaid Power with No Hassles[:es]Energ\u00eda Prepagada de Farmers Branch sin Complicaciones[:] - Pronto Power\" \/>\n<meta property=\"og:description\" content=\"Pronto Power is the leading provider of Farmers Branch prepaid power offering the lowest rates in Texas.\" \/>\n<meta property=\"og:url\" content=\"https:\/\/powermepronto.com\/farmers-branch-prepaid-power-with-no-hassles\/\" \/>\n<meta property=\"og:site_name\" content=\"Pronto Power\" \/>\n<meta name=\"twitter:card\" content=\"summary_large_image\" \/>\n<meta name=\"twitter:label1\" content=\"Tiempo de lectura\" \/>\n\t<meta name=\"twitter:data1\" content=\"3 minutos\" \/>\n<script type=\"application\/ld+json\" class=\"yoast-schema-graph\">{\"@context\":\"https:\\\/\\\/schema.org\",\"@graph\":[{\"@type\":\"WebPage\",\"@id\":\"https:\\\/\\\/powermepronto.com\\\/farmers-branch-prepaid-power-with-no-hassles\\\/\",\"url\":\"https:\\\/\\\/powermepronto.com\\\/farmers-branch-prepaid-power-with-no-hassles\\\/\",\"name\":\"[:en]Farmers Branch Prepaid Power with No Hassles[:es]Energ\u00eda Prepagada de Farmers Branch sin Complicaciones[:] - Pronto Power\",\"isPartOf\":{\"@id\":\"https:\\\/\\\/powermepronto.com\\\/en\\\/#website\"},\"datePublished\":\"2023-06-30T14:42:01+00:00\",\"description\":\"Pronto Power is the leading provider of Farmers Branch prepaid power offering the lowest rates in Texas.\",\"breadcrumb\":{\"@id\":\"https:\\\/\\\/powermepronto.com\\\/farmers-branch-prepaid-power-with-no-hassles\\\/#breadcrumb\"},\"inLanguage\":\"es\",\"potentialAction\":[{\"@type\":\"ReadAction\",\"target\":[\"https:\\\/\\\/powermepronto.com\\\/farmers-branch-prepaid-power-with-no-hassles\\\/\"]}]},{\"@type\":\"BreadcrumbList\",\"@id\":\"https:\\\/\\\/powermepronto.com\\\/farmers-branch-prepaid-power-with-no-hassles\\\/#breadcrumb\",\"itemListElement\":[{\"@type\":\"ListItem\",\"position\":1,\"name\":\"Home\",\"item\":\"https:\\\/\\\/powermepronto.com\\\/en\\\/\"},{\"@type\":\"ListItem\",\"position\":2,\"name\":\"Farmers Branch Prepaid Power with No Hassles\"}]},{\"@type\":\"WebSite\",\"@id\":\"https:\\\/\\\/powermepronto.com\\\/en\\\/#website\",\"url\":\"https:\\\/\\\/powermepronto.com\\\/en\\\/\",\"name\":\"Pronto Power\",\"description\":\"\",\"potentialAction\":[{\"@type\":\"SearchAction\",\"target\":{\"@type\":\"EntryPoint\",\"urlTemplate\":\"https:\\\/\\\/powermepronto.com\\\/en\\\/?s={search_term_string}\"},\"query-input\":{\"@type\":\"PropertyValueSpecification\",\"valueRequired\":true,\"valueName\":\"search_term_string\"}}],\"inLanguage\":\"es\"}]}<\/script>\n<!-- \/ Yoast SEO plugin. -->","yoast_head_json":{"title":"[:en]Farmers Branch Prepaid Power with No Hassles[:es]Energ\u00eda Prepagada de Farmers Branch sin Complicaciones[:] - Pronto Power","description":"Pronto Power is the leading provider of Farmers Branch prepaid power offering the lowest rates in Texas.","robots":{"index":"index","follow":"follow","max-snippet":"max-snippet:-1","max-image-preview":"max-image-preview:large","max-video-preview":"max-video-preview:-1"},"canonical":"https:\/\/powermepronto.com\/farmers-branch-prepaid-power-with-no-hassles\/","og_locale":"es_ES","og_type":"article","og_title":"[:en]Farmers Branch Prepaid Power with No Hassles[:es]Energ\u00eda Prepagada de Farmers Branch sin Complicaciones[:] - Pronto Power","og_description":"Pronto Power is the leading provider of Farmers Branch prepaid power offering the lowest rates in Texas.","og_url":"https:\/\/powermepronto.com\/farmers-branch-prepaid-power-with-no-hassles\/","og_site_name":"Pronto Power","twitter_card":"summary_large_image","twitter_misc":{"Tiempo de lectura":"3 minutos"},"schema":{"@context":"https:\/\/schema.org","@graph":[{"@type":"WebPage","@id":"https:\/\/powermepronto.com\/farmers-branch-prepaid-power-with-no-hassles\/","url":"https:\/\/powermepronto.com\/farmers-branch-prepaid-power-with-no-hassles\/","name":"[:en]Farmers Branch Prepaid Power with No Hassles[:es]Energ\u00eda Prepagada de Farmers Branch sin Complicaciones[:] - Pronto Power","isPartOf":{"@id":"https:\/\/powermepronto.com\/en\/#website"},"datePublished":"2023-06-30T14:42:01+00:00","description":"Pronto Power is the leading provider of Farmers Branch prepaid power offering the lowest rates in Texas.","breadcrumb":{"@id":"https:\/\/powermepronto.com\/farmers-branch-prepaid-power-with-no-hassles\/#breadcrumb"},"inLanguage":"es","potentialAction":[{"@type":"ReadAction","target":["https:\/\/powermepronto.com\/farmers-branch-prepaid-power-with-no-hassles\/"]}]},{"@type":"BreadcrumbList","@id":"https:\/\/powermepronto.com\/farmers-branch-prepaid-power-with-no-hassles\/#breadcrumb","itemListElement":[{"@type":"ListItem","position":1,"name":"Home","item":"https:\/\/powermepronto.com\/en\/"},{"@type":"ListItem","position":2,"name":"Farmers Branch Prepaid Power with No Hassles"}]},{"@type":"WebSite","@id":"https:\/\/powermepronto.com\/en\/#website","url":"https:\/\/powermepronto.com\/en\/","name":"Pronto Power","description":"","potentialAction":[{"@type":"SearchAction","target":{"@type":"EntryPoint","urlTemplate":"https:\/\/powermepronto.com\/en\/?s={search_term_string}"},"query-input":{"@type":"PropertyValueSpecification","valueRequired":true,"valueName":"search_term_string"}}],"inLanguage":"es"}]}},"_links":{"self":[{"href":"https:\/\/powermepronto.com\/es\/wp-json\/wp\/v2\/pages\/3791","targetHints":{"allow":["GET"]}}],"collection":[{"href":"https:\/\/powermepronto.com\/es\/wp-json\/wp\/v2\/pages"}],"about":[{"href":"https:\/\/powermepronto.com\/es\/wp-json\/wp\/v2\/types\/page"}],"author":[{"embeddable":true,"href":"https:\/\/powermepronto.com\/es\/wp-json\/wp\/v2\/users\/1"}],"replies":[{"embeddable":true,"href":"https:\/\/powermepronto.com\/es\/wp-json\/wp\/v2\/comments?post=3791"}],"version-history":[{"count":1,"href":"https:\/\/powermepronto.com\/es\/wp-json\/wp\/v2\/pages\/3791\/revisions"}],"predecessor-version":[{"id":3792,"href":"https:\/\/powermepronto.com\/es\/wp-json\/wp\/v2\/pages\/3791\/revisions\/3792"}],"wp:attachment":[{"href":"https:\/\/powermepronto.com\/es\/wp-json\/wp\/v2\/media?parent=3791"}],"curies":[{"name":"wp","href":"https:\/\/api.w.org\/{rel}","templated":true}]}}