{"id":3750,"date":"2023-04-21T07:57:56","date_gmt":"2023-04-21T12:57:56","guid":{"rendered":"https:\/\/powermepronto.com\/?page_id=3750"},"modified":"2023-04-21T07:57:56","modified_gmt":"2023-04-21T12:57:56","slug":"no-credit-check-and-no-deposit-electricity-in-irving","status":"publish","type":"page","link":"https:\/\/powermepronto.com\/es\/no-credit-check-and-no-deposit-electricity-in-irving\/","title":{"rendered":"Sin verificaci\u00f3n de cr\u00e9dito y electricidad sin dep\u00f3sito en Irving"},"content":{"rendered":"<p><\/p>\n<p><span style=\"font-weight: 400;\">Pronto Power es una compa\u00f1\u00eda de electricidad sin dep\u00f3sito de Irving que ofrece planes de electricidad asequibles y flexibles para clientes residenciales. Uno de los principales beneficios de elegir Pronto Power es que ofrece electricidad barata sin verificaci\u00f3n de cr\u00e9dito y sin necesidad de dep\u00f3sito.<\/span><\/p>\n<h2><b>Sin verificaciones de cr\u00e9dito<\/b><\/h2>\n<p><span style=\"font-weight: 400;\">Para muchas personas, una verificaci\u00f3n de cr\u00e9dito puede ser un gran obst\u00e1culo para obtener electricidad asequible. Si tiene mal cr\u00e9dito o no tiene historial de cr\u00e9dito, es posible que se vea obligado a pagar un dep\u00f3sito m\u00e1s alto o tasas mensuales m\u00e1s altas que alguien con un mejor puntaje de cr\u00e9dito. Con Pronto Power, no tiene que preocuparse por este problema. La compa\u00f1\u00eda no realiza una verificaci\u00f3n de cr\u00e9dito, lo que significa que puede obtener las mismas tasas bajas que cualquier otra persona, independientemente de su historial crediticio.<\/span><\/p>\n<h2><b>No se necesita dep\u00f3sito<\/b><\/h2>\n<p><span style=\"font-weight: 400;\">Otra ventaja de Pronto Power es que no requiere dep\u00f3sito. Los dep\u00f3sitos pueden ser una barrera importante para muchas personas, especialmente para aquellas que tienen dificultades para llegar a fin de mes. Con Pronto Power, puedes iniciar tu servicio de electricidad sin tener que pagar un dep\u00f3sito. Esto significa que puede encender las luces r\u00e1pida y f\u00e1cilmente sin tener que preocuparse por encontrar el dinero para un dep\u00f3sito.<\/span><\/p>\n<h2><b>Planes de pago por uso<\/b><\/h2>\n<p><span style=\"font-weight: 400;\">Los planes de electricidad de Pronto Power tambi\u00e9n est\u00e1n dise\u00f1ados para ser flexibles y asequibles. La compa\u00f1\u00eda ofrece planes de electricidad prepago que le permiten pagar su electricidad sobre la marcha. Esto significa que solo paga por la electricidad que usa, lo que puede ayudarlo a ahorrar dinero en su factura mensual. Adem\u00e1s, Pronto Power ofrece una gama de diferentes opciones de planes, para que pueda elegir el que mejor se adapte a su presupuesto y necesidades de uso de energ\u00eda.<\/span><\/p>\n<p><span style=\"font-weight: 400;\">En general, Pronto Power es una excelente opci\u00f3n para cualquiera que busque electricidad sin dep\u00f3sito en Irving. Sin verificaci\u00f3n de cr\u00e9dito ni dep\u00f3sito requerido, puede obtener electricidad asequible sin tener que pasar por aros o pagar tarifas adicionales. Adem\u00e1s, con planes flexibles y personalizables, puede encontrar el plan perfecto que se ajuste a su presupuesto y necesidades de uso de energ\u00eda. Entonces, \u00bfpor qu\u00e9 esperar? Reg\u00edstrese en Pronto Power hoy y comience a disfrutar de los beneficios de una electricidad asequible y confiable.<\/span><\/p>\n<p><\/p>","protected":false},"excerpt":{"rendered":"<p>Pronto Power es una compa\u00f1\u00eda de electricidad sin dep\u00f3sito de Irving que ofrece planes de electricidad asequibles y flexibles para clientes residenciales. Uno de los principales beneficios de elegir Pronto Power es que ofrece electricidad barata sin verificaci\u00f3n de cr\u00e9dito y sin necesidad de dep\u00f3sito. Sin verificaciones de cr\u00e9dito Para muchas personas, una verificaci\u00f3n de &hellip; <a href=\"https:\/\/powermepronto.com\/es\/no-credit-check-and-no-deposit-electricity-in-irving\/\" class=\"more-link\">Continue reading <span class=\"screen-reader-text\">Sin verificaci\u00f3n de cr\u00e9dito y electricidad sin dep\u00f3sito en Irving<\/span><\/a><\/p>\n","protected":false},"author":1,"featured_media":0,"parent":0,"menu_order":0,"comment_status":"closed","ping_status":"closed","template":"","meta":{"_acf_changed":false,"_glsr_average":0,"_glsr_ranking":0,"_glsr_reviews":0,"footnotes":"","_links_to":"","_links_to_target":""},"class_list":["post-3750","page","type-page","status-publish","hentry"],"acf":[],"yoast_head":"<!-- This site is optimized with the Yoast SEO plugin v27.5 - https:\/\/yoast.com\/product\/yoast-seo-wordpress\/ -->\n<title>Sin verificaci\u00f3n de cr\u00e9dito y electricidad sin dep\u00f3sito en Irving - Pronto Power<\/title>\n<meta name=\"robots\" content=\"index, follow, max-snippet:-1, max-image-preview:large, max-video-preview:-1\" \/>\n<link rel=\"canonical\" href=\"https:\/\/powermepronto.com\/no-credit-check-and-no-deposit-electricity-in-irving\/\" \/>\n<meta property=\"og:locale\" content=\"es_ES\" \/>\n<meta property=\"og:type\" content=\"article\" \/>\n<meta property=\"og:title\" content=\"[:en]No Credit Check and No Deposit Electricity in Irving[:es]Sin verificaci\u00f3n de cr\u00e9dito y electricidad sin dep\u00f3sito en Irving[:] - Pronto Power\" \/>\n<meta property=\"og:description\" content=\"Pronto Power es una compa\u00f1\u00eda de electricidad sin dep\u00f3sito de Irving que ofrece planes de electricidad asequibles y flexibles para clientes residenciales. Uno de los principales beneficios de elegir Pronto Power es que ofrece electricidad barata sin verificaci\u00f3n de cr\u00e9dito y sin necesidad de dep\u00f3sito. Sin verificaciones de cr\u00e9dito Para muchas personas, una verificaci\u00f3n de &hellip; Continue reading Sin verificaci\u00f3n de cr\u00e9dito y electricidad sin dep\u00f3sito en Irving\" \/>\n<meta property=\"og:url\" content=\"https:\/\/powermepronto.com\/no-credit-check-and-no-deposit-electricity-in-irving\/\" \/>\n<meta property=\"og:site_name\" content=\"Pronto Power\" \/>\n<meta name=\"twitter:card\" content=\"summary_large_image\" \/>\n<meta name=\"twitter:label1\" content=\"Tiempo de lectura\" \/>\n\t<meta name=\"twitter:data1\" content=\"4 minutos\" \/>\n<script type=\"application\/ld+json\" class=\"yoast-schema-graph\">{\"@context\":\"https:\\\/\\\/schema.org\",\"@graph\":[{\"@type\":\"WebPage\",\"@id\":\"https:\\\/\\\/powermepronto.com\\\/no-credit-check-and-no-deposit-electricity-in-irving\\\/\",\"url\":\"https:\\\/\\\/powermepronto.com\\\/no-credit-check-and-no-deposit-electricity-in-irving\\\/\",\"name\":\"[:en]No Credit Check and No Deposit Electricity in Irving[:es]Sin verificaci\u00f3n de cr\u00e9dito y electricidad sin dep\u00f3sito en Irving[:] - Pronto Power\",\"isPartOf\":{\"@id\":\"https:\\\/\\\/powermepronto.com\\\/en\\\/#website\"},\"datePublished\":\"2023-04-21T12:57:56+00:00\",\"breadcrumb\":{\"@id\":\"https:\\\/\\\/powermepronto.com\\\/no-credit-check-and-no-deposit-electricity-in-irving\\\/#breadcrumb\"},\"inLanguage\":\"es\",\"potentialAction\":[{\"@type\":\"ReadAction\",\"target\":[\"https:\\\/\\\/powermepronto.com\\\/no-credit-check-and-no-deposit-electricity-in-irving\\\/\"]}]},{\"@type\":\"BreadcrumbList\",\"@id\":\"https:\\\/\\\/powermepronto.com\\\/no-credit-check-and-no-deposit-electricity-in-irving\\\/#breadcrumb\",\"itemListElement\":[{\"@type\":\"ListItem\",\"position\":1,\"name\":\"Home\",\"item\":\"https:\\\/\\\/powermepronto.com\\\/en\\\/\"},{\"@type\":\"ListItem\",\"position\":2,\"name\":\"No Credit Check and No Deposit Electricity in Irving\"}]},{\"@type\":\"WebSite\",\"@id\":\"https:\\\/\\\/powermepronto.com\\\/en\\\/#website\",\"url\":\"https:\\\/\\\/powermepronto.com\\\/en\\\/\",\"name\":\"Pronto Power\",\"description\":\"\",\"potentialAction\":[{\"@type\":\"SearchAction\",\"target\":{\"@type\":\"EntryPoint\",\"urlTemplate\":\"https:\\\/\\\/powermepronto.com\\\/en\\\/?s={search_term_string}\"},\"query-input\":{\"@type\":\"PropertyValueSpecification\",\"valueRequired\":true,\"valueName\":\"search_term_string\"}}],\"inLanguage\":\"es\"}]}<\/script>\n<!-- \/ Yoast SEO plugin. -->","yoast_head_json":{"title":"[:en]No Credit Check and No Deposit Electricity in Irving[:es]Sin verificaci\u00f3n de cr\u00e9dito y electricidad sin dep\u00f3sito en Irving[:] - Pronto Power","robots":{"index":"index","follow":"follow","max-snippet":"max-snippet:-1","max-image-preview":"max-image-preview:large","max-video-preview":"max-video-preview:-1"},"canonical":"https:\/\/powermepronto.com\/no-credit-check-and-no-deposit-electricity-in-irving\/","og_locale":"es_ES","og_type":"article","og_title":"[:en]No Credit Check and No Deposit Electricity in Irving[:es]Sin verificaci\u00f3n de cr\u00e9dito y electricidad sin dep\u00f3sito en Irving[:] - Pronto Power","og_description":"Pronto Power es una compa\u00f1\u00eda de electricidad sin dep\u00f3sito de Irving que ofrece planes de electricidad asequibles y flexibles para clientes residenciales. Uno de los principales beneficios de elegir Pronto Power es que ofrece electricidad barata sin verificaci\u00f3n de cr\u00e9dito y sin necesidad de dep\u00f3sito. Sin verificaciones de cr\u00e9dito Para muchas personas, una verificaci\u00f3n de &hellip; Continue reading Sin verificaci\u00f3n de cr\u00e9dito y electricidad sin dep\u00f3sito en Irving","og_url":"https:\/\/powermepronto.com\/no-credit-check-and-no-deposit-electricity-in-irving\/","og_site_name":"Pronto Power","twitter_card":"summary_large_image","twitter_misc":{"Tiempo de lectura":"4 minutos"},"schema":{"@context":"https:\/\/schema.org","@graph":[{"@type":"WebPage","@id":"https:\/\/powermepronto.com\/no-credit-check-and-no-deposit-electricity-in-irving\/","url":"https:\/\/powermepronto.com\/no-credit-check-and-no-deposit-electricity-in-irving\/","name":"[:en]No Credit Check and No Deposit Electricity in Irving[:es]Sin verificaci\u00f3n de cr\u00e9dito y electricidad sin dep\u00f3sito en Irving[:] - Pronto Power","isPartOf":{"@id":"https:\/\/powermepronto.com\/en\/#website"},"datePublished":"2023-04-21T12:57:56+00:00","breadcrumb":{"@id":"https:\/\/powermepronto.com\/no-credit-check-and-no-deposit-electricity-in-irving\/#breadcrumb"},"inLanguage":"es","potentialAction":[{"@type":"ReadAction","target":["https:\/\/powermepronto.com\/no-credit-check-and-no-deposit-electricity-in-irving\/"]}]},{"@type":"BreadcrumbList","@id":"https:\/\/powermepronto.com\/no-credit-check-and-no-deposit-electricity-in-irving\/#breadcrumb","itemListElement":[{"@type":"ListItem","position":1,"name":"Home","item":"https:\/\/powermepronto.com\/en\/"},{"@type":"ListItem","position":2,"name":"No Credit Check and No Deposit Electricity in Irving"}]},{"@type":"WebSite","@id":"https:\/\/powermepronto.com\/en\/#website","url":"https:\/\/powermepronto.com\/en\/","name":"Pronto Power","description":"","potentialAction":[{"@type":"SearchAction","target":{"@type":"EntryPoint","urlTemplate":"https:\/\/powermepronto.com\/en\/?s={search_term_string}"},"query-input":{"@type":"PropertyValueSpecification","valueRequired":true,"valueName":"search_term_string"}}],"inLanguage":"es"}]}},"_links":{"self":[{"href":"https:\/\/powermepronto.com\/es\/wp-json\/wp\/v2\/pages\/3750","targetHints":{"allow":["GET"]}}],"collection":[{"href":"https:\/\/powermepronto.com\/es\/wp-json\/wp\/v2\/pages"}],"about":[{"href":"https:\/\/powermepronto.com\/es\/wp-json\/wp\/v2\/types\/page"}],"author":[{"embeddable":true,"href":"https:\/\/powermepronto.com\/es\/wp-json\/wp\/v2\/users\/1"}],"replies":[{"embeddable":true,"href":"https:\/\/powermepronto.com\/es\/wp-json\/wp\/v2\/comments?post=3750"}],"version-history":[{"count":1,"href":"https:\/\/powermepronto.com\/es\/wp-json\/wp\/v2\/pages\/3750\/revisions"}],"predecessor-version":[{"id":3751,"href":"https:\/\/powermepronto.com\/es\/wp-json\/wp\/v2\/pages\/3750\/revisions\/3751"}],"wp:attachment":[{"href":"https:\/\/powermepronto.com\/es\/wp-json\/wp\/v2\/media?parent=3750"}],"curies":[{"name":"wp","href":"https:\/\/api.w.org\/{rel}","templated":true}]}}