{"id":3746,"date":"2023-04-21T07:49:59","date_gmt":"2023-04-21T12:49:59","guid":{"rendered":"https:\/\/powermepronto.com\/?page_id=3746"},"modified":"2023-04-21T07:49:59","modified_gmt":"2023-04-21T12:49:59","slug":"cheapest-prepaid-power-in-austin-with-no-deposit","status":"publish","type":"page","link":"https:\/\/powermepronto.com\/es\/cheapest-prepaid-power-in-austin-with-no-deposit\/","title":{"rendered":"La energ\u00eda prepaga m\u00e1s barata en Austin sin dep\u00f3sito"},"content":{"rendered":"<p><\/p>\n<p><span style=\"font-weight: 400;\">Pronto Power es una compa\u00f1\u00eda de energ\u00eda prepaga de Austin que proporciona electricidad a los clientes en el \u00e1rea de Austin sin necesidad de un dep\u00f3sito. Esto lo convierte en una opci\u00f3n popular para los residentes que buscan una soluci\u00f3n de energ\u00eda asequible y flexible. Con Pronto Power, los clientes solo pagan por la electricidad que usan y no hay tarifas ocultas ni cargos sorpresa.<\/span><\/p>\n<h2><b>Las tarifas de electricidad m\u00e1s bajas en Austin<\/b><\/h2>\n<p><span style=\"font-weight: 400;\">Una de las principales ventajas de Pronto Power es que ofrece algunas de las tarifas m\u00e1s bajas en el \u00e1rea de Austin. Esto se debe a su modelo comercial \u00fanico, que le permite comprar electricidad a precios mayoristas y transferir los ahorros a sus clientes. Como resultado, las tarifas de Pronto Power suelen ser significativamente m\u00e1s bajas que las de los proveedores de energ\u00eda tradicionales, lo que puede ayudar a los clientes a ahorrar dinero en sus facturas mensuales.<\/span><\/p>\n<h2><b>Sin verificaci\u00f3n de cr\u00e9dito y sin dep\u00f3sito<\/b><\/h2>\n<p><span style=\"font-weight: 400;\">Otro beneficio de usar Pronto Power es que no requiere que los clientes se sometan a una verificaci\u00f3n de cr\u00e9dito o paguen un dep\u00f3sito. Esta es una gran ventaja para los clientes que pueden tener mal cr\u00e9dito o que no pueden pagar los costos iniciales asociados con otros proveedores de energ\u00eda. Con Pronto Power, los clientes simplemente pagan por la electricidad que usan , lo que la convierte en una opci\u00f3n flexible y asequible para muchos.<\/span><\/p>\n<h2><b>Transparencia y conveniencia<\/b><\/h2>\n<p><span style=\"font-weight: 400;\">Adem\u00e1s de sus tasas bajas y su pol\u00edtica de no dep\u00f3sito, Pronto Power tambi\u00e9n ofrece otros beneficios a sus clientes. Por ejemplo, proporciona alertas gratuitas de uso diario para ayudar a los clientes a monitorear su consumo de energ\u00eda . Tambi\u00e9n ofrece una variedad de opciones de pago, incluidos pagos en l\u00ednea y por tel\u00e9fono\u00a0 y\u00a0 texto, para que los clientes manejen sus cuentas de la manera m\u00e1s conveniente possible.<\/span><\/p>\n<p><\/p>","protected":false},"excerpt":{"rendered":"<p>Pronto Power es una compa\u00f1\u00eda de energ\u00eda prepaga de Austin que proporciona electricidad a los clientes en el \u00e1rea de Austin sin necesidad de un dep\u00f3sito. Esto lo convierte en una opci\u00f3n popular para los residentes que buscan una soluci\u00f3n de energ\u00eda asequible y flexible. Con Pronto Power, los clientes solo pagan por la electricidad &hellip; <a href=\"https:\/\/powermepronto.com\/es\/cheapest-prepaid-power-in-austin-with-no-deposit\/\" class=\"more-link\">Continue reading <span class=\"screen-reader-text\">La energ\u00eda prepaga m\u00e1s barata en Austin sin dep\u00f3sito<\/span><\/a><\/p>\n","protected":false},"author":1,"featured_media":0,"parent":0,"menu_order":0,"comment_status":"closed","ping_status":"closed","template":"","meta":{"_acf_changed":false,"_glsr_average":0,"_glsr_ranking":0,"_glsr_reviews":0,"footnotes":"","_links_to":"","_links_to_target":""},"class_list":["post-3746","page","type-page","status-publish","hentry"],"acf":[],"yoast_head":"<!-- This site is optimized with the Yoast SEO plugin v27.4 - https:\/\/yoast.com\/product\/yoast-seo-wordpress\/ -->\n<title>La energ\u00eda prepaga m\u00e1s barata en Austin sin dep\u00f3sito - Pronto Power<\/title>\n<meta name=\"description\" content=\"[:en]Pronto Power is an Austin prepaid power company that provides electricity to customers in the Austin area without requiring a deposit. [:es]Pronto Power es una compa\u00f1\u00eda de energ\u00eda prepaga de Austin que proporciona electricidad a los clientes en el \u00e1rea de Austin sin necesidad de un dep\u00f3sito.[:]\" \/>\n<meta name=\"robots\" content=\"index, follow, max-snippet:-1, max-image-preview:large, max-video-preview:-1\" \/>\n<link rel=\"canonical\" href=\"https:\/\/powermepronto.com\/cheapest-prepaid-power-in-austin-with-no-deposit\/\" \/>\n<meta property=\"og:locale\" content=\"es_ES\" \/>\n<meta property=\"og:type\" content=\"article\" \/>\n<meta property=\"og:title\" content=\"[:en]Cheapest Prepaid Power in Austin with No Deposit[:es]La energ\u00eda prepaga m\u00e1s barata en Austin sin dep\u00f3sito[:] - Pronto Power\" \/>\n<meta property=\"og:description\" content=\"[:en]Pronto Power is an Austin prepaid power company that provides electricity to customers in the Austin area without requiring a deposit. [:es]Pronto Power es una compa\u00f1\u00eda de energ\u00eda prepaga de Austin que proporciona electricidad a los clientes en el \u00e1rea de Austin sin necesidad de un dep\u00f3sito.[:]\" \/>\n<meta property=\"og:url\" content=\"https:\/\/powermepronto.com\/cheapest-prepaid-power-in-austin-with-no-deposit\/\" \/>\n<meta property=\"og:site_name\" content=\"Pronto Power\" \/>\n<meta name=\"twitter:card\" content=\"summary_large_image\" \/>\n<meta name=\"twitter:label1\" content=\"Tiempo de lectura\" \/>\n\t<meta name=\"twitter:data1\" content=\"3 minutos\" \/>\n<script type=\"application\/ld+json\" class=\"yoast-schema-graph\">{\"@context\":\"https:\\\/\\\/schema.org\",\"@graph\":[{\"@type\":\"WebPage\",\"@id\":\"https:\\\/\\\/powermepronto.com\\\/cheapest-prepaid-power-in-austin-with-no-deposit\\\/\",\"url\":\"https:\\\/\\\/powermepronto.com\\\/cheapest-prepaid-power-in-austin-with-no-deposit\\\/\",\"name\":\"[:en]Cheapest Prepaid Power in Austin with No Deposit[:es]La energ\u00eda prepaga m\u00e1s barata en Austin sin dep\u00f3sito[:] - Pronto Power\",\"isPartOf\":{\"@id\":\"https:\\\/\\\/powermepronto.com\\\/en\\\/#website\"},\"datePublished\":\"2023-04-21T12:49:59+00:00\",\"description\":\"[:en]Pronto Power is an Austin prepaid power company that provides electricity to customers in the Austin area without requiring a deposit. [:es]Pronto Power es una compa\u00f1\u00eda de energ\u00eda prepaga de Austin que proporciona electricidad a los clientes en el \u00e1rea de Austin sin necesidad de un dep\u00f3sito.[:]\",\"breadcrumb\":{\"@id\":\"https:\\\/\\\/powermepronto.com\\\/cheapest-prepaid-power-in-austin-with-no-deposit\\\/#breadcrumb\"},\"inLanguage\":\"es\",\"potentialAction\":[{\"@type\":\"ReadAction\",\"target\":[\"https:\\\/\\\/powermepronto.com\\\/cheapest-prepaid-power-in-austin-with-no-deposit\\\/\"]}]},{\"@type\":\"BreadcrumbList\",\"@id\":\"https:\\\/\\\/powermepronto.com\\\/cheapest-prepaid-power-in-austin-with-no-deposit\\\/#breadcrumb\",\"itemListElement\":[{\"@type\":\"ListItem\",\"position\":1,\"name\":\"Home\",\"item\":\"https:\\\/\\\/powermepronto.com\\\/en\\\/\"},{\"@type\":\"ListItem\",\"position\":2,\"name\":\"Cheapest Prepaid Power in Austin with No Deposit\"}]},{\"@type\":\"WebSite\",\"@id\":\"https:\\\/\\\/powermepronto.com\\\/en\\\/#website\",\"url\":\"https:\\\/\\\/powermepronto.com\\\/en\\\/\",\"name\":\"Pronto Power\",\"description\":\"\",\"potentialAction\":[{\"@type\":\"SearchAction\",\"target\":{\"@type\":\"EntryPoint\",\"urlTemplate\":\"https:\\\/\\\/powermepronto.com\\\/en\\\/?s={search_term_string}\"},\"query-input\":{\"@type\":\"PropertyValueSpecification\",\"valueRequired\":true,\"valueName\":\"search_term_string\"}}],\"inLanguage\":\"es\"}]}<\/script>\n<!-- \/ Yoast SEO plugin. -->","yoast_head_json":{"title":"[:en]Cheapest Prepaid Power in Austin with No Deposit[:es]La energ\u00eda prepaga m\u00e1s barata en Austin sin dep\u00f3sito[:] - Pronto Power","description":"[:en]Pronto Power is an Austin prepaid power company that provides electricity to customers in the Austin area without requiring a deposit. [:es]Pronto Power es una compa\u00f1\u00eda de energ\u00eda prepaga de Austin que proporciona electricidad a los clientes en el \u00e1rea de Austin sin necesidad de un dep\u00f3sito.[:]","robots":{"index":"index","follow":"follow","max-snippet":"max-snippet:-1","max-image-preview":"max-image-preview:large","max-video-preview":"max-video-preview:-1"},"canonical":"https:\/\/powermepronto.com\/cheapest-prepaid-power-in-austin-with-no-deposit\/","og_locale":"es_ES","og_type":"article","og_title":"[:en]Cheapest Prepaid Power in Austin with No Deposit[:es]La energ\u00eda prepaga m\u00e1s barata en Austin sin dep\u00f3sito[:] - Pronto Power","og_description":"[:en]Pronto Power is an Austin prepaid power company that provides electricity to customers in the Austin area without requiring a deposit. [:es]Pronto Power es una compa\u00f1\u00eda de energ\u00eda prepaga de Austin que proporciona electricidad a los clientes en el \u00e1rea de Austin sin necesidad de un dep\u00f3sito.[:]","og_url":"https:\/\/powermepronto.com\/cheapest-prepaid-power-in-austin-with-no-deposit\/","og_site_name":"Pronto Power","twitter_card":"summary_large_image","twitter_misc":{"Tiempo de lectura":"3 minutos"},"schema":{"@context":"https:\/\/schema.org","@graph":[{"@type":"WebPage","@id":"https:\/\/powermepronto.com\/cheapest-prepaid-power-in-austin-with-no-deposit\/","url":"https:\/\/powermepronto.com\/cheapest-prepaid-power-in-austin-with-no-deposit\/","name":"[:en]Cheapest Prepaid Power in Austin with No Deposit[:es]La energ\u00eda prepaga m\u00e1s barata en Austin sin dep\u00f3sito[:] - Pronto Power","isPartOf":{"@id":"https:\/\/powermepronto.com\/en\/#website"},"datePublished":"2023-04-21T12:49:59+00:00","description":"[:en]Pronto Power is an Austin prepaid power company that provides electricity to customers in the Austin area without requiring a deposit. [:es]Pronto Power es una compa\u00f1\u00eda de energ\u00eda prepaga de Austin que proporciona electricidad a los clientes en el \u00e1rea de Austin sin necesidad de un dep\u00f3sito.[:]","breadcrumb":{"@id":"https:\/\/powermepronto.com\/cheapest-prepaid-power-in-austin-with-no-deposit\/#breadcrumb"},"inLanguage":"es","potentialAction":[{"@type":"ReadAction","target":["https:\/\/powermepronto.com\/cheapest-prepaid-power-in-austin-with-no-deposit\/"]}]},{"@type":"BreadcrumbList","@id":"https:\/\/powermepronto.com\/cheapest-prepaid-power-in-austin-with-no-deposit\/#breadcrumb","itemListElement":[{"@type":"ListItem","position":1,"name":"Home","item":"https:\/\/powermepronto.com\/en\/"},{"@type":"ListItem","position":2,"name":"Cheapest Prepaid Power in Austin with No Deposit"}]},{"@type":"WebSite","@id":"https:\/\/powermepronto.com\/en\/#website","url":"https:\/\/powermepronto.com\/en\/","name":"Pronto Power","description":"","potentialAction":[{"@type":"SearchAction","target":{"@type":"EntryPoint","urlTemplate":"https:\/\/powermepronto.com\/en\/?s={search_term_string}"},"query-input":{"@type":"PropertyValueSpecification","valueRequired":true,"valueName":"search_term_string"}}],"inLanguage":"es"}]}},"_links":{"self":[{"href":"https:\/\/powermepronto.com\/es\/wp-json\/wp\/v2\/pages\/3746","targetHints":{"allow":["GET"]}}],"collection":[{"href":"https:\/\/powermepronto.com\/es\/wp-json\/wp\/v2\/pages"}],"about":[{"href":"https:\/\/powermepronto.com\/es\/wp-json\/wp\/v2\/types\/page"}],"author":[{"embeddable":true,"href":"https:\/\/powermepronto.com\/es\/wp-json\/wp\/v2\/users\/1"}],"replies":[{"embeddable":true,"href":"https:\/\/powermepronto.com\/es\/wp-json\/wp\/v2\/comments?post=3746"}],"version-history":[{"count":1,"href":"https:\/\/powermepronto.com\/es\/wp-json\/wp\/v2\/pages\/3746\/revisions"}],"predecessor-version":[{"id":3747,"href":"https:\/\/powermepronto.com\/es\/wp-json\/wp\/v2\/pages\/3746\/revisions\/3747"}],"wp:attachment":[{"href":"https:\/\/powermepronto.com\/es\/wp-json\/wp\/v2\/media?parent=3746"}],"curies":[{"name":"wp","href":"https:\/\/api.w.org\/{rel}","templated":true}]}}