{"id":3744,"date":"2023-04-21T07:42:25","date_gmt":"2023-04-21T12:42:25","guid":{"rendered":"https:\/\/powermepronto.com\/?page_id=3744"},"modified":"2023-04-21T07:44:09","modified_gmt":"2023-04-21T12:44:09","slug":"get-the-cheapest-lancaster-prepaid-power-with-pronto","status":"publish","type":"page","link":"https:\/\/powermepronto.com\/es\/get-the-cheapest-lancaster-prepaid-power-with-pronto\/","title":{"rendered":"Obtenga la energ\u00eda prepaga de Lancaster m\u00e1s barata con Pronto"},"content":{"rendered":"<p><\/p>\n<p><span style=\"font-weight: 400;\">Si est\u00e1 buscando energ\u00eda prepaga de Lancaster, Pronto Power es una excelente opci\u00f3n para considerar. Con Pronto Power, puede disfrutar de la comodidad de la electricidad prepaga sin la molestia de una verificaci\u00f3n de cr\u00e9dito, dep\u00f3sito o contrato a largo plazo.<\/span><\/p>\n<p><span style=\"font-weight: 400;\">As\u00ed es como puede obtener la energ\u00eda prepaga de Lancaster m\u00e1s barata usando Pronto Power:<\/span><\/p>\n<h2><b>Reg\u00edstrate en Pronto Power<\/b><\/h2>\n<p><span style=\"font-weight: 400;\">El primer paso es registrarse en Pronto Power en l\u00ednea o por tel\u00e9fono. Deber\u00e1\u00a0 proporcionar su contacto y direcci\u00f3n. Nuestros agentes de servicio al cliente pueden ayudarlo a seleccionar el plan que mejor se adapte a sus necesidades. Pronto Power ofrece varios planes con diferentes tarifas , as\u00ed que aseg\u00farese de elegir el que se adapte a sus patrones de uso.<\/span><\/p>\n<h2><b>Pague su pago inicial<\/b><\/h2>\n<p><span style=\"font-weight: 400;\">Una vez que se haya registrado, deber\u00e1 realizar su pago inicial para activar su cuenta. Este pago servir\u00e1 como su primer prepago y se utilizar\u00e1 para cubrir su consumo de electricidad. Puede realizar su pago inicial en l\u00ednea, por tel\u00e9fono o en un lugar de pago.<\/span><\/p>\n<h2><b>Controle su consumo de electricidad<\/b><\/h2>\n<p><span style=\"font-weight: 400;\">Con Pronto Power, puede monitorear su uso de electricidad en tiempo real a trav\u00e9s del portal My Account o la aplicaci\u00f3n m\u00f3vil. Esto le ayudar\u00e1 a realizar un seguimiento de su uso y evitar gastos innecesarios. Tambi\u00e9n puede recibir notificaciones de uso diario por correo electr\u00f3nico o mensaje de texto para ayudarlo a mantenerse dentro de su presupuesto.<\/span><\/p>\n<h2><b>Recarga tu cuenta regularmente<\/b><\/h2>\n<p><span style=\"font-weight: 400;\">Para mantener su cuenta activa y encendida, deber\u00e1 recargar su cuenta con regularidad. Pronto Power ofrece varias opciones de pago convenientes, incluso en l\u00ednea, por tel\u00e9fono o en un lugar de pago. Tambi\u00e9n puede configurar pagos autom\u00e1ticos para asegurarse de que su cuenta est\u00e9 siempre recargada.<\/span><\/p>\n<p><\/p>","protected":false},"excerpt":{"rendered":"<p>Si est\u00e1 buscando energ\u00eda prepaga de Lancaster, Pronto Power es una excelente opci\u00f3n para considerar. Con Pronto Power, puede disfrutar de la comodidad de la electricidad prepaga sin la molestia de una verificaci\u00f3n de cr\u00e9dito, dep\u00f3sito o contrato a largo plazo. As\u00ed es como puede obtener la energ\u00eda prepaga de Lancaster m\u00e1s barata usando Pronto &hellip; <a href=\"https:\/\/powermepronto.com\/es\/get-the-cheapest-lancaster-prepaid-power-with-pronto\/\" class=\"more-link\">Continue reading <span class=\"screen-reader-text\">Obtenga la energ\u00eda prepaga de Lancaster m\u00e1s barata con Pronto<\/span><\/a><\/p>\n","protected":false},"author":1,"featured_media":0,"parent":0,"menu_order":0,"comment_status":"closed","ping_status":"closed","template":"","meta":{"_acf_changed":false,"_glsr_average":0,"_glsr_ranking":0,"_glsr_reviews":0,"footnotes":"","_links_to":"","_links_to_target":""},"class_list":["post-3744","page","type-page","status-publish","hentry"],"acf":[],"yoast_head":"<!-- This site is optimized with the Yoast SEO plugin v27.6 - https:\/\/yoast.com\/product\/yoast-seo-wordpress\/ -->\n<title>Obtenga la energ\u00eda prepaga de Lancaster m\u00e1s barata con Pronto - Pronto Power<\/title>\n<meta name=\"description\" content=\"[:en]With Pronto Power, you can enjoy the convenience of prepaid electricity without the hassle of a credit check, deposit, or long-term contract.[:es]As\u00ed es como puede obtener la energ\u00eda prepaga de Lancaster m\u00e1s barata usando Pronto Power:[:]\" \/>\n<meta name=\"robots\" content=\"index, follow, max-snippet:-1, max-image-preview:large, max-video-preview:-1\" \/>\n<link rel=\"canonical\" href=\"https:\/\/powermepronto.com\/get-the-cheapest-lancaster-prepaid-power-with-pronto\/\" \/>\n<meta property=\"og:locale\" content=\"es_ES\" \/>\n<meta property=\"og:type\" content=\"article\" \/>\n<meta property=\"og:title\" content=\"[:en]Get the Cheapest Lancaster Prepaid Power with Pronto[:es]Obtenga la energ\u00eda prepaga de Lancaster m\u00e1s barata con Pronto[:] - Pronto Power\" \/>\n<meta property=\"og:description\" content=\"[:en]With Pronto Power, you can enjoy the convenience of prepaid electricity without the hassle of a credit check, deposit, or long-term contract.[:es]As\u00ed es como puede obtener la energ\u00eda prepaga de Lancaster m\u00e1s barata usando Pronto Power:[:]\" \/>\n<meta property=\"og:url\" content=\"https:\/\/powermepronto.com\/get-the-cheapest-lancaster-prepaid-power-with-pronto\/\" \/>\n<meta property=\"og:site_name\" content=\"Pronto Power\" \/>\n<meta property=\"article:modified_time\" content=\"2023-04-21T12:44:09+00:00\" \/>\n<meta name=\"twitter:card\" content=\"summary_large_image\" \/>\n<meta name=\"twitter:label1\" content=\"Tiempo de lectura\" \/>\n\t<meta name=\"twitter:data1\" content=\"3 minutos\" \/>\n<script type=\"application\/ld+json\" class=\"yoast-schema-graph\">{\"@context\":\"https:\\\/\\\/schema.org\",\"@graph\":[{\"@type\":\"WebPage\",\"@id\":\"https:\\\/\\\/powermepronto.com\\\/get-the-cheapest-lancaster-prepaid-power-with-pronto\\\/\",\"url\":\"https:\\\/\\\/powermepronto.com\\\/get-the-cheapest-lancaster-prepaid-power-with-pronto\\\/\",\"name\":\"[:en]Get the Cheapest Lancaster Prepaid Power with Pronto[:es]Obtenga la energ\u00eda prepaga de Lancaster m\u00e1s barata con Pronto[:] - Pronto Power\",\"isPartOf\":{\"@id\":\"https:\\\/\\\/powermepronto.com\\\/en\\\/#website\"},\"datePublished\":\"2023-04-21T12:42:25+00:00\",\"dateModified\":\"2023-04-21T12:44:09+00:00\",\"description\":\"[:en]With Pronto Power, you can enjoy the convenience of prepaid electricity without the hassle of a credit check, deposit, or long-term contract.[:es]As\u00ed es como puede obtener la energ\u00eda prepaga de Lancaster m\u00e1s barata usando Pronto Power:[:]\",\"breadcrumb\":{\"@id\":\"https:\\\/\\\/powermepronto.com\\\/get-the-cheapest-lancaster-prepaid-power-with-pronto\\\/#breadcrumb\"},\"inLanguage\":\"es\",\"potentialAction\":[{\"@type\":\"ReadAction\",\"target\":[\"https:\\\/\\\/powermepronto.com\\\/get-the-cheapest-lancaster-prepaid-power-with-pronto\\\/\"]}]},{\"@type\":\"BreadcrumbList\",\"@id\":\"https:\\\/\\\/powermepronto.com\\\/get-the-cheapest-lancaster-prepaid-power-with-pronto\\\/#breadcrumb\",\"itemListElement\":[{\"@type\":\"ListItem\",\"position\":1,\"name\":\"Home\",\"item\":\"https:\\\/\\\/powermepronto.com\\\/en\\\/\"},{\"@type\":\"ListItem\",\"position\":2,\"name\":\"Get the Cheapest Lancaster Prepaid Power with Pronto\"}]},{\"@type\":\"WebSite\",\"@id\":\"https:\\\/\\\/powermepronto.com\\\/en\\\/#website\",\"url\":\"https:\\\/\\\/powermepronto.com\\\/en\\\/\",\"name\":\"Pronto Power\",\"description\":\"\",\"potentialAction\":[{\"@type\":\"SearchAction\",\"target\":{\"@type\":\"EntryPoint\",\"urlTemplate\":\"https:\\\/\\\/powermepronto.com\\\/en\\\/?s={search_term_string}\"},\"query-input\":{\"@type\":\"PropertyValueSpecification\",\"valueRequired\":true,\"valueName\":\"search_term_string\"}}],\"inLanguage\":\"es\"}]}<\/script>\n<!-- \/ Yoast SEO plugin. -->","yoast_head_json":{"title":"[:en]Get the Cheapest Lancaster Prepaid Power with Pronto[:es]Obtenga la energ\u00eda prepaga de Lancaster m\u00e1s barata con Pronto[:] - Pronto Power","description":"[:en]With Pronto Power, you can enjoy the convenience of prepaid electricity without the hassle of a credit check, deposit, or long-term contract.[:es]As\u00ed es como puede obtener la energ\u00eda prepaga de Lancaster m\u00e1s barata usando Pronto Power:[:]","robots":{"index":"index","follow":"follow","max-snippet":"max-snippet:-1","max-image-preview":"max-image-preview:large","max-video-preview":"max-video-preview:-1"},"canonical":"https:\/\/powermepronto.com\/get-the-cheapest-lancaster-prepaid-power-with-pronto\/","og_locale":"es_ES","og_type":"article","og_title":"[:en]Get the Cheapest Lancaster Prepaid Power with Pronto[:es]Obtenga la energ\u00eda prepaga de Lancaster m\u00e1s barata con Pronto[:] - Pronto Power","og_description":"[:en]With Pronto Power, you can enjoy the convenience of prepaid electricity without the hassle of a credit check, deposit, or long-term contract.[:es]As\u00ed es como puede obtener la energ\u00eda prepaga de Lancaster m\u00e1s barata usando Pronto Power:[:]","og_url":"https:\/\/powermepronto.com\/get-the-cheapest-lancaster-prepaid-power-with-pronto\/","og_site_name":"Pronto Power","article_modified_time":"2023-04-21T12:44:09+00:00","twitter_card":"summary_large_image","twitter_misc":{"Tiempo de lectura":"3 minutos"},"schema":{"@context":"https:\/\/schema.org","@graph":[{"@type":"WebPage","@id":"https:\/\/powermepronto.com\/get-the-cheapest-lancaster-prepaid-power-with-pronto\/","url":"https:\/\/powermepronto.com\/get-the-cheapest-lancaster-prepaid-power-with-pronto\/","name":"[:en]Get the Cheapest Lancaster Prepaid Power with Pronto[:es]Obtenga la energ\u00eda prepaga de Lancaster m\u00e1s barata con Pronto[:] - Pronto Power","isPartOf":{"@id":"https:\/\/powermepronto.com\/en\/#website"},"datePublished":"2023-04-21T12:42:25+00:00","dateModified":"2023-04-21T12:44:09+00:00","description":"[:en]With Pronto Power, you can enjoy the convenience of prepaid electricity without the hassle of a credit check, deposit, or long-term contract.[:es]As\u00ed es como puede obtener la energ\u00eda prepaga de Lancaster m\u00e1s barata usando Pronto Power:[:]","breadcrumb":{"@id":"https:\/\/powermepronto.com\/get-the-cheapest-lancaster-prepaid-power-with-pronto\/#breadcrumb"},"inLanguage":"es","potentialAction":[{"@type":"ReadAction","target":["https:\/\/powermepronto.com\/get-the-cheapest-lancaster-prepaid-power-with-pronto\/"]}]},{"@type":"BreadcrumbList","@id":"https:\/\/powermepronto.com\/get-the-cheapest-lancaster-prepaid-power-with-pronto\/#breadcrumb","itemListElement":[{"@type":"ListItem","position":1,"name":"Home","item":"https:\/\/powermepronto.com\/en\/"},{"@type":"ListItem","position":2,"name":"Get the Cheapest Lancaster Prepaid Power with Pronto"}]},{"@type":"WebSite","@id":"https:\/\/powermepronto.com\/en\/#website","url":"https:\/\/powermepronto.com\/en\/","name":"Pronto Power","description":"","potentialAction":[{"@type":"SearchAction","target":{"@type":"EntryPoint","urlTemplate":"https:\/\/powermepronto.com\/en\/?s={search_term_string}"},"query-input":{"@type":"PropertyValueSpecification","valueRequired":true,"valueName":"search_term_string"}}],"inLanguage":"es"}]}},"_links":{"self":[{"href":"https:\/\/powermepronto.com\/es\/wp-json\/wp\/v2\/pages\/3744","targetHints":{"allow":["GET"]}}],"collection":[{"href":"https:\/\/powermepronto.com\/es\/wp-json\/wp\/v2\/pages"}],"about":[{"href":"https:\/\/powermepronto.com\/es\/wp-json\/wp\/v2\/types\/page"}],"author":[{"embeddable":true,"href":"https:\/\/powermepronto.com\/es\/wp-json\/wp\/v2\/users\/1"}],"replies":[{"embeddable":true,"href":"https:\/\/powermepronto.com\/es\/wp-json\/wp\/v2\/comments?post=3744"}],"version-history":[{"count":1,"href":"https:\/\/powermepronto.com\/es\/wp-json\/wp\/v2\/pages\/3744\/revisions"}],"predecessor-version":[{"id":3745,"href":"https:\/\/powermepronto.com\/es\/wp-json\/wp\/v2\/pages\/3744\/revisions\/3745"}],"wp:attachment":[{"href":"https:\/\/powermepronto.com\/es\/wp-json\/wp\/v2\/media?parent=3744"}],"curies":[{"name":"wp","href":"https:\/\/api.w.org\/{rel}","templated":true}]}}