{"id":3710,"date":"2023-02-14T10:17:44","date_gmt":"2023-02-14T16:17:44","guid":{"rendered":"https:\/\/powermepronto.com\/?page_id=3710"},"modified":"2023-02-14T10:17:44","modified_gmt":"2023-02-14T16:17:44","slug":"best-dallas-no-deposit-electric-company","status":"publish","type":"page","link":"https:\/\/powermepronto.com\/es\/best-dallas-no-deposit-electric-company\/","title":{"rendered":"La mejor compa\u00f1\u00eda de electricidad sin dep\u00f3sito de Dallas"},"content":{"rendered":"<p class=\"p1\"><span style=\"font-weight: 400;\">La mejor compa\u00f1\u00eda de electricidad sin dep\u00f3sito de Dallas es Pronto Power. \u00bfPor qu\u00e9? Las bajas tarifas de Pronto Power son solo una parte de lo que hace brillar a nuestra empresa.<\/span><\/p>\n<h2><b>Velocidad = \u00a1Pronto r\u00e1pido!<\/b><\/h2>\n<p><span style=\"font-weight: 400;\">Cuando usted escoje un proveedor de energ\u00eda, desea comenzar a ahorrar de inmediato. Pronto Power puede conectar en una hora, siempre que su hogar est\u00e9 equipado con un medidor inteligente, y el 99% de los hogares en Texas lo est\u00e1n. Usted llama y nosotros brindamos.<\/span><\/p>\n<h2><b>\u00bfQu\u00e9 tiene de bueno el servicio?<\/b><\/h2>\n<p><span style=\"font-weight: 400;\">La electricidad no var\u00eda mucho de un proveedor minorista de energ\u00eda a otro, pero el servicio al cliente definitivamente s\u00ed lo hace. Mientras todas las empresas ofrecen servicio al cliente, Pronto Power asegura que sus clientes tendr\u00e1n un servicio al cliente excepcional. Nuestro personal le brinda la mejor experiencia posible cuando tiene alguna pregunta o inquietud.<\/span><\/p>\n<h2><b>\u00bfNo hay dep\u00f3sito? \u00bfC\u00f3mo sabes que no necesito un dep\u00f3sito?<\/b><\/h2>\n<p><span style=\"font-weight: 400;\">Otros proveedores minoristas de energ\u00eda pueden tener grandes anuncios promocionando el servicio el\u00e9ctrico sin dep\u00f3sito, pero la letra peque\u00f1a del contrato demuestra que solo unos pocos cumplen con los criterios. En realidad, la mayor\u00eda de las personas tendr\u00e1n que pagar un dep\u00f3sito seg\u00fan su puntaje de credito. En otras palabras, una verificaci\u00f3n de cr\u00e9dito determina el monto del dep\u00f3sito.<\/span><\/p>\n<p><span style=\"font-weight: 400;\">En Pronto Power, no obligamos a nuestros clientes a someterse a una verificaci\u00f3n de cr\u00e9dito. Adem\u00e1s, nuestros clientes nunca tienen que firmar un contrato. Usted paga por su servicio mes tras mes, y brindamos un excelente servicio al cliente para mantenerlo feliz a\u00f1o tras a\u00f1o.<\/span><\/p>\n<h2><b>No hay sorpresas<\/b><\/h2>\n<p><span style=\"font-weight: 400;\">Mire los anuncios de otros proveedores de energ\u00eda y ver\u00e1 tarifas econ\u00f3micas por kWh, incluso m\u00e1s bajas que las tarifas extremadamente bajas de Pronto Power. Sin embargo, esas tarifas generalmente est\u00e1n atadas a un contrato y solo duran un per\u00edodo de tiempo. Una vez que expira ese tiempo, las tarifas aumentan y sera obligado a seguir siendo cliente porque firm\u00f3 un contrato. Las tarifas de Pronto Power no aumentan con el tiempo. Las tarifas de tu primera factura ser\u00e1n las mismas que las de la factura n\u00famero 82.<\/span><\/p>\n<h2><b>\u00bfC\u00f3mo me facturan?<\/b><\/h2>\n<p><span style=\"font-weight: 400;\">A diferencia de las compa\u00f1\u00edas el\u00e9ctricas tradicionales, Pronto Power les permite a sus clientes ver la electricidad que usan en tiempo real y pagar sus montos adeudadas en cualquier momento durante el mes. Ya sea que desee pagar diariamente, semanalmente o mensualmente, puede agregar dinero a su cuenta a trav\u00e9s de Money Gram Nuestra pajina Web powermepronto.com o Tambi\u00e9n puede llamar al 844-621-2852 en cualquier momento para realizar un pago telef\u00f3nico.<\/span><\/p>\n<p><span style=\"font-weight: 400;\">A veces la vida interrumpe los pagos, y eso lo entendemos. Si descubre que no puede pagar su factura a tiempo, ll\u00e1menos o env\u00edenos un mensaje de texto cuando su cuenta est\u00e9 baja. Mientras tenga $.01 en su cuenta y nos llame antes de la 1:00 para decirnos que necesita un poco m\u00e1s de tiempo para pagar su factura, su electricidad permanecer\u00e1 encendida. Trabajamos con nuestros clientes y podemos diferir su factura hasta su pr\u00f3ximo cheque de pago. Nuestro equipo de atenci\u00f3n al cliente est\u00e1 dispuesto a ayudarte cuando nos necesites.<\/span><\/p>\n<p><span style=\"font-weight: 400;\">Llame a su compa\u00f1\u00eda de electricidad sin dep\u00f3sito de Dallas, Pronto Power, hoy al 844-621-2852. Sin dep\u00f3sito, sin cargos por adelantado, sin mes por adelantado y sin sorpresas, le encantar\u00e1 Pronto Power. Cuando se suscribe al servicio, el \u00fanico gasto de su bolsillo en el que incurre es un cr\u00e9dito de $50 que agregamos a su cuenta. Este dinero es suyo para que lo use para pagar su factura. \u00daselo hasta que se acabe, luego agregue m\u00e1s fondos en su horario. Es f\u00e1cil comenzar el servicio y un placer seguir siendo cliente. Esperamos escuchar de usted.<\/span><\/p>\n<p class=\"p1\"><\/p>","protected":false},"excerpt":{"rendered":"<p>La mejor compa\u00f1\u00eda de electricidad sin dep\u00f3sito de Dallas es Pronto Power. \u00bfPor qu\u00e9? Las bajas tarifas de Pronto Power son solo una parte de lo que hace brillar a nuestra empresa. Velocidad = \u00a1Pronto r\u00e1pido! Cuando usted escoje un proveedor de energ\u00eda, desea comenzar a ahorrar de inmediato. Pronto Power puede conectar en una &hellip; <a href=\"https:\/\/powermepronto.com\/es\/best-dallas-no-deposit-electric-company\/\" class=\"more-link\">Continue reading <span class=\"screen-reader-text\">La mejor compa\u00f1\u00eda de electricidad sin dep\u00f3sito de Dallas<\/span><\/a><\/p>\n","protected":false},"author":1,"featured_media":0,"parent":0,"menu_order":0,"comment_status":"closed","ping_status":"closed","template":"","meta":{"_acf_changed":false,"_glsr_average":0,"_glsr_ranking":0,"_glsr_reviews":0,"footnotes":"","_links_to":"","_links_to_target":""},"class_list":["post-3710","page","type-page","status-publish","hentry"],"acf":[],"yoast_head":"<!-- This site is optimized with the Yoast SEO plugin v27.5 - https:\/\/yoast.com\/product\/yoast-seo-wordpress\/ -->\n<title>La mejor compa\u00f1\u00eda de electricidad sin dep\u00f3sito de Dallas - Pronto Power<\/title>\n<meta name=\"robots\" content=\"index, follow, max-snippet:-1, max-image-preview:large, max-video-preview:-1\" \/>\n<link rel=\"canonical\" href=\"https:\/\/powermepronto.com\/best-dallas-no-deposit-electric-company\/\" \/>\n<meta property=\"og:locale\" content=\"es_ES\" \/>\n<meta property=\"og:type\" content=\"article\" \/>\n<meta property=\"og:title\" content=\"[:en]Best Dallas No Deposit Electric Company[:es]La mejor compa\u00f1\u00eda de electricidad sin dep\u00f3sito de Dallas[:] - Pronto Power\" \/>\n<meta property=\"og:description\" content=\"La mejor compa\u00f1\u00eda de electricidad sin dep\u00f3sito de Dallas es Pronto Power. \u00bfPor qu\u00e9? Las bajas tarifas de Pronto Power son solo una parte de lo que hace brillar a nuestra empresa. Velocidad = \u00a1Pronto r\u00e1pido! Cuando usted escoje un proveedor de energ\u00eda, desea comenzar a ahorrar de inmediato. Pronto Power puede conectar en una &hellip; Continue reading La mejor compa\u00f1\u00eda de electricidad sin dep\u00f3sito de Dallas\" \/>\n<meta property=\"og:url\" content=\"https:\/\/powermepronto.com\/best-dallas-no-deposit-electric-company\/\" \/>\n<meta property=\"og:site_name\" content=\"Pronto Power\" \/>\n<meta name=\"twitter:card\" content=\"summary_large_image\" \/>\n<meta name=\"twitter:label1\" content=\"Tiempo de lectura\" \/>\n\t<meta name=\"twitter:data1\" content=\"5 minutos\" \/>\n<script type=\"application\/ld+json\" class=\"yoast-schema-graph\">{\"@context\":\"https:\\\/\\\/schema.org\",\"@graph\":[{\"@type\":\"WebPage\",\"@id\":\"https:\\\/\\\/powermepronto.com\\\/best-dallas-no-deposit-electric-company\\\/\",\"url\":\"https:\\\/\\\/powermepronto.com\\\/best-dallas-no-deposit-electric-company\\\/\",\"name\":\"[:en]Best Dallas No Deposit Electric Company[:es]La mejor compa\u00f1\u00eda de electricidad sin dep\u00f3sito de Dallas[:] - Pronto Power\",\"isPartOf\":{\"@id\":\"https:\\\/\\\/powermepronto.com\\\/en\\\/#website\"},\"datePublished\":\"2023-02-14T16:17:44+00:00\",\"breadcrumb\":{\"@id\":\"https:\\\/\\\/powermepronto.com\\\/best-dallas-no-deposit-electric-company\\\/#breadcrumb\"},\"inLanguage\":\"es\",\"potentialAction\":[{\"@type\":\"ReadAction\",\"target\":[\"https:\\\/\\\/powermepronto.com\\\/best-dallas-no-deposit-electric-company\\\/\"]}]},{\"@type\":\"BreadcrumbList\",\"@id\":\"https:\\\/\\\/powermepronto.com\\\/best-dallas-no-deposit-electric-company\\\/#breadcrumb\",\"itemListElement\":[{\"@type\":\"ListItem\",\"position\":1,\"name\":\"Home\",\"item\":\"https:\\\/\\\/powermepronto.com\\\/en\\\/\"},{\"@type\":\"ListItem\",\"position\":2,\"name\":\"Best Dallas No Deposit Electric Company\"}]},{\"@type\":\"WebSite\",\"@id\":\"https:\\\/\\\/powermepronto.com\\\/en\\\/#website\",\"url\":\"https:\\\/\\\/powermepronto.com\\\/en\\\/\",\"name\":\"Pronto Power\",\"description\":\"\",\"potentialAction\":[{\"@type\":\"SearchAction\",\"target\":{\"@type\":\"EntryPoint\",\"urlTemplate\":\"https:\\\/\\\/powermepronto.com\\\/en\\\/?s={search_term_string}\"},\"query-input\":{\"@type\":\"PropertyValueSpecification\",\"valueRequired\":true,\"valueName\":\"search_term_string\"}}],\"inLanguage\":\"es\"}]}<\/script>\n<!-- \/ Yoast SEO plugin. -->","yoast_head_json":{"title":"[:en]Best Dallas No Deposit Electric Company[:es]La mejor compa\u00f1\u00eda de electricidad sin dep\u00f3sito de Dallas[:] - Pronto Power","robots":{"index":"index","follow":"follow","max-snippet":"max-snippet:-1","max-image-preview":"max-image-preview:large","max-video-preview":"max-video-preview:-1"},"canonical":"https:\/\/powermepronto.com\/best-dallas-no-deposit-electric-company\/","og_locale":"es_ES","og_type":"article","og_title":"[:en]Best Dallas No Deposit Electric Company[:es]La mejor compa\u00f1\u00eda de electricidad sin dep\u00f3sito de Dallas[:] - Pronto Power","og_description":"La mejor compa\u00f1\u00eda de electricidad sin dep\u00f3sito de Dallas es Pronto Power. \u00bfPor qu\u00e9? Las bajas tarifas de Pronto Power son solo una parte de lo que hace brillar a nuestra empresa. Velocidad = \u00a1Pronto r\u00e1pido! Cuando usted escoje un proveedor de energ\u00eda, desea comenzar a ahorrar de inmediato. Pronto Power puede conectar en una &hellip; Continue reading La mejor compa\u00f1\u00eda de electricidad sin dep\u00f3sito de Dallas","og_url":"https:\/\/powermepronto.com\/best-dallas-no-deposit-electric-company\/","og_site_name":"Pronto Power","twitter_card":"summary_large_image","twitter_misc":{"Tiempo de lectura":"5 minutos"},"schema":{"@context":"https:\/\/schema.org","@graph":[{"@type":"WebPage","@id":"https:\/\/powermepronto.com\/best-dallas-no-deposit-electric-company\/","url":"https:\/\/powermepronto.com\/best-dallas-no-deposit-electric-company\/","name":"[:en]Best Dallas No Deposit Electric Company[:es]La mejor compa\u00f1\u00eda de electricidad sin dep\u00f3sito de Dallas[:] - Pronto Power","isPartOf":{"@id":"https:\/\/powermepronto.com\/en\/#website"},"datePublished":"2023-02-14T16:17:44+00:00","breadcrumb":{"@id":"https:\/\/powermepronto.com\/best-dallas-no-deposit-electric-company\/#breadcrumb"},"inLanguage":"es","potentialAction":[{"@type":"ReadAction","target":["https:\/\/powermepronto.com\/best-dallas-no-deposit-electric-company\/"]}]},{"@type":"BreadcrumbList","@id":"https:\/\/powermepronto.com\/best-dallas-no-deposit-electric-company\/#breadcrumb","itemListElement":[{"@type":"ListItem","position":1,"name":"Home","item":"https:\/\/powermepronto.com\/en\/"},{"@type":"ListItem","position":2,"name":"Best Dallas No Deposit Electric Company"}]},{"@type":"WebSite","@id":"https:\/\/powermepronto.com\/en\/#website","url":"https:\/\/powermepronto.com\/en\/","name":"Pronto Power","description":"","potentialAction":[{"@type":"SearchAction","target":{"@type":"EntryPoint","urlTemplate":"https:\/\/powermepronto.com\/en\/?s={search_term_string}"},"query-input":{"@type":"PropertyValueSpecification","valueRequired":true,"valueName":"search_term_string"}}],"inLanguage":"es"}]}},"_links":{"self":[{"href":"https:\/\/powermepronto.com\/es\/wp-json\/wp\/v2\/pages\/3710","targetHints":{"allow":["GET"]}}],"collection":[{"href":"https:\/\/powermepronto.com\/es\/wp-json\/wp\/v2\/pages"}],"about":[{"href":"https:\/\/powermepronto.com\/es\/wp-json\/wp\/v2\/types\/page"}],"author":[{"embeddable":true,"href":"https:\/\/powermepronto.com\/es\/wp-json\/wp\/v2\/users\/1"}],"replies":[{"embeddable":true,"href":"https:\/\/powermepronto.com\/es\/wp-json\/wp\/v2\/comments?post=3710"}],"version-history":[{"count":1,"href":"https:\/\/powermepronto.com\/es\/wp-json\/wp\/v2\/pages\/3710\/revisions"}],"predecessor-version":[{"id":3711,"href":"https:\/\/powermepronto.com\/es\/wp-json\/wp\/v2\/pages\/3710\/revisions\/3711"}],"wp:attachment":[{"href":"https:\/\/powermepronto.com\/es\/wp-json\/wp\/v2\/media?parent=3710"}],"curies":[{"name":"wp","href":"https:\/\/api.w.org\/{rel}","templated":true}]}}