{"id":3675,"date":"2023-01-06T09:20:42","date_gmt":"2023-01-06T15:20:42","guid":{"rendered":"https:\/\/powermepronto.com\/?page_id=3675"},"modified":"2023-01-06T09:20:42","modified_gmt":"2023-01-06T15:20:42","slug":"cheapest-prepaid-electric-company-in-dallas-with-no-deposit","status":"publish","type":"page","link":"https:\/\/powermepronto.com\/es\/cheapest-prepaid-electric-company-in-dallas-with-no-deposit\/","title":{"rendered":"La compa\u00f1\u00eda de electricidad prepaga m\u00e1s barata en dallas sin dep\u00f3sito"},"content":{"rendered":"<p>Su factura de electricidad es una gran parte de sus gastos mensuales. Con Pronto Power, la compa\u00f1\u00eda de electricidad prepaga m\u00e1s econ\u00f3mica de Dallas, puede abrir su buz\u00f3n con la confianza de saber que su factura ser\u00e1 la m\u00ednima posible.<\/p>\n<p><strong>Tarifas m\u00e1s baratas en Dallas<\/strong><\/p>\n<p>Pronto Power se enorgullece de ahorrar dinero en todo momento. Ese dinero se refleja en sus facturas mensuales como las mejores tarifas en Dallas. Por ejemplo, la publicidad es un gasto enorme para las compa\u00f1\u00edas el\u00e9ctricas. Pronto Power utiliza el boca a boca de nuestros clientes como su principal publicidad. Esto nos ahorra dinero, lo que le ahorra dinero a usted.<\/p>\n<p>La publicidad de boca en boca tambi\u00e9n te beneficia. Cuando refiere a un nuevo cliente a Pronto Power, le acreditamos a su cuenta y a la cuenta de su amigo $20 en cada una de sus facturas. Por cada amigo o familiar que se convierte en cliente y nos da su nombre, su factura aumenta $20 y la factura de ellos aumenta $20. Mantenga a esos amigos viniendo y el monto de su factura se reducir\u00e1 en $ 20 cada vez.<\/p>\n<p>\u00bfQuieres ahorrar a\u00fan m\u00e1s dinero? Otro m\u00e9todo que Pronto Power le ahorra dinero a sus clientes es a trav\u00e9s de una aplicaci\u00f3n informativa gratuita a la que pueden acceder sus clientes. Ense\u00f1amos a nuestros clientes c\u00f3mo leer sus medidores inteligentes desde la aplicaci\u00f3n en sus tel\u00e9fonos, no m\u00e1s salir a mirar su medidor de energ\u00eda.<\/p>\n<p>En su lugar, mire la aplicaci\u00f3n para ver qu\u00e9 tan r\u00e1pido est\u00e1 funcionando su medidor. Cuando el calentador se encienda, observe c\u00f3mo el medidor hace clic m\u00e1s r\u00e1pidamente. Apague el lavavajillas y los n\u00fameros se mover\u00e1n m\u00e1s lentamente. Saber c\u00f3mo usa la energ\u00eda le permite usar menos electricidad. Los estudios demuestran que los clientes que son conscientes de c\u00f3mo consumen electricidad tienden a usar menos, y eso reduce el monto de su factura el\u00e9ctrica.<\/p>\n<p>La aplicaci\u00f3n muestra un segundo beneficio: si enciende un electrodom\u00e9stico y revisa su medidor de energ\u00eda y ve que se est\u00e1 moviendo extremadamente r\u00e1pido, esto puede indicar que su electrodom\u00e9stico necesita ser reparado o reemplazado. Ser consciente de la cantidad de energ\u00eda que consumen sus electrodom\u00e9sticos puede convencerlo de que es hora de invertir en un nuevo electrodom\u00e9stico que ahorre energ\u00eda. Los electrodom\u00e9sticos nuevos a menudo pueden pagarse solos en menos de un a\u00f1o al usar mucha menos energ\u00eda.<\/p>\n<p>Otra caracter\u00edstica interesante de la aplicaci\u00f3n: se actualiza todas las ma\u00f1anas para informarle cu\u00e1nto dinero hay en su cuenta. T\u00fa decides si quieres a\u00f1adir dinero ese d\u00eda o no. Siempre que su cuenta contenga al menos $.01, su electricidad contin\u00faa funcionando.<\/p>\n<p>\u00bfQu\u00e9 sucede si sabe que su cuenta de Pronto Power se est\u00e1 agotando y faltan 3 d\u00edas para el d\u00eda de pago? Pronto Power entiende que la vida sucede. Si descubre que no puede pagar su factura a tiempo, inf\u00f3rmenos lo antes posible. Trabajamos con usted y podemos diferir su factura hasta que llegue su pr\u00f3ximo cheque de pago. Nuestro equipo de servicio al cliente est\u00e1 listo para ayudar.<\/p>\n<p><strong>Pol\u00edtica de no dep\u00f3sito de Pronto Power<\/strong><\/p>\n<p>Muchas empresas no anuncian ning\u00fan dep\u00f3sito para comenzar el servicio, pero la letra peque\u00f1a indica lo contrario. De hecho, solo unos pocos clientes selectos son elegibles para el servicio sin dep\u00f3sito con esos proveedores. En Pronto Power, nunca cobramos a nuestros nuevos clientes una tarifa de contrato, una tarifa de registro, un dep\u00f3sito o cualquier otro cargo por adelantado. Para su primera factura, le pedimos que deposite al menos $20 en su cuenta. Este dinero es suyo para pagar su primera factura. A\u00f1ade m\u00e1s dinero cuando quieras.<\/p>\n<p>Llame hoy mismo a la compa\u00f1\u00eda de electricidad prepaga m\u00e1s econ\u00f3mica de Dallas, Pronto Power, al 844-621-2852. Usted y su bolsillo se alegrar\u00e1n de haberlo hecho.<br \/>\n<\/p>","protected":false},"excerpt":{"rendered":"<p>Su factura de electricidad es una gran parte de sus gastos mensuales. Con Pronto Power, la compa\u00f1\u00eda de electricidad prepaga m\u00e1s econ\u00f3mica de Dallas, puede abrir su buz\u00f3n con la confianza de saber que su factura ser\u00e1 la m\u00ednima posible. Tarifas m\u00e1s baratas en Dallas Pronto Power se enorgullece de ahorrar dinero en todo momento. &hellip; <a href=\"https:\/\/powermepronto.com\/es\/cheapest-prepaid-electric-company-in-dallas-with-no-deposit\/\" class=\"more-link\">Continue reading <span class=\"screen-reader-text\">La compa\u00f1\u00eda de electricidad prepaga m\u00e1s barata en dallas sin dep\u00f3sito<\/span><\/a><\/p>\n","protected":false},"author":1,"featured_media":0,"parent":0,"menu_order":0,"comment_status":"closed","ping_status":"closed","template":"","meta":{"_acf_changed":false,"_glsr_average":0,"_glsr_ranking":0,"_glsr_reviews":0,"footnotes":"","_links_to":"","_links_to_target":""},"class_list":["post-3675","page","type-page","status-publish","hentry"],"acf":[],"yoast_head":"<!-- This site is optimized with the Yoast SEO plugin v27.6 - https:\/\/yoast.com\/product\/yoast-seo-wordpress\/ -->\n<title>La compa\u00f1\u00eda de electricidad prepaga m\u00e1s barata en dallas sin dep\u00f3sito - Pronto Power<\/title>\n<meta name=\"robots\" content=\"index, follow, max-snippet:-1, max-image-preview:large, max-video-preview:-1\" \/>\n<link rel=\"canonical\" href=\"https:\/\/powermepronto.com\/cheapest-prepaid-electric-company-in-dallas-with-no-deposit\/\" \/>\n<meta property=\"og:locale\" content=\"es_ES\" \/>\n<meta property=\"og:type\" content=\"article\" \/>\n<meta property=\"og:title\" content=\"[:en]Cheapest Prepaid Electric Company in Dallas with No Deposit[:es]La compa\u00f1\u00eda de electricidad prepaga m\u00e1s barata en dallas sin dep\u00f3sito[:] - Pronto Power\" \/>\n<meta property=\"og:description\" content=\"Su factura de electricidad es una gran parte de sus gastos mensuales. Con Pronto Power, la compa\u00f1\u00eda de electricidad prepaga m\u00e1s econ\u00f3mica de Dallas, puede abrir su buz\u00f3n con la confianza de saber que su factura ser\u00e1 la m\u00ednima posible. Tarifas m\u00e1s baratas en Dallas Pronto Power se enorgullece de ahorrar dinero en todo momento. &hellip; Continue reading La compa\u00f1\u00eda de electricidad prepaga m\u00e1s barata en dallas sin dep\u00f3sito\" \/>\n<meta property=\"og:url\" content=\"https:\/\/powermepronto.com\/cheapest-prepaid-electric-company-in-dallas-with-no-deposit\/\" \/>\n<meta property=\"og:site_name\" content=\"Pronto Power\" \/>\n<meta name=\"twitter:card\" content=\"summary_large_image\" \/>\n<script type=\"application\/ld+json\" class=\"yoast-schema-graph\">{\"@context\":\"https:\\\/\\\/schema.org\",\"@graph\":[{\"@type\":\"WebPage\",\"@id\":\"https:\\\/\\\/powermepronto.com\\\/cheapest-prepaid-electric-company-in-dallas-with-no-deposit\\\/\",\"url\":\"https:\\\/\\\/powermepronto.com\\\/cheapest-prepaid-electric-company-in-dallas-with-no-deposit\\\/\",\"name\":\"[:en]Cheapest Prepaid Electric Company in Dallas with No Deposit[:es]La compa\u00f1\u00eda de electricidad prepaga m\u00e1s barata en dallas sin dep\u00f3sito[:] - Pronto Power\",\"isPartOf\":{\"@id\":\"https:\\\/\\\/powermepronto.com\\\/en\\\/#website\"},\"datePublished\":\"2023-01-06T15:20:42+00:00\",\"breadcrumb\":{\"@id\":\"https:\\\/\\\/powermepronto.com\\\/cheapest-prepaid-electric-company-in-dallas-with-no-deposit\\\/#breadcrumb\"},\"inLanguage\":\"es\",\"potentialAction\":[{\"@type\":\"ReadAction\",\"target\":[\"https:\\\/\\\/powermepronto.com\\\/cheapest-prepaid-electric-company-in-dallas-with-no-deposit\\\/\"]}]},{\"@type\":\"BreadcrumbList\",\"@id\":\"https:\\\/\\\/powermepronto.com\\\/cheapest-prepaid-electric-company-in-dallas-with-no-deposit\\\/#breadcrumb\",\"itemListElement\":[{\"@type\":\"ListItem\",\"position\":1,\"name\":\"Home\",\"item\":\"https:\\\/\\\/powermepronto.com\\\/en\\\/\"},{\"@type\":\"ListItem\",\"position\":2,\"name\":\"Cheapest Prepaid Electric Company in Dallas with No Deposit\"}]},{\"@type\":\"WebSite\",\"@id\":\"https:\\\/\\\/powermepronto.com\\\/en\\\/#website\",\"url\":\"https:\\\/\\\/powermepronto.com\\\/en\\\/\",\"name\":\"Pronto Power\",\"description\":\"\",\"potentialAction\":[{\"@type\":\"SearchAction\",\"target\":{\"@type\":\"EntryPoint\",\"urlTemplate\":\"https:\\\/\\\/powermepronto.com\\\/en\\\/?s={search_term_string}\"},\"query-input\":{\"@type\":\"PropertyValueSpecification\",\"valueRequired\":true,\"valueName\":\"search_term_string\"}}],\"inLanguage\":\"es\"}]}<\/script>\n<!-- \/ Yoast SEO plugin. -->","yoast_head_json":{"title":"[:en]Cheapest Prepaid Electric Company in Dallas with No Deposit[:es]La compa\u00f1\u00eda de electricidad prepaga m\u00e1s barata en dallas sin dep\u00f3sito[:] - Pronto Power","robots":{"index":"index","follow":"follow","max-snippet":"max-snippet:-1","max-image-preview":"max-image-preview:large","max-video-preview":"max-video-preview:-1"},"canonical":"https:\/\/powermepronto.com\/cheapest-prepaid-electric-company-in-dallas-with-no-deposit\/","og_locale":"es_ES","og_type":"article","og_title":"[:en]Cheapest Prepaid Electric Company in Dallas with No Deposit[:es]La compa\u00f1\u00eda de electricidad prepaga m\u00e1s barata en dallas sin dep\u00f3sito[:] - Pronto Power","og_description":"Su factura de electricidad es una gran parte de sus gastos mensuales. Con Pronto Power, la compa\u00f1\u00eda de electricidad prepaga m\u00e1s econ\u00f3mica de Dallas, puede abrir su buz\u00f3n con la confianza de saber que su factura ser\u00e1 la m\u00ednima posible. Tarifas m\u00e1s baratas en Dallas Pronto Power se enorgullece de ahorrar dinero en todo momento. &hellip; Continue reading La compa\u00f1\u00eda de electricidad prepaga m\u00e1s barata en dallas sin dep\u00f3sito","og_url":"https:\/\/powermepronto.com\/cheapest-prepaid-electric-company-in-dallas-with-no-deposit\/","og_site_name":"Pronto Power","twitter_card":"summary_large_image","schema":{"@context":"https:\/\/schema.org","@graph":[{"@type":"WebPage","@id":"https:\/\/powermepronto.com\/cheapest-prepaid-electric-company-in-dallas-with-no-deposit\/","url":"https:\/\/powermepronto.com\/cheapest-prepaid-electric-company-in-dallas-with-no-deposit\/","name":"[:en]Cheapest Prepaid Electric Company in Dallas with No Deposit[:es]La compa\u00f1\u00eda de electricidad prepaga m\u00e1s barata en dallas sin dep\u00f3sito[:] - Pronto Power","isPartOf":{"@id":"https:\/\/powermepronto.com\/en\/#website"},"datePublished":"2023-01-06T15:20:42+00:00","breadcrumb":{"@id":"https:\/\/powermepronto.com\/cheapest-prepaid-electric-company-in-dallas-with-no-deposit\/#breadcrumb"},"inLanguage":"es","potentialAction":[{"@type":"ReadAction","target":["https:\/\/powermepronto.com\/cheapest-prepaid-electric-company-in-dallas-with-no-deposit\/"]}]},{"@type":"BreadcrumbList","@id":"https:\/\/powermepronto.com\/cheapest-prepaid-electric-company-in-dallas-with-no-deposit\/#breadcrumb","itemListElement":[{"@type":"ListItem","position":1,"name":"Home","item":"https:\/\/powermepronto.com\/en\/"},{"@type":"ListItem","position":2,"name":"Cheapest Prepaid Electric Company in Dallas with No Deposit"}]},{"@type":"WebSite","@id":"https:\/\/powermepronto.com\/en\/#website","url":"https:\/\/powermepronto.com\/en\/","name":"Pronto Power","description":"","potentialAction":[{"@type":"SearchAction","target":{"@type":"EntryPoint","urlTemplate":"https:\/\/powermepronto.com\/en\/?s={search_term_string}"},"query-input":{"@type":"PropertyValueSpecification","valueRequired":true,"valueName":"search_term_string"}}],"inLanguage":"es"}]}},"_links":{"self":[{"href":"https:\/\/powermepronto.com\/es\/wp-json\/wp\/v2\/pages\/3675","targetHints":{"allow":["GET"]}}],"collection":[{"href":"https:\/\/powermepronto.com\/es\/wp-json\/wp\/v2\/pages"}],"about":[{"href":"https:\/\/powermepronto.com\/es\/wp-json\/wp\/v2\/types\/page"}],"author":[{"embeddable":true,"href":"https:\/\/powermepronto.com\/es\/wp-json\/wp\/v2\/users\/1"}],"replies":[{"embeddable":true,"href":"https:\/\/powermepronto.com\/es\/wp-json\/wp\/v2\/comments?post=3675"}],"version-history":[{"count":1,"href":"https:\/\/powermepronto.com\/es\/wp-json\/wp\/v2\/pages\/3675\/revisions"}],"predecessor-version":[{"id":3676,"href":"https:\/\/powermepronto.com\/es\/wp-json\/wp\/v2\/pages\/3675\/revisions\/3676"}],"wp:attachment":[{"href":"https:\/\/powermepronto.com\/es\/wp-json\/wp\/v2\/media?parent=3675"}],"curies":[{"name":"wp","href":"https:\/\/api.w.org\/{rel}","templated":true}]}}