{"id":3429,"date":"2022-11-23T09:02:25","date_gmt":"2022-11-23T15:02:25","guid":{"rendered":"https:\/\/powermepronto.com\/?page_id=3429"},"modified":"2022-11-23T09:02:25","modified_gmt":"2022-11-23T15:02:25","slug":"prepaid-electric-company-in-mesquite-with-no-deposit-and-no-contract","status":"publish","type":"page","link":"https:\/\/powermepronto.com\/es\/prepaid-electric-company-in-mesquite-with-no-deposit-and-no-contract\/","title":{"rendered":"Compa\u00f1\u00eda de Luz Prepago en Mesquite Sin Dep\u00f3sito y Sin Contrato"},"content":{"rendered":"<p><br \/>\n\u00bfC\u00f3mo puede una compa\u00f1\u00eda de electricidad prepaga en Mesquite afirmar que tiene tarifas bajas, sin dep\u00f3sito y sin contrato? El sue\u00f1o es una realidad con Pronto Power. \u00bfC\u00f3mo pueden lograr esto?<\/p>\n<h2>Sin dep\u00f3sito para clientes de Mesquite. Alguna vez.<\/h2>\n<p>Es posible que lea acerca de otras compa\u00f1\u00edas el\u00e9ctricas que anuncian que no hay dep\u00f3sito, pero la letra peque\u00f1a demuestra que muchos clientes requieren un dep\u00f3sito en funci\u00f3n de su historial crediticio. Pronto Power no analiza su puntaje de cr\u00e9dito. Nunca verificamos su cr\u00e9dito y nadie requiere un dep\u00f3sito para comenzar el servicio con nosotros.<\/p>\n<p>Y ning\u00fan dep\u00f3sito es solo el comienzo: Pronto Power nunca cobra una tarifa de contrato, una tarifa de registro ni ning\u00fan otro cargo por adelantado a nuestros nuevos clientes. Le pedimos que agregue $20 a su cuenta Pronto Power. Este dinero es suyo y lo usa para pagar su primera factura. A medida que usa energ\u00eda, ver\u00e1 que la cantidad se reduce en una aplicaci\u00f3n gratuita que descarga directamente en su tel\u00e9fono. Consulte la aplicaci\u00f3n para averiguar no solo cu\u00e1nto dinero tiene en su cuenta, sino tambi\u00e9n qu\u00e9 tan r\u00e1pido o lento est\u00e1 funcionando su medidor de energ\u00eda. Esta aplicaci\u00f3n le notifica cuando sus fondos son bajos y le recuerda que debe realizar un pago. Agrega m\u00e1s dinero en cualquier momento durante el d\u00eda o la noche. Siempre que tenga al menos un centavo en su cuenta, su electricidad permanecer\u00e1 encendida.<\/p>\n<p>A diferencia de muchas otras compa\u00f1\u00edas el\u00e9ctricas, Pronto Power reconoce que el dinero es escaso. Si no puede pagar su factura a tiempo, inf\u00f3rmenos lo antes posible, ya sea llamando o enviando un mensaje de texto. Estaremos encantados de trabajar con usted y diferir su factura hasta su pr\u00f3ximo cheque de pago. Nuestro equipo de atenci\u00f3n al cliente est\u00e1 dispuesto a ayudarte cuando m\u00e1s lo necesites.<\/p>\n<h2>Sin contrato, ahora o nunca<\/h2>\n<p>Texas permite a sus consumidores de energ\u00eda elegir el servicio el\u00e9ctrico y eso abre la puerta a la competencia entre las compa\u00f1\u00edas el\u00e9ctricas. Pronto Power quiere que nuestros clientes se queden con nosotros no por obligaci\u00f3n, sino porque realmente les gusta nuestro servicio. Ni siquiera firmas un contrato de un mes. Simplemente \u00fanase a nuestra creciente familia y disfrute de los ahorros. Le encantar\u00e1 nuestro cort\u00e9s servicio al cliente.<\/p>\n<h2>La magia de las tarifas bajas de Pronto Power<\/h2>\n<p>Una gran parte de los presupuestos de las compa\u00f1\u00edas el\u00e9ctricas se dedican a la publicidad. Pronto Power cree que nuestras inversiones no deben estar en anuncios llamativos para vender nuestro servicio. Queremos gastar ese dinero en nuestros clientes. Al mantener bajo nuestro presupuesto de publicidad, ahorramos dinero y le pasamos esos ahorros a usted.<\/p>\n<p>\u00bfRecuerdas la aplicaci\u00f3n que mencionamos? Pronto Power ha encontrado una aplicaci\u00f3n de uso de energ\u00eda en tiempo real que ahorra dinero a nuestros clientes. Te ense\u00f1amos a leer tus contadores inteligentes desde tu tel\u00e9fono. La aplicaci\u00f3n muestra qu\u00e9 tan r\u00e1pido o lento est\u00e1 funcionando el medidor. Encienda la lavadora y observe c\u00f3mo aumenta el consumo de energ\u00eda. Apague el aire acondicionado y observe c\u00f3mo bajan los n\u00fameros. T\u00fa tomas las decisiones.<\/p>\n<p>Esta aplicaci\u00f3n tambi\u00e9n tiene otro beneficio. A medida que sus electrodom\u00e9sticos envejecen, funcionan de manera menos eficiente. Al verificar el uso de energ\u00eda cuando un electrodom\u00e9stico est\u00e1 funcionando, puede determinar si est\u00e1 usando demasiada energ\u00eda. Si es as\u00ed, puede ser hora de reemplazarlo con un modelo m\u00e1s eficiente energ\u00e9ticamente. La Agencia de Protecci\u00f3n Ambiental (EPA) tiene un programa EnergyStar\u2122 con uso de energ\u00eda para cualquier electrodom\u00e9stico importante que participe en su programa. Mire en l\u00ednea para ver si su electrodom\u00e9stico est\u00e1 dentro de esos par\u00e1metros. Si no, podr\u00eda ser el momento de ir de compras. Los electrodom\u00e9sticos nuevos a menudo pueden pagarse solos en menos de un a\u00f1o al usar mucha menos energ\u00eda. Si no desea un electrodom\u00e9stico nuevo, un reparador puede determinar si su electrodom\u00e9stico puede repararse.<\/p>\n<h2>Referencias, \u00bfalguien?<\/h2>\n<p>Por cada nuevo cliente que refiera a Pronto Power que se registre, le daremos a usted y a su amigo un cr\u00e9dito de $20 en la factura de ese mes. Cada vez que uno de sus amigos se convierte en cliente y nos dice que lo recomend\u00f3, aparece otro cr\u00e9dito de $ 20 en su factura. Cada nuevo amigo les brinda a ambos otro cr\u00e9dito de $ 20.<\/p>\n<p>Deja que Pronto Power sea tu compa\u00f1\u00eda de luz prepago en Mesquite. Ll\u00e1menos al 844-621-2852 hoy para comenzar a ahorrar en su factura de energ\u00eda.<br \/>\n<\/p>","protected":false},"excerpt":{"rendered":"<p>\u00bfC\u00f3mo puede una compa\u00f1\u00eda de electricidad prepaga en Mesquite afirmar que tiene tarifas bajas, sin dep\u00f3sito y sin contrato? El sue\u00f1o es una realidad con Pronto Power. \u00bfC\u00f3mo pueden lograr esto? Sin dep\u00f3sito para clientes de Mesquite. Alguna vez. Es posible que lea acerca de otras compa\u00f1\u00edas el\u00e9ctricas que anuncian que no hay dep\u00f3sito, pero &hellip; <a href=\"https:\/\/powermepronto.com\/es\/prepaid-electric-company-in-mesquite-with-no-deposit-and-no-contract\/\" class=\"more-link\">Continue reading <span class=\"screen-reader-text\">Compa\u00f1\u00eda de Luz Prepago en Mesquite Sin Dep\u00f3sito y Sin Contrato<\/span><\/a><\/p>\n","protected":false},"author":1,"featured_media":0,"parent":0,"menu_order":0,"comment_status":"closed","ping_status":"closed","template":"","meta":{"_acf_changed":false,"_glsr_average":0,"_glsr_ranking":0,"_glsr_reviews":0,"footnotes":"","_links_to":"","_links_to_target":""},"class_list":["post-3429","page","type-page","status-publish","hentry"],"acf":[],"yoast_head":"<!-- This site is optimized with the Yoast SEO plugin v27.4 - https:\/\/yoast.com\/product\/yoast-seo-wordpress\/ -->\n<title>Compa\u00f1\u00eda de Luz Prepago en Mesquite Sin Dep\u00f3sito y Sin Contrato - Pronto Power<\/title>\n<meta name=\"robots\" content=\"index, follow, max-snippet:-1, max-image-preview:large, max-video-preview:-1\" \/>\n<link rel=\"canonical\" href=\"https:\/\/powermepronto.com\/prepaid-electric-company-in-mesquite-with-no-deposit-and-no-contract\/\" \/>\n<meta property=\"og:locale\" content=\"es_ES\" \/>\n<meta property=\"og:type\" content=\"article\" \/>\n<meta property=\"og:title\" content=\"[:en]Prepaid Electric Company in Mesquite with No Deposit and No Contract[:es]Compa\u00f1\u00eda de Luz Prepago en Mesquite Sin Dep\u00f3sito y Sin Contrato[:] - Pronto Power\" \/>\n<meta property=\"og:description\" content=\"\u00bfC\u00f3mo puede una compa\u00f1\u00eda de electricidad prepaga en Mesquite afirmar que tiene tarifas bajas, sin dep\u00f3sito y sin contrato? El sue\u00f1o es una realidad con Pronto Power. \u00bfC\u00f3mo pueden lograr esto? Sin dep\u00f3sito para clientes de Mesquite. Alguna vez. Es posible que lea acerca de otras compa\u00f1\u00edas el\u00e9ctricas que anuncian que no hay dep\u00f3sito, pero &hellip; Continue reading Compa\u00f1\u00eda de Luz Prepago en Mesquite Sin Dep\u00f3sito y Sin Contrato\" \/>\n<meta property=\"og:url\" content=\"https:\/\/powermepronto.com\/prepaid-electric-company-in-mesquite-with-no-deposit-and-no-contract\/\" \/>\n<meta property=\"og:site_name\" content=\"Pronto Power\" \/>\n<meta name=\"twitter:card\" content=\"summary_large_image\" \/>\n<meta name=\"twitter:label1\" content=\"Tiempo de lectura\" \/>\n\t<meta name=\"twitter:data1\" content=\"7 minutos\" \/>\n<script type=\"application\/ld+json\" class=\"yoast-schema-graph\">{\"@context\":\"https:\\\/\\\/schema.org\",\"@graph\":[{\"@type\":\"WebPage\",\"@id\":\"https:\\\/\\\/powermepronto.com\\\/prepaid-electric-company-in-mesquite-with-no-deposit-and-no-contract\\\/\",\"url\":\"https:\\\/\\\/powermepronto.com\\\/prepaid-electric-company-in-mesquite-with-no-deposit-and-no-contract\\\/\",\"name\":\"[:en]Prepaid Electric Company in Mesquite with No Deposit and No Contract[:es]Compa\u00f1\u00eda de Luz Prepago en Mesquite Sin Dep\u00f3sito y Sin Contrato[:] - Pronto Power\",\"isPartOf\":{\"@id\":\"https:\\\/\\\/powermepronto.com\\\/en\\\/#website\"},\"datePublished\":\"2022-11-23T15:02:25+00:00\",\"breadcrumb\":{\"@id\":\"https:\\\/\\\/powermepronto.com\\\/prepaid-electric-company-in-mesquite-with-no-deposit-and-no-contract\\\/#breadcrumb\"},\"inLanguage\":\"es\",\"potentialAction\":[{\"@type\":\"ReadAction\",\"target\":[\"https:\\\/\\\/powermepronto.com\\\/prepaid-electric-company-in-mesquite-with-no-deposit-and-no-contract\\\/\"]}]},{\"@type\":\"BreadcrumbList\",\"@id\":\"https:\\\/\\\/powermepronto.com\\\/prepaid-electric-company-in-mesquite-with-no-deposit-and-no-contract\\\/#breadcrumb\",\"itemListElement\":[{\"@type\":\"ListItem\",\"position\":1,\"name\":\"Home\",\"item\":\"https:\\\/\\\/powermepronto.com\\\/en\\\/\"},{\"@type\":\"ListItem\",\"position\":2,\"name\":\"Prepaid Electric Company in Mesquite with No Deposit and No Contract\"}]},{\"@type\":\"WebSite\",\"@id\":\"https:\\\/\\\/powermepronto.com\\\/en\\\/#website\",\"url\":\"https:\\\/\\\/powermepronto.com\\\/en\\\/\",\"name\":\"Pronto Power\",\"description\":\"\",\"potentialAction\":[{\"@type\":\"SearchAction\",\"target\":{\"@type\":\"EntryPoint\",\"urlTemplate\":\"https:\\\/\\\/powermepronto.com\\\/en\\\/?s={search_term_string}\"},\"query-input\":{\"@type\":\"PropertyValueSpecification\",\"valueRequired\":true,\"valueName\":\"search_term_string\"}}],\"inLanguage\":\"es\"}]}<\/script>\n<!-- \/ Yoast SEO plugin. -->","yoast_head_json":{"title":"[:en]Prepaid Electric Company in Mesquite with No Deposit and No Contract[:es]Compa\u00f1\u00eda de Luz Prepago en Mesquite Sin Dep\u00f3sito y Sin Contrato[:] - Pronto Power","robots":{"index":"index","follow":"follow","max-snippet":"max-snippet:-1","max-image-preview":"max-image-preview:large","max-video-preview":"max-video-preview:-1"},"canonical":"https:\/\/powermepronto.com\/prepaid-electric-company-in-mesquite-with-no-deposit-and-no-contract\/","og_locale":"es_ES","og_type":"article","og_title":"[:en]Prepaid Electric Company in Mesquite with No Deposit and No Contract[:es]Compa\u00f1\u00eda de Luz Prepago en Mesquite Sin Dep\u00f3sito y Sin Contrato[:] - Pronto Power","og_description":"\u00bfC\u00f3mo puede una compa\u00f1\u00eda de electricidad prepaga en Mesquite afirmar que tiene tarifas bajas, sin dep\u00f3sito y sin contrato? El sue\u00f1o es una realidad con Pronto Power. \u00bfC\u00f3mo pueden lograr esto? Sin dep\u00f3sito para clientes de Mesquite. Alguna vez. Es posible que lea acerca de otras compa\u00f1\u00edas el\u00e9ctricas que anuncian que no hay dep\u00f3sito, pero &hellip; Continue reading Compa\u00f1\u00eda de Luz Prepago en Mesquite Sin Dep\u00f3sito y Sin Contrato","og_url":"https:\/\/powermepronto.com\/prepaid-electric-company-in-mesquite-with-no-deposit-and-no-contract\/","og_site_name":"Pronto Power","twitter_card":"summary_large_image","twitter_misc":{"Tiempo de lectura":"7 minutos"},"schema":{"@context":"https:\/\/schema.org","@graph":[{"@type":"WebPage","@id":"https:\/\/powermepronto.com\/prepaid-electric-company-in-mesquite-with-no-deposit-and-no-contract\/","url":"https:\/\/powermepronto.com\/prepaid-electric-company-in-mesquite-with-no-deposit-and-no-contract\/","name":"[:en]Prepaid Electric Company in Mesquite with No Deposit and No Contract[:es]Compa\u00f1\u00eda de Luz Prepago en Mesquite Sin Dep\u00f3sito y Sin Contrato[:] - Pronto Power","isPartOf":{"@id":"https:\/\/powermepronto.com\/en\/#website"},"datePublished":"2022-11-23T15:02:25+00:00","breadcrumb":{"@id":"https:\/\/powermepronto.com\/prepaid-electric-company-in-mesquite-with-no-deposit-and-no-contract\/#breadcrumb"},"inLanguage":"es","potentialAction":[{"@type":"ReadAction","target":["https:\/\/powermepronto.com\/prepaid-electric-company-in-mesquite-with-no-deposit-and-no-contract\/"]}]},{"@type":"BreadcrumbList","@id":"https:\/\/powermepronto.com\/prepaid-electric-company-in-mesquite-with-no-deposit-and-no-contract\/#breadcrumb","itemListElement":[{"@type":"ListItem","position":1,"name":"Home","item":"https:\/\/powermepronto.com\/en\/"},{"@type":"ListItem","position":2,"name":"Prepaid Electric Company in Mesquite with No Deposit and No Contract"}]},{"@type":"WebSite","@id":"https:\/\/powermepronto.com\/en\/#website","url":"https:\/\/powermepronto.com\/en\/","name":"Pronto Power","description":"","potentialAction":[{"@type":"SearchAction","target":{"@type":"EntryPoint","urlTemplate":"https:\/\/powermepronto.com\/en\/?s={search_term_string}"},"query-input":{"@type":"PropertyValueSpecification","valueRequired":true,"valueName":"search_term_string"}}],"inLanguage":"es"}]}},"_links":{"self":[{"href":"https:\/\/powermepronto.com\/es\/wp-json\/wp\/v2\/pages\/3429","targetHints":{"allow":["GET"]}}],"collection":[{"href":"https:\/\/powermepronto.com\/es\/wp-json\/wp\/v2\/pages"}],"about":[{"href":"https:\/\/powermepronto.com\/es\/wp-json\/wp\/v2\/types\/page"}],"author":[{"embeddable":true,"href":"https:\/\/powermepronto.com\/es\/wp-json\/wp\/v2\/users\/1"}],"replies":[{"embeddable":true,"href":"https:\/\/powermepronto.com\/es\/wp-json\/wp\/v2\/comments?post=3429"}],"version-history":[{"count":1,"href":"https:\/\/powermepronto.com\/es\/wp-json\/wp\/v2\/pages\/3429\/revisions"}],"predecessor-version":[{"id":3430,"href":"https:\/\/powermepronto.com\/es\/wp-json\/wp\/v2\/pages\/3429\/revisions\/3430"}],"wp:attachment":[{"href":"https:\/\/powermepronto.com\/es\/wp-json\/wp\/v2\/media?parent=3429"}],"curies":[{"name":"wp","href":"https:\/\/api.w.org\/{rel}","templated":true}]}}