{"id":3427,"date":"2022-11-23T08:56:04","date_gmt":"2022-11-23T14:56:04","guid":{"rendered":"https:\/\/powermepronto.com\/?page_id=3427"},"modified":"2022-11-23T08:56:04","modified_gmt":"2022-11-23T14:56:04","slug":"no-deposit-no-contract-prepaid-electricity-in-garland","status":"publish","type":"page","link":"https:\/\/powermepronto.com\/es\/no-deposit-no-contract-prepaid-electricity-in-garland\/","title":{"rendered":"Sin dep\u00f3sito, sin contrato de electricidad prepaga en Garland"},"content":{"rendered":"<p><br \/>\nS\u00ed, has le\u00eddo bien. Pronto Power entrega electricidad prepaga en Garland sin dep\u00f3sito ni contrato para ninguno de sus clientes.<\/p>\n<p>Muchos de nuestros competidores afirman ofrecer electricidad de calidad sin dep\u00f3sito, pero cuando lee la letra peque\u00f1a del contrato, ve que tiene que registrarse para ser cliente por un a\u00f1o o m\u00e1s. Peor a\u00fan, debe pasar una verificaci\u00f3n de cr\u00e9dito para poder registrarse. En Pronto Power no obligamos a nuestros clientes a firmar un contrato. Usted paga por su servicio todos los meses y brindamos un excelente servicio al cliente para mantenerlo feliz a\u00f1o tras a\u00f1o.<\/p>\n<h2>El nuevo servicio es instant\u00e1neo con Pronto Power<\/h2>\n<p>El proceso de contratar un nuevo servicio con un proveedor de electricidad no deber\u00eda ser complicado. Los clientes de Pronto Power generalmente tienen servicio dentro de una hora de contactarnos, y eso incluye repasar los planes de servicio, responder preguntas y activar el servicio. Todo lo que necesita es un medidor inteligente, que es una caracter\u00edstica que tiene el 99% de los hogares de Texas.<\/p>\n<h2>Sin dep\u00f3sito para los clientes de Garland. Sin dep\u00f3sito para ning\u00fan cliente de Texas.<\/h2>\n<p>Parte del proceso de suscripci\u00f3n al servicio para muchas compa\u00f1\u00edas el\u00e9ctricas es realizar una verificaci\u00f3n de cr\u00e9dito. En Pronto Power, creemos que su puntaje de cr\u00e9dito es su negocio. No realizamos una verificaci\u00f3n de cr\u00e9dito y no cobramos un dep\u00f3sito a ninguno de nuestros clientes.<\/p>\n<p>\u00bfSabes qu\u00e9 m\u00e1s puedes esperar? Pronto Power nunca cobra una tarifa de contrato, una tarifa de registro ni ning\u00fan otro cargo por adelantado a nuestros nuevos clientes. El \u00fanico gasto de bolsillo que tiene es de $20 que le pedimos que deposite en su cuenta. Este dinero es suyo para que lo use para pagar su factura. Lo usa hasta que se acaba, y puede agregar m\u00e1s dinero a su horario.<\/p>\n<p>Ofrecemos a todos nuestros clientes un servicio de notificaci\u00f3n gratuito con su servicio en forma de aplicaci\u00f3n. Todos los d\u00edas le informamos cu\u00e1nta energ\u00eda est\u00e1 utilizando, cu\u00e1nto dinero le queda en su cuenta y le brindamos actualizaciones a lo largo del d\u00eda si su cuenta se est\u00e1 quedando sin fondos. Siempre que tenga al menos un centavo en su cuenta, su electricidad permanecer\u00e1 encendida.<\/p>\n<p>A veces la vida interrumpe tus pagos; entendemos eso. Si descubre que no puede pagar su factura a tiempo, inf\u00f3rmenos llamando o enviando un mensaje de texto. Trabajaremos con usted y diferiremos su factura hasta su pr\u00f3ximo cheque de pago. Nuestro equipo de atenci\u00f3n al cliente est\u00e1 dispuesto a ayudarte cuando m\u00e1s lo necesites.<\/p>\n<h2>Cr\u00e9ditos de referencia<\/h2>\n<p>Por cada nuevo cliente que refiera a Pronto Power, le acreditaremos a usted y a su amigo $20 en sus cuentas. Cada vez que uno de sus amigos se convierta en cliente y nos diga que usted lo recomend\u00f3, ver\u00e1 otro cr\u00e9dito de $20 en su factura. \u00a1Haga que esos amigos sigan viniendo y mantendremos los cr\u00e9ditos de referencia en marcha!<\/p>\n<p>Para obtener la electricidad prepaga m\u00e1s baja en Garland, comun\u00edquese con Pronto Power hoy al 844-621-2852. Se sorprender\u00e1 de los ahorros en su pr\u00f3xima factura de energ\u00eda.<br \/>\n<\/p>","protected":false},"excerpt":{"rendered":"<p>S\u00ed, has le\u00eddo bien. Pronto Power entrega electricidad prepaga en Garland sin dep\u00f3sito ni contrato para ninguno de sus clientes. Muchos de nuestros competidores afirman ofrecer electricidad de calidad sin dep\u00f3sito, pero cuando lee la letra peque\u00f1a del contrato, ve que tiene que registrarse para ser cliente por un a\u00f1o o m\u00e1s. Peor a\u00fan, debe &hellip; <a href=\"https:\/\/powermepronto.com\/es\/no-deposit-no-contract-prepaid-electricity-in-garland\/\" class=\"more-link\">Continue reading <span class=\"screen-reader-text\">Sin dep\u00f3sito, sin contrato de electricidad prepaga en Garland<\/span><\/a><\/p>\n","protected":false},"author":1,"featured_media":0,"parent":0,"menu_order":0,"comment_status":"closed","ping_status":"closed","template":"","meta":{"_acf_changed":false,"_glsr_average":0,"_glsr_ranking":0,"_glsr_reviews":0,"footnotes":"","_links_to":"","_links_to_target":""},"class_list":["post-3427","page","type-page","status-publish","hentry"],"acf":[],"yoast_head":"<!-- This site is optimized with the Yoast SEO plugin v27.5 - https:\/\/yoast.com\/product\/yoast-seo-wordpress\/ -->\n<title>Sin dep\u00f3sito, sin contrato de electricidad prepaga en Garland - Pronto Power<\/title>\n<meta name=\"robots\" content=\"index, follow, max-snippet:-1, max-image-preview:large, max-video-preview:-1\" \/>\n<link rel=\"canonical\" href=\"https:\/\/powermepronto.com\/no-deposit-no-contract-prepaid-electricity-in-garland\/\" \/>\n<meta property=\"og:locale\" content=\"es_ES\" \/>\n<meta property=\"og:type\" content=\"article\" \/>\n<meta property=\"og:title\" content=\"[:en]No Deposit, No Contract Prepaid Electricity in Garland[:es]Sin dep\u00f3sito, sin contrato de electricidad prepaga en Garland[:] - Pronto Power\" \/>\n<meta property=\"og:description\" content=\"S\u00ed, has le\u00eddo bien. Pronto Power entrega electricidad prepaga en Garland sin dep\u00f3sito ni contrato para ninguno de sus clientes. Muchos de nuestros competidores afirman ofrecer electricidad de calidad sin dep\u00f3sito, pero cuando lee la letra peque\u00f1a del contrato, ve que tiene que registrarse para ser cliente por un a\u00f1o o m\u00e1s. Peor a\u00fan, debe &hellip; Continue reading Sin dep\u00f3sito, sin contrato de electricidad prepaga en Garland\" \/>\n<meta property=\"og:url\" content=\"https:\/\/powermepronto.com\/no-deposit-no-contract-prepaid-electricity-in-garland\/\" \/>\n<meta property=\"og:site_name\" content=\"Pronto Power\" \/>\n<meta name=\"twitter:card\" content=\"summary_large_image\" \/>\n<meta name=\"twitter:label1\" content=\"Tiempo de lectura\" \/>\n\t<meta name=\"twitter:data1\" content=\"5 minutos\" \/>\n<script type=\"application\/ld+json\" class=\"yoast-schema-graph\">{\"@context\":\"https:\\\/\\\/schema.org\",\"@graph\":[{\"@type\":\"WebPage\",\"@id\":\"https:\\\/\\\/powermepronto.com\\\/no-deposit-no-contract-prepaid-electricity-in-garland\\\/\",\"url\":\"https:\\\/\\\/powermepronto.com\\\/no-deposit-no-contract-prepaid-electricity-in-garland\\\/\",\"name\":\"[:en]No Deposit, No Contract Prepaid Electricity in Garland[:es]Sin dep\u00f3sito, sin contrato de electricidad prepaga en Garland[:] - Pronto Power\",\"isPartOf\":{\"@id\":\"https:\\\/\\\/powermepronto.com\\\/en\\\/#website\"},\"datePublished\":\"2022-11-23T14:56:04+00:00\",\"breadcrumb\":{\"@id\":\"https:\\\/\\\/powermepronto.com\\\/no-deposit-no-contract-prepaid-electricity-in-garland\\\/#breadcrumb\"},\"inLanguage\":\"es\",\"potentialAction\":[{\"@type\":\"ReadAction\",\"target\":[\"https:\\\/\\\/powermepronto.com\\\/no-deposit-no-contract-prepaid-electricity-in-garland\\\/\"]}]},{\"@type\":\"BreadcrumbList\",\"@id\":\"https:\\\/\\\/powermepronto.com\\\/no-deposit-no-contract-prepaid-electricity-in-garland\\\/#breadcrumb\",\"itemListElement\":[{\"@type\":\"ListItem\",\"position\":1,\"name\":\"Home\",\"item\":\"https:\\\/\\\/powermepronto.com\\\/en\\\/\"},{\"@type\":\"ListItem\",\"position\":2,\"name\":\"No Deposit, No Contract Prepaid Electricity in Garland\"}]},{\"@type\":\"WebSite\",\"@id\":\"https:\\\/\\\/powermepronto.com\\\/en\\\/#website\",\"url\":\"https:\\\/\\\/powermepronto.com\\\/en\\\/\",\"name\":\"Pronto Power\",\"description\":\"\",\"potentialAction\":[{\"@type\":\"SearchAction\",\"target\":{\"@type\":\"EntryPoint\",\"urlTemplate\":\"https:\\\/\\\/powermepronto.com\\\/en\\\/?s={search_term_string}\"},\"query-input\":{\"@type\":\"PropertyValueSpecification\",\"valueRequired\":true,\"valueName\":\"search_term_string\"}}],\"inLanguage\":\"es\"}]}<\/script>\n<!-- \/ Yoast SEO plugin. -->","yoast_head_json":{"title":"[:en]No Deposit, No Contract Prepaid Electricity in Garland[:es]Sin dep\u00f3sito, sin contrato de electricidad prepaga en Garland[:] - Pronto Power","robots":{"index":"index","follow":"follow","max-snippet":"max-snippet:-1","max-image-preview":"max-image-preview:large","max-video-preview":"max-video-preview:-1"},"canonical":"https:\/\/powermepronto.com\/no-deposit-no-contract-prepaid-electricity-in-garland\/","og_locale":"es_ES","og_type":"article","og_title":"[:en]No Deposit, No Contract Prepaid Electricity in Garland[:es]Sin dep\u00f3sito, sin contrato de electricidad prepaga en Garland[:] - Pronto Power","og_description":"S\u00ed, has le\u00eddo bien. Pronto Power entrega electricidad prepaga en Garland sin dep\u00f3sito ni contrato para ninguno de sus clientes. Muchos de nuestros competidores afirman ofrecer electricidad de calidad sin dep\u00f3sito, pero cuando lee la letra peque\u00f1a del contrato, ve que tiene que registrarse para ser cliente por un a\u00f1o o m\u00e1s. Peor a\u00fan, debe &hellip; Continue reading Sin dep\u00f3sito, sin contrato de electricidad prepaga en Garland","og_url":"https:\/\/powermepronto.com\/no-deposit-no-contract-prepaid-electricity-in-garland\/","og_site_name":"Pronto Power","twitter_card":"summary_large_image","twitter_misc":{"Tiempo de lectura":"5 minutos"},"schema":{"@context":"https:\/\/schema.org","@graph":[{"@type":"WebPage","@id":"https:\/\/powermepronto.com\/no-deposit-no-contract-prepaid-electricity-in-garland\/","url":"https:\/\/powermepronto.com\/no-deposit-no-contract-prepaid-electricity-in-garland\/","name":"[:en]No Deposit, No Contract Prepaid Electricity in Garland[:es]Sin dep\u00f3sito, sin contrato de electricidad prepaga en Garland[:] - Pronto Power","isPartOf":{"@id":"https:\/\/powermepronto.com\/en\/#website"},"datePublished":"2022-11-23T14:56:04+00:00","breadcrumb":{"@id":"https:\/\/powermepronto.com\/no-deposit-no-contract-prepaid-electricity-in-garland\/#breadcrumb"},"inLanguage":"es","potentialAction":[{"@type":"ReadAction","target":["https:\/\/powermepronto.com\/no-deposit-no-contract-prepaid-electricity-in-garland\/"]}]},{"@type":"BreadcrumbList","@id":"https:\/\/powermepronto.com\/no-deposit-no-contract-prepaid-electricity-in-garland\/#breadcrumb","itemListElement":[{"@type":"ListItem","position":1,"name":"Home","item":"https:\/\/powermepronto.com\/en\/"},{"@type":"ListItem","position":2,"name":"No Deposit, No Contract Prepaid Electricity in Garland"}]},{"@type":"WebSite","@id":"https:\/\/powermepronto.com\/en\/#website","url":"https:\/\/powermepronto.com\/en\/","name":"Pronto Power","description":"","potentialAction":[{"@type":"SearchAction","target":{"@type":"EntryPoint","urlTemplate":"https:\/\/powermepronto.com\/en\/?s={search_term_string}"},"query-input":{"@type":"PropertyValueSpecification","valueRequired":true,"valueName":"search_term_string"}}],"inLanguage":"es"}]}},"_links":{"self":[{"href":"https:\/\/powermepronto.com\/es\/wp-json\/wp\/v2\/pages\/3427","targetHints":{"allow":["GET"]}}],"collection":[{"href":"https:\/\/powermepronto.com\/es\/wp-json\/wp\/v2\/pages"}],"about":[{"href":"https:\/\/powermepronto.com\/es\/wp-json\/wp\/v2\/types\/page"}],"author":[{"embeddable":true,"href":"https:\/\/powermepronto.com\/es\/wp-json\/wp\/v2\/users\/1"}],"replies":[{"embeddable":true,"href":"https:\/\/powermepronto.com\/es\/wp-json\/wp\/v2\/comments?post=3427"}],"version-history":[{"count":1,"href":"https:\/\/powermepronto.com\/es\/wp-json\/wp\/v2\/pages\/3427\/revisions"}],"predecessor-version":[{"id":3428,"href":"https:\/\/powermepronto.com\/es\/wp-json\/wp\/v2\/pages\/3427\/revisions\/3428"}],"wp:attachment":[{"href":"https:\/\/powermepronto.com\/es\/wp-json\/wp\/v2\/media?parent=3427"}],"curies":[{"name":"wp","href":"https:\/\/api.w.org\/{rel}","templated":true}]}}