{"id":3420,"date":"2022-11-23T08:44:35","date_gmt":"2022-11-23T14:44:35","guid":{"rendered":"https:\/\/powermepronto.com\/?page_id=3420"},"modified":"2024-02-06T12:48:50","modified_gmt":"2024-02-06T18:48:50","slug":"no-contract-no-deposit-prepaid-electricity-in-dallas","status":"publish","type":"page","link":"https:\/\/powermepronto.com\/es\/no-contract-no-deposit-prepaid-electricity-in-dallas\/","title":{"rendered":"Electricidad prepaga sin contrato sin dep\u00f3sito en Dallas"},"content":{"rendered":"<p>Parece demasiado bueno para ser verdad: Pronto Power afirma tener la electricidad prepaga m\u00e1s baja de Dallas y, adem\u00e1s de eso, no cobra dep\u00f3sito. \u00bfCu\u00e1l es el truco?<\/p>\n<p>Por una vez en tu vida, no hay trampa. Realmente es as\u00ed de bueno, y realmente es cierto. Pronto Power ha cambiado las tornas en el uso de electricidad y puede pasarle esos ahorros a usted. Lea m\u00e1s sobre c\u00f3mo este sue\u00f1o es una realidad.<\/p>\n<h2>Sin dep\u00f3sito para clientes de Dallas. Sin dep\u00f3sito para ning\u00fan cliente de Texas. Nunguna vez.<\/h2>\n<p>Muchas compa\u00f1\u00edas el\u00e9ctricas anuncian que no cobran un dep\u00f3sito, pero cuando lee la letra peque\u00f1a, ve que esta oferta no se aplica a los clientes con puntajes de cr\u00e9dito m\u00e1s bajos. Pronto Power no se preocupa por su puntaje de cr\u00e9dito. Nunca verificamos su cr\u00e9dito y ninguno de nuestros clientes requiere un dep\u00f3sito para comenzar el servicio.<\/p>\n<p>Adem\u00e1s de no cobrar un dep\u00f3sito, Pronto Power nunca cobra una tarifa de contrato, una tarifa de registro ni ning\u00fan otro cargo por adelantado a nuestros nuevos clientes. El \u00fanico gasto de su bolsillo que tendr\u00e1 es de $20 que le pedimos que deposite en su cuenta. Este dinero es suyo para que lo use para pagar su primera factura. Lo usa hasta que se acaba, y puede agregar m\u00e1s dinero en cualquier momento que est\u00e9 listo. Con nuestro servicio de notificaci\u00f3n gratuito, le enviaremos un mensaje de texto cuando su cuenta se est\u00e9 agotando para informarle que es hora de agregar fondos adicionales. Siempre que tenga al menos un centavo en su cuenta, su electricidad permanecer\u00e1 encendida.<\/p>\n<p>El dinero es escaso, especialmente entre cheques de pago. Si descubre que no puede pagar su factura a tiempo, inf\u00f3rmenos lo antes posible llamando o enviando un mensaje de texto. Podemos trabajar con usted y diferir su factura hasta su pr\u00f3ximo cheque de pago. Nuestro equipo de atenci\u00f3n al cliente est\u00e1 dispuesto a ayudarte cuando m\u00e1s lo necesites.<\/p>\n<h2>\u00bfC\u00f3mo mantenemos nuestras tarifas tan bajas?<\/h2>\n<p>Muchas compa\u00f1\u00edas el\u00e9ctricas gastan una gran cantidad de dinero en publicidad. En Pronto Power, no invertimos en anuncios llamativos para vender nuestro servicio. Al mantener bajo nuestro presupuesto de publicidad, ahorramos dinero y le pasamos esos ahorros a usted.<br \/>\nLa \u00fanica \u00e1rea de negocios en la que no tomamos atajos es la atenci\u00f3n al cliente. Tratamos a nuestros clientes de manera justa y sabemos que tiene opciones, y eligi\u00f3 Pronto Power.<\/p>\n<p>Debido a que no firma un contrato para comenzar el servicio con Pronto Power, tiene la opci\u00f3n de irse cuando lo desee. Para mantenerlo satisfecho, nuestro excelente equipo de servicio al cliente est\u00e1 listo para ayudarlo por tel\u00e9fono o mensaje de texto en cualquier momento que necesite ayuda.<\/p>\n<p>Pronto Power tiene otro programa de ahorro de costos: una aplicaci\u00f3n de uso de energ\u00eda en tiempo real. Ense\u00f1amos a nuestros clientes c\u00f3mo leer sus medidores inteligentes desde sus tel\u00e9fonos para que ni siquiera tengan que mirar el medidor de su casa. Mire la aplicaci\u00f3n para ver qu\u00e9 tan r\u00e1pido est\u00e1 funcionando el medidor. Encienda el aire acondicionado y observe c\u00f3mo aumenta el consumo de energ\u00eda. Apague el lavavajillas y observe c\u00f3mo bajan los n\u00fameros. T\u00fa tomas las decisiones.<\/p>\n<p>Cuando los clientes son conscientes de la cantidad de energ\u00eda que consumen, tienden a usar menos y eso beneficia a todos. Al ser consciente de la cantidad de energ\u00eda que usa cualquier aparato, puede determinar si un aparato est\u00e1 usando mucho m\u00e1s de lo que deber\u00eda. Esto podr\u00eda significar que es hora de llamar a un reparador, o tal vez desee invertir en un nuevo electrodom\u00e9stico que ahorre energ\u00eda. Los electrodom\u00e9sticos nuevos a menudo pueden pagarse solos en menos de un a\u00f1o al usar mucha menos energ\u00eda.<\/p>\n<p>&nbsp;<\/p>","protected":false},"excerpt":{"rendered":"<p>Parece demasiado bueno para ser verdad: Pronto Power afirma tener la electricidad prepaga m\u00e1s baja de Dallas y, adem\u00e1s de eso, no cobra dep\u00f3sito. \u00bfCu\u00e1l es el truco? Por una vez en tu vida, no hay trampa. Realmente es as\u00ed de bueno, y realmente es cierto. Pronto Power ha cambiado las tornas en el uso &hellip; <a href=\"https:\/\/powermepronto.com\/es\/no-contract-no-deposit-prepaid-electricity-in-dallas\/\" class=\"more-link\">Continue reading <span class=\"screen-reader-text\">Electricidad prepaga sin contrato sin dep\u00f3sito en Dallas<\/span><\/a><\/p>\n","protected":false},"author":1,"featured_media":0,"parent":0,"menu_order":0,"comment_status":"closed","ping_status":"closed","template":"","meta":{"_acf_changed":false,"_glsr_average":0,"_glsr_ranking":0,"_glsr_reviews":0,"footnotes":"","_links_to":"","_links_to_target":""},"class_list":["post-3420","page","type-page","status-publish","hentry"],"acf":[],"yoast_head":"<!-- This site is optimized with the Yoast SEO plugin v27.4 - https:\/\/yoast.com\/product\/yoast-seo-wordpress\/ -->\n<title>Electricidad prepaga sin contrato sin dep\u00f3sito en Dallas - Pronto Power<\/title>\n<meta name=\"robots\" content=\"index, follow, max-snippet:-1, max-image-preview:large, max-video-preview:-1\" \/>\n<link rel=\"canonical\" href=\"https:\/\/powermepronto.com\/no-contract-no-deposit-prepaid-electricity-in-dallas\/\" \/>\n<meta property=\"og:locale\" content=\"es_ES\" \/>\n<meta property=\"og:type\" content=\"article\" \/>\n<meta property=\"og:title\" content=\"[:en]No Contract No Deposit Prepaid Electricity in Dallas[:es]Electricidad prepaga sin contrato sin dep\u00f3sito en Dallas[:] - Pronto Power\" \/>\n<meta property=\"og:description\" content=\"Parece demasiado bueno para ser verdad: Pronto Power afirma tener la electricidad prepaga m\u00e1s baja de Dallas y, adem\u00e1s de eso, no cobra dep\u00f3sito. \u00bfCu\u00e1l es el truco? Por una vez en tu vida, no hay trampa. Realmente es as\u00ed de bueno, y realmente es cierto. Pronto Power ha cambiado las tornas en el uso &hellip; Continue reading Electricidad prepaga sin contrato sin dep\u00f3sito en Dallas\" \/>\n<meta property=\"og:url\" content=\"https:\/\/powermepronto.com\/no-contract-no-deposit-prepaid-electricity-in-dallas\/\" \/>\n<meta property=\"og:site_name\" content=\"Pronto Power\" \/>\n<meta property=\"article:modified_time\" content=\"2024-02-06T18:48:50+00:00\" \/>\n<meta name=\"twitter:card\" content=\"summary_large_image\" \/>\n<meta name=\"twitter:label1\" content=\"Tiempo de lectura\" \/>\n\t<meta name=\"twitter:data1\" content=\"6 minutos\" \/>\n<script type=\"application\/ld+json\" class=\"yoast-schema-graph\">{\"@context\":\"https:\\\/\\\/schema.org\",\"@graph\":[{\"@type\":\"WebPage\",\"@id\":\"https:\\\/\\\/powermepronto.com\\\/no-contract-no-deposit-prepaid-electricity-in-dallas\\\/\",\"url\":\"https:\\\/\\\/powermepronto.com\\\/no-contract-no-deposit-prepaid-electricity-in-dallas\\\/\",\"name\":\"[:en]No Contract No Deposit Prepaid Electricity in Dallas[:es]Electricidad prepaga sin contrato sin dep\u00f3sito en Dallas[:] - Pronto Power\",\"isPartOf\":{\"@id\":\"https:\\\/\\\/powermepronto.com\\\/en\\\/#website\"},\"datePublished\":\"2022-11-23T14:44:35+00:00\",\"dateModified\":\"2024-02-06T18:48:50+00:00\",\"breadcrumb\":{\"@id\":\"https:\\\/\\\/powermepronto.com\\\/no-contract-no-deposit-prepaid-electricity-in-dallas\\\/#breadcrumb\"},\"inLanguage\":\"es\",\"potentialAction\":[{\"@type\":\"ReadAction\",\"target\":[\"https:\\\/\\\/powermepronto.com\\\/no-contract-no-deposit-prepaid-electricity-in-dallas\\\/\"]}]},{\"@type\":\"BreadcrumbList\",\"@id\":\"https:\\\/\\\/powermepronto.com\\\/no-contract-no-deposit-prepaid-electricity-in-dallas\\\/#breadcrumb\",\"itemListElement\":[{\"@type\":\"ListItem\",\"position\":1,\"name\":\"Home\",\"item\":\"https:\\\/\\\/powermepronto.com\\\/en\\\/\"},{\"@type\":\"ListItem\",\"position\":2,\"name\":\"No Contract No Deposit Prepaid Electricity in Dallas\"}]},{\"@type\":\"WebSite\",\"@id\":\"https:\\\/\\\/powermepronto.com\\\/en\\\/#website\",\"url\":\"https:\\\/\\\/powermepronto.com\\\/en\\\/\",\"name\":\"Pronto Power\",\"description\":\"\",\"potentialAction\":[{\"@type\":\"SearchAction\",\"target\":{\"@type\":\"EntryPoint\",\"urlTemplate\":\"https:\\\/\\\/powermepronto.com\\\/en\\\/?s={search_term_string}\"},\"query-input\":{\"@type\":\"PropertyValueSpecification\",\"valueRequired\":true,\"valueName\":\"search_term_string\"}}],\"inLanguage\":\"es\"}]}<\/script>\n<!-- \/ Yoast SEO plugin. -->","yoast_head_json":{"title":"[:en]No Contract No Deposit Prepaid Electricity in Dallas[:es]Electricidad prepaga sin contrato sin dep\u00f3sito en Dallas[:] - Pronto Power","robots":{"index":"index","follow":"follow","max-snippet":"max-snippet:-1","max-image-preview":"max-image-preview:large","max-video-preview":"max-video-preview:-1"},"canonical":"https:\/\/powermepronto.com\/no-contract-no-deposit-prepaid-electricity-in-dallas\/","og_locale":"es_ES","og_type":"article","og_title":"[:en]No Contract No Deposit Prepaid Electricity in Dallas[:es]Electricidad prepaga sin contrato sin dep\u00f3sito en Dallas[:] - Pronto Power","og_description":"Parece demasiado bueno para ser verdad: Pronto Power afirma tener la electricidad prepaga m\u00e1s baja de Dallas y, adem\u00e1s de eso, no cobra dep\u00f3sito. \u00bfCu\u00e1l es el truco? Por una vez en tu vida, no hay trampa. Realmente es as\u00ed de bueno, y realmente es cierto. Pronto Power ha cambiado las tornas en el uso &hellip; Continue reading Electricidad prepaga sin contrato sin dep\u00f3sito en Dallas","og_url":"https:\/\/powermepronto.com\/no-contract-no-deposit-prepaid-electricity-in-dallas\/","og_site_name":"Pronto Power","article_modified_time":"2024-02-06T18:48:50+00:00","twitter_card":"summary_large_image","twitter_misc":{"Tiempo de lectura":"6 minutos"},"schema":{"@context":"https:\/\/schema.org","@graph":[{"@type":"WebPage","@id":"https:\/\/powermepronto.com\/no-contract-no-deposit-prepaid-electricity-in-dallas\/","url":"https:\/\/powermepronto.com\/no-contract-no-deposit-prepaid-electricity-in-dallas\/","name":"[:en]No Contract No Deposit Prepaid Electricity in Dallas[:es]Electricidad prepaga sin contrato sin dep\u00f3sito en Dallas[:] - Pronto Power","isPartOf":{"@id":"https:\/\/powermepronto.com\/en\/#website"},"datePublished":"2022-11-23T14:44:35+00:00","dateModified":"2024-02-06T18:48:50+00:00","breadcrumb":{"@id":"https:\/\/powermepronto.com\/no-contract-no-deposit-prepaid-electricity-in-dallas\/#breadcrumb"},"inLanguage":"es","potentialAction":[{"@type":"ReadAction","target":["https:\/\/powermepronto.com\/no-contract-no-deposit-prepaid-electricity-in-dallas\/"]}]},{"@type":"BreadcrumbList","@id":"https:\/\/powermepronto.com\/no-contract-no-deposit-prepaid-electricity-in-dallas\/#breadcrumb","itemListElement":[{"@type":"ListItem","position":1,"name":"Home","item":"https:\/\/powermepronto.com\/en\/"},{"@type":"ListItem","position":2,"name":"No Contract No Deposit Prepaid Electricity in Dallas"}]},{"@type":"WebSite","@id":"https:\/\/powermepronto.com\/en\/#website","url":"https:\/\/powermepronto.com\/en\/","name":"Pronto Power","description":"","potentialAction":[{"@type":"SearchAction","target":{"@type":"EntryPoint","urlTemplate":"https:\/\/powermepronto.com\/en\/?s={search_term_string}"},"query-input":{"@type":"PropertyValueSpecification","valueRequired":true,"valueName":"search_term_string"}}],"inLanguage":"es"}]}},"_links":{"self":[{"href":"https:\/\/powermepronto.com\/es\/wp-json\/wp\/v2\/pages\/3420","targetHints":{"allow":["GET"]}}],"collection":[{"href":"https:\/\/powermepronto.com\/es\/wp-json\/wp\/v2\/pages"}],"about":[{"href":"https:\/\/powermepronto.com\/es\/wp-json\/wp\/v2\/types\/page"}],"author":[{"embeddable":true,"href":"https:\/\/powermepronto.com\/es\/wp-json\/wp\/v2\/users\/1"}],"replies":[{"embeddable":true,"href":"https:\/\/powermepronto.com\/es\/wp-json\/wp\/v2\/comments?post=3420"}],"version-history":[{"count":5,"href":"https:\/\/powermepronto.com\/es\/wp-json\/wp\/v2\/pages\/3420\/revisions"}],"predecessor-version":[{"id":3998,"href":"https:\/\/powermepronto.com\/es\/wp-json\/wp\/v2\/pages\/3420\/revisions\/3998"}],"wp:attachment":[{"href":"https:\/\/powermepronto.com\/es\/wp-json\/wp\/v2\/media?parent=3420"}],"curies":[{"name":"wp","href":"https:\/\/api.w.org\/{rel}","templated":true}]}}