{"id":3418,"date":"2022-11-23T08:39:38","date_gmt":"2022-11-23T14:39:38","guid":{"rendered":"https:\/\/powermepronto.com\/?page_id=3418"},"modified":"2022-11-23T08:39:38","modified_gmt":"2022-11-23T14:39:38","slug":"cheapest-carrollton-prepaid-electric-company-with-no-deposit","status":"publish","type":"page","link":"https:\/\/powermepronto.com\/es\/cheapest-carrollton-prepaid-electric-company-with-no-deposit\/","title":{"rendered":"La compa\u00f1\u00eda de electricidad prepaga de Carrollton m\u00e1s barata sin dep\u00f3sito"},"content":{"rendered":"<p>Su factura de electricidad es uno de sus mayores gastos mensuales. La mayor\u00eda de las empresas cobran un dep\u00f3sito o quieren dinero con un mes de anticipaci\u00f3n para comenzar el servicio, y parece imposible ahorrar esa cantidad de dinero. \u00bfQu\u00e9 puedes hacer? Pronto Power, la compa\u00f1\u00eda de electricidad prepaga de Carrollton que tiene en cuenta sus necesidades, tiene una respuesta.<\/p>\n<p>Nos damos cuenta de que nuestros clientes tienen la opci\u00f3n de irse cuando lo deseen porque no vinculamos a nadie a un contrato. Eso significa que damos a cada cliente un servicio al cliente superior.<\/p>\n<h2>Sin dep\u00f3sito en Carrollton ni en ning\u00fan otro lugar de Texas<\/h2>\n<p>Nuestras tarifas de energ\u00eda no solo son excepcionales, sino que nunca cobramos una tarifa de contrato, una tarifa de registro, un dep\u00f3sito o cualquier otro cargo por adelantado a nuestros nuevos clientes. Y si su hogar est\u00e1 equipado con un medidor inteligente (el 99% de los hogares de Texas lo est\u00e1n), Pronto Power puede cambiar su servicio de su compa\u00f1\u00eda de energ\u00eda actual a nuestro servicio en una hora. Es as\u00ed de f\u00e1cil.<\/p>\n<p>Muchas empresas no anuncian dep\u00f3sitos, pero cuando lee la letra peque\u00f1a, casi siempre descubre que los dep\u00f3sitos son necesarios para los clientes con puntajes de cr\u00e9dito m\u00e1s bajos. Pronto Power no le pide una verificaci\u00f3n de cr\u00e9dito y ning\u00fan cliente requiere un dep\u00f3sito para comenzar el servicio.<\/p>\n<h2>Fant\u00e1sticas tarifas<\/h2>\n<p>Pronto Power mantiene bajas sus tarifas de energ\u00eda ense\u00f1ando a sus clientes c\u00f3mo leer sus medidores inteligentes (la informaci\u00f3n est\u00e1 en una aplicaci\u00f3n gratuita, por lo que ni siquiera necesita mirar el medidor de su hogar) para comprender en tiempo real cu\u00e1nta energ\u00eda se est\u00e1 consumiendo. . T\u00fa decides si quieres usar el lavavajillas o la secadora de ropa ahora o m\u00e1s tarde. Tambi\u00e9n puede ver cu\u00e1nta electricidad se usa para cada electrodom\u00e9stico y determinar si uno est\u00e1 usando mucho m\u00e1s de lo que deber\u00eda. Si es as\u00ed, es posible que desee invertir en un nuevo aparato de ahorro de energ\u00eda.<\/p>\n<p>Nuestro equipo de servicio al cliente est\u00e1 listo para responder todas sus preguntas y ofrecer sugerencias sobre c\u00f3mo puede ahorrar dinero en sus facturas de energ\u00eda. Consid\u00e9ralo una ventaja m\u00e1s de ser cliente de Pronto Power.<\/p>\n<h2>Ahorros adicionales<\/h2>\n<p>\u00bfTe gusta nuestro servicio? \u00a1Dile a tus amigos! Por cada nuevo cliente que refiera a Pronto Power, le daremos a usted, y a su amigo, un cr\u00e9dito de $20 en cada una de sus facturas. Cada vez que uno de tus amigos se haga cliente y nos d\u00e9 tu nombre, ver\u00e1s otros $20 de cr\u00e9dito en tu factura.<\/p>\n<p>Pronto Power espera ser su compa\u00f1\u00eda de electricidad prepaga de Carrollton. Ll\u00e1menos hoy al 844-621-2852 para convertirse en el cliente m\u00e1s nuevo de Pronto Power.<br \/>\n<\/p>","protected":false},"excerpt":{"rendered":"<p>Su factura de electricidad es uno de sus mayores gastos mensuales. La mayor\u00eda de las empresas cobran un dep\u00f3sito o quieren dinero con un mes de anticipaci\u00f3n para comenzar el servicio, y parece imposible ahorrar esa cantidad de dinero. \u00bfQu\u00e9 puedes hacer? Pronto Power, la compa\u00f1\u00eda de electricidad prepaga de Carrollton que tiene en cuenta &hellip; <a href=\"https:\/\/powermepronto.com\/es\/cheapest-carrollton-prepaid-electric-company-with-no-deposit\/\" class=\"more-link\">Continue reading <span class=\"screen-reader-text\">La compa\u00f1\u00eda de electricidad prepaga de Carrollton m\u00e1s barata sin dep\u00f3sito<\/span><\/a><\/p>\n","protected":false},"author":1,"featured_media":0,"parent":0,"menu_order":0,"comment_status":"closed","ping_status":"closed","template":"","meta":{"_acf_changed":false,"_glsr_average":0,"_glsr_ranking":0,"_glsr_reviews":0,"footnotes":"","_links_to":"","_links_to_target":""},"class_list":["post-3418","page","type-page","status-publish","hentry"],"acf":[],"yoast_head":"<!-- This site is optimized with the Yoast SEO plugin v27.4 - https:\/\/yoast.com\/product\/yoast-seo-wordpress\/ -->\n<title>La compa\u00f1\u00eda de electricidad prepaga de Carrollton m\u00e1s barata sin dep\u00f3sito - Pronto Power<\/title>\n<meta name=\"robots\" content=\"index, follow, max-snippet:-1, max-image-preview:large, max-video-preview:-1\" \/>\n<link rel=\"canonical\" href=\"https:\/\/powermepronto.com\/cheapest-carrollton-prepaid-electric-company-with-no-deposit\/\" \/>\n<meta property=\"og:locale\" content=\"es_ES\" \/>\n<meta property=\"og:type\" content=\"article\" \/>\n<meta property=\"og:title\" content=\"[:en]Cheapest Carrollton Prepaid Electric Company with No Deposit[:es]La compa\u00f1\u00eda de electricidad prepaga de Carrollton m\u00e1s barata sin dep\u00f3sito[:] - Pronto Power\" \/>\n<meta property=\"og:description\" content=\"Su factura de electricidad es uno de sus mayores gastos mensuales. La mayor\u00eda de las empresas cobran un dep\u00f3sito o quieren dinero con un mes de anticipaci\u00f3n para comenzar el servicio, y parece imposible ahorrar esa cantidad de dinero. \u00bfQu\u00e9 puedes hacer? Pronto Power, la compa\u00f1\u00eda de electricidad prepaga de Carrollton que tiene en cuenta &hellip; Continue reading La compa\u00f1\u00eda de electricidad prepaga de Carrollton m\u00e1s barata sin dep\u00f3sito\" \/>\n<meta property=\"og:url\" content=\"https:\/\/powermepronto.com\/cheapest-carrollton-prepaid-electric-company-with-no-deposit\/\" \/>\n<meta property=\"og:site_name\" content=\"Pronto Power\" \/>\n<meta name=\"twitter:card\" content=\"summary_large_image\" \/>\n<meta name=\"twitter:label1\" content=\"Tiempo de lectura\" \/>\n\t<meta name=\"twitter:data1\" content=\"4 minutos\" \/>\n<script type=\"application\/ld+json\" class=\"yoast-schema-graph\">{\"@context\":\"https:\\\/\\\/schema.org\",\"@graph\":[{\"@type\":\"WebPage\",\"@id\":\"https:\\\/\\\/powermepronto.com\\\/cheapest-carrollton-prepaid-electric-company-with-no-deposit\\\/\",\"url\":\"https:\\\/\\\/powermepronto.com\\\/cheapest-carrollton-prepaid-electric-company-with-no-deposit\\\/\",\"name\":\"[:en]Cheapest Carrollton Prepaid Electric Company with No Deposit[:es]La compa\u00f1\u00eda de electricidad prepaga de Carrollton m\u00e1s barata sin dep\u00f3sito[:] - Pronto Power\",\"isPartOf\":{\"@id\":\"https:\\\/\\\/powermepronto.com\\\/en\\\/#website\"},\"datePublished\":\"2022-11-23T14:39:38+00:00\",\"breadcrumb\":{\"@id\":\"https:\\\/\\\/powermepronto.com\\\/cheapest-carrollton-prepaid-electric-company-with-no-deposit\\\/#breadcrumb\"},\"inLanguage\":\"es\",\"potentialAction\":[{\"@type\":\"ReadAction\",\"target\":[\"https:\\\/\\\/powermepronto.com\\\/cheapest-carrollton-prepaid-electric-company-with-no-deposit\\\/\"]}]},{\"@type\":\"BreadcrumbList\",\"@id\":\"https:\\\/\\\/powermepronto.com\\\/cheapest-carrollton-prepaid-electric-company-with-no-deposit\\\/#breadcrumb\",\"itemListElement\":[{\"@type\":\"ListItem\",\"position\":1,\"name\":\"Home\",\"item\":\"https:\\\/\\\/powermepronto.com\\\/en\\\/\"},{\"@type\":\"ListItem\",\"position\":2,\"name\":\"Cheapest Carrollton Prepaid Electric Company with No Deposit\"}]},{\"@type\":\"WebSite\",\"@id\":\"https:\\\/\\\/powermepronto.com\\\/en\\\/#website\",\"url\":\"https:\\\/\\\/powermepronto.com\\\/en\\\/\",\"name\":\"Pronto Power\",\"description\":\"\",\"potentialAction\":[{\"@type\":\"SearchAction\",\"target\":{\"@type\":\"EntryPoint\",\"urlTemplate\":\"https:\\\/\\\/powermepronto.com\\\/en\\\/?s={search_term_string}\"},\"query-input\":{\"@type\":\"PropertyValueSpecification\",\"valueRequired\":true,\"valueName\":\"search_term_string\"}}],\"inLanguage\":\"es\"}]}<\/script>\n<!-- \/ Yoast SEO plugin. -->","yoast_head_json":{"title":"[:en]Cheapest Carrollton Prepaid Electric Company with No Deposit[:es]La compa\u00f1\u00eda de electricidad prepaga de Carrollton m\u00e1s barata sin dep\u00f3sito[:] - Pronto Power","robots":{"index":"index","follow":"follow","max-snippet":"max-snippet:-1","max-image-preview":"max-image-preview:large","max-video-preview":"max-video-preview:-1"},"canonical":"https:\/\/powermepronto.com\/cheapest-carrollton-prepaid-electric-company-with-no-deposit\/","og_locale":"es_ES","og_type":"article","og_title":"[:en]Cheapest Carrollton Prepaid Electric Company with No Deposit[:es]La compa\u00f1\u00eda de electricidad prepaga de Carrollton m\u00e1s barata sin dep\u00f3sito[:] - Pronto Power","og_description":"Su factura de electricidad es uno de sus mayores gastos mensuales. La mayor\u00eda de las empresas cobran un dep\u00f3sito o quieren dinero con un mes de anticipaci\u00f3n para comenzar el servicio, y parece imposible ahorrar esa cantidad de dinero. \u00bfQu\u00e9 puedes hacer? Pronto Power, la compa\u00f1\u00eda de electricidad prepaga de Carrollton que tiene en cuenta &hellip; Continue reading La compa\u00f1\u00eda de electricidad prepaga de Carrollton m\u00e1s barata sin dep\u00f3sito","og_url":"https:\/\/powermepronto.com\/cheapest-carrollton-prepaid-electric-company-with-no-deposit\/","og_site_name":"Pronto Power","twitter_card":"summary_large_image","twitter_misc":{"Tiempo de lectura":"4 minutos"},"schema":{"@context":"https:\/\/schema.org","@graph":[{"@type":"WebPage","@id":"https:\/\/powermepronto.com\/cheapest-carrollton-prepaid-electric-company-with-no-deposit\/","url":"https:\/\/powermepronto.com\/cheapest-carrollton-prepaid-electric-company-with-no-deposit\/","name":"[:en]Cheapest Carrollton Prepaid Electric Company with No Deposit[:es]La compa\u00f1\u00eda de electricidad prepaga de Carrollton m\u00e1s barata sin dep\u00f3sito[:] - Pronto Power","isPartOf":{"@id":"https:\/\/powermepronto.com\/en\/#website"},"datePublished":"2022-11-23T14:39:38+00:00","breadcrumb":{"@id":"https:\/\/powermepronto.com\/cheapest-carrollton-prepaid-electric-company-with-no-deposit\/#breadcrumb"},"inLanguage":"es","potentialAction":[{"@type":"ReadAction","target":["https:\/\/powermepronto.com\/cheapest-carrollton-prepaid-electric-company-with-no-deposit\/"]}]},{"@type":"BreadcrumbList","@id":"https:\/\/powermepronto.com\/cheapest-carrollton-prepaid-electric-company-with-no-deposit\/#breadcrumb","itemListElement":[{"@type":"ListItem","position":1,"name":"Home","item":"https:\/\/powermepronto.com\/en\/"},{"@type":"ListItem","position":2,"name":"Cheapest Carrollton Prepaid Electric Company with No Deposit"}]},{"@type":"WebSite","@id":"https:\/\/powermepronto.com\/en\/#website","url":"https:\/\/powermepronto.com\/en\/","name":"Pronto Power","description":"","potentialAction":[{"@type":"SearchAction","target":{"@type":"EntryPoint","urlTemplate":"https:\/\/powermepronto.com\/en\/?s={search_term_string}"},"query-input":{"@type":"PropertyValueSpecification","valueRequired":true,"valueName":"search_term_string"}}],"inLanguage":"es"}]}},"_links":{"self":[{"href":"https:\/\/powermepronto.com\/es\/wp-json\/wp\/v2\/pages\/3418","targetHints":{"allow":["GET"]}}],"collection":[{"href":"https:\/\/powermepronto.com\/es\/wp-json\/wp\/v2\/pages"}],"about":[{"href":"https:\/\/powermepronto.com\/es\/wp-json\/wp\/v2\/types\/page"}],"author":[{"embeddable":true,"href":"https:\/\/powermepronto.com\/es\/wp-json\/wp\/v2\/users\/1"}],"replies":[{"embeddable":true,"href":"https:\/\/powermepronto.com\/es\/wp-json\/wp\/v2\/comments?post=3418"}],"version-history":[{"count":1,"href":"https:\/\/powermepronto.com\/es\/wp-json\/wp\/v2\/pages\/3418\/revisions"}],"predecessor-version":[{"id":3419,"href":"https:\/\/powermepronto.com\/es\/wp-json\/wp\/v2\/pages\/3418\/revisions\/3419"}],"wp:attachment":[{"href":"https:\/\/powermepronto.com\/es\/wp-json\/wp\/v2\/media?parent=3418"}],"curies":[{"name":"wp","href":"https:\/\/api.w.org\/{rel}","templated":true}]}}