{"id":3271,"date":"2022-07-21T04:46:59","date_gmt":"2022-07-21T09:46:59","guid":{"rendered":"https:\/\/powermepronto.com\/?page_id=3271"},"modified":"2023-02-13T09:58:20","modified_gmt":"2023-02-13T15:58:20","slug":"pronto-powers-newest-feature-text-to-chat","status":"publish","type":"page","link":"https:\/\/powermepronto.com\/es\/pronto-powers-newest-feature-text-to-chat\/","title":{"rendered":"La caracter\u00edstica m\u00e1s nueva de Pronto Power \u00abText to Chat\u00bb"},"content":{"rendered":"<p><\/p>\n<div class=\"text2pay\">\n<div class=\"container\">\n<div class=\"text2pay-title\">Texto Para Pagar <br \/><span>Con Pronto Power<\/span><\/p>\n<p><a href=\"\/pronto-powers-newest-feature-text-to-chat\/\" class=\"button-green\">Lee Mas<\/a><\/p>\n<\/div>\n<div class=\"text2pay-steps\">\n<div class=\"stepone\">\n<h3>Paso 1<\/h3>\n<p>Usando el tel\u00e9fono que est\u00e1 conectado a su cuenta, abra sus mensajes de texto.<\/p>\n<\/div>\n<div class=\"steptwo\">\n<h3>Paso 2<\/h3>\n<p>Encuentra tus mensajes de texto diarios de Pronto Power.<\/p>\n<\/div>\n<div class=\"stepthree\">\n<h3>Paso 3<\/h3>\n<p>Responda a ese n\u00famero con \u00ab\u00bfPuede agregar $XX.XX con mi tarjeta registrada que termina en XXXX?\u00bb<\/p>\n<\/div>\n<div class=\"stepfour\">\n<h3>Paso 4<\/h3>\n<p>Confirmaremos que su pago se realiz\u00f3, generalmente dentro de los 30 minutos. Solicitudes de pago recibidas despu\u00e9s de las 6 p.m. ser\u00e1n procesadas el siguiente d\u00eda h\u00e1bil.<\/p>\n<\/div>\n<div class=\"clear\"><\/div>\n<\/p><\/div>\n<div class=\"clear\"><\/div>\n<\/p><\/div>\n<\/div>\n<p>La caracter\u00edstica m\u00e1s nueva de Pronto Power \u00abText to Chat\u00bb<br \/>\n\u00a1Pronto acaba de lanzar una nueva funci\u00f3n y a los clientes les encanta! \u00bfQui\u00e9n no prefiere enviar mensajes de texto hoy en d\u00eda? Es posible que tenga algunas preguntas, como:<\/p>\n<ul>\n<li>\u00bfPara qu\u00e9 sirve el texto para chatear?<\/li>\n<li>\u00bfComo funciona?<\/li>\n<li>\u00bfPuedo usar un n\u00famero diferente para chatear?<\/li>\n<\/ul>\n<h2>Pagar su factura con texto para chatear<\/h2>\n<p>La raz\u00f3n n\u00famero 1 por la que a los clientes les encanta Text to Chat es que se puede usar para pagar su factura. \u00a1S\u00ed, as\u00ed es! Los clientes que tienen una tarjeta de cr\u00e9dito registrada pueden simplemente enviar un mensaje de texto al n\u00famero de tel\u00e9fono del que recibieron su mensaje diario y decir \u00ab\u00bfPuedes agregar $50 con mi tarjeta registrada que termina en 1234?\u00bb Uno de nuestros agentes asignados a esta fila abrir\u00e1 su cuenta, tomar\u00e1 su pago y le enviar\u00e1 un mensaje de texto de confirmaci\u00f3n. Esto significa \u00a1No m\u00e1s tiempos de espera!<\/p>\n<h2>Uso de texto para chatear en diferentes situaciones<\/h2>\n<p><strong>Protecci\u00f3n de cuenta\/Extensiones<\/strong><\/p>\n<p>\u00bfNecesita un poco m\u00e1s de tiempo para pagar y no tiene ganas de esperar? Env\u00ede un mensaje de texto al n\u00famero del que recibe su mensaje de texto diario y pregunte \u00ab\u00bfPuede decirme si califico para una extensi\u00f3n hasta el viernes cuando reciba mi cheque?\u00bb<\/p>\n<p>\u00a1No m\u00e1s tiempos de espera! Un agente dedicado a Text to Chat le responder\u00e1 y le brindar\u00e1 la informaci\u00f3n que necesita.<\/p>\n<p><strong>Planes de Pago Diferido\/Pr\u00e9stamos<\/strong><\/p>\n<p>\u00bfLa cuenta esta negativa y necesita un plan de pago diferido o un pr\u00e9stamo? Env\u00ede un mensaje de texto al n\u00famero del que recibe su mensaje de texto diario y pregunte \u00ab\u00bfPuedo obtener un plan o pr\u00e9stamo de pago diferido?\u00bb<\/p>\n<p>\u00a1No m\u00e1s tiempos de espera! Un agente de Text to Chat le responder\u00e1 y le dar\u00e1 el plan de pago diferido\/desglose del pr\u00e9stamo. Adem\u00e1s de esto, tambi\u00e9n recibir\u00e1 los documentos por correo electr\u00f3nico a la ma\u00f1ana siguiente.<\/p>\n<p><strong>Mudarse a una nueva residencia<\/strong><\/p>\n<p>\u00bfSe muda a una nueva ubicaci\u00f3n y no puede esperar en espera para dar los detalles? Simplemente env\u00ede un mensaje de texto con el n\u00famero del que recibe su mensaje de texto diario y diga: \u201cMe mudar\u00e9 a una nueva ubicaci\u00f3n. Aqu\u00ed est\u00e1 la direcci\u00f3n. \u00bfPuede alguien llamarme para darme los detalles por favor?\u201d<\/p>\n<h2>Text to Chat ha sido uno de los mayores complementos de Pronto en 2022<\/h2>\n<p>El \u00fanico requisito para usar esta funci\u00f3n es que debe usar el n\u00famero de tel\u00e9fono que est\u00e1 registrado en su cuenta. Su n\u00famero de cuenta est\u00e1 vinculado a trav\u00e9s del tel\u00e9fono celular que ya tiene registrado.<\/p>","protected":false},"excerpt":{"rendered":"<p>Texto Para Pagar Con Pronto Power Lee Mas Paso 1 Usando el tel\u00e9fono que est\u00e1 conectado a su cuenta, abra sus mensajes de texto. Paso 2 Encuentra tus mensajes de texto diarios de Pronto Power. Paso 3 Responda a ese n\u00famero con \u00ab\u00bfPuede agregar $XX.XX con mi tarjeta registrada que termina en XXXX?\u00bb Paso 4 &hellip; <a href=\"https:\/\/powermepronto.com\/es\/pronto-powers-newest-feature-text-to-chat\/\" class=\"more-link\">Continue reading <span class=\"screen-reader-text\">La caracter\u00edstica m\u00e1s nueva de Pronto Power \u00abText to Chat\u00bb<\/span><\/a><\/p>\n","protected":false},"author":1,"featured_media":0,"parent":0,"menu_order":0,"comment_status":"closed","ping_status":"closed","template":"","meta":{"_acf_changed":false,"_glsr_average":0,"_glsr_ranking":0,"_glsr_reviews":0,"footnotes":"","_links_to":"","_links_to_target":""},"class_list":["post-3271","page","type-page","status-publish","hentry"],"acf":[],"yoast_head":"<!-- This site is optimized with the Yoast SEO plugin v27.4 - https:\/\/yoast.com\/product\/yoast-seo-wordpress\/ -->\n<title>La caracter\u00edstica m\u00e1s nueva de Pronto Power &quot;Text to Chat&quot; - Pronto Power<\/title>\n<meta name=\"robots\" content=\"index, follow, max-snippet:-1, max-image-preview:large, max-video-preview:-1\" \/>\n<link rel=\"canonical\" href=\"https:\/\/powermepronto.com\/pronto-powers-newest-feature-text-to-chat\/\" \/>\n<meta property=\"og:locale\" content=\"es_ES\" \/>\n<meta property=\"og:type\" content=\"article\" \/>\n<meta property=\"og:title\" content=\"[:en]Pronto Power\u2019s Newest Feature \u201cText to Chat\u201d[:es]La caracter\u00edstica m\u00e1s nueva de Pronto Power &quot;Text to Chat&quot; - Pronto Power\" \/>\n<meta property=\"og:description\" content=\"Texto Para Pagar Con Pronto Power Lee Mas Paso 1 Usando el tel\u00e9fono que est\u00e1 conectado a su cuenta, abra sus mensajes de texto. Paso 2 Encuentra tus mensajes de texto diarios de Pronto Power. Paso 3 Responda a ese n\u00famero con \u00ab\u00bfPuede agregar $XX.XX con mi tarjeta registrada que termina en XXXX?\u00bb Paso 4 &hellip; Continue reading La caracter\u00edstica m\u00e1s nueva de Pronto Power \u00abText to Chat\u00bb\" \/>\n<meta property=\"og:url\" content=\"https:\/\/powermepronto.com\/pronto-powers-newest-feature-text-to-chat\/\" \/>\n<meta property=\"og:site_name\" content=\"Pronto Power\" \/>\n<meta property=\"article:modified_time\" content=\"2023-02-13T15:58:20+00:00\" \/>\n<meta name=\"twitter:card\" content=\"summary_large_image\" \/>\n<meta name=\"twitter:label1\" content=\"Tiempo de lectura\" \/>\n\t<meta name=\"twitter:data1\" content=\"4 minutos\" \/>\n<script type=\"application\/ld+json\" class=\"yoast-schema-graph\">{\"@context\":\"https:\\\/\\\/schema.org\",\"@graph\":[{\"@type\":\"WebPage\",\"@id\":\"https:\\\/\\\/powermepronto.com\\\/pronto-powers-newest-feature-text-to-chat\\\/\",\"url\":\"https:\\\/\\\/powermepronto.com\\\/pronto-powers-newest-feature-text-to-chat\\\/\",\"name\":\"[:en]Pronto Power\u2019s Newest Feature \u201cText to Chat\u201d[:es]La caracter\u00edstica m\u00e1s nueva de Pronto Power \\\"Text to Chat\\\" - Pronto Power\",\"isPartOf\":{\"@id\":\"https:\\\/\\\/powermepronto.com\\\/en\\\/#website\"},\"datePublished\":\"2022-07-21T09:46:59+00:00\",\"dateModified\":\"2023-02-13T15:58:20+00:00\",\"breadcrumb\":{\"@id\":\"https:\\\/\\\/powermepronto.com\\\/pronto-powers-newest-feature-text-to-chat\\\/#breadcrumb\"},\"inLanguage\":\"es\",\"potentialAction\":[{\"@type\":\"ReadAction\",\"target\":[\"https:\\\/\\\/powermepronto.com\\\/pronto-powers-newest-feature-text-to-chat\\\/\"]}]},{\"@type\":\"BreadcrumbList\",\"@id\":\"https:\\\/\\\/powermepronto.com\\\/pronto-powers-newest-feature-text-to-chat\\\/#breadcrumb\",\"itemListElement\":[{\"@type\":\"ListItem\",\"position\":1,\"name\":\"Home\",\"item\":\"https:\\\/\\\/powermepronto.com\\\/en\\\/\"},{\"@type\":\"ListItem\",\"position\":2,\"name\":\"Pronto Power\u2019s Newest Feature \u201cText to Chat\u201d\"}]},{\"@type\":\"WebSite\",\"@id\":\"https:\\\/\\\/powermepronto.com\\\/en\\\/#website\",\"url\":\"https:\\\/\\\/powermepronto.com\\\/en\\\/\",\"name\":\"Pronto Power\",\"description\":\"\",\"potentialAction\":[{\"@type\":\"SearchAction\",\"target\":{\"@type\":\"EntryPoint\",\"urlTemplate\":\"https:\\\/\\\/powermepronto.com\\\/en\\\/?s={search_term_string}\"},\"query-input\":{\"@type\":\"PropertyValueSpecification\",\"valueRequired\":true,\"valueName\":\"search_term_string\"}}],\"inLanguage\":\"es\"}]}<\/script>\n<!-- \/ Yoast SEO plugin. -->","yoast_head_json":{"title":"[:en]Pronto Power\u2019s Newest Feature \u201cText to Chat\u201d[:es]La caracter\u00edstica m\u00e1s nueva de Pronto Power \"Text to Chat\" - Pronto Power","robots":{"index":"index","follow":"follow","max-snippet":"max-snippet:-1","max-image-preview":"max-image-preview:large","max-video-preview":"max-video-preview:-1"},"canonical":"https:\/\/powermepronto.com\/pronto-powers-newest-feature-text-to-chat\/","og_locale":"es_ES","og_type":"article","og_title":"[:en]Pronto Power\u2019s Newest Feature \u201cText to Chat\u201d[:es]La caracter\u00edstica m\u00e1s nueva de Pronto Power \"Text to Chat\" - Pronto Power","og_description":"Texto Para Pagar Con Pronto Power Lee Mas Paso 1 Usando el tel\u00e9fono que est\u00e1 conectado a su cuenta, abra sus mensajes de texto. Paso 2 Encuentra tus mensajes de texto diarios de Pronto Power. Paso 3 Responda a ese n\u00famero con \u00ab\u00bfPuede agregar $XX.XX con mi tarjeta registrada que termina en XXXX?\u00bb Paso 4 &hellip; Continue reading La caracter\u00edstica m\u00e1s nueva de Pronto Power \u00abText to Chat\u00bb","og_url":"https:\/\/powermepronto.com\/pronto-powers-newest-feature-text-to-chat\/","og_site_name":"Pronto Power","article_modified_time":"2023-02-13T15:58:20+00:00","twitter_card":"summary_large_image","twitter_misc":{"Tiempo de lectura":"4 minutos"},"schema":{"@context":"https:\/\/schema.org","@graph":[{"@type":"WebPage","@id":"https:\/\/powermepronto.com\/pronto-powers-newest-feature-text-to-chat\/","url":"https:\/\/powermepronto.com\/pronto-powers-newest-feature-text-to-chat\/","name":"[:en]Pronto Power\u2019s Newest Feature \u201cText to Chat\u201d[:es]La caracter\u00edstica m\u00e1s nueva de Pronto Power \"Text to Chat\" - Pronto Power","isPartOf":{"@id":"https:\/\/powermepronto.com\/en\/#website"},"datePublished":"2022-07-21T09:46:59+00:00","dateModified":"2023-02-13T15:58:20+00:00","breadcrumb":{"@id":"https:\/\/powermepronto.com\/pronto-powers-newest-feature-text-to-chat\/#breadcrumb"},"inLanguage":"es","potentialAction":[{"@type":"ReadAction","target":["https:\/\/powermepronto.com\/pronto-powers-newest-feature-text-to-chat\/"]}]},{"@type":"BreadcrumbList","@id":"https:\/\/powermepronto.com\/pronto-powers-newest-feature-text-to-chat\/#breadcrumb","itemListElement":[{"@type":"ListItem","position":1,"name":"Home","item":"https:\/\/powermepronto.com\/en\/"},{"@type":"ListItem","position":2,"name":"Pronto Power\u2019s Newest Feature \u201cText to Chat\u201d"}]},{"@type":"WebSite","@id":"https:\/\/powermepronto.com\/en\/#website","url":"https:\/\/powermepronto.com\/en\/","name":"Pronto Power","description":"","potentialAction":[{"@type":"SearchAction","target":{"@type":"EntryPoint","urlTemplate":"https:\/\/powermepronto.com\/en\/?s={search_term_string}"},"query-input":{"@type":"PropertyValueSpecification","valueRequired":true,"valueName":"search_term_string"}}],"inLanguage":"es"}]}},"_links":{"self":[{"href":"https:\/\/powermepronto.com\/es\/wp-json\/wp\/v2\/pages\/3271","targetHints":{"allow":["GET"]}}],"collection":[{"href":"https:\/\/powermepronto.com\/es\/wp-json\/wp\/v2\/pages"}],"about":[{"href":"https:\/\/powermepronto.com\/es\/wp-json\/wp\/v2\/types\/page"}],"author":[{"embeddable":true,"href":"https:\/\/powermepronto.com\/es\/wp-json\/wp\/v2\/users\/1"}],"replies":[{"embeddable":true,"href":"https:\/\/powermepronto.com\/es\/wp-json\/wp\/v2\/comments?post=3271"}],"version-history":[{"count":7,"href":"https:\/\/powermepronto.com\/es\/wp-json\/wp\/v2\/pages\/3271\/revisions"}],"predecessor-version":[{"id":3692,"href":"https:\/\/powermepronto.com\/es\/wp-json\/wp\/v2\/pages\/3271\/revisions\/3692"}],"wp:attachment":[{"href":"https:\/\/powermepronto.com\/es\/wp-json\/wp\/v2\/media?parent=3271"}],"curies":[{"name":"wp","href":"https:\/\/api.w.org\/{rel}","templated":true}]}}