{"id":312,"date":"2017-11-09T21:29:47","date_gmt":"2017-11-09T21:29:47","guid":{"rendered":"\/?page_id=312"},"modified":"2024-02-06T12:51:18","modified_gmt":"2024-02-06T18:51:18","slug":"cheap-no-credit-check-electricity-pronto-power","status":"publish","type":"page","link":"https:\/\/powermepronto.com\/es\/cheap-no-credit-check-electricity-pronto-power\/","title":{"rendered":"Electricidad barata sin verificaci\u00f3n de cr\u00e9dito de Pronto Power"},"content":{"rendered":"<p>\u00bfPor qu\u00e9 es que, cuando est\u00e1s pasando por una situaci\u00f3n dif\u00edcil, todos parecen querer m\u00e1s dinero de ti?<\/p>\n<p>Necesitas ayuda. Necesitas un break. Necesitas precios m\u00e1s bajos. Pero, sucede lo contrario. Los intereses aumentan en tus tarjetas de cr\u00e9dito y otros pr\u00e9stamos. Los acreedores te llaman y te molestan por m\u00e1s dinero. Los operadores de telefon\u00eda celular quieren que pagues un gran dep\u00f3sito inicial.<\/p>\n<p>\u00bfY compa\u00f1\u00edas el\u00e9ctricas? Quieren que tambi\u00e9n pagues un gran dep\u00f3sito inicial.<\/p>\n<h2>Pero Pronto Power no quiere ning\u00fan dep\u00f3sito de usted en absoluto<\/h2>\n<p>Mira, entendemos que los tiempos financieros pueden ser dif\u00edciles. Puede que seas un estudiante universitario viviendo por tu cuenta por primera vez. Podr\u00edas ser una persona mayor. O bien, podr\u00eda ser que eres persona normal que lucha para llegar al fin de mes debido a los cambios en tu empleo o al surgimiento de gastos inesperados.<\/p>\n<p>Ah\u00ed es donde Pronto Power comienza a tener sentido para ti. Con nuestro programa de electricidad prepaga, no te pedimos ning\u00fan dep\u00f3sito.<\/p>\n<p>Lo justo es justo, \u00bfverdad?<\/p>\n<p>Luego, en el futuro, simplemente le pedimos que mantenga al menos un centavo en su cuenta para mantener su electricidad encendida a diario. Recibir\u00e1 un recordatorio por mensaje de texto o correo electr\u00f3nico, o ambos, cada ma\u00f1ana a las 7 a.m. Simplemente aseg\u00farate de que tu cuenta tenga solo un centavo antes de la 1 p.m., Y no tienes nada de qu\u00e9 preocuparte.<\/p>\n<p>Y si te encuentras con m\u00e1s problemas financieros y crees que puedes tener dificultad para mantener el saldo positivo de tu cuenta, ll\u00e1menos. Nuestro amigable equipo de servicio al cliente se complace en elaborar un acuerdo de pago que te ayude a superar tiempos financieros dif\u00edciles.<\/p>\n<h2>\u00a1Eso es todo al respecto!<\/h2>\n<p>Simple, verdad? No tienes que firmar un contrato. No pagas ninguna tarifa de ning\u00fan tipo. Ni hay ning\u00fan tipo de verificaci\u00f3n de cr\u00e9dito.<\/p>\n<p>Simplemente tiene acceso r\u00e1pido y conveniente a la electricidad sin verificaci\u00f3n de cr\u00e9dito. Realmente es as\u00ed de f\u00e1cil.<\/p>\n<p>Llame a Pronto Power al <span class=\"affiliatecode\">844.621.2852<\/span>, y si tu casa tiene un medidor inteligente, \u00a1puedes conectarte en una hora!<br \/>\n<\/p>","protected":false},"excerpt":{"rendered":"<p>\u00bfPor qu\u00e9 es que, cuando est\u00e1s pasando por una situaci\u00f3n dif\u00edcil, todos parecen querer m\u00e1s dinero de ti? Necesitas ayuda. Necesitas un break. Necesitas precios m\u00e1s bajos. Pero, sucede lo contrario. Los intereses aumentan en tus tarjetas de cr\u00e9dito y otros pr\u00e9stamos. Los acreedores te llaman y te molestan por m\u00e1s dinero. Los operadores de &hellip; <a href=\"https:\/\/powermepronto.com\/es\/cheap-no-credit-check-electricity-pronto-power\/\" class=\"more-link\">Continue reading <span class=\"screen-reader-text\">Electricidad barata sin verificaci\u00f3n de cr\u00e9dito de Pronto Power<\/span><\/a><\/p>\n","protected":false},"author":1,"featured_media":0,"parent":0,"menu_order":0,"comment_status":"closed","ping_status":"closed","template":"","meta":{"_acf_changed":false,"_glsr_average":0,"_glsr_ranking":0,"_glsr_reviews":0,"footnotes":"","_links_to":"","_links_to_target":""},"class_list":["post-312","page","type-page","status-publish","hentry"],"acf":[],"yoast_head":"<!-- This site is optimized with the Yoast SEO plugin v27.4 - https:\/\/yoast.com\/product\/yoast-seo-wordpress\/ -->\n<title>Electricidad barata sin verificaci\u00f3n de cr\u00e9dito de Pronto Power - Pronto Power<\/title>\n<meta name=\"description\" content=\"Tired of getting rejected, or being forced to pay a huge up-front deposit because you don\u2019t have good credit? Then you\u2019ll love Pronto Power. 844.621.2852.\" \/>\n<meta name=\"robots\" content=\"index, follow, max-snippet:-1, max-image-preview:large, max-video-preview:-1\" \/>\n<link rel=\"canonical\" href=\"https:\/\/powermepronto.com\/cheap-no-credit-check-electricity-pronto-power\/\" \/>\n<meta property=\"og:locale\" content=\"es_ES\" \/>\n<meta property=\"og:type\" content=\"article\" \/>\n<meta property=\"og:title\" content=\"[:en]Cheap No Credit Check Electricity from Pronto Power[:es]Electricidad barata sin verificaci\u00f3n de cr\u00e9dito de Pronto Power[:] - Pronto Power\" \/>\n<meta property=\"og:description\" content=\"Tired of getting rejected, or being forced to pay a huge up-front deposit because you don\u2019t have good credit? Then you\u2019ll love Pronto Power. 844.621.2852.\" \/>\n<meta property=\"og:url\" content=\"https:\/\/powermepronto.com\/cheap-no-credit-check-electricity-pronto-power\/\" \/>\n<meta property=\"og:site_name\" content=\"Pronto Power\" \/>\n<meta property=\"article:modified_time\" content=\"2024-02-06T18:51:18+00:00\" \/>\n<meta name=\"twitter:card\" content=\"summary_large_image\" \/>\n<meta name=\"twitter:label1\" content=\"Tiempo de lectura\" \/>\n\t<meta name=\"twitter:data1\" content=\"4 minutos\" \/>\n<script type=\"application\/ld+json\" class=\"yoast-schema-graph\">{\"@context\":\"https:\\\/\\\/schema.org\",\"@graph\":[{\"@type\":\"WebPage\",\"@id\":\"https:\\\/\\\/powermepronto.com\\\/cheap-no-credit-check-electricity-pronto-power\\\/\",\"url\":\"https:\\\/\\\/powermepronto.com\\\/cheap-no-credit-check-electricity-pronto-power\\\/\",\"name\":\"[:en]Cheap No Credit Check Electricity from Pronto Power[:es]Electricidad barata sin verificaci\u00f3n de cr\u00e9dito de Pronto Power[:] - Pronto Power\",\"isPartOf\":{\"@id\":\"https:\\\/\\\/powermepronto.com\\\/en\\\/#website\"},\"datePublished\":\"2017-11-09T21:29:47+00:00\",\"dateModified\":\"2024-02-06T18:51:18+00:00\",\"description\":\"Tired of getting rejected, or being forced to pay a huge up-front deposit because you don\u2019t have good credit? Then you\u2019ll love Pronto Power. 844.621.2852.\",\"breadcrumb\":{\"@id\":\"https:\\\/\\\/powermepronto.com\\\/cheap-no-credit-check-electricity-pronto-power\\\/#breadcrumb\"},\"inLanguage\":\"es\",\"potentialAction\":[{\"@type\":\"ReadAction\",\"target\":[\"https:\\\/\\\/powermepronto.com\\\/cheap-no-credit-check-electricity-pronto-power\\\/\"]}]},{\"@type\":\"BreadcrumbList\",\"@id\":\"https:\\\/\\\/powermepronto.com\\\/cheap-no-credit-check-electricity-pronto-power\\\/#breadcrumb\",\"itemListElement\":[{\"@type\":\"ListItem\",\"position\":1,\"name\":\"Home\",\"item\":\"https:\\\/\\\/powermepronto.com\\\/en\\\/\"},{\"@type\":\"ListItem\",\"position\":2,\"name\":\"Cheap No Credit Check Electricity from Pronto Power\"}]},{\"@type\":\"WebSite\",\"@id\":\"https:\\\/\\\/powermepronto.com\\\/en\\\/#website\",\"url\":\"https:\\\/\\\/powermepronto.com\\\/en\\\/\",\"name\":\"Pronto Power\",\"description\":\"\",\"potentialAction\":[{\"@type\":\"SearchAction\",\"target\":{\"@type\":\"EntryPoint\",\"urlTemplate\":\"https:\\\/\\\/powermepronto.com\\\/en\\\/?s={search_term_string}\"},\"query-input\":{\"@type\":\"PropertyValueSpecification\",\"valueRequired\":true,\"valueName\":\"search_term_string\"}}],\"inLanguage\":\"es\"}]}<\/script>\n<!-- \/ Yoast SEO plugin. -->","yoast_head_json":{"title":"[:en]Cheap No Credit Check Electricity from Pronto Power[:es]Electricidad barata sin verificaci\u00f3n de cr\u00e9dito de Pronto Power[:] - Pronto Power","description":"Tired of getting rejected, or being forced to pay a huge up-front deposit because you don\u2019t have good credit? Then you\u2019ll love Pronto Power. 844.621.2852.","robots":{"index":"index","follow":"follow","max-snippet":"max-snippet:-1","max-image-preview":"max-image-preview:large","max-video-preview":"max-video-preview:-1"},"canonical":"https:\/\/powermepronto.com\/cheap-no-credit-check-electricity-pronto-power\/","og_locale":"es_ES","og_type":"article","og_title":"[:en]Cheap No Credit Check Electricity from Pronto Power[:es]Electricidad barata sin verificaci\u00f3n de cr\u00e9dito de Pronto Power[:] - Pronto Power","og_description":"Tired of getting rejected, or being forced to pay a huge up-front deposit because you don\u2019t have good credit? Then you\u2019ll love Pronto Power. 844.621.2852.","og_url":"https:\/\/powermepronto.com\/cheap-no-credit-check-electricity-pronto-power\/","og_site_name":"Pronto Power","article_modified_time":"2024-02-06T18:51:18+00:00","twitter_card":"summary_large_image","twitter_misc":{"Tiempo de lectura":"4 minutos"},"schema":{"@context":"https:\/\/schema.org","@graph":[{"@type":"WebPage","@id":"https:\/\/powermepronto.com\/cheap-no-credit-check-electricity-pronto-power\/","url":"https:\/\/powermepronto.com\/cheap-no-credit-check-electricity-pronto-power\/","name":"[:en]Cheap No Credit Check Electricity from Pronto Power[:es]Electricidad barata sin verificaci\u00f3n de cr\u00e9dito de Pronto Power[:] - Pronto Power","isPartOf":{"@id":"https:\/\/powermepronto.com\/en\/#website"},"datePublished":"2017-11-09T21:29:47+00:00","dateModified":"2024-02-06T18:51:18+00:00","description":"Tired of getting rejected, or being forced to pay a huge up-front deposit because you don\u2019t have good credit? Then you\u2019ll love Pronto Power. 844.621.2852.","breadcrumb":{"@id":"https:\/\/powermepronto.com\/cheap-no-credit-check-electricity-pronto-power\/#breadcrumb"},"inLanguage":"es","potentialAction":[{"@type":"ReadAction","target":["https:\/\/powermepronto.com\/cheap-no-credit-check-electricity-pronto-power\/"]}]},{"@type":"BreadcrumbList","@id":"https:\/\/powermepronto.com\/cheap-no-credit-check-electricity-pronto-power\/#breadcrumb","itemListElement":[{"@type":"ListItem","position":1,"name":"Home","item":"https:\/\/powermepronto.com\/en\/"},{"@type":"ListItem","position":2,"name":"Cheap No Credit Check Electricity from Pronto Power"}]},{"@type":"WebSite","@id":"https:\/\/powermepronto.com\/en\/#website","url":"https:\/\/powermepronto.com\/en\/","name":"Pronto Power","description":"","potentialAction":[{"@type":"SearchAction","target":{"@type":"EntryPoint","urlTemplate":"https:\/\/powermepronto.com\/en\/?s={search_term_string}"},"query-input":{"@type":"PropertyValueSpecification","valueRequired":true,"valueName":"search_term_string"}}],"inLanguage":"es"}]}},"_links":{"self":[{"href":"https:\/\/powermepronto.com\/es\/wp-json\/wp\/v2\/pages\/312","targetHints":{"allow":["GET"]}}],"collection":[{"href":"https:\/\/powermepronto.com\/es\/wp-json\/wp\/v2\/pages"}],"about":[{"href":"https:\/\/powermepronto.com\/es\/wp-json\/wp\/v2\/types\/page"}],"author":[{"embeddable":true,"href":"https:\/\/powermepronto.com\/es\/wp-json\/wp\/v2\/users\/1"}],"replies":[{"embeddable":true,"href":"https:\/\/powermepronto.com\/es\/wp-json\/wp\/v2\/comments?post=312"}],"version-history":[{"count":3,"href":"https:\/\/powermepronto.com\/es\/wp-json\/wp\/v2\/pages\/312\/revisions"}],"predecessor-version":[{"id":3999,"href":"https:\/\/powermepronto.com\/es\/wp-json\/wp\/v2\/pages\/312\/revisions\/3999"}],"wp:attachment":[{"href":"https:\/\/powermepronto.com\/es\/wp-json\/wp\/v2\/media?parent=312"}],"curies":[{"name":"wp","href":"https:\/\/api.w.org\/{rel}","templated":true}]}}