{"id":2992,"date":"2022-01-24T03:21:08","date_gmt":"2022-01-24T09:21:08","guid":{"rendered":"https:\/\/powermepronto.com\/?page_id=2992"},"modified":"2022-12-21T03:23:32","modified_gmt":"2022-12-21T09:23:32","slug":"cheaper-than-all-other-southlake-texas-electric-companies","status":"publish","type":"page","link":"https:\/\/powermepronto.com\/es\/cheaper-than-all-other-southlake-texas-electric-companies\/","title":{"rendered":"M\u00e1s barato que todas las dem\u00e1s compa\u00f1\u00edas el\u00e9ctricas de Southlake, Texas"},"content":{"rendered":"<p>Es dif\u00edcil encontrar un REP en Texas en el que pueda confiar. Probablemente haya o\u00eddo hablar de, o tal vez haya experimentado, un REP sin escr\u00fapulos.<\/p>\n<p>Pero no obtienes ninguna tonter\u00eda con Pronto Power.<\/p>\n<p>En su lugar, obtienes:<\/p>\n<ul>\n<li>Las tarifas el\u00e9ctricas de prepago m\u00e1s baratas en Texas<\/li>\n<li>Sin verificaci\u00f3n de cr\u00e9dito<\/li>\n<li>Sin verificaci\u00f3n de identificaci\u00f3n<\/li>\n<li>Sin dep\u00f3sito<\/li>\n<li>Sin contrato<\/li>\n<li>Sin tarifas ocultas<\/li>\n<\/ul>\n<p>Si. Obtienes todo eso y m\u00e1s. Esto se debe a que tambi\u00e9n tiene la oportunidad de ahorrar un 20 % en nuestras tarifas econ\u00f3micas (m\u00e1s sobre esto m\u00e1s adelante).<\/p>\n<p>Adem\u00e1s, el servicio de atenci\u00f3n al cliente no puede esperar para ayudarlo si tiene dificultades para pagar.<\/p>\n<h2>\u00bfC\u00f3mo puedes confiar en esta oferta? \u00a1F\u00e1cil! No firmas un contrato<\/h2>\n<p>Con nuestro plan de electricidad prepago, nunca firmas un contrato. Eso significa que usted no tiene absolutamente ning\u00fan riesgo.<\/p>\n<p>Por lo tanto, puede cancelar en cualquier momento y por cualquier motivo.<\/p>\n<p>Es as\u00ed de simple.<\/p>\n<p>Pero, debido a que obtiene ahorros de electricidad tan incre\u00edbles, \u00a1no querr\u00e1 irse!<\/p>\n<h2>\u00bfC\u00f3mo puede Pronto Power hacer que esta oferta est\u00e9 disponible?<\/h2>\n<p>Simple: somos incre\u00edblemente eficientes en nuestras operaciones. No solo ahorramos cada centavo en el backend, sino que tambi\u00e9n pretendemos mantener a los clientes el mayor tiempo posible.<\/p>\n<p>Cuesta mucho atraer nuevos clientes. Entonces, al mantener a los clientes, eso equivale a ahorros significativos.<\/p>\n<p>\u00a1Y le pasamos los ahorros a usted!<\/p>\n<h2>Entonces, \u00bfc\u00f3mo me uno?<\/h2>\n<p>Siempre que tenga un solo centavo en su cuenta antes de la 1 p. m. todos los d\u00edas, su electricidad permanecer\u00e1 encendida.<\/p>\n<p>Luego, solo agrega m\u00e1s fondos como mejor le funcione (mensual, semanal o incluso diario).<\/p>\n<h2>\u00a1Pero espera! \u00a1Hay m\u00e1s! Puede ahorrar un 20% adicional<\/h2>\n<p>Puede ahorrar un 20 % m\u00e1s en la energ\u00eda prepaga sin dep\u00f3sito que ya es m\u00e1s econ\u00f3mica en Texas.<\/p>\n<p>Para hacerlo, inicie sesi\u00f3n en nuestro software gratuito de monitoreo del uso de electricidad.<\/p>\n<p>Se conecta a su medidor inteligente para mostrarle cu\u00e1nta electricidad est\u00e1 usando en este mismo segundo.<\/p>\n<p>Simplemente cambie su comportamiento en funci\u00f3n de lo que aprenda del software.<\/p>\n<h2>No puede encontrar una mejor oferta en ning\u00fan otro lugar<\/h2>\n<p>Simplemente no puede encontrar electricidad prepaga m\u00e1s barata con la oportunidad de ahorrar un 20% m\u00e1s, adem\u00e1s de sin verificaci\u00f3n de cr\u00e9dito, sin verificaci\u00f3n de identificaci\u00f3n, sin contrato, sin dep\u00f3sito y sin tarifas ocultas.<\/p>\n<p>As\u00ed que\u2026 \u00a1llame a Pronto Power al <span class=\"affiliatecode\">844.621.2852<\/span> para unirse gratis hoy!<\/p>","protected":false},"excerpt":{"rendered":"<p>Es dif\u00edcil encontrar un REP en Texas en el que pueda confiar. Probablemente haya o\u00eddo hablar de, o tal vez haya experimentado, un REP sin escr\u00fapulos. Pero no obtienes ninguna tonter\u00eda con Pronto Power. En su lugar, obtienes: Las tarifas el\u00e9ctricas de prepago m\u00e1s baratas en Texas Sin verificaci\u00f3n de cr\u00e9dito Sin verificaci\u00f3n de identificaci\u00f3n &hellip; <a href=\"https:\/\/powermepronto.com\/es\/cheaper-than-all-other-southlake-texas-electric-companies\/\" class=\"more-link\">Continue reading <span class=\"screen-reader-text\">M\u00e1s barato que todas las dem\u00e1s compa\u00f1\u00edas el\u00e9ctricas de Southlake, Texas<\/span><\/a><\/p>\n","protected":false},"author":1,"featured_media":0,"parent":0,"menu_order":0,"comment_status":"closed","ping_status":"closed","template":"","meta":{"_acf_changed":false,"_glsr_average":0,"_glsr_ranking":0,"_glsr_reviews":0,"footnotes":"","_links_to":"","_links_to_target":""},"class_list":["post-2992","page","type-page","status-publish","hentry"],"acf":[],"yoast_head":"<!-- This site is optimized with the Yoast SEO plugin v27.4 - https:\/\/yoast.com\/product\/yoast-seo-wordpress\/ -->\n<title>M\u00e1s barato que todas las dem\u00e1s compa\u00f1\u00edas el\u00e9ctricas de Southlake, Texas - Pronto Power<\/title>\n<meta name=\"description\" content=\"[:en]Get the cheapest prepaid electric rates in Southlake. Plus find out how to save 20% more. No deposit. No contract. No hidden fees. Join free today! 844.621.2852[:es]Obtenga las tarifas de electricidad prepago m\u00e1s baratas en Southlake. Adem\u00e1s, descubra c\u00f3mo ahorrar un 20 % m\u00e1s. No hay dep\u00f3sito. Sin contrato. Sin cuotas escondidas. \u00a1\u00danete gratis hoy! 844.621.2852[:]\" \/>\n<meta name=\"robots\" content=\"index, follow, max-snippet:-1, max-image-preview:large, max-video-preview:-1\" \/>\n<link rel=\"canonical\" href=\"https:\/\/powermepronto.com\/cheaper-than-all-other-southlake-texas-electric-companies\/\" \/>\n<meta property=\"og:locale\" content=\"es_ES\" \/>\n<meta property=\"og:type\" content=\"article\" \/>\n<meta property=\"og:title\" content=\"[:en]Cheaper Than All Other Southlake, Texas Electric Companies[:es]M\u00e1s barato que todas las dem\u00e1s compa\u00f1\u00edas el\u00e9ctricas de Southlake, Texas[:] - Pronto Power\" \/>\n<meta property=\"og:description\" content=\"[:en]Get the cheapest prepaid electric rates in Southlake. Plus find out how to save 20% more. No deposit. No contract. No hidden fees. Join free today! 844.621.2852[:es]Obtenga las tarifas de electricidad prepago m\u00e1s baratas en Southlake. Adem\u00e1s, descubra c\u00f3mo ahorrar un 20 % m\u00e1s. No hay dep\u00f3sito. Sin contrato. Sin cuotas escondidas. \u00a1\u00danete gratis hoy! 844.621.2852[:]\" \/>\n<meta property=\"og:url\" content=\"https:\/\/powermepronto.com\/cheaper-than-all-other-southlake-texas-electric-companies\/\" \/>\n<meta property=\"og:site_name\" content=\"Pronto Power\" \/>\n<meta property=\"article:modified_time\" content=\"2022-12-21T09:23:32+00:00\" \/>\n<meta name=\"twitter:card\" content=\"summary_large_image\" \/>\n<meta name=\"twitter:label1\" content=\"Tiempo de lectura\" \/>\n\t<meta name=\"twitter:data1\" content=\"4 minutos\" \/>\n<script type=\"application\/ld+json\" class=\"yoast-schema-graph\">{\"@context\":\"https:\\\/\\\/schema.org\",\"@graph\":[{\"@type\":\"WebPage\",\"@id\":\"https:\\\/\\\/powermepronto.com\\\/cheaper-than-all-other-southlake-texas-electric-companies\\\/\",\"url\":\"https:\\\/\\\/powermepronto.com\\\/cheaper-than-all-other-southlake-texas-electric-companies\\\/\",\"name\":\"[:en]Cheaper Than All Other Southlake, Texas Electric Companies[:es]M\u00e1s barato que todas las dem\u00e1s compa\u00f1\u00edas el\u00e9ctricas de Southlake, Texas[:] - Pronto Power\",\"isPartOf\":{\"@id\":\"https:\\\/\\\/powermepronto.com\\\/en\\\/#website\"},\"datePublished\":\"2022-01-24T09:21:08+00:00\",\"dateModified\":\"2022-12-21T09:23:32+00:00\",\"description\":\"[:en]Get the cheapest prepaid electric rates in Southlake. Plus find out how to save 20% more. No deposit. No contract. No hidden fees. Join free today! 844.621.2852[:es]Obtenga las tarifas de electricidad prepago m\u00e1s baratas en Southlake. Adem\u00e1s, descubra c\u00f3mo ahorrar un 20 % m\u00e1s. No hay dep\u00f3sito. Sin contrato. Sin cuotas escondidas. \u00a1\u00danete gratis hoy! 844.621.2852[:]\",\"breadcrumb\":{\"@id\":\"https:\\\/\\\/powermepronto.com\\\/cheaper-than-all-other-southlake-texas-electric-companies\\\/#breadcrumb\"},\"inLanguage\":\"es\",\"potentialAction\":[{\"@type\":\"ReadAction\",\"target\":[\"https:\\\/\\\/powermepronto.com\\\/cheaper-than-all-other-southlake-texas-electric-companies\\\/\"]}]},{\"@type\":\"BreadcrumbList\",\"@id\":\"https:\\\/\\\/powermepronto.com\\\/cheaper-than-all-other-southlake-texas-electric-companies\\\/#breadcrumb\",\"itemListElement\":[{\"@type\":\"ListItem\",\"position\":1,\"name\":\"Home\",\"item\":\"https:\\\/\\\/powermepronto.com\\\/en\\\/\"},{\"@type\":\"ListItem\",\"position\":2,\"name\":\"Cheaper Than All Other Southlake, Texas Electric Companies\"}]},{\"@type\":\"WebSite\",\"@id\":\"https:\\\/\\\/powermepronto.com\\\/en\\\/#website\",\"url\":\"https:\\\/\\\/powermepronto.com\\\/en\\\/\",\"name\":\"Pronto Power\",\"description\":\"\",\"potentialAction\":[{\"@type\":\"SearchAction\",\"target\":{\"@type\":\"EntryPoint\",\"urlTemplate\":\"https:\\\/\\\/powermepronto.com\\\/en\\\/?s={search_term_string}\"},\"query-input\":{\"@type\":\"PropertyValueSpecification\",\"valueRequired\":true,\"valueName\":\"search_term_string\"}}],\"inLanguage\":\"es\"}]}<\/script>\n<!-- \/ Yoast SEO plugin. -->","yoast_head_json":{"title":"[:en]Cheaper Than All Other Southlake, Texas Electric Companies[:es]M\u00e1s barato que todas las dem\u00e1s compa\u00f1\u00edas el\u00e9ctricas de Southlake, Texas[:] - Pronto Power","description":"[:en]Get the cheapest prepaid electric rates in Southlake. Plus find out how to save 20% more. No deposit. No contract. No hidden fees. Join free today! 844.621.2852[:es]Obtenga las tarifas de electricidad prepago m\u00e1s baratas en Southlake. Adem\u00e1s, descubra c\u00f3mo ahorrar un 20 % m\u00e1s. No hay dep\u00f3sito. Sin contrato. Sin cuotas escondidas. \u00a1\u00danete gratis hoy! 844.621.2852[:]","robots":{"index":"index","follow":"follow","max-snippet":"max-snippet:-1","max-image-preview":"max-image-preview:large","max-video-preview":"max-video-preview:-1"},"canonical":"https:\/\/powermepronto.com\/cheaper-than-all-other-southlake-texas-electric-companies\/","og_locale":"es_ES","og_type":"article","og_title":"[:en]Cheaper Than All Other Southlake, Texas Electric Companies[:es]M\u00e1s barato que todas las dem\u00e1s compa\u00f1\u00edas el\u00e9ctricas de Southlake, Texas[:] - Pronto Power","og_description":"[:en]Get the cheapest prepaid electric rates in Southlake. Plus find out how to save 20% more. No deposit. No contract. No hidden fees. Join free today! 844.621.2852[:es]Obtenga las tarifas de electricidad prepago m\u00e1s baratas en Southlake. Adem\u00e1s, descubra c\u00f3mo ahorrar un 20 % m\u00e1s. No hay dep\u00f3sito. Sin contrato. Sin cuotas escondidas. \u00a1\u00danete gratis hoy! 844.621.2852[:]","og_url":"https:\/\/powermepronto.com\/cheaper-than-all-other-southlake-texas-electric-companies\/","og_site_name":"Pronto Power","article_modified_time":"2022-12-21T09:23:32+00:00","twitter_card":"summary_large_image","twitter_misc":{"Tiempo de lectura":"4 minutos"},"schema":{"@context":"https:\/\/schema.org","@graph":[{"@type":"WebPage","@id":"https:\/\/powermepronto.com\/cheaper-than-all-other-southlake-texas-electric-companies\/","url":"https:\/\/powermepronto.com\/cheaper-than-all-other-southlake-texas-electric-companies\/","name":"[:en]Cheaper Than All Other Southlake, Texas Electric Companies[:es]M\u00e1s barato que todas las dem\u00e1s compa\u00f1\u00edas el\u00e9ctricas de Southlake, Texas[:] - Pronto Power","isPartOf":{"@id":"https:\/\/powermepronto.com\/en\/#website"},"datePublished":"2022-01-24T09:21:08+00:00","dateModified":"2022-12-21T09:23:32+00:00","description":"[:en]Get the cheapest prepaid electric rates in Southlake. Plus find out how to save 20% more. No deposit. No contract. No hidden fees. Join free today! 844.621.2852[:es]Obtenga las tarifas de electricidad prepago m\u00e1s baratas en Southlake. Adem\u00e1s, descubra c\u00f3mo ahorrar un 20 % m\u00e1s. No hay dep\u00f3sito. Sin contrato. Sin cuotas escondidas. \u00a1\u00danete gratis hoy! 844.621.2852[:]","breadcrumb":{"@id":"https:\/\/powermepronto.com\/cheaper-than-all-other-southlake-texas-electric-companies\/#breadcrumb"},"inLanguage":"es","potentialAction":[{"@type":"ReadAction","target":["https:\/\/powermepronto.com\/cheaper-than-all-other-southlake-texas-electric-companies\/"]}]},{"@type":"BreadcrumbList","@id":"https:\/\/powermepronto.com\/cheaper-than-all-other-southlake-texas-electric-companies\/#breadcrumb","itemListElement":[{"@type":"ListItem","position":1,"name":"Home","item":"https:\/\/powermepronto.com\/en\/"},{"@type":"ListItem","position":2,"name":"Cheaper Than All Other Southlake, Texas Electric Companies"}]},{"@type":"WebSite","@id":"https:\/\/powermepronto.com\/en\/#website","url":"https:\/\/powermepronto.com\/en\/","name":"Pronto Power","description":"","potentialAction":[{"@type":"SearchAction","target":{"@type":"EntryPoint","urlTemplate":"https:\/\/powermepronto.com\/en\/?s={search_term_string}"},"query-input":{"@type":"PropertyValueSpecification","valueRequired":true,"valueName":"search_term_string"}}],"inLanguage":"es"}]}},"_links":{"self":[{"href":"https:\/\/powermepronto.com\/es\/wp-json\/wp\/v2\/pages\/2992","targetHints":{"allow":["GET"]}}],"collection":[{"href":"https:\/\/powermepronto.com\/es\/wp-json\/wp\/v2\/pages"}],"about":[{"href":"https:\/\/powermepronto.com\/es\/wp-json\/wp\/v2\/types\/page"}],"author":[{"embeddable":true,"href":"https:\/\/powermepronto.com\/es\/wp-json\/wp\/v2\/users\/1"}],"replies":[{"embeddable":true,"href":"https:\/\/powermepronto.com\/es\/wp-json\/wp\/v2\/comments?post=2992"}],"version-history":[{"count":4,"href":"https:\/\/powermepronto.com\/es\/wp-json\/wp\/v2\/pages\/2992\/revisions"}],"predecessor-version":[{"id":3453,"href":"https:\/\/powermepronto.com\/es\/wp-json\/wp\/v2\/pages\/2992\/revisions\/3453"}],"wp:attachment":[{"href":"https:\/\/powermepronto.com\/es\/wp-json\/wp\/v2\/media?parent=2992"}],"curies":[{"name":"wp","href":"https:\/\/api.w.org\/{rel}","templated":true}]}}