{"id":2934,"date":"2021-12-17T05:33:36","date_gmt":"2021-12-17T11:33:36","guid":{"rendered":"https:\/\/powermepronto.com\/?page_id=2934"},"modified":"2022-11-29T11:09:55","modified_gmt":"2022-11-29T17:09:55","slug":"after-hours","status":"publish","type":"page","link":"https:\/\/powermepronto.com\/es\/after-hours\/","title":{"rendered":"Pronto \u2013 Como hacer un pago fuera de horario"},"content":{"rendered":"<p><img loading=\"lazy\" decoding=\"async\" class=\"alignnone size-full wp-image-2979\" src=\"https:\/\/powermepronto.com\/wp-content\/uploads\/2022\/01\/bigstock-Creative-Top-View-Flat-Lay-Of-302607589.jpg\" alt=\"\" width=\"2000\" height=\"512\" srcset=\"https:\/\/powermepronto.com\/wp-content\/uploads\/2022\/01\/bigstock-Creative-Top-View-Flat-Lay-Of-302607589.jpg 2000w, https:\/\/powermepronto.com\/wp-content\/uploads\/2022\/01\/bigstock-Creative-Top-View-Flat-Lay-Of-302607589-300x77.jpg 300w, https:\/\/powermepronto.com\/wp-content\/uploads\/2022\/01\/bigstock-Creative-Top-View-Flat-Lay-Of-302607589-1024x262.jpg 1024w, https:\/\/powermepronto.com\/wp-content\/uploads\/2022\/01\/bigstock-Creative-Top-View-Flat-Lay-Of-302607589-768x197.jpg 768w\" sizes=\"auto, (max-width: 2000px) 100vw, 2000px\" \/><\/p>\n<p><a href=\"https:\/\/pronto-myacct.smartgridcis.net\/\" target=\"_blank\" rel=\"noopener\"><img decoding=\"async\" class=\"alignright size-full wp-image-2927\" src=\"\/wp-content\/uploads\/2022\/01\/image003.png\" alt=\"\" \/><\/a>Para ayudarlo con las preguntas sobre la cuenta fuera del horario de atenci\u00f3n, aqu\u00ed hay algunos consejos y recursos \u00fatiles:<\/p>\n<ul>\n<li><strong>Realice su pago en l\u00ednea para evitar largos tiempos de espera. Puede hacer clic en la imagen a la derecha para llevarlo al pago r\u00e1pido.<\/strong><\/li>\n<li>Si tiene una tarjeta registrada, env\u00ede un mensaje de texto con el n\u00famero del que recibe su mensaje diario con el monto que desea pagar con la tarjeta de cr\u00e9dito registrada. Su pago se procesar\u00e1 el siguiente d\u00eda laboral si se env\u00eda fuera del horario de atenci\u00f3n. Para obtener asistencia inmediata, utilice nuestra opci\u00f3n de pago r\u00e1pido\/pago en l\u00ednea.<\/li>\n<li>Todas las solicitudes (por ejemplo, extensiones) deben enviarse al buz\u00f3n de atenci\u00f3n al cliente: <a href=\"mailto:service@powermepronto.com\">service@powermepronto.com<\/a> o enviarse un mensaje de texto al n\u00famero del que recibe su mensaje.<\/li>\n<li>Para realizar un pago en ubicaciones con <strong>MoneyGram<\/strong>, use el c\u00f3digo de receptor <strong>15060<\/strong>.<\/li>\n<li>Para ver nuestros tutoriales en video sobre el uso de las funciones de la cuenta, vaya aqu\u00ed: <\/li>\n<li>Por favor, haga un pago si es posible antes de los lunes.<\/li>\n<li>Las \u00f3rdenes de desconexi\u00f3n se basar\u00e1n en la de mayor a menor y tendr\u00e1n una desconexi\u00f3n m\u00e1xima de 500 clientes.<\/li>\n<\/ul>","protected":false},"excerpt":{"rendered":"<p>Para ayudarlo con las preguntas sobre la cuenta fuera del horario de atenci\u00f3n, aqu\u00ed hay algunos consejos y recursos \u00fatiles: Realice su pago en l\u00ednea para evitar largos tiempos de espera. Puede hacer clic en la imagen a la derecha para llevarlo al pago r\u00e1pido. Si tiene una tarjeta registrada, env\u00ede un mensaje de texto &hellip; <a href=\"https:\/\/powermepronto.com\/es\/after-hours\/\" class=\"more-link\">Continue reading <span class=\"screen-reader-text\">Pronto \u2013 Como hacer un pago fuera de horario<\/span><\/a><\/p>\n","protected":false},"author":1,"featured_media":0,"parent":0,"menu_order":0,"comment_status":"closed","ping_status":"closed","template":"","meta":{"_acf_changed":false,"_glsr_average":0,"_glsr_ranking":0,"_glsr_reviews":0,"footnotes":"","_links_to":"","_links_to_target":""},"class_list":["post-2934","page","type-page","status-publish","hentry"],"acf":[],"yoast_head":"<!-- This site is optimized with the Yoast SEO plugin v27.4 - https:\/\/yoast.com\/product\/yoast-seo-wordpress\/ -->\n<title>Pronto \u2013 Como hacer un pago fuera de horario - Pronto Power<\/title>\n<meta name=\"robots\" content=\"index, follow, max-snippet:-1, max-image-preview:large, max-video-preview:-1\" \/>\n<link rel=\"canonical\" href=\"https:\/\/powermepronto.com\/after-hours\/\" \/>\n<meta property=\"og:locale\" content=\"es_ES\" \/>\n<meta property=\"og:type\" content=\"article\" \/>\n<meta property=\"og:title\" content=\"[:en]Pronto After-Hours[:es]Pronto \u2013 Como hacer un pago fuera de horario[:] - Pronto Power\" \/>\n<meta property=\"og:description\" content=\"Para ayudarlo con las preguntas sobre la cuenta fuera del horario de atenci\u00f3n, aqu\u00ed hay algunos consejos y recursos \u00fatiles: Realice su pago en l\u00ednea para evitar largos tiempos de espera. Puede hacer clic en la imagen a la derecha para llevarlo al pago r\u00e1pido. Si tiene una tarjeta registrada, env\u00ede un mensaje de texto &hellip; Continue reading Pronto \u2013 Como hacer un pago fuera de horario\" \/>\n<meta property=\"og:url\" content=\"https:\/\/powermepronto.com\/after-hours\/\" \/>\n<meta property=\"og:site_name\" content=\"Pronto Power\" \/>\n<meta property=\"article:modified_time\" content=\"2022-11-29T17:09:55+00:00\" \/>\n<meta property=\"og:image\" content=\"https:\/\/powermepronto.com\/wp-content\/uploads\/2022\/01\/bigstock-Creative-Top-View-Flat-Lay-Of-302607589.jpg\" \/>\n<meta name=\"twitter:card\" content=\"summary_large_image\" \/>\n<meta name=\"twitter:label1\" content=\"Tiempo de lectura\" \/>\n\t<meta name=\"twitter:data1\" content=\"2 minutos\" \/>\n<script type=\"application\/ld+json\" class=\"yoast-schema-graph\">{\"@context\":\"https:\\\/\\\/schema.org\",\"@graph\":[{\"@type\":\"WebPage\",\"@id\":\"https:\\\/\\\/powermepronto.com\\\/after-hours\\\/\",\"url\":\"https:\\\/\\\/powermepronto.com\\\/after-hours\\\/\",\"name\":\"[:en]Pronto After-Hours[:es]Pronto \u2013 Como hacer un pago fuera de horario[:] - Pronto Power\",\"isPartOf\":{\"@id\":\"https:\\\/\\\/powermepronto.com\\\/en\\\/#website\"},\"primaryImageOfPage\":{\"@id\":\"https:\\\/\\\/powermepronto.com\\\/after-hours\\\/#primaryimage\"},\"image\":{\"@id\":\"https:\\\/\\\/powermepronto.com\\\/after-hours\\\/#primaryimage\"},\"thumbnailUrl\":\"https:\\\/\\\/powermepronto.com\\\/wp-content\\\/uploads\\\/2022\\\/01\\\/bigstock-Creative-Top-View-Flat-Lay-Of-302607589.jpg\",\"datePublished\":\"2021-12-17T11:33:36+00:00\",\"dateModified\":\"2022-11-29T17:09:55+00:00\",\"breadcrumb\":{\"@id\":\"https:\\\/\\\/powermepronto.com\\\/after-hours\\\/#breadcrumb\"},\"inLanguage\":\"es\",\"potentialAction\":[{\"@type\":\"ReadAction\",\"target\":[\"https:\\\/\\\/powermepronto.com\\\/after-hours\\\/\"]}]},{\"@type\":\"ImageObject\",\"inLanguage\":\"es\",\"@id\":\"https:\\\/\\\/powermepronto.com\\\/after-hours\\\/#primaryimage\",\"url\":\"https:\\\/\\\/powermepronto.com\\\/wp-content\\\/uploads\\\/2022\\\/01\\\/bigstock-Creative-Top-View-Flat-Lay-Of-302607589.jpg\",\"contentUrl\":\"https:\\\/\\\/powermepronto.com\\\/wp-content\\\/uploads\\\/2022\\\/01\\\/bigstock-Creative-Top-View-Flat-Lay-Of-302607589.jpg\"},{\"@type\":\"BreadcrumbList\",\"@id\":\"https:\\\/\\\/powermepronto.com\\\/after-hours\\\/#breadcrumb\",\"itemListElement\":[{\"@type\":\"ListItem\",\"position\":1,\"name\":\"Home\",\"item\":\"https:\\\/\\\/powermepronto.com\\\/en\\\/\"},{\"@type\":\"ListItem\",\"position\":2,\"name\":\"Pronto After-Hours\"}]},{\"@type\":\"WebSite\",\"@id\":\"https:\\\/\\\/powermepronto.com\\\/en\\\/#website\",\"url\":\"https:\\\/\\\/powermepronto.com\\\/en\\\/\",\"name\":\"Pronto Power\",\"description\":\"\",\"potentialAction\":[{\"@type\":\"SearchAction\",\"target\":{\"@type\":\"EntryPoint\",\"urlTemplate\":\"https:\\\/\\\/powermepronto.com\\\/en\\\/?s={search_term_string}\"},\"query-input\":{\"@type\":\"PropertyValueSpecification\",\"valueRequired\":true,\"valueName\":\"search_term_string\"}}],\"inLanguage\":\"es\"}]}<\/script>\n<!-- \/ Yoast SEO plugin. -->","yoast_head_json":{"title":"[:en]Pronto After-Hours[:es]Pronto \u2013 Como hacer un pago fuera de horario[:] - Pronto Power","robots":{"index":"index","follow":"follow","max-snippet":"max-snippet:-1","max-image-preview":"max-image-preview:large","max-video-preview":"max-video-preview:-1"},"canonical":"https:\/\/powermepronto.com\/after-hours\/","og_locale":"es_ES","og_type":"article","og_title":"[:en]Pronto After-Hours[:es]Pronto \u2013 Como hacer un pago fuera de horario[:] - Pronto Power","og_description":"Para ayudarlo con las preguntas sobre la cuenta fuera del horario de atenci\u00f3n, aqu\u00ed hay algunos consejos y recursos \u00fatiles: Realice su pago en l\u00ednea para evitar largos tiempos de espera. Puede hacer clic en la imagen a la derecha para llevarlo al pago r\u00e1pido. Si tiene una tarjeta registrada, env\u00ede un mensaje de texto &hellip; Continue reading Pronto \u2013 Como hacer un pago fuera de horario","og_url":"https:\/\/powermepronto.com\/after-hours\/","og_site_name":"Pronto Power","article_modified_time":"2022-11-29T17:09:55+00:00","og_image":[{"url":"https:\/\/powermepronto.com\/wp-content\/uploads\/2022\/01\/bigstock-Creative-Top-View-Flat-Lay-Of-302607589.jpg","type":"","width":"","height":""}],"twitter_card":"summary_large_image","twitter_misc":{"Tiempo de lectura":"2 minutos"},"schema":{"@context":"https:\/\/schema.org","@graph":[{"@type":"WebPage","@id":"https:\/\/powermepronto.com\/after-hours\/","url":"https:\/\/powermepronto.com\/after-hours\/","name":"[:en]Pronto After-Hours[:es]Pronto \u2013 Como hacer un pago fuera de horario[:] - Pronto Power","isPartOf":{"@id":"https:\/\/powermepronto.com\/en\/#website"},"primaryImageOfPage":{"@id":"https:\/\/powermepronto.com\/after-hours\/#primaryimage"},"image":{"@id":"https:\/\/powermepronto.com\/after-hours\/#primaryimage"},"thumbnailUrl":"https:\/\/powermepronto.com\/wp-content\/uploads\/2022\/01\/bigstock-Creative-Top-View-Flat-Lay-Of-302607589.jpg","datePublished":"2021-12-17T11:33:36+00:00","dateModified":"2022-11-29T17:09:55+00:00","breadcrumb":{"@id":"https:\/\/powermepronto.com\/after-hours\/#breadcrumb"},"inLanguage":"es","potentialAction":[{"@type":"ReadAction","target":["https:\/\/powermepronto.com\/after-hours\/"]}]},{"@type":"ImageObject","inLanguage":"es","@id":"https:\/\/powermepronto.com\/after-hours\/#primaryimage","url":"https:\/\/powermepronto.com\/wp-content\/uploads\/2022\/01\/bigstock-Creative-Top-View-Flat-Lay-Of-302607589.jpg","contentUrl":"https:\/\/powermepronto.com\/wp-content\/uploads\/2022\/01\/bigstock-Creative-Top-View-Flat-Lay-Of-302607589.jpg"},{"@type":"BreadcrumbList","@id":"https:\/\/powermepronto.com\/after-hours\/#breadcrumb","itemListElement":[{"@type":"ListItem","position":1,"name":"Home","item":"https:\/\/powermepronto.com\/en\/"},{"@type":"ListItem","position":2,"name":"Pronto After-Hours"}]},{"@type":"WebSite","@id":"https:\/\/powermepronto.com\/en\/#website","url":"https:\/\/powermepronto.com\/en\/","name":"Pronto Power","description":"","potentialAction":[{"@type":"SearchAction","target":{"@type":"EntryPoint","urlTemplate":"https:\/\/powermepronto.com\/en\/?s={search_term_string}"},"query-input":{"@type":"PropertyValueSpecification","valueRequired":true,"valueName":"search_term_string"}}],"inLanguage":"es"}]}},"_links":{"self":[{"href":"https:\/\/powermepronto.com\/es\/wp-json\/wp\/v2\/pages\/2934","targetHints":{"allow":["GET"]}}],"collection":[{"href":"https:\/\/powermepronto.com\/es\/wp-json\/wp\/v2\/pages"}],"about":[{"href":"https:\/\/powermepronto.com\/es\/wp-json\/wp\/v2\/types\/page"}],"author":[{"embeddable":true,"href":"https:\/\/powermepronto.com\/es\/wp-json\/wp\/v2\/users\/1"}],"replies":[{"embeddable":true,"href":"https:\/\/powermepronto.com\/es\/wp-json\/wp\/v2\/comments?post=2934"}],"version-history":[{"count":15,"href":"https:\/\/powermepronto.com\/es\/wp-json\/wp\/v2\/pages\/2934\/revisions"}],"predecessor-version":[{"id":3433,"href":"https:\/\/powermepronto.com\/es\/wp-json\/wp\/v2\/pages\/2934\/revisions\/3433"}],"wp:attachment":[{"href":"https:\/\/powermepronto.com\/es\/wp-json\/wp\/v2\/media?parent=2934"}],"curies":[{"name":"wp","href":"https:\/\/api.w.org\/{rel}","templated":true}]}}