{"id":2902,"date":"2021-12-13T07:07:13","date_gmt":"2021-12-13T13:07:13","guid":{"rendered":"https:\/\/powermepronto.com\/?page_id=2902"},"modified":"2022-12-21T03:27:02","modified_gmt":"2022-12-21T09:27:02","slug":"planos-cheapest-no-deposit-power-with-no-contract","status":"publish","type":"page","link":"https:\/\/powermepronto.com\/es\/planos-cheapest-no-deposit-power-with-no-contract\/","title":{"rendered":"La compa\u00f1\u00eda el\u00e9ctrica sin dep\u00f3sito m\u00e1s barata de Plano sin contrato"},"content":{"rendered":"<p>\u00bfCansado de contratos molestos con un lenguaje legal complejo que solo los abogados m\u00e1s inteligentes pueden entender?<\/p>\n<p>\u00a1Solo diga \u00abno\u00bb cuando se encuentre con un REP como ese!<\/p>\n<p>Y di \u201cs\u00ed\u201d a Pronto Power.<\/p>\n<p>Eso es porque no firmas un contrato con Pronto Power. Y obtienes las tarifas de electricidad prepago m\u00e1s baratas en Plano (y en todo Texas).<\/p>\n<p>Eso significa que obtiene una relaci\u00f3n completamente libre de riesgos que le permite cancelar en cualquier momento y por cualquier motivo.<\/p>\n<p>Adem\u00e1s, hay:<\/p>\n<ul>\n<li>Sin tarifas ocultas<\/li>\n<li>Sin dep\u00f3sito<\/li>\n<li>Sin verificaci\u00f3n de identificaci\u00f3n<\/li>\n<li>Sin verificaci\u00f3n de cr\u00e9dito<\/li>\n<li>Sin tarifas de conexi\u00f3n<\/li>\n<li>Sin tarifas de desconexi\u00f3n<\/li>\n<\/ul>\n<p>Y cuando te unas, el servicio de atenci\u00f3n al cliente estar\u00e1 encantado de ayudarte, \u00a1incluso si te encuentras en una crisis financiera absoluta!<\/p>\n<p>Es una oferta \u00fanica que no puede obtener en ning\u00fan otro lugar.<\/p>\n<h2>\u00a1Suena demasiado bueno para ser verdad!<\/h2>\n<p>Puede que te encuentres pensando esto. Pero le garantizamos que esta oferta funciona exactamente como acabamos de decir.<\/p>\n<p>Y debido a que no firmas un contrato y puedes irte en cualquier momento y por cualquier motivo, puedes confiar en eso.<\/p>\n<p>Podemos ofrecerlo porque trabajamos con extrema eficiencia en el backend.<\/p>\n<p>Y, nuestro objetivo es mantener a los clientes durante a\u00f1os a la vez. Muchos REP siguen un enfoque agitado con los clientes, lo que cuesta mucho m\u00e1s dinero.<\/p>\n<p>\u00a1En su lugar, creamos un beneficio mutuo natural en el que usted permanece como cliente y obtiene un trato inigualable!<\/p>\n<h2>Tiene que haber alg\u00fan tipo de captura, \u00bfverdad?<\/h2>\n<p>\u00a1No!<\/p>\n<p>Luego, simplemente agregue fondos como mejor le convenga (mensual, semanal o incluso diario si lo necesita).<\/p>\n<p>Siempre que mantenga un solo centavo en su cuenta antes de la 1 p. m. todos los d\u00edas, su electricidad permanecer\u00e1 encendida.<\/p>\n<h2>Adem\u00e1s, ahorre un 20 % m\u00e1s en la electricidad prepaga ya m\u00e1s barata en Plano<\/h2>\n<p>Si todo eso no es suficiente, tambi\u00e9n puede ahorrar un 20% m\u00e1s.<\/p>\n<p>Puede hacer esto simplemente usando nuestro software gratuito de monitoreo de electricidad en l\u00ednea para aprender c\u00f3mo usa la electricidad.<\/p>\n<p>Luego cambias tu comportamiento con el tiempo de acuerdo a lo que aprendes.<\/p>\n<p>Muchos de nuestros clientes ahorran un 20 %&#8230; \u00a1y algunos incluso m\u00e1s!<\/p>\n<p>Obtenga todo gratis en una hora si su hogar tiene un medidor inteligente<\/p>\n<p>\u00a1La electricidad prepaga m\u00e1s barata en Plano&#8230; sin contrato&#8230; sin tarifas ocultas&#8230; y la oportunidad de ahorrar un 20 % m\u00e1s puede ser suya en una hora si su hogar tiene un medidor inteligente!<\/p>\n<p>\u00a1Simplemente llame al <span class=\"affiliatecode\">844.621.2852<\/span> ahora!<\/p>","protected":false},"excerpt":{"rendered":"<p>\u00bfCansado de contratos molestos con un lenguaje legal complejo que solo los abogados m\u00e1s inteligentes pueden entender? \u00a1Solo diga \u00abno\u00bb cuando se encuentre con un REP como ese! Y di \u201cs\u00ed\u201d a Pronto Power. Eso es porque no firmas un contrato con Pronto Power. Y obtienes las tarifas de electricidad prepago m\u00e1s baratas en Plano &hellip; <a href=\"https:\/\/powermepronto.com\/es\/planos-cheapest-no-deposit-power-with-no-contract\/\" class=\"more-link\">Continue reading <span class=\"screen-reader-text\">La compa\u00f1\u00eda el\u00e9ctrica sin dep\u00f3sito m\u00e1s barata de Plano sin contrato<\/span><\/a><\/p>\n","protected":false},"author":1,"featured_media":0,"parent":0,"menu_order":0,"comment_status":"closed","ping_status":"closed","template":"","meta":{"_acf_changed":false,"_glsr_average":0,"_glsr_ranking":0,"_glsr_reviews":0,"footnotes":"","_links_to":"","_links_to_target":""},"class_list":["post-2902","page","type-page","status-publish","hentry"],"acf":[],"yoast_head":"<!-- This site is optimized with the Yoast SEO plugin v27.6 - https:\/\/yoast.com\/product\/yoast-seo-wordpress\/ -->\n<title>La compa\u00f1\u00eda el\u00e9ctrica sin dep\u00f3sito m\u00e1s barata de Plano sin contrato - Pronto Power<\/title>\n<meta name=\"description\" content=\"[:en]Get the cheapest prepaid electric rates in Plano. Plus find out how to save 20% more. No deposit. No contract. No hidden fees. Join free today! 844.621.2852[:es]Obtenga las tarifas el\u00e9ctricas prepagas m\u00e1s econ\u00f3micas en Plano. Adem\u00e1s, descubra c\u00f3mo ahorrar un 20% m\u00e1s. No hay dep\u00f3sito. Sin contrato. Sin cuotas escondidas. \u00a1\u00danase gratis hoy! 844.621.2852[:]\" \/>\n<meta name=\"robots\" content=\"index, follow, max-snippet:-1, max-image-preview:large, max-video-preview:-1\" \/>\n<link rel=\"canonical\" href=\"https:\/\/powermepronto.com\/planos-cheapest-no-deposit-power-with-no-contract\/\" \/>\n<meta property=\"og:locale\" content=\"es_ES\" \/>\n<meta property=\"og:type\" content=\"article\" \/>\n<meta property=\"og:title\" content=\"[:en]Plano\u2019s Cheapest No-Deposit Power with No Contract[:es]La compa\u00f1\u00eda el\u00e9ctrica sin dep\u00f3sito m\u00e1s barata de Plano sin contrato[:] - Pronto Power\" \/>\n<meta property=\"og:description\" content=\"[:en]Get the cheapest prepaid electric rates in Plano. Plus find out how to save 20% more. No deposit. No contract. No hidden fees. Join free today! 844.621.2852[:es]Obtenga las tarifas el\u00e9ctricas prepagas m\u00e1s econ\u00f3micas en Plano. Adem\u00e1s, descubra c\u00f3mo ahorrar un 20% m\u00e1s. No hay dep\u00f3sito. Sin contrato. Sin cuotas escondidas. \u00a1\u00danase gratis hoy! 844.621.2852[:]\" \/>\n<meta property=\"og:url\" content=\"https:\/\/powermepronto.com\/planos-cheapest-no-deposit-power-with-no-contract\/\" \/>\n<meta property=\"og:site_name\" content=\"Pronto Power\" \/>\n<meta property=\"article:modified_time\" content=\"2022-12-21T09:27:02+00:00\" \/>\n<meta name=\"twitter:card\" content=\"summary_large_image\" \/>\n<meta name=\"twitter:label1\" content=\"Tiempo de lectura\" \/>\n\t<meta name=\"twitter:data1\" content=\"4 minutos\" \/>\n<script type=\"application\/ld+json\" class=\"yoast-schema-graph\">{\"@context\":\"https:\\\/\\\/schema.org\",\"@graph\":[{\"@type\":\"WebPage\",\"@id\":\"https:\\\/\\\/powermepronto.com\\\/planos-cheapest-no-deposit-power-with-no-contract\\\/\",\"url\":\"https:\\\/\\\/powermepronto.com\\\/planos-cheapest-no-deposit-power-with-no-contract\\\/\",\"name\":\"[:en]Plano\u2019s Cheapest No-Deposit Power with No Contract[:es]La compa\u00f1\u00eda el\u00e9ctrica sin dep\u00f3sito m\u00e1s barata de Plano sin contrato[:] - Pronto Power\",\"isPartOf\":{\"@id\":\"https:\\\/\\\/powermepronto.com\\\/en\\\/#website\"},\"datePublished\":\"2021-12-13T13:07:13+00:00\",\"dateModified\":\"2022-12-21T09:27:02+00:00\",\"description\":\"[:en]Get the cheapest prepaid electric rates in Plano. Plus find out how to save 20% more. No deposit. No contract. No hidden fees. Join free today! 844.621.2852[:es]Obtenga las tarifas el\u00e9ctricas prepagas m\u00e1s econ\u00f3micas en Plano. Adem\u00e1s, descubra c\u00f3mo ahorrar un 20% m\u00e1s. No hay dep\u00f3sito. Sin contrato. Sin cuotas escondidas. \u00a1\u00danase gratis hoy! 844.621.2852[:]\",\"breadcrumb\":{\"@id\":\"https:\\\/\\\/powermepronto.com\\\/planos-cheapest-no-deposit-power-with-no-contract\\\/#breadcrumb\"},\"inLanguage\":\"es\",\"potentialAction\":[{\"@type\":\"ReadAction\",\"target\":[\"https:\\\/\\\/powermepronto.com\\\/planos-cheapest-no-deposit-power-with-no-contract\\\/\"]}]},{\"@type\":\"BreadcrumbList\",\"@id\":\"https:\\\/\\\/powermepronto.com\\\/planos-cheapest-no-deposit-power-with-no-contract\\\/#breadcrumb\",\"itemListElement\":[{\"@type\":\"ListItem\",\"position\":1,\"name\":\"Home\",\"item\":\"https:\\\/\\\/powermepronto.com\\\/en\\\/\"},{\"@type\":\"ListItem\",\"position\":2,\"name\":\"Plano\u2019s Cheapest No-Deposit Power with No Contract\"}]},{\"@type\":\"WebSite\",\"@id\":\"https:\\\/\\\/powermepronto.com\\\/en\\\/#website\",\"url\":\"https:\\\/\\\/powermepronto.com\\\/en\\\/\",\"name\":\"Pronto Power\",\"description\":\"\",\"potentialAction\":[{\"@type\":\"SearchAction\",\"target\":{\"@type\":\"EntryPoint\",\"urlTemplate\":\"https:\\\/\\\/powermepronto.com\\\/en\\\/?s={search_term_string}\"},\"query-input\":{\"@type\":\"PropertyValueSpecification\",\"valueRequired\":true,\"valueName\":\"search_term_string\"}}],\"inLanguage\":\"es\"}]}<\/script>\n<!-- \/ Yoast SEO plugin. -->","yoast_head_json":{"title":"[:en]Plano\u2019s Cheapest No-Deposit Power with No Contract[:es]La compa\u00f1\u00eda el\u00e9ctrica sin dep\u00f3sito m\u00e1s barata de Plano sin contrato[:] - Pronto Power","description":"[:en]Get the cheapest prepaid electric rates in Plano. Plus find out how to save 20% more. No deposit. No contract. No hidden fees. Join free today! 844.621.2852[:es]Obtenga las tarifas el\u00e9ctricas prepagas m\u00e1s econ\u00f3micas en Plano. Adem\u00e1s, descubra c\u00f3mo ahorrar un 20% m\u00e1s. No hay dep\u00f3sito. Sin contrato. Sin cuotas escondidas. \u00a1\u00danase gratis hoy! 844.621.2852[:]","robots":{"index":"index","follow":"follow","max-snippet":"max-snippet:-1","max-image-preview":"max-image-preview:large","max-video-preview":"max-video-preview:-1"},"canonical":"https:\/\/powermepronto.com\/planos-cheapest-no-deposit-power-with-no-contract\/","og_locale":"es_ES","og_type":"article","og_title":"[:en]Plano\u2019s Cheapest No-Deposit Power with No Contract[:es]La compa\u00f1\u00eda el\u00e9ctrica sin dep\u00f3sito m\u00e1s barata de Plano sin contrato[:] - Pronto Power","og_description":"[:en]Get the cheapest prepaid electric rates in Plano. Plus find out how to save 20% more. No deposit. No contract. No hidden fees. Join free today! 844.621.2852[:es]Obtenga las tarifas el\u00e9ctricas prepagas m\u00e1s econ\u00f3micas en Plano. Adem\u00e1s, descubra c\u00f3mo ahorrar un 20% m\u00e1s. No hay dep\u00f3sito. Sin contrato. Sin cuotas escondidas. \u00a1\u00danase gratis hoy! 844.621.2852[:]","og_url":"https:\/\/powermepronto.com\/planos-cheapest-no-deposit-power-with-no-contract\/","og_site_name":"Pronto Power","article_modified_time":"2022-12-21T09:27:02+00:00","twitter_card":"summary_large_image","twitter_misc":{"Tiempo de lectura":"4 minutos"},"schema":{"@context":"https:\/\/schema.org","@graph":[{"@type":"WebPage","@id":"https:\/\/powermepronto.com\/planos-cheapest-no-deposit-power-with-no-contract\/","url":"https:\/\/powermepronto.com\/planos-cheapest-no-deposit-power-with-no-contract\/","name":"[:en]Plano\u2019s Cheapest No-Deposit Power with No Contract[:es]La compa\u00f1\u00eda el\u00e9ctrica sin dep\u00f3sito m\u00e1s barata de Plano sin contrato[:] - Pronto Power","isPartOf":{"@id":"https:\/\/powermepronto.com\/en\/#website"},"datePublished":"2021-12-13T13:07:13+00:00","dateModified":"2022-12-21T09:27:02+00:00","description":"[:en]Get the cheapest prepaid electric rates in Plano. Plus find out how to save 20% more. No deposit. No contract. No hidden fees. Join free today! 844.621.2852[:es]Obtenga las tarifas el\u00e9ctricas prepagas m\u00e1s econ\u00f3micas en Plano. Adem\u00e1s, descubra c\u00f3mo ahorrar un 20% m\u00e1s. No hay dep\u00f3sito. Sin contrato. Sin cuotas escondidas. \u00a1\u00danase gratis hoy! 844.621.2852[:]","breadcrumb":{"@id":"https:\/\/powermepronto.com\/planos-cheapest-no-deposit-power-with-no-contract\/#breadcrumb"},"inLanguage":"es","potentialAction":[{"@type":"ReadAction","target":["https:\/\/powermepronto.com\/planos-cheapest-no-deposit-power-with-no-contract\/"]}]},{"@type":"BreadcrumbList","@id":"https:\/\/powermepronto.com\/planos-cheapest-no-deposit-power-with-no-contract\/#breadcrumb","itemListElement":[{"@type":"ListItem","position":1,"name":"Home","item":"https:\/\/powermepronto.com\/en\/"},{"@type":"ListItem","position":2,"name":"Plano\u2019s Cheapest No-Deposit Power with No Contract"}]},{"@type":"WebSite","@id":"https:\/\/powermepronto.com\/en\/#website","url":"https:\/\/powermepronto.com\/en\/","name":"Pronto Power","description":"","potentialAction":[{"@type":"SearchAction","target":{"@type":"EntryPoint","urlTemplate":"https:\/\/powermepronto.com\/en\/?s={search_term_string}"},"query-input":{"@type":"PropertyValueSpecification","valueRequired":true,"valueName":"search_term_string"}}],"inLanguage":"es"}]}},"_links":{"self":[{"href":"https:\/\/powermepronto.com\/es\/wp-json\/wp\/v2\/pages\/2902","targetHints":{"allow":["GET"]}}],"collection":[{"href":"https:\/\/powermepronto.com\/es\/wp-json\/wp\/v2\/pages"}],"about":[{"href":"https:\/\/powermepronto.com\/es\/wp-json\/wp\/v2\/types\/page"}],"author":[{"embeddable":true,"href":"https:\/\/powermepronto.com\/es\/wp-json\/wp\/v2\/users\/1"}],"replies":[{"embeddable":true,"href":"https:\/\/powermepronto.com\/es\/wp-json\/wp\/v2\/comments?post=2902"}],"version-history":[{"count":4,"href":"https:\/\/powermepronto.com\/es\/wp-json\/wp\/v2\/pages\/2902\/revisions"}],"predecessor-version":[{"id":3456,"href":"https:\/\/powermepronto.com\/es\/wp-json\/wp\/v2\/pages\/2902\/revisions\/3456"}],"wp:attachment":[{"href":"https:\/\/powermepronto.com\/es\/wp-json\/wp\/v2\/media?parent=2902"}],"curies":[{"name":"wp","href":"https:\/\/api.w.org\/{rel}","templated":true}]}}