{"id":2897,"date":"2021-12-13T06:59:37","date_gmt":"2021-12-13T12:59:37","guid":{"rendered":"https:\/\/powermepronto.com\/?page_id=2897"},"modified":"2022-12-21T03:29:58","modified_gmt":"2022-12-21T09:29:58","slug":"even-cheap-electric-companies-in-saginaw-cant-match-pronto-power","status":"publish","type":"page","link":"https:\/\/powermepronto.com\/es\/even-cheap-electric-companies-in-saginaw-cant-match-pronto-power\/","title":{"rendered":"La compa\u00f1\u00eda el\u00e9ctrica sin dep\u00f3sito m\u00e1s barata de Saginaw sin contrato"},"content":{"rendered":"<p>\u00bfCrees que tienes mucho con tu REP?<\/p>\n<p>Ning\u00fan otro REP de Texas puede igualar este trato:<\/p>\n<ul>\n<li>Sin contrato<\/li>\n<li>Sin verificaci\u00f3n de cr\u00e9dito<\/li>\n<li>Sin verificaci\u00f3n de identificaci\u00f3n<\/li>\n<li>Sin tarifas de conexi\u00f3n<\/li>\n<li>Sin tarifas de desconexi\u00f3n<\/li>\n<li>Sin tarifas ocultas<\/li>\n<\/ul>\n<p>\u2026\u00a1Y el servicio de atenci\u00f3n al cliente no puede esperar para ayudarlo si se encuentra en problemas y no puede pagar!<\/p>\n<h2>\u00a1Suena demasiado bueno para ser verdad! \u00bfC\u00f3mo s\u00e9 que esto es real?<\/h2>\n<p>Bueno, Pronto Power opera con una eficiencia incre\u00edble detr\u00e1s de escena. Y tambi\u00e9n nuestro objetivo es mantener a los clientes el mayor tiempo posible.<\/p>\n<p>Otros REP agitan y queman clientes. Te atraen con una oferta incre\u00edble. Pero luego te limpian los bolsillos cuando te tienen. Y cuando finalmente te vas, simplemente te reemplazan con su pr\u00f3xima v\u00edctima.<\/p>\n<p>\u00a1Puede confiar en Pronto Power porque no firma un contrato y puede cancelar completamente sin riesgos en cualquier momento y por cualquier motivo!<\/p>\n<h2>Bueno, pero tiene que haber alg\u00fan tipo de trampa, \u00bfverdad?<\/h2>\n<p>\u00a1Incorrecto!<\/p>\n<p>Luego, simplemente agregue m\u00e1s fondos como pueda: mensualmente, semanalmente o incluso diariamente.<\/p>\n<p>Mientras tenga solo un centavo en su cuenta a la 1 p. m. todos los d\u00edas, su electricidad permanecer\u00e1 encendida.<\/p>\n<p>Y si alguna vez tiene problemas para pagar, por cualquier motivo, comun\u00edquese con el servicio al cliente.<\/p>\n<p>\u00a1Estar\u00e1n felices de ayudarlo a crear un plan de pago que lo ayude a superar incluso las situaciones financieras m\u00e1s dif\u00edciles!<\/p>\n<h2>Adem\u00e1s, ahorre un 20 % m\u00e1s en comparaci\u00f3n con otras compa\u00f1\u00edas el\u00e9ctricas de Texas<\/h2>\n<p>Si. El trato contin\u00faa. De hecho, puede ahorrar un 20 % (y tal vez m\u00e1s) en las tarifas de electricidad prepagas que ya son m\u00e1s baratas en Saginaw.<\/p>\n<p>Cuando se une a Pronto Power, obtiene acceso al software gratuito de monitoreo de electricidad.<\/p>\n<p>Simplemente inicie sesi\u00f3n para ver c\u00f3mo est\u00e1 utilizando la electricidad en este momento.<\/p>\n<p>Luego, use lo que aprenda para cambiar su comportamiento con el tiempo&#8230; \u00a1y observe c\u00f3mo se acumulan los ahorros!<\/p>\n<p>Muchos clientes ahorran un 20 %&#8230; \u00a1y algunos incluso m\u00e1s!<\/p>\n<h2>\u00danete gratis dentro de la hora<\/h2>\n<p>Lo mejor de todo es que obtiene las tarifas de prepago m\u00e1s econ\u00f3micas de Texas&#8230; sin contrato ni tarifas ocultas, y la oportunidad de ahorrar un 20 % m\u00e1s en una hora si su hogar tiene un medidor inteligente (\u00a1y el 99,9 % lo tiene!).<\/p>\n<p>\u00a1Simplemente llame a Pronto Power al <span class=\"affiliatecode\">844.621.2852<\/span> ahora!<\/p>","protected":false},"excerpt":{"rendered":"<p>\u00bfCrees que tienes mucho con tu REP? Ning\u00fan otro REP de Texas puede igualar este trato: Sin contrato Sin verificaci\u00f3n de cr\u00e9dito Sin verificaci\u00f3n de identificaci\u00f3n Sin tarifas de conexi\u00f3n Sin tarifas de desconexi\u00f3n Sin tarifas ocultas \u2026\u00a1Y el servicio de atenci\u00f3n al cliente no puede esperar para ayudarlo si se encuentra en problemas y &hellip; <a href=\"https:\/\/powermepronto.com\/es\/even-cheap-electric-companies-in-saginaw-cant-match-pronto-power\/\" class=\"more-link\">Continue reading <span class=\"screen-reader-text\">La compa\u00f1\u00eda el\u00e9ctrica sin dep\u00f3sito m\u00e1s barata de Saginaw sin contrato<\/span><\/a><\/p>\n","protected":false},"author":1,"featured_media":0,"parent":0,"menu_order":0,"comment_status":"closed","ping_status":"closed","template":"","meta":{"_acf_changed":false,"_glsr_average":0,"_glsr_ranking":0,"_glsr_reviews":0,"footnotes":"","_links_to":"","_links_to_target":""},"class_list":["post-2897","page","type-page","status-publish","hentry"],"acf":[],"yoast_head":"<!-- This site is optimized with the Yoast SEO plugin v27.4 - https:\/\/yoast.com\/product\/yoast-seo-wordpress\/ -->\n<title>La compa\u00f1\u00eda el\u00e9ctrica sin dep\u00f3sito m\u00e1s barata de Saginaw sin contrato - Pronto Power<\/title>\n<meta name=\"description\" content=\"[:en]Get the cheapest prepaid electric rates in Saginaw. Plus find out how to save 20% more. No deposit. No contract. No hidden fees. Join free today! 844.621.2852[:es]Obtenga las tarifas el\u00e9ctricas prepagas m\u00e1s econ\u00f3micas en Saginaw. Adem\u00e1s, descubra c\u00f3mo ahorrar un 20% m\u00e1s. No hay dep\u00f3sito. Sin contrato. Sin cuotas escondidas. \u00a1\u00danase gratis hoy! 844.621.2852[:]\" \/>\n<meta name=\"robots\" content=\"index, follow, max-snippet:-1, max-image-preview:large, max-video-preview:-1\" \/>\n<link rel=\"canonical\" href=\"https:\/\/powermepronto.com\/even-cheap-electric-companies-in-saginaw-cant-match-pronto-power\/\" \/>\n<meta property=\"og:locale\" content=\"es_ES\" \/>\n<meta property=\"og:type\" content=\"article\" \/>\n<meta property=\"og:title\" content=\"[:en]Even Cheap Electric Companies in Saginaw Can\u2019t Match Pronto Power[:es]La compa\u00f1\u00eda el\u00e9ctrica sin dep\u00f3sito m\u00e1s barata de Saginaw sin contrato[:] - Pronto Power\" \/>\n<meta property=\"og:description\" content=\"[:en]Get the cheapest prepaid electric rates in Saginaw. Plus find out how to save 20% more. No deposit. No contract. No hidden fees. Join free today! 844.621.2852[:es]Obtenga las tarifas el\u00e9ctricas prepagas m\u00e1s econ\u00f3micas en Saginaw. Adem\u00e1s, descubra c\u00f3mo ahorrar un 20% m\u00e1s. No hay dep\u00f3sito. Sin contrato. Sin cuotas escondidas. \u00a1\u00danase gratis hoy! 844.621.2852[:]\" \/>\n<meta property=\"og:url\" content=\"https:\/\/powermepronto.com\/even-cheap-electric-companies-in-saginaw-cant-match-pronto-power\/\" \/>\n<meta property=\"og:site_name\" content=\"Pronto Power\" \/>\n<meta property=\"article:modified_time\" content=\"2022-12-21T09:29:58+00:00\" \/>\n<meta name=\"twitter:card\" content=\"summary_large_image\" \/>\n<meta name=\"twitter:label1\" content=\"Tiempo de lectura\" \/>\n\t<meta name=\"twitter:data1\" content=\"4 minutos\" \/>\n<script type=\"application\/ld+json\" class=\"yoast-schema-graph\">{\"@context\":\"https:\\\/\\\/schema.org\",\"@graph\":[{\"@type\":\"WebPage\",\"@id\":\"https:\\\/\\\/powermepronto.com\\\/even-cheap-electric-companies-in-saginaw-cant-match-pronto-power\\\/\",\"url\":\"https:\\\/\\\/powermepronto.com\\\/even-cheap-electric-companies-in-saginaw-cant-match-pronto-power\\\/\",\"name\":\"[:en]Even Cheap Electric Companies in Saginaw Can\u2019t Match Pronto Power[:es]La compa\u00f1\u00eda el\u00e9ctrica sin dep\u00f3sito m\u00e1s barata de Saginaw sin contrato[:] - Pronto Power\",\"isPartOf\":{\"@id\":\"https:\\\/\\\/powermepronto.com\\\/en\\\/#website\"},\"datePublished\":\"2021-12-13T12:59:37+00:00\",\"dateModified\":\"2022-12-21T09:29:58+00:00\",\"description\":\"[:en]Get the cheapest prepaid electric rates in Saginaw. Plus find out how to save 20% more. No deposit. No contract. No hidden fees. Join free today! 844.621.2852[:es]Obtenga las tarifas el\u00e9ctricas prepagas m\u00e1s econ\u00f3micas en Saginaw. Adem\u00e1s, descubra c\u00f3mo ahorrar un 20% m\u00e1s. No hay dep\u00f3sito. Sin contrato. Sin cuotas escondidas. \u00a1\u00danase gratis hoy! 844.621.2852[:]\",\"breadcrumb\":{\"@id\":\"https:\\\/\\\/powermepronto.com\\\/even-cheap-electric-companies-in-saginaw-cant-match-pronto-power\\\/#breadcrumb\"},\"inLanguage\":\"es\",\"potentialAction\":[{\"@type\":\"ReadAction\",\"target\":[\"https:\\\/\\\/powermepronto.com\\\/even-cheap-electric-companies-in-saginaw-cant-match-pronto-power\\\/\"]}]},{\"@type\":\"BreadcrumbList\",\"@id\":\"https:\\\/\\\/powermepronto.com\\\/even-cheap-electric-companies-in-saginaw-cant-match-pronto-power\\\/#breadcrumb\",\"itemListElement\":[{\"@type\":\"ListItem\",\"position\":1,\"name\":\"Home\",\"item\":\"https:\\\/\\\/powermepronto.com\\\/en\\\/\"},{\"@type\":\"ListItem\",\"position\":2,\"name\":\"Even Cheap Electric Companies in Saginaw Can\u2019t Match Pronto Power\"}]},{\"@type\":\"WebSite\",\"@id\":\"https:\\\/\\\/powermepronto.com\\\/en\\\/#website\",\"url\":\"https:\\\/\\\/powermepronto.com\\\/en\\\/\",\"name\":\"Pronto Power\",\"description\":\"\",\"potentialAction\":[{\"@type\":\"SearchAction\",\"target\":{\"@type\":\"EntryPoint\",\"urlTemplate\":\"https:\\\/\\\/powermepronto.com\\\/en\\\/?s={search_term_string}\"},\"query-input\":{\"@type\":\"PropertyValueSpecification\",\"valueRequired\":true,\"valueName\":\"search_term_string\"}}],\"inLanguage\":\"es\"}]}<\/script>\n<!-- \/ Yoast SEO plugin. -->","yoast_head_json":{"title":"[:en]Even Cheap Electric Companies in Saginaw Can\u2019t Match Pronto Power[:es]La compa\u00f1\u00eda el\u00e9ctrica sin dep\u00f3sito m\u00e1s barata de Saginaw sin contrato[:] - Pronto Power","description":"[:en]Get the cheapest prepaid electric rates in Saginaw. Plus find out how to save 20% more. No deposit. No contract. No hidden fees. Join free today! 844.621.2852[:es]Obtenga las tarifas el\u00e9ctricas prepagas m\u00e1s econ\u00f3micas en Saginaw. Adem\u00e1s, descubra c\u00f3mo ahorrar un 20% m\u00e1s. No hay dep\u00f3sito. Sin contrato. Sin cuotas escondidas. \u00a1\u00danase gratis hoy! 844.621.2852[:]","robots":{"index":"index","follow":"follow","max-snippet":"max-snippet:-1","max-image-preview":"max-image-preview:large","max-video-preview":"max-video-preview:-1"},"canonical":"https:\/\/powermepronto.com\/even-cheap-electric-companies-in-saginaw-cant-match-pronto-power\/","og_locale":"es_ES","og_type":"article","og_title":"[:en]Even Cheap Electric Companies in Saginaw Can\u2019t Match Pronto Power[:es]La compa\u00f1\u00eda el\u00e9ctrica sin dep\u00f3sito m\u00e1s barata de Saginaw sin contrato[:] - Pronto Power","og_description":"[:en]Get the cheapest prepaid electric rates in Saginaw. Plus find out how to save 20% more. No deposit. No contract. No hidden fees. Join free today! 844.621.2852[:es]Obtenga las tarifas el\u00e9ctricas prepagas m\u00e1s econ\u00f3micas en Saginaw. Adem\u00e1s, descubra c\u00f3mo ahorrar un 20% m\u00e1s. No hay dep\u00f3sito. Sin contrato. Sin cuotas escondidas. \u00a1\u00danase gratis hoy! 844.621.2852[:]","og_url":"https:\/\/powermepronto.com\/even-cheap-electric-companies-in-saginaw-cant-match-pronto-power\/","og_site_name":"Pronto Power","article_modified_time":"2022-12-21T09:29:58+00:00","twitter_card":"summary_large_image","twitter_misc":{"Tiempo de lectura":"4 minutos"},"schema":{"@context":"https:\/\/schema.org","@graph":[{"@type":"WebPage","@id":"https:\/\/powermepronto.com\/even-cheap-electric-companies-in-saginaw-cant-match-pronto-power\/","url":"https:\/\/powermepronto.com\/even-cheap-electric-companies-in-saginaw-cant-match-pronto-power\/","name":"[:en]Even Cheap Electric Companies in Saginaw Can\u2019t Match Pronto Power[:es]La compa\u00f1\u00eda el\u00e9ctrica sin dep\u00f3sito m\u00e1s barata de Saginaw sin contrato[:] - Pronto Power","isPartOf":{"@id":"https:\/\/powermepronto.com\/en\/#website"},"datePublished":"2021-12-13T12:59:37+00:00","dateModified":"2022-12-21T09:29:58+00:00","description":"[:en]Get the cheapest prepaid electric rates in Saginaw. Plus find out how to save 20% more. No deposit. No contract. No hidden fees. Join free today! 844.621.2852[:es]Obtenga las tarifas el\u00e9ctricas prepagas m\u00e1s econ\u00f3micas en Saginaw. Adem\u00e1s, descubra c\u00f3mo ahorrar un 20% m\u00e1s. No hay dep\u00f3sito. Sin contrato. Sin cuotas escondidas. \u00a1\u00danase gratis hoy! 844.621.2852[:]","breadcrumb":{"@id":"https:\/\/powermepronto.com\/even-cheap-electric-companies-in-saginaw-cant-match-pronto-power\/#breadcrumb"},"inLanguage":"es","potentialAction":[{"@type":"ReadAction","target":["https:\/\/powermepronto.com\/even-cheap-electric-companies-in-saginaw-cant-match-pronto-power\/"]}]},{"@type":"BreadcrumbList","@id":"https:\/\/powermepronto.com\/even-cheap-electric-companies-in-saginaw-cant-match-pronto-power\/#breadcrumb","itemListElement":[{"@type":"ListItem","position":1,"name":"Home","item":"https:\/\/powermepronto.com\/en\/"},{"@type":"ListItem","position":2,"name":"Even Cheap Electric Companies in Saginaw Can\u2019t Match Pronto Power"}]},{"@type":"WebSite","@id":"https:\/\/powermepronto.com\/en\/#website","url":"https:\/\/powermepronto.com\/en\/","name":"Pronto Power","description":"","potentialAction":[{"@type":"SearchAction","target":{"@type":"EntryPoint","urlTemplate":"https:\/\/powermepronto.com\/en\/?s={search_term_string}"},"query-input":{"@type":"PropertyValueSpecification","valueRequired":true,"valueName":"search_term_string"}}],"inLanguage":"es"}]}},"_links":{"self":[{"href":"https:\/\/powermepronto.com\/es\/wp-json\/wp\/v2\/pages\/2897","targetHints":{"allow":["GET"]}}],"collection":[{"href":"https:\/\/powermepronto.com\/es\/wp-json\/wp\/v2\/pages"}],"about":[{"href":"https:\/\/powermepronto.com\/es\/wp-json\/wp\/v2\/types\/page"}],"author":[{"embeddable":true,"href":"https:\/\/powermepronto.com\/es\/wp-json\/wp\/v2\/users\/1"}],"replies":[{"embeddable":true,"href":"https:\/\/powermepronto.com\/es\/wp-json\/wp\/v2\/comments?post=2897"}],"version-history":[{"count":3,"href":"https:\/\/powermepronto.com\/es\/wp-json\/wp\/v2\/pages\/2897\/revisions"}],"predecessor-version":[{"id":3458,"href":"https:\/\/powermepronto.com\/es\/wp-json\/wp\/v2\/pages\/2897\/revisions\/3458"}],"wp:attachment":[{"href":"https:\/\/powermepronto.com\/es\/wp-json\/wp\/v2\/media?parent=2897"}],"curies":[{"name":"wp","href":"https:\/\/api.w.org\/{rel}","templated":true}]}}