{"id":2865,"date":"2021-11-24T10:54:42","date_gmt":"2021-11-24T16:54:42","guid":{"rendered":"https:\/\/powermepronto.com\/?page_id=2865"},"modified":"2022-12-21T03:31:53","modified_gmt":"2022-12-21T09:31:53","slug":"mcallens-cheapest-no-deposit-electricity-with-no-contract","status":"publish","type":"page","link":"https:\/\/powermepronto.com\/es\/mcallens-cheapest-no-deposit-electricity-with-no-contract\/","title":{"rendered":"La compa\u00f1\u00eda el\u00e9ctrica sin dep\u00f3sito m\u00e1s barata de McAllen sin contrato"},"content":{"rendered":"<p>\u00bfConfundido por todas las opciones que te ofrecen los REP de Texas?<\/p>\n<p>\u00bfSu REP actual le cobra tarifas ocultas?<\/p>\n<p>Bueno, no tienes que lidiar con nada de eso en Pronto Power.<\/p>\n<p>Eso es porque obtienes las tarifas el\u00e9ctricas prepagas m\u00e1s baratas de todo Texas &#8230; \u00a1sin cargos ocultos!<\/p>\n<p>Y para demostrarlo, no es necesario firmar un contrato.<\/p>\n<p>Eso significa que tenemos que cumplir esta promesa. Porque si no lo hacemos, puede cancelar en cualquier momento sin ning\u00fan riesgo y elegir otro REP.<\/p>\n<p>Pero no querr\u00e1 hacerlo porque realmente obtiene la electricidad prepago m\u00e1s barata en Texas, sin contrato ni tarifas ocultas.<\/p>\n<h2>\u00bfC\u00f3mo puede Pronto Power hacer una oferta tan excelente?<\/h2>\n<p>Bueno, operamos con extrema eficiencia en nuestras actividades comerciales diarias.<\/p>\n<p>Y nuestro objetivo es mantener a los clientes durante a\u00f1os, en lugar de agitar y quemar a los clientes (lo que cuesta m\u00e1s).<\/p>\n<p>Por lo tanto, \u00a1simplemente le pasamos los ahorros a usted!<\/p>\n<p>Suena demasiado bueno para ser verdad. \u00bfCu\u00e1l es el truco?<\/p>\n<p>\u00a1No hay ninguno!<\/p>\n<p>Luego, simplemente agregue fondos a su cuenta como mejor funcione para usted &#8230; mensualmente, semanalmente o incluso diariamente si lo desea.<\/p>\n<p>Siempre que tenga solo un centavo en su cuenta antes de la 1:00 p. M. Cada d\u00eda, la electricidad permanecer\u00e1 encendida.<\/p>\n<p>Y si alguna vez tiene problemas para pagar, por cualquier motivo, llame al servicio de atenci\u00f3n al cliente. Ellos estar\u00e1n m\u00e1s que felices de ayudarlo a crear un plan de pago que lo ayude a superar incluso las circunstancias financieras m\u00e1s dif\u00edciles.<\/p>\n<h2>Adem\u00e1s &#8230; Ahorre un 20% m\u00e1s frente a otras compa\u00f1\u00edas el\u00e9ctricas de Texas<\/h2>\n<p>Este est\u00e1 totalmente bajo tu control.<\/p>\n<p>Cuando se une a Pronto Power, obtiene acceso a una herramienta gratuita de monitoreo del uso de electricidad.<\/p>\n<p>Desenchufe un electrodom\u00e9stico y vea c\u00f3mo eso cambia la lectura.<\/p>\n<p>Luego, tome la informaci\u00f3n que aprenda a lo largo del tiempo y \u00fasela para guiar su comportamiento.<\/p>\n<p>Muchos de nuestros clientes usan esto para ahorrar un 20% de descuento en la electricidad prepaga m\u00e1s barata de Texas.<\/p>\n<p>\u00a1Y algunos fan\u00e1ticos del ahorro de energ\u00eda ahorran a\u00fan m\u00e1s!<\/p>\n<h2>\u00danase gratis en una hora<\/h2>\n<p>Con Pronto Power, hay:<\/p>\n<ul>\n<li>Sin verificaci\u00f3n de cr\u00e9dito<\/li>\n<li>Sin verificaci\u00f3n de identificaci\u00f3n<\/li>\n<li>Sin tarifas de conexi\u00f3n<\/li>\n<li>Sin tarifas de desconexi\u00f3n<\/li>\n<li>Sin dep\u00f3sito<\/li>\n<\/ul>\n<p>&#8230; Y como dijimos antes, no hay contrato ni tarifas ocultas.<\/p>\n<p>\u00a1Llame al <span class=\"affiliatecode\">844.621.2852<\/span> para obtenerlo todo en una hora si su hogar tiene un medidor inteligente!<\/p>","protected":false},"excerpt":{"rendered":"<p>\u00bfConfundido por todas las opciones que te ofrecen los REP de Texas? \u00bfSu REP actual le cobra tarifas ocultas? Bueno, no tienes que lidiar con nada de eso en Pronto Power. Eso es porque obtienes las tarifas el\u00e9ctricas prepagas m\u00e1s baratas de todo Texas &#8230; \u00a1sin cargos ocultos! Y para demostrarlo, no es necesario firmar &hellip; <a href=\"https:\/\/powermepronto.com\/es\/mcallens-cheapest-no-deposit-electricity-with-no-contract\/\" class=\"more-link\">Continue reading <span class=\"screen-reader-text\">La compa\u00f1\u00eda el\u00e9ctrica sin dep\u00f3sito m\u00e1s barata de McAllen sin contrato<\/span><\/a><\/p>\n","protected":false},"author":1,"featured_media":0,"parent":0,"menu_order":0,"comment_status":"closed","ping_status":"closed","template":"","meta":{"_acf_changed":false,"_glsr_average":0,"_glsr_ranking":0,"_glsr_reviews":0,"footnotes":"","_links_to":"","_links_to_target":""},"class_list":["post-2865","page","type-page","status-publish","hentry"],"acf":[],"yoast_head":"<!-- This site is optimized with the Yoast SEO plugin v27.4 - https:\/\/yoast.com\/product\/yoast-seo-wordpress\/ -->\n<title>La compa\u00f1\u00eda el\u00e9ctrica sin dep\u00f3sito m\u00e1s barata de McAllen sin contrato - Pronto Power<\/title>\n<meta name=\"description\" content=\"[:en]Get the cheapest prepaid electric rates in McAllen. Plus find out how to save 20% more. No deposit. No contract. No hidden fees. Join free today! 844.621.2852[:es]Obtenga las tarifas el\u00e9ctricas prepagas m\u00e1s econ\u00f3micas en McAllen. Adem\u00e1s, descubra c\u00f3mo ahorrar un 20% m\u00e1s. No hay dep\u00f3sito. Sin contrato. Sin cuotas escondidas. \u00a1\u00danase gratis hoy! 844.621.2852[:]\" \/>\n<meta name=\"robots\" content=\"index, follow, max-snippet:-1, max-image-preview:large, max-video-preview:-1\" \/>\n<link rel=\"canonical\" href=\"https:\/\/powermepronto.com\/mcallens-cheapest-no-deposit-electricity-with-no-contract\/\" \/>\n<meta property=\"og:locale\" content=\"es_ES\" \/>\n<meta property=\"og:type\" content=\"article\" \/>\n<meta property=\"og:title\" content=\"[:en]McAllen\u2019s Cheapest No-Deposit Electricity with No Contract[:es]La compa\u00f1\u00eda el\u00e9ctrica sin dep\u00f3sito m\u00e1s barata de McAllen sin contrato[:] - Pronto Power\" \/>\n<meta property=\"og:description\" content=\"[:en]Get the cheapest prepaid electric rates in McAllen. Plus find out how to save 20% more. No deposit. No contract. No hidden fees. Join free today! 844.621.2852[:es]Obtenga las tarifas el\u00e9ctricas prepagas m\u00e1s econ\u00f3micas en McAllen. Adem\u00e1s, descubra c\u00f3mo ahorrar un 20% m\u00e1s. No hay dep\u00f3sito. Sin contrato. Sin cuotas escondidas. \u00a1\u00danase gratis hoy! 844.621.2852[:]\" \/>\n<meta property=\"og:url\" content=\"https:\/\/powermepronto.com\/mcallens-cheapest-no-deposit-electricity-with-no-contract\/\" \/>\n<meta property=\"og:site_name\" content=\"Pronto Power\" \/>\n<meta property=\"article:modified_time\" content=\"2022-12-21T09:31:53+00:00\" \/>\n<meta name=\"twitter:card\" content=\"summary_large_image\" \/>\n<meta name=\"twitter:label1\" content=\"Tiempo de lectura\" \/>\n\t<meta name=\"twitter:data1\" content=\"4 minutos\" \/>\n<script type=\"application\/ld+json\" class=\"yoast-schema-graph\">{\"@context\":\"https:\\\/\\\/schema.org\",\"@graph\":[{\"@type\":\"WebPage\",\"@id\":\"https:\\\/\\\/powermepronto.com\\\/mcallens-cheapest-no-deposit-electricity-with-no-contract\\\/\",\"url\":\"https:\\\/\\\/powermepronto.com\\\/mcallens-cheapest-no-deposit-electricity-with-no-contract\\\/\",\"name\":\"[:en]McAllen\u2019s Cheapest No-Deposit Electricity with No Contract[:es]La compa\u00f1\u00eda el\u00e9ctrica sin dep\u00f3sito m\u00e1s barata de McAllen sin contrato[:] - Pronto Power\",\"isPartOf\":{\"@id\":\"https:\\\/\\\/powermepronto.com\\\/en\\\/#website\"},\"datePublished\":\"2021-11-24T16:54:42+00:00\",\"dateModified\":\"2022-12-21T09:31:53+00:00\",\"description\":\"[:en]Get the cheapest prepaid electric rates in McAllen. Plus find out how to save 20% more. No deposit. No contract. No hidden fees. Join free today! 844.621.2852[:es]Obtenga las tarifas el\u00e9ctricas prepagas m\u00e1s econ\u00f3micas en McAllen. Adem\u00e1s, descubra c\u00f3mo ahorrar un 20% m\u00e1s. No hay dep\u00f3sito. Sin contrato. Sin cuotas escondidas. \u00a1\u00danase gratis hoy! 844.621.2852[:]\",\"breadcrumb\":{\"@id\":\"https:\\\/\\\/powermepronto.com\\\/mcallens-cheapest-no-deposit-electricity-with-no-contract\\\/#breadcrumb\"},\"inLanguage\":\"es\",\"potentialAction\":[{\"@type\":\"ReadAction\",\"target\":[\"https:\\\/\\\/powermepronto.com\\\/mcallens-cheapest-no-deposit-electricity-with-no-contract\\\/\"]}]},{\"@type\":\"BreadcrumbList\",\"@id\":\"https:\\\/\\\/powermepronto.com\\\/mcallens-cheapest-no-deposit-electricity-with-no-contract\\\/#breadcrumb\",\"itemListElement\":[{\"@type\":\"ListItem\",\"position\":1,\"name\":\"Home\",\"item\":\"https:\\\/\\\/powermepronto.com\\\/en\\\/\"},{\"@type\":\"ListItem\",\"position\":2,\"name\":\"McAllen\u2019s Cheapest No-Deposit Electricity with No Contract\"}]},{\"@type\":\"WebSite\",\"@id\":\"https:\\\/\\\/powermepronto.com\\\/en\\\/#website\",\"url\":\"https:\\\/\\\/powermepronto.com\\\/en\\\/\",\"name\":\"Pronto Power\",\"description\":\"\",\"potentialAction\":[{\"@type\":\"SearchAction\",\"target\":{\"@type\":\"EntryPoint\",\"urlTemplate\":\"https:\\\/\\\/powermepronto.com\\\/en\\\/?s={search_term_string}\"},\"query-input\":{\"@type\":\"PropertyValueSpecification\",\"valueRequired\":true,\"valueName\":\"search_term_string\"}}],\"inLanguage\":\"es\"}]}<\/script>\n<!-- \/ Yoast SEO plugin. -->","yoast_head_json":{"title":"[:en]McAllen\u2019s Cheapest No-Deposit Electricity with No Contract[:es]La compa\u00f1\u00eda el\u00e9ctrica sin dep\u00f3sito m\u00e1s barata de McAllen sin contrato[:] - Pronto Power","description":"[:en]Get the cheapest prepaid electric rates in McAllen. Plus find out how to save 20% more. No deposit. No contract. No hidden fees. Join free today! 844.621.2852[:es]Obtenga las tarifas el\u00e9ctricas prepagas m\u00e1s econ\u00f3micas en McAllen. Adem\u00e1s, descubra c\u00f3mo ahorrar un 20% m\u00e1s. No hay dep\u00f3sito. Sin contrato. Sin cuotas escondidas. \u00a1\u00danase gratis hoy! 844.621.2852[:]","robots":{"index":"index","follow":"follow","max-snippet":"max-snippet:-1","max-image-preview":"max-image-preview:large","max-video-preview":"max-video-preview:-1"},"canonical":"https:\/\/powermepronto.com\/mcallens-cheapest-no-deposit-electricity-with-no-contract\/","og_locale":"es_ES","og_type":"article","og_title":"[:en]McAllen\u2019s Cheapest No-Deposit Electricity with No Contract[:es]La compa\u00f1\u00eda el\u00e9ctrica sin dep\u00f3sito m\u00e1s barata de McAllen sin contrato[:] - Pronto Power","og_description":"[:en]Get the cheapest prepaid electric rates in McAllen. Plus find out how to save 20% more. No deposit. No contract. No hidden fees. Join free today! 844.621.2852[:es]Obtenga las tarifas el\u00e9ctricas prepagas m\u00e1s econ\u00f3micas en McAllen. Adem\u00e1s, descubra c\u00f3mo ahorrar un 20% m\u00e1s. No hay dep\u00f3sito. Sin contrato. Sin cuotas escondidas. \u00a1\u00danase gratis hoy! 844.621.2852[:]","og_url":"https:\/\/powermepronto.com\/mcallens-cheapest-no-deposit-electricity-with-no-contract\/","og_site_name":"Pronto Power","article_modified_time":"2022-12-21T09:31:53+00:00","twitter_card":"summary_large_image","twitter_misc":{"Tiempo de lectura":"4 minutos"},"schema":{"@context":"https:\/\/schema.org","@graph":[{"@type":"WebPage","@id":"https:\/\/powermepronto.com\/mcallens-cheapest-no-deposit-electricity-with-no-contract\/","url":"https:\/\/powermepronto.com\/mcallens-cheapest-no-deposit-electricity-with-no-contract\/","name":"[:en]McAllen\u2019s Cheapest No-Deposit Electricity with No Contract[:es]La compa\u00f1\u00eda el\u00e9ctrica sin dep\u00f3sito m\u00e1s barata de McAllen sin contrato[:] - Pronto Power","isPartOf":{"@id":"https:\/\/powermepronto.com\/en\/#website"},"datePublished":"2021-11-24T16:54:42+00:00","dateModified":"2022-12-21T09:31:53+00:00","description":"[:en]Get the cheapest prepaid electric rates in McAllen. Plus find out how to save 20% more. No deposit. No contract. No hidden fees. Join free today! 844.621.2852[:es]Obtenga las tarifas el\u00e9ctricas prepagas m\u00e1s econ\u00f3micas en McAllen. Adem\u00e1s, descubra c\u00f3mo ahorrar un 20% m\u00e1s. No hay dep\u00f3sito. Sin contrato. Sin cuotas escondidas. \u00a1\u00danase gratis hoy! 844.621.2852[:]","breadcrumb":{"@id":"https:\/\/powermepronto.com\/mcallens-cheapest-no-deposit-electricity-with-no-contract\/#breadcrumb"},"inLanguage":"es","potentialAction":[{"@type":"ReadAction","target":["https:\/\/powermepronto.com\/mcallens-cheapest-no-deposit-electricity-with-no-contract\/"]}]},{"@type":"BreadcrumbList","@id":"https:\/\/powermepronto.com\/mcallens-cheapest-no-deposit-electricity-with-no-contract\/#breadcrumb","itemListElement":[{"@type":"ListItem","position":1,"name":"Home","item":"https:\/\/powermepronto.com\/en\/"},{"@type":"ListItem","position":2,"name":"McAllen\u2019s Cheapest No-Deposit Electricity with No Contract"}]},{"@type":"WebSite","@id":"https:\/\/powermepronto.com\/en\/#website","url":"https:\/\/powermepronto.com\/en\/","name":"Pronto Power","description":"","potentialAction":[{"@type":"SearchAction","target":{"@type":"EntryPoint","urlTemplate":"https:\/\/powermepronto.com\/en\/?s={search_term_string}"},"query-input":{"@type":"PropertyValueSpecification","valueRequired":true,"valueName":"search_term_string"}}],"inLanguage":"es"}]}},"_links":{"self":[{"href":"https:\/\/powermepronto.com\/es\/wp-json\/wp\/v2\/pages\/2865","targetHints":{"allow":["GET"]}}],"collection":[{"href":"https:\/\/powermepronto.com\/es\/wp-json\/wp\/v2\/pages"}],"about":[{"href":"https:\/\/powermepronto.com\/es\/wp-json\/wp\/v2\/types\/page"}],"author":[{"embeddable":true,"href":"https:\/\/powermepronto.com\/es\/wp-json\/wp\/v2\/users\/1"}],"replies":[{"embeddable":true,"href":"https:\/\/powermepronto.com\/es\/wp-json\/wp\/v2\/comments?post=2865"}],"version-history":[{"count":3,"href":"https:\/\/powermepronto.com\/es\/wp-json\/wp\/v2\/pages\/2865\/revisions"}],"predecessor-version":[{"id":3460,"href":"https:\/\/powermepronto.com\/es\/wp-json\/wp\/v2\/pages\/2865\/revisions\/3460"}],"wp:attachment":[{"href":"https:\/\/powermepronto.com\/es\/wp-json\/wp\/v2\/media?parent=2865"}],"curies":[{"name":"wp","href":"https:\/\/api.w.org\/{rel}","templated":true}]}}