{"id":2863,"date":"2021-11-24T10:51:47","date_gmt":"2021-11-24T16:51:47","guid":{"rendered":"https:\/\/powermepronto.com\/?page_id=2863"},"modified":"2022-12-21T03:32:53","modified_gmt":"2022-12-21T09:32:53","slug":"even-cheap-electric-companies-in-mckinney-cant-match-pronto-power","status":"publish","type":"page","link":"https:\/\/powermepronto.com\/es\/even-cheap-electric-companies-in-mckinney-cant-match-pronto-power\/","title":{"rendered":"La compa\u00f1\u00eda el\u00e9ctrica sin dep\u00f3sito m\u00e1s barata de McKinney sin contrato"},"content":{"rendered":"<p>\u00bfCrees que tienes mucho con tu REP?<\/p>\n<p>&#8230; Bueno, entonces prueba esta oferta por tama\u00f1o:<\/p>\n<ul>\n<li>Obtenga la electricidad prepaga m\u00e1s barata de todo Texas<\/li>\n<li>Sin tarifas ocultas<\/li>\n<li>Sin contrato<\/li>\n<li>Sin dep\u00f3sito<\/li>\n<li>Sin tarifas de conexi\u00f3n<\/li>\n<li>Sin tarifas de desconexi\u00f3n<\/li>\n<li>Sin verificaci\u00f3n de cr\u00e9dito<\/li>\n<li>Sin verificaci\u00f3n de identificaci\u00f3n<\/li>\n<\/ul>\n<p>No hay trampa.<\/p>\n<p>Y s\u00ed, es completamente libre de riesgos y puede cancelar en cualquier momento porque no firma un contrato ni paga ninguna tarifa de conexi\u00f3n o desconexi\u00f3n.<\/p>\n<h2>Suena demasiado bueno para ser verdad &#8230; \u00bfC\u00f3mo puede Pronto Power ofrecer este trato?<\/h2>\n<p>Bueno, operamos con una eficiencia incre\u00edble en nuestras actividades comerciales diarias.<\/p>\n<p>Y tambi\u00e9n nuestro objetivo es mantenerlo como cliente durante a\u00f1os. Muchos REP prefieren abandonar y quemar clientes, pero eso en realidad cuesta mucho m\u00e1s.<\/p>\n<p>\u00a1Entonces obtendr\u00e1 los ahorros que resultan de esas decisiones comerciales estrat\u00e9gicas!<\/p>\n<h2>Bueno. Pero tiene que haber una trampa. \u00bfQue tengo que hacer?<\/h2>\n<p>No mucho.<\/p>\n<p>Ser cliente de Pronto Power es simple y f\u00e1cil.<\/p>\n<p>Luego, simplemente agregue m\u00e1s fondos como mejor funcione para usted (mensual, semanal o incluso diariamente si lo desea)<\/p>\n<p>Siempre que mantenga un solo centavo en su cuenta prepaga antes de la 1 PM cada d\u00eda, \u00a1su electricidad permanece encendida!<\/p>\n<p>Y si alguna vez tiene problemas para pagar por cualquier motivo, llame al servicio de atenci\u00f3n al cliente. \u00a1Ellos estar\u00e1n felices de ayudarlo a superar incluso las circunstancias financieras m\u00e1s dif\u00edciles!<\/p>\n<h2>Adem\u00e1s, ahorre un 20% de descuento en la energ\u00eda sin dep\u00f3sito m\u00e1s barata de Texas<\/h2>\n<p>\u00c9ste est\u00e1 totalmente bajo tu control.<\/p>\n<p>Cuando se une a Pronto Power, obtiene acceso al software de monitoreo de electricidad en l\u00ednea.<\/p>\n<p>Se conecta a su medidor inteligente y muestra exactamente c\u00f3mo usa la electricidad en tiempo real.<\/p>\n<p>Tome una decisi\u00f3n diferente y luego observe c\u00f3mo cae su uso.<\/p>\n<p>Muchos de nuestros clientes aprenden a ahorrar un 20% &#8230; \u00a1y algunos fan\u00e1ticos del ahorro de energ\u00eda ahorran a\u00fan m\u00e1s!<\/p>\n<h2>\u00danase a Pronto Power Free dentro de una hora si su hogar tiene un medidor inteligente<\/h2>\n<p>No se puede conseguir un mejor trato con otras compa\u00f1\u00edas el\u00e9ctricas.<\/p>\n<p>Las tarifas prepagas m\u00e1s econ\u00f3micas &#8230; sin dep\u00f3sito &#8230; sin cargos ocultos &#8230; sin contrato &#8230; y la oportunidad de ahorrar un 20% m\u00e1s &#8230;<\/p>\n<p>\u00a1Cons\u00edgalo todo en una hora cuando se una a Pronto Power llamando al <span class=\"affiliatecode\">844.621.2852<\/span>!<\/p>","protected":false},"excerpt":{"rendered":"<p>\u00bfCrees que tienes mucho con tu REP? &#8230; Bueno, entonces prueba esta oferta por tama\u00f1o: Obtenga la electricidad prepaga m\u00e1s barata de todo Texas Sin tarifas ocultas Sin contrato Sin dep\u00f3sito Sin tarifas de conexi\u00f3n Sin tarifas de desconexi\u00f3n Sin verificaci\u00f3n de cr\u00e9dito Sin verificaci\u00f3n de identificaci\u00f3n No hay trampa. Y s\u00ed, es completamente libre &hellip; <a href=\"https:\/\/powermepronto.com\/es\/even-cheap-electric-companies-in-mckinney-cant-match-pronto-power\/\" class=\"more-link\">Continue reading <span class=\"screen-reader-text\">La compa\u00f1\u00eda el\u00e9ctrica sin dep\u00f3sito m\u00e1s barata de McKinney sin contrato<\/span><\/a><\/p>\n","protected":false},"author":1,"featured_media":0,"parent":0,"menu_order":0,"comment_status":"closed","ping_status":"closed","template":"","meta":{"_acf_changed":false,"_glsr_average":0,"_glsr_ranking":0,"_glsr_reviews":0,"footnotes":"","_links_to":"","_links_to_target":""},"class_list":["post-2863","page","type-page","status-publish","hentry"],"acf":[],"yoast_head":"<!-- This site is optimized with the Yoast SEO plugin v27.4 - https:\/\/yoast.com\/product\/yoast-seo-wordpress\/ -->\n<title>La compa\u00f1\u00eda el\u00e9ctrica sin dep\u00f3sito m\u00e1s barata de McKinney sin contrato - Pronto Power<\/title>\n<meta name=\"description\" content=\"[:en]Get the cheapest prepaid electric rates in McKinney. Plus find out how to save 20% more. No deposit. No contract. No hidden fees. Join free today! 844.621.2852[:es]Obtenga las tarifas el\u00e9ctricas prepagas m\u00e1s econ\u00f3micas en McKinney. Adem\u00e1s, descubra c\u00f3mo ahorrar un 20% m\u00e1s. No hay dep\u00f3sito. Sin contrato. Sin cuotas escondidas. \u00a1\u00danase gratis hoy! 844.621.2852[:]\" \/>\n<meta name=\"robots\" content=\"index, follow, max-snippet:-1, max-image-preview:large, max-video-preview:-1\" \/>\n<link rel=\"canonical\" href=\"https:\/\/powermepronto.com\/even-cheap-electric-companies-in-mckinney-cant-match-pronto-power\/\" \/>\n<meta property=\"og:locale\" content=\"es_ES\" \/>\n<meta property=\"og:type\" content=\"article\" \/>\n<meta property=\"og:title\" content=\"[:en]Even Cheap Electric Companies in McKinney Can\u2019t Match Pronto Power[:es]La compa\u00f1\u00eda el\u00e9ctrica sin dep\u00f3sito m\u00e1s barata de McKinney sin contrato[:] - Pronto Power\" \/>\n<meta property=\"og:description\" content=\"[:en]Get the cheapest prepaid electric rates in McKinney. Plus find out how to save 20% more. No deposit. No contract. No hidden fees. Join free today! 844.621.2852[:es]Obtenga las tarifas el\u00e9ctricas prepagas m\u00e1s econ\u00f3micas en McKinney. Adem\u00e1s, descubra c\u00f3mo ahorrar un 20% m\u00e1s. No hay dep\u00f3sito. Sin contrato. Sin cuotas escondidas. \u00a1\u00danase gratis hoy! 844.621.2852[:]\" \/>\n<meta property=\"og:url\" content=\"https:\/\/powermepronto.com\/even-cheap-electric-companies-in-mckinney-cant-match-pronto-power\/\" \/>\n<meta property=\"og:site_name\" content=\"Pronto Power\" \/>\n<meta property=\"article:modified_time\" content=\"2022-12-21T09:32:53+00:00\" \/>\n<meta name=\"twitter:card\" content=\"summary_large_image\" \/>\n<meta name=\"twitter:label1\" content=\"Tiempo de lectura\" \/>\n\t<meta name=\"twitter:data1\" content=\"4 minutos\" \/>\n<script type=\"application\/ld+json\" class=\"yoast-schema-graph\">{\"@context\":\"https:\\\/\\\/schema.org\",\"@graph\":[{\"@type\":\"WebPage\",\"@id\":\"https:\\\/\\\/powermepronto.com\\\/even-cheap-electric-companies-in-mckinney-cant-match-pronto-power\\\/\",\"url\":\"https:\\\/\\\/powermepronto.com\\\/even-cheap-electric-companies-in-mckinney-cant-match-pronto-power\\\/\",\"name\":\"[:en]Even Cheap Electric Companies in McKinney Can\u2019t Match Pronto Power[:es]La compa\u00f1\u00eda el\u00e9ctrica sin dep\u00f3sito m\u00e1s barata de McKinney sin contrato[:] - Pronto Power\",\"isPartOf\":{\"@id\":\"https:\\\/\\\/powermepronto.com\\\/en\\\/#website\"},\"datePublished\":\"2021-11-24T16:51:47+00:00\",\"dateModified\":\"2022-12-21T09:32:53+00:00\",\"description\":\"[:en]Get the cheapest prepaid electric rates in McKinney. Plus find out how to save 20% more. No deposit. No contract. No hidden fees. Join free today! 844.621.2852[:es]Obtenga las tarifas el\u00e9ctricas prepagas m\u00e1s econ\u00f3micas en McKinney. Adem\u00e1s, descubra c\u00f3mo ahorrar un 20% m\u00e1s. No hay dep\u00f3sito. Sin contrato. Sin cuotas escondidas. \u00a1\u00danase gratis hoy! 844.621.2852[:]\",\"breadcrumb\":{\"@id\":\"https:\\\/\\\/powermepronto.com\\\/even-cheap-electric-companies-in-mckinney-cant-match-pronto-power\\\/#breadcrumb\"},\"inLanguage\":\"es\",\"potentialAction\":[{\"@type\":\"ReadAction\",\"target\":[\"https:\\\/\\\/powermepronto.com\\\/even-cheap-electric-companies-in-mckinney-cant-match-pronto-power\\\/\"]}]},{\"@type\":\"BreadcrumbList\",\"@id\":\"https:\\\/\\\/powermepronto.com\\\/even-cheap-electric-companies-in-mckinney-cant-match-pronto-power\\\/#breadcrumb\",\"itemListElement\":[{\"@type\":\"ListItem\",\"position\":1,\"name\":\"Home\",\"item\":\"https:\\\/\\\/powermepronto.com\\\/en\\\/\"},{\"@type\":\"ListItem\",\"position\":2,\"name\":\"Even Cheap Electric Companies in McKinney Can\u2019t Match Pronto Power\"}]},{\"@type\":\"WebSite\",\"@id\":\"https:\\\/\\\/powermepronto.com\\\/en\\\/#website\",\"url\":\"https:\\\/\\\/powermepronto.com\\\/en\\\/\",\"name\":\"Pronto Power\",\"description\":\"\",\"potentialAction\":[{\"@type\":\"SearchAction\",\"target\":{\"@type\":\"EntryPoint\",\"urlTemplate\":\"https:\\\/\\\/powermepronto.com\\\/en\\\/?s={search_term_string}\"},\"query-input\":{\"@type\":\"PropertyValueSpecification\",\"valueRequired\":true,\"valueName\":\"search_term_string\"}}],\"inLanguage\":\"es\"}]}<\/script>\n<!-- \/ Yoast SEO plugin. -->","yoast_head_json":{"title":"[:en]Even Cheap Electric Companies in McKinney Can\u2019t Match Pronto Power[:es]La compa\u00f1\u00eda el\u00e9ctrica sin dep\u00f3sito m\u00e1s barata de McKinney sin contrato[:] - Pronto Power","description":"[:en]Get the cheapest prepaid electric rates in McKinney. Plus find out how to save 20% more. No deposit. No contract. No hidden fees. Join free today! 844.621.2852[:es]Obtenga las tarifas el\u00e9ctricas prepagas m\u00e1s econ\u00f3micas en McKinney. Adem\u00e1s, descubra c\u00f3mo ahorrar un 20% m\u00e1s. No hay dep\u00f3sito. Sin contrato. Sin cuotas escondidas. \u00a1\u00danase gratis hoy! 844.621.2852[:]","robots":{"index":"index","follow":"follow","max-snippet":"max-snippet:-1","max-image-preview":"max-image-preview:large","max-video-preview":"max-video-preview:-1"},"canonical":"https:\/\/powermepronto.com\/even-cheap-electric-companies-in-mckinney-cant-match-pronto-power\/","og_locale":"es_ES","og_type":"article","og_title":"[:en]Even Cheap Electric Companies in McKinney Can\u2019t Match Pronto Power[:es]La compa\u00f1\u00eda el\u00e9ctrica sin dep\u00f3sito m\u00e1s barata de McKinney sin contrato[:] - Pronto Power","og_description":"[:en]Get the cheapest prepaid electric rates in McKinney. Plus find out how to save 20% more. No deposit. No contract. No hidden fees. Join free today! 844.621.2852[:es]Obtenga las tarifas el\u00e9ctricas prepagas m\u00e1s econ\u00f3micas en McKinney. Adem\u00e1s, descubra c\u00f3mo ahorrar un 20% m\u00e1s. No hay dep\u00f3sito. Sin contrato. Sin cuotas escondidas. \u00a1\u00danase gratis hoy! 844.621.2852[:]","og_url":"https:\/\/powermepronto.com\/even-cheap-electric-companies-in-mckinney-cant-match-pronto-power\/","og_site_name":"Pronto Power","article_modified_time":"2022-12-21T09:32:53+00:00","twitter_card":"summary_large_image","twitter_misc":{"Tiempo de lectura":"4 minutos"},"schema":{"@context":"https:\/\/schema.org","@graph":[{"@type":"WebPage","@id":"https:\/\/powermepronto.com\/even-cheap-electric-companies-in-mckinney-cant-match-pronto-power\/","url":"https:\/\/powermepronto.com\/even-cheap-electric-companies-in-mckinney-cant-match-pronto-power\/","name":"[:en]Even Cheap Electric Companies in McKinney Can\u2019t Match Pronto Power[:es]La compa\u00f1\u00eda el\u00e9ctrica sin dep\u00f3sito m\u00e1s barata de McKinney sin contrato[:] - Pronto Power","isPartOf":{"@id":"https:\/\/powermepronto.com\/en\/#website"},"datePublished":"2021-11-24T16:51:47+00:00","dateModified":"2022-12-21T09:32:53+00:00","description":"[:en]Get the cheapest prepaid electric rates in McKinney. Plus find out how to save 20% more. No deposit. No contract. No hidden fees. Join free today! 844.621.2852[:es]Obtenga las tarifas el\u00e9ctricas prepagas m\u00e1s econ\u00f3micas en McKinney. Adem\u00e1s, descubra c\u00f3mo ahorrar un 20% m\u00e1s. No hay dep\u00f3sito. Sin contrato. Sin cuotas escondidas. \u00a1\u00danase gratis hoy! 844.621.2852[:]","breadcrumb":{"@id":"https:\/\/powermepronto.com\/even-cheap-electric-companies-in-mckinney-cant-match-pronto-power\/#breadcrumb"},"inLanguage":"es","potentialAction":[{"@type":"ReadAction","target":["https:\/\/powermepronto.com\/even-cheap-electric-companies-in-mckinney-cant-match-pronto-power\/"]}]},{"@type":"BreadcrumbList","@id":"https:\/\/powermepronto.com\/even-cheap-electric-companies-in-mckinney-cant-match-pronto-power\/#breadcrumb","itemListElement":[{"@type":"ListItem","position":1,"name":"Home","item":"https:\/\/powermepronto.com\/en\/"},{"@type":"ListItem","position":2,"name":"Even Cheap Electric Companies in McKinney Can\u2019t Match Pronto Power"}]},{"@type":"WebSite","@id":"https:\/\/powermepronto.com\/en\/#website","url":"https:\/\/powermepronto.com\/en\/","name":"Pronto Power","description":"","potentialAction":[{"@type":"SearchAction","target":{"@type":"EntryPoint","urlTemplate":"https:\/\/powermepronto.com\/en\/?s={search_term_string}"},"query-input":{"@type":"PropertyValueSpecification","valueRequired":true,"valueName":"search_term_string"}}],"inLanguage":"es"}]}},"_links":{"self":[{"href":"https:\/\/powermepronto.com\/es\/wp-json\/wp\/v2\/pages\/2863","targetHints":{"allow":["GET"]}}],"collection":[{"href":"https:\/\/powermepronto.com\/es\/wp-json\/wp\/v2\/pages"}],"about":[{"href":"https:\/\/powermepronto.com\/es\/wp-json\/wp\/v2\/types\/page"}],"author":[{"embeddable":true,"href":"https:\/\/powermepronto.com\/es\/wp-json\/wp\/v2\/users\/1"}],"replies":[{"embeddable":true,"href":"https:\/\/powermepronto.com\/es\/wp-json\/wp\/v2\/comments?post=2863"}],"version-history":[{"count":4,"href":"https:\/\/powermepronto.com\/es\/wp-json\/wp\/v2\/pages\/2863\/revisions"}],"predecessor-version":[{"id":3461,"href":"https:\/\/powermepronto.com\/es\/wp-json\/wp\/v2\/pages\/2863\/revisions\/3461"}],"wp:attachment":[{"href":"https:\/\/powermepronto.com\/es\/wp-json\/wp\/v2\/media?parent=2863"}],"curies":[{"name":"wp","href":"https:\/\/api.w.org\/{rel}","templated":true}]}}