{"id":2830,"date":"2021-11-01T14:09:01","date_gmt":"2021-11-01T19:09:01","guid":{"rendered":"https:\/\/powermepronto.com\/?page_id=2830"},"modified":"2022-12-21T03:34:32","modified_gmt":"2022-12-21T09:34:32","slug":"cheaper-than-all-other-electric-companies-in-irving-with-no-contract","status":"publish","type":"page","link":"https:\/\/powermepronto.com\/es\/cheaper-than-all-other-electric-companies-in-irving-with-no-contract\/","title":{"rendered":"\u00a1M\u00e1s barato que todas las dem\u00e1s empresas el\u00e9ctricas en Irving sin contrato!"},"content":{"rendered":"<p>\u00bfRealmente paga la tarifa de kWh anunciada?<\/p>\n<p>Porque muchas compa\u00f1\u00edas el\u00e9ctricas de Texas le dicen que tienen las tarifas m\u00e1s bajas.<\/p>\n<p>Pero luego cargan su contrato con tarifas de conexi\u00f3n, tarifas de desconexi\u00f3n, un dep\u00f3sito por adelantado, tarifas por pago atrasado, tarifas solo por pagar y tarifas escandalosas por romper los umbrales de uso de electricidad intencionalmente bajos.<\/p>\n<p>Por lo tanto, termina pagando mucho m\u00e1s que la tarifa de kWh anunciada.<\/p>\n<p>Pero nada de eso sucede en Pronto Power. Y eso se debe a que no firma un contrato ni paga tarifas ocultas.<\/p>\n<p>Dado que no firma un contrato, eso significa que tenemos que cumplir nuestra promesa. De lo contrario, puede irse sin problemas.<\/p>\n<p>Con Pronto Power, hay:<\/p>\n<ul>\n<li>Sin verificaci\u00f3n de cr\u00e9dito<\/li>\n<li>Sin verificaci\u00f3n de identificaci\u00f3n<\/li>\n<li>Sin tarifas ocultas<\/li>\n<li>Sin dep\u00f3sito<\/li>\n<li>Sin tarifas de conexi\u00f3n<\/li>\n<li>Sin tarifas de desconexi\u00f3n<\/li>\n<li>Sin contrato<\/li>\n<\/ul>\n<p>&#8230; Y entienda esto, \u00a1el servicio al cliente realmente est\u00e1 ansioso por ayudarlo a crear un plan de pago que lo ayude a superar las circunstancias financieras m\u00e1s dif\u00edciles!<\/p>\n<h2>\u00a1Suena demasiado bueno para ser verdad! \u00bfC\u00f3mo puede Pronto Power ofrecer una oferta tan incre\u00edble?<\/h2>\n<p>Sencillo. Somos incre\u00edblemente eficientes en nuestras propias operaciones. Eso mantiene sus costos m\u00e1s bajos que los de cualquier otra compa\u00f1\u00eda el\u00e9ctrica de prepago en Irving.<\/p>\n<p>Y tambi\u00e9n significa que no necesitamos depender de trucos y trampas para cobrarle m\u00e1s tarifas.<\/p>\n<h2>\u00bfC\u00f3mo funciona Pronto Power?<\/h2>\n<p>No podr\u00eda ser m\u00e1s f\u00e1cil ni m\u00e1s conveniente.<\/p>\n<p>Luego, simplemente agregue fondos como mejor funcione para usted: mensual, semanal o incluso diariamente si lo necesita.<\/p>\n<p>Siempre que tenga un solo centavo en su cuenta antes de la 1:00 p. M. Cada d\u00eda, la electricidad permanecer\u00e1 encendida.<\/p>\n<p>Y si tiene alg\u00fan problema para pagar, simplemente h\u00e1ganoslo saber. Nos complace ayudarlo a superar incluso las peores cat\u00e1strofes financieras.<\/p>\n<h2>Adem\u00e1s, ahorre un 20% m\u00e1s en la electricidad prepaga m\u00e1s barata de Irving<\/h2>\n<p>Esta parte est\u00e1 totalmente bajo tu control. Cuando se une a Pronto Power, obtiene acceso a una herramienta gratuita de monitoreo de electricidad.<\/p>\n<p>Simplemente inicie sesi\u00f3n para averiguar c\u00f3mo est\u00e1 usando la electricidad en este momento.<\/p>\n<p>Luego, use lo que aprenda sobre su comportamiento para realizar peque\u00f1os cambios en su consumo de electricidad a lo largo del tiempo.<\/p>\n<p>Muchos de nuestros clientes usan esto para ahorrar un 20% &#8230; \u00a1y algunos fan\u00e1ticos ahorran a\u00fan m\u00e1s!<\/p>\n<h2>\u00danase a Pronto Power Free dentro de una hora si tiene un medidor inteligente<\/h2>\n<p>La electricidad m\u00e1s barata en Irving, sin dep\u00f3sito, sin cargos ocultos y sin contrato, puede ser tuya en una hora si tu casa tiene un medidor inteligente.<\/p>\n<p>\u00a1Todo lo que tiene que hacer es llamar al <span class=\"affiliatecode\">844.621.2852<\/span>!<\/p>","protected":false},"excerpt":{"rendered":"<p>\u00bfRealmente paga la tarifa de kWh anunciada? Porque muchas compa\u00f1\u00edas el\u00e9ctricas de Texas le dicen que tienen las tarifas m\u00e1s bajas. Pero luego cargan su contrato con tarifas de conexi\u00f3n, tarifas de desconexi\u00f3n, un dep\u00f3sito por adelantado, tarifas por pago atrasado, tarifas solo por pagar y tarifas escandalosas por romper los umbrales de uso de &hellip; <a href=\"https:\/\/powermepronto.com\/es\/cheaper-than-all-other-electric-companies-in-irving-with-no-contract\/\" class=\"more-link\">Continue reading <span class=\"screen-reader-text\">\u00a1M\u00e1s barato que todas las dem\u00e1s empresas el\u00e9ctricas en Irving sin contrato!<\/span><\/a><\/p>\n","protected":false},"author":1,"featured_media":0,"parent":0,"menu_order":0,"comment_status":"closed","ping_status":"closed","template":"","meta":{"_acf_changed":false,"_glsr_average":0,"_glsr_ranking":0,"_glsr_reviews":0,"footnotes":"","_links_to":"","_links_to_target":""},"class_list":["post-2830","page","type-page","status-publish","hentry"],"acf":[],"yoast_head":"<!-- This site is optimized with the Yoast SEO plugin v27.4 - https:\/\/yoast.com\/product\/yoast-seo-wordpress\/ -->\n<title>\u00a1M\u00e1s barato que todas las dem\u00e1s empresas el\u00e9ctricas en Irving sin contrato! - Pronto Power<\/title>\n<meta name=\"description\" content=\"[:en]Get the cheapest prepaid electric rates in Irving. Plus find out how to save 20% more. No deposit. No contract. No hidden fees. Join free today! 844.621.2852[:es]Obtenga las tarifas el\u00e9ctricas prepagas m\u00e1s baratas en Irving. Adem\u00e1s, descubra c\u00f3mo ahorrar un 20% m\u00e1s. No hay dep\u00f3sito. Sin contrato. Sin cuotas escondidas. \u00a1\u00danase gratis hoy! 844.621.2852[:]\" \/>\n<meta name=\"robots\" content=\"index, follow, max-snippet:-1, max-image-preview:large, max-video-preview:-1\" \/>\n<link rel=\"canonical\" href=\"https:\/\/powermepronto.com\/cheaper-than-all-other-electric-companies-in-irving-with-no-contract\/\" \/>\n<meta property=\"og:locale\" content=\"es_ES\" \/>\n<meta property=\"og:type\" content=\"article\" \/>\n<meta property=\"og:title\" content=\"[:en]Cheaper Than All Other Electric Companies in Irving with No Contract![:es]\u00a1M\u00e1s barato que todas las dem\u00e1s empresas el\u00e9ctricas en Irving sin contrato![:] - Pronto Power\" \/>\n<meta property=\"og:description\" content=\"[:en]Get the cheapest prepaid electric rates in Irving. Plus find out how to save 20% more. No deposit. No contract. No hidden fees. Join free today! 844.621.2852[:es]Obtenga las tarifas el\u00e9ctricas prepagas m\u00e1s baratas en Irving. Adem\u00e1s, descubra c\u00f3mo ahorrar un 20% m\u00e1s. No hay dep\u00f3sito. Sin contrato. Sin cuotas escondidas. \u00a1\u00danase gratis hoy! 844.621.2852[:]\" \/>\n<meta property=\"og:url\" content=\"https:\/\/powermepronto.com\/cheaper-than-all-other-electric-companies-in-irving-with-no-contract\/\" \/>\n<meta property=\"og:site_name\" content=\"Pronto Power\" \/>\n<meta property=\"article:modified_time\" content=\"2022-12-21T09:34:32+00:00\" \/>\n<meta name=\"twitter:card\" content=\"summary_large_image\" \/>\n<meta name=\"twitter:label1\" content=\"Tiempo de lectura\" \/>\n\t<meta name=\"twitter:data1\" content=\"4 minutos\" \/>\n<script type=\"application\/ld+json\" class=\"yoast-schema-graph\">{\"@context\":\"https:\\\/\\\/schema.org\",\"@graph\":[{\"@type\":\"WebPage\",\"@id\":\"https:\\\/\\\/powermepronto.com\\\/cheaper-than-all-other-electric-companies-in-irving-with-no-contract\\\/\",\"url\":\"https:\\\/\\\/powermepronto.com\\\/cheaper-than-all-other-electric-companies-in-irving-with-no-contract\\\/\",\"name\":\"[:en]Cheaper Than All Other Electric Companies in Irving with No Contract![:es]\u00a1M\u00e1s barato que todas las dem\u00e1s empresas el\u00e9ctricas en Irving sin contrato![:] - Pronto Power\",\"isPartOf\":{\"@id\":\"https:\\\/\\\/powermepronto.com\\\/en\\\/#website\"},\"datePublished\":\"2021-11-01T19:09:01+00:00\",\"dateModified\":\"2022-12-21T09:34:32+00:00\",\"description\":\"[:en]Get the cheapest prepaid electric rates in Irving. Plus find out how to save 20% more. No deposit. No contract. No hidden fees. Join free today! 844.621.2852[:es]Obtenga las tarifas el\u00e9ctricas prepagas m\u00e1s baratas en Irving. Adem\u00e1s, descubra c\u00f3mo ahorrar un 20% m\u00e1s. No hay dep\u00f3sito. Sin contrato. Sin cuotas escondidas. \u00a1\u00danase gratis hoy! 844.621.2852[:]\",\"breadcrumb\":{\"@id\":\"https:\\\/\\\/powermepronto.com\\\/cheaper-than-all-other-electric-companies-in-irving-with-no-contract\\\/#breadcrumb\"},\"inLanguage\":\"es\",\"potentialAction\":[{\"@type\":\"ReadAction\",\"target\":[\"https:\\\/\\\/powermepronto.com\\\/cheaper-than-all-other-electric-companies-in-irving-with-no-contract\\\/\"]}]},{\"@type\":\"BreadcrumbList\",\"@id\":\"https:\\\/\\\/powermepronto.com\\\/cheaper-than-all-other-electric-companies-in-irving-with-no-contract\\\/#breadcrumb\",\"itemListElement\":[{\"@type\":\"ListItem\",\"position\":1,\"name\":\"Home\",\"item\":\"https:\\\/\\\/powermepronto.com\\\/en\\\/\"},{\"@type\":\"ListItem\",\"position\":2,\"name\":\"Cheaper Than All Other Electric Companies in Irving with No Contract!\"}]},{\"@type\":\"WebSite\",\"@id\":\"https:\\\/\\\/powermepronto.com\\\/en\\\/#website\",\"url\":\"https:\\\/\\\/powermepronto.com\\\/en\\\/\",\"name\":\"Pronto Power\",\"description\":\"\",\"potentialAction\":[{\"@type\":\"SearchAction\",\"target\":{\"@type\":\"EntryPoint\",\"urlTemplate\":\"https:\\\/\\\/powermepronto.com\\\/en\\\/?s={search_term_string}\"},\"query-input\":{\"@type\":\"PropertyValueSpecification\",\"valueRequired\":true,\"valueName\":\"search_term_string\"}}],\"inLanguage\":\"es\"}]}<\/script>\n<!-- \/ Yoast SEO plugin. -->","yoast_head_json":{"title":"[:en]Cheaper Than All Other Electric Companies in Irving with No Contract![:es]\u00a1M\u00e1s barato que todas las dem\u00e1s empresas el\u00e9ctricas en Irving sin contrato![:] - Pronto Power","description":"[:en]Get the cheapest prepaid electric rates in Irving. Plus find out how to save 20% more. No deposit. No contract. No hidden fees. Join free today! 844.621.2852[:es]Obtenga las tarifas el\u00e9ctricas prepagas m\u00e1s baratas en Irving. Adem\u00e1s, descubra c\u00f3mo ahorrar un 20% m\u00e1s. No hay dep\u00f3sito. Sin contrato. Sin cuotas escondidas. \u00a1\u00danase gratis hoy! 844.621.2852[:]","robots":{"index":"index","follow":"follow","max-snippet":"max-snippet:-1","max-image-preview":"max-image-preview:large","max-video-preview":"max-video-preview:-1"},"canonical":"https:\/\/powermepronto.com\/cheaper-than-all-other-electric-companies-in-irving-with-no-contract\/","og_locale":"es_ES","og_type":"article","og_title":"[:en]Cheaper Than All Other Electric Companies in Irving with No Contract![:es]\u00a1M\u00e1s barato que todas las dem\u00e1s empresas el\u00e9ctricas en Irving sin contrato![:] - Pronto Power","og_description":"[:en]Get the cheapest prepaid electric rates in Irving. Plus find out how to save 20% more. No deposit. No contract. No hidden fees. Join free today! 844.621.2852[:es]Obtenga las tarifas el\u00e9ctricas prepagas m\u00e1s baratas en Irving. Adem\u00e1s, descubra c\u00f3mo ahorrar un 20% m\u00e1s. No hay dep\u00f3sito. Sin contrato. Sin cuotas escondidas. \u00a1\u00danase gratis hoy! 844.621.2852[:]","og_url":"https:\/\/powermepronto.com\/cheaper-than-all-other-electric-companies-in-irving-with-no-contract\/","og_site_name":"Pronto Power","article_modified_time":"2022-12-21T09:34:32+00:00","twitter_card":"summary_large_image","twitter_misc":{"Tiempo de lectura":"4 minutos"},"schema":{"@context":"https:\/\/schema.org","@graph":[{"@type":"WebPage","@id":"https:\/\/powermepronto.com\/cheaper-than-all-other-electric-companies-in-irving-with-no-contract\/","url":"https:\/\/powermepronto.com\/cheaper-than-all-other-electric-companies-in-irving-with-no-contract\/","name":"[:en]Cheaper Than All Other Electric Companies in Irving with No Contract![:es]\u00a1M\u00e1s barato que todas las dem\u00e1s empresas el\u00e9ctricas en Irving sin contrato![:] - Pronto Power","isPartOf":{"@id":"https:\/\/powermepronto.com\/en\/#website"},"datePublished":"2021-11-01T19:09:01+00:00","dateModified":"2022-12-21T09:34:32+00:00","description":"[:en]Get the cheapest prepaid electric rates in Irving. Plus find out how to save 20% more. No deposit. No contract. No hidden fees. Join free today! 844.621.2852[:es]Obtenga las tarifas el\u00e9ctricas prepagas m\u00e1s baratas en Irving. Adem\u00e1s, descubra c\u00f3mo ahorrar un 20% m\u00e1s. No hay dep\u00f3sito. Sin contrato. Sin cuotas escondidas. \u00a1\u00danase gratis hoy! 844.621.2852[:]","breadcrumb":{"@id":"https:\/\/powermepronto.com\/cheaper-than-all-other-electric-companies-in-irving-with-no-contract\/#breadcrumb"},"inLanguage":"es","potentialAction":[{"@type":"ReadAction","target":["https:\/\/powermepronto.com\/cheaper-than-all-other-electric-companies-in-irving-with-no-contract\/"]}]},{"@type":"BreadcrumbList","@id":"https:\/\/powermepronto.com\/cheaper-than-all-other-electric-companies-in-irving-with-no-contract\/#breadcrumb","itemListElement":[{"@type":"ListItem","position":1,"name":"Home","item":"https:\/\/powermepronto.com\/en\/"},{"@type":"ListItem","position":2,"name":"Cheaper Than All Other Electric Companies in Irving with No Contract!"}]},{"@type":"WebSite","@id":"https:\/\/powermepronto.com\/en\/#website","url":"https:\/\/powermepronto.com\/en\/","name":"Pronto Power","description":"","potentialAction":[{"@type":"SearchAction","target":{"@type":"EntryPoint","urlTemplate":"https:\/\/powermepronto.com\/en\/?s={search_term_string}"},"query-input":{"@type":"PropertyValueSpecification","valueRequired":true,"valueName":"search_term_string"}}],"inLanguage":"es"}]}},"_links":{"self":[{"href":"https:\/\/powermepronto.com\/es\/wp-json\/wp\/v2\/pages\/2830","targetHints":{"allow":["GET"]}}],"collection":[{"href":"https:\/\/powermepronto.com\/es\/wp-json\/wp\/v2\/pages"}],"about":[{"href":"https:\/\/powermepronto.com\/es\/wp-json\/wp\/v2\/types\/page"}],"author":[{"embeddable":true,"href":"https:\/\/powermepronto.com\/es\/wp-json\/wp\/v2\/users\/1"}],"replies":[{"embeddable":true,"href":"https:\/\/powermepronto.com\/es\/wp-json\/wp\/v2\/comments?post=2830"}],"version-history":[{"count":4,"href":"https:\/\/powermepronto.com\/es\/wp-json\/wp\/v2\/pages\/2830\/revisions"}],"predecessor-version":[{"id":3463,"href":"https:\/\/powermepronto.com\/es\/wp-json\/wp\/v2\/pages\/2830\/revisions\/3463"}],"wp:attachment":[{"href":"https:\/\/powermepronto.com\/es\/wp-json\/wp\/v2\/media?parent=2830"}],"curies":[{"name":"wp","href":"https:\/\/api.w.org\/{rel}","templated":true}]}}