{"id":2828,"date":"2021-11-01T14:06:25","date_gmt":"2021-11-01T19:06:25","guid":{"rendered":"https:\/\/powermepronto.com\/?page_id=2828"},"modified":"2022-12-21T03:37:20","modified_gmt":"2022-12-21T09:37:20","slug":"get-kellers-cheapest-prepaid-no-deposit-power-in-less-than-an-hour","status":"publish","type":"page","link":"https:\/\/powermepronto.com\/es\/get-kellers-cheapest-prepaid-no-deposit-power-in-less-than-an-hour\/","title":{"rendered":"Obtenga la potencia sin dep\u00f3sito prepaga m\u00e1s barata de Keller en menos de una hora"},"content":{"rendered":"<p>Es frustrante lidiar con todos sus servicios al consumidor, \u00bfno es as\u00ed?<\/p>\n<p>Saben que tienes m\u00e1s de lo que puedes manejar. Por lo tanto, cargan sus contratos con tarifas ocultas y otros t\u00e9rminos confusos que saben que usted no comprende para poder sacarle un poco m\u00e1s de dinero.<\/p>\n<p>Los REP no son una excepci\u00f3n.<\/p>\n<p>\u00a1Pero Pronto Power es la excepci\u00f3n!<\/p>\n<p>Eso es porque con Pronto Power, hay:<\/p>\n<ul>\n<li>Sin tarifas ocultas<\/li>\n<li>Sin verificaci\u00f3n de cr\u00e9dito<\/li>\n<li>Sin verificaci\u00f3n de identificaci\u00f3n<\/li>\n<li>Sin dep\u00f3sito<\/li>\n<li>Sin tarifas de conexi\u00f3n<\/li>\n<li>Sin tarifas de desconexi\u00f3n<\/li>\n<li>Sin molestias de ning\u00fan tipo<\/li>\n<\/ul>\n<p>En otras palabras, la electricidad prepago m\u00e1s barata en Keller puede ser tuya en una hora sin ning\u00fan inconveniente.<\/p>\n<p>Y vale la pena intentarlo porque no tiene ning\u00fan riesgo y puede cancelar en cualquier momento y por cualquier motivo.<\/p>\n<h2>\u00bfC\u00f3mo puede Pronto Power ofrecer una oferta tan incre\u00edble?<\/h2>\n<p>Esto suena demasiado bueno para ser verdad al principio, \u00bfno?<\/p>\n<p>Pero no lo es. Y eso se debe a que hemos optimizado nuestras propias operaciones internas para lograr la m\u00e1xima eficiencia posible. Es nuestra obsesi\u00f3n.<\/p>\n<p>Eso nos permite extenderle esta incre\u00edble oferta.<\/p>\n<h2>Vamos. Tiene que haber una trampa. \u00bfQue necesitas de mi?<\/h2>\n<p>No hay trampa. Estamos felices de tener clientes confiables a largo plazo.<\/p>\n<p>Luego, agrega fondos a su cuenta prepaga como desee (mensual, semanal o incluso diariamente).<\/p>\n<p>Solo tenga un centavo en su cuenta antes de la 1:00 p. M. Todos los d\u00edas para mantener la electricidad encendida.<\/p>\n<p>Y si alguna vez tiene problemas para pagar, h\u00e1ganoslo saber. Nos complace ayudarlo a crear un plan de pago que lo ayude a superar incluso las peores circunstancias financieras.<\/p>\n<h2>Adem\u00e1s, ahorre un 20% m\u00e1s frente a otras compa\u00f1\u00edas el\u00e9ctricas de Texas<\/h2>\n<p>No solo paga la tarifa de kWh prepaga m\u00e1s barata de Texas.<\/p>\n<p>Pero puedes ahorrar un 20%. Y posiblemente incluso m\u00e1s &#8230;<\/p>\n<p>Cuando se une a Ponto Power, obtiene acceso a una herramienta de monitoreo de electricidad en l\u00ednea gratuita.<\/p>\n<p>Luego, simplemente inicie sesi\u00f3n y aprenda c\u00f3mo usa la electricidad a lo largo del tiempo.<\/p>\n<p>Haz peque\u00f1os cambios.<\/p>\n<p>Y luego observe c\u00f3mo llegan los ahorros.<\/p>\n<p>Algunos clientes ahorran un 20% &#8230; \u00a1y muchos incluso m\u00e1s!<\/p>\n<h2>\u00danase a Pronto Power Free dentro de una hora si su hogar tiene un medidor inteligente<\/h2>\n<p>Puede comenzar a acumular ahorros en una hora si su hogar tiene un medidor inteligente.<\/p>\n<p>Obtenga la electricidad prepaga m\u00e1s barata sin problemas, sin cargos ocultos y sin contrato cuando llame al <span class=\"affiliatecode\">844.621.2852<\/span>.<\/p>","protected":false},"excerpt":{"rendered":"<p>Es frustrante lidiar con todos sus servicios al consumidor, \u00bfno es as\u00ed? Saben que tienes m\u00e1s de lo que puedes manejar. Por lo tanto, cargan sus contratos con tarifas ocultas y otros t\u00e9rminos confusos que saben que usted no comprende para poder sacarle un poco m\u00e1s de dinero. Los REP no son una excepci\u00f3n. \u00a1Pero &hellip; <a href=\"https:\/\/powermepronto.com\/es\/get-kellers-cheapest-prepaid-no-deposit-power-in-less-than-an-hour\/\" class=\"more-link\">Continue reading <span class=\"screen-reader-text\">Obtenga la potencia sin dep\u00f3sito prepaga m\u00e1s barata de Keller en menos de una hora<\/span><\/a><\/p>\n","protected":false},"author":1,"featured_media":0,"parent":0,"menu_order":0,"comment_status":"closed","ping_status":"closed","template":"","meta":{"_acf_changed":false,"_glsr_average":0,"_glsr_ranking":0,"_glsr_reviews":0,"footnotes":"","_links_to":"","_links_to_target":""},"class_list":["post-2828","page","type-page","status-publish","hentry"],"acf":[],"yoast_head":"<!-- This site is optimized with the Yoast SEO plugin v27.4 - https:\/\/yoast.com\/product\/yoast-seo-wordpress\/ -->\n<title>Obtenga la potencia sin dep\u00f3sito prepaga m\u00e1s barata de Keller en menos de una hora - Pronto Power<\/title>\n<meta name=\"description\" content=\"[:en]Get the cheapest prepaid electric rates in Keller. Plus find out how to save 20% more. No deposit. No contract. No hidden fees. Join free today! 844.621.2852[:es]Obtenga las tarifas el\u00e9ctricas prepagas m\u00e1s econ\u00f3micas en Keller. Adem\u00e1s, descubra c\u00f3mo ahorrar un 20% m\u00e1s. No hay dep\u00f3sito. Sin contrato. Sin cuotas escondidas. \u00a1\u00danase gratis hoy! 844.621.2852[:]\" \/>\n<meta name=\"robots\" content=\"index, follow, max-snippet:-1, max-image-preview:large, max-video-preview:-1\" \/>\n<link rel=\"canonical\" href=\"https:\/\/powermepronto.com\/get-kellers-cheapest-prepaid-no-deposit-power-in-less-than-an-hour\/\" \/>\n<meta property=\"og:locale\" content=\"es_ES\" \/>\n<meta property=\"og:type\" content=\"article\" \/>\n<meta property=\"og:title\" content=\"[:en]Get Keller\u2019s Cheapest Prepaid No-Deposit Power in Less Than an Hour[:es]Obtenga la potencia sin dep\u00f3sito prepaga m\u00e1s barata de Keller en menos de una hora[:] - Pronto Power\" \/>\n<meta property=\"og:description\" content=\"[:en]Get the cheapest prepaid electric rates in Keller. Plus find out how to save 20% more. No deposit. No contract. No hidden fees. Join free today! 844.621.2852[:es]Obtenga las tarifas el\u00e9ctricas prepagas m\u00e1s econ\u00f3micas en Keller. Adem\u00e1s, descubra c\u00f3mo ahorrar un 20% m\u00e1s. No hay dep\u00f3sito. Sin contrato. Sin cuotas escondidas. \u00a1\u00danase gratis hoy! 844.621.2852[:]\" \/>\n<meta property=\"og:url\" content=\"https:\/\/powermepronto.com\/get-kellers-cheapest-prepaid-no-deposit-power-in-less-than-an-hour\/\" \/>\n<meta property=\"og:site_name\" content=\"Pronto Power\" \/>\n<meta property=\"article:modified_time\" content=\"2022-12-21T09:37:20+00:00\" \/>\n<meta name=\"twitter:card\" content=\"summary_large_image\" \/>\n<meta name=\"twitter:label1\" content=\"Tiempo de lectura\" \/>\n\t<meta name=\"twitter:data1\" content=\"4 minutos\" \/>\n<script type=\"application\/ld+json\" class=\"yoast-schema-graph\">{\"@context\":\"https:\\\/\\\/schema.org\",\"@graph\":[{\"@type\":\"WebPage\",\"@id\":\"https:\\\/\\\/powermepronto.com\\\/get-kellers-cheapest-prepaid-no-deposit-power-in-less-than-an-hour\\\/\",\"url\":\"https:\\\/\\\/powermepronto.com\\\/get-kellers-cheapest-prepaid-no-deposit-power-in-less-than-an-hour\\\/\",\"name\":\"[:en]Get Keller\u2019s Cheapest Prepaid No-Deposit Power in Less Than an Hour[:es]Obtenga la potencia sin dep\u00f3sito prepaga m\u00e1s barata de Keller en menos de una hora[:] - Pronto Power\",\"isPartOf\":{\"@id\":\"https:\\\/\\\/powermepronto.com\\\/en\\\/#website\"},\"datePublished\":\"2021-11-01T19:06:25+00:00\",\"dateModified\":\"2022-12-21T09:37:20+00:00\",\"description\":\"[:en]Get the cheapest prepaid electric rates in Keller. Plus find out how to save 20% more. No deposit. No contract. No hidden fees. Join free today! 844.621.2852[:es]Obtenga las tarifas el\u00e9ctricas prepagas m\u00e1s econ\u00f3micas en Keller. Adem\u00e1s, descubra c\u00f3mo ahorrar un 20% m\u00e1s. No hay dep\u00f3sito. Sin contrato. Sin cuotas escondidas. \u00a1\u00danase gratis hoy! 844.621.2852[:]\",\"breadcrumb\":{\"@id\":\"https:\\\/\\\/powermepronto.com\\\/get-kellers-cheapest-prepaid-no-deposit-power-in-less-than-an-hour\\\/#breadcrumb\"},\"inLanguage\":\"es\",\"potentialAction\":[{\"@type\":\"ReadAction\",\"target\":[\"https:\\\/\\\/powermepronto.com\\\/get-kellers-cheapest-prepaid-no-deposit-power-in-less-than-an-hour\\\/\"]}]},{\"@type\":\"BreadcrumbList\",\"@id\":\"https:\\\/\\\/powermepronto.com\\\/get-kellers-cheapest-prepaid-no-deposit-power-in-less-than-an-hour\\\/#breadcrumb\",\"itemListElement\":[{\"@type\":\"ListItem\",\"position\":1,\"name\":\"Home\",\"item\":\"https:\\\/\\\/powermepronto.com\\\/en\\\/\"},{\"@type\":\"ListItem\",\"position\":2,\"name\":\"Get Keller\u2019s Cheapest Prepaid No-Deposit Power in Less Than an Hour\"}]},{\"@type\":\"WebSite\",\"@id\":\"https:\\\/\\\/powermepronto.com\\\/en\\\/#website\",\"url\":\"https:\\\/\\\/powermepronto.com\\\/en\\\/\",\"name\":\"Pronto Power\",\"description\":\"\",\"potentialAction\":[{\"@type\":\"SearchAction\",\"target\":{\"@type\":\"EntryPoint\",\"urlTemplate\":\"https:\\\/\\\/powermepronto.com\\\/en\\\/?s={search_term_string}\"},\"query-input\":{\"@type\":\"PropertyValueSpecification\",\"valueRequired\":true,\"valueName\":\"search_term_string\"}}],\"inLanguage\":\"es\"}]}<\/script>\n<!-- \/ Yoast SEO plugin. -->","yoast_head_json":{"title":"[:en]Get Keller\u2019s Cheapest Prepaid No-Deposit Power in Less Than an Hour[:es]Obtenga la potencia sin dep\u00f3sito prepaga m\u00e1s barata de Keller en menos de una hora[:] - Pronto Power","description":"[:en]Get the cheapest prepaid electric rates in Keller. Plus find out how to save 20% more. No deposit. No contract. No hidden fees. Join free today! 844.621.2852[:es]Obtenga las tarifas el\u00e9ctricas prepagas m\u00e1s econ\u00f3micas en Keller. Adem\u00e1s, descubra c\u00f3mo ahorrar un 20% m\u00e1s. No hay dep\u00f3sito. Sin contrato. Sin cuotas escondidas. \u00a1\u00danase gratis hoy! 844.621.2852[:]","robots":{"index":"index","follow":"follow","max-snippet":"max-snippet:-1","max-image-preview":"max-image-preview:large","max-video-preview":"max-video-preview:-1"},"canonical":"https:\/\/powermepronto.com\/get-kellers-cheapest-prepaid-no-deposit-power-in-less-than-an-hour\/","og_locale":"es_ES","og_type":"article","og_title":"[:en]Get Keller\u2019s Cheapest Prepaid No-Deposit Power in Less Than an Hour[:es]Obtenga la potencia sin dep\u00f3sito prepaga m\u00e1s barata de Keller en menos de una hora[:] - Pronto Power","og_description":"[:en]Get the cheapest prepaid electric rates in Keller. Plus find out how to save 20% more. No deposit. No contract. No hidden fees. Join free today! 844.621.2852[:es]Obtenga las tarifas el\u00e9ctricas prepagas m\u00e1s econ\u00f3micas en Keller. Adem\u00e1s, descubra c\u00f3mo ahorrar un 20% m\u00e1s. No hay dep\u00f3sito. Sin contrato. Sin cuotas escondidas. \u00a1\u00danase gratis hoy! 844.621.2852[:]","og_url":"https:\/\/powermepronto.com\/get-kellers-cheapest-prepaid-no-deposit-power-in-less-than-an-hour\/","og_site_name":"Pronto Power","article_modified_time":"2022-12-21T09:37:20+00:00","twitter_card":"summary_large_image","twitter_misc":{"Tiempo de lectura":"4 minutos"},"schema":{"@context":"https:\/\/schema.org","@graph":[{"@type":"WebPage","@id":"https:\/\/powermepronto.com\/get-kellers-cheapest-prepaid-no-deposit-power-in-less-than-an-hour\/","url":"https:\/\/powermepronto.com\/get-kellers-cheapest-prepaid-no-deposit-power-in-less-than-an-hour\/","name":"[:en]Get Keller\u2019s Cheapest Prepaid No-Deposit Power in Less Than an Hour[:es]Obtenga la potencia sin dep\u00f3sito prepaga m\u00e1s barata de Keller en menos de una hora[:] - Pronto Power","isPartOf":{"@id":"https:\/\/powermepronto.com\/en\/#website"},"datePublished":"2021-11-01T19:06:25+00:00","dateModified":"2022-12-21T09:37:20+00:00","description":"[:en]Get the cheapest prepaid electric rates in Keller. Plus find out how to save 20% more. No deposit. No contract. No hidden fees. Join free today! 844.621.2852[:es]Obtenga las tarifas el\u00e9ctricas prepagas m\u00e1s econ\u00f3micas en Keller. Adem\u00e1s, descubra c\u00f3mo ahorrar un 20% m\u00e1s. No hay dep\u00f3sito. Sin contrato. Sin cuotas escondidas. \u00a1\u00danase gratis hoy! 844.621.2852[:]","breadcrumb":{"@id":"https:\/\/powermepronto.com\/get-kellers-cheapest-prepaid-no-deposit-power-in-less-than-an-hour\/#breadcrumb"},"inLanguage":"es","potentialAction":[{"@type":"ReadAction","target":["https:\/\/powermepronto.com\/get-kellers-cheapest-prepaid-no-deposit-power-in-less-than-an-hour\/"]}]},{"@type":"BreadcrumbList","@id":"https:\/\/powermepronto.com\/get-kellers-cheapest-prepaid-no-deposit-power-in-less-than-an-hour\/#breadcrumb","itemListElement":[{"@type":"ListItem","position":1,"name":"Home","item":"https:\/\/powermepronto.com\/en\/"},{"@type":"ListItem","position":2,"name":"Get Keller\u2019s Cheapest Prepaid No-Deposit Power in Less Than an Hour"}]},{"@type":"WebSite","@id":"https:\/\/powermepronto.com\/en\/#website","url":"https:\/\/powermepronto.com\/en\/","name":"Pronto Power","description":"","potentialAction":[{"@type":"SearchAction","target":{"@type":"EntryPoint","urlTemplate":"https:\/\/powermepronto.com\/en\/?s={search_term_string}"},"query-input":{"@type":"PropertyValueSpecification","valueRequired":true,"valueName":"search_term_string"}}],"inLanguage":"es"}]}},"_links":{"self":[{"href":"https:\/\/powermepronto.com\/es\/wp-json\/wp\/v2\/pages\/2828","targetHints":{"allow":["GET"]}}],"collection":[{"href":"https:\/\/powermepronto.com\/es\/wp-json\/wp\/v2\/pages"}],"about":[{"href":"https:\/\/powermepronto.com\/es\/wp-json\/wp\/v2\/types\/page"}],"author":[{"embeddable":true,"href":"https:\/\/powermepronto.com\/es\/wp-json\/wp\/v2\/users\/1"}],"replies":[{"embeddable":true,"href":"https:\/\/powermepronto.com\/es\/wp-json\/wp\/v2\/comments?post=2828"}],"version-history":[{"count":4,"href":"https:\/\/powermepronto.com\/es\/wp-json\/wp\/v2\/pages\/2828\/revisions"}],"predecessor-version":[{"id":3464,"href":"https:\/\/powermepronto.com\/es\/wp-json\/wp\/v2\/pages\/2828\/revisions\/3464"}],"wp:attachment":[{"href":"https:\/\/powermepronto.com\/es\/wp-json\/wp\/v2\/media?parent=2828"}],"curies":[{"name":"wp","href":"https:\/\/api.w.org\/{rel}","templated":true}]}}