{"id":2823,"date":"2021-11-01T14:00:15","date_gmt":"2021-11-01T19:00:15","guid":{"rendered":"https:\/\/powermepronto.com\/?page_id=2823"},"modified":"2022-12-21T04:41:19","modified_gmt":"2022-12-21T10:41:19","slug":"get-laredos-cheapest-prepaid-no-deposit-power-no-contract","status":"publish","type":"page","link":"https:\/\/powermepronto.com\/es\/get-laredos-cheapest-prepaid-no-deposit-power-no-contract\/","title":{"rendered":"Obtenga el poder sin dep\u00f3sito prepago m\u00e1s barato de Laredo, \u00a1sin contrato!"},"content":{"rendered":"<p>Tu vida como estadounidense en la d\u00e9cada de 2020 es m\u00e1s compleja que la de cualquier ser humano anterior.<\/p>\n<p>Debe ser una mente gerencial de primer nivel solo para coordinar y administrar todos sus servicios al consumidor.<\/p>\n<p>Porque siempre cobran cargos por pagos atrasados, lo que lo hace firmar contratos confusos que incluso los abogados calificados no entienden, y luego le env\u00edan nuevas y complejas ofertas para evaluar.<\/p>\n<p>&#8230; \u00a1Pero no experimenta nada de eso con Pronto Power!<\/p>\n<p>De hecho, obtienes la electricidad prepago m\u00e1s barata en Laredo sin cargos ocultos. \u00a1Y ni siquiera firmas un contrato!<\/p>\n<p>Eso significa que obtiene las tarifas de kWh prepagas m\u00e1s baratas sin riesgos porque puede cancelar por cualquier motivo y en cualquier momento.<\/p>\n<p>Con Pronto Power, hay:<\/p>\n<ul>\n<li>Sin tarifas ocultas<\/li>\n<li>Sin verificaci\u00f3n de cr\u00e9dito<\/li>\n<li>Sin verificaci\u00f3n de identificaci\u00f3n<\/li>\n<li>Sin tarifas de conexi\u00f3n<\/li>\n<li>Sin tarifas de desconexi\u00f3n<\/li>\n<li>Sin dep\u00f3sito<\/li>\n<li>Sin contrato<\/li>\n<\/ul>\n<p>&#8230; \u00a1Y entienda esto, el servicio al cliente est\u00e1 ansioso por hacer su trabajo y ayudarlo incluso en las circunstancias financieras m\u00e1s dif\u00edciles!<\/p>\n<h2>\u00a1Suena demasiado bueno para ser verdad! \u00bfCu\u00e1l es el truco?<\/h2>\n<p>Eres inteligente para hacer preguntas. En este caso, no hay trampa.<\/p>\n<p>Hemos dise\u00f1ado nuestras propias operaciones comerciales para que sean tan absurdamente eficientes que no hay problema en extenderle esta oferta.<\/p>\n<p>Es una situaci\u00f3n natural en la que todos ganan. Obtienes la energ\u00eda sin dep\u00f3sito m\u00e1s barata de Laredo.<\/p>\n<p>Conseguimos clientes satisfechos e ingresos estables.<\/p>\n<h2>\u00bfQu\u00e9 se necesita para unirse?<\/h2>\n<p>Como dijimos antes, no firmas un contrato.<\/p>\n<p>Luego, simplemente agregue fondos cuando sea mejor para usted (mensual, semanal o incluso diariamente si lo desea).<\/p>\n<p>Siempre que tenga solo 1 centavo en su cuenta prepaga antes de la 1:00 p. M. Cada d\u00eda, su electricidad permanecer\u00e1 encendida.<\/p>\n<p>Y si tiene problemas para pagar, comun\u00edquese con el servicio de atenci\u00f3n al cliente. Ellos estar\u00e1n felices de ayudarlo a crear un plan de pago que funcione para usted.<\/p>\n<h2>Adem\u00e1s, ahorre un 20% de descuento en la electricidad prepaga m\u00e1s barata de Laredo<\/h2>\n<p>Algunas compa\u00f1\u00edas el\u00e9ctricas de Texas hacen que los ahorros sean m\u00e1s f\u00e1ciles que otras.<\/p>\n<p>En Pronto Power, simplemente inicie sesi\u00f3n en una herramienta de software gratuita que monitorea su uso el\u00e9ctrico.<\/p>\n<p>Cuando inicias sesi\u00f3n, puedes ver exactamente c\u00f3mo est\u00e1s usando la electricidad en este momento.<\/p>\n<p>Simplemente desenchufe un electrodom\u00e9stico para ver c\u00f3mo disminuye su uso.<\/p>\n<p>Luego, con el tiempo, cambie su comportamiento en funci\u00f3n de lo que aprenda.<\/p>\n<p>Muchos de nuestros clientes ahorran f\u00e1cilmente un 20% &#8230; \u00a1y algunos incluso m\u00e1s!<\/p>\n<h2>Obtenga la electricidad prepaga m\u00e1s barata de Laredo en menos de 60 minutos<\/h2>\n<p>Si su hogar tiene un medidor inteligente, como lo tienen casi todos los hogares, puede inscribirse gratis en una hora.<\/p>\n<p>\u00a1Comience a ahorrar mucho dinero ahora sin un contrato molesto o tarifas ocultas frustrantes cuando llame al <span class=\"affiliatecode\">844.621.2852<\/span>!<\/p>","protected":false},"excerpt":{"rendered":"<p>Tu vida como estadounidense en la d\u00e9cada de 2020 es m\u00e1s compleja que la de cualquier ser humano anterior. Debe ser una mente gerencial de primer nivel solo para coordinar y administrar todos sus servicios al consumidor. Porque siempre cobran cargos por pagos atrasados, lo que lo hace firmar contratos confusos que incluso los abogados &hellip; <a href=\"https:\/\/powermepronto.com\/es\/get-laredos-cheapest-prepaid-no-deposit-power-no-contract\/\" class=\"more-link\">Continue reading <span class=\"screen-reader-text\">Obtenga el poder sin dep\u00f3sito prepago m\u00e1s barato de Laredo, \u00a1sin contrato!<\/span><\/a><\/p>\n","protected":false},"author":1,"featured_media":0,"parent":0,"menu_order":0,"comment_status":"closed","ping_status":"closed","template":"","meta":{"_acf_changed":false,"_glsr_average":0,"_glsr_ranking":0,"_glsr_reviews":0,"footnotes":"","_links_to":"","_links_to_target":""},"class_list":["post-2823","page","type-page","status-publish","hentry"],"acf":[],"yoast_head":"<!-- This site is optimized with the Yoast SEO plugin v27.4 - https:\/\/yoast.com\/product\/yoast-seo-wordpress\/ -->\n<title>Obtenga el poder sin dep\u00f3sito prepago m\u00e1s barato de Laredo, \u00a1sin contrato! - Pronto Power<\/title>\n<meta name=\"description\" content=\"[:en]Get the cheapest prepaid electric rates in Laredo. Plus find out how to save 20% more. No deposit. No contract. No hidden fees. Join free today! 844.621.2852[:es]Obtenga las tarifas el\u00e9ctricas prepagas m\u00e1s econ\u00f3micas en Laredo. Adem\u00e1s, descubra c\u00f3mo ahorrar un 20% m\u00e1s. No hay dep\u00f3sito. Sin contrato. Sin cuotas escondidas. \u00a1\u00danase gratis hoy! 844.621.2852[:]\" \/>\n<meta name=\"robots\" content=\"index, follow, max-snippet:-1, max-image-preview:large, max-video-preview:-1\" \/>\n<link rel=\"canonical\" href=\"https:\/\/powermepronto.com\/get-laredos-cheapest-prepaid-no-deposit-power-no-contract\/\" \/>\n<meta property=\"og:locale\" content=\"es_ES\" \/>\n<meta property=\"og:type\" content=\"article\" \/>\n<meta property=\"og:title\" content=\"[:en]Get Laredo\u2019s Cheapest Prepaid No-Deposit Power - No Contract![:es]Obtenga el poder sin dep\u00f3sito prepago m\u00e1s barato de Laredo, \u00a1sin contrato![:] - Pronto Power\" \/>\n<meta property=\"og:description\" content=\"[:en]Get the cheapest prepaid electric rates in Laredo. Plus find out how to save 20% more. No deposit. No contract. No hidden fees. Join free today! 844.621.2852[:es]Obtenga las tarifas el\u00e9ctricas prepagas m\u00e1s econ\u00f3micas en Laredo. Adem\u00e1s, descubra c\u00f3mo ahorrar un 20% m\u00e1s. No hay dep\u00f3sito. Sin contrato. Sin cuotas escondidas. \u00a1\u00danase gratis hoy! 844.621.2852[:]\" \/>\n<meta property=\"og:url\" content=\"https:\/\/powermepronto.com\/get-laredos-cheapest-prepaid-no-deposit-power-no-contract\/\" \/>\n<meta property=\"og:site_name\" content=\"Pronto Power\" \/>\n<meta property=\"article:modified_time\" content=\"2022-12-21T10:41:19+00:00\" \/>\n<meta name=\"twitter:card\" content=\"summary_large_image\" \/>\n<meta name=\"twitter:label1\" content=\"Tiempo de lectura\" \/>\n\t<meta name=\"twitter:data1\" content=\"5 minutos\" \/>\n<script type=\"application\/ld+json\" class=\"yoast-schema-graph\">{\"@context\":\"https:\\\/\\\/schema.org\",\"@graph\":[{\"@type\":\"WebPage\",\"@id\":\"https:\\\/\\\/powermepronto.com\\\/get-laredos-cheapest-prepaid-no-deposit-power-no-contract\\\/\",\"url\":\"https:\\\/\\\/powermepronto.com\\\/get-laredos-cheapest-prepaid-no-deposit-power-no-contract\\\/\",\"name\":\"[:en]Get Laredo\u2019s Cheapest Prepaid No-Deposit Power - No Contract![:es]Obtenga el poder sin dep\u00f3sito prepago m\u00e1s barato de Laredo, \u00a1sin contrato![:] - Pronto Power\",\"isPartOf\":{\"@id\":\"https:\\\/\\\/powermepronto.com\\\/en\\\/#website\"},\"datePublished\":\"2021-11-01T19:00:15+00:00\",\"dateModified\":\"2022-12-21T10:41:19+00:00\",\"description\":\"[:en]Get the cheapest prepaid electric rates in Laredo. Plus find out how to save 20% more. No deposit. No contract. No hidden fees. Join free today! 844.621.2852[:es]Obtenga las tarifas el\u00e9ctricas prepagas m\u00e1s econ\u00f3micas en Laredo. Adem\u00e1s, descubra c\u00f3mo ahorrar un 20% m\u00e1s. No hay dep\u00f3sito. Sin contrato. Sin cuotas escondidas. \u00a1\u00danase gratis hoy! 844.621.2852[:]\",\"breadcrumb\":{\"@id\":\"https:\\\/\\\/powermepronto.com\\\/get-laredos-cheapest-prepaid-no-deposit-power-no-contract\\\/#breadcrumb\"},\"inLanguage\":\"es\",\"potentialAction\":[{\"@type\":\"ReadAction\",\"target\":[\"https:\\\/\\\/powermepronto.com\\\/get-laredos-cheapest-prepaid-no-deposit-power-no-contract\\\/\"]}]},{\"@type\":\"BreadcrumbList\",\"@id\":\"https:\\\/\\\/powermepronto.com\\\/get-laredos-cheapest-prepaid-no-deposit-power-no-contract\\\/#breadcrumb\",\"itemListElement\":[{\"@type\":\"ListItem\",\"position\":1,\"name\":\"Home\",\"item\":\"https:\\\/\\\/powermepronto.com\\\/en\\\/\"},{\"@type\":\"ListItem\",\"position\":2,\"name\":\"Get Laredo\u2019s Cheapest Prepaid No-Deposit Power &#8211; No Contract!\"}]},{\"@type\":\"WebSite\",\"@id\":\"https:\\\/\\\/powermepronto.com\\\/en\\\/#website\",\"url\":\"https:\\\/\\\/powermepronto.com\\\/en\\\/\",\"name\":\"Pronto Power\",\"description\":\"\",\"potentialAction\":[{\"@type\":\"SearchAction\",\"target\":{\"@type\":\"EntryPoint\",\"urlTemplate\":\"https:\\\/\\\/powermepronto.com\\\/en\\\/?s={search_term_string}\"},\"query-input\":{\"@type\":\"PropertyValueSpecification\",\"valueRequired\":true,\"valueName\":\"search_term_string\"}}],\"inLanguage\":\"es\"}]}<\/script>\n<!-- \/ Yoast SEO plugin. -->","yoast_head_json":{"title":"[:en]Get Laredo\u2019s Cheapest Prepaid No-Deposit Power - No Contract![:es]Obtenga el poder sin dep\u00f3sito prepago m\u00e1s barato de Laredo, \u00a1sin contrato![:] - Pronto Power","description":"[:en]Get the cheapest prepaid electric rates in Laredo. Plus find out how to save 20% more. No deposit. No contract. No hidden fees. Join free today! 844.621.2852[:es]Obtenga las tarifas el\u00e9ctricas prepagas m\u00e1s econ\u00f3micas en Laredo. Adem\u00e1s, descubra c\u00f3mo ahorrar un 20% m\u00e1s. No hay dep\u00f3sito. Sin contrato. Sin cuotas escondidas. \u00a1\u00danase gratis hoy! 844.621.2852[:]","robots":{"index":"index","follow":"follow","max-snippet":"max-snippet:-1","max-image-preview":"max-image-preview:large","max-video-preview":"max-video-preview:-1"},"canonical":"https:\/\/powermepronto.com\/get-laredos-cheapest-prepaid-no-deposit-power-no-contract\/","og_locale":"es_ES","og_type":"article","og_title":"[:en]Get Laredo\u2019s Cheapest Prepaid No-Deposit Power - No Contract![:es]Obtenga el poder sin dep\u00f3sito prepago m\u00e1s barato de Laredo, \u00a1sin contrato![:] - Pronto Power","og_description":"[:en]Get the cheapest prepaid electric rates in Laredo. Plus find out how to save 20% more. No deposit. No contract. No hidden fees. Join free today! 844.621.2852[:es]Obtenga las tarifas el\u00e9ctricas prepagas m\u00e1s econ\u00f3micas en Laredo. Adem\u00e1s, descubra c\u00f3mo ahorrar un 20% m\u00e1s. No hay dep\u00f3sito. Sin contrato. Sin cuotas escondidas. \u00a1\u00danase gratis hoy! 844.621.2852[:]","og_url":"https:\/\/powermepronto.com\/get-laredos-cheapest-prepaid-no-deposit-power-no-contract\/","og_site_name":"Pronto Power","article_modified_time":"2022-12-21T10:41:19+00:00","twitter_card":"summary_large_image","twitter_misc":{"Tiempo de lectura":"5 minutos"},"schema":{"@context":"https:\/\/schema.org","@graph":[{"@type":"WebPage","@id":"https:\/\/powermepronto.com\/get-laredos-cheapest-prepaid-no-deposit-power-no-contract\/","url":"https:\/\/powermepronto.com\/get-laredos-cheapest-prepaid-no-deposit-power-no-contract\/","name":"[:en]Get Laredo\u2019s Cheapest Prepaid No-Deposit Power - No Contract![:es]Obtenga el poder sin dep\u00f3sito prepago m\u00e1s barato de Laredo, \u00a1sin contrato![:] - Pronto Power","isPartOf":{"@id":"https:\/\/powermepronto.com\/en\/#website"},"datePublished":"2021-11-01T19:00:15+00:00","dateModified":"2022-12-21T10:41:19+00:00","description":"[:en]Get the cheapest prepaid electric rates in Laredo. Plus find out how to save 20% more. No deposit. No contract. No hidden fees. Join free today! 844.621.2852[:es]Obtenga las tarifas el\u00e9ctricas prepagas m\u00e1s econ\u00f3micas en Laredo. Adem\u00e1s, descubra c\u00f3mo ahorrar un 20% m\u00e1s. No hay dep\u00f3sito. Sin contrato. Sin cuotas escondidas. \u00a1\u00danase gratis hoy! 844.621.2852[:]","breadcrumb":{"@id":"https:\/\/powermepronto.com\/get-laredos-cheapest-prepaid-no-deposit-power-no-contract\/#breadcrumb"},"inLanguage":"es","potentialAction":[{"@type":"ReadAction","target":["https:\/\/powermepronto.com\/get-laredos-cheapest-prepaid-no-deposit-power-no-contract\/"]}]},{"@type":"BreadcrumbList","@id":"https:\/\/powermepronto.com\/get-laredos-cheapest-prepaid-no-deposit-power-no-contract\/#breadcrumb","itemListElement":[{"@type":"ListItem","position":1,"name":"Home","item":"https:\/\/powermepronto.com\/en\/"},{"@type":"ListItem","position":2,"name":"Get Laredo\u2019s Cheapest Prepaid No-Deposit Power &#8211; No Contract!"}]},{"@type":"WebSite","@id":"https:\/\/powermepronto.com\/en\/#website","url":"https:\/\/powermepronto.com\/en\/","name":"Pronto Power","description":"","potentialAction":[{"@type":"SearchAction","target":{"@type":"EntryPoint","urlTemplate":"https:\/\/powermepronto.com\/en\/?s={search_term_string}"},"query-input":{"@type":"PropertyValueSpecification","valueRequired":true,"valueName":"search_term_string"}}],"inLanguage":"es"}]}},"_links":{"self":[{"href":"https:\/\/powermepronto.com\/es\/wp-json\/wp\/v2\/pages\/2823","targetHints":{"allow":["GET"]}}],"collection":[{"href":"https:\/\/powermepronto.com\/es\/wp-json\/wp\/v2\/pages"}],"about":[{"href":"https:\/\/powermepronto.com\/es\/wp-json\/wp\/v2\/types\/page"}],"author":[{"embeddable":true,"href":"https:\/\/powermepronto.com\/es\/wp-json\/wp\/v2\/users\/1"}],"replies":[{"embeddable":true,"href":"https:\/\/powermepronto.com\/es\/wp-json\/wp\/v2\/comments?post=2823"}],"version-history":[{"count":4,"href":"https:\/\/powermepronto.com\/es\/wp-json\/wp\/v2\/pages\/2823\/revisions"}],"predecessor-version":[{"id":3513,"href":"https:\/\/powermepronto.com\/es\/wp-json\/wp\/v2\/pages\/2823\/revisions\/3513"}],"wp:attachment":[{"href":"https:\/\/powermepronto.com\/es\/wp-json\/wp\/v2\/media?parent=2823"}],"curies":[{"name":"wp","href":"https:\/\/api.w.org\/{rel}","templated":true}]}}