{"id":2785,"date":"2021-10-04T09:36:16","date_gmt":"2021-10-04T14:36:16","guid":{"rendered":"https:\/\/powermepronto.com\/?page_id=2785"},"modified":"2022-12-21T04:58:07","modified_gmt":"2022-12-21T10:58:07","slug":"haltom-citys-cheapest-prepay-electric-with-no-contract","status":"publish","type":"page","link":"https:\/\/powermepronto.com\/es\/haltom-citys-cheapest-prepay-electric-with-no-contract\/","title":{"rendered":"\u00a1La electricidad prepago m\u00e1s barata de Haltom City sin contrato!"},"content":{"rendered":"<p>\u00bfEst\u00e1 cansado de las contornos que obtiene de tantos REP que prometen tarifas econ\u00f3micas, pero qui\u00e9n realmente carga sus contratos con tarifas ocultas?<\/p>\n<p>\u00bfA qui\u00e9n sirven de todos modos? Se supone que te servir\u00e1n. Pero realmente resulta que crearon un buen negocio para ellos mismos.<\/p>\n<p>Bueno, con Pronto Power, realmente obtienes el poder sin dep\u00f3sito m\u00e1s barato en Haltom City. Y para demostrarlo, no firma un contrato ni paga tarifas ocultas.<\/p>\n<p>Eso significa que tenemos que cumplir nuestra promesa. O puede cancelar y pasar a otro REP.<\/p>\n<p>Pero hemos creado un trato tan agradable que no querr\u00e1s probar con nadie m\u00e1s. Adem\u00e1s de las tarifas el\u00e9ctricas prepagas m\u00e1s baratas en Haltom City (adem\u00e1s de sin contrato), tambi\u00e9n hay:<\/p>\n<ul>\n<li>Sin verificaci\u00f3n de cr\u00e9dito<\/li>\n<li>Sin verificaci\u00f3n de identificaci\u00f3n<\/li>\n<li>Sin tarifas de conexi\u00f3n<\/li>\n<li>Sin tarifas de desconexi\u00f3n<\/li>\n<\/ul>\n<p>Y el servicio al cliente est\u00e1 ansioso por ayudarlo a superar incluso la mayor dificultad financiera.<\/p>\n<p>Recuerde, tenemos que cumplir nuestra promesa. Eso se debe a que no firma un contrato y puede cancelar su servicio sin problemas en cualquier momento y por cualquier motivo.<\/p>\n<h2>\u00bfC\u00f3mo puede Pronto Power ofrecer una oferta tan incre\u00edble?<\/h2>\n<p>Hemos optimizado nuestras operaciones internas para lograr la mayor rentabilidad posible y lo hemos hecho hasta tal punto que ninguna otra compa\u00f1\u00eda el\u00e9ctrica de Texas puede igualar esta oferta.<\/p>\n<h2>\u00bfComo funciona?<\/h2>\n<p>Luego, agrega fondos como mejor le funcione (mensualmente, semanalmente o incluso diariamente si lo desea).<\/p>\n<p>Recibir\u00e1s un recordatorio por correo electr\u00f3nico o mensaje de texto (o ambos, a tu elecci\u00f3n) a las 7 a. M. Todos los d\u00edas. Siempre que tenga un solo centavo en su cuenta prepaga antes de la 1 PM, su electricidad permanece encendida.<\/p>\n<p>Y recuerde, el servicio al cliente se complace en ayudarlo con un plan de pago diferido si el pago se vuelve dif\u00edcil para usted por cualquier motivo.<\/p>\n<p>Adem\u00e1s, ahorre un 20% (y tal vez incluso m\u00e1s) de las tarifas prepagas m\u00e1s econ\u00f3micas que Haltom City tiene para ofrecer<\/p>\n<p>\u00c9ste est\u00e1 totalmente bajo tu control. Cuando se une a Pronto Power, obtiene acceso gratuito a una aplicaci\u00f3n de monitoreo de electricidad en l\u00ednea.<\/p>\n<p>Inicie sesi\u00f3n para ver exactamente c\u00f3mo est\u00e1 usando la electricidad en este mismo segundo.<\/p>\n<p>Muchos de nuestros clientes usan esto para aprender c\u00f3mo usan la electricidad a lo largo del tiempo. Luego cambian su comportamiento.<\/p>\n<p>Muchos ahorran un 20% &#8230; \u00a1y algunos incluso m\u00e1s!<\/p>\n<h2>\u00danase a Pronto Power Free dentro de una hora para acceder a las tarifas prepagas m\u00e1s econ\u00f3micas<\/h2>\n<p>Mire, simplemente no puede encontrar un mejor trato general sin absolutamente ning\u00fan riesgo.<\/p>\n<p>Obtenga las tarifas prepagas m\u00e1s baratas que puede encontrar en Haltom City en una hora si su hogar tiene un medidor inteligente (el 99% lo tiene).<\/p>\n<p>Llame al <span class=\"affiliatecode\">844.621.2852<\/span> para unirse a Pronto Power gratis hoy.<\/p>","protected":false},"excerpt":{"rendered":"<p>\u00bfEst\u00e1 cansado de las contornos que obtiene de tantos REP que prometen tarifas econ\u00f3micas, pero qui\u00e9n realmente carga sus contratos con tarifas ocultas? \u00bfA qui\u00e9n sirven de todos modos? Se supone que te servir\u00e1n. Pero realmente resulta que crearon un buen negocio para ellos mismos. Bueno, con Pronto Power, realmente obtienes el poder sin dep\u00f3sito &hellip; <a href=\"https:\/\/powermepronto.com\/es\/haltom-citys-cheapest-prepay-electric-with-no-contract\/\" class=\"more-link\">Continue reading <span class=\"screen-reader-text\">\u00a1La electricidad prepago m\u00e1s barata de Haltom City sin contrato!<\/span><\/a><\/p>\n","protected":false},"author":1,"featured_media":0,"parent":0,"menu_order":0,"comment_status":"closed","ping_status":"closed","template":"","meta":{"_acf_changed":false,"_glsr_average":0,"_glsr_ranking":0,"_glsr_reviews":0,"footnotes":"","_links_to":"","_links_to_target":""},"class_list":["post-2785","page","type-page","status-publish","hentry"],"acf":[],"yoast_head":"<!-- This site is optimized with the Yoast SEO plugin v27.6 - https:\/\/yoast.com\/product\/yoast-seo-wordpress\/ -->\n<title>\u00a1La electricidad prepago m\u00e1s barata de Haltom City sin contrato! - Pronto Power<\/title>\n<meta name=\"description\" content=\"[:en]Get the cheapest prepaid electric rates in Haltom City. Plus find out how to save 20% more. No deposit. No contract. No hidden fees. Join free today! 844.621.2852[:es]Obtenga las tarifas el\u00e9ctricas prepagas m\u00e1s baratas en Haltom City. Adem\u00e1s, descubra c\u00f3mo ahorrar un 20% m\u00e1s. No hay dep\u00f3sito. Sin contrato. Sin cuotas escondidas. \u00a1\u00danase gratis hoy! 844.621.2852[:]\" \/>\n<meta name=\"robots\" content=\"index, follow, max-snippet:-1, max-image-preview:large, max-video-preview:-1\" \/>\n<link rel=\"canonical\" href=\"https:\/\/powermepronto.com\/haltom-citys-cheapest-prepay-electric-with-no-contract\/\" \/>\n<meta property=\"og:locale\" content=\"es_ES\" \/>\n<meta property=\"og:type\" content=\"article\" \/>\n<meta property=\"og:title\" content=\"[:en]Haltom City\u2019s Cheapest Prepay Electric with No Contract![:es]\u00a1La electricidad prepago m\u00e1s barata de Haltom City sin contrato![:] - Pronto Power\" \/>\n<meta property=\"og:description\" content=\"[:en]Get the cheapest prepaid electric rates in Haltom City. Plus find out how to save 20% more. No deposit. No contract. No hidden fees. Join free today! 844.621.2852[:es]Obtenga las tarifas el\u00e9ctricas prepagas m\u00e1s baratas en Haltom City. Adem\u00e1s, descubra c\u00f3mo ahorrar un 20% m\u00e1s. No hay dep\u00f3sito. Sin contrato. Sin cuotas escondidas. \u00a1\u00danase gratis hoy! 844.621.2852[:]\" \/>\n<meta property=\"og:url\" content=\"https:\/\/powermepronto.com\/haltom-citys-cheapest-prepay-electric-with-no-contract\/\" \/>\n<meta property=\"og:site_name\" content=\"Pronto Power\" \/>\n<meta property=\"article:modified_time\" content=\"2022-12-21T10:58:07+00:00\" \/>\n<meta name=\"twitter:card\" content=\"summary_large_image\" \/>\n<meta name=\"twitter:label1\" content=\"Tiempo de lectura\" \/>\n\t<meta name=\"twitter:data1\" content=\"5 minutos\" \/>\n<script type=\"application\/ld+json\" class=\"yoast-schema-graph\">{\"@context\":\"https:\\\/\\\/schema.org\",\"@graph\":[{\"@type\":\"WebPage\",\"@id\":\"https:\\\/\\\/powermepronto.com\\\/haltom-citys-cheapest-prepay-electric-with-no-contract\\\/\",\"url\":\"https:\\\/\\\/powermepronto.com\\\/haltom-citys-cheapest-prepay-electric-with-no-contract\\\/\",\"name\":\"[:en]Haltom City\u2019s Cheapest Prepay Electric with No Contract![:es]\u00a1La electricidad prepago m\u00e1s barata de Haltom City sin contrato![:] - Pronto Power\",\"isPartOf\":{\"@id\":\"https:\\\/\\\/powermepronto.com\\\/en\\\/#website\"},\"datePublished\":\"2021-10-04T14:36:16+00:00\",\"dateModified\":\"2022-12-21T10:58:07+00:00\",\"description\":\"[:en]Get the cheapest prepaid electric rates in Haltom City. Plus find out how to save 20% more. No deposit. No contract. No hidden fees. Join free today! 844.621.2852[:es]Obtenga las tarifas el\u00e9ctricas prepagas m\u00e1s baratas en Haltom City. Adem\u00e1s, descubra c\u00f3mo ahorrar un 20% m\u00e1s. No hay dep\u00f3sito. Sin contrato. Sin cuotas escondidas. \u00a1\u00danase gratis hoy! 844.621.2852[:]\",\"breadcrumb\":{\"@id\":\"https:\\\/\\\/powermepronto.com\\\/haltom-citys-cheapest-prepay-electric-with-no-contract\\\/#breadcrumb\"},\"inLanguage\":\"es\",\"potentialAction\":[{\"@type\":\"ReadAction\",\"target\":[\"https:\\\/\\\/powermepronto.com\\\/haltom-citys-cheapest-prepay-electric-with-no-contract\\\/\"]}]},{\"@type\":\"BreadcrumbList\",\"@id\":\"https:\\\/\\\/powermepronto.com\\\/haltom-citys-cheapest-prepay-electric-with-no-contract\\\/#breadcrumb\",\"itemListElement\":[{\"@type\":\"ListItem\",\"position\":1,\"name\":\"Home\",\"item\":\"https:\\\/\\\/powermepronto.com\\\/en\\\/\"},{\"@type\":\"ListItem\",\"position\":2,\"name\":\"Haltom City\u2019s Cheapest Prepay Electric with No Contract!\"}]},{\"@type\":\"WebSite\",\"@id\":\"https:\\\/\\\/powermepronto.com\\\/en\\\/#website\",\"url\":\"https:\\\/\\\/powermepronto.com\\\/en\\\/\",\"name\":\"Pronto Power\",\"description\":\"\",\"potentialAction\":[{\"@type\":\"SearchAction\",\"target\":{\"@type\":\"EntryPoint\",\"urlTemplate\":\"https:\\\/\\\/powermepronto.com\\\/en\\\/?s={search_term_string}\"},\"query-input\":{\"@type\":\"PropertyValueSpecification\",\"valueRequired\":true,\"valueName\":\"search_term_string\"}}],\"inLanguage\":\"es\"}]}<\/script>\n<!-- \/ Yoast SEO plugin. -->","yoast_head_json":{"title":"[:en]Haltom City\u2019s Cheapest Prepay Electric with No Contract![:es]\u00a1La electricidad prepago m\u00e1s barata de Haltom City sin contrato![:] - Pronto Power","description":"[:en]Get the cheapest prepaid electric rates in Haltom City. Plus find out how to save 20% more. No deposit. No contract. No hidden fees. Join free today! 844.621.2852[:es]Obtenga las tarifas el\u00e9ctricas prepagas m\u00e1s baratas en Haltom City. Adem\u00e1s, descubra c\u00f3mo ahorrar un 20% m\u00e1s. No hay dep\u00f3sito. Sin contrato. Sin cuotas escondidas. \u00a1\u00danase gratis hoy! 844.621.2852[:]","robots":{"index":"index","follow":"follow","max-snippet":"max-snippet:-1","max-image-preview":"max-image-preview:large","max-video-preview":"max-video-preview:-1"},"canonical":"https:\/\/powermepronto.com\/haltom-citys-cheapest-prepay-electric-with-no-contract\/","og_locale":"es_ES","og_type":"article","og_title":"[:en]Haltom City\u2019s Cheapest Prepay Electric with No Contract![:es]\u00a1La electricidad prepago m\u00e1s barata de Haltom City sin contrato![:] - Pronto Power","og_description":"[:en]Get the cheapest prepaid electric rates in Haltom City. Plus find out how to save 20% more. No deposit. No contract. No hidden fees. Join free today! 844.621.2852[:es]Obtenga las tarifas el\u00e9ctricas prepagas m\u00e1s baratas en Haltom City. Adem\u00e1s, descubra c\u00f3mo ahorrar un 20% m\u00e1s. No hay dep\u00f3sito. Sin contrato. Sin cuotas escondidas. \u00a1\u00danase gratis hoy! 844.621.2852[:]","og_url":"https:\/\/powermepronto.com\/haltom-citys-cheapest-prepay-electric-with-no-contract\/","og_site_name":"Pronto Power","article_modified_time":"2022-12-21T10:58:07+00:00","twitter_card":"summary_large_image","twitter_misc":{"Tiempo de lectura":"5 minutos"},"schema":{"@context":"https:\/\/schema.org","@graph":[{"@type":"WebPage","@id":"https:\/\/powermepronto.com\/haltom-citys-cheapest-prepay-electric-with-no-contract\/","url":"https:\/\/powermepronto.com\/haltom-citys-cheapest-prepay-electric-with-no-contract\/","name":"[:en]Haltom City\u2019s Cheapest Prepay Electric with No Contract![:es]\u00a1La electricidad prepago m\u00e1s barata de Haltom City sin contrato![:] - Pronto Power","isPartOf":{"@id":"https:\/\/powermepronto.com\/en\/#website"},"datePublished":"2021-10-04T14:36:16+00:00","dateModified":"2022-12-21T10:58:07+00:00","description":"[:en]Get the cheapest prepaid electric rates in Haltom City. Plus find out how to save 20% more. No deposit. No contract. No hidden fees. Join free today! 844.621.2852[:es]Obtenga las tarifas el\u00e9ctricas prepagas m\u00e1s baratas en Haltom City. Adem\u00e1s, descubra c\u00f3mo ahorrar un 20% m\u00e1s. No hay dep\u00f3sito. Sin contrato. Sin cuotas escondidas. \u00a1\u00danase gratis hoy! 844.621.2852[:]","breadcrumb":{"@id":"https:\/\/powermepronto.com\/haltom-citys-cheapest-prepay-electric-with-no-contract\/#breadcrumb"},"inLanguage":"es","potentialAction":[{"@type":"ReadAction","target":["https:\/\/powermepronto.com\/haltom-citys-cheapest-prepay-electric-with-no-contract\/"]}]},{"@type":"BreadcrumbList","@id":"https:\/\/powermepronto.com\/haltom-citys-cheapest-prepay-electric-with-no-contract\/#breadcrumb","itemListElement":[{"@type":"ListItem","position":1,"name":"Home","item":"https:\/\/powermepronto.com\/en\/"},{"@type":"ListItem","position":2,"name":"Haltom City\u2019s Cheapest Prepay Electric with No Contract!"}]},{"@type":"WebSite","@id":"https:\/\/powermepronto.com\/en\/#website","url":"https:\/\/powermepronto.com\/en\/","name":"Pronto Power","description":"","potentialAction":[{"@type":"SearchAction","target":{"@type":"EntryPoint","urlTemplate":"https:\/\/powermepronto.com\/en\/?s={search_term_string}"},"query-input":{"@type":"PropertyValueSpecification","valueRequired":true,"valueName":"search_term_string"}}],"inLanguage":"es"}]}},"_links":{"self":[{"href":"https:\/\/powermepronto.com\/es\/wp-json\/wp\/v2\/pages\/2785","targetHints":{"allow":["GET"]}}],"collection":[{"href":"https:\/\/powermepronto.com\/es\/wp-json\/wp\/v2\/pages"}],"about":[{"href":"https:\/\/powermepronto.com\/es\/wp-json\/wp\/v2\/types\/page"}],"author":[{"embeddable":true,"href":"https:\/\/powermepronto.com\/es\/wp-json\/wp\/v2\/users\/1"}],"replies":[{"embeddable":true,"href":"https:\/\/powermepronto.com\/es\/wp-json\/wp\/v2\/comments?post=2785"}],"version-history":[{"count":4,"href":"https:\/\/powermepronto.com\/es\/wp-json\/wp\/v2\/pages\/2785\/revisions"}],"predecessor-version":[{"id":3532,"href":"https:\/\/powermepronto.com\/es\/wp-json\/wp\/v2\/pages\/2785\/revisions\/3532"}],"wp:attachment":[{"href":"https:\/\/powermepronto.com\/es\/wp-json\/wp\/v2\/media?parent=2785"}],"curies":[{"name":"wp","href":"https:\/\/api.w.org\/{rel}","templated":true}]}}