{"id":2779,"date":"2021-10-04T09:29:50","date_gmt":"2021-10-04T14:29:50","guid":{"rendered":"https:\/\/powermepronto.com\/?page_id=2779"},"modified":"2022-12-21T05:18:14","modified_gmt":"2022-12-21T11:18:14","slug":"hursts-cheapest-prepay-electric-no-deposit-no-hidden-fees-no-contract","status":"publish","type":"page","link":"https:\/\/powermepronto.com\/es\/hursts-cheapest-prepay-electric-no-deposit-no-hidden-fees-no-contract\/","title":{"rendered":"\u00a1El prepago sin dep\u00f3sito m\u00e1s econ\u00f3mico de Hurst sin contrato!"},"content":{"rendered":"<p>Le\u00edste bien el t\u00edtulo. Y es 100% cierto.<\/p>\n<p>Adem\u00e1s, con Pronto Power, hay:<\/p>\n<ul>\n<li>Sin verificaci\u00f3n de cr\u00e9dito<\/li>\n<li>Sin verificaci\u00f3n de identificaci\u00f3n<\/li>\n<li>Sin tarifas de conexi\u00f3n<\/li>\n<li>Sin tarifas de desconexi\u00f3n<\/li>\n<\/ul>\n<p>Adem\u00e1s, para colmo, el servicio al cliente est\u00e1 ansioso por hacer su trabajo. Si tiene problemas para pagar por cualquier motivo, simplemente llame. Nos complace ayudarlo a crear un plan de pago que lo ayude a superar los momentos financieros m\u00e1s dif\u00edciles.<\/p>\n<p>Y sabe que esto es un trato real porque no firma un contrato ni paga ninguna tarifa para unirse u obtener el servicio.<\/p>\n<p>Tienes un riesgo absolutamente cero.<\/p>\n<p>Eso significa que tenemos que cumplir nuestra promesa. O simplemente puede ir a otro lugar en cualquier momento y por cualquier motivo.<\/p>\n<h2>\u00a1Suena demasiado bueno para ser verdad! \u00bfC\u00f3mo puede Pronto Power ofrecer una oferta tan incre\u00edble?<\/h2>\n<p>Bueno, hemos optimizado nuestras propias operaciones internas para lograr el mayor ahorro de costos posible.<\/p>\n<p>Tanto es as\u00ed que otras compa\u00f1\u00edas el\u00e9ctricas de Texas simplemente no pueden igualar esta oferta.<\/p>\n<h2>\u00bfC\u00f3mo funciona la uni\u00f3n?<\/h2>\n<p>Bueno, es realmente simple. Ll\u00e1manos. Te preparamos para el servicio.<\/p>\n<p>Luego, pague como mejor le convenga: mensual, semanal o incluso diario si lo desea.<\/p>\n<p>Siempre que tenga un solo centavo en su cuenta antes de la 1 PM cada d\u00eda, su electricidad permanece encendida.<\/p>\n<p>Recibir\u00e1 recordatorios por correo electr\u00f3nico o mensaje de texto (o ambos, seg\u00fan su elecci\u00f3n) para recordarle que debe pagar a las 7 a. M. Todos los d\u00edas.<\/p>\n<p>Y si tiene problemas para pagar por cualquier motivo, simplemente llame al servicio de atenci\u00f3n al cliente. Nos complace ayudarlo a crear un plan de pago.<\/p>\n<h2>C\u00f3mo puede ahorrar un 20% m\u00e1s de las tarifas prepagas ya m\u00e1s econ\u00f3micas en Hurst<\/h2>\n<p>Este es bastante simple y te da el control total.<\/p>\n<p>Cuando se une a Pronto Power, obtiene acceso a un software gratuito de monitoreo de electricidad.<\/p>\n<p>Simplemente inicie sesi\u00f3n para ver c\u00f3mo est\u00e1 usando la electricidad en este mismo segundo.<\/p>\n<p>A medida que aprenda c\u00f3mo usa la electricidad a lo largo del tiempo, podr\u00e1 identificar c\u00f3mo tomar diferentes decisiones de uso.<\/p>\n<p>Todas esas decisiones se suman. Muchos clientes ahorran un 20% &#8230; \u00a1y algunos incluso m\u00e1s!<\/p>\n<h2>Obtenga el poder prepago sin dep\u00f3sito m\u00e1s barato en Haslet Free en una hora<\/h2>\n<p>Todo lo que necesita su hogar es un medidor inteligente (el 99% de los hogares tiene uno).<\/p>\n<p>Luego, para obtener las tarifas prepagas m\u00e1s econ\u00f3micas, simplemente ll\u00e1menos al <span class=\"affiliatecode\">844.621.2852<\/span>.<\/p>","protected":false},"excerpt":{"rendered":"<p>Le\u00edste bien el t\u00edtulo. Y es 100% cierto. Adem\u00e1s, con Pronto Power, hay: Sin verificaci\u00f3n de cr\u00e9dito Sin verificaci\u00f3n de identificaci\u00f3n Sin tarifas de conexi\u00f3n Sin tarifas de desconexi\u00f3n Adem\u00e1s, para colmo, el servicio al cliente est\u00e1 ansioso por hacer su trabajo. Si tiene problemas para pagar por cualquier motivo, simplemente llame. Nos complace ayudarlo &hellip; <a href=\"https:\/\/powermepronto.com\/es\/hursts-cheapest-prepay-electric-no-deposit-no-hidden-fees-no-contract\/\" class=\"more-link\">Continue reading <span class=\"screen-reader-text\">\u00a1El prepago sin dep\u00f3sito m\u00e1s econ\u00f3mico de Hurst sin contrato!<\/span><\/a><\/p>\n","protected":false},"author":1,"featured_media":0,"parent":0,"menu_order":0,"comment_status":"closed","ping_status":"closed","template":"","meta":{"_acf_changed":false,"_glsr_average":0,"_glsr_ranking":0,"_glsr_reviews":0,"footnotes":"","_links_to":"","_links_to_target":""},"class_list":["post-2779","page","type-page","status-publish","hentry"],"acf":[],"yoast_head":"<!-- This site is optimized with the Yoast SEO plugin v27.5 - https:\/\/yoast.com\/product\/yoast-seo-wordpress\/ -->\n<title>\u00a1El prepago sin dep\u00f3sito m\u00e1s econ\u00f3mico de Hurst sin contrato! - Pronto Power<\/title>\n<meta name=\"description\" content=\"[:en]Get the cheapest prepaid electric rates in Hurst. Plus find out how to save 20% more. No deposit. No contract. No hidden fees. Join free today! 844.621.2852[:es]Obtenga las tarifas de prepago prepago m\u00e1s baratas en Hurst. Adem\u00e1s, descubra c\u00f3mo ahorrar un 20% m\u00e1s. No hay dep\u00f3sito. Sin contrato. Sin cuotas escondidas. \u00a1\u00danase gratis hoy! 844.621.2852[:]\" \/>\n<meta name=\"robots\" content=\"index, follow, max-snippet:-1, max-image-preview:large, max-video-preview:-1\" \/>\n<link rel=\"canonical\" href=\"https:\/\/powermepronto.com\/hursts-cheapest-prepay-electric-no-deposit-no-hidden-fees-no-contract\/\" \/>\n<meta property=\"og:locale\" content=\"es_ES\" \/>\n<meta property=\"og:type\" content=\"article\" \/>\n<meta property=\"og:title\" content=\"[:en]Hurst\u2019s Cheapest Prepay Electric: No Deposit, No Hidden Fees, No Contract![:es]\u00a1El prepago sin dep\u00f3sito m\u00e1s econ\u00f3mico de Hurst sin contrato![:] - Pronto Power\" \/>\n<meta property=\"og:description\" content=\"[:en]Get the cheapest prepaid electric rates in Hurst. Plus find out how to save 20% more. No deposit. No contract. No hidden fees. Join free today! 844.621.2852[:es]Obtenga las tarifas de prepago prepago m\u00e1s baratas en Hurst. Adem\u00e1s, descubra c\u00f3mo ahorrar un 20% m\u00e1s. No hay dep\u00f3sito. Sin contrato. Sin cuotas escondidas. \u00a1\u00danase gratis hoy! 844.621.2852[:]\" \/>\n<meta property=\"og:url\" content=\"https:\/\/powermepronto.com\/hursts-cheapest-prepay-electric-no-deposit-no-hidden-fees-no-contract\/\" \/>\n<meta property=\"og:site_name\" content=\"Pronto Power\" \/>\n<meta property=\"article:modified_time\" content=\"2022-12-21T11:18:14+00:00\" \/>\n<meta name=\"twitter:card\" content=\"summary_large_image\" \/>\n<meta name=\"twitter:label1\" content=\"Tiempo de lectura\" \/>\n\t<meta name=\"twitter:data1\" content=\"4 minutos\" \/>\n<script type=\"application\/ld+json\" class=\"yoast-schema-graph\">{\"@context\":\"https:\\\/\\\/schema.org\",\"@graph\":[{\"@type\":\"WebPage\",\"@id\":\"https:\\\/\\\/powermepronto.com\\\/hursts-cheapest-prepay-electric-no-deposit-no-hidden-fees-no-contract\\\/\",\"url\":\"https:\\\/\\\/powermepronto.com\\\/hursts-cheapest-prepay-electric-no-deposit-no-hidden-fees-no-contract\\\/\",\"name\":\"[:en]Hurst\u2019s Cheapest Prepay Electric: No Deposit, No Hidden Fees, No Contract![:es]\u00a1El prepago sin dep\u00f3sito m\u00e1s econ\u00f3mico de Hurst sin contrato![:] - Pronto Power\",\"isPartOf\":{\"@id\":\"https:\\\/\\\/powermepronto.com\\\/en\\\/#website\"},\"datePublished\":\"2021-10-04T14:29:50+00:00\",\"dateModified\":\"2022-12-21T11:18:14+00:00\",\"description\":\"[:en]Get the cheapest prepaid electric rates in Hurst. Plus find out how to save 20% more. No deposit. No contract. No hidden fees. Join free today! 844.621.2852[:es]Obtenga las tarifas de prepago prepago m\u00e1s baratas en Hurst. Adem\u00e1s, descubra c\u00f3mo ahorrar un 20% m\u00e1s. No hay dep\u00f3sito. Sin contrato. Sin cuotas escondidas. \u00a1\u00danase gratis hoy! 844.621.2852[:]\",\"breadcrumb\":{\"@id\":\"https:\\\/\\\/powermepronto.com\\\/hursts-cheapest-prepay-electric-no-deposit-no-hidden-fees-no-contract\\\/#breadcrumb\"},\"inLanguage\":\"es\",\"potentialAction\":[{\"@type\":\"ReadAction\",\"target\":[\"https:\\\/\\\/powermepronto.com\\\/hursts-cheapest-prepay-electric-no-deposit-no-hidden-fees-no-contract\\\/\"]}]},{\"@type\":\"BreadcrumbList\",\"@id\":\"https:\\\/\\\/powermepronto.com\\\/hursts-cheapest-prepay-electric-no-deposit-no-hidden-fees-no-contract\\\/#breadcrumb\",\"itemListElement\":[{\"@type\":\"ListItem\",\"position\":1,\"name\":\"Home\",\"item\":\"https:\\\/\\\/powermepronto.com\\\/en\\\/\"},{\"@type\":\"ListItem\",\"position\":2,\"name\":\"Hurst\u2019s Cheapest Prepay Electric: No Deposit, No Hidden Fees, No Contract!\"}]},{\"@type\":\"WebSite\",\"@id\":\"https:\\\/\\\/powermepronto.com\\\/en\\\/#website\",\"url\":\"https:\\\/\\\/powermepronto.com\\\/en\\\/\",\"name\":\"Pronto Power\",\"description\":\"\",\"potentialAction\":[{\"@type\":\"SearchAction\",\"target\":{\"@type\":\"EntryPoint\",\"urlTemplate\":\"https:\\\/\\\/powermepronto.com\\\/en\\\/?s={search_term_string}\"},\"query-input\":{\"@type\":\"PropertyValueSpecification\",\"valueRequired\":true,\"valueName\":\"search_term_string\"}}],\"inLanguage\":\"es\"}]}<\/script>\n<!-- \/ Yoast SEO plugin. -->","yoast_head_json":{"title":"[:en]Hurst\u2019s Cheapest Prepay Electric: No Deposit, No Hidden Fees, No Contract![:es]\u00a1El prepago sin dep\u00f3sito m\u00e1s econ\u00f3mico de Hurst sin contrato![:] - Pronto Power","description":"[:en]Get the cheapest prepaid electric rates in Hurst. Plus find out how to save 20% more. No deposit. No contract. No hidden fees. Join free today! 844.621.2852[:es]Obtenga las tarifas de prepago prepago m\u00e1s baratas en Hurst. Adem\u00e1s, descubra c\u00f3mo ahorrar un 20% m\u00e1s. No hay dep\u00f3sito. Sin contrato. Sin cuotas escondidas. \u00a1\u00danase gratis hoy! 844.621.2852[:]","robots":{"index":"index","follow":"follow","max-snippet":"max-snippet:-1","max-image-preview":"max-image-preview:large","max-video-preview":"max-video-preview:-1"},"canonical":"https:\/\/powermepronto.com\/hursts-cheapest-prepay-electric-no-deposit-no-hidden-fees-no-contract\/","og_locale":"es_ES","og_type":"article","og_title":"[:en]Hurst\u2019s Cheapest Prepay Electric: No Deposit, No Hidden Fees, No Contract![:es]\u00a1El prepago sin dep\u00f3sito m\u00e1s econ\u00f3mico de Hurst sin contrato![:] - Pronto Power","og_description":"[:en]Get the cheapest prepaid electric rates in Hurst. Plus find out how to save 20% more. No deposit. No contract. No hidden fees. Join free today! 844.621.2852[:es]Obtenga las tarifas de prepago prepago m\u00e1s baratas en Hurst. Adem\u00e1s, descubra c\u00f3mo ahorrar un 20% m\u00e1s. No hay dep\u00f3sito. Sin contrato. Sin cuotas escondidas. \u00a1\u00danase gratis hoy! 844.621.2852[:]","og_url":"https:\/\/powermepronto.com\/hursts-cheapest-prepay-electric-no-deposit-no-hidden-fees-no-contract\/","og_site_name":"Pronto Power","article_modified_time":"2022-12-21T11:18:14+00:00","twitter_card":"summary_large_image","twitter_misc":{"Tiempo de lectura":"4 minutos"},"schema":{"@context":"https:\/\/schema.org","@graph":[{"@type":"WebPage","@id":"https:\/\/powermepronto.com\/hursts-cheapest-prepay-electric-no-deposit-no-hidden-fees-no-contract\/","url":"https:\/\/powermepronto.com\/hursts-cheapest-prepay-electric-no-deposit-no-hidden-fees-no-contract\/","name":"[:en]Hurst\u2019s Cheapest Prepay Electric: No Deposit, No Hidden Fees, No Contract![:es]\u00a1El prepago sin dep\u00f3sito m\u00e1s econ\u00f3mico de Hurst sin contrato![:] - Pronto Power","isPartOf":{"@id":"https:\/\/powermepronto.com\/en\/#website"},"datePublished":"2021-10-04T14:29:50+00:00","dateModified":"2022-12-21T11:18:14+00:00","description":"[:en]Get the cheapest prepaid electric rates in Hurst. Plus find out how to save 20% more. No deposit. No contract. No hidden fees. Join free today! 844.621.2852[:es]Obtenga las tarifas de prepago prepago m\u00e1s baratas en Hurst. Adem\u00e1s, descubra c\u00f3mo ahorrar un 20% m\u00e1s. No hay dep\u00f3sito. Sin contrato. Sin cuotas escondidas. \u00a1\u00danase gratis hoy! 844.621.2852[:]","breadcrumb":{"@id":"https:\/\/powermepronto.com\/hursts-cheapest-prepay-electric-no-deposit-no-hidden-fees-no-contract\/#breadcrumb"},"inLanguage":"es","potentialAction":[{"@type":"ReadAction","target":["https:\/\/powermepronto.com\/hursts-cheapest-prepay-electric-no-deposit-no-hidden-fees-no-contract\/"]}]},{"@type":"BreadcrumbList","@id":"https:\/\/powermepronto.com\/hursts-cheapest-prepay-electric-no-deposit-no-hidden-fees-no-contract\/#breadcrumb","itemListElement":[{"@type":"ListItem","position":1,"name":"Home","item":"https:\/\/powermepronto.com\/en\/"},{"@type":"ListItem","position":2,"name":"Hurst\u2019s Cheapest Prepay Electric: No Deposit, No Hidden Fees, No Contract!"}]},{"@type":"WebSite","@id":"https:\/\/powermepronto.com\/en\/#website","url":"https:\/\/powermepronto.com\/en\/","name":"Pronto Power","description":"","potentialAction":[{"@type":"SearchAction","target":{"@type":"EntryPoint","urlTemplate":"https:\/\/powermepronto.com\/en\/?s={search_term_string}"},"query-input":{"@type":"PropertyValueSpecification","valueRequired":true,"valueName":"search_term_string"}}],"inLanguage":"es"}]}},"_links":{"self":[{"href":"https:\/\/powermepronto.com\/es\/wp-json\/wp\/v2\/pages\/2779","targetHints":{"allow":["GET"]}}],"collection":[{"href":"https:\/\/powermepronto.com\/es\/wp-json\/wp\/v2\/pages"}],"about":[{"href":"https:\/\/powermepronto.com\/es\/wp-json\/wp\/v2\/types\/page"}],"author":[{"embeddable":true,"href":"https:\/\/powermepronto.com\/es\/wp-json\/wp\/v2\/users\/1"}],"replies":[{"embeddable":true,"href":"https:\/\/powermepronto.com\/es\/wp-json\/wp\/v2\/comments?post=2779"}],"version-history":[{"count":4,"href":"https:\/\/powermepronto.com\/es\/wp-json\/wp\/v2\/pages\/2779\/revisions"}],"predecessor-version":[{"id":3543,"href":"https:\/\/powermepronto.com\/es\/wp-json\/wp\/v2\/pages\/2779\/revisions\/3543"}],"wp:attachment":[{"href":"https:\/\/powermepronto.com\/es\/wp-json\/wp\/v2\/media?parent=2779"}],"curies":[{"name":"wp","href":"https:\/\/api.w.org\/{rel}","templated":true}]}}