{"id":2751,"date":"2021-08-30T08:12:57","date_gmt":"2021-08-30T13:12:57","guid":{"rendered":"https:\/\/powermepronto.com\/?page_id=2751"},"modified":"2022-12-21T05:43:00","modified_gmt":"2022-12-21T11:43:00","slug":"the-cheapest-prepay-electric-in-fort-worth-with-no-contract","status":"publish","type":"page","link":"https:\/\/powermepronto.com\/es\/the-cheapest-prepay-electric-in-fort-worth-with-no-contract\/","title":{"rendered":"\u00a1La electricidad prepago m\u00e1s barata sin contrato en Fort Worth!"},"content":{"rendered":"<p>Paga menos. Ahorre m\u00e1s con un plan de electricidad simple que no le molesta.<\/p>\n<p>Tienes bastante complejidad en la vida. Vivir en el mundo moderno no es f\u00e1cil.<\/p>\n<p>Y ciertamente no necesita m\u00e1s problemas de su REP.<\/p>\n<p>Ah\u00ed es donde entra Pronto Power. Para facilitar las cosas, no debe firmar un contrato. Eso significa que puede cancelar en cualquier momento sin ning\u00fan riesgo.<\/p>\n<p>Pero eso no es todo. Con Pronto Power, hay:<\/p>\n<ul>\n<li>Las tarifas el\u00e9ctricas de prepago m\u00e1s baratas de Fort Worth<\/li>\n<li>Sin verificaci\u00f3n de cr\u00e9dito<\/li>\n<li>Sin verificaci\u00f3n de identificaci\u00f3n<\/li>\n<li>Sin tarifas ocultas<\/li>\n<li>Sin dep\u00f3sito<\/li>\n<li>Sin tarifas de conexi\u00f3n<\/li>\n<li>Sin tarifas de desconexi\u00f3n<\/li>\n<\/ul>\n<p>Y el servicio al cliente estar\u00e1 feliz de ayudarlo si se encuentra en problemas financieros.<\/p>\n<p>Todo esto significa que tenemos que cumplir nuestra promesa. Porque si no lo hacemos, puedes ir a donde quieras.<\/p>\n<h2>\u00bfC\u00f3mo puede Pronto Power ofrecer una oferta tan incre\u00edble?<\/h2>\n<p>Optimizamos nuestras operaciones de marketing, ventas y log\u00edstica para obtener los costos m\u00e1s bajos posibles. Y luego esos ahorros te pasan a ti.<\/p>\n<p>Es un proceso tan meticuloso que otras compa\u00f1\u00edas el\u00e9ctricas de Texas simplemente no pueden igualarlo.<\/p>\n<h2>\u00bfC\u00f3mo funciona el pago?<\/h2>\n<p>De hecho, es bastante flexible. <\/p>\n<p>Siempre que tenga solo un centavo en su cuenta prepaga antes de la 1:00 p. M. Todos los d\u00edas (recibe una notificaci\u00f3n por mensaje de texto o correo electr\u00f3nico a las 7:00 a. M.), La electricidad permanece encendida.<\/p>\n<p>Y si tiene problemas para pagar, por cualquier motivo, simplemente ll\u00e1menos. Nos complace ayudarlo a elaborar un plan de pago que lo ayude a superar las circunstancias financieras m\u00e1s dif\u00edciles.<\/p>\n<h2>Adem\u00e1s, ahorre un 20% (o m\u00e1s) de las tarifas prepagas ya m\u00e1s econ\u00f3micas en Fort Worth<\/h2>\n<p>Este depende totalmente de ti. Cuando se une a Pronto Power, obtiene acceso a una herramienta de monitoreo del uso de electricidad en l\u00ednea.<\/p>\n<p>Le muestra c\u00f3mo est\u00e1 usando la electricidad en este mismo segundo. Muchos de nuestros clientes usan esto para rastrear su uso a lo largo del tiempo y luego cambiar su comportamiento.<\/p>\n<p>Muchos ahorran un 20% &#8230; \u00a1y algunos incluso m\u00e1s!<\/p>\n<h2>\u00danase a Pronto Power Free en una hora para obtener las tarifas prepagas m\u00e1s econ\u00f3micas<\/h2>\n<p>Simplemente no puede encontrar una oferta mejor. Obtener:<\/p>\n<ul>\n<li>Las tarifas prepagas m\u00e1s econ\u00f3micas<\/li>\n<li>Sin tarifas ocultas<\/li>\n<li>Sin dep\u00f3sito<\/li>\n<li>Sin contrato<\/li>\n<li>La posibilidad de ahorrar un 20%<\/li>\n<\/ul>\n<p>&#8230; Todo dentro de una hora si tu casa tiene un contador inteligente.<\/p>\n<p>Llame al <span class=\"affiliatecode\">844.621.2852<\/span> ahora.<\/p>","protected":false},"excerpt":{"rendered":"<p>Paga menos. Ahorre m\u00e1s con un plan de electricidad simple que no le molesta. Tienes bastante complejidad en la vida. Vivir en el mundo moderno no es f\u00e1cil. Y ciertamente no necesita m\u00e1s problemas de su REP. Ah\u00ed es donde entra Pronto Power. Para facilitar las cosas, no debe firmar un contrato. Eso significa que &hellip; <a href=\"https:\/\/powermepronto.com\/es\/the-cheapest-prepay-electric-in-fort-worth-with-no-contract\/\" class=\"more-link\">Continue reading <span class=\"screen-reader-text\">\u00a1La electricidad prepago m\u00e1s barata sin contrato en Fort Worth!<\/span><\/a><\/p>\n","protected":false},"author":1,"featured_media":0,"parent":0,"menu_order":0,"comment_status":"closed","ping_status":"closed","template":"","meta":{"_acf_changed":false,"_glsr_average":0,"_glsr_ranking":0,"_glsr_reviews":0,"footnotes":"","_links_to":"","_links_to_target":""},"class_list":["post-2751","page","type-page","status-publish","hentry"],"acf":[],"yoast_head":"<!-- This site is optimized with the Yoast SEO plugin v27.6 - https:\/\/yoast.com\/product\/yoast-seo-wordpress\/ -->\n<title>\u00a1La electricidad prepago m\u00e1s barata sin contrato en Fort Worth! - Pronto Power<\/title>\n<meta name=\"description\" content=\"[:en]Get the cheapest prepaid electric rates in Fort Worth. Plus find out how to save 20% more. No deposit. No contract. No hidden fees. Join free today! 844.621.2852[:es]Obtenga las tarifas el\u00e9ctricas prepagas m\u00e1s econ\u00f3micas en Fort Worth. Adem\u00e1s, descubra c\u00f3mo ahorrar un 20% m\u00e1s. No hay dep\u00f3sito. Sin contrato. Sin cuotas escondidas. \u00a1\u00danase gratis hoy! 844.621.2852[:]\" \/>\n<meta name=\"robots\" content=\"index, follow, max-snippet:-1, max-image-preview:large, max-video-preview:-1\" \/>\n<link rel=\"canonical\" href=\"https:\/\/powermepronto.com\/the-cheapest-prepay-electric-in-fort-worth-with-no-contract\/\" \/>\n<meta property=\"og:locale\" content=\"es_ES\" \/>\n<meta property=\"og:type\" content=\"article\" \/>\n<meta property=\"og:title\" content=\"[:en]The Cheapest Prepay Electric in Fort Worth with No Contract![:es]\u00a1La electricidad prepago m\u00e1s barata sin contrato en Fort Worth![:] - Pronto Power\" \/>\n<meta property=\"og:description\" content=\"[:en]Get the cheapest prepaid electric rates in Fort Worth. Plus find out how to save 20% more. No deposit. No contract. No hidden fees. Join free today! 844.621.2852[:es]Obtenga las tarifas el\u00e9ctricas prepagas m\u00e1s econ\u00f3micas en Fort Worth. Adem\u00e1s, descubra c\u00f3mo ahorrar un 20% m\u00e1s. No hay dep\u00f3sito. Sin contrato. Sin cuotas escondidas. \u00a1\u00danase gratis hoy! 844.621.2852[:]\" \/>\n<meta property=\"og:url\" content=\"https:\/\/powermepronto.com\/the-cheapest-prepay-electric-in-fort-worth-with-no-contract\/\" \/>\n<meta property=\"og:site_name\" content=\"Pronto Power\" \/>\n<meta property=\"article:modified_time\" content=\"2022-12-21T11:43:00+00:00\" \/>\n<meta name=\"twitter:card\" content=\"summary_large_image\" \/>\n<meta name=\"twitter:label1\" content=\"Tiempo de lectura\" \/>\n\t<meta name=\"twitter:data1\" content=\"4 minutos\" \/>\n<script type=\"application\/ld+json\" class=\"yoast-schema-graph\">{\"@context\":\"https:\\\/\\\/schema.org\",\"@graph\":[{\"@type\":\"WebPage\",\"@id\":\"https:\\\/\\\/powermepronto.com\\\/the-cheapest-prepay-electric-in-fort-worth-with-no-contract\\\/\",\"url\":\"https:\\\/\\\/powermepronto.com\\\/the-cheapest-prepay-electric-in-fort-worth-with-no-contract\\\/\",\"name\":\"[:en]The Cheapest Prepay Electric in Fort Worth with No Contract![:es]\u00a1La electricidad prepago m\u00e1s barata sin contrato en Fort Worth![:] - Pronto Power\",\"isPartOf\":{\"@id\":\"https:\\\/\\\/powermepronto.com\\\/en\\\/#website\"},\"datePublished\":\"2021-08-30T13:12:57+00:00\",\"dateModified\":\"2022-12-21T11:43:00+00:00\",\"description\":\"[:en]Get the cheapest prepaid electric rates in Fort Worth. Plus find out how to save 20% more. No deposit. No contract. No hidden fees. Join free today! 844.621.2852[:es]Obtenga las tarifas el\u00e9ctricas prepagas m\u00e1s econ\u00f3micas en Fort Worth. Adem\u00e1s, descubra c\u00f3mo ahorrar un 20% m\u00e1s. No hay dep\u00f3sito. Sin contrato. Sin cuotas escondidas. \u00a1\u00danase gratis hoy! 844.621.2852[:]\",\"breadcrumb\":{\"@id\":\"https:\\\/\\\/powermepronto.com\\\/the-cheapest-prepay-electric-in-fort-worth-with-no-contract\\\/#breadcrumb\"},\"inLanguage\":\"es\",\"potentialAction\":[{\"@type\":\"ReadAction\",\"target\":[\"https:\\\/\\\/powermepronto.com\\\/the-cheapest-prepay-electric-in-fort-worth-with-no-contract\\\/\"]}]},{\"@type\":\"BreadcrumbList\",\"@id\":\"https:\\\/\\\/powermepronto.com\\\/the-cheapest-prepay-electric-in-fort-worth-with-no-contract\\\/#breadcrumb\",\"itemListElement\":[{\"@type\":\"ListItem\",\"position\":1,\"name\":\"Home\",\"item\":\"https:\\\/\\\/powermepronto.com\\\/en\\\/\"},{\"@type\":\"ListItem\",\"position\":2,\"name\":\"The Cheapest Prepay Electric in Fort Worth with No Contract!\"}]},{\"@type\":\"WebSite\",\"@id\":\"https:\\\/\\\/powermepronto.com\\\/en\\\/#website\",\"url\":\"https:\\\/\\\/powermepronto.com\\\/en\\\/\",\"name\":\"Pronto Power\",\"description\":\"\",\"potentialAction\":[{\"@type\":\"SearchAction\",\"target\":{\"@type\":\"EntryPoint\",\"urlTemplate\":\"https:\\\/\\\/powermepronto.com\\\/en\\\/?s={search_term_string}\"},\"query-input\":{\"@type\":\"PropertyValueSpecification\",\"valueRequired\":true,\"valueName\":\"search_term_string\"}}],\"inLanguage\":\"es\"}]}<\/script>\n<!-- \/ Yoast SEO plugin. -->","yoast_head_json":{"title":"[:en]The Cheapest Prepay Electric in Fort Worth with No Contract![:es]\u00a1La electricidad prepago m\u00e1s barata sin contrato en Fort Worth![:] - Pronto Power","description":"[:en]Get the cheapest prepaid electric rates in Fort Worth. Plus find out how to save 20% more. No deposit. No contract. No hidden fees. Join free today! 844.621.2852[:es]Obtenga las tarifas el\u00e9ctricas prepagas m\u00e1s econ\u00f3micas en Fort Worth. Adem\u00e1s, descubra c\u00f3mo ahorrar un 20% m\u00e1s. No hay dep\u00f3sito. Sin contrato. Sin cuotas escondidas. \u00a1\u00danase gratis hoy! 844.621.2852[:]","robots":{"index":"index","follow":"follow","max-snippet":"max-snippet:-1","max-image-preview":"max-image-preview:large","max-video-preview":"max-video-preview:-1"},"canonical":"https:\/\/powermepronto.com\/the-cheapest-prepay-electric-in-fort-worth-with-no-contract\/","og_locale":"es_ES","og_type":"article","og_title":"[:en]The Cheapest Prepay Electric in Fort Worth with No Contract![:es]\u00a1La electricidad prepago m\u00e1s barata sin contrato en Fort Worth![:] - Pronto Power","og_description":"[:en]Get the cheapest prepaid electric rates in Fort Worth. Plus find out how to save 20% more. No deposit. No contract. No hidden fees. Join free today! 844.621.2852[:es]Obtenga las tarifas el\u00e9ctricas prepagas m\u00e1s econ\u00f3micas en Fort Worth. Adem\u00e1s, descubra c\u00f3mo ahorrar un 20% m\u00e1s. No hay dep\u00f3sito. Sin contrato. Sin cuotas escondidas. \u00a1\u00danase gratis hoy! 844.621.2852[:]","og_url":"https:\/\/powermepronto.com\/the-cheapest-prepay-electric-in-fort-worth-with-no-contract\/","og_site_name":"Pronto Power","article_modified_time":"2022-12-21T11:43:00+00:00","twitter_card":"summary_large_image","twitter_misc":{"Tiempo de lectura":"4 minutos"},"schema":{"@context":"https:\/\/schema.org","@graph":[{"@type":"WebPage","@id":"https:\/\/powermepronto.com\/the-cheapest-prepay-electric-in-fort-worth-with-no-contract\/","url":"https:\/\/powermepronto.com\/the-cheapest-prepay-electric-in-fort-worth-with-no-contract\/","name":"[:en]The Cheapest Prepay Electric in Fort Worth with No Contract![:es]\u00a1La electricidad prepago m\u00e1s barata sin contrato en Fort Worth![:] - Pronto Power","isPartOf":{"@id":"https:\/\/powermepronto.com\/en\/#website"},"datePublished":"2021-08-30T13:12:57+00:00","dateModified":"2022-12-21T11:43:00+00:00","description":"[:en]Get the cheapest prepaid electric rates in Fort Worth. Plus find out how to save 20% more. No deposit. No contract. No hidden fees. Join free today! 844.621.2852[:es]Obtenga las tarifas el\u00e9ctricas prepagas m\u00e1s econ\u00f3micas en Fort Worth. Adem\u00e1s, descubra c\u00f3mo ahorrar un 20% m\u00e1s. No hay dep\u00f3sito. Sin contrato. Sin cuotas escondidas. \u00a1\u00danase gratis hoy! 844.621.2852[:]","breadcrumb":{"@id":"https:\/\/powermepronto.com\/the-cheapest-prepay-electric-in-fort-worth-with-no-contract\/#breadcrumb"},"inLanguage":"es","potentialAction":[{"@type":"ReadAction","target":["https:\/\/powermepronto.com\/the-cheapest-prepay-electric-in-fort-worth-with-no-contract\/"]}]},{"@type":"BreadcrumbList","@id":"https:\/\/powermepronto.com\/the-cheapest-prepay-electric-in-fort-worth-with-no-contract\/#breadcrumb","itemListElement":[{"@type":"ListItem","position":1,"name":"Home","item":"https:\/\/powermepronto.com\/en\/"},{"@type":"ListItem","position":2,"name":"The Cheapest Prepay Electric in Fort Worth with No Contract!"}]},{"@type":"WebSite","@id":"https:\/\/powermepronto.com\/en\/#website","url":"https:\/\/powermepronto.com\/en\/","name":"Pronto Power","description":"","potentialAction":[{"@type":"SearchAction","target":{"@type":"EntryPoint","urlTemplate":"https:\/\/powermepronto.com\/en\/?s={search_term_string}"},"query-input":{"@type":"PropertyValueSpecification","valueRequired":true,"valueName":"search_term_string"}}],"inLanguage":"es"}]}},"_links":{"self":[{"href":"https:\/\/powermepronto.com\/es\/wp-json\/wp\/v2\/pages\/2751","targetHints":{"allow":["GET"]}}],"collection":[{"href":"https:\/\/powermepronto.com\/es\/wp-json\/wp\/v2\/pages"}],"about":[{"href":"https:\/\/powermepronto.com\/es\/wp-json\/wp\/v2\/types\/page"}],"author":[{"embeddable":true,"href":"https:\/\/powermepronto.com\/es\/wp-json\/wp\/v2\/users\/1"}],"replies":[{"embeddable":true,"href":"https:\/\/powermepronto.com\/es\/wp-json\/wp\/v2\/comments?post=2751"}],"version-history":[{"count":4,"href":"https:\/\/powermepronto.com\/es\/wp-json\/wp\/v2\/pages\/2751\/revisions"}],"predecessor-version":[{"id":3580,"href":"https:\/\/powermepronto.com\/es\/wp-json\/wp\/v2\/pages\/2751\/revisions\/3580"}],"wp:attachment":[{"href":"https:\/\/powermepronto.com\/es\/wp-json\/wp\/v2\/media?parent=2751"}],"curies":[{"name":"wp","href":"https:\/\/api.w.org\/{rel}","templated":true}]}}