{"id":2744,"date":"2021-08-30T08:03:30","date_gmt":"2021-08-30T13:03:30","guid":{"rendered":"https:\/\/powermepronto.com\/?page_id=2744"},"modified":"2022-12-21T04:55:34","modified_gmt":"2022-12-21T10:55:34","slug":"grapevines-cheapest-no-deposit-power-no-contract","status":"publish","type":"page","link":"https:\/\/powermepronto.com\/es\/grapevines-cheapest-no-deposit-power-no-contract\/","title":{"rendered":"La compa\u00f1\u00eda de energ\u00eda sin dep\u00f3sito m\u00e1s barata de Grapevine &#8211; \u00a1Sin contrato!"},"content":{"rendered":"<p>\u00bfRechazado por otros REP?<\/p>\n<p>&#8230; \u00a1Estamos felices de tenerte!<\/p>\n<p>Y podemos decirlo con confianza sin siquiera mirar su puntaje crediticio o sus ingresos. \u00a1Porque no nos importa lo que sean!<\/p>\n<p>Eso es correcto. Con Pronto Power, hay:<\/p>\n<ul>\n<li>Sin verificaci\u00f3n de cr\u00e9dito<\/li>\n<li>Sin verificaci\u00f3n de identificaci\u00f3n<\/li>\n<li>Sin tarifas de conexi\u00f3n<\/li>\n<li>Sin tarifas de desconexi\u00f3n<\/li>\n<li>Sin dep\u00f3sito<\/li>\n<li>Sin contrato<\/li>\n<li>Sin tarifas ocultas<\/li>\n<\/ul>\n<p>En otras palabras, las tarifas el\u00e9ctricas de prepago m\u00e1s baratas en Texas simplemente est\u00e1n disponibles para usted en cualquier momento. Y como no firma un contrato, no corre ning\u00fan riesgo.<\/p>\n<p>Adem\u00e1s, el servicio de atenci\u00f3n al cliente se complace en ayudarlo a hacerlo si tiene problemas para pagar por cualquier motivo.<\/p>\n<p>\u00a1Por favor llame si se encuentra en una situaci\u00f3n dif\u00edcil!<\/p>\n<h2>\u00bfC\u00f3mo puede Pronto Power ofrecer una oferta tan incre\u00edble a los clientes de Grapevine?<\/h2>\n<p>Somos meticulosos en el backend. Hacemos todo lo posible para mantener los costos operativos, de ventas y de marketing lo m\u00e1s bajos posible.<\/p>\n<p>\u00a1Entonces le pasamos los ahorros a usted!<\/p>\n<h2>\u00bfComo funciona? Tiene que haber algo de trampa, \u00bfverdad?<\/h2>\n<p>No. No lo hay.<\/p>\n<p>Luego, simplemente agregue fondos como mejor le funcione (mensualmente, semanalmente o incluso diariamente). Siempre que mantenga un solo centavo en su cuenta antes de la 1 PM todos los d\u00edas, \u00a1su electricidad permanecer\u00e1 encendida!<\/p>\n<p>Y recuerde, el servicio al cliente lo ayudar\u00e1 si eso se convierte en un desaf\u00edo. Por lo tanto, ll\u00e1menos si tiene problemas.<\/p>\n<h2>Adem\u00e1s, ahorre un 20% m\u00e1s en la electricidad sin dep\u00f3sito, ya m\u00e1s barata<\/h2>\n<p>Este es simple. Y est\u00e1 totalmente bajo tu control.<\/p>\n<p>Cuando se une a Pronto Power, obtiene acceso a una herramienta gratuita de monitoreo de electricidad en l\u00ednea. Simplemente inicie sesi\u00f3n para ver c\u00f3mo est\u00e1 usando la electricidad en este mismo segundo.<\/p>\n<p>Luego, cambie su comportamiento seg\u00fan lo que aprenda sobre su uso a lo largo del tiempo.<\/p>\n<p>Muchos clientes ahorran un 20% &#8230; \u00a1y algunos ahorradores de energ\u00eda incondicionales mucho m\u00e1s!<\/p>\n<h2>Propietarios de viviendas de Grapevine: \u00danase a Pronto Power Free en una hora<\/h2>\n<p>Simplemente no puede encontrar una oferta mejor en ning\u00fan otro lugar de Grapevine (o en todo Texas para el caso).<\/p>\n<p>Obtenga las tarifas el\u00e9ctricas prepagas m\u00e1s econ\u00f3micas. Sin contrato. Sin cuotas escondidas. Y la oportunidad de ahorrar un 20% en esas tarifas.<\/p>\n<p>\u00a1Todo eso puede ser suyo en una hora si su hogar tiene un medidor inteligente (y aproximadamente el 99% lo tiene)!<\/p>\n<p>Llame al <span class=\"affiliatecode\">844.621.2852<\/span> para unirse ahora.<\/p>","protected":false},"excerpt":{"rendered":"<p>\u00bfRechazado por otros REP? &#8230; \u00a1Estamos felices de tenerte! Y podemos decirlo con confianza sin siquiera mirar su puntaje crediticio o sus ingresos. \u00a1Porque no nos importa lo que sean! Eso es correcto. Con Pronto Power, hay: Sin verificaci\u00f3n de cr\u00e9dito Sin verificaci\u00f3n de identificaci\u00f3n Sin tarifas de conexi\u00f3n Sin tarifas de desconexi\u00f3n Sin dep\u00f3sito &hellip; <a href=\"https:\/\/powermepronto.com\/es\/grapevines-cheapest-no-deposit-power-no-contract\/\" class=\"more-link\">Continue reading <span class=\"screen-reader-text\">La compa\u00f1\u00eda de energ\u00eda sin dep\u00f3sito m\u00e1s barata de Grapevine &#8211; \u00a1Sin contrato!<\/span><\/a><\/p>\n","protected":false},"author":1,"featured_media":0,"parent":0,"menu_order":0,"comment_status":"closed","ping_status":"closed","template":"","meta":{"_acf_changed":false,"_glsr_average":0,"_glsr_ranking":0,"_glsr_reviews":0,"footnotes":"","_links_to":"","_links_to_target":""},"class_list":["post-2744","page","type-page","status-publish","hentry"],"acf":[],"yoast_head":"<!-- This site is optimized with the Yoast SEO plugin v27.5 - https:\/\/yoast.com\/product\/yoast-seo-wordpress\/ -->\n<title>La compa\u00f1\u00eda de energ\u00eda sin dep\u00f3sito m\u00e1s barata de Grapevine - \u00a1Sin contrato! - Pronto Power<\/title>\n<meta name=\"description\" content=\"[:en]Get the cheapest prepaid electric rates in Grapevine. Plus find out how to save 20% more. No deposit. No contract. No hidden fees. Join free today! 844.621.2852[:es]Obtenga las tarifas el\u00e9ctricas prepagas m\u00e1s econ\u00f3micas en Grapevine. Adem\u00e1s, descubra c\u00f3mo ahorrar un 20% m\u00e1s. No hay dep\u00f3sito. Sin contrato. Sin cuotas escondidas. \u00a1\u00danase gratis hoy! 844.621.2852[:]\" \/>\n<meta name=\"robots\" content=\"index, follow, max-snippet:-1, max-image-preview:large, max-video-preview:-1\" \/>\n<link rel=\"canonical\" href=\"https:\/\/powermepronto.com\/grapevines-cheapest-no-deposit-power-no-contract\/\" \/>\n<meta property=\"og:locale\" content=\"es_ES\" \/>\n<meta property=\"og:type\" content=\"article\" \/>\n<meta property=\"og:title\" content=\"[:en]Grapevine\u2019s Cheapest No Deposit Power - No Contract![:es]La compa\u00f1\u00eda de energ\u00eda sin dep\u00f3sito m\u00e1s barata de Grapevine - \u00a1Sin contrato![:] - Pronto Power\" \/>\n<meta property=\"og:description\" content=\"[:en]Get the cheapest prepaid electric rates in Grapevine. Plus find out how to save 20% more. No deposit. No contract. No hidden fees. Join free today! 844.621.2852[:es]Obtenga las tarifas el\u00e9ctricas prepagas m\u00e1s econ\u00f3micas en Grapevine. Adem\u00e1s, descubra c\u00f3mo ahorrar un 20% m\u00e1s. No hay dep\u00f3sito. Sin contrato. Sin cuotas escondidas. \u00a1\u00danase gratis hoy! 844.621.2852[:]\" \/>\n<meta property=\"og:url\" content=\"https:\/\/powermepronto.com\/grapevines-cheapest-no-deposit-power-no-contract\/\" \/>\n<meta property=\"og:site_name\" content=\"Pronto Power\" \/>\n<meta property=\"article:modified_time\" content=\"2022-12-21T10:55:34+00:00\" \/>\n<meta name=\"twitter:card\" content=\"summary_large_image\" \/>\n<meta name=\"twitter:label1\" content=\"Tiempo de lectura\" \/>\n\t<meta name=\"twitter:data1\" content=\"4 minutos\" \/>\n<script type=\"application\/ld+json\" class=\"yoast-schema-graph\">{\"@context\":\"https:\\\/\\\/schema.org\",\"@graph\":[{\"@type\":\"WebPage\",\"@id\":\"https:\\\/\\\/powermepronto.com\\\/grapevines-cheapest-no-deposit-power-no-contract\\\/\",\"url\":\"https:\\\/\\\/powermepronto.com\\\/grapevines-cheapest-no-deposit-power-no-contract\\\/\",\"name\":\"[:en]Grapevine\u2019s Cheapest No Deposit Power - No Contract![:es]La compa\u00f1\u00eda de energ\u00eda sin dep\u00f3sito m\u00e1s barata de Grapevine - \u00a1Sin contrato![:] - Pronto Power\",\"isPartOf\":{\"@id\":\"https:\\\/\\\/powermepronto.com\\\/en\\\/#website\"},\"datePublished\":\"2021-08-30T13:03:30+00:00\",\"dateModified\":\"2022-12-21T10:55:34+00:00\",\"description\":\"[:en]Get the cheapest prepaid electric rates in Grapevine. Plus find out how to save 20% more. No deposit. No contract. No hidden fees. Join free today! 844.621.2852[:es]Obtenga las tarifas el\u00e9ctricas prepagas m\u00e1s econ\u00f3micas en Grapevine. Adem\u00e1s, descubra c\u00f3mo ahorrar un 20% m\u00e1s. No hay dep\u00f3sito. Sin contrato. Sin cuotas escondidas. \u00a1\u00danase gratis hoy! 844.621.2852[:]\",\"breadcrumb\":{\"@id\":\"https:\\\/\\\/powermepronto.com\\\/grapevines-cheapest-no-deposit-power-no-contract\\\/#breadcrumb\"},\"inLanguage\":\"es\",\"potentialAction\":[{\"@type\":\"ReadAction\",\"target\":[\"https:\\\/\\\/powermepronto.com\\\/grapevines-cheapest-no-deposit-power-no-contract\\\/\"]}]},{\"@type\":\"BreadcrumbList\",\"@id\":\"https:\\\/\\\/powermepronto.com\\\/grapevines-cheapest-no-deposit-power-no-contract\\\/#breadcrumb\",\"itemListElement\":[{\"@type\":\"ListItem\",\"position\":1,\"name\":\"Home\",\"item\":\"https:\\\/\\\/powermepronto.com\\\/en\\\/\"},{\"@type\":\"ListItem\",\"position\":2,\"name\":\"Grapevine\u2019s Cheapest No Deposit Power &#8211; No Contract!\"}]},{\"@type\":\"WebSite\",\"@id\":\"https:\\\/\\\/powermepronto.com\\\/en\\\/#website\",\"url\":\"https:\\\/\\\/powermepronto.com\\\/en\\\/\",\"name\":\"Pronto Power\",\"description\":\"\",\"potentialAction\":[{\"@type\":\"SearchAction\",\"target\":{\"@type\":\"EntryPoint\",\"urlTemplate\":\"https:\\\/\\\/powermepronto.com\\\/en\\\/?s={search_term_string}\"},\"query-input\":{\"@type\":\"PropertyValueSpecification\",\"valueRequired\":true,\"valueName\":\"search_term_string\"}}],\"inLanguage\":\"es\"}]}<\/script>\n<!-- \/ Yoast SEO plugin. -->","yoast_head_json":{"title":"[:en]Grapevine\u2019s Cheapest No Deposit Power - No Contract![:es]La compa\u00f1\u00eda de energ\u00eda sin dep\u00f3sito m\u00e1s barata de Grapevine - \u00a1Sin contrato![:] - Pronto Power","description":"[:en]Get the cheapest prepaid electric rates in Grapevine. Plus find out how to save 20% more. No deposit. No contract. No hidden fees. Join free today! 844.621.2852[:es]Obtenga las tarifas el\u00e9ctricas prepagas m\u00e1s econ\u00f3micas en Grapevine. Adem\u00e1s, descubra c\u00f3mo ahorrar un 20% m\u00e1s. No hay dep\u00f3sito. Sin contrato. Sin cuotas escondidas. \u00a1\u00danase gratis hoy! 844.621.2852[:]","robots":{"index":"index","follow":"follow","max-snippet":"max-snippet:-1","max-image-preview":"max-image-preview:large","max-video-preview":"max-video-preview:-1"},"canonical":"https:\/\/powermepronto.com\/grapevines-cheapest-no-deposit-power-no-contract\/","og_locale":"es_ES","og_type":"article","og_title":"[:en]Grapevine\u2019s Cheapest No Deposit Power - No Contract![:es]La compa\u00f1\u00eda de energ\u00eda sin dep\u00f3sito m\u00e1s barata de Grapevine - \u00a1Sin contrato![:] - Pronto Power","og_description":"[:en]Get the cheapest prepaid electric rates in Grapevine. Plus find out how to save 20% more. No deposit. No contract. No hidden fees. Join free today! 844.621.2852[:es]Obtenga las tarifas el\u00e9ctricas prepagas m\u00e1s econ\u00f3micas en Grapevine. Adem\u00e1s, descubra c\u00f3mo ahorrar un 20% m\u00e1s. No hay dep\u00f3sito. Sin contrato. Sin cuotas escondidas. \u00a1\u00danase gratis hoy! 844.621.2852[:]","og_url":"https:\/\/powermepronto.com\/grapevines-cheapest-no-deposit-power-no-contract\/","og_site_name":"Pronto Power","article_modified_time":"2022-12-21T10:55:34+00:00","twitter_card":"summary_large_image","twitter_misc":{"Tiempo de lectura":"4 minutos"},"schema":{"@context":"https:\/\/schema.org","@graph":[{"@type":"WebPage","@id":"https:\/\/powermepronto.com\/grapevines-cheapest-no-deposit-power-no-contract\/","url":"https:\/\/powermepronto.com\/grapevines-cheapest-no-deposit-power-no-contract\/","name":"[:en]Grapevine\u2019s Cheapest No Deposit Power - No Contract![:es]La compa\u00f1\u00eda de energ\u00eda sin dep\u00f3sito m\u00e1s barata de Grapevine - \u00a1Sin contrato![:] - Pronto Power","isPartOf":{"@id":"https:\/\/powermepronto.com\/en\/#website"},"datePublished":"2021-08-30T13:03:30+00:00","dateModified":"2022-12-21T10:55:34+00:00","description":"[:en]Get the cheapest prepaid electric rates in Grapevine. Plus find out how to save 20% more. No deposit. No contract. No hidden fees. Join free today! 844.621.2852[:es]Obtenga las tarifas el\u00e9ctricas prepagas m\u00e1s econ\u00f3micas en Grapevine. Adem\u00e1s, descubra c\u00f3mo ahorrar un 20% m\u00e1s. No hay dep\u00f3sito. Sin contrato. Sin cuotas escondidas. \u00a1\u00danase gratis hoy! 844.621.2852[:]","breadcrumb":{"@id":"https:\/\/powermepronto.com\/grapevines-cheapest-no-deposit-power-no-contract\/#breadcrumb"},"inLanguage":"es","potentialAction":[{"@type":"ReadAction","target":["https:\/\/powermepronto.com\/grapevines-cheapest-no-deposit-power-no-contract\/"]}]},{"@type":"BreadcrumbList","@id":"https:\/\/powermepronto.com\/grapevines-cheapest-no-deposit-power-no-contract\/#breadcrumb","itemListElement":[{"@type":"ListItem","position":1,"name":"Home","item":"https:\/\/powermepronto.com\/en\/"},{"@type":"ListItem","position":2,"name":"Grapevine\u2019s Cheapest No Deposit Power &#8211; No Contract!"}]},{"@type":"WebSite","@id":"https:\/\/powermepronto.com\/en\/#website","url":"https:\/\/powermepronto.com\/en\/","name":"Pronto Power","description":"","potentialAction":[{"@type":"SearchAction","target":{"@type":"EntryPoint","urlTemplate":"https:\/\/powermepronto.com\/en\/?s={search_term_string}"},"query-input":{"@type":"PropertyValueSpecification","valueRequired":true,"valueName":"search_term_string"}}],"inLanguage":"es"}]}},"_links":{"self":[{"href":"https:\/\/powermepronto.com\/es\/wp-json\/wp\/v2\/pages\/2744","targetHints":{"allow":["GET"]}}],"collection":[{"href":"https:\/\/powermepronto.com\/es\/wp-json\/wp\/v2\/pages"}],"about":[{"href":"https:\/\/powermepronto.com\/es\/wp-json\/wp\/v2\/types\/page"}],"author":[{"embeddable":true,"href":"https:\/\/powermepronto.com\/es\/wp-json\/wp\/v2\/users\/1"}],"replies":[{"embeddable":true,"href":"https:\/\/powermepronto.com\/es\/wp-json\/wp\/v2\/comments?post=2744"}],"version-history":[{"count":4,"href":"https:\/\/powermepronto.com\/es\/wp-json\/wp\/v2\/pages\/2744\/revisions"}],"predecessor-version":[{"id":3529,"href":"https:\/\/powermepronto.com\/es\/wp-json\/wp\/v2\/pages\/2744\/revisions\/3529"}],"wp:attachment":[{"href":"https:\/\/powermepronto.com\/es\/wp-json\/wp\/v2\/media?parent=2744"}],"curies":[{"name":"wp","href":"https:\/\/api.w.org\/{rel}","templated":true}]}}