{"id":2733,"date":"2021-08-09T16:12:50","date_gmt":"2021-08-09T21:12:50","guid":{"rendered":"https:\/\/powermepronto.com\/?page_id=2733"},"modified":"2022-12-21T04:37:55","modified_gmt":"2022-12-21T10:37:55","slug":"euless-cheapest-no-deposit-power-company-with-no-contract","status":"publish","type":"page","link":"https:\/\/powermepronto.com\/es\/euless-cheapest-no-deposit-power-company-with-no-contract\/","title":{"rendered":"La compa\u00f1\u00eda el\u00e9ctrica sin dep\u00f3sito m\u00e1s barata de Euless sin contrato"},"content":{"rendered":"<p>\u00bfSu REP realmente est\u00e1 haciendo lo que m\u00e1s le conviene &#8230; o lo que m\u00e1s le conviene?<\/p>\n<p>\u00bfHa surgido una serie de tarifas inesperadas?<\/p>\n<p>\u00bfNo logra ver los ahorros que esperaba?<\/p>\n<p>Bueno &#8230; no obtienes nada de eso cuando eliges Pronto Power. Y puede confiar en nosotros porque no firma un contrato ni paga tarifas ocultas.<\/p>\n<p>Eso significa que no tiene absolutamente ning\u00fan riesgo porque puede cancelar en cualquier momento y por cualquier motivo.<\/p>\n<p>Adem\u00e1s, hay:<\/p>\n<ul>\n<li>Sin verificaci\u00f3n de cr\u00e9dito<\/li>\n<li>Sin verificaci\u00f3n de identificaci\u00f3n<\/li>\n<li>Sin dep\u00f3sito<\/li>\n<li>Sin tarifas de conexi\u00f3n<\/li>\n<li>Sin tarifas de desconexi\u00f3n<\/li>\n<\/ul>\n<p>Y el servicio de atenci\u00f3n al cliente est\u00e1 ansioso por ayudarlo cuando llame. Adem\u00e1s, lo ayudar\u00e1n a mantener la electricidad encendida si tiene problemas para pagar por cualquier motivo.<\/p>\n<h2>\u00a1Suena demasiado bueno para ser verdad! \u00bfC\u00f3mo puede Pronto Power ofrecer una oferta tan incre\u00edble?<\/h2>\n<p>Simple: tenemos un enfoque loco en la reducci\u00f3n de costos y la eficiencia operativa detr\u00e1s de escena.<\/p>\n<p>Y buscamos mantenerlo como cliente durante a\u00f1os, lo que reduce los costos de marketing.<\/p>\n<p>\u00a1Entonces todos estos ahorros te ser\u00e1n transferidos a ti!<\/p>\n<p>Todas las empresas lo dicen. Pero pocas empresas hacen esto. Y tenemos que cumplirlo &#8230; \u00a1o puedes ir a otro lugar porque no firmas un contrato!<\/p>\n<h2>Adem\u00e1s, ahorre un 20% del ya m\u00e1s econ\u00f3mico sin dep\u00f3sito<\/h2>\n<p>S\u00ed. Puedes hacerlo. Tienes control total sobre tu capacidad para ahorrar un 20% m\u00e1s.<\/p>\n<p>Cuando se une a Pronto Power, obtiene acceso a un servicio gratuito de monitoreo de electricidad. Simplemente inicie sesi\u00f3n para ver c\u00f3mo est\u00e1 usando la electricidad en este mismo segundo.<\/p>\n<p>Luego, a medida que aprenda c\u00f3mo usa la electricidad, cambie su comportamiento con el tiempo.<\/p>\n<p>Muchos clientes ahorran un 20% &#8230; \u00a1y algunos incluso m\u00e1s!<\/p>\n<h2>\u00danase gratis dentro de una hora si su hogar tiene un medidor inteligente<\/h2>\n<p>Otras compa\u00f1\u00edas el\u00e9ctricas de Texas no pueden superar nuestros precios. Y no se hacen responsables al permitirle unirse sin un contrato.<\/p>\n<p>Grandes ahorros? \u00bfLa posibilidad de ahorrar un 20% m\u00e1s? \u00bfSin contrato? \u00bfSin cuotas escondidas?<\/p>\n<p>Cons\u00edgalo todo cuando se una a Pronto Power gratis dentro de una hora si su hogar tiene un medidor inteligente.<\/p>\n<p>Llame al <span class=\"affiliatecode\">844.621.2852<\/span> ahora.<\/p>","protected":false},"excerpt":{"rendered":"<p>\u00bfSu REP realmente est\u00e1 haciendo lo que m\u00e1s le conviene &#8230; o lo que m\u00e1s le conviene? \u00bfHa surgido una serie de tarifas inesperadas? \u00bfNo logra ver los ahorros que esperaba? Bueno &#8230; no obtienes nada de eso cuando eliges Pronto Power. Y puede confiar en nosotros porque no firma un contrato ni paga tarifas &hellip; <a href=\"https:\/\/powermepronto.com\/es\/euless-cheapest-no-deposit-power-company-with-no-contract\/\" class=\"more-link\">Continue reading <span class=\"screen-reader-text\">La compa\u00f1\u00eda el\u00e9ctrica sin dep\u00f3sito m\u00e1s barata de Euless sin contrato<\/span><\/a><\/p>\n","protected":false},"author":1,"featured_media":0,"parent":0,"menu_order":0,"comment_status":"closed","ping_status":"closed","template":"","meta":{"_acf_changed":false,"_glsr_average":0,"_glsr_ranking":0,"_glsr_reviews":0,"footnotes":"","_links_to":"","_links_to_target":""},"class_list":["post-2733","page","type-page","status-publish","hentry"],"acf":[],"yoast_head":"<!-- This site is optimized with the Yoast SEO plugin v27.5 - https:\/\/yoast.com\/product\/yoast-seo-wordpress\/ -->\n<title>La compa\u00f1\u00eda el\u00e9ctrica sin dep\u00f3sito m\u00e1s barata de Euless sin contrato - Pronto Power<\/title>\n<meta name=\"description\" content=\"[:en]Get the cheapest prepaid electric rates in Euless. Plus find out how to save 20% more. No deposit. No contract. No hidden fees. Join free today! 844.621.2852[:es]Obtenga las tarifas el\u00e9ctricas prepagas m\u00e1s econ\u00f3micas en Euless. Adem\u00e1s, descubra c\u00f3mo ahorrar un 20% m\u00e1s. No hay dep\u00f3sito. Sin contrato. Sin cuotas escondidas. \u00a1\u00danase gratis hoy! 844.621.2852[:]\" \/>\n<meta name=\"robots\" content=\"index, follow, max-snippet:-1, max-image-preview:large, max-video-preview:-1\" \/>\n<link rel=\"canonical\" href=\"https:\/\/powermepronto.com\/euless-cheapest-no-deposit-power-company-with-no-contract\/\" \/>\n<meta property=\"og:locale\" content=\"es_ES\" \/>\n<meta property=\"og:type\" content=\"article\" \/>\n<meta property=\"og:title\" content=\"[:en]Euless\u2019 Cheapest No-Deposit Power Company with No Contract[:es]La compa\u00f1\u00eda el\u00e9ctrica sin dep\u00f3sito m\u00e1s barata de Euless sin contrato[:] - Pronto Power\" \/>\n<meta property=\"og:description\" content=\"[:en]Get the cheapest prepaid electric rates in Euless. Plus find out how to save 20% more. No deposit. No contract. No hidden fees. Join free today! 844.621.2852[:es]Obtenga las tarifas el\u00e9ctricas prepagas m\u00e1s econ\u00f3micas en Euless. Adem\u00e1s, descubra c\u00f3mo ahorrar un 20% m\u00e1s. No hay dep\u00f3sito. Sin contrato. Sin cuotas escondidas. \u00a1\u00danase gratis hoy! 844.621.2852[:]\" \/>\n<meta property=\"og:url\" content=\"https:\/\/powermepronto.com\/euless-cheapest-no-deposit-power-company-with-no-contract\/\" \/>\n<meta property=\"og:site_name\" content=\"Pronto Power\" \/>\n<meta property=\"article:modified_time\" content=\"2022-12-21T10:37:55+00:00\" \/>\n<meta name=\"twitter:card\" content=\"summary_large_image\" \/>\n<meta name=\"twitter:label1\" content=\"Tiempo de lectura\" \/>\n\t<meta name=\"twitter:data1\" content=\"4 minutos\" \/>\n<script type=\"application\/ld+json\" class=\"yoast-schema-graph\">{\"@context\":\"https:\\\/\\\/schema.org\",\"@graph\":[{\"@type\":\"WebPage\",\"@id\":\"https:\\\/\\\/powermepronto.com\\\/euless-cheapest-no-deposit-power-company-with-no-contract\\\/\",\"url\":\"https:\\\/\\\/powermepronto.com\\\/euless-cheapest-no-deposit-power-company-with-no-contract\\\/\",\"name\":\"[:en]Euless\u2019 Cheapest No-Deposit Power Company with No Contract[:es]La compa\u00f1\u00eda el\u00e9ctrica sin dep\u00f3sito m\u00e1s barata de Euless sin contrato[:] - Pronto Power\",\"isPartOf\":{\"@id\":\"https:\\\/\\\/powermepronto.com\\\/en\\\/#website\"},\"datePublished\":\"2021-08-09T21:12:50+00:00\",\"dateModified\":\"2022-12-21T10:37:55+00:00\",\"description\":\"[:en]Get the cheapest prepaid electric rates in Euless. Plus find out how to save 20% more. No deposit. No contract. No hidden fees. Join free today! 844.621.2852[:es]Obtenga las tarifas el\u00e9ctricas prepagas m\u00e1s econ\u00f3micas en Euless. Adem\u00e1s, descubra c\u00f3mo ahorrar un 20% m\u00e1s. No hay dep\u00f3sito. Sin contrato. Sin cuotas escondidas. \u00a1\u00danase gratis hoy! 844.621.2852[:]\",\"breadcrumb\":{\"@id\":\"https:\\\/\\\/powermepronto.com\\\/euless-cheapest-no-deposit-power-company-with-no-contract\\\/#breadcrumb\"},\"inLanguage\":\"es\",\"potentialAction\":[{\"@type\":\"ReadAction\",\"target\":[\"https:\\\/\\\/powermepronto.com\\\/euless-cheapest-no-deposit-power-company-with-no-contract\\\/\"]}]},{\"@type\":\"BreadcrumbList\",\"@id\":\"https:\\\/\\\/powermepronto.com\\\/euless-cheapest-no-deposit-power-company-with-no-contract\\\/#breadcrumb\",\"itemListElement\":[{\"@type\":\"ListItem\",\"position\":1,\"name\":\"Home\",\"item\":\"https:\\\/\\\/powermepronto.com\\\/en\\\/\"},{\"@type\":\"ListItem\",\"position\":2,\"name\":\"Euless\u2019 Cheapest No-Deposit Power Company with No Contract\"}]},{\"@type\":\"WebSite\",\"@id\":\"https:\\\/\\\/powermepronto.com\\\/en\\\/#website\",\"url\":\"https:\\\/\\\/powermepronto.com\\\/en\\\/\",\"name\":\"Pronto Power\",\"description\":\"\",\"potentialAction\":[{\"@type\":\"SearchAction\",\"target\":{\"@type\":\"EntryPoint\",\"urlTemplate\":\"https:\\\/\\\/powermepronto.com\\\/en\\\/?s={search_term_string}\"},\"query-input\":{\"@type\":\"PropertyValueSpecification\",\"valueRequired\":true,\"valueName\":\"search_term_string\"}}],\"inLanguage\":\"es\"}]}<\/script>\n<!-- \/ Yoast SEO plugin. -->","yoast_head_json":{"title":"[:en]Euless\u2019 Cheapest No-Deposit Power Company with No Contract[:es]La compa\u00f1\u00eda el\u00e9ctrica sin dep\u00f3sito m\u00e1s barata de Euless sin contrato[:] - Pronto Power","description":"[:en]Get the cheapest prepaid electric rates in Euless. Plus find out how to save 20% more. No deposit. No contract. No hidden fees. Join free today! 844.621.2852[:es]Obtenga las tarifas el\u00e9ctricas prepagas m\u00e1s econ\u00f3micas en Euless. Adem\u00e1s, descubra c\u00f3mo ahorrar un 20% m\u00e1s. No hay dep\u00f3sito. Sin contrato. Sin cuotas escondidas. \u00a1\u00danase gratis hoy! 844.621.2852[:]","robots":{"index":"index","follow":"follow","max-snippet":"max-snippet:-1","max-image-preview":"max-image-preview:large","max-video-preview":"max-video-preview:-1"},"canonical":"https:\/\/powermepronto.com\/euless-cheapest-no-deposit-power-company-with-no-contract\/","og_locale":"es_ES","og_type":"article","og_title":"[:en]Euless\u2019 Cheapest No-Deposit Power Company with No Contract[:es]La compa\u00f1\u00eda el\u00e9ctrica sin dep\u00f3sito m\u00e1s barata de Euless sin contrato[:] - Pronto Power","og_description":"[:en]Get the cheapest prepaid electric rates in Euless. Plus find out how to save 20% more. No deposit. No contract. No hidden fees. Join free today! 844.621.2852[:es]Obtenga las tarifas el\u00e9ctricas prepagas m\u00e1s econ\u00f3micas en Euless. Adem\u00e1s, descubra c\u00f3mo ahorrar un 20% m\u00e1s. No hay dep\u00f3sito. Sin contrato. Sin cuotas escondidas. \u00a1\u00danase gratis hoy! 844.621.2852[:]","og_url":"https:\/\/powermepronto.com\/euless-cheapest-no-deposit-power-company-with-no-contract\/","og_site_name":"Pronto Power","article_modified_time":"2022-12-21T10:37:55+00:00","twitter_card":"summary_large_image","twitter_misc":{"Tiempo de lectura":"4 minutos"},"schema":{"@context":"https:\/\/schema.org","@graph":[{"@type":"WebPage","@id":"https:\/\/powermepronto.com\/euless-cheapest-no-deposit-power-company-with-no-contract\/","url":"https:\/\/powermepronto.com\/euless-cheapest-no-deposit-power-company-with-no-contract\/","name":"[:en]Euless\u2019 Cheapest No-Deposit Power Company with No Contract[:es]La compa\u00f1\u00eda el\u00e9ctrica sin dep\u00f3sito m\u00e1s barata de Euless sin contrato[:] - Pronto Power","isPartOf":{"@id":"https:\/\/powermepronto.com\/en\/#website"},"datePublished":"2021-08-09T21:12:50+00:00","dateModified":"2022-12-21T10:37:55+00:00","description":"[:en]Get the cheapest prepaid electric rates in Euless. Plus find out how to save 20% more. No deposit. No contract. No hidden fees. Join free today! 844.621.2852[:es]Obtenga las tarifas el\u00e9ctricas prepagas m\u00e1s econ\u00f3micas en Euless. Adem\u00e1s, descubra c\u00f3mo ahorrar un 20% m\u00e1s. No hay dep\u00f3sito. Sin contrato. Sin cuotas escondidas. \u00a1\u00danase gratis hoy! 844.621.2852[:]","breadcrumb":{"@id":"https:\/\/powermepronto.com\/euless-cheapest-no-deposit-power-company-with-no-contract\/#breadcrumb"},"inLanguage":"es","potentialAction":[{"@type":"ReadAction","target":["https:\/\/powermepronto.com\/euless-cheapest-no-deposit-power-company-with-no-contract\/"]}]},{"@type":"BreadcrumbList","@id":"https:\/\/powermepronto.com\/euless-cheapest-no-deposit-power-company-with-no-contract\/#breadcrumb","itemListElement":[{"@type":"ListItem","position":1,"name":"Home","item":"https:\/\/powermepronto.com\/en\/"},{"@type":"ListItem","position":2,"name":"Euless\u2019 Cheapest No-Deposit Power Company with No Contract"}]},{"@type":"WebSite","@id":"https:\/\/powermepronto.com\/en\/#website","url":"https:\/\/powermepronto.com\/en\/","name":"Pronto Power","description":"","potentialAction":[{"@type":"SearchAction","target":{"@type":"EntryPoint","urlTemplate":"https:\/\/powermepronto.com\/en\/?s={search_term_string}"},"query-input":{"@type":"PropertyValueSpecification","valueRequired":true,"valueName":"search_term_string"}}],"inLanguage":"es"}]}},"_links":{"self":[{"href":"https:\/\/powermepronto.com\/es\/wp-json\/wp\/v2\/pages\/2733","targetHints":{"allow":["GET"]}}],"collection":[{"href":"https:\/\/powermepronto.com\/es\/wp-json\/wp\/v2\/pages"}],"about":[{"href":"https:\/\/powermepronto.com\/es\/wp-json\/wp\/v2\/types\/page"}],"author":[{"embeddable":true,"href":"https:\/\/powermepronto.com\/es\/wp-json\/wp\/v2\/users\/1"}],"replies":[{"embeddable":true,"href":"https:\/\/powermepronto.com\/es\/wp-json\/wp\/v2\/comments?post=2733"}],"version-history":[{"count":3,"href":"https:\/\/powermepronto.com\/es\/wp-json\/wp\/v2\/pages\/2733\/revisions"}],"predecessor-version":[{"id":3507,"href":"https:\/\/powermepronto.com\/es\/wp-json\/wp\/v2\/pages\/2733\/revisions\/3507"}],"wp:attachment":[{"href":"https:\/\/powermepronto.com\/es\/wp-json\/wp\/v2\/media?parent=2733"}],"curies":[{"name":"wp","href":"https:\/\/api.w.org\/{rel}","templated":true}]}}