{"id":2730,"date":"2021-08-09T16:10:50","date_gmt":"2021-08-09T21:10:50","guid":{"rendered":"https:\/\/powermepronto.com\/?page_id=2730"},"modified":"2022-12-21T04:29:26","modified_gmt":"2022-12-21T10:29:26","slug":"dentons-cheapest-prepay-electric-with-no-contract","status":"publish","type":"page","link":"https:\/\/powermepronto.com\/es\/dentons-cheapest-prepay-electric-with-no-contract\/","title":{"rendered":"\u00a1La electricidad prepago m\u00e1s barata de Denton sin contrato!"},"content":{"rendered":"<p>La mayor\u00eda de los REP afirman que son una de las compa\u00f1\u00edas el\u00e9ctricas m\u00e1s baratas de Texas &#8230; pero luego cargan su contrato con todo tipo de tarifas ocultas.<\/p>\n<p>Y cuando descubres lo que est\u00e1 pasando, ya te han quemado.<\/p>\n<p>Pero con Pronto Power, nunca firmas un contrato. Y no hay tarifas ocultas en absoluto. Y obtienes las tarifas el\u00e9ctricas de prepago m\u00e1s baratas de Texas. Adem\u00e1s, hay:<\/p>\n<ul>\n<li>Sin dep\u00f3sito<\/li>\n<li>Sin verificaci\u00f3n de cr\u00e9dito<\/li>\n<li>Sin verificaci\u00f3n de identificaci\u00f3n<\/li>\n<li>Sin tarifas de conexi\u00f3n<\/li>\n<li>Sin tarifas de desconexi\u00f3n<\/li>\n<\/ul>\n<p>\u00a1Y el servicio al cliente realmente quiere ayudarlo cuando llame!<\/p>\n<p>Adem\u00e1s, si tiene problemas para pagar por cualquier motivo, h\u00e1ganoslo saber. Nos complace ayudarlo a superar incluso las circunstancias financieras m\u00e1s dif\u00edciles.<\/p>\n<h2>\u00bfC\u00f3mo puede Pronto Power ofrecer una oferta tan incre\u00edble?<\/h2>\n<p>Debido a nuestro enfoque obsesivo en la eficiencia operativa. Hacemos todo de la manera m\u00e1s rentable posible. Y cuando comercializamos para nuevos clientes, nuestro objetivo es crear relaciones a largo plazo para reducir los costos de marketing.<\/p>\n<p>\u00a1Y todos los ahorros te ser\u00e1n transferidos a ti!<\/p>\n<h2>Pero tiene que haber una trampa, \u00bfverdad?<\/h2>\n<p>Bueno no. No lo hay. Porque si lo hubiera, entonces podr\u00eda irse porque no firma un contrato ni paga ninguna tarifa de desconexi\u00f3n.<\/p>\n<p>Realmente ocupamos el primer lugar entre las compa\u00f1\u00edas el\u00e9ctricas m\u00e1s baratas de Denton.<\/p>\n<h2>Ahorre un 20% m\u00e1s frente a otras compa\u00f1\u00edas el\u00e9ctricas de Texas<\/h2>\n<p>Adem\u00e1s de la electricidad prepaga m\u00e1s barata de Texas, puede ahorrar otro 20%.<\/p>\n<p>Cuando se une a Pronto Power, obtiene acceso a una herramienta gratuita de monitoreo de electricidad en l\u00ednea. Muestra c\u00f3mo est\u00e1 usando la electricidad en este mismo segundo.<\/p>\n<p>Entonces simplemente cambia su comportamiento con el tiempo.<\/p>\n<p>Muchos clientes ahorran un 20% &#8230; \u00a1y algunos incluso m\u00e1s!<\/p>\n<h2>\u00danase gratis en una hora<\/h2>\n<p>La electricidad prepaga m\u00e1s barata en Denton puede ser suya en una hora (si su casa tiene un medidor inteligente) cuando llame a Pronto Power al <span class=\"affiliatecode\">844.621.2852<\/span><\/p>","protected":false},"excerpt":{"rendered":"<p>La mayor\u00eda de los REP afirman que son una de las compa\u00f1\u00edas el\u00e9ctricas m\u00e1s baratas de Texas &#8230; pero luego cargan su contrato con todo tipo de tarifas ocultas. Y cuando descubres lo que est\u00e1 pasando, ya te han quemado. Pero con Pronto Power, nunca firmas un contrato. Y no hay tarifas ocultas en absoluto. &hellip; <a href=\"https:\/\/powermepronto.com\/es\/dentons-cheapest-prepay-electric-with-no-contract\/\" class=\"more-link\">Continue reading <span class=\"screen-reader-text\">\u00a1La electricidad prepago m\u00e1s barata de Denton sin contrato!<\/span><\/a><\/p>\n","protected":false},"author":1,"featured_media":0,"parent":0,"menu_order":0,"comment_status":"closed","ping_status":"closed","template":"","meta":{"_acf_changed":false,"_glsr_average":0,"_glsr_ranking":0,"_glsr_reviews":0,"footnotes":"","_links_to":"","_links_to_target":""},"class_list":["post-2730","page","type-page","status-publish","hentry"],"acf":[],"yoast_head":"<!-- This site is optimized with the Yoast SEO plugin v27.4 - https:\/\/yoast.com\/product\/yoast-seo-wordpress\/ -->\n<title>\u00a1La electricidad prepago m\u00e1s barata de Denton sin contrato! - Pronto Power<\/title>\n<meta name=\"description\" content=\"[:en]Get the cheapest prepaid electric rates in Denton. Plus find out how to save 20% more. No deposit. No contract. No hidden fees. Join free today! 844.621.2852[:es]Obtenga las tarifas el\u00e9ctricas prepagas m\u00e1s econ\u00f3micas en Denton. Adem\u00e1s, descubra c\u00f3mo ahorrar un 20% m\u00e1s. No hay dep\u00f3sito. Sin contrato. Sin cuotas escondidas. \u00a1\u00danase gratis hoy! 844.621.2852[:]\" \/>\n<meta name=\"robots\" content=\"index, follow, max-snippet:-1, max-image-preview:large, max-video-preview:-1\" \/>\n<link rel=\"canonical\" href=\"https:\/\/powermepronto.com\/dentons-cheapest-prepay-electric-with-no-contract\/\" \/>\n<meta property=\"og:locale\" content=\"es_ES\" \/>\n<meta property=\"og:type\" content=\"article\" \/>\n<meta property=\"og:title\" content=\"[:en]Denton\u2019s Cheapest Prepay Electric with No Contract![:es]\u00a1La electricidad prepago m\u00e1s barata de Denton sin contrato![:] - Pronto Power\" \/>\n<meta property=\"og:description\" content=\"[:en]Get the cheapest prepaid electric rates in Denton. Plus find out how to save 20% more. No deposit. No contract. No hidden fees. Join free today! 844.621.2852[:es]Obtenga las tarifas el\u00e9ctricas prepagas m\u00e1s econ\u00f3micas en Denton. Adem\u00e1s, descubra c\u00f3mo ahorrar un 20% m\u00e1s. No hay dep\u00f3sito. Sin contrato. Sin cuotas escondidas. \u00a1\u00danase gratis hoy! 844.621.2852[:]\" \/>\n<meta property=\"og:url\" content=\"https:\/\/powermepronto.com\/dentons-cheapest-prepay-electric-with-no-contract\/\" \/>\n<meta property=\"og:site_name\" content=\"Pronto Power\" \/>\n<meta property=\"article:modified_time\" content=\"2022-12-21T10:29:26+00:00\" \/>\n<meta name=\"twitter:card\" content=\"summary_large_image\" \/>\n<meta name=\"twitter:label1\" content=\"Tiempo de lectura\" \/>\n\t<meta name=\"twitter:data1\" content=\"3 minutos\" \/>\n<script type=\"application\/ld+json\" class=\"yoast-schema-graph\">{\"@context\":\"https:\\\/\\\/schema.org\",\"@graph\":[{\"@type\":\"WebPage\",\"@id\":\"https:\\\/\\\/powermepronto.com\\\/dentons-cheapest-prepay-electric-with-no-contract\\\/\",\"url\":\"https:\\\/\\\/powermepronto.com\\\/dentons-cheapest-prepay-electric-with-no-contract\\\/\",\"name\":\"[:en]Denton\u2019s Cheapest Prepay Electric with No Contract![:es]\u00a1La electricidad prepago m\u00e1s barata de Denton sin contrato![:] - Pronto Power\",\"isPartOf\":{\"@id\":\"https:\\\/\\\/powermepronto.com\\\/en\\\/#website\"},\"datePublished\":\"2021-08-09T21:10:50+00:00\",\"dateModified\":\"2022-12-21T10:29:26+00:00\",\"description\":\"[:en]Get the cheapest prepaid electric rates in Denton. Plus find out how to save 20% more. No deposit. No contract. No hidden fees. Join free today! 844.621.2852[:es]Obtenga las tarifas el\u00e9ctricas prepagas m\u00e1s econ\u00f3micas en Denton. Adem\u00e1s, descubra c\u00f3mo ahorrar un 20% m\u00e1s. No hay dep\u00f3sito. Sin contrato. Sin cuotas escondidas. \u00a1\u00danase gratis hoy! 844.621.2852[:]\",\"breadcrumb\":{\"@id\":\"https:\\\/\\\/powermepronto.com\\\/dentons-cheapest-prepay-electric-with-no-contract\\\/#breadcrumb\"},\"inLanguage\":\"es\",\"potentialAction\":[{\"@type\":\"ReadAction\",\"target\":[\"https:\\\/\\\/powermepronto.com\\\/dentons-cheapest-prepay-electric-with-no-contract\\\/\"]}]},{\"@type\":\"BreadcrumbList\",\"@id\":\"https:\\\/\\\/powermepronto.com\\\/dentons-cheapest-prepay-electric-with-no-contract\\\/#breadcrumb\",\"itemListElement\":[{\"@type\":\"ListItem\",\"position\":1,\"name\":\"Home\",\"item\":\"https:\\\/\\\/powermepronto.com\\\/en\\\/\"},{\"@type\":\"ListItem\",\"position\":2,\"name\":\"Denton\u2019s Cheapest Prepay Electric with No Contract!\"}]},{\"@type\":\"WebSite\",\"@id\":\"https:\\\/\\\/powermepronto.com\\\/en\\\/#website\",\"url\":\"https:\\\/\\\/powermepronto.com\\\/en\\\/\",\"name\":\"Pronto Power\",\"description\":\"\",\"potentialAction\":[{\"@type\":\"SearchAction\",\"target\":{\"@type\":\"EntryPoint\",\"urlTemplate\":\"https:\\\/\\\/powermepronto.com\\\/en\\\/?s={search_term_string}\"},\"query-input\":{\"@type\":\"PropertyValueSpecification\",\"valueRequired\":true,\"valueName\":\"search_term_string\"}}],\"inLanguage\":\"es\"}]}<\/script>\n<!-- \/ Yoast SEO plugin. -->","yoast_head_json":{"title":"[:en]Denton\u2019s Cheapest Prepay Electric with No Contract![:es]\u00a1La electricidad prepago m\u00e1s barata de Denton sin contrato![:] - Pronto Power","description":"[:en]Get the cheapest prepaid electric rates in Denton. Plus find out how to save 20% more. No deposit. No contract. No hidden fees. Join free today! 844.621.2852[:es]Obtenga las tarifas el\u00e9ctricas prepagas m\u00e1s econ\u00f3micas en Denton. Adem\u00e1s, descubra c\u00f3mo ahorrar un 20% m\u00e1s. No hay dep\u00f3sito. Sin contrato. Sin cuotas escondidas. \u00a1\u00danase gratis hoy! 844.621.2852[:]","robots":{"index":"index","follow":"follow","max-snippet":"max-snippet:-1","max-image-preview":"max-image-preview:large","max-video-preview":"max-video-preview:-1"},"canonical":"https:\/\/powermepronto.com\/dentons-cheapest-prepay-electric-with-no-contract\/","og_locale":"es_ES","og_type":"article","og_title":"[:en]Denton\u2019s Cheapest Prepay Electric with No Contract![:es]\u00a1La electricidad prepago m\u00e1s barata de Denton sin contrato![:] - Pronto Power","og_description":"[:en]Get the cheapest prepaid electric rates in Denton. Plus find out how to save 20% more. No deposit. No contract. No hidden fees. Join free today! 844.621.2852[:es]Obtenga las tarifas el\u00e9ctricas prepagas m\u00e1s econ\u00f3micas en Denton. Adem\u00e1s, descubra c\u00f3mo ahorrar un 20% m\u00e1s. No hay dep\u00f3sito. Sin contrato. Sin cuotas escondidas. \u00a1\u00danase gratis hoy! 844.621.2852[:]","og_url":"https:\/\/powermepronto.com\/dentons-cheapest-prepay-electric-with-no-contract\/","og_site_name":"Pronto Power","article_modified_time":"2022-12-21T10:29:26+00:00","twitter_card":"summary_large_image","twitter_misc":{"Tiempo de lectura":"3 minutos"},"schema":{"@context":"https:\/\/schema.org","@graph":[{"@type":"WebPage","@id":"https:\/\/powermepronto.com\/dentons-cheapest-prepay-electric-with-no-contract\/","url":"https:\/\/powermepronto.com\/dentons-cheapest-prepay-electric-with-no-contract\/","name":"[:en]Denton\u2019s Cheapest Prepay Electric with No Contract![:es]\u00a1La electricidad prepago m\u00e1s barata de Denton sin contrato![:] - Pronto Power","isPartOf":{"@id":"https:\/\/powermepronto.com\/en\/#website"},"datePublished":"2021-08-09T21:10:50+00:00","dateModified":"2022-12-21T10:29:26+00:00","description":"[:en]Get the cheapest prepaid electric rates in Denton. Plus find out how to save 20% more. No deposit. No contract. No hidden fees. Join free today! 844.621.2852[:es]Obtenga las tarifas el\u00e9ctricas prepagas m\u00e1s econ\u00f3micas en Denton. Adem\u00e1s, descubra c\u00f3mo ahorrar un 20% m\u00e1s. No hay dep\u00f3sito. Sin contrato. Sin cuotas escondidas. \u00a1\u00danase gratis hoy! 844.621.2852[:]","breadcrumb":{"@id":"https:\/\/powermepronto.com\/dentons-cheapest-prepay-electric-with-no-contract\/#breadcrumb"},"inLanguage":"es","potentialAction":[{"@type":"ReadAction","target":["https:\/\/powermepronto.com\/dentons-cheapest-prepay-electric-with-no-contract\/"]}]},{"@type":"BreadcrumbList","@id":"https:\/\/powermepronto.com\/dentons-cheapest-prepay-electric-with-no-contract\/#breadcrumb","itemListElement":[{"@type":"ListItem","position":1,"name":"Home","item":"https:\/\/powermepronto.com\/en\/"},{"@type":"ListItem","position":2,"name":"Denton\u2019s Cheapest Prepay Electric with No Contract!"}]},{"@type":"WebSite","@id":"https:\/\/powermepronto.com\/en\/#website","url":"https:\/\/powermepronto.com\/en\/","name":"Pronto Power","description":"","potentialAction":[{"@type":"SearchAction","target":{"@type":"EntryPoint","urlTemplate":"https:\/\/powermepronto.com\/en\/?s={search_term_string}"},"query-input":{"@type":"PropertyValueSpecification","valueRequired":true,"valueName":"search_term_string"}}],"inLanguage":"es"}]}},"_links":{"self":[{"href":"https:\/\/powermepronto.com\/es\/wp-json\/wp\/v2\/pages\/2730","targetHints":{"allow":["GET"]}}],"collection":[{"href":"https:\/\/powermepronto.com\/es\/wp-json\/wp\/v2\/pages"}],"about":[{"href":"https:\/\/powermepronto.com\/es\/wp-json\/wp\/v2\/types\/page"}],"author":[{"embeddable":true,"href":"https:\/\/powermepronto.com\/es\/wp-json\/wp\/v2\/users\/1"}],"replies":[{"embeddable":true,"href":"https:\/\/powermepronto.com\/es\/wp-json\/wp\/v2\/comments?post=2730"}],"version-history":[{"count":4,"href":"https:\/\/powermepronto.com\/es\/wp-json\/wp\/v2\/pages\/2730\/revisions"}],"predecessor-version":[{"id":3504,"href":"https:\/\/powermepronto.com\/es\/wp-json\/wp\/v2\/pages\/2730\/revisions\/3504"}],"wp:attachment":[{"href":"https:\/\/powermepronto.com\/es\/wp-json\/wp\/v2\/media?parent=2730"}],"curies":[{"name":"wp","href":"https:\/\/api.w.org\/{rel}","templated":true}]}}