{"id":27,"date":"2017-06-14T01:58:37","date_gmt":"2017-06-14T01:58:37","guid":{"rendered":"\/?page_id=27"},"modified":"2025-08-07T07:41:38","modified_gmt":"2025-08-07T12:41:38","slug":"contact-us","status":"publish","type":"page","link":"https:\/\/powermepronto.com\/es\/contact-us\/","title":{"rendered":"Cont\u00e1ctenos"},"content":{"rendered":"<p><\/p>\n<h2>Pronto Power<\/h2>\n<h3><span class=\"affiliatecode\">1-888-234-1373<\/span><\/h3>\n<p><a href=\"mailto:service@powermepronto.com\">service@powermepronto.com<\/a><\/p>\n<p>De lunes a viernes de 8:00 a.m. a 5:00 p.m.<br \/>\nCerrado s\u00e1bado y domingo<\/p>\n<h2>Nuevos Clientes<\/h2>\n<p>8:00am-5:00pm Lun-Vie<br \/>\nCerrado s\u00e1bado y domingo<br \/>\n<span class=\"affiliatecode\">1-844-621-2852<\/span><\/p>\n<h2>Atenci\u00f3n al Cliente<\/h2>\n<p>8:00am-5:00pm Lun-Vie<br \/>\nCerrado s\u00e1bado y domingo<br \/>\n<strong>1-888-234-1373<\/strong><\/p>\n<p><a name=\"afterhours\"><\/a><\/p>\n<h2>Despu\u00e9s de Horas<\/h2>\n<p>Para atenci\u00f3n al cliente fuera del horario de atenci\u00f3n env\u00edenos un correo electr\u00f3nico a <a href=\"mailto:service@powermepronto.com\">service@powermepronto.com<\/a><\/p>","protected":false},"excerpt":{"rendered":"<p>Pronto Power 1-888-234-1373 service@powermepronto.com De lunes a viernes de 8:00 a.m. a 5:00 p.m. Cerrado s\u00e1bado y domingo Nuevos Clientes 8:00am-5:00pm Lun-Vie Cerrado s\u00e1bado y domingo 1-844-621-2852 Atenci\u00f3n al Cliente 8:00am-5:00pm Lun-Vie Cerrado s\u00e1bado y domingo 1-888-234-1373 Despu\u00e9s de Horas Para atenci\u00f3n al cliente fuera del horario de atenci\u00f3n env\u00edenos un correo electr\u00f3nico a service@powermepronto.com<\/p>\n","protected":false},"author":1,"featured_media":919,"parent":0,"menu_order":0,"comment_status":"closed","ping_status":"closed","template":"","meta":{"_acf_changed":false,"_glsr_average":0,"_glsr_ranking":0,"_glsr_reviews":0,"footnotes":"","_links_to":"","_links_to_target":""},"class_list":["post-27","page","type-page","status-publish","has-post-thumbnail","hentry"],"acf":[],"yoast_head":"<!-- This site is optimized with the Yoast SEO plugin v27.4 - https:\/\/yoast.com\/product\/yoast-seo-wordpress\/ -->\n<title>Contact Pronto Power for PrePaid Electricity Texas<\/title>\n<meta name=\"description\" content=\"Call 888-234-1373 for Pronto Power&#039;s for PrePaid Electricity Texas or send us an email service@powermepronto.com.\" \/>\n<meta name=\"robots\" content=\"index, follow, max-snippet:-1, max-image-preview:large, max-video-preview:-1\" \/>\n<link rel=\"canonical\" href=\"https:\/\/powermepronto.com\/contact-us\/\" \/>\n<meta property=\"og:locale\" content=\"es_ES\" \/>\n<meta property=\"og:type\" content=\"article\" \/>\n<meta property=\"og:title\" content=\"Contact Pronto Power for PrePaid Electricity Texas\" \/>\n<meta property=\"og:description\" content=\"Call 888-234-1373 for Pronto Power&#039;s for PrePaid Electricity Texas or send us an email service@powermepronto.com.\" \/>\n<meta property=\"og:url\" content=\"https:\/\/powermepronto.com\/contact-us\/\" \/>\n<meta property=\"og:site_name\" content=\"Pronto Power\" \/>\n<meta property=\"article:modified_time\" content=\"2025-08-07T12:41:38+00:00\" \/>\n<meta property=\"og:image\" content=\"https:\/\/powermepronto.com\/wp-content\/uploads\/2018\/09\/contact.jpg\" \/>\n\t<meta property=\"og:image:width\" content=\"2000\" \/>\n\t<meta property=\"og:image:height\" content=\"500\" \/>\n\t<meta property=\"og:image:type\" content=\"image\/jpeg\" \/>\n<meta name=\"twitter:card\" content=\"summary_large_image\" \/>\n<meta name=\"twitter:label1\" content=\"Tiempo de lectura\" \/>\n\t<meta name=\"twitter:data1\" content=\"1 minuto\" \/>\n<script type=\"application\/ld+json\" class=\"yoast-schema-graph\">{\"@context\":\"https:\\\/\\\/schema.org\",\"@graph\":[{\"@type\":\"WebPage\",\"@id\":\"https:\\\/\\\/powermepronto.com\\\/contact-us\\\/\",\"url\":\"https:\\\/\\\/powermepronto.com\\\/contact-us\\\/\",\"name\":\"Contact Pronto Power for PrePaid Electricity Texas\",\"isPartOf\":{\"@id\":\"https:\\\/\\\/powermepronto.com\\\/en\\\/#website\"},\"primaryImageOfPage\":{\"@id\":\"https:\\\/\\\/powermepronto.com\\\/contact-us\\\/#primaryimage\"},\"image\":{\"@id\":\"https:\\\/\\\/powermepronto.com\\\/contact-us\\\/#primaryimage\"},\"thumbnailUrl\":\"https:\\\/\\\/powermepronto.com\\\/wp-content\\\/uploads\\\/2018\\\/09\\\/contact.jpg\",\"datePublished\":\"2017-06-14T01:58:37+00:00\",\"dateModified\":\"2025-08-07T12:41:38+00:00\",\"description\":\"Call 888-234-1373 for Pronto Power's for PrePaid Electricity Texas or send us an email service@powermepronto.com.\",\"breadcrumb\":{\"@id\":\"https:\\\/\\\/powermepronto.com\\\/contact-us\\\/#breadcrumb\"},\"inLanguage\":\"es\",\"potentialAction\":[{\"@type\":\"ReadAction\",\"target\":[\"https:\\\/\\\/powermepronto.com\\\/contact-us\\\/\"]}]},{\"@type\":\"ImageObject\",\"inLanguage\":\"es\",\"@id\":\"https:\\\/\\\/powermepronto.com\\\/contact-us\\\/#primaryimage\",\"url\":\"https:\\\/\\\/powermepronto.com\\\/wp-content\\\/uploads\\\/2018\\\/09\\\/contact.jpg\",\"contentUrl\":\"https:\\\/\\\/powermepronto.com\\\/wp-content\\\/uploads\\\/2018\\\/09\\\/contact.jpg\",\"width\":2000,\"height\":500,\"caption\":\"Children Playing On Garden Swing And Scooter Outside House\"},{\"@type\":\"BreadcrumbList\",\"@id\":\"https:\\\/\\\/powermepronto.com\\\/contact-us\\\/#breadcrumb\",\"itemListElement\":[{\"@type\":\"ListItem\",\"position\":1,\"name\":\"Home\",\"item\":\"https:\\\/\\\/powermepronto.com\\\/en\\\/\"},{\"@type\":\"ListItem\",\"position\":2,\"name\":\"Contact Us\"}]},{\"@type\":\"WebSite\",\"@id\":\"https:\\\/\\\/powermepronto.com\\\/en\\\/#website\",\"url\":\"https:\\\/\\\/powermepronto.com\\\/en\\\/\",\"name\":\"Pronto Power\",\"description\":\"\",\"potentialAction\":[{\"@type\":\"SearchAction\",\"target\":{\"@type\":\"EntryPoint\",\"urlTemplate\":\"https:\\\/\\\/powermepronto.com\\\/en\\\/?s={search_term_string}\"},\"query-input\":{\"@type\":\"PropertyValueSpecification\",\"valueRequired\":true,\"valueName\":\"search_term_string\"}}],\"inLanguage\":\"es\"}]}<\/script>\n<!-- \/ Yoast SEO plugin. -->","yoast_head_json":{"title":"Contact Pronto Power for PrePaid Electricity Texas","description":"Call 888-234-1373 for Pronto Power's for PrePaid Electricity Texas or send us an email service@powermepronto.com.","robots":{"index":"index","follow":"follow","max-snippet":"max-snippet:-1","max-image-preview":"max-image-preview:large","max-video-preview":"max-video-preview:-1"},"canonical":"https:\/\/powermepronto.com\/contact-us\/","og_locale":"es_ES","og_type":"article","og_title":"Contact Pronto Power for PrePaid Electricity Texas","og_description":"Call 888-234-1373 for Pronto Power's for PrePaid Electricity Texas or send us an email service@powermepronto.com.","og_url":"https:\/\/powermepronto.com\/contact-us\/","og_site_name":"Pronto Power","article_modified_time":"2025-08-07T12:41:38+00:00","og_image":[{"width":2000,"height":500,"url":"https:\/\/powermepronto.com\/wp-content\/uploads\/2018\/09\/contact.jpg","type":"image\/jpeg"}],"twitter_card":"summary_large_image","twitter_misc":{"Tiempo de lectura":"1 minuto"},"schema":{"@context":"https:\/\/schema.org","@graph":[{"@type":"WebPage","@id":"https:\/\/powermepronto.com\/contact-us\/","url":"https:\/\/powermepronto.com\/contact-us\/","name":"Contact Pronto Power for PrePaid Electricity Texas","isPartOf":{"@id":"https:\/\/powermepronto.com\/en\/#website"},"primaryImageOfPage":{"@id":"https:\/\/powermepronto.com\/contact-us\/#primaryimage"},"image":{"@id":"https:\/\/powermepronto.com\/contact-us\/#primaryimage"},"thumbnailUrl":"https:\/\/powermepronto.com\/wp-content\/uploads\/2018\/09\/contact.jpg","datePublished":"2017-06-14T01:58:37+00:00","dateModified":"2025-08-07T12:41:38+00:00","description":"Call 888-234-1373 for Pronto Power's for PrePaid Electricity Texas or send us an email service@powermepronto.com.","breadcrumb":{"@id":"https:\/\/powermepronto.com\/contact-us\/#breadcrumb"},"inLanguage":"es","potentialAction":[{"@type":"ReadAction","target":["https:\/\/powermepronto.com\/contact-us\/"]}]},{"@type":"ImageObject","inLanguage":"es","@id":"https:\/\/powermepronto.com\/contact-us\/#primaryimage","url":"https:\/\/powermepronto.com\/wp-content\/uploads\/2018\/09\/contact.jpg","contentUrl":"https:\/\/powermepronto.com\/wp-content\/uploads\/2018\/09\/contact.jpg","width":2000,"height":500,"caption":"Children Playing On Garden Swing And Scooter Outside House"},{"@type":"BreadcrumbList","@id":"https:\/\/powermepronto.com\/contact-us\/#breadcrumb","itemListElement":[{"@type":"ListItem","position":1,"name":"Home","item":"https:\/\/powermepronto.com\/en\/"},{"@type":"ListItem","position":2,"name":"Contact Us"}]},{"@type":"WebSite","@id":"https:\/\/powermepronto.com\/en\/#website","url":"https:\/\/powermepronto.com\/en\/","name":"Pronto Power","description":"","potentialAction":[{"@type":"SearchAction","target":{"@type":"EntryPoint","urlTemplate":"https:\/\/powermepronto.com\/en\/?s={search_term_string}"},"query-input":{"@type":"PropertyValueSpecification","valueRequired":true,"valueName":"search_term_string"}}],"inLanguage":"es"}]}},"_links":{"self":[{"href":"https:\/\/powermepronto.com\/es\/wp-json\/wp\/v2\/pages\/27","targetHints":{"allow":["GET"]}}],"collection":[{"href":"https:\/\/powermepronto.com\/es\/wp-json\/wp\/v2\/pages"}],"about":[{"href":"https:\/\/powermepronto.com\/es\/wp-json\/wp\/v2\/types\/page"}],"author":[{"embeddable":true,"href":"https:\/\/powermepronto.com\/es\/wp-json\/wp\/v2\/users\/1"}],"replies":[{"embeddable":true,"href":"https:\/\/powermepronto.com\/es\/wp-json\/wp\/v2\/comments?post=27"}],"version-history":[{"count":20,"href":"https:\/\/powermepronto.com\/es\/wp-json\/wp\/v2\/pages\/27\/revisions"}],"predecessor-version":[{"id":4416,"href":"https:\/\/powermepronto.com\/es\/wp-json\/wp\/v2\/pages\/27\/revisions\/4416"}],"wp:featuredmedia":[{"embeddable":true,"href":"https:\/\/powermepronto.com\/es\/wp-json\/wp\/v2\/media\/919"}],"wp:attachment":[{"href":"https:\/\/powermepronto.com\/es\/wp-json\/wp\/v2\/media?parent=27"}],"curies":[{"name":"wp","href":"https:\/\/api.w.org\/{rel}","templated":true}]}}