{"id":2664,"date":"2021-06-24T10:48:33","date_gmt":"2021-06-24T15:48:33","guid":{"rendered":"https:\/\/powermepronto.com\/?page_id=2664"},"modified":"2022-12-21T04:25:54","modified_gmt":"2022-12-21T10:25:54","slug":"cheaper-than-all-other-prepay-electric-companies-in-colleyville","status":"publish","type":"page","link":"https:\/\/powermepronto.com\/es\/cheaper-than-all-other-prepay-electric-companies-in-colleyville\/","title":{"rendered":"M\u00e1s barato que todas las dem\u00e1s compa\u00f1\u00edas el\u00e9ctricas de prepago en Colleyville"},"content":{"rendered":"<p>\u00bfCu\u00e1ndo te ayudar\u00e1 alguien a poner m\u00e1s dinero en tu bolsillo?<\/p>\n<p>Parece que todas las empresas tienen una raz\u00f3n para que les des m\u00e1s dinero. Y luego, cuando necesite ayuda con su producto o servicio, \u00a1no los encontrar\u00e1 por ning\u00fan lado!<\/p>\n<p>&#8230; O le costar\u00e1 m\u00e1s.<\/p>\n<p>En Pronto Power, lo ayudamos a ahorrar m\u00e1s dinero que otras compa\u00f1\u00edas el\u00e9ctricas sin dep\u00f3sito en Texas.<\/p>\n<p>Primero, paga las tarifas prepagas m\u00e1s baratas de Texas. En segundo lugar, nunca paga ning\u00fan dep\u00f3sito. En tercer lugar, nunca paga tarifas ocultas.<\/p>\n<p>Adem\u00e1s, hay:<\/p>\n<p>\u25cf Sin verificaci\u00f3n de cr\u00e9dito<br \/>\n\u25cf Sin verificaci\u00f3n de identificaci\u00f3n<br \/>\n\u25cf Sin tarifas de conexi\u00f3n<br \/>\n\u25cf Sin tarifas de desconexi\u00f3n<br \/>\n\u25cf Sin contrato<\/p>\n<p>Y el servicio de atenci\u00f3n al cliente est\u00e1 ansioso por ayudarlo. Nuestros representantes lo ayudar\u00e1n a superar incluso las circunstancias financieras m\u00e1s dif\u00edciles con planes de pago diferido.<\/p>\n<p>Dado que no hay que firmar ning\u00fan contrato con una redacci\u00f3n densa, tiene un riesgo absolutamente nulo.<\/p>\n<p>Cancele en cualquier momento y por cualquier motivo.<\/p>\n<p>&#8230; Pero cuando experimente los incre\u00edbles ahorros y el excelente servicio de Pronto Power, se preguntar\u00e1 por qu\u00e9 no se inscribi\u00f3 antes.<\/p>\n<h2>\u00bfC\u00f3mo puede Pronto Power ofrecer un trato incre\u00edble que otras compa\u00f1\u00edas el\u00e9ctricas de Texas no lo hagan?<\/h2>\n<p>Simple: nos enfocamos en una meticulosa eficiencia operativa y relaciones a largo plazo con los clientes.<br \/>\nLa mayor\u00eda de las empresas de energ\u00eda sin dep\u00f3sito felizmente \u00abdespiden y no queman\u00bb a los clientes, como dice el refr\u00e1n.<\/p>\n<p>En cambio, nuestro objetivo es retenerlo durante a\u00f1os. Eso ahorra mucho dinero.<\/p>\n<p>\u00a1Y los ahorros pasan directamente a usted!<\/p>\n<h2>Ahorre un 20% m\u00e1s con las tarifas prepagas ya m\u00e1s econ\u00f3micas<\/h2>\n<p>Y s\u00ed, puedes ahorrar un 20% m\u00e1s. Para hacerlo, simplemente inicie sesi\u00f3n en la herramienta gratuita de monitoreo de electricidad a la que tiene acceso cuando se une a Pronto Power.<\/p>\n<p>Le muestra exactamente c\u00f3mo est\u00e1 usando la electricidad en este mismo segundo.<\/p>\n<p>Aprenda con el tiempo c\u00f3mo usa la electricidad. Luego, cambie su comportamiento.<\/p>\n<p>Muchos clientes ahorran un 20% de las tarifas prepagas m\u00e1s baratas &#8230; \u00a1y algunos incluso m\u00e1s!<\/p>\n<h2>Suena demasiado bueno para ser verdad &#8230; \u00bfCu\u00e1l es el truco?<\/h2>\n<p>\u00a1No hay uno! Esto es literalmente. Y recuerde, dado que no firma un contrato, puede retirarse en cualquier momento y por cualquier motivo si no est\u00e1 satisfecho.<\/p>\n<p>Siempre que tenga un solo centavo en su cuenta prepaga antes de la 1 PM cada d\u00eda, su electricidad permanece encendida.<\/p>\n<h2>\u00danase a No Deposit Power Company Pronto Power Free en una hora<\/h2>\n<p>Si su casa tiene un medidor inteligente, puede inscribirse gratis en una hora.<\/p>\n<p>\u00a1Simplemente llame al <span class=\"affiliatecode\">844.621.2852<\/span> para que suceda!<\/p>","protected":false},"excerpt":{"rendered":"<p>\u00bfCu\u00e1ndo te ayudar\u00e1 alguien a poner m\u00e1s dinero en tu bolsillo? Parece que todas las empresas tienen una raz\u00f3n para que les des m\u00e1s dinero. Y luego, cuando necesite ayuda con su producto o servicio, \u00a1no los encontrar\u00e1 por ning\u00fan lado! &#8230; O le costar\u00e1 m\u00e1s. En Pronto Power, lo ayudamos a ahorrar m\u00e1s dinero &hellip; <a href=\"https:\/\/powermepronto.com\/es\/cheaper-than-all-other-prepay-electric-companies-in-colleyville\/\" class=\"more-link\">Continue reading <span class=\"screen-reader-text\">M\u00e1s barato que todas las dem\u00e1s compa\u00f1\u00edas el\u00e9ctricas de prepago en Colleyville<\/span><\/a><\/p>\n","protected":false},"author":1,"featured_media":0,"parent":0,"menu_order":0,"comment_status":"closed","ping_status":"closed","template":"","meta":{"_acf_changed":false,"_glsr_average":0,"_glsr_ranking":0,"_glsr_reviews":0,"footnotes":"","_links_to":"","_links_to_target":""},"class_list":["post-2664","page","type-page","status-publish","hentry"],"acf":[],"yoast_head":"<!-- This site is optimized with the Yoast SEO plugin v27.4 - https:\/\/yoast.com\/product\/yoast-seo-wordpress\/ -->\n<title>M\u00e1s barato que todas las dem\u00e1s compa\u00f1\u00edas el\u00e9ctricas de prepago en Colleyville - Pronto Power<\/title>\n<meta name=\"description\" content=\"[:en]Get the cheapest prepaid electric rates in Carrollton. Plus find out how to save 20% more. No deposit. No contract. No hidden fees. Join free today! 844.621.2852[:es]Obtenga las tarifas el\u00e9ctricas prepagas m\u00e1s baratas en Carrollton. Adem\u00e1s, descubra c\u00f3mo ahorrar un 20% m\u00e1s. No hay dep\u00f3sito. Sin contrato. Sin cuotas escondidas. \u00a1\u00danase gratis hoy! 844.621.2852[:]\" \/>\n<meta name=\"robots\" content=\"index, follow, max-snippet:-1, max-image-preview:large, max-video-preview:-1\" \/>\n<link rel=\"canonical\" href=\"https:\/\/powermepronto.com\/cheaper-than-all-other-prepay-electric-companies-in-colleyville\/\" \/>\n<meta property=\"og:locale\" content=\"es_ES\" \/>\n<meta property=\"og:type\" content=\"article\" \/>\n<meta property=\"og:title\" content=\"[:en]Cheaper Than All Other Prepay Electric Companies in Colleyville[:es]M\u00e1s barato que todas las dem\u00e1s compa\u00f1\u00edas el\u00e9ctricas de prepago en Colleyville[:] - Pronto Power\" \/>\n<meta property=\"og:description\" content=\"[:en]Get the cheapest prepaid electric rates in Carrollton. Plus find out how to save 20% more. No deposit. No contract. No hidden fees. Join free today! 844.621.2852[:es]Obtenga las tarifas el\u00e9ctricas prepagas m\u00e1s baratas en Carrollton. Adem\u00e1s, descubra c\u00f3mo ahorrar un 20% m\u00e1s. No hay dep\u00f3sito. Sin contrato. Sin cuotas escondidas. \u00a1\u00danase gratis hoy! 844.621.2852[:]\" \/>\n<meta property=\"og:url\" content=\"https:\/\/powermepronto.com\/cheaper-than-all-other-prepay-electric-companies-in-colleyville\/\" \/>\n<meta property=\"og:site_name\" content=\"Pronto Power\" \/>\n<meta property=\"article:modified_time\" content=\"2022-12-21T10:25:54+00:00\" \/>\n<meta name=\"twitter:card\" content=\"summary_large_image\" \/>\n<meta name=\"twitter:label1\" content=\"Tiempo de lectura\" \/>\n\t<meta name=\"twitter:data1\" content=\"4 minutos\" \/>\n<script type=\"application\/ld+json\" class=\"yoast-schema-graph\">{\"@context\":\"https:\\\/\\\/schema.org\",\"@graph\":[{\"@type\":\"WebPage\",\"@id\":\"https:\\\/\\\/powermepronto.com\\\/cheaper-than-all-other-prepay-electric-companies-in-colleyville\\\/\",\"url\":\"https:\\\/\\\/powermepronto.com\\\/cheaper-than-all-other-prepay-electric-companies-in-colleyville\\\/\",\"name\":\"[:en]Cheaper Than All Other Prepay Electric Companies in Colleyville[:es]M\u00e1s barato que todas las dem\u00e1s compa\u00f1\u00edas el\u00e9ctricas de prepago en Colleyville[:] - Pronto Power\",\"isPartOf\":{\"@id\":\"https:\\\/\\\/powermepronto.com\\\/en\\\/#website\"},\"datePublished\":\"2021-06-24T15:48:33+00:00\",\"dateModified\":\"2022-12-21T10:25:54+00:00\",\"description\":\"[:en]Get the cheapest prepaid electric rates in Carrollton. Plus find out how to save 20% more. No deposit. No contract. No hidden fees. Join free today! 844.621.2852[:es]Obtenga las tarifas el\u00e9ctricas prepagas m\u00e1s baratas en Carrollton. Adem\u00e1s, descubra c\u00f3mo ahorrar un 20% m\u00e1s. No hay dep\u00f3sito. Sin contrato. Sin cuotas escondidas. \u00a1\u00danase gratis hoy! 844.621.2852[:]\",\"breadcrumb\":{\"@id\":\"https:\\\/\\\/powermepronto.com\\\/cheaper-than-all-other-prepay-electric-companies-in-colleyville\\\/#breadcrumb\"},\"inLanguage\":\"es\",\"potentialAction\":[{\"@type\":\"ReadAction\",\"target\":[\"https:\\\/\\\/powermepronto.com\\\/cheaper-than-all-other-prepay-electric-companies-in-colleyville\\\/\"]}]},{\"@type\":\"BreadcrumbList\",\"@id\":\"https:\\\/\\\/powermepronto.com\\\/cheaper-than-all-other-prepay-electric-companies-in-colleyville\\\/#breadcrumb\",\"itemListElement\":[{\"@type\":\"ListItem\",\"position\":1,\"name\":\"Home\",\"item\":\"https:\\\/\\\/powermepronto.com\\\/en\\\/\"},{\"@type\":\"ListItem\",\"position\":2,\"name\":\"Cheaper Than All Other Prepay Electric Companies in Colleyville\"}]},{\"@type\":\"WebSite\",\"@id\":\"https:\\\/\\\/powermepronto.com\\\/en\\\/#website\",\"url\":\"https:\\\/\\\/powermepronto.com\\\/en\\\/\",\"name\":\"Pronto Power\",\"description\":\"\",\"potentialAction\":[{\"@type\":\"SearchAction\",\"target\":{\"@type\":\"EntryPoint\",\"urlTemplate\":\"https:\\\/\\\/powermepronto.com\\\/en\\\/?s={search_term_string}\"},\"query-input\":{\"@type\":\"PropertyValueSpecification\",\"valueRequired\":true,\"valueName\":\"search_term_string\"}}],\"inLanguage\":\"es\"}]}<\/script>\n<!-- \/ Yoast SEO plugin. -->","yoast_head_json":{"title":"[:en]Cheaper Than All Other Prepay Electric Companies in Colleyville[:es]M\u00e1s barato que todas las dem\u00e1s compa\u00f1\u00edas el\u00e9ctricas de prepago en Colleyville[:] - Pronto Power","description":"[:en]Get the cheapest prepaid electric rates in Carrollton. Plus find out how to save 20% more. No deposit. No contract. No hidden fees. Join free today! 844.621.2852[:es]Obtenga las tarifas el\u00e9ctricas prepagas m\u00e1s baratas en Carrollton. Adem\u00e1s, descubra c\u00f3mo ahorrar un 20% m\u00e1s. No hay dep\u00f3sito. Sin contrato. Sin cuotas escondidas. \u00a1\u00danase gratis hoy! 844.621.2852[:]","robots":{"index":"index","follow":"follow","max-snippet":"max-snippet:-1","max-image-preview":"max-image-preview:large","max-video-preview":"max-video-preview:-1"},"canonical":"https:\/\/powermepronto.com\/cheaper-than-all-other-prepay-electric-companies-in-colleyville\/","og_locale":"es_ES","og_type":"article","og_title":"[:en]Cheaper Than All Other Prepay Electric Companies in Colleyville[:es]M\u00e1s barato que todas las dem\u00e1s compa\u00f1\u00edas el\u00e9ctricas de prepago en Colleyville[:] - Pronto Power","og_description":"[:en]Get the cheapest prepaid electric rates in Carrollton. Plus find out how to save 20% more. No deposit. No contract. No hidden fees. Join free today! 844.621.2852[:es]Obtenga las tarifas el\u00e9ctricas prepagas m\u00e1s baratas en Carrollton. Adem\u00e1s, descubra c\u00f3mo ahorrar un 20% m\u00e1s. No hay dep\u00f3sito. Sin contrato. Sin cuotas escondidas. \u00a1\u00danase gratis hoy! 844.621.2852[:]","og_url":"https:\/\/powermepronto.com\/cheaper-than-all-other-prepay-electric-companies-in-colleyville\/","og_site_name":"Pronto Power","article_modified_time":"2022-12-21T10:25:54+00:00","twitter_card":"summary_large_image","twitter_misc":{"Tiempo de lectura":"4 minutos"},"schema":{"@context":"https:\/\/schema.org","@graph":[{"@type":"WebPage","@id":"https:\/\/powermepronto.com\/cheaper-than-all-other-prepay-electric-companies-in-colleyville\/","url":"https:\/\/powermepronto.com\/cheaper-than-all-other-prepay-electric-companies-in-colleyville\/","name":"[:en]Cheaper Than All Other Prepay Electric Companies in Colleyville[:es]M\u00e1s barato que todas las dem\u00e1s compa\u00f1\u00edas el\u00e9ctricas de prepago en Colleyville[:] - Pronto Power","isPartOf":{"@id":"https:\/\/powermepronto.com\/en\/#website"},"datePublished":"2021-06-24T15:48:33+00:00","dateModified":"2022-12-21T10:25:54+00:00","description":"[:en]Get the cheapest prepaid electric rates in Carrollton. Plus find out how to save 20% more. No deposit. No contract. No hidden fees. Join free today! 844.621.2852[:es]Obtenga las tarifas el\u00e9ctricas prepagas m\u00e1s baratas en Carrollton. Adem\u00e1s, descubra c\u00f3mo ahorrar un 20% m\u00e1s. No hay dep\u00f3sito. Sin contrato. Sin cuotas escondidas. \u00a1\u00danase gratis hoy! 844.621.2852[:]","breadcrumb":{"@id":"https:\/\/powermepronto.com\/cheaper-than-all-other-prepay-electric-companies-in-colleyville\/#breadcrumb"},"inLanguage":"es","potentialAction":[{"@type":"ReadAction","target":["https:\/\/powermepronto.com\/cheaper-than-all-other-prepay-electric-companies-in-colleyville\/"]}]},{"@type":"BreadcrumbList","@id":"https:\/\/powermepronto.com\/cheaper-than-all-other-prepay-electric-companies-in-colleyville\/#breadcrumb","itemListElement":[{"@type":"ListItem","position":1,"name":"Home","item":"https:\/\/powermepronto.com\/en\/"},{"@type":"ListItem","position":2,"name":"Cheaper Than All Other Prepay Electric Companies in Colleyville"}]},{"@type":"WebSite","@id":"https:\/\/powermepronto.com\/en\/#website","url":"https:\/\/powermepronto.com\/en\/","name":"Pronto Power","description":"","potentialAction":[{"@type":"SearchAction","target":{"@type":"EntryPoint","urlTemplate":"https:\/\/powermepronto.com\/en\/?s={search_term_string}"},"query-input":{"@type":"PropertyValueSpecification","valueRequired":true,"valueName":"search_term_string"}}],"inLanguage":"es"}]}},"_links":{"self":[{"href":"https:\/\/powermepronto.com\/es\/wp-json\/wp\/v2\/pages\/2664","targetHints":{"allow":["GET"]}}],"collection":[{"href":"https:\/\/powermepronto.com\/es\/wp-json\/wp\/v2\/pages"}],"about":[{"href":"https:\/\/powermepronto.com\/es\/wp-json\/wp\/v2\/types\/page"}],"author":[{"embeddable":true,"href":"https:\/\/powermepronto.com\/es\/wp-json\/wp\/v2\/users\/1"}],"replies":[{"embeddable":true,"href":"https:\/\/powermepronto.com\/es\/wp-json\/wp\/v2\/comments?post=2664"}],"version-history":[{"count":4,"href":"https:\/\/powermepronto.com\/es\/wp-json\/wp\/v2\/pages\/2664\/revisions"}],"predecessor-version":[{"id":3497,"href":"https:\/\/powermepronto.com\/es\/wp-json\/wp\/v2\/pages\/2664\/revisions\/3497"}],"wp:attachment":[{"href":"https:\/\/powermepronto.com\/es\/wp-json\/wp\/v2\/media?parent=2664"}],"curies":[{"name":"wp","href":"https:\/\/api.w.org\/{rel}","templated":true}]}}