{"id":2662,"date":"2021-06-24T10:45:55","date_gmt":"2021-06-24T15:45:55","guid":{"rendered":"https:\/\/powermepronto.com\/?page_id=2662"},"modified":"2022-12-21T04:25:28","modified_gmt":"2022-12-21T10:25:28","slug":"cheaper-than-all-other-prepay-electric-companies-in-carrollton","status":"publish","type":"page","link":"https:\/\/powermepronto.com\/es\/cheaper-than-all-other-prepay-electric-companies-in-carrollton\/","title":{"rendered":"M\u00e1s barato que todas las dem\u00e1s empresas el\u00e9ctricas de prepago en Carrollton"},"content":{"rendered":"<p>Parece que todos tienen alguna raz\u00f3n para que les des dinero en estos d\u00edas, \u00bfno es as\u00ed?<\/p>\n<p>Necesita un tel\u00e9fono inteligente, auriculares, reloj, gafas de sol, anillos, Internet, computadora port\u00e1til, tableta &#8230; \u00a1y la lista sigue y sigue!<\/p>\n<p>Y luego, cuando compra estas cosas, tambi\u00e9n \u201cnecesita\u201d todo tipo de accesorios para ellas. Pero, por supuesto, estas cosas no duran. Y cuando algo sale mal, con frecuencia no puede obtener ayuda de la empresa que insisti\u00f3 en que los ten\u00eda en primer lugar.<\/p>\n<p>&#8230; \u00bfCu\u00e1ndo te ayudar\u00e1 alguien a poner m\u00e1s dinero en tu bolsillo?<\/p>\n<p>Afortunadamente, en Pronto Power, eso es lo que hacemos. Para empezar, obtiene la electricidad prepaga m\u00e1s barata de Texas. Adem\u00e1s, tiene la oportunidad de ahorrar un 20% en la tarifa prepaga m\u00e1s barata (descubra c\u00f3mo a continuaci\u00f3n).<\/p>\n<h2>\u00a1Pero eso no es todo! Tambi\u00e9n hay:<\/h2>\n<ul>\n<li>Sin contrato<\/li>\n<li>Sin tarifas ocultas<\/li>\n<li>Sin dep\u00f3sito<\/li>\n<li>Sin tarifas de desconexi\u00f3n<\/li>\n<li>Sin tarifas de conexi\u00f3n<\/li>\n<li>Sin verificaci\u00f3n de cr\u00e9dito<\/li>\n<li>Sin verificaci\u00f3n de identificaci\u00f3n<\/li>\n<li>Servicio al cliente r\u00e1pido y amigable<\/li>\n<\/ul>\n<p>Y como no firma un contrato, no corre ning\u00fan riesgo. Cancele en cualquier momento y por cualquier motivo.<\/p>\n<p>Pero una vez que experimente Pronto Power, \u00a1no querr\u00e1 ir a ning\u00fan otro lado!<\/p>\n<h2>\u00bfC\u00f3mo puede Pronto Power ofrecer una mejor oferta que otras compa\u00f1\u00edas el\u00e9ctricas de Texas?<\/h2>\n<p>Simple: nos aseguramos de que nuestras operaciones comerciales se ejecuten de la manera m\u00e1s rentable posible. La eficiencia es una obsesi\u00f3n.<\/p>\n<p>Tambi\u00e9n nos enfocamos en mantenerlo como cliente a largo plazo. Muchas compa\u00f1\u00edas de energ\u00eda sin dep\u00f3sito simplemente \u00abrenuevan\u00bb a los clientes.<\/p>\n<p>\u00a1Y le pasamos los ahorros directamente a usted!<\/p>\n<h2>Ahorre un 20% adicional frente a otras compa\u00f1\u00edas el\u00e9ctricas<\/h2>\n<p>Ahorrar un 20% m\u00e1s es f\u00e1cil. Y est\u00e1 totalmente bajo tu control.<\/p>\n<p>Cuando se une a Pronto Power, obtiene acceso a nuestra herramienta gratuita de monitoreo de electricidad. Simplemente inicie sesi\u00f3n para ver c\u00f3mo est\u00e1 usando la electricidad en este mismo segundo.<\/p>\n<p>Los clientes usan esta herramienta para aprender c\u00f3mo usan la electricidad a lo largo del tiempo. Y luego cambian su comportamiento.<\/p>\n<h2>Muchos ahorran un 20% &#8230; \u00a1y algunos ahorradores incondicionales incluso mucho m\u00e1s!<\/h2>\n<p>\u00danase a Pronto Power Free hoy<\/p>\n<p>Simplemente no puede encontrar un mejor trato con asociados amigables de servicio al cliente que quieran ayudarlo, incluso si tiene problemas para pagar.<\/p>\n<p>Luego agregue fondos mensualmente, semanalmente o incluso diariamente si es necesario.<\/p>","protected":false},"excerpt":{"rendered":"<p>Parece que todos tienen alguna raz\u00f3n para que les des dinero en estos d\u00edas, \u00bfno es as\u00ed? Necesita un tel\u00e9fono inteligente, auriculares, reloj, gafas de sol, anillos, Internet, computadora port\u00e1til, tableta &#8230; \u00a1y la lista sigue y sigue! Y luego, cuando compra estas cosas, tambi\u00e9n \u201cnecesita\u201d todo tipo de accesorios para ellas. Pero, por supuesto, &hellip; <a href=\"https:\/\/powermepronto.com\/es\/cheaper-than-all-other-prepay-electric-companies-in-carrollton\/\" class=\"more-link\">Continue reading <span class=\"screen-reader-text\">M\u00e1s barato que todas las dem\u00e1s empresas el\u00e9ctricas de prepago en Carrollton<\/span><\/a><\/p>\n","protected":false},"author":1,"featured_media":0,"parent":0,"menu_order":0,"comment_status":"closed","ping_status":"closed","template":"","meta":{"_acf_changed":false,"_glsr_average":0,"_glsr_ranking":0,"_glsr_reviews":0,"footnotes":"","_links_to":"","_links_to_target":""},"class_list":["post-2662","page","type-page","status-publish","hentry"],"acf":[],"yoast_head":"<!-- This site is optimized with the Yoast SEO plugin v27.4 - https:\/\/yoast.com\/product\/yoast-seo-wordpress\/ -->\n<title>M\u00e1s barato que todas las dem\u00e1s empresas el\u00e9ctricas de prepago en Carrollton - Pronto Power<\/title>\n<meta name=\"description\" content=\"[:en]Get the cheapest prepaid electric rates in Carrollton. Plus find out how to save 20% more. No deposit. No contract. No hidden fees. Join free today! 844.621.2852[:es]Obtenga las tarifas el\u00e9ctricas prepagas m\u00e1s baratas en Carrollton. Adem\u00e1s, descubra c\u00f3mo ahorrar un 20% m\u00e1s. No hay dep\u00f3sito. Sin contrato. Sin cuotas escondidas. \u00a1\u00danase gratis hoy! 844.621.2852[:]\" \/>\n<meta name=\"robots\" content=\"index, follow, max-snippet:-1, max-image-preview:large, max-video-preview:-1\" \/>\n<link rel=\"canonical\" href=\"https:\/\/powermepronto.com\/cheaper-than-all-other-prepay-electric-companies-in-carrollton\/\" \/>\n<meta property=\"og:locale\" content=\"es_ES\" \/>\n<meta property=\"og:type\" content=\"article\" \/>\n<meta property=\"og:title\" content=\"[:en]Cheaper Than All Other Prepay Electric Companies in Carrollton[:es]M\u00e1s barato que todas las dem\u00e1s empresas el\u00e9ctricas de prepago en Carrollton[:] - Pronto Power\" \/>\n<meta property=\"og:description\" content=\"[:en]Get the cheapest prepaid electric rates in Carrollton. Plus find out how to save 20% more. No deposit. No contract. No hidden fees. Join free today! 844.621.2852[:es]Obtenga las tarifas el\u00e9ctricas prepagas m\u00e1s baratas en Carrollton. Adem\u00e1s, descubra c\u00f3mo ahorrar un 20% m\u00e1s. No hay dep\u00f3sito. Sin contrato. Sin cuotas escondidas. \u00a1\u00danase gratis hoy! 844.621.2852[:]\" \/>\n<meta property=\"og:url\" content=\"https:\/\/powermepronto.com\/cheaper-than-all-other-prepay-electric-companies-in-carrollton\/\" \/>\n<meta property=\"og:site_name\" content=\"Pronto Power\" \/>\n<meta property=\"article:modified_time\" content=\"2022-12-21T10:25:28+00:00\" \/>\n<meta name=\"twitter:card\" content=\"summary_large_image\" \/>\n<meta name=\"twitter:label1\" content=\"Tiempo de lectura\" \/>\n\t<meta name=\"twitter:data1\" content=\"4 minutos\" \/>\n<script type=\"application\/ld+json\" class=\"yoast-schema-graph\">{\"@context\":\"https:\\\/\\\/schema.org\",\"@graph\":[{\"@type\":\"WebPage\",\"@id\":\"https:\\\/\\\/powermepronto.com\\\/cheaper-than-all-other-prepay-electric-companies-in-carrollton\\\/\",\"url\":\"https:\\\/\\\/powermepronto.com\\\/cheaper-than-all-other-prepay-electric-companies-in-carrollton\\\/\",\"name\":\"[:en]Cheaper Than All Other Prepay Electric Companies in Carrollton[:es]M\u00e1s barato que todas las dem\u00e1s empresas el\u00e9ctricas de prepago en Carrollton[:] - Pronto Power\",\"isPartOf\":{\"@id\":\"https:\\\/\\\/powermepronto.com\\\/en\\\/#website\"},\"datePublished\":\"2021-06-24T15:45:55+00:00\",\"dateModified\":\"2022-12-21T10:25:28+00:00\",\"description\":\"[:en]Get the cheapest prepaid electric rates in Carrollton. Plus find out how to save 20% more. No deposit. No contract. No hidden fees. Join free today! 844.621.2852[:es]Obtenga las tarifas el\u00e9ctricas prepagas m\u00e1s baratas en Carrollton. Adem\u00e1s, descubra c\u00f3mo ahorrar un 20% m\u00e1s. No hay dep\u00f3sito. Sin contrato. Sin cuotas escondidas. \u00a1\u00danase gratis hoy! 844.621.2852[:]\",\"breadcrumb\":{\"@id\":\"https:\\\/\\\/powermepronto.com\\\/cheaper-than-all-other-prepay-electric-companies-in-carrollton\\\/#breadcrumb\"},\"inLanguage\":\"es\",\"potentialAction\":[{\"@type\":\"ReadAction\",\"target\":[\"https:\\\/\\\/powermepronto.com\\\/cheaper-than-all-other-prepay-electric-companies-in-carrollton\\\/\"]}]},{\"@type\":\"BreadcrumbList\",\"@id\":\"https:\\\/\\\/powermepronto.com\\\/cheaper-than-all-other-prepay-electric-companies-in-carrollton\\\/#breadcrumb\",\"itemListElement\":[{\"@type\":\"ListItem\",\"position\":1,\"name\":\"Home\",\"item\":\"https:\\\/\\\/powermepronto.com\\\/en\\\/\"},{\"@type\":\"ListItem\",\"position\":2,\"name\":\"Cheaper Than All Other Prepay Electric Companies in Carrollton\"}]},{\"@type\":\"WebSite\",\"@id\":\"https:\\\/\\\/powermepronto.com\\\/en\\\/#website\",\"url\":\"https:\\\/\\\/powermepronto.com\\\/en\\\/\",\"name\":\"Pronto Power\",\"description\":\"\",\"potentialAction\":[{\"@type\":\"SearchAction\",\"target\":{\"@type\":\"EntryPoint\",\"urlTemplate\":\"https:\\\/\\\/powermepronto.com\\\/en\\\/?s={search_term_string}\"},\"query-input\":{\"@type\":\"PropertyValueSpecification\",\"valueRequired\":true,\"valueName\":\"search_term_string\"}}],\"inLanguage\":\"es\"}]}<\/script>\n<!-- \/ Yoast SEO plugin. -->","yoast_head_json":{"title":"[:en]Cheaper Than All Other Prepay Electric Companies in Carrollton[:es]M\u00e1s barato que todas las dem\u00e1s empresas el\u00e9ctricas de prepago en Carrollton[:] - Pronto Power","description":"[:en]Get the cheapest prepaid electric rates in Carrollton. Plus find out how to save 20% more. No deposit. No contract. No hidden fees. Join free today! 844.621.2852[:es]Obtenga las tarifas el\u00e9ctricas prepagas m\u00e1s baratas en Carrollton. Adem\u00e1s, descubra c\u00f3mo ahorrar un 20% m\u00e1s. No hay dep\u00f3sito. Sin contrato. Sin cuotas escondidas. \u00a1\u00danase gratis hoy! 844.621.2852[:]","robots":{"index":"index","follow":"follow","max-snippet":"max-snippet:-1","max-image-preview":"max-image-preview:large","max-video-preview":"max-video-preview:-1"},"canonical":"https:\/\/powermepronto.com\/cheaper-than-all-other-prepay-electric-companies-in-carrollton\/","og_locale":"es_ES","og_type":"article","og_title":"[:en]Cheaper Than All Other Prepay Electric Companies in Carrollton[:es]M\u00e1s barato que todas las dem\u00e1s empresas el\u00e9ctricas de prepago en Carrollton[:] - Pronto Power","og_description":"[:en]Get the cheapest prepaid electric rates in Carrollton. Plus find out how to save 20% more. No deposit. No contract. No hidden fees. Join free today! 844.621.2852[:es]Obtenga las tarifas el\u00e9ctricas prepagas m\u00e1s baratas en Carrollton. Adem\u00e1s, descubra c\u00f3mo ahorrar un 20% m\u00e1s. No hay dep\u00f3sito. Sin contrato. Sin cuotas escondidas. \u00a1\u00danase gratis hoy! 844.621.2852[:]","og_url":"https:\/\/powermepronto.com\/cheaper-than-all-other-prepay-electric-companies-in-carrollton\/","og_site_name":"Pronto Power","article_modified_time":"2022-12-21T10:25:28+00:00","twitter_card":"summary_large_image","twitter_misc":{"Tiempo de lectura":"4 minutos"},"schema":{"@context":"https:\/\/schema.org","@graph":[{"@type":"WebPage","@id":"https:\/\/powermepronto.com\/cheaper-than-all-other-prepay-electric-companies-in-carrollton\/","url":"https:\/\/powermepronto.com\/cheaper-than-all-other-prepay-electric-companies-in-carrollton\/","name":"[:en]Cheaper Than All Other Prepay Electric Companies in Carrollton[:es]M\u00e1s barato que todas las dem\u00e1s empresas el\u00e9ctricas de prepago en Carrollton[:] - Pronto Power","isPartOf":{"@id":"https:\/\/powermepronto.com\/en\/#website"},"datePublished":"2021-06-24T15:45:55+00:00","dateModified":"2022-12-21T10:25:28+00:00","description":"[:en]Get the cheapest prepaid electric rates in Carrollton. Plus find out how to save 20% more. No deposit. No contract. No hidden fees. Join free today! 844.621.2852[:es]Obtenga las tarifas el\u00e9ctricas prepagas m\u00e1s baratas en Carrollton. Adem\u00e1s, descubra c\u00f3mo ahorrar un 20% m\u00e1s. No hay dep\u00f3sito. Sin contrato. Sin cuotas escondidas. \u00a1\u00danase gratis hoy! 844.621.2852[:]","breadcrumb":{"@id":"https:\/\/powermepronto.com\/cheaper-than-all-other-prepay-electric-companies-in-carrollton\/#breadcrumb"},"inLanguage":"es","potentialAction":[{"@type":"ReadAction","target":["https:\/\/powermepronto.com\/cheaper-than-all-other-prepay-electric-companies-in-carrollton\/"]}]},{"@type":"BreadcrumbList","@id":"https:\/\/powermepronto.com\/cheaper-than-all-other-prepay-electric-companies-in-carrollton\/#breadcrumb","itemListElement":[{"@type":"ListItem","position":1,"name":"Home","item":"https:\/\/powermepronto.com\/en\/"},{"@type":"ListItem","position":2,"name":"Cheaper Than All Other Prepay Electric Companies in Carrollton"}]},{"@type":"WebSite","@id":"https:\/\/powermepronto.com\/en\/#website","url":"https:\/\/powermepronto.com\/en\/","name":"Pronto Power","description":"","potentialAction":[{"@type":"SearchAction","target":{"@type":"EntryPoint","urlTemplate":"https:\/\/powermepronto.com\/en\/?s={search_term_string}"},"query-input":{"@type":"PropertyValueSpecification","valueRequired":true,"valueName":"search_term_string"}}],"inLanguage":"es"}]}},"_links":{"self":[{"href":"https:\/\/powermepronto.com\/es\/wp-json\/wp\/v2\/pages\/2662","targetHints":{"allow":["GET"]}}],"collection":[{"href":"https:\/\/powermepronto.com\/es\/wp-json\/wp\/v2\/pages"}],"about":[{"href":"https:\/\/powermepronto.com\/es\/wp-json\/wp\/v2\/types\/page"}],"author":[{"embeddable":true,"href":"https:\/\/powermepronto.com\/es\/wp-json\/wp\/v2\/users\/1"}],"replies":[{"embeddable":true,"href":"https:\/\/powermepronto.com\/es\/wp-json\/wp\/v2\/comments?post=2662"}],"version-history":[{"count":4,"href":"https:\/\/powermepronto.com\/es\/wp-json\/wp\/v2\/pages\/2662\/revisions"}],"predecessor-version":[{"id":3496,"href":"https:\/\/powermepronto.com\/es\/wp-json\/wp\/v2\/pages\/2662\/revisions\/3496"}],"wp:attachment":[{"href":"https:\/\/powermepronto.com\/es\/wp-json\/wp\/v2\/media?parent=2662"}],"curies":[{"name":"wp","href":"https:\/\/api.w.org\/{rel}","templated":true}]}}