{"id":2648,"date":"2021-06-15T10:25:19","date_gmt":"2021-06-15T15:25:19","guid":{"rendered":"https:\/\/powermepronto.com\/?page_id=2648"},"modified":"2022-12-21T05:25:39","modified_gmt":"2022-12-21T11:25:39","slug":"no-contract-no-hidden-fees-and-arlingtons-cheapest-prepay-electric","status":"publish","type":"page","link":"https:\/\/powermepronto.com\/es\/no-contract-no-hidden-fees-and-arlingtons-cheapest-prepay-electric\/","title":{"rendered":"Sin contrato. Sin cuotas escondidas. \u00a1Y el servicio el\u00e9ctrico prepago m\u00e1s barato de Arlington!"},"content":{"rendered":"<p>\u00bfEnfermo y cansado de los REP que lo atraen con promesas de grandes ahorros &#8230; solo para descubrir que tienen todo tipo de trucos y trampas para obtener la mayor cantidad de su dinero posible?<\/p>\n<p>Es una de las formas en que los REP hacen negocios.<\/p>\n<p>Pero, a diferencia de otras compa\u00f1\u00edas el\u00e9ctricas, Pronto Power no hace negocios de esa manera.<\/p>\n<p>En cambio, no firma un contrato, nunca paga tarifas ocultas y siempre obtiene las tarifas prepagas m\u00e1s econ\u00f3micas.<\/p>\n<p>Eso significa que permanecer\u00e1 m\u00e1s tiempo con nosotros como cliente. \u00a1Y eso es un gran beneficio mutuo!<\/p>\n<p>\u00bfQu\u00e9 m\u00e1s se obtiene con Pronto Power?<\/p>\n<p>Es posible que ya piense que est\u00e1 obteniendo un buen trato. \u00a1Pero hay a\u00fan m\u00e1s!<\/p>\n<p>Con Pronto Power, hay:<\/p>\n<ul>\n<li>Sin verificaci\u00f3n de cr\u00e9dito<\/li>\n<li>Sin verificaci\u00f3n de identificaci\u00f3n<\/li>\n<li>Sin dep\u00f3sito en absoluto<\/li>\n<li>Siempre un excelente servicio al cliente<\/li>\n<li>La oportunidad de ahorrar un 20% m\u00e1s en la electricidad prepaga m\u00e1s barata de Texas.<\/li>\n<\/ul>\n<p>Ah, \u00bfy mencionamos que el servicio al cliente est\u00e1 ansioso por hacer su trabajo y ayudarlo a crear un plan de pago diferido si est\u00e1 experimentando serias dificultades financieras?<\/p>\n<p>Y para demostrar que eso es lo que realmente obtiene, no firma un contrato ni paga ninguna tarifa de conexi\u00f3n o desconexi\u00f3n.<\/p>\n<p>Eso significa que puede cancelar en cualquier momento sin ning\u00fan riesgo. Y eso nos obliga a cumplir nuestras promesas.<\/p>\n<h2>C\u00f3mo puede ahorrar un 20% m\u00e1s en comparaci\u00f3n con otras compa\u00f1\u00edas el\u00e9ctricas de Texas<\/h2>\n<p>Este te pone en control. Cuando se une a Pronto Power, obtiene acceso al software gratuito de monitoreo de electricidad en l\u00ednea.<\/p>\n<p>Se conecta a su medidor inteligente y le muestra exactamente c\u00f3mo est\u00e1 usando la electricidad en este mismo momento.<\/p>\n<p>Muchos de nuestros clientes utilizan lo que aprenden para cambiar su comportamiento y ahorrar un 20% &#8230; \u00a1y algunos incluso m\u00e1s!<\/p>\n<h2>\u00danase gratis dentro de una hora si su hogar tiene un medidor inteligente<\/h2>\n<p>Entonces, \u00bfa qu\u00e9 est\u00e1s esperando?<\/p>\n<p>Y luego simplemente agregue fondos como mejor le funcione (mensual, semanal o incluso diariamente si lo desea).<\/p>\n<p>Siempre que tenga un solo centavo en su cuenta prepaga antes de la 1 PM cada d\u00eda, \u00a1su electricidad permanece encendida!<\/p>\n<p>\u00a1Las tarifas prepagas m\u00e1s econ\u00f3micas sin contrato y sin cargos ocultos, junto con la oportunidad de ahorrar un 20% m\u00e1s en esas tarifas, pueden ser suyas en una hora con solo una llamada telef\u00f3nica a Pronto Power al <span class=\"affiliatecode\">844.621.2852<\/span>!<\/p>","protected":false},"excerpt":{"rendered":"<p>\u00bfEnfermo y cansado de los REP que lo atraen con promesas de grandes ahorros &#8230; solo para descubrir que tienen todo tipo de trucos y trampas para obtener la mayor cantidad de su dinero posible? Es una de las formas en que los REP hacen negocios. Pero, a diferencia de otras compa\u00f1\u00edas el\u00e9ctricas, Pronto Power &hellip; <a href=\"https:\/\/powermepronto.com\/es\/no-contract-no-hidden-fees-and-arlingtons-cheapest-prepay-electric\/\" class=\"more-link\">Continue reading <span class=\"screen-reader-text\">Sin contrato. Sin cuotas escondidas. \u00a1Y el servicio el\u00e9ctrico prepago m\u00e1s barato de Arlington!<\/span><\/a><\/p>\n","protected":false},"author":1,"featured_media":0,"parent":0,"menu_order":0,"comment_status":"closed","ping_status":"closed","template":"","meta":{"_acf_changed":false,"_glsr_average":0,"_glsr_ranking":0,"_glsr_reviews":0,"footnotes":"","_links_to":"","_links_to_target":""},"class_list":["post-2648","page","type-page","status-publish","hentry"],"acf":[],"yoast_head":"<!-- This site is optimized with the Yoast SEO plugin v27.5 - https:\/\/yoast.com\/product\/yoast-seo-wordpress\/ -->\n<title>Sin contrato. Sin cuotas escondidas. \u00a1Y el servicio el\u00e9ctrico prepago m\u00e1s barato de Arlington! - Pronto Power<\/title>\n<meta name=\"description\" content=\"[:en]Get the cheapest prepaid electric rates in Arlington. Plus find out how to save 20% more. No deposit. No contract. No hidden fees. Join free today! 844.621.2852[:es]Obtenga las tarifas el\u00e9ctricas prepagas m\u00e1s econ\u00f3micas en Arlington. Adem\u00e1s, descubra c\u00f3mo ahorrar un 20% m\u00e1s. No hay dep\u00f3sito. Sin contrato. Sin cuotas escondidas. \u00a1\u00danase gratis hoy! 844.621.2852[:]\" \/>\n<meta name=\"robots\" content=\"index, follow, max-snippet:-1, max-image-preview:large, max-video-preview:-1\" \/>\n<link rel=\"canonical\" href=\"https:\/\/powermepronto.com\/no-contract-no-hidden-fees-and-arlingtons-cheapest-prepay-electric\/\" \/>\n<meta property=\"og:locale\" content=\"es_ES\" \/>\n<meta property=\"og:type\" content=\"article\" \/>\n<meta property=\"og:title\" content=\"[:en]No Contract. No Hidden Fees. And Arlington\u2019s Cheapest Prepay Electric![:es]Sin contrato. Sin cuotas escondidas. \u00a1Y el servicio el\u00e9ctrico prepago m\u00e1s barato de Arlington![:] - Pronto Power\" \/>\n<meta property=\"og:description\" content=\"[:en]Get the cheapest prepaid electric rates in Arlington. Plus find out how to save 20% more. No deposit. No contract. No hidden fees. Join free today! 844.621.2852[:es]Obtenga las tarifas el\u00e9ctricas prepagas m\u00e1s econ\u00f3micas en Arlington. Adem\u00e1s, descubra c\u00f3mo ahorrar un 20% m\u00e1s. No hay dep\u00f3sito. Sin contrato. Sin cuotas escondidas. \u00a1\u00danase gratis hoy! 844.621.2852[:]\" \/>\n<meta property=\"og:url\" content=\"https:\/\/powermepronto.com\/no-contract-no-hidden-fees-and-arlingtons-cheapest-prepay-electric\/\" \/>\n<meta property=\"og:site_name\" content=\"Pronto Power\" \/>\n<meta property=\"article:modified_time\" content=\"2022-12-21T11:25:39+00:00\" \/>\n<meta name=\"twitter:card\" content=\"summary_large_image\" \/>\n<meta name=\"twitter:label1\" content=\"Tiempo de lectura\" \/>\n\t<meta name=\"twitter:data1\" content=\"4 minutos\" \/>\n<script type=\"application\/ld+json\" class=\"yoast-schema-graph\">{\"@context\":\"https:\\\/\\\/schema.org\",\"@graph\":[{\"@type\":\"WebPage\",\"@id\":\"https:\\\/\\\/powermepronto.com\\\/no-contract-no-hidden-fees-and-arlingtons-cheapest-prepay-electric\\\/\",\"url\":\"https:\\\/\\\/powermepronto.com\\\/no-contract-no-hidden-fees-and-arlingtons-cheapest-prepay-electric\\\/\",\"name\":\"[:en]No Contract. No Hidden Fees. And Arlington\u2019s Cheapest Prepay Electric![:es]Sin contrato. Sin cuotas escondidas. \u00a1Y el servicio el\u00e9ctrico prepago m\u00e1s barato de Arlington![:] - Pronto Power\",\"isPartOf\":{\"@id\":\"https:\\\/\\\/powermepronto.com\\\/en\\\/#website\"},\"datePublished\":\"2021-06-15T15:25:19+00:00\",\"dateModified\":\"2022-12-21T11:25:39+00:00\",\"description\":\"[:en]Get the cheapest prepaid electric rates in Arlington. Plus find out how to save 20% more. No deposit. No contract. No hidden fees. Join free today! 844.621.2852[:es]Obtenga las tarifas el\u00e9ctricas prepagas m\u00e1s econ\u00f3micas en Arlington. Adem\u00e1s, descubra c\u00f3mo ahorrar un 20% m\u00e1s. No hay dep\u00f3sito. Sin contrato. Sin cuotas escondidas. \u00a1\u00danase gratis hoy! 844.621.2852[:]\",\"breadcrumb\":{\"@id\":\"https:\\\/\\\/powermepronto.com\\\/no-contract-no-hidden-fees-and-arlingtons-cheapest-prepay-electric\\\/#breadcrumb\"},\"inLanguage\":\"es\",\"potentialAction\":[{\"@type\":\"ReadAction\",\"target\":[\"https:\\\/\\\/powermepronto.com\\\/no-contract-no-hidden-fees-and-arlingtons-cheapest-prepay-electric\\\/\"]}]},{\"@type\":\"BreadcrumbList\",\"@id\":\"https:\\\/\\\/powermepronto.com\\\/no-contract-no-hidden-fees-and-arlingtons-cheapest-prepay-electric\\\/#breadcrumb\",\"itemListElement\":[{\"@type\":\"ListItem\",\"position\":1,\"name\":\"Home\",\"item\":\"https:\\\/\\\/powermepronto.com\\\/en\\\/\"},{\"@type\":\"ListItem\",\"position\":2,\"name\":\"No Contract. No Hidden Fees. And Arlington\u2019s Cheapest Prepay Electric!\"}]},{\"@type\":\"WebSite\",\"@id\":\"https:\\\/\\\/powermepronto.com\\\/en\\\/#website\",\"url\":\"https:\\\/\\\/powermepronto.com\\\/en\\\/\",\"name\":\"Pronto Power\",\"description\":\"\",\"potentialAction\":[{\"@type\":\"SearchAction\",\"target\":{\"@type\":\"EntryPoint\",\"urlTemplate\":\"https:\\\/\\\/powermepronto.com\\\/en\\\/?s={search_term_string}\"},\"query-input\":{\"@type\":\"PropertyValueSpecification\",\"valueRequired\":true,\"valueName\":\"search_term_string\"}}],\"inLanguage\":\"es\"}]}<\/script>\n<!-- \/ Yoast SEO plugin. -->","yoast_head_json":{"title":"[:en]No Contract. No Hidden Fees. And Arlington\u2019s Cheapest Prepay Electric![:es]Sin contrato. Sin cuotas escondidas. \u00a1Y el servicio el\u00e9ctrico prepago m\u00e1s barato de Arlington![:] - Pronto Power","description":"[:en]Get the cheapest prepaid electric rates in Arlington. Plus find out how to save 20% more. No deposit. No contract. No hidden fees. Join free today! 844.621.2852[:es]Obtenga las tarifas el\u00e9ctricas prepagas m\u00e1s econ\u00f3micas en Arlington. Adem\u00e1s, descubra c\u00f3mo ahorrar un 20% m\u00e1s. No hay dep\u00f3sito. Sin contrato. Sin cuotas escondidas. \u00a1\u00danase gratis hoy! 844.621.2852[:]","robots":{"index":"index","follow":"follow","max-snippet":"max-snippet:-1","max-image-preview":"max-image-preview:large","max-video-preview":"max-video-preview:-1"},"canonical":"https:\/\/powermepronto.com\/no-contract-no-hidden-fees-and-arlingtons-cheapest-prepay-electric\/","og_locale":"es_ES","og_type":"article","og_title":"[:en]No Contract. No Hidden Fees. And Arlington\u2019s Cheapest Prepay Electric![:es]Sin contrato. Sin cuotas escondidas. \u00a1Y el servicio el\u00e9ctrico prepago m\u00e1s barato de Arlington![:] - Pronto Power","og_description":"[:en]Get the cheapest prepaid electric rates in Arlington. Plus find out how to save 20% more. No deposit. No contract. No hidden fees. Join free today! 844.621.2852[:es]Obtenga las tarifas el\u00e9ctricas prepagas m\u00e1s econ\u00f3micas en Arlington. Adem\u00e1s, descubra c\u00f3mo ahorrar un 20% m\u00e1s. No hay dep\u00f3sito. Sin contrato. Sin cuotas escondidas. \u00a1\u00danase gratis hoy! 844.621.2852[:]","og_url":"https:\/\/powermepronto.com\/no-contract-no-hidden-fees-and-arlingtons-cheapest-prepay-electric\/","og_site_name":"Pronto Power","article_modified_time":"2022-12-21T11:25:39+00:00","twitter_card":"summary_large_image","twitter_misc":{"Tiempo de lectura":"4 minutos"},"schema":{"@context":"https:\/\/schema.org","@graph":[{"@type":"WebPage","@id":"https:\/\/powermepronto.com\/no-contract-no-hidden-fees-and-arlingtons-cheapest-prepay-electric\/","url":"https:\/\/powermepronto.com\/no-contract-no-hidden-fees-and-arlingtons-cheapest-prepay-electric\/","name":"[:en]No Contract. No Hidden Fees. And Arlington\u2019s Cheapest Prepay Electric![:es]Sin contrato. Sin cuotas escondidas. \u00a1Y el servicio el\u00e9ctrico prepago m\u00e1s barato de Arlington![:] - Pronto Power","isPartOf":{"@id":"https:\/\/powermepronto.com\/en\/#website"},"datePublished":"2021-06-15T15:25:19+00:00","dateModified":"2022-12-21T11:25:39+00:00","description":"[:en]Get the cheapest prepaid electric rates in Arlington. Plus find out how to save 20% more. No deposit. No contract. No hidden fees. Join free today! 844.621.2852[:es]Obtenga las tarifas el\u00e9ctricas prepagas m\u00e1s econ\u00f3micas en Arlington. Adem\u00e1s, descubra c\u00f3mo ahorrar un 20% m\u00e1s. No hay dep\u00f3sito. Sin contrato. Sin cuotas escondidas. \u00a1\u00danase gratis hoy! 844.621.2852[:]","breadcrumb":{"@id":"https:\/\/powermepronto.com\/no-contract-no-hidden-fees-and-arlingtons-cheapest-prepay-electric\/#breadcrumb"},"inLanguage":"es","potentialAction":[{"@type":"ReadAction","target":["https:\/\/powermepronto.com\/no-contract-no-hidden-fees-and-arlingtons-cheapest-prepay-electric\/"]}]},{"@type":"BreadcrumbList","@id":"https:\/\/powermepronto.com\/no-contract-no-hidden-fees-and-arlingtons-cheapest-prepay-electric\/#breadcrumb","itemListElement":[{"@type":"ListItem","position":1,"name":"Home","item":"https:\/\/powermepronto.com\/en\/"},{"@type":"ListItem","position":2,"name":"No Contract. No Hidden Fees. And Arlington\u2019s Cheapest Prepay Electric!"}]},{"@type":"WebSite","@id":"https:\/\/powermepronto.com\/en\/#website","url":"https:\/\/powermepronto.com\/en\/","name":"Pronto Power","description":"","potentialAction":[{"@type":"SearchAction","target":{"@type":"EntryPoint","urlTemplate":"https:\/\/powermepronto.com\/en\/?s={search_term_string}"},"query-input":{"@type":"PropertyValueSpecification","valueRequired":true,"valueName":"search_term_string"}}],"inLanguage":"es"}]}},"_links":{"self":[{"href":"https:\/\/powermepronto.com\/es\/wp-json\/wp\/v2\/pages\/2648","targetHints":{"allow":["GET"]}}],"collection":[{"href":"https:\/\/powermepronto.com\/es\/wp-json\/wp\/v2\/pages"}],"about":[{"href":"https:\/\/powermepronto.com\/es\/wp-json\/wp\/v2\/types\/page"}],"author":[{"embeddable":true,"href":"https:\/\/powermepronto.com\/es\/wp-json\/wp\/v2\/users\/1"}],"replies":[{"embeddable":true,"href":"https:\/\/powermepronto.com\/es\/wp-json\/wp\/v2\/comments?post=2648"}],"version-history":[{"count":3,"href":"https:\/\/powermepronto.com\/es\/wp-json\/wp\/v2\/pages\/2648\/revisions"}],"predecessor-version":[{"id":3552,"href":"https:\/\/powermepronto.com\/es\/wp-json\/wp\/v2\/pages\/2648\/revisions\/3552"}],"wp:attachment":[{"href":"https:\/\/powermepronto.com\/es\/wp-json\/wp\/v2\/media?parent=2648"}],"curies":[{"name":"wp","href":"https:\/\/api.w.org\/{rel}","templated":true}]}}