{"id":2646,"date":"2021-06-15T10:22:51","date_gmt":"2021-06-15T15:22:51","guid":{"rendered":"https:\/\/powermepronto.com\/?page_id=2646"},"modified":"2022-12-21T03:57:05","modified_gmt":"2022-12-21T09:57:05","slug":"azles-cheapest-prepaid-no-deposit-power-no-contract-no-hidden-fees","status":"publish","type":"page","link":"https:\/\/powermepronto.com\/es\/azles-cheapest-prepaid-no-deposit-power-no-contract-no-hidden-fees\/","title":{"rendered":"\u00a1El poder prepago sin dep\u00f3sito m\u00e1s barato de Azle! \u00a1Sin contrato! \u00a1Sin cuotas escondidas!"},"content":{"rendered":"<p>\u00bfQuiere ahorrar dinero en su factura de luz &#8230; sin ning\u00fan esfuerzo?<\/p>\n<p>Puede hacerlo con Pronto Power porque obtiene las tarifas el\u00e9ctricas de prepago m\u00e1s baratas de Texas.<\/p>\n<p>\u00bfQu\u00e9? \u00bfNo nos cree?<\/p>\n<p>Bueno, para demostrarlo, no firmas un contrato. Y no paga ning\u00fan dep\u00f3sito por adelantado. Tampoco paga ninguna tarifa de conexi\u00f3n o desconexi\u00f3n.<\/p>\n<p>Eso significa que eres libre de entrar y salir de Pronto Power como quieras.<\/p>\n<p>Pero una vez que se inscriba y experimente los ahorros, \u00a1no querr\u00e1 irse!<\/p>\n<h2>\u00bfC\u00f3mo puede Pronto Power ofrecer la electricidad sin dep\u00f3sito m\u00e1s barata de Texas?<\/h2>\n<p>Todo se reduce a nuestro modelo de negocio. A diferencia de otras compa\u00f1\u00edas el\u00e9ctricas, que lo atraen con un marketing inteligente, obtienen la mayor cantidad de dinero posible de usted y luego simplemente se despiden, nos enfocamos en crear relaciones a largo plazo con los clientes.<\/p>\n<p>Entonces, eso significa que no tenemos que involucrarnos en trucos de marketing enga\u00f1osos y ventas enga\u00f1osas.<\/p>\n<p>\u00a1Y el dinero que ahorramos al no usar esas t\u00e9cnicas se le pasa directamente a usted!<\/p>\n<p>As\u00ed que la oferta sobre la que le\u00edste siempre est\u00e1 disponible. No es solo por un tiempo limitado.<\/p>\n<h2>\u00a1Pero espera! \u00a1Hay m\u00e1s!<\/h2>\n<p>Si. Hay mucho m\u00e1s. De hecho, con Pronto Power, hay:<\/p>\n<ul>\n<li>Sin verificaci\u00f3n de cr\u00e9dito<\/li>\n<li>Sin verificaci\u00f3n de identificaci\u00f3n<\/li>\n<li>Siempre un excelente servicio al cliente<\/li>\n<li>La oportunidad de ahorrar un 20% adicional de las tarifas prepagas m\u00e1s baratas de Texas.<\/li>\n<\/ul>\n<p>Y, por cierto, el servicio al cliente se complace en ayudarlo a superar las circunstancias financieras m\u00e1s dif\u00edciles con un plan de pago diferido.<\/p>\n<h2>C\u00f3mo puede ahorrar un 20% m\u00e1s<\/h2>\n<p>Este es simple. Cuando se une a Pronto Power, obtiene acceso a una herramienta gratuita de monitoreo de electricidad en l\u00ednea. Te muestra exactamente c\u00f3mo est\u00e1s usando la electricidad en este mismo momento.<\/p>\n<p>Muchos de nuestros clientes utilizan esta informaci\u00f3n para aprender y cambiar sus h\u00e1bitos.<\/p>\n<p>La mayor\u00eda ahorra un 20% adicional &#8230; \u00a1y algunos mucho m\u00e1s!<\/p>\n<h2>\u00danase gratis dentro de una hora si su hogar tiene un medidor inteligente<\/h2>\n<p>Luego, observe c\u00f3mo aumentan los ahorros. Y ahorre a\u00fan m\u00e1s si decide utilizar la herramienta de monitoreo de electricidad.<\/p>\n<p>\u00bfA qu\u00e9 est\u00e1s esperando? Llame a Pronto Power al <span class=\"affiliatecode\">844.621.2852<\/span> para unirse gratis dentro de una hora si su hogar tiene un medidor inteligente.<\/p>","protected":false},"excerpt":{"rendered":"<p>\u00bfQuiere ahorrar dinero en su factura de luz &#8230; sin ning\u00fan esfuerzo? Puede hacerlo con Pronto Power porque obtiene las tarifas el\u00e9ctricas de prepago m\u00e1s baratas de Texas. \u00bfQu\u00e9? \u00bfNo nos cree? Bueno, para demostrarlo, no firmas un contrato. Y no paga ning\u00fan dep\u00f3sito por adelantado. Tampoco paga ninguna tarifa de conexi\u00f3n o desconexi\u00f3n. Eso &hellip; <a href=\"https:\/\/powermepronto.com\/es\/azles-cheapest-prepaid-no-deposit-power-no-contract-no-hidden-fees\/\" class=\"more-link\">Continue reading <span class=\"screen-reader-text\">\u00a1El poder prepago sin dep\u00f3sito m\u00e1s barato de Azle! \u00a1Sin contrato! \u00a1Sin cuotas escondidas!<\/span><\/a><\/p>\n","protected":false},"author":1,"featured_media":0,"parent":0,"menu_order":0,"comment_status":"closed","ping_status":"closed","template":"","meta":{"_acf_changed":false,"_glsr_average":0,"_glsr_ranking":0,"_glsr_reviews":0,"footnotes":"","_links_to":"","_links_to_target":""},"class_list":["post-2646","page","type-page","status-publish","hentry"],"acf":[],"yoast_head":"<!-- This site is optimized with the Yoast SEO plugin v27.5 - https:\/\/yoast.com\/product\/yoast-seo-wordpress\/ -->\n<title>\u00a1El poder prepago sin dep\u00f3sito m\u00e1s barato de Azle! \u00a1Sin contrato! \u00a1Sin cuotas escondidas! - Pronto Power<\/title>\n<meta name=\"description\" content=\"[:en]Get the cheapest prepaid electric rates in Azle. Plus find out how to save 20% more. No deposit. No contract. No hidden fees. Join free today! 844.621.2852[:es]Obtenga las tarifas el\u00e9ctricas prepagas m\u00e1s baratas en Azle. Adem\u00e1s, descubra c\u00f3mo ahorrar un 20% m\u00e1s. No hay dep\u00f3sito. Sin contrato. Sin cuotas escondidas. \u00a1\u00danase gratis hoy! 844.621.2852[:]\" \/>\n<meta name=\"robots\" content=\"index, follow, max-snippet:-1, max-image-preview:large, max-video-preview:-1\" \/>\n<link rel=\"canonical\" href=\"https:\/\/powermepronto.com\/azles-cheapest-prepaid-no-deposit-power-no-contract-no-hidden-fees\/\" \/>\n<meta property=\"og:locale\" content=\"es_ES\" \/>\n<meta property=\"og:type\" content=\"article\" \/>\n<meta property=\"og:title\" content=\"[:en]Azle\u2019s Cheapest Prepaid No-Deposit Power! No Contract! No Hidden Fees![:es]\u00a1El poder prepago sin dep\u00f3sito m\u00e1s barato de Azle! \u00a1Sin contrato! \u00a1Sin cuotas escondidas![:] - Pronto Power\" \/>\n<meta property=\"og:description\" content=\"[:en]Get the cheapest prepaid electric rates in Azle. Plus find out how to save 20% more. No deposit. No contract. No hidden fees. Join free today! 844.621.2852[:es]Obtenga las tarifas el\u00e9ctricas prepagas m\u00e1s baratas en Azle. Adem\u00e1s, descubra c\u00f3mo ahorrar un 20% m\u00e1s. No hay dep\u00f3sito. Sin contrato. Sin cuotas escondidas. \u00a1\u00danase gratis hoy! 844.621.2852[:]\" \/>\n<meta property=\"og:url\" content=\"https:\/\/powermepronto.com\/azles-cheapest-prepaid-no-deposit-power-no-contract-no-hidden-fees\/\" \/>\n<meta property=\"og:site_name\" content=\"Pronto Power\" \/>\n<meta property=\"article:modified_time\" content=\"2022-12-21T09:57:05+00:00\" \/>\n<meta name=\"twitter:card\" content=\"summary_large_image\" \/>\n<meta name=\"twitter:label1\" content=\"Tiempo de lectura\" \/>\n\t<meta name=\"twitter:data1\" content=\"4 minutos\" \/>\n<script type=\"application\/ld+json\" class=\"yoast-schema-graph\">{\"@context\":\"https:\\\/\\\/schema.org\",\"@graph\":[{\"@type\":\"WebPage\",\"@id\":\"https:\\\/\\\/powermepronto.com\\\/azles-cheapest-prepaid-no-deposit-power-no-contract-no-hidden-fees\\\/\",\"url\":\"https:\\\/\\\/powermepronto.com\\\/azles-cheapest-prepaid-no-deposit-power-no-contract-no-hidden-fees\\\/\",\"name\":\"[:en]Azle\u2019s Cheapest Prepaid No-Deposit Power! No Contract! No Hidden Fees![:es]\u00a1El poder prepago sin dep\u00f3sito m\u00e1s barato de Azle! \u00a1Sin contrato! \u00a1Sin cuotas escondidas![:] - Pronto Power\",\"isPartOf\":{\"@id\":\"https:\\\/\\\/powermepronto.com\\\/en\\\/#website\"},\"datePublished\":\"2021-06-15T15:22:51+00:00\",\"dateModified\":\"2022-12-21T09:57:05+00:00\",\"description\":\"[:en]Get the cheapest prepaid electric rates in Azle. Plus find out how to save 20% more. No deposit. No contract. No hidden fees. Join free today! 844.621.2852[:es]Obtenga las tarifas el\u00e9ctricas prepagas m\u00e1s baratas en Azle. Adem\u00e1s, descubra c\u00f3mo ahorrar un 20% m\u00e1s. No hay dep\u00f3sito. Sin contrato. Sin cuotas escondidas. \u00a1\u00danase gratis hoy! 844.621.2852[:]\",\"breadcrumb\":{\"@id\":\"https:\\\/\\\/powermepronto.com\\\/azles-cheapest-prepaid-no-deposit-power-no-contract-no-hidden-fees\\\/#breadcrumb\"},\"inLanguage\":\"es\",\"potentialAction\":[{\"@type\":\"ReadAction\",\"target\":[\"https:\\\/\\\/powermepronto.com\\\/azles-cheapest-prepaid-no-deposit-power-no-contract-no-hidden-fees\\\/\"]}]},{\"@type\":\"BreadcrumbList\",\"@id\":\"https:\\\/\\\/powermepronto.com\\\/azles-cheapest-prepaid-no-deposit-power-no-contract-no-hidden-fees\\\/#breadcrumb\",\"itemListElement\":[{\"@type\":\"ListItem\",\"position\":1,\"name\":\"Home\",\"item\":\"https:\\\/\\\/powermepronto.com\\\/en\\\/\"},{\"@type\":\"ListItem\",\"position\":2,\"name\":\"Azle\u2019s Cheapest Prepaid No-Deposit Power! No Contract! No Hidden Fees!\"}]},{\"@type\":\"WebSite\",\"@id\":\"https:\\\/\\\/powermepronto.com\\\/en\\\/#website\",\"url\":\"https:\\\/\\\/powermepronto.com\\\/en\\\/\",\"name\":\"Pronto Power\",\"description\":\"\",\"potentialAction\":[{\"@type\":\"SearchAction\",\"target\":{\"@type\":\"EntryPoint\",\"urlTemplate\":\"https:\\\/\\\/powermepronto.com\\\/en\\\/?s={search_term_string}\"},\"query-input\":{\"@type\":\"PropertyValueSpecification\",\"valueRequired\":true,\"valueName\":\"search_term_string\"}}],\"inLanguage\":\"es\"}]}<\/script>\n<!-- \/ Yoast SEO plugin. -->","yoast_head_json":{"title":"[:en]Azle\u2019s Cheapest Prepaid No-Deposit Power! No Contract! No Hidden Fees![:es]\u00a1El poder prepago sin dep\u00f3sito m\u00e1s barato de Azle! \u00a1Sin contrato! \u00a1Sin cuotas escondidas![:] - Pronto Power","description":"[:en]Get the cheapest prepaid electric rates in Azle. Plus find out how to save 20% more. No deposit. No contract. No hidden fees. Join free today! 844.621.2852[:es]Obtenga las tarifas el\u00e9ctricas prepagas m\u00e1s baratas en Azle. Adem\u00e1s, descubra c\u00f3mo ahorrar un 20% m\u00e1s. No hay dep\u00f3sito. Sin contrato. Sin cuotas escondidas. \u00a1\u00danase gratis hoy! 844.621.2852[:]","robots":{"index":"index","follow":"follow","max-snippet":"max-snippet:-1","max-image-preview":"max-image-preview:large","max-video-preview":"max-video-preview:-1"},"canonical":"https:\/\/powermepronto.com\/azles-cheapest-prepaid-no-deposit-power-no-contract-no-hidden-fees\/","og_locale":"es_ES","og_type":"article","og_title":"[:en]Azle\u2019s Cheapest Prepaid No-Deposit Power! No Contract! No Hidden Fees![:es]\u00a1El poder prepago sin dep\u00f3sito m\u00e1s barato de Azle! \u00a1Sin contrato! \u00a1Sin cuotas escondidas![:] - Pronto Power","og_description":"[:en]Get the cheapest prepaid electric rates in Azle. Plus find out how to save 20% more. No deposit. No contract. No hidden fees. Join free today! 844.621.2852[:es]Obtenga las tarifas el\u00e9ctricas prepagas m\u00e1s baratas en Azle. Adem\u00e1s, descubra c\u00f3mo ahorrar un 20% m\u00e1s. No hay dep\u00f3sito. Sin contrato. Sin cuotas escondidas. \u00a1\u00danase gratis hoy! 844.621.2852[:]","og_url":"https:\/\/powermepronto.com\/azles-cheapest-prepaid-no-deposit-power-no-contract-no-hidden-fees\/","og_site_name":"Pronto Power","article_modified_time":"2022-12-21T09:57:05+00:00","twitter_card":"summary_large_image","twitter_misc":{"Tiempo de lectura":"4 minutos"},"schema":{"@context":"https:\/\/schema.org","@graph":[{"@type":"WebPage","@id":"https:\/\/powermepronto.com\/azles-cheapest-prepaid-no-deposit-power-no-contract-no-hidden-fees\/","url":"https:\/\/powermepronto.com\/azles-cheapest-prepaid-no-deposit-power-no-contract-no-hidden-fees\/","name":"[:en]Azle\u2019s Cheapest Prepaid No-Deposit Power! No Contract! No Hidden Fees![:es]\u00a1El poder prepago sin dep\u00f3sito m\u00e1s barato de Azle! \u00a1Sin contrato! \u00a1Sin cuotas escondidas![:] - Pronto Power","isPartOf":{"@id":"https:\/\/powermepronto.com\/en\/#website"},"datePublished":"2021-06-15T15:22:51+00:00","dateModified":"2022-12-21T09:57:05+00:00","description":"[:en]Get the cheapest prepaid electric rates in Azle. Plus find out how to save 20% more. No deposit. No contract. No hidden fees. Join free today! 844.621.2852[:es]Obtenga las tarifas el\u00e9ctricas prepagas m\u00e1s baratas en Azle. Adem\u00e1s, descubra c\u00f3mo ahorrar un 20% m\u00e1s. No hay dep\u00f3sito. Sin contrato. Sin cuotas escondidas. \u00a1\u00danase gratis hoy! 844.621.2852[:]","breadcrumb":{"@id":"https:\/\/powermepronto.com\/azles-cheapest-prepaid-no-deposit-power-no-contract-no-hidden-fees\/#breadcrumb"},"inLanguage":"es","potentialAction":[{"@type":"ReadAction","target":["https:\/\/powermepronto.com\/azles-cheapest-prepaid-no-deposit-power-no-contract-no-hidden-fees\/"]}]},{"@type":"BreadcrumbList","@id":"https:\/\/powermepronto.com\/azles-cheapest-prepaid-no-deposit-power-no-contract-no-hidden-fees\/#breadcrumb","itemListElement":[{"@type":"ListItem","position":1,"name":"Home","item":"https:\/\/powermepronto.com\/en\/"},{"@type":"ListItem","position":2,"name":"Azle\u2019s Cheapest Prepaid No-Deposit Power! No Contract! No Hidden Fees!"}]},{"@type":"WebSite","@id":"https:\/\/powermepronto.com\/en\/#website","url":"https:\/\/powermepronto.com\/en\/","name":"Pronto Power","description":"","potentialAction":[{"@type":"SearchAction","target":{"@type":"EntryPoint","urlTemplate":"https:\/\/powermepronto.com\/en\/?s={search_term_string}"},"query-input":{"@type":"PropertyValueSpecification","valueRequired":true,"valueName":"search_term_string"}}],"inLanguage":"es"}]}},"_links":{"self":[{"href":"https:\/\/powermepronto.com\/es\/wp-json\/wp\/v2\/pages\/2646","targetHints":{"allow":["GET"]}}],"collection":[{"href":"https:\/\/powermepronto.com\/es\/wp-json\/wp\/v2\/pages"}],"about":[{"href":"https:\/\/powermepronto.com\/es\/wp-json\/wp\/v2\/types\/page"}],"author":[{"embeddable":true,"href":"https:\/\/powermepronto.com\/es\/wp-json\/wp\/v2\/users\/1"}],"replies":[{"embeddable":true,"href":"https:\/\/powermepronto.com\/es\/wp-json\/wp\/v2\/comments?post=2646"}],"version-history":[{"count":4,"href":"https:\/\/powermepronto.com\/es\/wp-json\/wp\/v2\/pages\/2646\/revisions"}],"predecessor-version":[{"id":3473,"href":"https:\/\/powermepronto.com\/es\/wp-json\/wp\/v2\/pages\/2646\/revisions\/3473"}],"wp:attachment":[{"href":"https:\/\/powermepronto.com\/es\/wp-json\/wp\/v2\/media?parent=2646"}],"curies":[{"name":"wp","href":"https:\/\/api.w.org\/{rel}","templated":true}]}}