{"id":25,"date":"2017-06-14T01:58:30","date_gmt":"2017-06-14T01:58:30","guid":{"rendered":"\/?page_id=25"},"modified":"2022-12-09T10:18:37","modified_gmt":"2022-12-09T16:18:37","slug":"about-us-price-prepaid-electric-rate","status":"publish","type":"page","link":"https:\/\/powermepronto.com\/es\/about-us-price-prepaid-electric-rate\/","title":{"rendered":"Sobre nosotros &#8211; La mejor tarifa el\u00e9ctrica prepaga en Texas"},"content":{"rendered":"<p><\/p>\n<h2 style=\"text-align: center;\">Por qu\u00e9 Pronto Power le ofrece electricidad sin dep\u00f3sito con las tarifas m\u00e1s bajas en Texas &#8230; sin complicaciones ni trucos?<\/h2>\n<p><\/p>","protected":false},"excerpt":{"rendered":"<p>Por qu\u00e9 Pronto Power le ofrece electricidad sin dep\u00f3sito con las tarifas m\u00e1s bajas en Texas &#8230; sin complicaciones ni trucos?<\/p>\n","protected":false},"author":1,"featured_media":918,"parent":0,"menu_order":0,"comment_status":"closed","ping_status":"closed","template":"image-blocks.php","meta":{"_acf_changed":false,"_glsr_average":0,"_glsr_ranking":0,"_glsr_reviews":0,"footnotes":"","_links_to":"","_links_to_target":""},"class_list":["post-25","page","type-page","status-publish","has-post-thumbnail","hentry"],"acf":[],"yoast_head":"<!-- This site is optimized with the Yoast SEO plugin v27.4 - https:\/\/yoast.com\/product\/yoast-seo-wordpress\/ -->\n<title>No Credit Check Electric Houston | Prepay Electricity Dallas Fort Worth |<\/title>\n<meta name=\"description\" content=\"Pronto Power requires no deposit nor credit check to initiate service and in most cases your power is turned on within the hour.\" \/>\n<meta name=\"robots\" content=\"index, follow, max-snippet:-1, max-image-preview:large, max-video-preview:-1\" \/>\n<link rel=\"canonical\" href=\"https:\/\/powermepronto.com\/about-us-price-prepaid-electric-rate\/\" \/>\n<meta property=\"og:locale\" content=\"es_ES\" \/>\n<meta property=\"og:type\" content=\"article\" \/>\n<meta property=\"og:title\" content=\"No Credit Check Electric Houston | Prepay Electricity Dallas Fort Worth |\" \/>\n<meta property=\"og:description\" content=\"Pronto Power requires no deposit nor credit check to initiate service and in most cases your power is turned on within the hour.\" \/>\n<meta property=\"og:url\" content=\"https:\/\/powermepronto.com\/about-us-price-prepaid-electric-rate\/\" \/>\n<meta property=\"og:site_name\" content=\"Pronto Power\" \/>\n<meta property=\"article:modified_time\" content=\"2022-12-09T16:18:37+00:00\" \/>\n<meta property=\"og:image\" content=\"https:\/\/powermepronto.com\/wp-content\/uploads\/2018\/09\/about.jpg\" \/>\n\t<meta property=\"og:image:width\" content=\"2000\" \/>\n\t<meta property=\"og:image:height\" content=\"500\" \/>\n\t<meta property=\"og:image:type\" content=\"image\/jpeg\" \/>\n<meta name=\"twitter:card\" content=\"summary_large_image\" \/>\n<meta name=\"twitter:label1\" content=\"Tiempo de lectura\" \/>\n\t<meta name=\"twitter:data1\" content=\"1 minuto\" \/>\n<script type=\"application\/ld+json\" class=\"yoast-schema-graph\">{\"@context\":\"https:\\\/\\\/schema.org\",\"@graph\":[{\"@type\":\"WebPage\",\"@id\":\"https:\\\/\\\/powermepronto.com\\\/about-us-price-prepaid-electric-rate\\\/\",\"url\":\"https:\\\/\\\/powermepronto.com\\\/about-us-price-prepaid-electric-rate\\\/\",\"name\":\"No Credit Check Electric Houston | Prepay Electricity Dallas Fort Worth |\",\"isPartOf\":{\"@id\":\"https:\\\/\\\/powermepronto.com\\\/en\\\/#website\"},\"primaryImageOfPage\":{\"@id\":\"https:\\\/\\\/powermepronto.com\\\/about-us-price-prepaid-electric-rate\\\/#primaryimage\"},\"image\":{\"@id\":\"https:\\\/\\\/powermepronto.com\\\/about-us-price-prepaid-electric-rate\\\/#primaryimage\"},\"thumbnailUrl\":\"https:\\\/\\\/powermepronto.com\\\/wp-content\\\/uploads\\\/2018\\\/09\\\/about.jpg\",\"datePublished\":\"2017-06-14T01:58:30+00:00\",\"dateModified\":\"2022-12-09T16:18:37+00:00\",\"description\":\"Pronto Power requires no deposit nor credit check to initiate service and in most cases your power is turned on within the hour.\",\"breadcrumb\":{\"@id\":\"https:\\\/\\\/powermepronto.com\\\/about-us-price-prepaid-electric-rate\\\/#breadcrumb\"},\"inLanguage\":\"es\",\"potentialAction\":[{\"@type\":\"ReadAction\",\"target\":[\"https:\\\/\\\/powermepronto.com\\\/about-us-price-prepaid-electric-rate\\\/\"]}]},{\"@type\":\"ImageObject\",\"inLanguage\":\"es\",\"@id\":\"https:\\\/\\\/powermepronto.com\\\/about-us-price-prepaid-electric-rate\\\/#primaryimage\",\"url\":\"https:\\\/\\\/powermepronto.com\\\/wp-content\\\/uploads\\\/2018\\\/09\\\/about.jpg\",\"contentUrl\":\"https:\\\/\\\/powermepronto.com\\\/wp-content\\\/uploads\\\/2018\\\/09\\\/about.jpg\",\"width\":2000,\"height\":500,\"caption\":\"Children Playing On Garden Swing And Scooter Outside House\"},{\"@type\":\"BreadcrumbList\",\"@id\":\"https:\\\/\\\/powermepronto.com\\\/about-us-price-prepaid-electric-rate\\\/#breadcrumb\",\"itemListElement\":[{\"@type\":\"ListItem\",\"position\":1,\"name\":\"Home\",\"item\":\"https:\\\/\\\/powermepronto.com\\\/en\\\/\"},{\"@type\":\"ListItem\",\"position\":2,\"name\":\"About Us &#8211; The Best Prepaid Electric Rate in Texas\"}]},{\"@type\":\"WebSite\",\"@id\":\"https:\\\/\\\/powermepronto.com\\\/en\\\/#website\",\"url\":\"https:\\\/\\\/powermepronto.com\\\/en\\\/\",\"name\":\"Pronto Power\",\"description\":\"\",\"potentialAction\":[{\"@type\":\"SearchAction\",\"target\":{\"@type\":\"EntryPoint\",\"urlTemplate\":\"https:\\\/\\\/powermepronto.com\\\/en\\\/?s={search_term_string}\"},\"query-input\":{\"@type\":\"PropertyValueSpecification\",\"valueRequired\":true,\"valueName\":\"search_term_string\"}}],\"inLanguage\":\"es\"}]}<\/script>\n<!-- \/ Yoast SEO plugin. -->","yoast_head_json":{"title":"No Credit Check Electric Houston | Prepay Electricity Dallas Fort Worth |","description":"Pronto Power requires no deposit nor credit check to initiate service and in most cases your power is turned on within the hour.","robots":{"index":"index","follow":"follow","max-snippet":"max-snippet:-1","max-image-preview":"max-image-preview:large","max-video-preview":"max-video-preview:-1"},"canonical":"https:\/\/powermepronto.com\/about-us-price-prepaid-electric-rate\/","og_locale":"es_ES","og_type":"article","og_title":"No Credit Check Electric Houston | Prepay Electricity Dallas Fort Worth |","og_description":"Pronto Power requires no deposit nor credit check to initiate service and in most cases your power is turned on within the hour.","og_url":"https:\/\/powermepronto.com\/about-us-price-prepaid-electric-rate\/","og_site_name":"Pronto Power","article_modified_time":"2022-12-09T16:18:37+00:00","og_image":[{"width":2000,"height":500,"url":"https:\/\/powermepronto.com\/wp-content\/uploads\/2018\/09\/about.jpg","type":"image\/jpeg"}],"twitter_card":"summary_large_image","twitter_misc":{"Tiempo de lectura":"1 minuto"},"schema":{"@context":"https:\/\/schema.org","@graph":[{"@type":"WebPage","@id":"https:\/\/powermepronto.com\/about-us-price-prepaid-electric-rate\/","url":"https:\/\/powermepronto.com\/about-us-price-prepaid-electric-rate\/","name":"No Credit Check Electric Houston | Prepay Electricity Dallas Fort Worth |","isPartOf":{"@id":"https:\/\/powermepronto.com\/en\/#website"},"primaryImageOfPage":{"@id":"https:\/\/powermepronto.com\/about-us-price-prepaid-electric-rate\/#primaryimage"},"image":{"@id":"https:\/\/powermepronto.com\/about-us-price-prepaid-electric-rate\/#primaryimage"},"thumbnailUrl":"https:\/\/powermepronto.com\/wp-content\/uploads\/2018\/09\/about.jpg","datePublished":"2017-06-14T01:58:30+00:00","dateModified":"2022-12-09T16:18:37+00:00","description":"Pronto Power requires no deposit nor credit check to initiate service and in most cases your power is turned on within the hour.","breadcrumb":{"@id":"https:\/\/powermepronto.com\/about-us-price-prepaid-electric-rate\/#breadcrumb"},"inLanguage":"es","potentialAction":[{"@type":"ReadAction","target":["https:\/\/powermepronto.com\/about-us-price-prepaid-electric-rate\/"]}]},{"@type":"ImageObject","inLanguage":"es","@id":"https:\/\/powermepronto.com\/about-us-price-prepaid-electric-rate\/#primaryimage","url":"https:\/\/powermepronto.com\/wp-content\/uploads\/2018\/09\/about.jpg","contentUrl":"https:\/\/powermepronto.com\/wp-content\/uploads\/2018\/09\/about.jpg","width":2000,"height":500,"caption":"Children Playing On Garden Swing And Scooter Outside House"},{"@type":"BreadcrumbList","@id":"https:\/\/powermepronto.com\/about-us-price-prepaid-electric-rate\/#breadcrumb","itemListElement":[{"@type":"ListItem","position":1,"name":"Home","item":"https:\/\/powermepronto.com\/en\/"},{"@type":"ListItem","position":2,"name":"About Us &#8211; The Best Prepaid Electric Rate in Texas"}]},{"@type":"WebSite","@id":"https:\/\/powermepronto.com\/en\/#website","url":"https:\/\/powermepronto.com\/en\/","name":"Pronto Power","description":"","potentialAction":[{"@type":"SearchAction","target":{"@type":"EntryPoint","urlTemplate":"https:\/\/powermepronto.com\/en\/?s={search_term_string}"},"query-input":{"@type":"PropertyValueSpecification","valueRequired":true,"valueName":"search_term_string"}}],"inLanguage":"es"}]}},"_links":{"self":[{"href":"https:\/\/powermepronto.com\/es\/wp-json\/wp\/v2\/pages\/25","targetHints":{"allow":["GET"]}}],"collection":[{"href":"https:\/\/powermepronto.com\/es\/wp-json\/wp\/v2\/pages"}],"about":[{"href":"https:\/\/powermepronto.com\/es\/wp-json\/wp\/v2\/types\/page"}],"author":[{"embeddable":true,"href":"https:\/\/powermepronto.com\/es\/wp-json\/wp\/v2\/users\/1"}],"replies":[{"embeddable":true,"href":"https:\/\/powermepronto.com\/es\/wp-json\/wp\/v2\/comments?post=25"}],"version-history":[{"count":19,"href":"https:\/\/powermepronto.com\/es\/wp-json\/wp\/v2\/pages\/25\/revisions"}],"predecessor-version":[{"id":3436,"href":"https:\/\/powermepronto.com\/es\/wp-json\/wp\/v2\/pages\/25\/revisions\/3436"}],"wp:featuredmedia":[{"embeddable":true,"href":"https:\/\/powermepronto.com\/es\/wp-json\/wp\/v2\/media\/918"}],"wp:attachment":[{"href":"https:\/\/powermepronto.com\/es\/wp-json\/wp\/v2\/media?parent=25"}],"curies":[{"name":"wp","href":"https:\/\/api.w.org\/{rel}","templated":true}]}}