{"id":2411,"date":"2021-02-07T10:12:55","date_gmt":"2021-02-07T16:12:55","guid":{"rendered":"https:\/\/powermepronto.com\/?page_id=2411"},"modified":"2022-12-21T04:12:22","modified_gmt":"2022-12-21T10:12:22","slug":"cheaper-than-all-other-electric-companies-in-mcallen-no-contract","status":"publish","type":"page","link":"https:\/\/powermepronto.com\/es\/cheaper-than-all-other-electric-companies-in-mcallen-no-contract\/","title":{"rendered":"\u00a1M\u00e1s barato que todas las dem\u00e1s empresas el\u00e9ctricas de McAllen! \u00a1Sin contrato!"},"content":{"rendered":"<p>Sip. As\u00ed es. \u00a1La electricidad prepaga de Pronto Power es m\u00e1s barata que todas las dem\u00e1s compa\u00f1\u00edas el\u00e9ctricas, no solo en McAllen, sino en todo Texas!<\/p>\n<p>\u00a1Espere! Tiene que haber alg\u00fan tipo de trampa, \u00bfverdad?<\/p>\n<p>&#8230; \u00a1Pero no la hay!<\/p>\n<p>Con Pronto Power, obtiene la electricidad prepaga m\u00e1s barata de todo Texas. Y tambi\u00e9n hay:<\/p>\n<ul>\n<li>Sin verificaci\u00f3n de cr\u00e9dito<\/li>\n<li>Sin verificaci\u00f3n de identificaci\u00f3n<\/li>\n<li>Sin tarifas ocultas<\/li>\n<li>Sin contrato<\/li>\n<li>Sin dep\u00f3sito<\/li>\n<li>Sin tarifas de conexi\u00f3n<\/li>\n<li>Sin tarifas de desconexi\u00f3n<\/li>\n<li>Sin molestias de ning\u00fan tipo<\/li>\n<\/ul>\n<p>Y como no firma un contrato, eso significa que este acuerdo no tiene riesgos porque puede cancelar en cualquier momento y por cualquier motivo.<\/p>\n<h2>\u00bfC\u00f3mo puede Pronto Power ofrecer una oferta tan incre\u00edble?<\/h2>\n<p>Sencillo. Contamos con un modelo de negocio que implica mantener la relaci\u00f3n con los clientes durante a\u00f1os.<\/p>\n<p>Otros REP lo encierran en un contrato, lo cargan con tarifas ocultas y luego simplemente lo dejan ir cuando su contrato expira y lo reemplazan con nuevos clientes.<\/p>\n<p>Ese modelo cuesta m\u00e1s dinero. El nuestro cuesta mucho menos. \u00a1Y le pasamos los ahorros directamente a usted!<\/p>\n<h2>Residentes de McAllen: c\u00f3mo puede ahorrar un 20% del ya m\u00e1s econ\u00f3mico sin dep\u00f3sito de energ\u00eda en Texas<\/h2>\n<p>Este te da el control total. Cuando se une a Pronto Power, obtiene acceso a una herramienta gratuita de monitoreo del uso de electricidad en l\u00ednea.<\/p>\n<p>Inicie sesi\u00f3n y podr\u00e1 ver exactamente cu\u00e1nta electricidad est\u00e1 utilizando en tiempo real. Nuestros clientes luego usan esta informaci\u00f3n para cambiar su comportamiento y ahorrar en sus facturas de electricidad.<\/p>\n<p>Muchos ahorran hasta un 20% &#8230; \u00a1y algunos incluso m\u00e1s!<\/p>\n<h2>\u00danase a Pronto Power Free dentro de una hora si tiene un medidor inteligente<\/h2>\n<p>Luego, simplemente agrega los fondos que tenga m\u00e1s sentido para usted (mensual, semanal o incluso diariamente).<\/p>\n<p>Siempre que tenga solo 1 centavo en su cuenta antes de la 1 PM cada d\u00eda, su electricidad permanece encendida.<\/p>\n<p>Y si alguna vez tiene problemas para pagar, simplemente comun\u00edquese con nuestro equipo de servicio al cliente y estar\u00e1n felices de ayudarlo a superar las circunstancias financieras m\u00e1s dif\u00edciles.<\/p>\n<p>Simplemente no puede encontrar una oferta mejor en ning\u00fan otro lugar. Y dado que esta oferta no tiene contrato, es 100% libre de riesgos y puede cancelarla en cualquier momento y por cualquier motivo.<\/p>\n<p>Obtenga la electricidad prepaga sin dep\u00f3sito m\u00e1s barata en Texas dentro de una hora si su hogar tiene un medidor inteligente cuando llame al <span class=\"affiliatecode\">844.621.2852<\/span>.<\/p>","protected":false},"excerpt":{"rendered":"<p>Sip. As\u00ed es. \u00a1La electricidad prepaga de Pronto Power es m\u00e1s barata que todas las dem\u00e1s compa\u00f1\u00edas el\u00e9ctricas, no solo en McAllen, sino en todo Texas! \u00a1Espere! Tiene que haber alg\u00fan tipo de trampa, \u00bfverdad? &#8230; \u00a1Pero no la hay! Con Pronto Power, obtiene la electricidad prepaga m\u00e1s barata de todo Texas. Y tambi\u00e9n hay: &hellip; <a href=\"https:\/\/powermepronto.com\/es\/cheaper-than-all-other-electric-companies-in-mcallen-no-contract\/\" class=\"more-link\">Continue reading <span class=\"screen-reader-text\">\u00a1M\u00e1s barato que todas las dem\u00e1s empresas el\u00e9ctricas de McAllen! \u00a1Sin contrato!<\/span><\/a><\/p>\n","protected":false},"author":1,"featured_media":0,"parent":0,"menu_order":0,"comment_status":"closed","ping_status":"closed","template":"","meta":{"_acf_changed":false,"_glsr_average":0,"_glsr_ranking":0,"_glsr_reviews":0,"footnotes":"","_links_to":"","_links_to_target":""},"class_list":["post-2411","page","type-page","status-publish","hentry"],"acf":[],"yoast_head":"<!-- This site is optimized with the Yoast SEO plugin v27.5 - https:\/\/yoast.com\/product\/yoast-seo-wordpress\/ -->\n<title>\u00a1M\u00e1s barato que todas las dem\u00e1s empresas el\u00e9ctricas de McAllen! \u00a1Sin contrato! - Pronto Power<\/title>\n<meta name=\"description\" content=\"[:en]Get the cheapest prepaid rates in McAllen. Plus find out how to save 20% more. No deposit. No contract. No hidden fees. Join Pronto Power free today! 844.621.2852[:es]Obtenga las tarifas prepagas m\u00e1s econ\u00f3micas en McAllen. Adem\u00e1s, descubra c\u00f3mo ahorrar un 20% m\u00e1s. No hay dep\u00f3sito. Sin contrato. Sin cuotas escondidas. \u00a1\u00danase a Pronto Power gratis hoy! 844.621.2852[:]\" \/>\n<meta name=\"robots\" content=\"index, follow, max-snippet:-1, max-image-preview:large, max-video-preview:-1\" \/>\n<link rel=\"canonical\" href=\"https:\/\/powermepronto.com\/cheaper-than-all-other-electric-companies-in-mcallen-no-contract\/\" \/>\n<meta property=\"og:locale\" content=\"es_ES\" \/>\n<meta property=\"og:type\" content=\"article\" \/>\n<meta property=\"og:title\" content=\"[:en]Cheaper Than All Other Electric Companies in McAllen! No Contract![:es]\u00a1M\u00e1s barato que todas las dem\u00e1s empresas el\u00e9ctricas de McAllen! \u00a1Sin contrato![:] - Pronto Power\" \/>\n<meta property=\"og:description\" content=\"[:en]Get the cheapest prepaid rates in McAllen. Plus find out how to save 20% more. No deposit. No contract. No hidden fees. Join Pronto Power free today! 844.621.2852[:es]Obtenga las tarifas prepagas m\u00e1s econ\u00f3micas en McAllen. Adem\u00e1s, descubra c\u00f3mo ahorrar un 20% m\u00e1s. No hay dep\u00f3sito. Sin contrato. Sin cuotas escondidas. \u00a1\u00danase a Pronto Power gratis hoy! 844.621.2852[:]\" \/>\n<meta property=\"og:url\" content=\"https:\/\/powermepronto.com\/cheaper-than-all-other-electric-companies-in-mcallen-no-contract\/\" \/>\n<meta property=\"og:site_name\" content=\"Pronto Power\" \/>\n<meta property=\"article:modified_time\" content=\"2022-12-21T10:12:22+00:00\" \/>\n<meta name=\"twitter:card\" content=\"summary_large_image\" \/>\n<meta name=\"twitter:label1\" content=\"Tiempo de lectura\" \/>\n\t<meta name=\"twitter:data1\" content=\"4 minutos\" \/>\n<script type=\"application\/ld+json\" class=\"yoast-schema-graph\">{\"@context\":\"https:\\\/\\\/schema.org\",\"@graph\":[{\"@type\":\"WebPage\",\"@id\":\"https:\\\/\\\/powermepronto.com\\\/cheaper-than-all-other-electric-companies-in-mcallen-no-contract\\\/\",\"url\":\"https:\\\/\\\/powermepronto.com\\\/cheaper-than-all-other-electric-companies-in-mcallen-no-contract\\\/\",\"name\":\"[:en]Cheaper Than All Other Electric Companies in McAllen! No Contract![:es]\u00a1M\u00e1s barato que todas las dem\u00e1s empresas el\u00e9ctricas de McAllen! \u00a1Sin contrato![:] - Pronto Power\",\"isPartOf\":{\"@id\":\"https:\\\/\\\/powermepronto.com\\\/en\\\/#website\"},\"datePublished\":\"2021-02-07T16:12:55+00:00\",\"dateModified\":\"2022-12-21T10:12:22+00:00\",\"description\":\"[:en]Get the cheapest prepaid rates in McAllen. Plus find out how to save 20% more. No deposit. No contract. No hidden fees. Join Pronto Power free today! 844.621.2852[:es]Obtenga las tarifas prepagas m\u00e1s econ\u00f3micas en McAllen. Adem\u00e1s, descubra c\u00f3mo ahorrar un 20% m\u00e1s. No hay dep\u00f3sito. Sin contrato. Sin cuotas escondidas. \u00a1\u00danase a Pronto Power gratis hoy! 844.621.2852[:]\",\"breadcrumb\":{\"@id\":\"https:\\\/\\\/powermepronto.com\\\/cheaper-than-all-other-electric-companies-in-mcallen-no-contract\\\/#breadcrumb\"},\"inLanguage\":\"es\",\"potentialAction\":[{\"@type\":\"ReadAction\",\"target\":[\"https:\\\/\\\/powermepronto.com\\\/cheaper-than-all-other-electric-companies-in-mcallen-no-contract\\\/\"]}]},{\"@type\":\"BreadcrumbList\",\"@id\":\"https:\\\/\\\/powermepronto.com\\\/cheaper-than-all-other-electric-companies-in-mcallen-no-contract\\\/#breadcrumb\",\"itemListElement\":[{\"@type\":\"ListItem\",\"position\":1,\"name\":\"Home\",\"item\":\"https:\\\/\\\/powermepronto.com\\\/en\\\/\"},{\"@type\":\"ListItem\",\"position\":2,\"name\":\"Cheaper Than All Other Electric Companies in McAllen! No Contract!\"}]},{\"@type\":\"WebSite\",\"@id\":\"https:\\\/\\\/powermepronto.com\\\/en\\\/#website\",\"url\":\"https:\\\/\\\/powermepronto.com\\\/en\\\/\",\"name\":\"Pronto Power\",\"description\":\"\",\"potentialAction\":[{\"@type\":\"SearchAction\",\"target\":{\"@type\":\"EntryPoint\",\"urlTemplate\":\"https:\\\/\\\/powermepronto.com\\\/en\\\/?s={search_term_string}\"},\"query-input\":{\"@type\":\"PropertyValueSpecification\",\"valueRequired\":true,\"valueName\":\"search_term_string\"}}],\"inLanguage\":\"es\"}]}<\/script>\n<!-- \/ Yoast SEO plugin. -->","yoast_head_json":{"title":"[:en]Cheaper Than All Other Electric Companies in McAllen! No Contract![:es]\u00a1M\u00e1s barato que todas las dem\u00e1s empresas el\u00e9ctricas de McAllen! \u00a1Sin contrato![:] - Pronto Power","description":"[:en]Get the cheapest prepaid rates in McAllen. Plus find out how to save 20% more. No deposit. No contract. No hidden fees. Join Pronto Power free today! 844.621.2852[:es]Obtenga las tarifas prepagas m\u00e1s econ\u00f3micas en McAllen. Adem\u00e1s, descubra c\u00f3mo ahorrar un 20% m\u00e1s. No hay dep\u00f3sito. Sin contrato. Sin cuotas escondidas. \u00a1\u00danase a Pronto Power gratis hoy! 844.621.2852[:]","robots":{"index":"index","follow":"follow","max-snippet":"max-snippet:-1","max-image-preview":"max-image-preview:large","max-video-preview":"max-video-preview:-1"},"canonical":"https:\/\/powermepronto.com\/cheaper-than-all-other-electric-companies-in-mcallen-no-contract\/","og_locale":"es_ES","og_type":"article","og_title":"[:en]Cheaper Than All Other Electric Companies in McAllen! No Contract![:es]\u00a1M\u00e1s barato que todas las dem\u00e1s empresas el\u00e9ctricas de McAllen! \u00a1Sin contrato![:] - Pronto Power","og_description":"[:en]Get the cheapest prepaid rates in McAllen. Plus find out how to save 20% more. No deposit. No contract. No hidden fees. Join Pronto Power free today! 844.621.2852[:es]Obtenga las tarifas prepagas m\u00e1s econ\u00f3micas en McAllen. Adem\u00e1s, descubra c\u00f3mo ahorrar un 20% m\u00e1s. No hay dep\u00f3sito. Sin contrato. Sin cuotas escondidas. \u00a1\u00danase a Pronto Power gratis hoy! 844.621.2852[:]","og_url":"https:\/\/powermepronto.com\/cheaper-than-all-other-electric-companies-in-mcallen-no-contract\/","og_site_name":"Pronto Power","article_modified_time":"2022-12-21T10:12:22+00:00","twitter_card":"summary_large_image","twitter_misc":{"Tiempo de lectura":"4 minutos"},"schema":{"@context":"https:\/\/schema.org","@graph":[{"@type":"WebPage","@id":"https:\/\/powermepronto.com\/cheaper-than-all-other-electric-companies-in-mcallen-no-contract\/","url":"https:\/\/powermepronto.com\/cheaper-than-all-other-electric-companies-in-mcallen-no-contract\/","name":"[:en]Cheaper Than All Other Electric Companies in McAllen! No Contract![:es]\u00a1M\u00e1s barato que todas las dem\u00e1s empresas el\u00e9ctricas de McAllen! \u00a1Sin contrato![:] - Pronto Power","isPartOf":{"@id":"https:\/\/powermepronto.com\/en\/#website"},"datePublished":"2021-02-07T16:12:55+00:00","dateModified":"2022-12-21T10:12:22+00:00","description":"[:en]Get the cheapest prepaid rates in McAllen. Plus find out how to save 20% more. No deposit. No contract. No hidden fees. Join Pronto Power free today! 844.621.2852[:es]Obtenga las tarifas prepagas m\u00e1s econ\u00f3micas en McAllen. Adem\u00e1s, descubra c\u00f3mo ahorrar un 20% m\u00e1s. No hay dep\u00f3sito. Sin contrato. Sin cuotas escondidas. \u00a1\u00danase a Pronto Power gratis hoy! 844.621.2852[:]","breadcrumb":{"@id":"https:\/\/powermepronto.com\/cheaper-than-all-other-electric-companies-in-mcallen-no-contract\/#breadcrumb"},"inLanguage":"es","potentialAction":[{"@type":"ReadAction","target":["https:\/\/powermepronto.com\/cheaper-than-all-other-electric-companies-in-mcallen-no-contract\/"]}]},{"@type":"BreadcrumbList","@id":"https:\/\/powermepronto.com\/cheaper-than-all-other-electric-companies-in-mcallen-no-contract\/#breadcrumb","itemListElement":[{"@type":"ListItem","position":1,"name":"Home","item":"https:\/\/powermepronto.com\/en\/"},{"@type":"ListItem","position":2,"name":"Cheaper Than All Other Electric Companies in McAllen! No Contract!"}]},{"@type":"WebSite","@id":"https:\/\/powermepronto.com\/en\/#website","url":"https:\/\/powermepronto.com\/en\/","name":"Pronto Power","description":"","potentialAction":[{"@type":"SearchAction","target":{"@type":"EntryPoint","urlTemplate":"https:\/\/powermepronto.com\/en\/?s={search_term_string}"},"query-input":{"@type":"PropertyValueSpecification","valueRequired":true,"valueName":"search_term_string"}}],"inLanguage":"es"}]}},"_links":{"self":[{"href":"https:\/\/powermepronto.com\/es\/wp-json\/wp\/v2\/pages\/2411","targetHints":{"allow":["GET"]}}],"collection":[{"href":"https:\/\/powermepronto.com\/es\/wp-json\/wp\/v2\/pages"}],"about":[{"href":"https:\/\/powermepronto.com\/es\/wp-json\/wp\/v2\/types\/page"}],"author":[{"embeddable":true,"href":"https:\/\/powermepronto.com\/es\/wp-json\/wp\/v2\/users\/1"}],"replies":[{"embeddable":true,"href":"https:\/\/powermepronto.com\/es\/wp-json\/wp\/v2\/comments?post=2411"}],"version-history":[{"count":2,"href":"https:\/\/powermepronto.com\/es\/wp-json\/wp\/v2\/pages\/2411\/revisions"}],"predecessor-version":[{"id":3485,"href":"https:\/\/powermepronto.com\/es\/wp-json\/wp\/v2\/pages\/2411\/revisions\/3485"}],"wp:attachment":[{"href":"https:\/\/powermepronto.com\/es\/wp-json\/wp\/v2\/media?parent=2411"}],"curies":[{"name":"wp","href":"https:\/\/api.w.org\/{rel}","templated":true}]}}