{"id":2408,"date":"2021-02-07T10:05:28","date_gmt":"2021-02-07T16:05:28","guid":{"rendered":"https:\/\/powermepronto.com\/?page_id=2408"},"modified":"2022-12-21T05:23:21","modified_gmt":"2022-12-21T11:23:21","slug":"laredos-cheapest-prepaid-no-deposit-power-no-hidden-fees-no-contract","status":"publish","type":"page","link":"https:\/\/powermepronto.com\/es\/laredos-cheapest-prepaid-no-deposit-power-no-hidden-fees-no-contract\/","title":{"rendered":"El poder prepago sin dep\u00f3sito m\u00e1s barato de Laredo. \u00a1Sin cuotas escondidas! \u00a1Sin contrato!"},"content":{"rendered":"<p>\u00bfQu\u00e9 le dir\u00eda a pagar las tarifas el\u00e9ctricas prepagas m\u00e1s baratas en Texas y luego ahorrar un 20% (o incluso m\u00e1s) de esas tarifas tambi\u00e9n?<\/p>\n<p>Tiene que haber alg\u00fan tipo de trampa, \u00bfverdad?<\/p>\n<p>\u00bfC\u00f3mo podr\u00eda un REP ofrecer un trato tan incre\u00edble?<\/p>\n<p>Bueno, Pronto Power ofrece este trato. Y es 100% real, sin ninguna trampa. Cuando se une a Pronto Power, hay:<\/p>\n<ul>\n<li>Sin contrato<\/li>\n<li>Sin tarifas ocultas<\/li>\n<li>Sin dep\u00f3sito<\/li>\n<li>Sin tarifas de conexi\u00f3n<\/li>\n<li>Sin tarifas de desconexi\u00f3n<\/li>\n<li>Sin molestias de ning\u00fan tipo<\/li>\n<\/ul>\n<p>&#8230; \u00a1Y al servicio de atenci\u00f3n al cliente le encanta ayudarlo a lograrlo si tiene problemas para pagar!<\/p>\n<p>En otras palabras, unirse a Pronto Power no tiene riesgos y puede cancelar en cualquier momento y por cualquier motivo.<\/p>\n<h2>\u00bfC\u00f3mo puede Pronto Power ofrecer una oferta tan incre\u00edble a los residentes de Laredo?<\/h2>\n<p>Es simple: nos enfocamos en ofrecerle un servicio y tarifas tan buenas que elija permanecer como cliente durante a\u00f1os.<\/p>\n<p>Otros REP utilizan una estrategia de rotaci\u00f3n y quema. Te tienen como cliente. Obligarlo a firmar un contrato. Cobrarle tarifas escandalosas. Luego te vas cuando expira tu contrato. Y luego simplemente encuentran m\u00e1s clientes para reemplazarlo.<\/p>\n<p>Dado que los clientes eligen quedarse con Pronto Power durante a\u00f1os, \u00a1le pasamos el dinero que no tenemos que gastar en adquirir nuevos clientes directamente a usted!<\/p>\n<h2>C\u00f3mo puede ahorrar un 20% adicional &#8230; o incluso m\u00e1s<\/h2>\n<p>Cuando se une a Pronto Power, obtiene acceso a una herramienta de monitoreo del uso de electricidad en l\u00ednea sin cargo.<\/p>\n<p>Inicie sesi\u00f3n y podr\u00e1 ver exactamente c\u00f3mo est\u00e1 usando la electricidad en este mismo instante. Nuestros clientes utilizan este software para ahorrar hasta un 20% en sus facturas de electricidad &#8230; \u00a1y algunos incluso m\u00e1s!<\/p>\n<h2>\u00danase a Pronto Power Free dentro de una hora si su hogar tiene un medidor inteligente<\/h2>\n<p>La energ\u00eda sin dep\u00f3sito no es m\u00e1s barata que con Pronto Power.<\/p>\n<p>Luego, simplemente agrega fondos, sin embargo, tiene m\u00e1s sentido para usted (mensual, semanal o incluso diariamente).<\/p>\n<p>Siempre que tenga solo un centavo en su cuenta antes de la 1 PM cada d\u00eda, su electricidad permanece encendida.<\/p>\n<p>Y recuerde que el servicio de atenci\u00f3n al cliente est\u00e1 ansioso por ayudarlo si tiene dificultades para pagar.<\/p>\n<p>\u00a1Mire, simplemente no puede encontrar tarifas prepagas m\u00e1s baratas, con la oportunidad de ahorrar un 20% o m\u00e1s, sin contrato y sin tarifas ocultas en ning\u00fan otro lugar!<\/p>\n<p>\u00a1\u00danase a Pronto Power gratis dentro de una hora si tiene un medidor inteligente llamando al <span class=\"affiliatecode\">844.621.2852<\/span>!<\/p>","protected":false},"excerpt":{"rendered":"<p>\u00bfQu\u00e9 le dir\u00eda a pagar las tarifas el\u00e9ctricas prepagas m\u00e1s baratas en Texas y luego ahorrar un 20% (o incluso m\u00e1s) de esas tarifas tambi\u00e9n? Tiene que haber alg\u00fan tipo de trampa, \u00bfverdad? \u00bfC\u00f3mo podr\u00eda un REP ofrecer un trato tan incre\u00edble? Bueno, Pronto Power ofrece este trato. Y es 100% real, sin ninguna trampa. &hellip; <a href=\"https:\/\/powermepronto.com\/es\/laredos-cheapest-prepaid-no-deposit-power-no-hidden-fees-no-contract\/\" class=\"more-link\">Continue reading <span class=\"screen-reader-text\">El poder prepago sin dep\u00f3sito m\u00e1s barato de Laredo. \u00a1Sin cuotas escondidas! \u00a1Sin contrato!<\/span><\/a><\/p>\n","protected":false},"author":1,"featured_media":0,"parent":0,"menu_order":0,"comment_status":"closed","ping_status":"closed","template":"","meta":{"_acf_changed":false,"_glsr_average":0,"_glsr_ranking":0,"_glsr_reviews":0,"footnotes":"","_links_to":"","_links_to_target":""},"class_list":["post-2408","page","type-page","status-publish","hentry"],"acf":[],"yoast_head":"<!-- This site is optimized with the Yoast SEO plugin v27.4 - https:\/\/yoast.com\/product\/yoast-seo-wordpress\/ -->\n<title>El poder prepago sin dep\u00f3sito m\u00e1s barato de Laredo. \u00a1Sin cuotas escondidas! \u00a1Sin contrato! - Pronto Power<\/title>\n<meta name=\"description\" content=\"[;en]Get the cheapest prepaid rates in Laredo. Plus find out how to save 20% more. No deposit. No contract. No hidden fees. Join Pronto Power free today! 844.621.2852[:es]Obtenga las tarifas prepagas m\u00e1s econ\u00f3micas en Laredo. Adem\u00e1s, descubra c\u00f3mo ahorrar un 20% m\u00e1s. No hay dep\u00f3sito. Sin contrato. Sin cuotas escondidas. \u00a1\u00danase a Pronto Power gratis hoy! 844.621.2852[:]\" \/>\n<meta name=\"robots\" content=\"index, follow, max-snippet:-1, max-image-preview:large, max-video-preview:-1\" \/>\n<link rel=\"canonical\" href=\"https:\/\/powermepronto.com\/laredos-cheapest-prepaid-no-deposit-power-no-hidden-fees-no-contract\/\" \/>\n<meta property=\"og:locale\" content=\"es_ES\" \/>\n<meta property=\"og:type\" content=\"article\" \/>\n<meta property=\"og:title\" content=\"[:en]Laredo\u2019s Cheapest Prepaid No-Deposit Power. No Hidden Fees! No Contract![:es]El poder prepago sin dep\u00f3sito m\u00e1s barato de Laredo. \u00a1Sin cuotas escondidas! \u00a1Sin contrato![:] - Pronto Power\" \/>\n<meta property=\"og:description\" content=\"[;en]Get the cheapest prepaid rates in Laredo. Plus find out how to save 20% more. No deposit. No contract. No hidden fees. Join Pronto Power free today! 844.621.2852[:es]Obtenga las tarifas prepagas m\u00e1s econ\u00f3micas en Laredo. Adem\u00e1s, descubra c\u00f3mo ahorrar un 20% m\u00e1s. No hay dep\u00f3sito. Sin contrato. Sin cuotas escondidas. \u00a1\u00danase a Pronto Power gratis hoy! 844.621.2852[:]\" \/>\n<meta property=\"og:url\" content=\"https:\/\/powermepronto.com\/laredos-cheapest-prepaid-no-deposit-power-no-hidden-fees-no-contract\/\" \/>\n<meta property=\"og:site_name\" content=\"Pronto Power\" \/>\n<meta property=\"article:modified_time\" content=\"2022-12-21T11:23:21+00:00\" \/>\n<meta name=\"twitter:card\" content=\"summary_large_image\" \/>\n<meta name=\"twitter:label1\" content=\"Tiempo de lectura\" \/>\n\t<meta name=\"twitter:data1\" content=\"4 minutos\" \/>\n<script type=\"application\/ld+json\" class=\"yoast-schema-graph\">{\"@context\":\"https:\\\/\\\/schema.org\",\"@graph\":[{\"@type\":\"WebPage\",\"@id\":\"https:\\\/\\\/powermepronto.com\\\/laredos-cheapest-prepaid-no-deposit-power-no-hidden-fees-no-contract\\\/\",\"url\":\"https:\\\/\\\/powermepronto.com\\\/laredos-cheapest-prepaid-no-deposit-power-no-hidden-fees-no-contract\\\/\",\"name\":\"[:en]Laredo\u2019s Cheapest Prepaid No-Deposit Power. No Hidden Fees! No Contract![:es]El poder prepago sin dep\u00f3sito m\u00e1s barato de Laredo. \u00a1Sin cuotas escondidas! \u00a1Sin contrato![:] - Pronto Power\",\"isPartOf\":{\"@id\":\"https:\\\/\\\/powermepronto.com\\\/en\\\/#website\"},\"datePublished\":\"2021-02-07T16:05:28+00:00\",\"dateModified\":\"2022-12-21T11:23:21+00:00\",\"description\":\"[;en]Get the cheapest prepaid rates in Laredo. Plus find out how to save 20% more. No deposit. No contract. No hidden fees. Join Pronto Power free today! 844.621.2852[:es]Obtenga las tarifas prepagas m\u00e1s econ\u00f3micas en Laredo. Adem\u00e1s, descubra c\u00f3mo ahorrar un 20% m\u00e1s. No hay dep\u00f3sito. Sin contrato. Sin cuotas escondidas. \u00a1\u00danase a Pronto Power gratis hoy! 844.621.2852[:]\",\"breadcrumb\":{\"@id\":\"https:\\\/\\\/powermepronto.com\\\/laredos-cheapest-prepaid-no-deposit-power-no-hidden-fees-no-contract\\\/#breadcrumb\"},\"inLanguage\":\"es\",\"potentialAction\":[{\"@type\":\"ReadAction\",\"target\":[\"https:\\\/\\\/powermepronto.com\\\/laredos-cheapest-prepaid-no-deposit-power-no-hidden-fees-no-contract\\\/\"]}]},{\"@type\":\"BreadcrumbList\",\"@id\":\"https:\\\/\\\/powermepronto.com\\\/laredos-cheapest-prepaid-no-deposit-power-no-hidden-fees-no-contract\\\/#breadcrumb\",\"itemListElement\":[{\"@type\":\"ListItem\",\"position\":1,\"name\":\"Home\",\"item\":\"https:\\\/\\\/powermepronto.com\\\/en\\\/\"},{\"@type\":\"ListItem\",\"position\":2,\"name\":\"Laredo\u2019s Cheapest Prepaid No-Deposit Power. No Hidden Fees! No Contract!\"}]},{\"@type\":\"WebSite\",\"@id\":\"https:\\\/\\\/powermepronto.com\\\/en\\\/#website\",\"url\":\"https:\\\/\\\/powermepronto.com\\\/en\\\/\",\"name\":\"Pronto Power\",\"description\":\"\",\"potentialAction\":[{\"@type\":\"SearchAction\",\"target\":{\"@type\":\"EntryPoint\",\"urlTemplate\":\"https:\\\/\\\/powermepronto.com\\\/en\\\/?s={search_term_string}\"},\"query-input\":{\"@type\":\"PropertyValueSpecification\",\"valueRequired\":true,\"valueName\":\"search_term_string\"}}],\"inLanguage\":\"es\"}]}<\/script>\n<!-- \/ Yoast SEO plugin. -->","yoast_head_json":{"title":"[:en]Laredo\u2019s Cheapest Prepaid No-Deposit Power. No Hidden Fees! No Contract![:es]El poder prepago sin dep\u00f3sito m\u00e1s barato de Laredo. \u00a1Sin cuotas escondidas! \u00a1Sin contrato![:] - Pronto Power","description":"[;en]Get the cheapest prepaid rates in Laredo. Plus find out how to save 20% more. No deposit. No contract. No hidden fees. Join Pronto Power free today! 844.621.2852[:es]Obtenga las tarifas prepagas m\u00e1s econ\u00f3micas en Laredo. Adem\u00e1s, descubra c\u00f3mo ahorrar un 20% m\u00e1s. No hay dep\u00f3sito. Sin contrato. Sin cuotas escondidas. \u00a1\u00danase a Pronto Power gratis hoy! 844.621.2852[:]","robots":{"index":"index","follow":"follow","max-snippet":"max-snippet:-1","max-image-preview":"max-image-preview:large","max-video-preview":"max-video-preview:-1"},"canonical":"https:\/\/powermepronto.com\/laredos-cheapest-prepaid-no-deposit-power-no-hidden-fees-no-contract\/","og_locale":"es_ES","og_type":"article","og_title":"[:en]Laredo\u2019s Cheapest Prepaid No-Deposit Power. No Hidden Fees! No Contract![:es]El poder prepago sin dep\u00f3sito m\u00e1s barato de Laredo. \u00a1Sin cuotas escondidas! \u00a1Sin contrato![:] - Pronto Power","og_description":"[;en]Get the cheapest prepaid rates in Laredo. Plus find out how to save 20% more. No deposit. No contract. No hidden fees. Join Pronto Power free today! 844.621.2852[:es]Obtenga las tarifas prepagas m\u00e1s econ\u00f3micas en Laredo. Adem\u00e1s, descubra c\u00f3mo ahorrar un 20% m\u00e1s. No hay dep\u00f3sito. Sin contrato. Sin cuotas escondidas. \u00a1\u00danase a Pronto Power gratis hoy! 844.621.2852[:]","og_url":"https:\/\/powermepronto.com\/laredos-cheapest-prepaid-no-deposit-power-no-hidden-fees-no-contract\/","og_site_name":"Pronto Power","article_modified_time":"2022-12-21T11:23:21+00:00","twitter_card":"summary_large_image","twitter_misc":{"Tiempo de lectura":"4 minutos"},"schema":{"@context":"https:\/\/schema.org","@graph":[{"@type":"WebPage","@id":"https:\/\/powermepronto.com\/laredos-cheapest-prepaid-no-deposit-power-no-hidden-fees-no-contract\/","url":"https:\/\/powermepronto.com\/laredos-cheapest-prepaid-no-deposit-power-no-hidden-fees-no-contract\/","name":"[:en]Laredo\u2019s Cheapest Prepaid No-Deposit Power. No Hidden Fees! No Contract![:es]El poder prepago sin dep\u00f3sito m\u00e1s barato de Laredo. \u00a1Sin cuotas escondidas! \u00a1Sin contrato![:] - Pronto Power","isPartOf":{"@id":"https:\/\/powermepronto.com\/en\/#website"},"datePublished":"2021-02-07T16:05:28+00:00","dateModified":"2022-12-21T11:23:21+00:00","description":"[;en]Get the cheapest prepaid rates in Laredo. Plus find out how to save 20% more. No deposit. No contract. No hidden fees. Join Pronto Power free today! 844.621.2852[:es]Obtenga las tarifas prepagas m\u00e1s econ\u00f3micas en Laredo. Adem\u00e1s, descubra c\u00f3mo ahorrar un 20% m\u00e1s. No hay dep\u00f3sito. Sin contrato. Sin cuotas escondidas. \u00a1\u00danase a Pronto Power gratis hoy! 844.621.2852[:]","breadcrumb":{"@id":"https:\/\/powermepronto.com\/laredos-cheapest-prepaid-no-deposit-power-no-hidden-fees-no-contract\/#breadcrumb"},"inLanguage":"es","potentialAction":[{"@type":"ReadAction","target":["https:\/\/powermepronto.com\/laredos-cheapest-prepaid-no-deposit-power-no-hidden-fees-no-contract\/"]}]},{"@type":"BreadcrumbList","@id":"https:\/\/powermepronto.com\/laredos-cheapest-prepaid-no-deposit-power-no-hidden-fees-no-contract\/#breadcrumb","itemListElement":[{"@type":"ListItem","position":1,"name":"Home","item":"https:\/\/powermepronto.com\/en\/"},{"@type":"ListItem","position":2,"name":"Laredo\u2019s Cheapest Prepaid No-Deposit Power. No Hidden Fees! No Contract!"}]},{"@type":"WebSite","@id":"https:\/\/powermepronto.com\/en\/#website","url":"https:\/\/powermepronto.com\/en\/","name":"Pronto Power","description":"","potentialAction":[{"@type":"SearchAction","target":{"@type":"EntryPoint","urlTemplate":"https:\/\/powermepronto.com\/en\/?s={search_term_string}"},"query-input":{"@type":"PropertyValueSpecification","valueRequired":true,"valueName":"search_term_string"}}],"inLanguage":"es"}]}},"_links":{"self":[{"href":"https:\/\/powermepronto.com\/es\/wp-json\/wp\/v2\/pages\/2408","targetHints":{"allow":["GET"]}}],"collection":[{"href":"https:\/\/powermepronto.com\/es\/wp-json\/wp\/v2\/pages"}],"about":[{"href":"https:\/\/powermepronto.com\/es\/wp-json\/wp\/v2\/types\/page"}],"author":[{"embeddable":true,"href":"https:\/\/powermepronto.com\/es\/wp-json\/wp\/v2\/users\/1"}],"replies":[{"embeddable":true,"href":"https:\/\/powermepronto.com\/es\/wp-json\/wp\/v2\/comments?post=2408"}],"version-history":[{"count":3,"href":"https:\/\/powermepronto.com\/es\/wp-json\/wp\/v2\/pages\/2408\/revisions"}],"predecessor-version":[{"id":3548,"href":"https:\/\/powermepronto.com\/es\/wp-json\/wp\/v2\/pages\/2408\/revisions\/3548"}],"wp:attachment":[{"href":"https:\/\/powermepronto.com\/es\/wp-json\/wp\/v2\/media?parent=2408"}],"curies":[{"name":"wp","href":"https:\/\/api.w.org\/{rel}","templated":true}]}}