{"id":2205,"date":"2020-07-28T15:11:45","date_gmt":"2020-07-28T20:11:45","guid":{"rendered":"https:\/\/www.powermepronto.com\/?page_id=2205"},"modified":"2022-12-21T03:54:58","modified_gmt":"2022-12-21T09:54:58","slug":"arlingtons-cheapest-no-deposit-electric-company","status":"publish","type":"page","link":"https:\/\/powermepronto.com\/es\/arlingtons-cheapest-no-deposit-electric-company\/","title":{"rendered":"La compa\u00f1\u00eda el\u00e9ctrica sin dep\u00f3sito m\u00e1s barata de Arlington"},"content":{"rendered":"<p><img loading=\"lazy\" decoding=\"async\" class=\"alignright size-medium wp-image-1050\" src=\"https:\/\/www.powermepronto.com\/wp-content\/uploads\/2018\/10\/bigstock-144219044-300x200.jpg\" alt=\"\" width=\"300\" height=\"200\" srcset=\"https:\/\/powermepronto.com\/wp-content\/uploads\/2018\/10\/bigstock-144219044-300x200.jpg 300w, https:\/\/powermepronto.com\/wp-content\/uploads\/2018\/10\/bigstock-144219044-768x512.jpg 768w, https:\/\/powermepronto.com\/wp-content\/uploads\/2018\/10\/bigstock-144219044.jpg 1000w\" sizes=\"auto, (max-width: 300px) 100vw, 300px\" \/>\u00bfSabe si su REP actual le cobra mucho m\u00e1s de lo que deber\u00eda pagar?<\/p>\n<p>Es f\u00e1cil de entender. El tejano promedio paga 11.86 centavos por kWh por su electricidad.<\/p>\n<p>Por lo tanto, simplemente sume todas las tarifas que le cobra su REP, m\u00e1s los cargos por su consumo real de electricidad, y luego divida ese n\u00famero por los kWh utilizados.<\/p>\n<p>Recuerde incluir tarifas pegajosas como las que le cobran si paga por tel\u00e9fono.<\/p>\n<p>&#8230;\u00bfQu\u00e9 obtuviste?<\/p>\n<p>Si termin\u00f3 con un n\u00famero cercano al promedio de Texas de 11.86 centavos por kWh, est\u00e1 pagando demasiado.<\/p>\n<h2>Pronto Power: la compa\u00f1\u00eda el\u00e9ctrica prepaga y sin dep\u00f3sito m\u00e1s barata con tarifas ocultas absolutamente cero<\/h2>\n<p>Con Pronto Power, obtiene las tarifas el\u00e9ctricas prepagas m\u00e1s baratas de todo Texas. Adem\u00e1s, nunca tendr\u00e1 que pagar tarifas ocultas.<\/p>\n<p>Por lo tanto, solo paga por la electricidad que realmente usa. Y eso es.<\/p>\n<p>Nuestro modelo de negocio se basa en mantener a los clientes durante mucho tiempo, en lugar de atraerlos, imponerles tarifas ocultas y luego encontrar nuevos clientes para reemplazarlos cuando se vayan.<\/p>\n<p>Adem\u00e1s, con Pronto Power hay:<\/p>\n<ul>\n<li>Sin verificaci\u00f3n de cr\u00e9dito<\/li>\n<li>Sin verificaci\u00f3n de identificaci\u00f3n<\/li>\n<li>Sin cuotas escondidas<\/li>\n<li>Sin tarifas de conexi\u00f3n<\/li>\n<li>Sin tarifas de desconexi\u00f3n<\/li>\n<li>Servicio al cliente al que le gusta ayudar<\/li>\n<li>Sin contrato<\/li>\n<\/ul>\n<p>Entonces, eso significa que no tiene absolutamente ning\u00fan riesgo al probar Pronto Power. Puede probarnos un d\u00eda y luego desconectarse al d\u00eda siguiente si lo desea.<\/p>\n<p>Pero como obtiene las tarifas prepagas m\u00e1s baratas en Texas, sin cargos ocultos ni contrato, y el servicio al cliente est\u00e1 ansioso por ayudarlo si tiene problemas para pagar, no querr\u00e1 hacerlo.<\/p>\n<p>Pronto Power es f\u00e1cil.<\/p>\n<p>Luego, simplemente agregue m\u00e1s fondos de la manera que mejor funcione para usted: mensual, semanal o incluso diariamente si lo desea. Siempre que mantenga un solo centavo en el saldo de su cuenta, la electricidad permanece encendida.<\/p>\n<h2>Ahorre un 20% adicional frente a otras compa\u00f1\u00edas el\u00e9ctricas de Texas<\/h2>\n<p>Esta parte est\u00e1 totalmente bajo su control. Cuando se une a Pronto Power, obtiene acceso a una herramienta de monitoreo del uso de electricidad en l\u00ednea.<\/p>\n<p>Luego, simplemente m\u00edralo regularmente para saber exactamente c\u00f3mo usas la electricidad. Simplemente cambie su comportamiento para que use menos. Y luego observe c\u00f3mo baja su factura mensual.<\/p>\n<p>Muchos clientes usan esto para ahorrar un 20% de las tarifas que ya son m\u00e1s baratas en Texas &#8230; \u00a1y algunos incluso m\u00e1s!<\/p>\n<p>La electricidad prepaga m\u00e1s barata de Texas. Sin cuotas escondidas. Sin contrato. Y servicio al cliente que lo ayuda a mantener la electricidad encendida si tiene problemas para pagar &#8230;<\/p>\n<p>Es todo suyo cuando llame al <span class=\"affiliatecode\">844.621.2852<\/span> y se inscriba gratis en una hora (si su hogar tiene un medidor inteligente).<\/p>","protected":false},"excerpt":{"rendered":"<p>\u00bfSabe si su REP actual le cobra mucho m\u00e1s de lo que deber\u00eda pagar? Es f\u00e1cil de entender. El tejano promedio paga 11.86 centavos por kWh por su electricidad. Por lo tanto, simplemente sume todas las tarifas que le cobra su REP, m\u00e1s los cargos por su consumo real de electricidad, y luego divida ese &hellip; <a href=\"https:\/\/powermepronto.com\/es\/arlingtons-cheapest-no-deposit-electric-company\/\" class=\"more-link\">Continue reading <span class=\"screen-reader-text\">La compa\u00f1\u00eda el\u00e9ctrica sin dep\u00f3sito m\u00e1s barata de Arlington<\/span><\/a><\/p>\n","protected":false},"author":1,"featured_media":0,"parent":0,"menu_order":0,"comment_status":"closed","ping_status":"closed","template":"","meta":{"_acf_changed":false,"_glsr_average":0,"_glsr_ranking":0,"_glsr_reviews":0,"footnotes":"","_links_to":"","_links_to_target":""},"class_list":["post-2205","page","type-page","status-publish","hentry"],"acf":[],"yoast_head":"<!-- This site is optimized with the Yoast SEO plugin v27.5 - https:\/\/yoast.com\/product\/yoast-seo-wordpress\/ -->\n<title>La compa\u00f1\u00eda el\u00e9ctrica sin dep\u00f3sito m\u00e1s barata de Arlington - Pronto Power<\/title>\n<meta name=\"description\" content=\"[:en]No one in Arlington beats our cheap prepaid electric prices. No deposit. No contract. No hidden fees. Call 844.621.2852 to join Pronto Power free today![:es]Nadie en Arlington supera nuestros precios econ\u00f3micos de electricidad prepaga. No hay dep\u00f3sito. Sin contrato. Sin cuotas escondidas. \u00a1Llame al 844.621.2852 para unirse a Pronto Power gratis hoy![:]\" \/>\n<meta name=\"robots\" content=\"index, follow, max-snippet:-1, max-image-preview:large, max-video-preview:-1\" \/>\n<link rel=\"canonical\" href=\"https:\/\/powermepronto.com\/arlingtons-cheapest-no-deposit-electric-company\/\" \/>\n<meta property=\"og:locale\" content=\"es_ES\" \/>\n<meta property=\"og:type\" content=\"article\" \/>\n<meta property=\"og:title\" content=\"[:en]Arlington\u2019s Cheapest No-Deposit Electric Company[:es]La compa\u00f1\u00eda el\u00e9ctrica sin dep\u00f3sito m\u00e1s barata de Arlington[:] - Pronto Power\" \/>\n<meta property=\"og:description\" content=\"[:en]No one in Arlington beats our cheap prepaid electric prices. No deposit. No contract. No hidden fees. Call 844.621.2852 to join Pronto Power free today![:es]Nadie en Arlington supera nuestros precios econ\u00f3micos de electricidad prepaga. No hay dep\u00f3sito. Sin contrato. Sin cuotas escondidas. \u00a1Llame al 844.621.2852 para unirse a Pronto Power gratis hoy![:]\" \/>\n<meta property=\"og:url\" content=\"https:\/\/powermepronto.com\/arlingtons-cheapest-no-deposit-electric-company\/\" \/>\n<meta property=\"og:site_name\" content=\"Pronto Power\" \/>\n<meta property=\"article:modified_time\" content=\"2022-12-21T09:54:58+00:00\" \/>\n<meta property=\"og:image\" content=\"https:\/\/www.powermepronto.com\/wp-content\/uploads\/2018\/10\/bigstock-144219044-300x200.jpg\" \/>\n<meta name=\"twitter:card\" content=\"summary_large_image\" \/>\n<meta name=\"twitter:label1\" content=\"Tiempo de lectura\" \/>\n\t<meta name=\"twitter:data1\" content=\"5 minutos\" \/>\n<script type=\"application\/ld+json\" class=\"yoast-schema-graph\">{\"@context\":\"https:\\\/\\\/schema.org\",\"@graph\":[{\"@type\":\"WebPage\",\"@id\":\"https:\\\/\\\/powermepronto.com\\\/arlingtons-cheapest-no-deposit-electric-company\\\/\",\"url\":\"https:\\\/\\\/powermepronto.com\\\/arlingtons-cheapest-no-deposit-electric-company\\\/\",\"name\":\"[:en]Arlington\u2019s Cheapest No-Deposit Electric Company[:es]La compa\u00f1\u00eda el\u00e9ctrica sin dep\u00f3sito m\u00e1s barata de Arlington[:] - Pronto Power\",\"isPartOf\":{\"@id\":\"https:\\\/\\\/powermepronto.com\\\/en\\\/#website\"},\"primaryImageOfPage\":{\"@id\":\"https:\\\/\\\/powermepronto.com\\\/arlingtons-cheapest-no-deposit-electric-company\\\/#primaryimage\"},\"image\":{\"@id\":\"https:\\\/\\\/powermepronto.com\\\/arlingtons-cheapest-no-deposit-electric-company\\\/#primaryimage\"},\"thumbnailUrl\":\"https:\\\/\\\/www.powermepronto.com\\\/wp-content\\\/uploads\\\/2018\\\/10\\\/bigstock-144219044-300x200.jpg\",\"datePublished\":\"2020-07-28T20:11:45+00:00\",\"dateModified\":\"2022-12-21T09:54:58+00:00\",\"description\":\"[:en]No one in Arlington beats our cheap prepaid electric prices. No deposit. No contract. No hidden fees. Call 844.621.2852 to join Pronto Power free today![:es]Nadie en Arlington supera nuestros precios econ\u00f3micos de electricidad prepaga. No hay dep\u00f3sito. Sin contrato. Sin cuotas escondidas. \u00a1Llame al 844.621.2852 para unirse a Pronto Power gratis hoy![:]\",\"breadcrumb\":{\"@id\":\"https:\\\/\\\/powermepronto.com\\\/arlingtons-cheapest-no-deposit-electric-company\\\/#breadcrumb\"},\"inLanguage\":\"es\",\"potentialAction\":[{\"@type\":\"ReadAction\",\"target\":[\"https:\\\/\\\/powermepronto.com\\\/arlingtons-cheapest-no-deposit-electric-company\\\/\"]}]},{\"@type\":\"ImageObject\",\"inLanguage\":\"es\",\"@id\":\"https:\\\/\\\/powermepronto.com\\\/arlingtons-cheapest-no-deposit-electric-company\\\/#primaryimage\",\"url\":\"https:\\\/\\\/www.powermepronto.com\\\/wp-content\\\/uploads\\\/2018\\\/10\\\/bigstock-144219044-300x200.jpg\",\"contentUrl\":\"https:\\\/\\\/www.powermepronto.com\\\/wp-content\\\/uploads\\\/2018\\\/10\\\/bigstock-144219044-300x200.jpg\"},{\"@type\":\"BreadcrumbList\",\"@id\":\"https:\\\/\\\/powermepronto.com\\\/arlingtons-cheapest-no-deposit-electric-company\\\/#breadcrumb\",\"itemListElement\":[{\"@type\":\"ListItem\",\"position\":1,\"name\":\"Home\",\"item\":\"https:\\\/\\\/powermepronto.com\\\/en\\\/\"},{\"@type\":\"ListItem\",\"position\":2,\"name\":\"Arlington\u2019s Cheapest No-Deposit Electric Company\"}]},{\"@type\":\"WebSite\",\"@id\":\"https:\\\/\\\/powermepronto.com\\\/en\\\/#website\",\"url\":\"https:\\\/\\\/powermepronto.com\\\/en\\\/\",\"name\":\"Pronto Power\",\"description\":\"\",\"potentialAction\":[{\"@type\":\"SearchAction\",\"target\":{\"@type\":\"EntryPoint\",\"urlTemplate\":\"https:\\\/\\\/powermepronto.com\\\/en\\\/?s={search_term_string}\"},\"query-input\":{\"@type\":\"PropertyValueSpecification\",\"valueRequired\":true,\"valueName\":\"search_term_string\"}}],\"inLanguage\":\"es\"}]}<\/script>\n<!-- \/ Yoast SEO plugin. -->","yoast_head_json":{"title":"[:en]Arlington\u2019s Cheapest No-Deposit Electric Company[:es]La compa\u00f1\u00eda el\u00e9ctrica sin dep\u00f3sito m\u00e1s barata de Arlington[:] - Pronto Power","description":"[:en]No one in Arlington beats our cheap prepaid electric prices. No deposit. No contract. No hidden fees. Call 844.621.2852 to join Pronto Power free today![:es]Nadie en Arlington supera nuestros precios econ\u00f3micos de electricidad prepaga. No hay dep\u00f3sito. Sin contrato. Sin cuotas escondidas. \u00a1Llame al 844.621.2852 para unirse a Pronto Power gratis hoy![:]","robots":{"index":"index","follow":"follow","max-snippet":"max-snippet:-1","max-image-preview":"max-image-preview:large","max-video-preview":"max-video-preview:-1"},"canonical":"https:\/\/powermepronto.com\/arlingtons-cheapest-no-deposit-electric-company\/","og_locale":"es_ES","og_type":"article","og_title":"[:en]Arlington\u2019s Cheapest No-Deposit Electric Company[:es]La compa\u00f1\u00eda el\u00e9ctrica sin dep\u00f3sito m\u00e1s barata de Arlington[:] - Pronto Power","og_description":"[:en]No one in Arlington beats our cheap prepaid electric prices. No deposit. No contract. No hidden fees. Call 844.621.2852 to join Pronto Power free today![:es]Nadie en Arlington supera nuestros precios econ\u00f3micos de electricidad prepaga. No hay dep\u00f3sito. Sin contrato. Sin cuotas escondidas. \u00a1Llame al 844.621.2852 para unirse a Pronto Power gratis hoy![:]","og_url":"https:\/\/powermepronto.com\/arlingtons-cheapest-no-deposit-electric-company\/","og_site_name":"Pronto Power","article_modified_time":"2022-12-21T09:54:58+00:00","og_image":[{"url":"https:\/\/www.powermepronto.com\/wp-content\/uploads\/2018\/10\/bigstock-144219044-300x200.jpg","type":"","width":"","height":""}],"twitter_card":"summary_large_image","twitter_misc":{"Tiempo de lectura":"5 minutos"},"schema":{"@context":"https:\/\/schema.org","@graph":[{"@type":"WebPage","@id":"https:\/\/powermepronto.com\/arlingtons-cheapest-no-deposit-electric-company\/","url":"https:\/\/powermepronto.com\/arlingtons-cheapest-no-deposit-electric-company\/","name":"[:en]Arlington\u2019s Cheapest No-Deposit Electric Company[:es]La compa\u00f1\u00eda el\u00e9ctrica sin dep\u00f3sito m\u00e1s barata de Arlington[:] - Pronto Power","isPartOf":{"@id":"https:\/\/powermepronto.com\/en\/#website"},"primaryImageOfPage":{"@id":"https:\/\/powermepronto.com\/arlingtons-cheapest-no-deposit-electric-company\/#primaryimage"},"image":{"@id":"https:\/\/powermepronto.com\/arlingtons-cheapest-no-deposit-electric-company\/#primaryimage"},"thumbnailUrl":"https:\/\/www.powermepronto.com\/wp-content\/uploads\/2018\/10\/bigstock-144219044-300x200.jpg","datePublished":"2020-07-28T20:11:45+00:00","dateModified":"2022-12-21T09:54:58+00:00","description":"[:en]No one in Arlington beats our cheap prepaid electric prices. No deposit. No contract. No hidden fees. Call 844.621.2852 to join Pronto Power free today![:es]Nadie en Arlington supera nuestros precios econ\u00f3micos de electricidad prepaga. No hay dep\u00f3sito. Sin contrato. Sin cuotas escondidas. \u00a1Llame al 844.621.2852 para unirse a Pronto Power gratis hoy![:]","breadcrumb":{"@id":"https:\/\/powermepronto.com\/arlingtons-cheapest-no-deposit-electric-company\/#breadcrumb"},"inLanguage":"es","potentialAction":[{"@type":"ReadAction","target":["https:\/\/powermepronto.com\/arlingtons-cheapest-no-deposit-electric-company\/"]}]},{"@type":"ImageObject","inLanguage":"es","@id":"https:\/\/powermepronto.com\/arlingtons-cheapest-no-deposit-electric-company\/#primaryimage","url":"https:\/\/www.powermepronto.com\/wp-content\/uploads\/2018\/10\/bigstock-144219044-300x200.jpg","contentUrl":"https:\/\/www.powermepronto.com\/wp-content\/uploads\/2018\/10\/bigstock-144219044-300x200.jpg"},{"@type":"BreadcrumbList","@id":"https:\/\/powermepronto.com\/arlingtons-cheapest-no-deposit-electric-company\/#breadcrumb","itemListElement":[{"@type":"ListItem","position":1,"name":"Home","item":"https:\/\/powermepronto.com\/en\/"},{"@type":"ListItem","position":2,"name":"Arlington\u2019s Cheapest No-Deposit Electric Company"}]},{"@type":"WebSite","@id":"https:\/\/powermepronto.com\/en\/#website","url":"https:\/\/powermepronto.com\/en\/","name":"Pronto Power","description":"","potentialAction":[{"@type":"SearchAction","target":{"@type":"EntryPoint","urlTemplate":"https:\/\/powermepronto.com\/en\/?s={search_term_string}"},"query-input":{"@type":"PropertyValueSpecification","valueRequired":true,"valueName":"search_term_string"}}],"inLanguage":"es"}]}},"_links":{"self":[{"href":"https:\/\/powermepronto.com\/es\/wp-json\/wp\/v2\/pages\/2205","targetHints":{"allow":["GET"]}}],"collection":[{"href":"https:\/\/powermepronto.com\/es\/wp-json\/wp\/v2\/pages"}],"about":[{"href":"https:\/\/powermepronto.com\/es\/wp-json\/wp\/v2\/types\/page"}],"author":[{"embeddable":true,"href":"https:\/\/powermepronto.com\/es\/wp-json\/wp\/v2\/users\/1"}],"replies":[{"embeddable":true,"href":"https:\/\/powermepronto.com\/es\/wp-json\/wp\/v2\/comments?post=2205"}],"version-history":[{"count":4,"href":"https:\/\/powermepronto.com\/es\/wp-json\/wp\/v2\/pages\/2205\/revisions"}],"predecessor-version":[{"id":3470,"href":"https:\/\/powermepronto.com\/es\/wp-json\/wp\/v2\/pages\/2205\/revisions\/3470"}],"wp:attachment":[{"href":"https:\/\/powermepronto.com\/es\/wp-json\/wp\/v2\/media?parent=2205"}],"curies":[{"name":"wp","href":"https:\/\/api.w.org\/{rel}","templated":true}]}}