{"id":2201,"date":"2020-07-28T15:06:34","date_gmt":"2020-07-28T20:06:34","guid":{"rendered":"https:\/\/www.powermepronto.com\/?page_id=2201"},"modified":"2020-08-31T04:47:52","modified_gmt":"2020-08-31T09:47:52","slug":"cheaper-than-all-other-whitney-texas-electric-companies","status":"publish","type":"page","link":"https:\/\/powermepronto.com\/es\/cheaper-than-all-other-whitney-texas-electric-companies\/","title":{"rendered":"M\u00e1s barato que todas las dem\u00e1s compa\u00f1\u00edas el\u00e9ctricas de Whitney, Texas"},"content":{"rendered":"<p><img loading=\"lazy\" decoding=\"async\" class=\"alignright size-medium wp-image-1050\" src=\"https:\/\/www.powermepronto.com\/wp-content\/uploads\/2018\/10\/bigstock-144219044-300x200.jpg\" alt=\"\" width=\"300\" height=\"200\" srcset=\"https:\/\/powermepronto.com\/wp-content\/uploads\/2018\/10\/bigstock-144219044-300x200.jpg 300w, https:\/\/powermepronto.com\/wp-content\/uploads\/2018\/10\/bigstock-144219044-768x512.jpg 768w, https:\/\/powermepronto.com\/wp-content\/uploads\/2018\/10\/bigstock-144219044.jpg 1000w\" sizes=\"auto, (max-width: 300px) 100vw, 300px\" \/>\u00bfC\u00f3mo te sientes cuando alguien se aprovecha de ti?<\/p>\n<p>Bueno, su REP puede estar haci\u00e9ndolo ahora mismo.<\/p>\n<p>\u00bfPaga m\u00e1s que la tarifa promedio de Texas de 11.86 centavos por kWh?<\/p>\n<p>Recuerde agregar todas las dem\u00e1s tarifas y dep\u00f3sitos que se le cobran y dividir eso y el uso facturado por la cantidad total de kWh que usa durante un mes.<\/p>\n<p>Ahora, \u00bfc\u00f3mo se ve su costo promedio?<\/p>\n<p>Si est\u00e1 muy por encima del promedio, o incluso si est\u00e1 cerca de \u00e9l, est\u00e1 pagando demasiado.<\/p>\n<p>Esto se debe a que, cuando elige Pronto Power, obtiene los precios de electricidad prepago m\u00e1s baratos por kWh no solo en Whitney, sino en todo Texas.<\/p>\n<p>Y con Pronto Power, nunca tendr\u00e1 que lidiar con tarifas ocultas o grandes dep\u00f3sitos por adelantado.<\/p>\n<p>Por lo tanto, siempre conoce sus costos reales, que son m\u00e1s bajos que los de la competencia.<\/p>\n<h2>&#8230;\u00a1Pero eso no es todo!<\/h2>\n<p>Las tarifas el\u00e9ctricas prepagas m\u00e1s baratas y sin cargos ocultos suenan bien. Pero eso es solo el comienzo con Pronto Power.<\/p>\n<p>\u00bfC\u00f3mo te sientes cuando alguien se aprovecha de ti?<\/p>\n<p>Bueno, su REP puede estar haci\u00e9ndolo ahora mismo.<\/p>\n<p>\u00bfPaga m\u00e1s que la tarifa promedio de Texas de 11.86 centavos por kWh?<\/p>\n<p>Recuerde agregar todas las dem\u00e1s tarifas y dep\u00f3sitos que se le cobran y dividir eso y el uso facturado por la cantidad total de kWh que usa durante un mes.<\/p>\n<p>Ahora, \u00bfc\u00f3mo se ve su costo promedio?<\/p>\n<p>Si est\u00e1 muy por encima del promedio, o incluso si est\u00e1 cerca de \u00e9l, est\u00e1 pagando demasiado.<\/p>\n<p>Esto se debe a que, cuando elige Pronto Power, obtiene los precios de electricidad prepago m\u00e1s baratos por kWh no solo en Whitney, sino en todo Texas.<\/p>\n<p>Y con Pronto Power, nunca tendr\u00e1 que lidiar con tarifas ocultas o grandes dep\u00f3sitos por adelantado.<\/p>\n<p>Por lo tanto, siempre conoce sus costos reales, que son m\u00e1s bajos que los de la competencia.<\/p>\n<p>&#8230;\u00a1Pero eso no es todo!<\/p>\n<p>Las tarifas el\u00e9ctricas prepagas m\u00e1s baratas y sin cargos ocultos suenan bien. Pero eso es solo el comienzo con Pronto Power.<\/p>\n<p>Con Pronto Power, hay:<\/p>\n<ul>\n<li>Sin dep\u00f3sito por adelantado<\/li>\n<li>Sin verificaci\u00f3n de cr\u00e9dito<\/li>\n<li>Sin verificaci\u00f3n de identificaci\u00f3n<\/li>\n<li>Sin tarifas de conexi\u00f3n<\/li>\n<li>Sin tarifas de desconexi\u00f3n<\/li>\n<li>Atenci\u00f3n al cliente a quien le gusta ayudarte<\/li>\n<li>Sin contrato<\/li>\n<\/ul>\n<p>En otras palabras, \u00a1las tarifas el\u00e9ctricas prepagas m\u00e1s econ\u00f3micas y un excelente servicio al cliente est\u00e1n simplemente disponibles para usted cuando lo desee!<\/p>\n<h2>Adem\u00e1s, ahorre un 20% adicional<\/h2>\n<p>Tiene el poder de ahorrar un 20% de las tarifas m\u00e1s baratas y posiblemente incluso m\u00e1s.<\/p>\n<p>Cuando se une a Pronto Power, obtiene acceso a una herramienta gratuita de monitoreo del uso de electricidad en l\u00ednea. Le muestra exactamente c\u00f3mo est\u00e1 usando la electricidad en este momento.<\/p>\n<p>Cambie su comportamiento y observe c\u00f3mo disminuye su uso.<\/p>\n<p>Muchos de nuestros clientes utilizan esta herramienta para ahorrar un 20% en su factura de luz, y algunos incluso m\u00e1s.<\/p>\n<p>Sin contrato, las tarifas prepagas m\u00e1s econ\u00f3micas, el servicio al cliente que lo ayudar\u00e1 a superar las dificultades financieras extremas y la oportunidad de ahorrar un 20% m\u00e1s, \u00a1no puede vencer a Pronto Power!<\/p>\n<p>\u00a1Llame al <span class=\"affiliatecode\">844.621.2852<\/span> para unirse gratis dentro de una hora si su hogar tiene un medidor inteligente!<\/p>","protected":false},"excerpt":{"rendered":"<p>\u00bfC\u00f3mo te sientes cuando alguien se aprovecha de ti? Bueno, su REP puede estar haci\u00e9ndolo ahora mismo. \u00bfPaga m\u00e1s que la tarifa promedio de Texas de 11.86 centavos por kWh? Recuerde agregar todas las dem\u00e1s tarifas y dep\u00f3sitos que se le cobran y dividir eso y el uso facturado por la cantidad total de kWh &hellip; <a href=\"https:\/\/powermepronto.com\/es\/cheaper-than-all-other-whitney-texas-electric-companies\/\" class=\"more-link\">Continue reading <span class=\"screen-reader-text\">M\u00e1s barato que todas las dem\u00e1s compa\u00f1\u00edas el\u00e9ctricas de Whitney, Texas<\/span><\/a><\/p>\n","protected":false},"author":1,"featured_media":0,"parent":0,"menu_order":0,"comment_status":"closed","ping_status":"closed","template":"","meta":{"_acf_changed":false,"_glsr_average":0,"_glsr_ranking":0,"_glsr_reviews":0,"footnotes":"","_links_to":"","_links_to_target":""},"class_list":["post-2201","page","type-page","status-publish","hentry"],"acf":[],"yoast_head":"<!-- This site is optimized with the Yoast SEO plugin v27.4 - https:\/\/yoast.com\/product\/yoast-seo-wordpress\/ -->\n<title>M\u00e1s barato que todas las dem\u00e1s compa\u00f1\u00edas el\u00e9ctricas de Whitney, Texas - Pronto Power<\/title>\n<meta name=\"description\" content=\"No one in Westlake beats our cheap prepaid electric prices. No deposit. No contract. No hidden fees. Call 844.621.2852 to join Pronto Power free today!\" \/>\n<meta name=\"robots\" content=\"index, follow, max-snippet:-1, max-image-preview:large, max-video-preview:-1\" \/>\n<link rel=\"canonical\" href=\"https:\/\/powermepronto.com\/en\/cheaper-than-all-other-whitney-texas-electric-companies\/\" \/>\n<meta property=\"og:locale\" content=\"es_ES\" \/>\n<meta property=\"og:type\" content=\"article\" \/>\n<meta property=\"og:title\" content=\"[:en]Cheaper Than All Other Whitney, Texas Electric Companies[:es]M\u00e1s barato que todas las dem\u00e1s compa\u00f1\u00edas el\u00e9ctricas de Whitney, Texas[:] - Pronto Power\" \/>\n<meta property=\"og:description\" content=\"No one in Westlake beats our cheap prepaid electric prices. No deposit. No contract. No hidden fees. Call 844.621.2852 to join Pronto Power free today!\" \/>\n<meta property=\"og:url\" content=\"https:\/\/powermepronto.com\/en\/cheaper-than-all-other-whitney-texas-electric-companies\/\" \/>\n<meta property=\"og:site_name\" content=\"Pronto Power\" \/>\n<meta property=\"article:modified_time\" content=\"2020-08-31T09:47:52+00:00\" \/>\n<meta property=\"og:image\" content=\"https:\/\/www.powermepronto.com\/wp-content\/uploads\/2018\/10\/bigstock-144219044-300x200.jpg\" \/>\n<meta name=\"twitter:card\" content=\"summary_large_image\" \/>\n<meta name=\"twitter:label1\" content=\"Tiempo de lectura\" \/>\n\t<meta name=\"twitter:data1\" content=\"5 minutos\" \/>\n<script type=\"application\/ld+json\" class=\"yoast-schema-graph\">{\"@context\":\"https:\\\/\\\/schema.org\",\"@graph\":[{\"@type\":\"WebPage\",\"@id\":\"https:\\\/\\\/powermepronto.com\\\/en\\\/cheaper-than-all-other-whitney-texas-electric-companies\\\/\",\"url\":\"https:\\\/\\\/powermepronto.com\\\/en\\\/cheaper-than-all-other-whitney-texas-electric-companies\\\/\",\"name\":\"[:en]Cheaper Than All Other Whitney, Texas Electric Companies[:es]M\u00e1s barato que todas las dem\u00e1s compa\u00f1\u00edas el\u00e9ctricas de Whitney, Texas[:] - Pronto Power\",\"isPartOf\":{\"@id\":\"https:\\\/\\\/powermepronto.com\\\/en\\\/#website\"},\"primaryImageOfPage\":{\"@id\":\"https:\\\/\\\/powermepronto.com\\\/en\\\/cheaper-than-all-other-whitney-texas-electric-companies\\\/#primaryimage\"},\"image\":{\"@id\":\"https:\\\/\\\/powermepronto.com\\\/en\\\/cheaper-than-all-other-whitney-texas-electric-companies\\\/#primaryimage\"},\"thumbnailUrl\":\"https:\\\/\\\/www.powermepronto.com\\\/wp-content\\\/uploads\\\/2018\\\/10\\\/bigstock-144219044-300x200.jpg\",\"datePublished\":\"2020-07-28T20:06:34+00:00\",\"dateModified\":\"2020-08-31T09:47:52+00:00\",\"description\":\"No one in Westlake beats our cheap prepaid electric prices. No deposit. No contract. No hidden fees. Call 844.621.2852 to join Pronto Power free today!\",\"breadcrumb\":{\"@id\":\"https:\\\/\\\/powermepronto.com\\\/en\\\/cheaper-than-all-other-whitney-texas-electric-companies\\\/#breadcrumb\"},\"inLanguage\":\"es\",\"potentialAction\":[{\"@type\":\"ReadAction\",\"target\":[\"https:\\\/\\\/powermepronto.com\\\/en\\\/cheaper-than-all-other-whitney-texas-electric-companies\\\/\"]}]},{\"@type\":\"ImageObject\",\"inLanguage\":\"es\",\"@id\":\"https:\\\/\\\/powermepronto.com\\\/en\\\/cheaper-than-all-other-whitney-texas-electric-companies\\\/#primaryimage\",\"url\":\"https:\\\/\\\/www.powermepronto.com\\\/wp-content\\\/uploads\\\/2018\\\/10\\\/bigstock-144219044-300x200.jpg\",\"contentUrl\":\"https:\\\/\\\/www.powermepronto.com\\\/wp-content\\\/uploads\\\/2018\\\/10\\\/bigstock-144219044-300x200.jpg\"},{\"@type\":\"BreadcrumbList\",\"@id\":\"https:\\\/\\\/powermepronto.com\\\/en\\\/cheaper-than-all-other-whitney-texas-electric-companies\\\/#breadcrumb\",\"itemListElement\":[{\"@type\":\"ListItem\",\"position\":1,\"name\":\"Home\",\"item\":\"https:\\\/\\\/powermepronto.com\\\/en\\\/\"},{\"@type\":\"ListItem\",\"position\":2,\"name\":\"Cheaper Than All Other Whitney, Texas Electric Companies\"}]},{\"@type\":\"WebSite\",\"@id\":\"https:\\\/\\\/powermepronto.com\\\/en\\\/#website\",\"url\":\"https:\\\/\\\/powermepronto.com\\\/en\\\/\",\"name\":\"Pronto Power\",\"description\":\"\",\"potentialAction\":[{\"@type\":\"SearchAction\",\"target\":{\"@type\":\"EntryPoint\",\"urlTemplate\":\"https:\\\/\\\/powermepronto.com\\\/en\\\/?s={search_term_string}\"},\"query-input\":{\"@type\":\"PropertyValueSpecification\",\"valueRequired\":true,\"valueName\":\"search_term_string\"}}],\"inLanguage\":\"es\"}]}<\/script>\n<!-- \/ Yoast SEO plugin. -->","yoast_head_json":{"title":"[:en]Cheaper Than All Other Whitney, Texas Electric Companies[:es]M\u00e1s barato que todas las dem\u00e1s compa\u00f1\u00edas el\u00e9ctricas de Whitney, Texas[:] - Pronto Power","description":"No one in Westlake beats our cheap prepaid electric prices. No deposit. No contract. No hidden fees. Call 844.621.2852 to join Pronto Power free today!","robots":{"index":"index","follow":"follow","max-snippet":"max-snippet:-1","max-image-preview":"max-image-preview:large","max-video-preview":"max-video-preview:-1"},"canonical":"https:\/\/powermepronto.com\/en\/cheaper-than-all-other-whitney-texas-electric-companies\/","og_locale":"es_ES","og_type":"article","og_title":"[:en]Cheaper Than All Other Whitney, Texas Electric Companies[:es]M\u00e1s barato que todas las dem\u00e1s compa\u00f1\u00edas el\u00e9ctricas de Whitney, Texas[:] - Pronto Power","og_description":"No one in Westlake beats our cheap prepaid electric prices. No deposit. No contract. No hidden fees. Call 844.621.2852 to join Pronto Power free today!","og_url":"https:\/\/powermepronto.com\/en\/cheaper-than-all-other-whitney-texas-electric-companies\/","og_site_name":"Pronto Power","article_modified_time":"2020-08-31T09:47:52+00:00","og_image":[{"url":"https:\/\/www.powermepronto.com\/wp-content\/uploads\/2018\/10\/bigstock-144219044-300x200.jpg","type":"","width":"","height":""}],"twitter_card":"summary_large_image","twitter_misc":{"Tiempo de lectura":"5 minutos"},"schema":{"@context":"https:\/\/schema.org","@graph":[{"@type":"WebPage","@id":"https:\/\/powermepronto.com\/en\/cheaper-than-all-other-whitney-texas-electric-companies\/","url":"https:\/\/powermepronto.com\/en\/cheaper-than-all-other-whitney-texas-electric-companies\/","name":"[:en]Cheaper Than All Other Whitney, Texas Electric Companies[:es]M\u00e1s barato que todas las dem\u00e1s compa\u00f1\u00edas el\u00e9ctricas de Whitney, Texas[:] - Pronto Power","isPartOf":{"@id":"https:\/\/powermepronto.com\/en\/#website"},"primaryImageOfPage":{"@id":"https:\/\/powermepronto.com\/en\/cheaper-than-all-other-whitney-texas-electric-companies\/#primaryimage"},"image":{"@id":"https:\/\/powermepronto.com\/en\/cheaper-than-all-other-whitney-texas-electric-companies\/#primaryimage"},"thumbnailUrl":"https:\/\/www.powermepronto.com\/wp-content\/uploads\/2018\/10\/bigstock-144219044-300x200.jpg","datePublished":"2020-07-28T20:06:34+00:00","dateModified":"2020-08-31T09:47:52+00:00","description":"No one in Westlake beats our cheap prepaid electric prices. No deposit. No contract. No hidden fees. Call 844.621.2852 to join Pronto Power free today!","breadcrumb":{"@id":"https:\/\/powermepronto.com\/en\/cheaper-than-all-other-whitney-texas-electric-companies\/#breadcrumb"},"inLanguage":"es","potentialAction":[{"@type":"ReadAction","target":["https:\/\/powermepronto.com\/en\/cheaper-than-all-other-whitney-texas-electric-companies\/"]}]},{"@type":"ImageObject","inLanguage":"es","@id":"https:\/\/powermepronto.com\/en\/cheaper-than-all-other-whitney-texas-electric-companies\/#primaryimage","url":"https:\/\/www.powermepronto.com\/wp-content\/uploads\/2018\/10\/bigstock-144219044-300x200.jpg","contentUrl":"https:\/\/www.powermepronto.com\/wp-content\/uploads\/2018\/10\/bigstock-144219044-300x200.jpg"},{"@type":"BreadcrumbList","@id":"https:\/\/powermepronto.com\/en\/cheaper-than-all-other-whitney-texas-electric-companies\/#breadcrumb","itemListElement":[{"@type":"ListItem","position":1,"name":"Home","item":"https:\/\/powermepronto.com\/en\/"},{"@type":"ListItem","position":2,"name":"Cheaper Than All Other Whitney, Texas Electric Companies"}]},{"@type":"WebSite","@id":"https:\/\/powermepronto.com\/en\/#website","url":"https:\/\/powermepronto.com\/en\/","name":"Pronto Power","description":"","potentialAction":[{"@type":"SearchAction","target":{"@type":"EntryPoint","urlTemplate":"https:\/\/powermepronto.com\/en\/?s={search_term_string}"},"query-input":{"@type":"PropertyValueSpecification","valueRequired":true,"valueName":"search_term_string"}}],"inLanguage":"es"}]}},"_links":{"self":[{"href":"https:\/\/powermepronto.com\/es\/wp-json\/wp\/v2\/pages\/2201","targetHints":{"allow":["GET"]}}],"collection":[{"href":"https:\/\/powermepronto.com\/es\/wp-json\/wp\/v2\/pages"}],"about":[{"href":"https:\/\/powermepronto.com\/es\/wp-json\/wp\/v2\/types\/page"}],"author":[{"embeddable":true,"href":"https:\/\/powermepronto.com\/es\/wp-json\/wp\/v2\/users\/1"}],"replies":[{"embeddable":true,"href":"https:\/\/powermepronto.com\/es\/wp-json\/wp\/v2\/comments?post=2201"}],"version-history":[{"count":3,"href":"https:\/\/powermepronto.com\/es\/wp-json\/wp\/v2\/pages\/2201\/revisions"}],"predecessor-version":[{"id":2241,"href":"https:\/\/powermepronto.com\/es\/wp-json\/wp\/v2\/pages\/2201\/revisions\/2241"}],"wp:attachment":[{"href":"https:\/\/powermepronto.com\/es\/wp-json\/wp\/v2\/media?parent=2201"}],"curies":[{"name":"wp","href":"https:\/\/api.w.org\/{rel}","templated":true}]}}