{"id":2176,"date":"2020-07-01T10:44:28","date_gmt":"2020-07-01T15:44:28","guid":{"rendered":"https:\/\/www.powermepronto.com\/?page_id=2176"},"modified":"2022-12-21T04:13:28","modified_gmt":"2022-12-21T10:13:28","slug":"cheaper-than-all-other-electric-companies-in-trophy-club","status":"publish","type":"page","link":"https:\/\/powermepronto.com\/es\/cheaper-than-all-other-electric-companies-in-trophy-club\/","title":{"rendered":"M\u00e1s barato que todas las otras empresas el\u00e9ctricas en Trophy Club"},"content":{"rendered":"<p><img loading=\"lazy\" decoding=\"async\" class=\"alignright size-medium wp-image-801\" src=\"https:\/\/www.powermepronto.com\/wp-content\/uploads\/2018\/07\/bigstock-Cf-Dollar-2863411-300x203.jpg\" alt=\"\" width=\"300\" height=\"203\" srcset=\"https:\/\/powermepronto.com\/wp-content\/uploads\/2018\/07\/bigstock-Cf-Dollar-2863411-300x203.jpg 300w, https:\/\/powermepronto.com\/wp-content\/uploads\/2018\/07\/bigstock-Cf-Dollar-2863411-768x520.jpg 768w, https:\/\/powermepronto.com\/wp-content\/uploads\/2018\/07\/bigstock-Cf-Dollar-2863411.jpg 1000w\" sizes=\"auto, (max-width: 300px) 100vw, 300px\" \/>\u00bfPor qu\u00e9 firmar\u00eda un contrato con una compa\u00f1\u00eda el\u00e9ctrica cuando tiene tantas opciones que no requieren una?<\/p>\n<p>\u00abUn contrato protege a ambas partes\u00bb, piensa.<\/p>\n<p>Bueno, \u00bfese es realmente el caso? O, \u00bfest\u00e1 esa empresa estructurando el contrato para que pueda mantenerlo atrapado y sacarle todo tipo de tarifas ocultas?<\/p>\n<p>Para averiguarlo, debe profundizar y leer toda la letra peque\u00f1a.<\/p>\n<p>O bien, podr\u00eda ir con Pronto Power porque no tenemos ninguna letra peque\u00f1a.<\/p>\n<h2>Pronto Power: la compa\u00f1\u00eda el\u00e9ctrica m\u00e1s barata sin contrato, sin tarifa oculta, sin dep\u00f3sito y m\u00e1s barata en Texas<\/h2>\n<p>S\u00ed. Le\u00edste bien ese t\u00edtulo.<\/p>\n<p>No tienes un contrato cuando te unes a Pronto Power.<\/p>\n<p>Adem\u00e1s, tambi\u00e9n hay:<\/p>\n<ul>\n<li>Sin verificaci\u00f3n de cr\u00e9dito<\/li>\n<li>Sin dep\u00f3sito por adelantado<\/li>\n<li>Sin verificaci\u00f3n de identidad<\/li>\n<li>Sin cuotas escondidas<\/li>\n<li>Sin tarifas de conexi\u00f3n o desconexi\u00f3n<\/li>\n<\/ul>\n<p>&#8230; Y no hay problemas cuando tienes que llamar al servicio al cliente.<\/p>\n<p>B\u00e1sicamente, eso significa que no tienes riesgo. \u00danete en cualquier momento. Cancele en cualquier momento y por cualquier motivo.<\/p>\n<h2>\u00bfCu\u00e1l es el truco?<\/h2>\n<p>No hay ninguno. Seriamente.<\/p>\n<p>Y luego agrega m\u00e1s fondos a su cuenta prepaga, sin embargo, funciona mejor para usted: mensual, semanal o incluso diario.<\/p>\n<p>Mientras tenga solo un centavo en su cuenta antes de la 1 PM cada d\u00eda, su electricidad permanecer\u00e1 encendida.<\/p>\n<p>Y si se encuentra con dificultades financieras, simplemente llame al servicio al cliente. Est\u00e1n felices de ayudarlo a superar incluso la peor dificultad financiera.<\/p>\n<h2>Adem\u00e1s, ahorre un 20% adicional frente a otras compa\u00f1\u00edas de energ\u00eda sin dep\u00f3sito<\/h2>\n<p>Con Pronto Power, obtiene acceso a una herramienta gratuita de monitoreo de electricidad en l\u00ednea. Simplemente inicie sesi\u00f3n y vea c\u00f3mo est\u00e1 utilizando la electricidad en este momento.<\/p>\n<p>Luego, cambie su comportamiento y observe c\u00f3mo disminuye su uso.<\/p>\n<p>Muchos de nuestros clientes usan esto para ahorrar un 20% adicional en los precios de prepago el\u00e9ctricos m\u00e1s baratos en Texas. Y algunos incluso ahorran mucho m\u00e1s.<\/p>\n<p>Simplemente no puede encontrar un mejor valor general del que obtiene con Pronto Power.<\/p>\n<p>Adem\u00e1s, no tiene absolutamente ning\u00fan riesgo y puede cancelar en cualquier momento.<\/p>\n<p>Llame al <span class=\"affiliatecode\">844.621.2852<\/span> para unirse gratis dentro de una hora si su hogar tiene un medidor inteligente.<\/p>","protected":false},"excerpt":{"rendered":"<p>\u00bfPor qu\u00e9 firmar\u00eda un contrato con una compa\u00f1\u00eda el\u00e9ctrica cuando tiene tantas opciones que no requieren una? \u00abUn contrato protege a ambas partes\u00bb, piensa. Bueno, \u00bfese es realmente el caso? O, \u00bfest\u00e1 esa empresa estructurando el contrato para que pueda mantenerlo atrapado y sacarle todo tipo de tarifas ocultas? Para averiguarlo, debe profundizar y leer &hellip; <a href=\"https:\/\/powermepronto.com\/es\/cheaper-than-all-other-electric-companies-in-trophy-club\/\" class=\"more-link\">Continue reading <span class=\"screen-reader-text\">M\u00e1s barato que todas las otras empresas el\u00e9ctricas en Trophy Club<\/span><\/a><\/p>\n","protected":false},"author":1,"featured_media":0,"parent":0,"menu_order":0,"comment_status":"closed","ping_status":"closed","template":"","meta":{"_acf_changed":false,"_glsr_average":0,"_glsr_ranking":0,"_glsr_reviews":0,"footnotes":"","_links_to":"","_links_to_target":""},"class_list":["post-2176","page","type-page","status-publish","hentry"],"acf":[],"yoast_head":"<!-- This site is optimized with the Yoast SEO plugin v27.4 - https:\/\/yoast.com\/product\/yoast-seo-wordpress\/ -->\n<title>M\u00e1s barato que todas las otras empresas el\u00e9ctricas en Trophy Club - Pronto Power<\/title>\n<meta name=\"description\" content=\"[:en]No one in Trophy Club beats our cheap prepaid electric prices. No deposit. No contract. No hidden fees. Call 844.621.2852 to join Pronto Power free today![:es]Nadie en Trophy Club supera nuestros precios el\u00e9ctricos prepagos baratos. No hay dep\u00f3sito. Sin contrato. Sin cuotas escondidas. \u00a1Llame al 844.621.2852 para unirse a Pronto Power gratis hoy![:]\" \/>\n<meta name=\"robots\" content=\"index, follow, max-snippet:-1, max-image-preview:large, max-video-preview:-1\" \/>\n<link rel=\"canonical\" href=\"https:\/\/powermepronto.com\/cheaper-than-all-other-electric-companies-in-trophy-club\/\" \/>\n<meta property=\"og:locale\" content=\"es_ES\" \/>\n<meta property=\"og:type\" content=\"article\" \/>\n<meta property=\"og:title\" content=\"[:en]Cheaper Than All Other Electric Companies in Trophy Club[:es]M\u00e1s barato que todas las otras empresas el\u00e9ctricas en Trophy Club[:] - Pronto Power\" \/>\n<meta property=\"og:description\" content=\"[:en]No one in Trophy Club beats our cheap prepaid electric prices. No deposit. No contract. No hidden fees. Call 844.621.2852 to join Pronto Power free today![:es]Nadie en Trophy Club supera nuestros precios el\u00e9ctricos prepagos baratos. No hay dep\u00f3sito. Sin contrato. Sin cuotas escondidas. \u00a1Llame al 844.621.2852 para unirse a Pronto Power gratis hoy![:]\" \/>\n<meta property=\"og:url\" content=\"https:\/\/powermepronto.com\/cheaper-than-all-other-electric-companies-in-trophy-club\/\" \/>\n<meta property=\"og:site_name\" content=\"Pronto Power\" \/>\n<meta property=\"article:modified_time\" content=\"2022-12-21T10:13:28+00:00\" \/>\n<meta property=\"og:image\" content=\"https:\/\/www.powermepronto.com\/wp-content\/uploads\/2018\/07\/bigstock-Cf-Dollar-2863411-300x203.jpg\" \/>\n<meta name=\"twitter:card\" content=\"summary_large_image\" \/>\n<meta name=\"twitter:label1\" content=\"Tiempo de lectura\" \/>\n\t<meta name=\"twitter:data1\" content=\"4 minutos\" \/>\n<script type=\"application\/ld+json\" class=\"yoast-schema-graph\">{\"@context\":\"https:\\\/\\\/schema.org\",\"@graph\":[{\"@type\":\"WebPage\",\"@id\":\"https:\\\/\\\/powermepronto.com\\\/cheaper-than-all-other-electric-companies-in-trophy-club\\\/\",\"url\":\"https:\\\/\\\/powermepronto.com\\\/cheaper-than-all-other-electric-companies-in-trophy-club\\\/\",\"name\":\"[:en]Cheaper Than All Other Electric Companies in Trophy Club[:es]M\u00e1s barato que todas las otras empresas el\u00e9ctricas en Trophy Club[:] - Pronto Power\",\"isPartOf\":{\"@id\":\"https:\\\/\\\/powermepronto.com\\\/en\\\/#website\"},\"primaryImageOfPage\":{\"@id\":\"https:\\\/\\\/powermepronto.com\\\/cheaper-than-all-other-electric-companies-in-trophy-club\\\/#primaryimage\"},\"image\":{\"@id\":\"https:\\\/\\\/powermepronto.com\\\/cheaper-than-all-other-electric-companies-in-trophy-club\\\/#primaryimage\"},\"thumbnailUrl\":\"https:\\\/\\\/www.powermepronto.com\\\/wp-content\\\/uploads\\\/2018\\\/07\\\/bigstock-Cf-Dollar-2863411-300x203.jpg\",\"datePublished\":\"2020-07-01T15:44:28+00:00\",\"dateModified\":\"2022-12-21T10:13:28+00:00\",\"description\":\"[:en]No one in Trophy Club beats our cheap prepaid electric prices. No deposit. No contract. No hidden fees. Call 844.621.2852 to join Pronto Power free today![:es]Nadie en Trophy Club supera nuestros precios el\u00e9ctricos prepagos baratos. No hay dep\u00f3sito. Sin contrato. Sin cuotas escondidas. \u00a1Llame al 844.621.2852 para unirse a Pronto Power gratis hoy![:]\",\"breadcrumb\":{\"@id\":\"https:\\\/\\\/powermepronto.com\\\/cheaper-than-all-other-electric-companies-in-trophy-club\\\/#breadcrumb\"},\"inLanguage\":\"es\",\"potentialAction\":[{\"@type\":\"ReadAction\",\"target\":[\"https:\\\/\\\/powermepronto.com\\\/cheaper-than-all-other-electric-companies-in-trophy-club\\\/\"]}]},{\"@type\":\"ImageObject\",\"inLanguage\":\"es\",\"@id\":\"https:\\\/\\\/powermepronto.com\\\/cheaper-than-all-other-electric-companies-in-trophy-club\\\/#primaryimage\",\"url\":\"https:\\\/\\\/www.powermepronto.com\\\/wp-content\\\/uploads\\\/2018\\\/07\\\/bigstock-Cf-Dollar-2863411-300x203.jpg\",\"contentUrl\":\"https:\\\/\\\/www.powermepronto.com\\\/wp-content\\\/uploads\\\/2018\\\/07\\\/bigstock-Cf-Dollar-2863411-300x203.jpg\"},{\"@type\":\"BreadcrumbList\",\"@id\":\"https:\\\/\\\/powermepronto.com\\\/cheaper-than-all-other-electric-companies-in-trophy-club\\\/#breadcrumb\",\"itemListElement\":[{\"@type\":\"ListItem\",\"position\":1,\"name\":\"Home\",\"item\":\"https:\\\/\\\/powermepronto.com\\\/en\\\/\"},{\"@type\":\"ListItem\",\"position\":2,\"name\":\"Cheaper Than All Other Electric Companies in Trophy Club\"}]},{\"@type\":\"WebSite\",\"@id\":\"https:\\\/\\\/powermepronto.com\\\/en\\\/#website\",\"url\":\"https:\\\/\\\/powermepronto.com\\\/en\\\/\",\"name\":\"Pronto Power\",\"description\":\"\",\"potentialAction\":[{\"@type\":\"SearchAction\",\"target\":{\"@type\":\"EntryPoint\",\"urlTemplate\":\"https:\\\/\\\/powermepronto.com\\\/en\\\/?s={search_term_string}\"},\"query-input\":{\"@type\":\"PropertyValueSpecification\",\"valueRequired\":true,\"valueName\":\"search_term_string\"}}],\"inLanguage\":\"es\"}]}<\/script>\n<!-- \/ Yoast SEO plugin. -->","yoast_head_json":{"title":"[:en]Cheaper Than All Other Electric Companies in Trophy Club[:es]M\u00e1s barato que todas las otras empresas el\u00e9ctricas en Trophy Club[:] - Pronto Power","description":"[:en]No one in Trophy Club beats our cheap prepaid electric prices. No deposit. No contract. No hidden fees. Call 844.621.2852 to join Pronto Power free today![:es]Nadie en Trophy Club supera nuestros precios el\u00e9ctricos prepagos baratos. No hay dep\u00f3sito. Sin contrato. Sin cuotas escondidas. \u00a1Llame al 844.621.2852 para unirse a Pronto Power gratis hoy![:]","robots":{"index":"index","follow":"follow","max-snippet":"max-snippet:-1","max-image-preview":"max-image-preview:large","max-video-preview":"max-video-preview:-1"},"canonical":"https:\/\/powermepronto.com\/cheaper-than-all-other-electric-companies-in-trophy-club\/","og_locale":"es_ES","og_type":"article","og_title":"[:en]Cheaper Than All Other Electric Companies in Trophy Club[:es]M\u00e1s barato que todas las otras empresas el\u00e9ctricas en Trophy Club[:] - Pronto Power","og_description":"[:en]No one in Trophy Club beats our cheap prepaid electric prices. No deposit. No contract. No hidden fees. Call 844.621.2852 to join Pronto Power free today![:es]Nadie en Trophy Club supera nuestros precios el\u00e9ctricos prepagos baratos. No hay dep\u00f3sito. Sin contrato. Sin cuotas escondidas. \u00a1Llame al 844.621.2852 para unirse a Pronto Power gratis hoy![:]","og_url":"https:\/\/powermepronto.com\/cheaper-than-all-other-electric-companies-in-trophy-club\/","og_site_name":"Pronto Power","article_modified_time":"2022-12-21T10:13:28+00:00","og_image":[{"url":"https:\/\/www.powermepronto.com\/wp-content\/uploads\/2018\/07\/bigstock-Cf-Dollar-2863411-300x203.jpg","type":"","width":"","height":""}],"twitter_card":"summary_large_image","twitter_misc":{"Tiempo de lectura":"4 minutos"},"schema":{"@context":"https:\/\/schema.org","@graph":[{"@type":"WebPage","@id":"https:\/\/powermepronto.com\/cheaper-than-all-other-electric-companies-in-trophy-club\/","url":"https:\/\/powermepronto.com\/cheaper-than-all-other-electric-companies-in-trophy-club\/","name":"[:en]Cheaper Than All Other Electric Companies in Trophy Club[:es]M\u00e1s barato que todas las otras empresas el\u00e9ctricas en Trophy Club[:] - Pronto Power","isPartOf":{"@id":"https:\/\/powermepronto.com\/en\/#website"},"primaryImageOfPage":{"@id":"https:\/\/powermepronto.com\/cheaper-than-all-other-electric-companies-in-trophy-club\/#primaryimage"},"image":{"@id":"https:\/\/powermepronto.com\/cheaper-than-all-other-electric-companies-in-trophy-club\/#primaryimage"},"thumbnailUrl":"https:\/\/www.powermepronto.com\/wp-content\/uploads\/2018\/07\/bigstock-Cf-Dollar-2863411-300x203.jpg","datePublished":"2020-07-01T15:44:28+00:00","dateModified":"2022-12-21T10:13:28+00:00","description":"[:en]No one in Trophy Club beats our cheap prepaid electric prices. No deposit. No contract. No hidden fees. Call 844.621.2852 to join Pronto Power free today![:es]Nadie en Trophy Club supera nuestros precios el\u00e9ctricos prepagos baratos. No hay dep\u00f3sito. Sin contrato. Sin cuotas escondidas. \u00a1Llame al 844.621.2852 para unirse a Pronto Power gratis hoy![:]","breadcrumb":{"@id":"https:\/\/powermepronto.com\/cheaper-than-all-other-electric-companies-in-trophy-club\/#breadcrumb"},"inLanguage":"es","potentialAction":[{"@type":"ReadAction","target":["https:\/\/powermepronto.com\/cheaper-than-all-other-electric-companies-in-trophy-club\/"]}]},{"@type":"ImageObject","inLanguage":"es","@id":"https:\/\/powermepronto.com\/cheaper-than-all-other-electric-companies-in-trophy-club\/#primaryimage","url":"https:\/\/www.powermepronto.com\/wp-content\/uploads\/2018\/07\/bigstock-Cf-Dollar-2863411-300x203.jpg","contentUrl":"https:\/\/www.powermepronto.com\/wp-content\/uploads\/2018\/07\/bigstock-Cf-Dollar-2863411-300x203.jpg"},{"@type":"BreadcrumbList","@id":"https:\/\/powermepronto.com\/cheaper-than-all-other-electric-companies-in-trophy-club\/#breadcrumb","itemListElement":[{"@type":"ListItem","position":1,"name":"Home","item":"https:\/\/powermepronto.com\/en\/"},{"@type":"ListItem","position":2,"name":"Cheaper Than All Other Electric Companies in Trophy Club"}]},{"@type":"WebSite","@id":"https:\/\/powermepronto.com\/en\/#website","url":"https:\/\/powermepronto.com\/en\/","name":"Pronto Power","description":"","potentialAction":[{"@type":"SearchAction","target":{"@type":"EntryPoint","urlTemplate":"https:\/\/powermepronto.com\/en\/?s={search_term_string}"},"query-input":{"@type":"PropertyValueSpecification","valueRequired":true,"valueName":"search_term_string"}}],"inLanguage":"es"}]}},"_links":{"self":[{"href":"https:\/\/powermepronto.com\/es\/wp-json\/wp\/v2\/pages\/2176","targetHints":{"allow":["GET"]}}],"collection":[{"href":"https:\/\/powermepronto.com\/es\/wp-json\/wp\/v2\/pages"}],"about":[{"href":"https:\/\/powermepronto.com\/es\/wp-json\/wp\/v2\/types\/page"}],"author":[{"embeddable":true,"href":"https:\/\/powermepronto.com\/es\/wp-json\/wp\/v2\/users\/1"}],"replies":[{"embeddable":true,"href":"https:\/\/powermepronto.com\/es\/wp-json\/wp\/v2\/comments?post=2176"}],"version-history":[{"count":4,"href":"https:\/\/powermepronto.com\/es\/wp-json\/wp\/v2\/pages\/2176\/revisions"}],"predecessor-version":[{"id":3487,"href":"https:\/\/powermepronto.com\/es\/wp-json\/wp\/v2\/pages\/2176\/revisions\/3487"}],"wp:attachment":[{"href":"https:\/\/powermepronto.com\/es\/wp-json\/wp\/v2\/media?parent=2176"}],"curies":[{"name":"wp","href":"https:\/\/api.w.org\/{rel}","templated":true}]}}