{"id":2070,"date":"2020-05-01T10:27:50","date_gmt":"2020-05-01T15:27:50","guid":{"rendered":"https:\/\/www.powermepronto.com\/?page_id=2070"},"modified":"2022-12-21T04:42:38","modified_gmt":"2022-12-21T10:42:38","slug":"get-the-cheapest-prepaid-no-deposit-electricity-in-mesquite","status":"publish","type":"page","link":"https:\/\/powermepronto.com\/es\/get-the-cheapest-prepaid-no-deposit-electricity-in-mesquite\/","title":{"rendered":"Obtenga la electricidad prepaga sin dep\u00f3sito m\u00e1s barata en Mesquite"},"content":{"rendered":"<p>Finalmente, un trato que realmente funciona para usted.<\/p>\n<p>Y no es broma porque cuando te unes a Pronto Power, no firmas un contrato.<\/p>\n<p>\u00a1Eso significa que su relaci\u00f3n con nosotros es 100% libre de riesgos porque puede cancelarla en cualquier momento y por cualquier motivo!<\/p>\n<p>\u00bfPor qu\u00e9 querr\u00edas unirte a Pronto Power de todos modos?<\/p>\n<p>Simple. Usted obtiene:<\/p>\n<ul>\n<li>La electricidad prepaga sin dep\u00f3sito m\u00e1s barata no solo en Mesquite, sino en todo Texas<\/li>\n<li>Servicio que no requiere verificaci\u00f3n de cr\u00e9dito o identificaci\u00f3n<\/li>\n<li>Tranquilidad porque nunca paga ninguna conexi\u00f3n, desconexi\u00f3n o tarifas ocultas<\/li>\n<li>Servicio sin problemas<\/li>\n<li>Servicio al cliente que no puede esperar para hacer su trabajo<\/li>\n<\/ul>\n<p>Finalmente, puede relajarse y no tener que preocuparse por jugar con su servicio de electricidad, \u00bfverdad?<\/p>\n<h2>\u00bfC\u00f3mo funciona Pronto Power en comparaci\u00f3n con otras compa\u00f1\u00edas el\u00e9ctricas de Texas?<\/h2>\n<p>Bueno, eso tambi\u00e9n es f\u00e1cil para ti.<\/p>\n<p>Luego, sigue agregando fondos, sin embargo, funciona mejor para usted: mensual, semanal o incluso diario si es necesario.<\/p>\n<p>Mientras mantenga el saldo de su cuenta positivo con un solo centavo, su electricidad permanecer\u00e1 encendida.<\/p>\n<p>Y si tiene problemas para pagar, no importa cu\u00e1n peligrosas sean sus circunstancias financieras, \u00a1simplemente comun\u00edquese con el servicio al cliente porque no pueden esperar para ayudarlo!<\/p>\n<h2>Adem\u00e1s, ahorre un 20% adicional en el poder sin dep\u00f3sito m\u00e1s barato en Mesquite<\/h2>\n<p>\u00bfC\u00f3mo?<\/p>\n<p>Cuando se une a Pronto Power, obtiene acceso a nuestra herramienta de monitoreo de electricidad en l\u00ednea. Muestra exactamente c\u00f3mo est\u00e1 utilizando la electricidad en este mismo momento.<\/p>\n<p>Muchos clientes usan esta informaci\u00f3n para cambiar su comportamiento y ahorrar un 20% adicional en sus facturas de electricidad.<\/p>\n<p>\u00a1Y algunos incluso ahorran mucho m\u00e1s!<\/p>\n<h2>Mejor que todas las otras compa\u00f1\u00edas el\u00e9ctricas baratas: \u00fanase a Pronto Power en una hora<\/h2>\n<p>Si. Puede unirse a Pronto Power en una hora.<\/p>\n<p>Y como no firma un contrato, puede cancelarlo en cualquier momento y por cualquier motivo.<\/p>\n<p>Entonces, no tienes nada que perder.<\/p>\n<p>\u00a1Pruebe Pronto Power y experimente las tarifas m\u00e1s baratas con ahorros incre\u00edbles y un excelente servicio al cliente!<\/p>\n<p>\u00a1Llame al <span class=\"affiliatecode\">844.621.2852<\/span> para unirse gratis dentro de una hora si su hogar tiene un medidor inteligente!<\/p>","protected":false},"excerpt":{"rendered":"<p>Finalmente, un trato que realmente funciona para usted. Y no es broma porque cuando te unes a Pronto Power, no firmas un contrato. \u00a1Eso significa que su relaci\u00f3n con nosotros es 100% libre de riesgos porque puede cancelarla en cualquier momento y por cualquier motivo! \u00bfPor qu\u00e9 querr\u00edas unirte a Pronto Power de todos modos? &hellip; <a href=\"https:\/\/powermepronto.com\/es\/get-the-cheapest-prepaid-no-deposit-electricity-in-mesquite\/\" class=\"more-link\">Continue reading <span class=\"screen-reader-text\">Obtenga la electricidad prepaga sin dep\u00f3sito m\u00e1s barata en Mesquite<\/span><\/a><\/p>\n","protected":false},"author":1,"featured_media":0,"parent":0,"menu_order":0,"comment_status":"closed","ping_status":"closed","template":"","meta":{"_acf_changed":false,"_glsr_average":0,"_glsr_ranking":0,"_glsr_reviews":0,"footnotes":"","_links_to":"","_links_to_target":""},"class_list":["post-2070","page","type-page","status-publish","hentry"],"acf":[],"yoast_head":"<!-- This site is optimized with the Yoast SEO plugin v27.4 - https:\/\/yoast.com\/product\/yoast-seo-wordpress\/ -->\n<title>Obtenga la electricidad prepaga sin dep\u00f3sito m\u00e1s barata en Mesquite - Pronto Power<\/title>\n<meta name=\"description\" content=\"[:en]No one in Mesquite beats our prepaid, no-deposit electric prices. No contract. No hidden fees. No deposit. Call 844.621.2852 to join Pronto Power free today![:es]Nadie en Mesquite supera nuestros precios de prepago, sin dep\u00f3sito de electricidad. Sin contrato. Sin cuotas escondidas. No hay dep\u00f3sito. \u00a1Llame al 844.621.2852 para unirse a Pronto Power gratis hoy![:]\" \/>\n<meta name=\"robots\" content=\"index, follow, max-snippet:-1, max-image-preview:large, max-video-preview:-1\" \/>\n<link rel=\"canonical\" href=\"https:\/\/powermepronto.com\/get-the-cheapest-prepaid-no-deposit-electricity-in-mesquite\/\" \/>\n<meta property=\"og:locale\" content=\"es_ES\" \/>\n<meta property=\"og:type\" content=\"article\" \/>\n<meta property=\"og:title\" content=\"[:en]Get The Cheapest Prepaid No-Deposit Electricity in Mesquite[:es]Obtenga la electricidad prepaga sin dep\u00f3sito m\u00e1s barata en Mesquite[:] - Pronto Power\" \/>\n<meta property=\"og:description\" content=\"[:en]No one in Mesquite beats our prepaid, no-deposit electric prices. No contract. No hidden fees. No deposit. Call 844.621.2852 to join Pronto Power free today![:es]Nadie en Mesquite supera nuestros precios de prepago, sin dep\u00f3sito de electricidad. Sin contrato. Sin cuotas escondidas. No hay dep\u00f3sito. \u00a1Llame al 844.621.2852 para unirse a Pronto Power gratis hoy![:]\" \/>\n<meta property=\"og:url\" content=\"https:\/\/powermepronto.com\/get-the-cheapest-prepaid-no-deposit-electricity-in-mesquite\/\" \/>\n<meta property=\"og:site_name\" content=\"Pronto Power\" \/>\n<meta property=\"article:modified_time\" content=\"2022-12-21T10:42:38+00:00\" \/>\n<meta name=\"twitter:card\" content=\"summary_large_image\" \/>\n<meta name=\"twitter:label1\" content=\"Tiempo de lectura\" \/>\n\t<meta name=\"twitter:data1\" content=\"4 minutos\" \/>\n<script type=\"application\/ld+json\" class=\"yoast-schema-graph\">{\"@context\":\"https:\\\/\\\/schema.org\",\"@graph\":[{\"@type\":\"WebPage\",\"@id\":\"https:\\\/\\\/powermepronto.com\\\/get-the-cheapest-prepaid-no-deposit-electricity-in-mesquite\\\/\",\"url\":\"https:\\\/\\\/powermepronto.com\\\/get-the-cheapest-prepaid-no-deposit-electricity-in-mesquite\\\/\",\"name\":\"[:en]Get The Cheapest Prepaid No-Deposit Electricity in Mesquite[:es]Obtenga la electricidad prepaga sin dep\u00f3sito m\u00e1s barata en Mesquite[:] - Pronto Power\",\"isPartOf\":{\"@id\":\"https:\\\/\\\/powermepronto.com\\\/en\\\/#website\"},\"datePublished\":\"2020-05-01T15:27:50+00:00\",\"dateModified\":\"2022-12-21T10:42:38+00:00\",\"description\":\"[:en]No one in Mesquite beats our prepaid, no-deposit electric prices. No contract. No hidden fees. No deposit. Call 844.621.2852 to join Pronto Power free today![:es]Nadie en Mesquite supera nuestros precios de prepago, sin dep\u00f3sito de electricidad. Sin contrato. Sin cuotas escondidas. No hay dep\u00f3sito. \u00a1Llame al 844.621.2852 para unirse a Pronto Power gratis hoy![:]\",\"breadcrumb\":{\"@id\":\"https:\\\/\\\/powermepronto.com\\\/get-the-cheapest-prepaid-no-deposit-electricity-in-mesquite\\\/#breadcrumb\"},\"inLanguage\":\"es\",\"potentialAction\":[{\"@type\":\"ReadAction\",\"target\":[\"https:\\\/\\\/powermepronto.com\\\/get-the-cheapest-prepaid-no-deposit-electricity-in-mesquite\\\/\"]}]},{\"@type\":\"BreadcrumbList\",\"@id\":\"https:\\\/\\\/powermepronto.com\\\/get-the-cheapest-prepaid-no-deposit-electricity-in-mesquite\\\/#breadcrumb\",\"itemListElement\":[{\"@type\":\"ListItem\",\"position\":1,\"name\":\"Home\",\"item\":\"https:\\\/\\\/powermepronto.com\\\/en\\\/\"},{\"@type\":\"ListItem\",\"position\":2,\"name\":\"Get The Cheapest Prepaid No-Deposit Electricity in Mesquite\"}]},{\"@type\":\"WebSite\",\"@id\":\"https:\\\/\\\/powermepronto.com\\\/en\\\/#website\",\"url\":\"https:\\\/\\\/powermepronto.com\\\/en\\\/\",\"name\":\"Pronto Power\",\"description\":\"\",\"potentialAction\":[{\"@type\":\"SearchAction\",\"target\":{\"@type\":\"EntryPoint\",\"urlTemplate\":\"https:\\\/\\\/powermepronto.com\\\/en\\\/?s={search_term_string}\"},\"query-input\":{\"@type\":\"PropertyValueSpecification\",\"valueRequired\":true,\"valueName\":\"search_term_string\"}}],\"inLanguage\":\"es\"}]}<\/script>\n<!-- \/ Yoast SEO plugin. -->","yoast_head_json":{"title":"[:en]Get The Cheapest Prepaid No-Deposit Electricity in Mesquite[:es]Obtenga la electricidad prepaga sin dep\u00f3sito m\u00e1s barata en Mesquite[:] - Pronto Power","description":"[:en]No one in Mesquite beats our prepaid, no-deposit electric prices. No contract. No hidden fees. No deposit. Call 844.621.2852 to join Pronto Power free today![:es]Nadie en Mesquite supera nuestros precios de prepago, sin dep\u00f3sito de electricidad. Sin contrato. Sin cuotas escondidas. No hay dep\u00f3sito. \u00a1Llame al 844.621.2852 para unirse a Pronto Power gratis hoy![:]","robots":{"index":"index","follow":"follow","max-snippet":"max-snippet:-1","max-image-preview":"max-image-preview:large","max-video-preview":"max-video-preview:-1"},"canonical":"https:\/\/powermepronto.com\/get-the-cheapest-prepaid-no-deposit-electricity-in-mesquite\/","og_locale":"es_ES","og_type":"article","og_title":"[:en]Get The Cheapest Prepaid No-Deposit Electricity in Mesquite[:es]Obtenga la electricidad prepaga sin dep\u00f3sito m\u00e1s barata en Mesquite[:] - Pronto Power","og_description":"[:en]No one in Mesquite beats our prepaid, no-deposit electric prices. No contract. No hidden fees. No deposit. Call 844.621.2852 to join Pronto Power free today![:es]Nadie en Mesquite supera nuestros precios de prepago, sin dep\u00f3sito de electricidad. Sin contrato. Sin cuotas escondidas. No hay dep\u00f3sito. \u00a1Llame al 844.621.2852 para unirse a Pronto Power gratis hoy![:]","og_url":"https:\/\/powermepronto.com\/get-the-cheapest-prepaid-no-deposit-electricity-in-mesquite\/","og_site_name":"Pronto Power","article_modified_time":"2022-12-21T10:42:38+00:00","twitter_card":"summary_large_image","twitter_misc":{"Tiempo de lectura":"4 minutos"},"schema":{"@context":"https:\/\/schema.org","@graph":[{"@type":"WebPage","@id":"https:\/\/powermepronto.com\/get-the-cheapest-prepaid-no-deposit-electricity-in-mesquite\/","url":"https:\/\/powermepronto.com\/get-the-cheapest-prepaid-no-deposit-electricity-in-mesquite\/","name":"[:en]Get The Cheapest Prepaid No-Deposit Electricity in Mesquite[:es]Obtenga la electricidad prepaga sin dep\u00f3sito m\u00e1s barata en Mesquite[:] - Pronto Power","isPartOf":{"@id":"https:\/\/powermepronto.com\/en\/#website"},"datePublished":"2020-05-01T15:27:50+00:00","dateModified":"2022-12-21T10:42:38+00:00","description":"[:en]No one in Mesquite beats our prepaid, no-deposit electric prices. No contract. No hidden fees. No deposit. Call 844.621.2852 to join Pronto Power free today![:es]Nadie en Mesquite supera nuestros precios de prepago, sin dep\u00f3sito de electricidad. Sin contrato. Sin cuotas escondidas. No hay dep\u00f3sito. \u00a1Llame al 844.621.2852 para unirse a Pronto Power gratis hoy![:]","breadcrumb":{"@id":"https:\/\/powermepronto.com\/get-the-cheapest-prepaid-no-deposit-electricity-in-mesquite\/#breadcrumb"},"inLanguage":"es","potentialAction":[{"@type":"ReadAction","target":["https:\/\/powermepronto.com\/get-the-cheapest-prepaid-no-deposit-electricity-in-mesquite\/"]}]},{"@type":"BreadcrumbList","@id":"https:\/\/powermepronto.com\/get-the-cheapest-prepaid-no-deposit-electricity-in-mesquite\/#breadcrumb","itemListElement":[{"@type":"ListItem","position":1,"name":"Home","item":"https:\/\/powermepronto.com\/en\/"},{"@type":"ListItem","position":2,"name":"Get The Cheapest Prepaid No-Deposit Electricity in Mesquite"}]},{"@type":"WebSite","@id":"https:\/\/powermepronto.com\/en\/#website","url":"https:\/\/powermepronto.com\/en\/","name":"Pronto Power","description":"","potentialAction":[{"@type":"SearchAction","target":{"@type":"EntryPoint","urlTemplate":"https:\/\/powermepronto.com\/en\/?s={search_term_string}"},"query-input":{"@type":"PropertyValueSpecification","valueRequired":true,"valueName":"search_term_string"}}],"inLanguage":"es"}]}},"_links":{"self":[{"href":"https:\/\/powermepronto.com\/es\/wp-json\/wp\/v2\/pages\/2070","targetHints":{"allow":["GET"]}}],"collection":[{"href":"https:\/\/powermepronto.com\/es\/wp-json\/wp\/v2\/pages"}],"about":[{"href":"https:\/\/powermepronto.com\/es\/wp-json\/wp\/v2\/types\/page"}],"author":[{"embeddable":true,"href":"https:\/\/powermepronto.com\/es\/wp-json\/wp\/v2\/users\/1"}],"replies":[{"embeddable":true,"href":"https:\/\/powermepronto.com\/es\/wp-json\/wp\/v2\/comments?post=2070"}],"version-history":[{"count":4,"href":"https:\/\/powermepronto.com\/es\/wp-json\/wp\/v2\/pages\/2070\/revisions"}],"predecessor-version":[{"id":3516,"href":"https:\/\/powermepronto.com\/es\/wp-json\/wp\/v2\/pages\/2070\/revisions\/3516"}],"wp:attachment":[{"href":"https:\/\/powermepronto.com\/es\/wp-json\/wp\/v2\/media?parent=2070"}],"curies":[{"name":"wp","href":"https:\/\/api.w.org\/{rel}","templated":true}]}}