{"id":2066,"date":"2020-05-01T10:20:02","date_gmt":"2020-05-01T15:20:02","guid":{"rendered":"https:\/\/www.powermepronto.com\/?page_id=2066"},"modified":"2022-12-21T03:52:20","modified_gmt":"2022-12-21T09:52:20","slug":"in-your-pocket-with-the-cheapest-no-deposit-power-in-mcallen","status":"publish","type":"page","link":"https:\/\/powermepronto.com\/es\/in-your-pocket-with-the-cheapest-no-deposit-power-in-mcallen\/","title":{"rendered":"$$$ en su bolsillo con el poder sin dep\u00f3sito m\u00e1s barato en McAllen"},"content":{"rendered":"<p>\u00bfCansado de todas las compa\u00f1\u00edas el\u00e9ctricas de Texas que prometen ahorrarte dinero &#8230; solo para descubrir que una vez que firmas su contrato no hacen nada?<\/p>\n<p>Tarifas por conectar, desconectar y tomar su pago por tel\u00e9fono.<\/p>\n<p>Si quieres hacer algo, \u00a1tienes que pagar una tarifa!<\/p>\n<p>Bueno, no es as\u00ed con Pronto Power!<\/p>\n<p>&#8230; De hecho, nunca paga ninguna tarifa oculta. Y para demostrarlo, nunca firmas un contrato. Por lo tanto, eso significa que no tiene absolutamente ning\u00fan riesgo y puede abandonar Pronto Power en cualquier momento y por cualquier motivo.<\/p>\n<h2>\u00a1Pero no querr\u00e1s dejar Pronto Power!<\/h2>\n<p>\u00bfPor qu\u00e9?<\/p>\n<p>Porque t\u00fa:<\/p>\n<ul>\n<li>Obtenga las tarifas el\u00e9ctricas prepagas m\u00e1s baratas en Texas<\/li>\n<li>No tiene que pagar ning\u00fan dep\u00f3sito<\/li>\n<li>Nunca pague tarifas ocultas<\/li>\n<li>No tiene una verificaci\u00f3n de cr\u00e9dito o de identificaci\u00f3n<\/li>\n<li>No firmes un contrato<\/li>\n<li>Siempre obtenga un excelente servicio al cliente<\/li>\n<li>Nunca tenga problemas de ning\u00fan tipo<\/li>\n<\/ul>\n<p>En otras palabras, todo esto est\u00e1 simplemente disponible para usted cuando lo desee.<\/p>\n<h2>\u00bfC\u00f3mo funciona Pronto Power?<\/h2>\n<p>Es simple y f\u00e1cil.<\/p>\n<p>Luego, agrega fondos mensualmente, semanalmente o diariamente; sin embargo, funciona mejor para usted. Mientras mantenga el saldo de su cuenta positivo con solo un centavo por 1 PM cada d\u00eda, su electricidad permanecer\u00e1 encendida.<\/p>\n<p>Y, si tiene dificultades para pagar, comun\u00edquese con nuestro equipo de servicio al cliente. \u00a1Est\u00e1n felices de ayudarlo a superar incluso los problemas financieros m\u00e1s dif\u00edciles!<\/p>\n<h2>Adem\u00e1s, ahorre un 20% adicional frente a otras compa\u00f1\u00edas de energ\u00eda sin dep\u00f3sito<\/h2>\n<p>Si. Esto es 100% no es una broma. Cuando se une a Pronto Power, obtiene acceso a un servicio de monitoreo de consumo de electricidad en l\u00ednea.<\/p>\n<p>Le muestra exactamente c\u00f3mo usa la electricidad en el momento preciso en que la usa.<\/p>\n<p>\u00a1Muchos de nuestros clientes usan esta informaci\u00f3n para cambiar su comportamiento y ahorrar un 20% en la electricidad sin dep\u00f3sito ya m\u00e1s barata en Texas!<\/p>\n<p>\u00a1Algunos ahorran a\u00fan m\u00e1s!<\/p>\n<h2>\u00danase a Pronto Power Free hoy<\/h2>\n<p>Mira, no puedes encontrar una mejor oferta en ning\u00fan otro lado. Adem\u00e1s, no tiene ning\u00fan riesgo y puede cancelar en cualquier momento.<\/p>\n<p>\u00a1Entonces, llame a Pronto Power al <span class=\"affiliatecode\">844.621.2852<\/span> y \u00fanase gratis dentro de una hora si su hogar tiene un medidor inteligente!<\/p>","protected":false},"excerpt":{"rendered":"<p>\u00bfCansado de todas las compa\u00f1\u00edas el\u00e9ctricas de Texas que prometen ahorrarte dinero &#8230; solo para descubrir que una vez que firmas su contrato no hacen nada? Tarifas por conectar, desconectar y tomar su pago por tel\u00e9fono. Si quieres hacer algo, \u00a1tienes que pagar una tarifa! Bueno, no es as\u00ed con Pronto Power! &#8230; De hecho, &hellip; <a href=\"https:\/\/powermepronto.com\/es\/in-your-pocket-with-the-cheapest-no-deposit-power-in-mcallen\/\" class=\"more-link\">Continue reading <span class=\"screen-reader-text\">$$$ en su bolsillo con el poder sin dep\u00f3sito m\u00e1s barato en McAllen<\/span><\/a><\/p>\n","protected":false},"author":1,"featured_media":0,"parent":0,"menu_order":0,"comment_status":"closed","ping_status":"closed","template":"","meta":{"_acf_changed":false,"_glsr_average":0,"_glsr_ranking":0,"_glsr_reviews":0,"footnotes":"","_links_to":"","_links_to_target":""},"class_list":["post-2066","page","type-page","status-publish","hentry"],"acf":[],"yoast_head":"<!-- This site is optimized with the Yoast SEO plugin v27.4 - https:\/\/yoast.com\/product\/yoast-seo-wordpress\/ -->\n<title>$$$ en su bolsillo con el poder sin dep\u00f3sito m\u00e1s barato en McAllen - Pronto Power<\/title>\n<meta name=\"description\" content=\"[:en]No one in McAllen beats our prepaid, no-deposit electric prices. No contract. No hidden fees. No deposit. Call 844.621.2852 to join Pronto Power free today![:es]Nadie en McAllen supera nuestros precios de prepago, sin dep\u00f3sito de electricidad. Sin contrato. Sin cuotas escondidas. No hay dep\u00f3sito. \u00a1Llame al 844.621.2852 para unirse a Pronto Power gratis hoy![:]\" \/>\n<meta name=\"robots\" content=\"index, follow, max-snippet:-1, max-image-preview:large, max-video-preview:-1\" \/>\n<link rel=\"canonical\" href=\"https:\/\/powermepronto.com\/in-your-pocket-with-the-cheapest-no-deposit-power-in-mcallen\/\" \/>\n<meta property=\"og:locale\" content=\"es_ES\" \/>\n<meta property=\"og:type\" content=\"article\" \/>\n<meta property=\"og:title\" content=\"[:en]$$$ in Your Pocket with The Cheapest No-Deposit Power in McAllen[:es]$$$ en su bolsillo con el poder sin dep\u00f3sito m\u00e1s barato en McAllen[:] - Pronto Power\" \/>\n<meta property=\"og:description\" content=\"[:en]No one in McAllen beats our prepaid, no-deposit electric prices. No contract. No hidden fees. No deposit. Call 844.621.2852 to join Pronto Power free today![:es]Nadie en McAllen supera nuestros precios de prepago, sin dep\u00f3sito de electricidad. Sin contrato. Sin cuotas escondidas. No hay dep\u00f3sito. \u00a1Llame al 844.621.2852 para unirse a Pronto Power gratis hoy![:]\" \/>\n<meta property=\"og:url\" content=\"https:\/\/powermepronto.com\/in-your-pocket-with-the-cheapest-no-deposit-power-in-mcallen\/\" \/>\n<meta property=\"og:site_name\" content=\"Pronto Power\" \/>\n<meta property=\"article:modified_time\" content=\"2022-12-21T09:52:20+00:00\" \/>\n<meta name=\"twitter:card\" content=\"summary_large_image\" \/>\n<meta name=\"twitter:label1\" content=\"Tiempo de lectura\" \/>\n\t<meta name=\"twitter:data1\" content=\"4 minutos\" \/>\n<script type=\"application\/ld+json\" class=\"yoast-schema-graph\">{\"@context\":\"https:\\\/\\\/schema.org\",\"@graph\":[{\"@type\":\"WebPage\",\"@id\":\"https:\\\/\\\/powermepronto.com\\\/in-your-pocket-with-the-cheapest-no-deposit-power-in-mcallen\\\/\",\"url\":\"https:\\\/\\\/powermepronto.com\\\/in-your-pocket-with-the-cheapest-no-deposit-power-in-mcallen\\\/\",\"name\":\"[:en]$$$ in Your Pocket with The Cheapest No-Deposit Power in McAllen[:es]$$$ en su bolsillo con el poder sin dep\u00f3sito m\u00e1s barato en McAllen[:] - Pronto Power\",\"isPartOf\":{\"@id\":\"https:\\\/\\\/powermepronto.com\\\/en\\\/#website\"},\"datePublished\":\"2020-05-01T15:20:02+00:00\",\"dateModified\":\"2022-12-21T09:52:20+00:00\",\"description\":\"[:en]No one in McAllen beats our prepaid, no-deposit electric prices. No contract. No hidden fees. No deposit. Call 844.621.2852 to join Pronto Power free today![:es]Nadie en McAllen supera nuestros precios de prepago, sin dep\u00f3sito de electricidad. Sin contrato. Sin cuotas escondidas. No hay dep\u00f3sito. \u00a1Llame al 844.621.2852 para unirse a Pronto Power gratis hoy![:]\",\"breadcrumb\":{\"@id\":\"https:\\\/\\\/powermepronto.com\\\/in-your-pocket-with-the-cheapest-no-deposit-power-in-mcallen\\\/#breadcrumb\"},\"inLanguage\":\"es\",\"potentialAction\":[{\"@type\":\"ReadAction\",\"target\":[\"https:\\\/\\\/powermepronto.com\\\/in-your-pocket-with-the-cheapest-no-deposit-power-in-mcallen\\\/\"]}]},{\"@type\":\"BreadcrumbList\",\"@id\":\"https:\\\/\\\/powermepronto.com\\\/in-your-pocket-with-the-cheapest-no-deposit-power-in-mcallen\\\/#breadcrumb\",\"itemListElement\":[{\"@type\":\"ListItem\",\"position\":1,\"name\":\"Home\",\"item\":\"https:\\\/\\\/powermepronto.com\\\/en\\\/\"},{\"@type\":\"ListItem\",\"position\":2,\"name\":\"$$$ in Your Pocket with The Cheapest No-Deposit Power in McAllen\"}]},{\"@type\":\"WebSite\",\"@id\":\"https:\\\/\\\/powermepronto.com\\\/en\\\/#website\",\"url\":\"https:\\\/\\\/powermepronto.com\\\/en\\\/\",\"name\":\"Pronto Power\",\"description\":\"\",\"potentialAction\":[{\"@type\":\"SearchAction\",\"target\":{\"@type\":\"EntryPoint\",\"urlTemplate\":\"https:\\\/\\\/powermepronto.com\\\/en\\\/?s={search_term_string}\"},\"query-input\":{\"@type\":\"PropertyValueSpecification\",\"valueRequired\":true,\"valueName\":\"search_term_string\"}}],\"inLanguage\":\"es\"}]}<\/script>\n<!-- \/ Yoast SEO plugin. -->","yoast_head_json":{"title":"[:en]$$$ in Your Pocket with The Cheapest No-Deposit Power in McAllen[:es]$$$ en su bolsillo con el poder sin dep\u00f3sito m\u00e1s barato en McAllen[:] - Pronto Power","description":"[:en]No one in McAllen beats our prepaid, no-deposit electric prices. No contract. No hidden fees. No deposit. Call 844.621.2852 to join Pronto Power free today![:es]Nadie en McAllen supera nuestros precios de prepago, sin dep\u00f3sito de electricidad. Sin contrato. Sin cuotas escondidas. No hay dep\u00f3sito. \u00a1Llame al 844.621.2852 para unirse a Pronto Power gratis hoy![:]","robots":{"index":"index","follow":"follow","max-snippet":"max-snippet:-1","max-image-preview":"max-image-preview:large","max-video-preview":"max-video-preview:-1"},"canonical":"https:\/\/powermepronto.com\/in-your-pocket-with-the-cheapest-no-deposit-power-in-mcallen\/","og_locale":"es_ES","og_type":"article","og_title":"[:en]$$$ in Your Pocket with The Cheapest No-Deposit Power in McAllen[:es]$$$ en su bolsillo con el poder sin dep\u00f3sito m\u00e1s barato en McAllen[:] - Pronto Power","og_description":"[:en]No one in McAllen beats our prepaid, no-deposit electric prices. No contract. No hidden fees. No deposit. Call 844.621.2852 to join Pronto Power free today![:es]Nadie en McAllen supera nuestros precios de prepago, sin dep\u00f3sito de electricidad. Sin contrato. Sin cuotas escondidas. No hay dep\u00f3sito. \u00a1Llame al 844.621.2852 para unirse a Pronto Power gratis hoy![:]","og_url":"https:\/\/powermepronto.com\/in-your-pocket-with-the-cheapest-no-deposit-power-in-mcallen\/","og_site_name":"Pronto Power","article_modified_time":"2022-12-21T09:52:20+00:00","twitter_card":"summary_large_image","twitter_misc":{"Tiempo de lectura":"4 minutos"},"schema":{"@context":"https:\/\/schema.org","@graph":[{"@type":"WebPage","@id":"https:\/\/powermepronto.com\/in-your-pocket-with-the-cheapest-no-deposit-power-in-mcallen\/","url":"https:\/\/powermepronto.com\/in-your-pocket-with-the-cheapest-no-deposit-power-in-mcallen\/","name":"[:en]$$$ in Your Pocket with The Cheapest No-Deposit Power in McAllen[:es]$$$ en su bolsillo con el poder sin dep\u00f3sito m\u00e1s barato en McAllen[:] - Pronto Power","isPartOf":{"@id":"https:\/\/powermepronto.com\/en\/#website"},"datePublished":"2020-05-01T15:20:02+00:00","dateModified":"2022-12-21T09:52:20+00:00","description":"[:en]No one in McAllen beats our prepaid, no-deposit electric prices. No contract. No hidden fees. No deposit. Call 844.621.2852 to join Pronto Power free today![:es]Nadie en McAllen supera nuestros precios de prepago, sin dep\u00f3sito de electricidad. Sin contrato. Sin cuotas escondidas. No hay dep\u00f3sito. \u00a1Llame al 844.621.2852 para unirse a Pronto Power gratis hoy![:]","breadcrumb":{"@id":"https:\/\/powermepronto.com\/in-your-pocket-with-the-cheapest-no-deposit-power-in-mcallen\/#breadcrumb"},"inLanguage":"es","potentialAction":[{"@type":"ReadAction","target":["https:\/\/powermepronto.com\/in-your-pocket-with-the-cheapest-no-deposit-power-in-mcallen\/"]}]},{"@type":"BreadcrumbList","@id":"https:\/\/powermepronto.com\/in-your-pocket-with-the-cheapest-no-deposit-power-in-mcallen\/#breadcrumb","itemListElement":[{"@type":"ListItem","position":1,"name":"Home","item":"https:\/\/powermepronto.com\/en\/"},{"@type":"ListItem","position":2,"name":"$$$ in Your Pocket with The Cheapest No-Deposit Power in McAllen"}]},{"@type":"WebSite","@id":"https:\/\/powermepronto.com\/en\/#website","url":"https:\/\/powermepronto.com\/en\/","name":"Pronto Power","description":"","potentialAction":[{"@type":"SearchAction","target":{"@type":"EntryPoint","urlTemplate":"https:\/\/powermepronto.com\/en\/?s={search_term_string}"},"query-input":{"@type":"PropertyValueSpecification","valueRequired":true,"valueName":"search_term_string"}}],"inLanguage":"es"}]}},"_links":{"self":[{"href":"https:\/\/powermepronto.com\/es\/wp-json\/wp\/v2\/pages\/2066","targetHints":{"allow":["GET"]}}],"collection":[{"href":"https:\/\/powermepronto.com\/es\/wp-json\/wp\/v2\/pages"}],"about":[{"href":"https:\/\/powermepronto.com\/es\/wp-json\/wp\/v2\/types\/page"}],"author":[{"embeddable":true,"href":"https:\/\/powermepronto.com\/es\/wp-json\/wp\/v2\/users\/1"}],"replies":[{"embeddable":true,"href":"https:\/\/powermepronto.com\/es\/wp-json\/wp\/v2\/comments?post=2066"}],"version-history":[{"count":4,"href":"https:\/\/powermepronto.com\/es\/wp-json\/wp\/v2\/pages\/2066\/revisions"}],"predecessor-version":[{"id":3467,"href":"https:\/\/powermepronto.com\/es\/wp-json\/wp\/v2\/pages\/2066\/revisions\/3467"}],"wp:attachment":[{"href":"https:\/\/powermepronto.com\/es\/wp-json\/wp\/v2\/media?parent=2066"}],"curies":[{"name":"wp","href":"https:\/\/api.w.org\/{rel}","templated":true}]}}